{"id":29330,"date":"2024-01-08T11:16:36","date_gmt":"2024-01-10T11:33:54","guid":{"rendered":"https:\/\/naturalpoland.com\/produkty\/Ei-luokiteltu\/hydroksipropyylitetrahydropyranrioli\/"},"modified":"2024-01-10T12:33:54","modified_gmt":"2024-01-10T11:33:54","slug":"hydroksipropyylitetrahydropyranrioli","status":"publish","type":"product","link":"https:\/\/naturalpoland.com\/fi\/tuotteet\/kosmetiikkateollisuuden-tuotteet\/peptidit\/hydroksipropyylitetrahydropyranrioli\/","title":{"rendered":"Hydroksipropyylitetrahydropyranrioli"},"content":{"rendered":"<h2><strong>Vaikutusmekanismi:<\/strong><\/h2>\n<p>Hydroksipropyylitetrahydropyrantrioli vaikuttaa stimuloimalla solunulkoisen matriisin synteesi\u00e4. Sen vaikutuksiin kuuluu glykosaminoglykaanien (GAG) muodostumisen indusointi epidermiksess\u00e4, tyypin IV ja VII kollageenin tuotannon kiihdytt\u00e4minen dermiksen soluissa sek\u00e4 dermiksen ja epidermiksen v\u00e4lisen yhteyden vahvistaminen. T\u00e4m\u00e4 ainesosa parantaa tehokkaasti ihon kiinnittymist\u00e4, mik\u00e4 lis\u00e4\u00e4 ihon kiinteytt\u00e4 ja kimmoisuutta.<\/p>\n<h2><strong>Kokeiluja tehokkuudesta:<\/strong><\/h2>\n<p>Hunter Biotechin raportin mukaan hydroksipropyylitetrahydropyrantriolin k\u00e4yt\u00f6n havaittiin lis\u00e4\u00e4v\u00e4n merkitt\u00e4v\u00e4sti tyypin I kollageenin esiasteen ilmentymist\u00e4 kontrolliryhm\u00e4\u00e4n verrattuna, mik\u00e4 osoittaa t\u00e4m\u00e4n aineen ryppyj\u00e4 ehk\u00e4isev\u00e4n tehon.<\/p>\n<h2><strong>Sovellukset:<\/strong><\/h2>\n<p>Hydroksipropyylitetrahydropyrantriolia k\u00e4ytet\u00e4\u00e4n monissa <strong>kosmetiikka- ja hygieniatuotteissa<\/strong>. Sit\u00e4 suositellaan k\u00e4ytett\u00e4v\u00e4ksi erityisesti tuotteissa, kuten p\u00e4iv\u00e4- ja y\u00f6voiteissa, silm\u00e4nymp\u00e4rysseerumeissa sek\u00e4 voiteissa ja muissa kosteusvoiteissa. Sen ik\u00e4\u00e4ntymist\u00e4 est\u00e4v\u00e4t, kosteuttavat ja kiinteytt\u00e4v\u00e4t vaikutukset tekev\u00e4t siit\u00e4 ensisijaisen ainesosan kosmetiikan valmistajille, jotka etsiv\u00e4t tehokkaita ja innovatiivisia ihonhoitoratkaisuja.<\/p>\n<h2><strong>Suositellaan keskittymist\u00e4:<\/strong><\/h2>\n<p>Hydroksipropyylitetrahydropyrantriolin suositeltu pitoisuus kosmeettisissa valmisteissa vaihtelee 0,1 %:sta 10 %:iin, jolloin formulaatio voidaan r\u00e4\u00e4t\u00e4l\u00f6id\u00e4 yksil\u00f6llisten tarpeiden ja tuotetavoitteiden mukaan.<\/p>\n","protected":false},"excerpt":{"rendered":"<p>Hydroksipropyylitetrahydropyrantrioli, joka tunnetaan my\u00f6s kauppanimell\u00e4 HYDROXYPROPYL TETRAHYDROPYRANTRIOL, on innovatiivinen vaikuttava aine, jonka korkea puhtausaste on yli 98 % ja joka on tuotettu biologisella fermentoinnilla. Sit\u00e4 k\u00e4ytet\u00e4\u00e4n yleisesti kosmetiikkateollisuudessa sen poikkeuksellisten ihoa uudistavien ja nuorentavien ominaisuuksien vuoksi.<\/p>\n","protected":false},"featured_media":29284,"template":"","meta":[],"product_brand":[],"product_cat":[2490],"product_tag":[],"class_list":{"0":"post-29330","1":"product","2":"type-product","3":"status-publish","4":"has-post-thumbnail","6":"product_cat-peptidit","7":"pa_metoda-pozyskiwania-biologinen-kayminen","9":"first","10":"instock","11":"shipping-taxable","12":"product-type-simple"},"yoast_head":"<!-- This site is optimized with the Yoast SEO plugin v27.4 - https:\/\/yoast.com\/product\/yoast-seo-wordpress\/ -->\n<title>Hydroksipropyylitetrahydropyranrioli - Tukkudistribuutio<\/title>\n<meta name=\"description\" content=\"Hydroksipropyylitetrahydropyrantrioli on edistyksellinen aktiivinen ainesosa, joka on arvokas lis\u00e4 moniin kosmetiikkatuotteisiin.\" \/>\n<meta name=\"robots\" content=\"index, follow, max-snippet:-1, max-image-preview:large, max-video-preview:-1\" \/>\n<link rel=\"canonical\" href=\"https:\/\/naturalpoland.com\/fi\/tuotteet\/kosmetiikkateollisuuden-tuotteet\/peptidit\/hydroksipropyylitetrahydropyranrioli\/\" \/>\n<meta property=\"og:locale\" content=\"fi_FI\" \/>\n<meta property=\"og:type\" content=\"article\" \/>\n<meta property=\"og:title\" content=\"Hydroksipropyylitetrahydropyranrioli - Tukkudistribuutio\" \/>\n<meta property=\"og:description\" content=\"Hydroksipropyylitetrahydropyrantrioli on edistyksellinen aktiivinen ainesosa, joka on arvokas lis\u00e4 moniin kosmetiikkatuotteisiin.\" \/>\n<meta property=\"og:url\" content=\"https:\/\/naturalpoland.com\/fi\/tuotteet\/kosmetiikkateollisuuden-tuotteet\/peptidit\/hydroksipropyylitetrahydropyranrioli\/\" \/>\n<meta property=\"og:site_name\" content=\"NATURAL POLAND - RAAKA-AINEIDEN TUKKUJAKELIJA\" \/>\n<meta property=\"article:publisher\" content=\"https:\/\/www.facebook.com\/naturalpoland.b2b\" \/>\n<meta property=\"og:image\" content=\"https:\/\/naturalpoland.com\/wp-content\/uploads\/hydroxypropyl_tetrahydropyrantriol.webp\" \/>\n\t<meta property=\"og:image:width\" content=\"618\" \/>\n\t<meta property=\"og:image:height\" content=\"618\" \/>\n\t<meta property=\"og:image:type\" content=\"image\/webp\" \/>\n<script type=\"application\/ld+json\" class=\"yoast-schema-graph\">{\"@context\":\"https:\\\/\\\/schema.org\",\"@graph\":[{\"@type\":\"WebPage\",\"@id\":\"https:\\\/\\\/naturalpoland.com\\\/fi\\\/tuotteet\\\/kosmetiikkateollisuuden-tuotteet\\\/peptidit\\\/hydroksipropyylitetrahydropyranrioli\\\/\",\"url\":\"https:\\\/\\\/naturalpoland.com\\\/fi\\\/tuotteet\\\/kosmetiikkateollisuuden-tuotteet\\\/peptidit\\\/hydroksipropyylitetrahydropyranrioli\\\/\",\"name\":\"Hydroksipropyylitetrahydropyranrioli - Tukkudistribuutio\",\"isPartOf\":{\"@id\":\"https:\\\/\\\/naturalpoland.com\\\/fi\\\/#website\"},\"primaryImageOfPage\":{\"@id\":\"https:\\\/\\\/naturalpoland.com\\\/fi\\\/tuotteet\\\/kosmetiikkateollisuuden-tuotteet\\\/peptidit\\\/hydroksipropyylitetrahydropyranrioli\\\/#primaryimage\"},\"image\":{\"@id\":\"https:\\\/\\\/naturalpoland.com\\\/fi\\\/tuotteet\\\/kosmetiikkateollisuuden-tuotteet\\\/peptidit\\\/hydroksipropyylitetrahydropyranrioli\\\/#primaryimage\"},\"thumbnailUrl\":\"https:\\\/\\\/naturalpoland.com\\\/wp-content\\\/uploads\\\/hydroxypropyl_tetrahydropyrantriol.webp\",\"datePublished\":\"2024-01-10T11:33:54+00:00\",\"description\":\"Hydroksipropyylitetrahydropyrantrioli on edistyksellinen aktiivinen ainesosa, joka on arvokas lis\u00e4 moniin kosmetiikkatuotteisiin.\",\"breadcrumb\":{\"@id\":\"https:\\\/\\\/naturalpoland.com\\\/fi\\\/tuotteet\\\/kosmetiikkateollisuuden-tuotteet\\\/peptidit\\\/hydroksipropyylitetrahydropyranrioli\\\/#breadcrumb\"},\"inLanguage\":\"fi\",\"potentialAction\":[{\"@type\":\"ReadAction\",\"target\":[\"https:\\\/\\\/naturalpoland.com\\\/fi\\\/tuotteet\\\/kosmetiikkateollisuuden-tuotteet\\\/peptidit\\\/hydroksipropyylitetrahydropyranrioli\\\/\"]}]},{\"@type\":\"ImageObject\",\"inLanguage\":\"fi\",\"@id\":\"https:\\\/\\\/naturalpoland.com\\\/fi\\\/tuotteet\\\/kosmetiikkateollisuuden-tuotteet\\\/peptidit\\\/hydroksipropyylitetrahydropyranrioli\\\/#primaryimage\",\"url\":\"https:\\\/\\\/naturalpoland.com\\\/wp-content\\\/uploads\\\/hydroxypropyl_tetrahydropyrantriol.webp\",\"contentUrl\":\"https:\\\/\\\/naturalpoland.com\\\/wp-content\\\/uploads\\\/hydroxypropyl_tetrahydropyrantriol.webp\",\"width\":618,\"height\":618,\"caption\":\"HYDROKSIPROPYYLI_TETRAHYDROPYRANTRIOLI\"},{\"@type\":\"BreadcrumbList\",\"@id\":\"https:\\\/\\\/naturalpoland.com\\\/fi\\\/tuotteet\\\/kosmetiikkateollisuuden-tuotteet\\\/peptidit\\\/hydroksipropyylitetrahydropyranrioli\\\/#breadcrumb\",\"itemListElement\":[{\"@type\":\"ListItem\",\"position\":1,\"name\":\"Etusivu\",\"item\":\"https:\\\/\\\/naturalpoland.com\\\/fi\\\/\"},{\"@type\":\"ListItem\",\"position\":2,\"name\":\"Tuotteet\",\"item\":\"https:\\\/\\\/naturalpoland.com\\\/fi\\\/tuotteet\\\/\"},{\"@type\":\"ListItem\",\"position\":3,\"name\":\"Hydroksipropyylitetrahydropyranrioli\"}]},{\"@type\":\"WebSite\",\"@id\":\"https:\\\/\\\/naturalpoland.com\\\/fi\\\/#website\",\"url\":\"https:\\\/\\\/naturalpoland.com\\\/fi\\\/\",\"name\":\"NATURAL POLAND - RAAKA-AINEIDEN TUKKUJAKELIJA\",\"description\":\"Surowce dla przemys\u0142u spo\u017cywczego, kosmetycznego i farmaceutycznego\",\"publisher\":{\"@id\":\"https:\\\/\\\/naturalpoland.com\\\/fi\\\/#organization\"},\"potentialAction\":[{\"@type\":\"SearchAction\",\"target\":{\"@type\":\"EntryPoint\",\"urlTemplate\":\"https:\\\/\\\/naturalpoland.com\\\/fi\\\/?s={search_term_string}\"},\"query-input\":{\"@type\":\"PropertyValueSpecification\",\"valueRequired\":true,\"valueName\":\"search_term_string\"}}],\"inLanguage\":\"fi\"},{\"@type\":\"Organization\",\"@id\":\"https:\\\/\\\/naturalpoland.com\\\/fi\\\/#organization\",\"name\":\"Natural Poland\",\"url\":\"https:\\\/\\\/naturalpoland.com\\\/fi\\\/\",\"logo\":{\"@type\":\"ImageObject\",\"inLanguage\":\"fi\",\"@id\":\"https:\\\/\\\/naturalpoland.com\\\/fi\\\/#\\\/schema\\\/logo\\\/image\\\/\",\"url\":\"https:\\\/\\\/naturalpoland.com\\\/wp-content\\\/uploads\\\/2021\\\/05\\\/natural-poland-icon.png\",\"contentUrl\":\"https:\\\/\\\/naturalpoland.com\\\/wp-content\\\/uploads\\\/2021\\\/05\\\/natural-poland-icon.png\",\"width\":512,\"height\":512,\"caption\":\"Natural Poland\"},\"image\":{\"@id\":\"https:\\\/\\\/naturalpoland.com\\\/fi\\\/#\\\/schema\\\/logo\\\/image\\\/\"},\"sameAs\":[\"https:\\\/\\\/www.facebook.com\\\/naturalpoland.b2b\",\"https:\\\/\\\/pl.linkedin.com\\\/company\\\/natural-poland\",\"https:\\\/\\\/www.youtube.com\\\/channel\\\/UCgeGGkvOMahZo-xu_MSEWxg\"]}]}<\/script>\n<!-- \/ Yoast SEO plugin. -->","yoast_head_json":{"title":"Hydroksipropyylitetrahydropyranrioli - Tukkudistribuutio","description":"Hydroksipropyylitetrahydropyrantrioli on edistyksellinen aktiivinen ainesosa, joka on arvokas lis\u00e4 moniin kosmetiikkatuotteisiin.","robots":{"index":"index","follow":"follow","max-snippet":"max-snippet:-1","max-image-preview":"max-image-preview:large","max-video-preview":"max-video-preview:-1"},"canonical":"https:\/\/naturalpoland.com\/fi\/tuotteet\/kosmetiikkateollisuuden-tuotteet\/peptidit\/hydroksipropyylitetrahydropyranrioli\/","og_locale":"fi_FI","og_type":"article","og_title":"Hydroksipropyylitetrahydropyranrioli - Tukkudistribuutio","og_description":"Hydroksipropyylitetrahydropyrantrioli on edistyksellinen aktiivinen ainesosa, joka on arvokas lis\u00e4 moniin kosmetiikkatuotteisiin.","og_url":"https:\/\/naturalpoland.com\/fi\/tuotteet\/kosmetiikkateollisuuden-tuotteet\/peptidit\/hydroksipropyylitetrahydropyranrioli\/","og_site_name":"NATURAL POLAND - RAAKA-AINEIDEN TUKKUJAKELIJA","article_publisher":"https:\/\/www.facebook.com\/naturalpoland.b2b","og_image":[{"width":618,"height":618,"url":"https:\/\/naturalpoland.com\/wp-content\/uploads\/hydroxypropyl_tetrahydropyrantriol.webp","type":"image\/webp"}],"schema":{"@context":"https:\/\/schema.org","@graph":[{"@type":"WebPage","@id":"https:\/\/naturalpoland.com\/fi\/tuotteet\/kosmetiikkateollisuuden-tuotteet\/peptidit\/hydroksipropyylitetrahydropyranrioli\/","url":"https:\/\/naturalpoland.com\/fi\/tuotteet\/kosmetiikkateollisuuden-tuotteet\/peptidit\/hydroksipropyylitetrahydropyranrioli\/","name":"Hydroksipropyylitetrahydropyranrioli - Tukkudistribuutio","isPartOf":{"@id":"https:\/\/naturalpoland.com\/fi\/#website"},"primaryImageOfPage":{"@id":"https:\/\/naturalpoland.com\/fi\/tuotteet\/kosmetiikkateollisuuden-tuotteet\/peptidit\/hydroksipropyylitetrahydropyranrioli\/#primaryimage"},"image":{"@id":"https:\/\/naturalpoland.com\/fi\/tuotteet\/kosmetiikkateollisuuden-tuotteet\/peptidit\/hydroksipropyylitetrahydropyranrioli\/#primaryimage"},"thumbnailUrl":"https:\/\/naturalpoland.com\/wp-content\/uploads\/hydroxypropyl_tetrahydropyrantriol.webp","datePublished":"2024-01-10T11:33:54+00:00","description":"Hydroksipropyylitetrahydropyrantrioli on edistyksellinen aktiivinen ainesosa, joka on arvokas lis\u00e4 moniin kosmetiikkatuotteisiin.","breadcrumb":{"@id":"https:\/\/naturalpoland.com\/fi\/tuotteet\/kosmetiikkateollisuuden-tuotteet\/peptidit\/hydroksipropyylitetrahydropyranrioli\/#breadcrumb"},"inLanguage":"fi","potentialAction":[{"@type":"ReadAction","target":["https:\/\/naturalpoland.com\/fi\/tuotteet\/kosmetiikkateollisuuden-tuotteet\/peptidit\/hydroksipropyylitetrahydropyranrioli\/"]}]},{"@type":"ImageObject","inLanguage":"fi","@id":"https:\/\/naturalpoland.com\/fi\/tuotteet\/kosmetiikkateollisuuden-tuotteet\/peptidit\/hydroksipropyylitetrahydropyranrioli\/#primaryimage","url":"https:\/\/naturalpoland.com\/wp-content\/uploads\/hydroxypropyl_tetrahydropyrantriol.webp","contentUrl":"https:\/\/naturalpoland.com\/wp-content\/uploads\/hydroxypropyl_tetrahydropyrantriol.webp","width":618,"height":618,"caption":"HYDROKSIPROPYYLI_TETRAHYDROPYRANTRIOLI"},{"@type":"BreadcrumbList","@id":"https:\/\/naturalpoland.com\/fi\/tuotteet\/kosmetiikkateollisuuden-tuotteet\/peptidit\/hydroksipropyylitetrahydropyranrioli\/#breadcrumb","itemListElement":[{"@type":"ListItem","position":1,"name":"Etusivu","item":"https:\/\/naturalpoland.com\/fi\/"},{"@type":"ListItem","position":2,"name":"Tuotteet","item":"https:\/\/naturalpoland.com\/fi\/tuotteet\/"},{"@type":"ListItem","position":3,"name":"Hydroksipropyylitetrahydropyranrioli"}]},{"@type":"WebSite","@id":"https:\/\/naturalpoland.com\/fi\/#website","url":"https:\/\/naturalpoland.com\/fi\/","name":"NATURAL POLAND - RAAKA-AINEIDEN TUKKUJAKELIJA","description":"Surowce dla przemys\u0142u spo\u017cywczego, kosmetycznego i farmaceutycznego","publisher":{"@id":"https:\/\/naturalpoland.com\/fi\/#organization"},"potentialAction":[{"@type":"SearchAction","target":{"@type":"EntryPoint","urlTemplate":"https:\/\/naturalpoland.com\/fi\/?s={search_term_string}"},"query-input":{"@type":"PropertyValueSpecification","valueRequired":true,"valueName":"search_term_string"}}],"inLanguage":"fi"},{"@type":"Organization","@id":"https:\/\/naturalpoland.com\/fi\/#organization","name":"Natural Poland","url":"https:\/\/naturalpoland.com\/fi\/","logo":{"@type":"ImageObject","inLanguage":"fi","@id":"https:\/\/naturalpoland.com\/fi\/#\/schema\/logo\/image\/","url":"https:\/\/naturalpoland.com\/wp-content\/uploads\/2021\/05\/natural-poland-icon.png","contentUrl":"https:\/\/naturalpoland.com\/wp-content\/uploads\/2021\/05\/natural-poland-icon.png","width":512,"height":512,"caption":"Natural Poland"},"image":{"@id":"https:\/\/naturalpoland.com\/fi\/#\/schema\/logo\/image\/"},"sameAs":["https:\/\/www.facebook.com\/naturalpoland.b2b","https:\/\/pl.linkedin.com\/company\/natural-poland","https:\/\/www.youtube.com\/channel\/UCgeGGkvOMahZo-xu_MSEWxg"]}]}},"_links":{"self":[{"href":"https:\/\/naturalpoland.com\/fi\/wp-json\/wp\/v2\/product\/29330","targetHints":{"allow":["GET"]}}],"collection":[{"href":"https:\/\/naturalpoland.com\/fi\/wp-json\/wp\/v2\/product"}],"about":[{"href":"https:\/\/naturalpoland.com\/fi\/wp-json\/wp\/v2\/types\/product"}],"wp:featuredmedia":[{"embeddable":true,"href":"https:\/\/naturalpoland.com\/fi\/wp-json\/wp\/v2\/media\/29284"}],"wp:attachment":[{"href":"https:\/\/naturalpoland.com\/fi\/wp-json\/wp\/v2\/media?parent=29330"}],"wp:term":[{"taxonomy":"product_brand","embeddable":true,"href":"https:\/\/naturalpoland.com\/fi\/wp-json\/wp\/v2\/product_brand?post=29330"},{"taxonomy":"product_cat","embeddable":true,"href":"https:\/\/naturalpoland.com\/fi\/wp-json\/wp\/v2\/product_cat?post=29330"},{"taxonomy":"product_tag","embeddable":true,"href":"https:\/\/naturalpoland.com\/fi\/wp-json\/wp\/v2\/product_tag?post=29330"}],"curies":[{"name":"wp","href":"https:\/\/api.w.org\/{rel}","templated":true}]}}