{"id":29338,"date":"2024-01-04T15:47:07","date_gmt":"2024-01-10T11:34:00","guid":{"rendered":"https:\/\/naturalpoland.com\/produkty\/Ei-luokiteltu\/asetyylitetrapeptidi-11\/"},"modified":"2024-01-10T12:34:00","modified_gmt":"2024-01-10T11:34:00","slug":"asetyylitetrapeptidi-11","status":"publish","type":"product","link":"https:\/\/naturalpoland.com\/fi\/tuotteet\/kosmetiikkateollisuuden-tuotteet\/peptidit\/asetyylitetrapeptidi-11\/","title":{"rendered":"Asetyylitetrapeptidi-11"},"content":{"rendered":"<p>Syndekaani-1 on keskeinen tekij\u00e4 epidermiksen oikean kiinnittymisen ja rakenteen yll\u00e4pit\u00e4misess\u00e4, mill\u00e4 on suora vaikutus sen terveeseen ulkon\u00e4k\u00f6\u00f6n ja kimmoisuuteen. Ominaisuuksiensa ansiosta tetrapeptidi-11:t\u00e4 k\u00e4ytet\u00e4\u00e4n aktiivisesti ik\u00e4\u00e4ntymist\u00e4 ja ryppyj\u00e4 ehk\u00e4isevien tuotteiden, kuten voiteiden, p\u00e4iv\u00e4- ja y\u00f6voiteiden ja silm\u00e4nymp\u00e4rysseerumien muotoilussa.<\/p>\n<p>Se stimuloi Syndecan-1:n tuotantoa, mik\u00e4 vahvistaa epidermissolujen v\u00e4lisi\u00e4 sidoksia, mik\u00e4 voi parantaa ihon kiinteytt\u00e4 ja kimmoisuutta. T\u00e4m\u00e4 tekee ihosta vastustuskykyisemm\u00e4n ulkoisille tekij\u00f6ille ja v\u00e4hemm\u00e4n alttiin ik\u00e4\u00e4ntymisprosessille. Tetrapeptidi-11:t\u00e4 sis\u00e4lt\u00e4vien tuotteiden s\u00e4\u00e4nn\u00f6llinen k\u00e4ytt\u00f6 voi auttaa silottamaan ryppyj\u00e4, parantamaan ihon rakennetta ja lis\u00e4\u00e4m\u00e4\u00e4n ihon kosteutta.<\/p>\n<p>T\u00e4t\u00e4 tuotetta suositellaan k\u00e4ytett\u00e4v\u00e4ksi pienin\u00e4 pitoisuuksina (0,000105-0,0165 %), ja sen tehokkuus on vahvistettu laboratoriotutkimuksissa. Asetyylitetrapeptidi-11 on turvallinen k\u00e4ytt\u00e4\u00e4 ja iho siet\u00e4\u00e4 sit\u00e4 hyvin, joten se on ihanteellinen ainesosa niille, jotka etsiv\u00e4t tehokkaita mutta hell\u00e4varaisia anti-aging-kosmeettisia ratkaisuja.<\/p>\n","protected":false},"excerpt":{"rendered":"<p>Asetyylitetrapeptidi-11, joka tunnetaan my\u00f6s nimell\u00e4 tetrapeptidi-11, on edistyksellinen kosmeettinen ainesosa, jonka p\u00e4\u00e4teht\u00e4v\u00e4n\u00e4 on edist\u00e4\u00e4 Syndecan-1:n synteesi\u00e4.<\/p>\n","protected":false},"featured_media":29171,"template":"","meta":[],"product_brand":[],"product_cat":[2490],"product_tag":[],"class_list":{"0":"post-29338","1":"product","2":"type-product","3":"status-publish","4":"has-post-thumbnail","6":"product_cat-peptidit","7":"pa_metoda-pozyskiwania-biologinen-kayminen","9":"first","10":"instock","11":"shipping-taxable","12":"product-type-simple"},"yoast_head":"<!-- This site is optimized with the Yoast SEO plugin v27.4 - https:\/\/yoast.com\/product\/yoast-seo-wordpress\/ -->\n<title>Asetyylitetrapeptidi-11 - Tukkudistribuutio<\/title>\n<meta name=\"description\" content=\"Asetyylitetrapeptidi-11 on edistyksellinen kosmeettinen ainesosa, jonka p\u00e4\u00e4teht\u00e4v\u00e4n\u00e4 on edist\u00e4\u00e4 syndekaani-1:n synteesi\u00e4.\" \/>\n<meta name=\"robots\" content=\"index, follow, max-snippet:-1, max-image-preview:large, max-video-preview:-1\" \/>\n<link rel=\"canonical\" href=\"https:\/\/naturalpoland.com\/fi\/tuotteet\/kosmetiikkateollisuuden-tuotteet\/peptidit\/asetyylitetrapeptidi-11\/\" \/>\n<meta property=\"og:locale\" content=\"fi_FI\" \/>\n<meta property=\"og:type\" content=\"article\" \/>\n<meta property=\"og:title\" content=\"Asetyylitetrapeptidi-11 - Tukkudistribuutio\" \/>\n<meta property=\"og:description\" content=\"Asetyylitetrapeptidi-11 on edistyksellinen kosmeettinen ainesosa, jonka p\u00e4\u00e4teht\u00e4v\u00e4n\u00e4 on edist\u00e4\u00e4 syndekaani-1:n synteesi\u00e4.\" \/>\n<meta property=\"og:url\" content=\"https:\/\/naturalpoland.com\/fi\/tuotteet\/kosmetiikkateollisuuden-tuotteet\/peptidit\/asetyylitetrapeptidi-11\/\" \/>\n<meta property=\"og:site_name\" content=\"NATURAL POLAND - RAAKA-AINEIDEN TUKKUJAKELIJA\" \/>\n<meta property=\"article:publisher\" content=\"https:\/\/www.facebook.com\/naturalpoland.b2b\" \/>\n<meta property=\"og:image\" content=\"https:\/\/naturalpoland.com\/wp-content\/uploads\/acetyl_tetrapeptide-11.webp\" \/>\n\t<meta property=\"og:image:width\" content=\"612\" \/>\n\t<meta property=\"og:image:height\" content=\"612\" \/>\n\t<meta property=\"og:image:type\" content=\"image\/webp\" \/>\n<script type=\"application\/ld+json\" class=\"yoast-schema-graph\">{\"@context\":\"https:\\\/\\\/schema.org\",\"@graph\":[{\"@type\":\"WebPage\",\"@id\":\"https:\\\/\\\/naturalpoland.com\\\/fi\\\/tuotteet\\\/kosmetiikkateollisuuden-tuotteet\\\/peptidit\\\/asetyylitetrapeptidi-11\\\/\",\"url\":\"https:\\\/\\\/naturalpoland.com\\\/fi\\\/tuotteet\\\/kosmetiikkateollisuuden-tuotteet\\\/peptidit\\\/asetyylitetrapeptidi-11\\\/\",\"name\":\"Asetyylitetrapeptidi-11 - Tukkudistribuutio\",\"isPartOf\":{\"@id\":\"https:\\\/\\\/naturalpoland.com\\\/fi\\\/#website\"},\"primaryImageOfPage\":{\"@id\":\"https:\\\/\\\/naturalpoland.com\\\/fi\\\/tuotteet\\\/kosmetiikkateollisuuden-tuotteet\\\/peptidit\\\/asetyylitetrapeptidi-11\\\/#primaryimage\"},\"image\":{\"@id\":\"https:\\\/\\\/naturalpoland.com\\\/fi\\\/tuotteet\\\/kosmetiikkateollisuuden-tuotteet\\\/peptidit\\\/asetyylitetrapeptidi-11\\\/#primaryimage\"},\"thumbnailUrl\":\"https:\\\/\\\/naturalpoland.com\\\/wp-content\\\/uploads\\\/acetyl_tetrapeptide-11.webp\",\"datePublished\":\"2024-01-10T11:34:00+00:00\",\"description\":\"Asetyylitetrapeptidi-11 on edistyksellinen kosmeettinen ainesosa, jonka p\u00e4\u00e4teht\u00e4v\u00e4n\u00e4 on edist\u00e4\u00e4 syndekaani-1:n synteesi\u00e4.\",\"breadcrumb\":{\"@id\":\"https:\\\/\\\/naturalpoland.com\\\/fi\\\/tuotteet\\\/kosmetiikkateollisuuden-tuotteet\\\/peptidit\\\/asetyylitetrapeptidi-11\\\/#breadcrumb\"},\"inLanguage\":\"fi\",\"potentialAction\":[{\"@type\":\"ReadAction\",\"target\":[\"https:\\\/\\\/naturalpoland.com\\\/fi\\\/tuotteet\\\/kosmetiikkateollisuuden-tuotteet\\\/peptidit\\\/asetyylitetrapeptidi-11\\\/\"]}]},{\"@type\":\"ImageObject\",\"inLanguage\":\"fi\",\"@id\":\"https:\\\/\\\/naturalpoland.com\\\/fi\\\/tuotteet\\\/kosmetiikkateollisuuden-tuotteet\\\/peptidit\\\/asetyylitetrapeptidi-11\\\/#primaryimage\",\"url\":\"https:\\\/\\\/naturalpoland.com\\\/wp-content\\\/uploads\\\/acetyl_tetrapeptide-11.webp\",\"contentUrl\":\"https:\\\/\\\/naturalpoland.com\\\/wp-content\\\/uploads\\\/acetyl_tetrapeptide-11.webp\",\"width\":612,\"height\":612,\"caption\":\"Asetyylitetrapeptidi-11\"},{\"@type\":\"BreadcrumbList\",\"@id\":\"https:\\\/\\\/naturalpoland.com\\\/fi\\\/tuotteet\\\/kosmetiikkateollisuuden-tuotteet\\\/peptidit\\\/asetyylitetrapeptidi-11\\\/#breadcrumb\",\"itemListElement\":[{\"@type\":\"ListItem\",\"position\":1,\"name\":\"Etusivu\",\"item\":\"https:\\\/\\\/naturalpoland.com\\\/fi\\\/\"},{\"@type\":\"ListItem\",\"position\":2,\"name\":\"Tuotteet\",\"item\":\"https:\\\/\\\/naturalpoland.com\\\/fi\\\/tuotteet\\\/\"},{\"@type\":\"ListItem\",\"position\":3,\"name\":\"Asetyylitetrapeptidi-11\"}]},{\"@type\":\"WebSite\",\"@id\":\"https:\\\/\\\/naturalpoland.com\\\/fi\\\/#website\",\"url\":\"https:\\\/\\\/naturalpoland.com\\\/fi\\\/\",\"name\":\"NATURAL POLAND - RAAKA-AINEIDEN TUKKUJAKELIJA\",\"description\":\"Surowce dla przemys\u0142u spo\u017cywczego, kosmetycznego i farmaceutycznego\",\"publisher\":{\"@id\":\"https:\\\/\\\/naturalpoland.com\\\/fi\\\/#organization\"},\"potentialAction\":[{\"@type\":\"SearchAction\",\"target\":{\"@type\":\"EntryPoint\",\"urlTemplate\":\"https:\\\/\\\/naturalpoland.com\\\/fi\\\/?s={search_term_string}\"},\"query-input\":{\"@type\":\"PropertyValueSpecification\",\"valueRequired\":true,\"valueName\":\"search_term_string\"}}],\"inLanguage\":\"fi\"},{\"@type\":\"Organization\",\"@id\":\"https:\\\/\\\/naturalpoland.com\\\/fi\\\/#organization\",\"name\":\"Natural Poland\",\"url\":\"https:\\\/\\\/naturalpoland.com\\\/fi\\\/\",\"logo\":{\"@type\":\"ImageObject\",\"inLanguage\":\"fi\",\"@id\":\"https:\\\/\\\/naturalpoland.com\\\/fi\\\/#\\\/schema\\\/logo\\\/image\\\/\",\"url\":\"https:\\\/\\\/naturalpoland.com\\\/wp-content\\\/uploads\\\/2021\\\/05\\\/natural-poland-icon.png\",\"contentUrl\":\"https:\\\/\\\/naturalpoland.com\\\/wp-content\\\/uploads\\\/2021\\\/05\\\/natural-poland-icon.png\",\"width\":512,\"height\":512,\"caption\":\"Natural Poland\"},\"image\":{\"@id\":\"https:\\\/\\\/naturalpoland.com\\\/fi\\\/#\\\/schema\\\/logo\\\/image\\\/\"},\"sameAs\":[\"https:\\\/\\\/www.facebook.com\\\/naturalpoland.b2b\",\"https:\\\/\\\/pl.linkedin.com\\\/company\\\/natural-poland\",\"https:\\\/\\\/www.youtube.com\\\/channel\\\/UCgeGGkvOMahZo-xu_MSEWxg\"]}]}<\/script>\n<!-- \/ Yoast SEO plugin. -->","yoast_head_json":{"title":"Asetyylitetrapeptidi-11 - Tukkudistribuutio","description":"Asetyylitetrapeptidi-11 on edistyksellinen kosmeettinen ainesosa, jonka p\u00e4\u00e4teht\u00e4v\u00e4n\u00e4 on edist\u00e4\u00e4 syndekaani-1:n synteesi\u00e4.","robots":{"index":"index","follow":"follow","max-snippet":"max-snippet:-1","max-image-preview":"max-image-preview:large","max-video-preview":"max-video-preview:-1"},"canonical":"https:\/\/naturalpoland.com\/fi\/tuotteet\/kosmetiikkateollisuuden-tuotteet\/peptidit\/asetyylitetrapeptidi-11\/","og_locale":"fi_FI","og_type":"article","og_title":"Asetyylitetrapeptidi-11 - Tukkudistribuutio","og_description":"Asetyylitetrapeptidi-11 on edistyksellinen kosmeettinen ainesosa, jonka p\u00e4\u00e4teht\u00e4v\u00e4n\u00e4 on edist\u00e4\u00e4 syndekaani-1:n synteesi\u00e4.","og_url":"https:\/\/naturalpoland.com\/fi\/tuotteet\/kosmetiikkateollisuuden-tuotteet\/peptidit\/asetyylitetrapeptidi-11\/","og_site_name":"NATURAL POLAND - RAAKA-AINEIDEN TUKKUJAKELIJA","article_publisher":"https:\/\/www.facebook.com\/naturalpoland.b2b","og_image":[{"width":612,"height":612,"url":"https:\/\/naturalpoland.com\/wp-content\/uploads\/acetyl_tetrapeptide-11.webp","type":"image\/webp"}],"schema":{"@context":"https:\/\/schema.org","@graph":[{"@type":"WebPage","@id":"https:\/\/naturalpoland.com\/fi\/tuotteet\/kosmetiikkateollisuuden-tuotteet\/peptidit\/asetyylitetrapeptidi-11\/","url":"https:\/\/naturalpoland.com\/fi\/tuotteet\/kosmetiikkateollisuuden-tuotteet\/peptidit\/asetyylitetrapeptidi-11\/","name":"Asetyylitetrapeptidi-11 - Tukkudistribuutio","isPartOf":{"@id":"https:\/\/naturalpoland.com\/fi\/#website"},"primaryImageOfPage":{"@id":"https:\/\/naturalpoland.com\/fi\/tuotteet\/kosmetiikkateollisuuden-tuotteet\/peptidit\/asetyylitetrapeptidi-11\/#primaryimage"},"image":{"@id":"https:\/\/naturalpoland.com\/fi\/tuotteet\/kosmetiikkateollisuuden-tuotteet\/peptidit\/asetyylitetrapeptidi-11\/#primaryimage"},"thumbnailUrl":"https:\/\/naturalpoland.com\/wp-content\/uploads\/acetyl_tetrapeptide-11.webp","datePublished":"2024-01-10T11:34:00+00:00","description":"Asetyylitetrapeptidi-11 on edistyksellinen kosmeettinen ainesosa, jonka p\u00e4\u00e4teht\u00e4v\u00e4n\u00e4 on edist\u00e4\u00e4 syndekaani-1:n synteesi\u00e4.","breadcrumb":{"@id":"https:\/\/naturalpoland.com\/fi\/tuotteet\/kosmetiikkateollisuuden-tuotteet\/peptidit\/asetyylitetrapeptidi-11\/#breadcrumb"},"inLanguage":"fi","potentialAction":[{"@type":"ReadAction","target":["https:\/\/naturalpoland.com\/fi\/tuotteet\/kosmetiikkateollisuuden-tuotteet\/peptidit\/asetyylitetrapeptidi-11\/"]}]},{"@type":"ImageObject","inLanguage":"fi","@id":"https:\/\/naturalpoland.com\/fi\/tuotteet\/kosmetiikkateollisuuden-tuotteet\/peptidit\/asetyylitetrapeptidi-11\/#primaryimage","url":"https:\/\/naturalpoland.com\/wp-content\/uploads\/acetyl_tetrapeptide-11.webp","contentUrl":"https:\/\/naturalpoland.com\/wp-content\/uploads\/acetyl_tetrapeptide-11.webp","width":612,"height":612,"caption":"Asetyylitetrapeptidi-11"},{"@type":"BreadcrumbList","@id":"https:\/\/naturalpoland.com\/fi\/tuotteet\/kosmetiikkateollisuuden-tuotteet\/peptidit\/asetyylitetrapeptidi-11\/#breadcrumb","itemListElement":[{"@type":"ListItem","position":1,"name":"Etusivu","item":"https:\/\/naturalpoland.com\/fi\/"},{"@type":"ListItem","position":2,"name":"Tuotteet","item":"https:\/\/naturalpoland.com\/fi\/tuotteet\/"},{"@type":"ListItem","position":3,"name":"Asetyylitetrapeptidi-11"}]},{"@type":"WebSite","@id":"https:\/\/naturalpoland.com\/fi\/#website","url":"https:\/\/naturalpoland.com\/fi\/","name":"NATURAL POLAND - RAAKA-AINEIDEN TUKKUJAKELIJA","description":"Surowce dla przemys\u0142u spo\u017cywczego, kosmetycznego i farmaceutycznego","publisher":{"@id":"https:\/\/naturalpoland.com\/fi\/#organization"},"potentialAction":[{"@type":"SearchAction","target":{"@type":"EntryPoint","urlTemplate":"https:\/\/naturalpoland.com\/fi\/?s={search_term_string}"},"query-input":{"@type":"PropertyValueSpecification","valueRequired":true,"valueName":"search_term_string"}}],"inLanguage":"fi"},{"@type":"Organization","@id":"https:\/\/naturalpoland.com\/fi\/#organization","name":"Natural Poland","url":"https:\/\/naturalpoland.com\/fi\/","logo":{"@type":"ImageObject","inLanguage":"fi","@id":"https:\/\/naturalpoland.com\/fi\/#\/schema\/logo\/image\/","url":"https:\/\/naturalpoland.com\/wp-content\/uploads\/2021\/05\/natural-poland-icon.png","contentUrl":"https:\/\/naturalpoland.com\/wp-content\/uploads\/2021\/05\/natural-poland-icon.png","width":512,"height":512,"caption":"Natural Poland"},"image":{"@id":"https:\/\/naturalpoland.com\/fi\/#\/schema\/logo\/image\/"},"sameAs":["https:\/\/www.facebook.com\/naturalpoland.b2b","https:\/\/pl.linkedin.com\/company\/natural-poland","https:\/\/www.youtube.com\/channel\/UCgeGGkvOMahZo-xu_MSEWxg"]}]}},"_links":{"self":[{"href":"https:\/\/naturalpoland.com\/fi\/wp-json\/wp\/v2\/product\/29338","targetHints":{"allow":["GET"]}}],"collection":[{"href":"https:\/\/naturalpoland.com\/fi\/wp-json\/wp\/v2\/product"}],"about":[{"href":"https:\/\/naturalpoland.com\/fi\/wp-json\/wp\/v2\/types\/product"}],"wp:featuredmedia":[{"embeddable":true,"href":"https:\/\/naturalpoland.com\/fi\/wp-json\/wp\/v2\/media\/29171"}],"wp:attachment":[{"href":"https:\/\/naturalpoland.com\/fi\/wp-json\/wp\/v2\/media?parent=29338"}],"wp:term":[{"taxonomy":"product_brand","embeddable":true,"href":"https:\/\/naturalpoland.com\/fi\/wp-json\/wp\/v2\/product_brand?post=29338"},{"taxonomy":"product_cat","embeddable":true,"href":"https:\/\/naturalpoland.com\/fi\/wp-json\/wp\/v2\/product_cat?post=29338"},{"taxonomy":"product_tag","embeddable":true,"href":"https:\/\/naturalpoland.com\/fi\/wp-json\/wp\/v2\/product_tag?post=29338"}],"curies":[{"name":"wp","href":"https:\/\/api.w.org\/{rel}","templated":true}]}}