{"id":29445,"date":"2023-12-20T16:37:56","date_gmt":"2024-01-10T11:48:33","guid":{"rendered":"https:\/\/naturalpoland.com\/produkty\/Ei-luokiteltu\/dipeptidi-diaminobutyroyylibentsyyliamidi-diasetaatti\/"},"modified":"2024-01-10T12:48:33","modified_gmt":"2024-01-10T11:48:33","slug":"dipeptidi-diaminobutyroyylibentsyyliamidi-diasetaatti","status":"publish","type":"product","link":"https:\/\/naturalpoland.com\/fi\/tuotteet\/kosmetiikkateollisuuden-tuotteet\/peptidit\/dipeptidi-diaminobutyroyylibentsyyliamidi-diasetaatti\/","title":{"rendered":"Dipeptidi Diaminobutyroyylibentsyyliamidi diasetaatti"},"content":{"rendered":"<p><strong>Tehokkuus:<\/strong><\/p>\n<p>Tutkimuksessa, johon osallistui 30 30-50-vuotiasta henkil\u00f6\u00e4, havaittiin, ett\u00e4 0,2-prosenttista DDBD-liuosta sis\u00e4lt\u00e4v\u00e4 voide, jota levitettiin kahdesti p\u00e4iv\u00e4ss\u00e4 nelj\u00e4n viikon ajan, v\u00e4hensi merkitt\u00e4v\u00e4sti ryppyj\u00e4, paransi ihon rakennetta ja silm\u00e4nymp\u00e4rysihon yleist\u00e4 ulkon\u00e4k\u00f6\u00e4.<\/p>\n<p><strong>Vaikutusmekanismi:<\/strong><\/p>\n<p>Diaminobutyroyylibentsyyliamididiasetaattidipeptidi on nmAchR-reseptorin reversiibeli antagonisti, joka est\u00e4\u00e4 asetyylikoliinin aktivoitumista, mik\u00e4 johtaa kasvojen lihasten rentoutumiseen ja ryppyjen tasoittumiseen.<\/p>\n<p><strong>Sovellukset:<\/strong><\/p>\n<p>Sit\u00e4 suositellaan k\u00e4ytett\u00e4v\u00e4ksi kosmetiikka- ja ihonhoitotuotteissa, kuten silm\u00e4seerumeissa, voiteissa ja kasvovoiteissa, sill\u00e4 se tarjoaa ryppyj\u00e4 ehk\u00e4isevi\u00e4, antioksidanttisia ja ihoa kiinteytt\u00e4vi\u00e4 vaikutuksia.<\/p>\n","protected":false},"excerpt":{"rendered":"<p>Diaminobutyroyylidipeptidibentsyyliamidi diasetaatti toimii est\u00e4m\u00e4ll\u00e4 asetyylikoliinin kiinnittymisen reseptoriin, mik\u00e4 johtaa lihasten rentoutumiseen ja ryppyjen, kuten nen\u00e4nymp\u00e4rysjuonteiden, otsan ryppyjen tai silmien ymp\u00e4rill\u00e4 olevien ryppyjen nopeaan tasoittumiseen, jolloin iho tasoittuu ja sen kimmoisuus paranee.<\/p>\n","protected":false},"featured_media":28813,"template":"","meta":{"_acf_changed":false},"product_brand":[],"product_cat":[2490],"product_tag":[],"class_list":{"0":"post-29445","1":"product","2":"type-product","3":"status-publish","4":"has-post-thumbnail","6":"product_cat-peptidit","7":"pa_metoda-pozyskiwania-biologinen-kayminen","9":"first","10":"instock","11":"shipping-taxable","12":"product-type-simple"},"acf":[],"yoast_head":"<!-- This site is optimized with the Yoast SEO plugin v27.5 - https:\/\/yoast.com\/product\/yoast-seo-wordpress\/ -->\n<title>Dipeptidi Diaminobutyroyylibentsyyliamidi diasetaatti - Tukkudistribuutio<\/title>\n<meta name=\"description\" content=\"Diaminobutyroyylibentsyyliamididiasetaattidipeptidi on nmAchR-reseptorin reversiibeli antagonisti, joka est\u00e4\u00e4 asetyylikoliinin aiheuttaman aktivaation.\" \/>\n<meta name=\"robots\" content=\"index, follow, max-snippet:-1, max-image-preview:large, max-video-preview:-1\" \/>\n<link rel=\"canonical\" href=\"https:\/\/naturalpoland.com\/fi\/tuotteet\/kosmetiikkateollisuuden-tuotteet\/peptidit\/dipeptidi-diaminobutyroyylibentsyyliamidi-diasetaatti\/\" \/>\n<meta property=\"og:locale\" content=\"fi_FI\" \/>\n<meta property=\"og:type\" content=\"article\" \/>\n<meta property=\"og:title\" content=\"Dipeptidi Diaminobutyroyylibentsyyliamidi diasetaatti - Tukkudistribuutio\" \/>\n<meta property=\"og:description\" content=\"Diaminobutyroyylibentsyyliamididiasetaattidipeptidi on nmAchR-reseptorin reversiibeli antagonisti, joka est\u00e4\u00e4 asetyylikoliinin aiheuttaman aktivaation.\" \/>\n<meta property=\"og:url\" content=\"https:\/\/naturalpoland.com\/fi\/tuotteet\/kosmetiikkateollisuuden-tuotteet\/peptidit\/dipeptidi-diaminobutyroyylibentsyyliamidi-diasetaatti\/\" \/>\n<meta property=\"og:site_name\" content=\"NATURAL POLAND - RAAKA-AINEIDEN TUKKUJAKELIJA\" \/>\n<meta property=\"article:publisher\" content=\"https:\/\/www.facebook.com\/naturalpoland.b2b\" \/>\n<meta property=\"og:image\" content=\"https:\/\/naturalpoland.com\/wp-content\/uploads\/dipeptide_diaminobutyroyl_benzylamide_diacetate.webp\" \/>\n\t<meta property=\"og:image:width\" content=\"1024\" \/>\n\t<meta property=\"og:image:height\" content=\"1024\" \/>\n\t<meta property=\"og:image:type\" content=\"image\/webp\" \/>\n<script type=\"application\/ld+json\" class=\"yoast-schema-graph\">{\"@context\":\"https:\\\/\\\/schema.org\",\"@graph\":[{\"@type\":\"WebPage\",\"@id\":\"https:\\\/\\\/naturalpoland.com\\\/fi\\\/tuotteet\\\/kosmetiikkateollisuuden-tuotteet\\\/peptidit\\\/dipeptidi-diaminobutyroyylibentsyyliamidi-diasetaatti\\\/\",\"url\":\"https:\\\/\\\/naturalpoland.com\\\/fi\\\/tuotteet\\\/kosmetiikkateollisuuden-tuotteet\\\/peptidit\\\/dipeptidi-diaminobutyroyylibentsyyliamidi-diasetaatti\\\/\",\"name\":\"Dipeptidi Diaminobutyroyylibentsyyliamidi diasetaatti - Tukkudistribuutio\",\"isPartOf\":{\"@id\":\"https:\\\/\\\/naturalpoland.com\\\/fi\\\/#website\"},\"primaryImageOfPage\":{\"@id\":\"https:\\\/\\\/naturalpoland.com\\\/fi\\\/tuotteet\\\/kosmetiikkateollisuuden-tuotteet\\\/peptidit\\\/dipeptidi-diaminobutyroyylibentsyyliamidi-diasetaatti\\\/#primaryimage\"},\"image\":{\"@id\":\"https:\\\/\\\/naturalpoland.com\\\/fi\\\/tuotteet\\\/kosmetiikkateollisuuden-tuotteet\\\/peptidit\\\/dipeptidi-diaminobutyroyylibentsyyliamidi-diasetaatti\\\/#primaryimage\"},\"thumbnailUrl\":\"https:\\\/\\\/naturalpoland.com\\\/wp-content\\\/uploads\\\/dipeptide_diaminobutyroyl_benzylamide_diacetate.webp\",\"datePublished\":\"2024-01-10T11:48:33+00:00\",\"description\":\"Diaminobutyroyylibentsyyliamididiasetaattidipeptidi on nmAchR-reseptorin reversiibeli antagonisti, joka est\u00e4\u00e4 asetyylikoliinin aiheuttaman aktivaation.\",\"breadcrumb\":{\"@id\":\"https:\\\/\\\/naturalpoland.com\\\/fi\\\/tuotteet\\\/kosmetiikkateollisuuden-tuotteet\\\/peptidit\\\/dipeptidi-diaminobutyroyylibentsyyliamidi-diasetaatti\\\/#breadcrumb\"},\"inLanguage\":\"fi\",\"potentialAction\":[{\"@type\":\"ReadAction\",\"target\":[\"https:\\\/\\\/naturalpoland.com\\\/fi\\\/tuotteet\\\/kosmetiikkateollisuuden-tuotteet\\\/peptidit\\\/dipeptidi-diaminobutyroyylibentsyyliamidi-diasetaatti\\\/\"]}]},{\"@type\":\"ImageObject\",\"inLanguage\":\"fi\",\"@id\":\"https:\\\/\\\/naturalpoland.com\\\/fi\\\/tuotteet\\\/kosmetiikkateollisuuden-tuotteet\\\/peptidit\\\/dipeptidi-diaminobutyroyylibentsyyliamidi-diasetaatti\\\/#primaryimage\",\"url\":\"https:\\\/\\\/naturalpoland.com\\\/wp-content\\\/uploads\\\/dipeptide_diaminobutyroyl_benzylamide_diacetate.webp\",\"contentUrl\":\"https:\\\/\\\/naturalpoland.com\\\/wp-content\\\/uploads\\\/dipeptide_diaminobutyroyl_benzylamide_diacetate.webp\",\"width\":1024,\"height\":1024,\"caption\":\"Dipeptidi Diaminobutyroyylibentsyyliamidi diasetaatti\"},{\"@type\":\"BreadcrumbList\",\"@id\":\"https:\\\/\\\/naturalpoland.com\\\/fi\\\/tuotteet\\\/kosmetiikkateollisuuden-tuotteet\\\/peptidit\\\/dipeptidi-diaminobutyroyylibentsyyliamidi-diasetaatti\\\/#breadcrumb\",\"itemListElement\":[{\"@type\":\"ListItem\",\"position\":1,\"name\":\"Etusivu\",\"item\":\"https:\\\/\\\/naturalpoland.com\\\/fi\\\/\"},{\"@type\":\"ListItem\",\"position\":2,\"name\":\"Tuotteet\",\"item\":\"https:\\\/\\\/naturalpoland.com\\\/fi\\\/tuotteet\\\/\"},{\"@type\":\"ListItem\",\"position\":3,\"name\":\"Dipeptidi Diaminobutyroyylibentsyyliamidi diasetaatti\"}]},{\"@type\":\"WebSite\",\"@id\":\"https:\\\/\\\/naturalpoland.com\\\/fi\\\/#website\",\"url\":\"https:\\\/\\\/naturalpoland.com\\\/fi\\\/\",\"name\":\"NATURAL POLAND - RAAKA-AINEIDEN TUKKUJAKELIJA\",\"description\":\"Surowce dla przemys\u0142u spo\u017cywczego, kosmetycznego i farmaceutycznego\",\"publisher\":{\"@id\":\"https:\\\/\\\/naturalpoland.com\\\/fi\\\/#organization\"},\"potentialAction\":[{\"@type\":\"SearchAction\",\"target\":{\"@type\":\"EntryPoint\",\"urlTemplate\":\"https:\\\/\\\/naturalpoland.com\\\/fi\\\/?s={search_term_string}\"},\"query-input\":{\"@type\":\"PropertyValueSpecification\",\"valueRequired\":true,\"valueName\":\"search_term_string\"}}],\"inLanguage\":\"fi\"},{\"@type\":\"Organization\",\"@id\":\"https:\\\/\\\/naturalpoland.com\\\/fi\\\/#organization\",\"name\":\"Natural Poland\",\"url\":\"https:\\\/\\\/naturalpoland.com\\\/fi\\\/\",\"logo\":{\"@type\":\"ImageObject\",\"inLanguage\":\"fi\",\"@id\":\"https:\\\/\\\/naturalpoland.com\\\/fi\\\/#\\\/schema\\\/logo\\\/image\\\/\",\"url\":\"https:\\\/\\\/naturalpoland.com\\\/wp-content\\\/uploads\\\/2021\\\/05\\\/natural-poland-icon.png\",\"contentUrl\":\"https:\\\/\\\/naturalpoland.com\\\/wp-content\\\/uploads\\\/2021\\\/05\\\/natural-poland-icon.png\",\"width\":512,\"height\":512,\"caption\":\"Natural Poland\"},\"image\":{\"@id\":\"https:\\\/\\\/naturalpoland.com\\\/fi\\\/#\\\/schema\\\/logo\\\/image\\\/\"},\"sameAs\":[\"https:\\\/\\\/www.facebook.com\\\/naturalpoland.b2b\",\"https:\\\/\\\/pl.linkedin.com\\\/company\\\/natural-poland\",\"https:\\\/\\\/www.youtube.com\\\/channel\\\/UCgeGGkvOMahZo-xu_MSEWxg\"]}]}<\/script>\n<!-- \/ Yoast SEO plugin. -->","yoast_head_json":{"title":"Dipeptidi Diaminobutyroyylibentsyyliamidi diasetaatti - Tukkudistribuutio","description":"Diaminobutyroyylibentsyyliamididiasetaattidipeptidi on nmAchR-reseptorin reversiibeli antagonisti, joka est\u00e4\u00e4 asetyylikoliinin aiheuttaman aktivaation.","robots":{"index":"index","follow":"follow","max-snippet":"max-snippet:-1","max-image-preview":"max-image-preview:large","max-video-preview":"max-video-preview:-1"},"canonical":"https:\/\/naturalpoland.com\/fi\/tuotteet\/kosmetiikkateollisuuden-tuotteet\/peptidit\/dipeptidi-diaminobutyroyylibentsyyliamidi-diasetaatti\/","og_locale":"fi_FI","og_type":"article","og_title":"Dipeptidi Diaminobutyroyylibentsyyliamidi diasetaatti - Tukkudistribuutio","og_description":"Diaminobutyroyylibentsyyliamididiasetaattidipeptidi on nmAchR-reseptorin reversiibeli antagonisti, joka est\u00e4\u00e4 asetyylikoliinin aiheuttaman aktivaation.","og_url":"https:\/\/naturalpoland.com\/fi\/tuotteet\/kosmetiikkateollisuuden-tuotteet\/peptidit\/dipeptidi-diaminobutyroyylibentsyyliamidi-diasetaatti\/","og_site_name":"NATURAL POLAND - RAAKA-AINEIDEN TUKKUJAKELIJA","article_publisher":"https:\/\/www.facebook.com\/naturalpoland.b2b","og_image":[{"width":1024,"height":1024,"url":"https:\/\/naturalpoland.com\/wp-content\/uploads\/dipeptide_diaminobutyroyl_benzylamide_diacetate.webp","type":"image\/webp"}],"schema":{"@context":"https:\/\/schema.org","@graph":[{"@type":"WebPage","@id":"https:\/\/naturalpoland.com\/fi\/tuotteet\/kosmetiikkateollisuuden-tuotteet\/peptidit\/dipeptidi-diaminobutyroyylibentsyyliamidi-diasetaatti\/","url":"https:\/\/naturalpoland.com\/fi\/tuotteet\/kosmetiikkateollisuuden-tuotteet\/peptidit\/dipeptidi-diaminobutyroyylibentsyyliamidi-diasetaatti\/","name":"Dipeptidi Diaminobutyroyylibentsyyliamidi diasetaatti - Tukkudistribuutio","isPartOf":{"@id":"https:\/\/naturalpoland.com\/fi\/#website"},"primaryImageOfPage":{"@id":"https:\/\/naturalpoland.com\/fi\/tuotteet\/kosmetiikkateollisuuden-tuotteet\/peptidit\/dipeptidi-diaminobutyroyylibentsyyliamidi-diasetaatti\/#primaryimage"},"image":{"@id":"https:\/\/naturalpoland.com\/fi\/tuotteet\/kosmetiikkateollisuuden-tuotteet\/peptidit\/dipeptidi-diaminobutyroyylibentsyyliamidi-diasetaatti\/#primaryimage"},"thumbnailUrl":"https:\/\/naturalpoland.com\/wp-content\/uploads\/dipeptide_diaminobutyroyl_benzylamide_diacetate.webp","datePublished":"2024-01-10T11:48:33+00:00","description":"Diaminobutyroyylibentsyyliamididiasetaattidipeptidi on nmAchR-reseptorin reversiibeli antagonisti, joka est\u00e4\u00e4 asetyylikoliinin aiheuttaman aktivaation.","breadcrumb":{"@id":"https:\/\/naturalpoland.com\/fi\/tuotteet\/kosmetiikkateollisuuden-tuotteet\/peptidit\/dipeptidi-diaminobutyroyylibentsyyliamidi-diasetaatti\/#breadcrumb"},"inLanguage":"fi","potentialAction":[{"@type":"ReadAction","target":["https:\/\/naturalpoland.com\/fi\/tuotteet\/kosmetiikkateollisuuden-tuotteet\/peptidit\/dipeptidi-diaminobutyroyylibentsyyliamidi-diasetaatti\/"]}]},{"@type":"ImageObject","inLanguage":"fi","@id":"https:\/\/naturalpoland.com\/fi\/tuotteet\/kosmetiikkateollisuuden-tuotteet\/peptidit\/dipeptidi-diaminobutyroyylibentsyyliamidi-diasetaatti\/#primaryimage","url":"https:\/\/naturalpoland.com\/wp-content\/uploads\/dipeptide_diaminobutyroyl_benzylamide_diacetate.webp","contentUrl":"https:\/\/naturalpoland.com\/wp-content\/uploads\/dipeptide_diaminobutyroyl_benzylamide_diacetate.webp","width":1024,"height":1024,"caption":"Dipeptidi Diaminobutyroyylibentsyyliamidi diasetaatti"},{"@type":"BreadcrumbList","@id":"https:\/\/naturalpoland.com\/fi\/tuotteet\/kosmetiikkateollisuuden-tuotteet\/peptidit\/dipeptidi-diaminobutyroyylibentsyyliamidi-diasetaatti\/#breadcrumb","itemListElement":[{"@type":"ListItem","position":1,"name":"Etusivu","item":"https:\/\/naturalpoland.com\/fi\/"},{"@type":"ListItem","position":2,"name":"Tuotteet","item":"https:\/\/naturalpoland.com\/fi\/tuotteet\/"},{"@type":"ListItem","position":3,"name":"Dipeptidi Diaminobutyroyylibentsyyliamidi diasetaatti"}]},{"@type":"WebSite","@id":"https:\/\/naturalpoland.com\/fi\/#website","url":"https:\/\/naturalpoland.com\/fi\/","name":"NATURAL POLAND - RAAKA-AINEIDEN TUKKUJAKELIJA","description":"Surowce dla przemys\u0142u spo\u017cywczego, kosmetycznego i farmaceutycznego","publisher":{"@id":"https:\/\/naturalpoland.com\/fi\/#organization"},"potentialAction":[{"@type":"SearchAction","target":{"@type":"EntryPoint","urlTemplate":"https:\/\/naturalpoland.com\/fi\/?s={search_term_string}"},"query-input":{"@type":"PropertyValueSpecification","valueRequired":true,"valueName":"search_term_string"}}],"inLanguage":"fi"},{"@type":"Organization","@id":"https:\/\/naturalpoland.com\/fi\/#organization","name":"Natural Poland","url":"https:\/\/naturalpoland.com\/fi\/","logo":{"@type":"ImageObject","inLanguage":"fi","@id":"https:\/\/naturalpoland.com\/fi\/#\/schema\/logo\/image\/","url":"https:\/\/naturalpoland.com\/wp-content\/uploads\/2021\/05\/natural-poland-icon.png","contentUrl":"https:\/\/naturalpoland.com\/wp-content\/uploads\/2021\/05\/natural-poland-icon.png","width":512,"height":512,"caption":"Natural Poland"},"image":{"@id":"https:\/\/naturalpoland.com\/fi\/#\/schema\/logo\/image\/"},"sameAs":["https:\/\/www.facebook.com\/naturalpoland.b2b","https:\/\/pl.linkedin.com\/company\/natural-poland","https:\/\/www.youtube.com\/channel\/UCgeGGkvOMahZo-xu_MSEWxg"]}]}},"_links":{"self":[{"href":"https:\/\/naturalpoland.com\/fi\/wp-json\/wp\/v2\/product\/29445","targetHints":{"allow":["GET"]}}],"collection":[{"href":"https:\/\/naturalpoland.com\/fi\/wp-json\/wp\/v2\/product"}],"about":[{"href":"https:\/\/naturalpoland.com\/fi\/wp-json\/wp\/v2\/types\/product"}],"wp:featuredmedia":[{"embeddable":true,"href":"https:\/\/naturalpoland.com\/fi\/wp-json\/wp\/v2\/media\/28813"}],"wp:attachment":[{"href":"https:\/\/naturalpoland.com\/fi\/wp-json\/wp\/v2\/media?parent=29445"}],"wp:term":[{"taxonomy":"product_brand","embeddable":true,"href":"https:\/\/naturalpoland.com\/fi\/wp-json\/wp\/v2\/product_brand?post=29445"},{"taxonomy":"product_cat","embeddable":true,"href":"https:\/\/naturalpoland.com\/fi\/wp-json\/wp\/v2\/product_cat?post=29445"},{"taxonomy":"product_tag","embeddable":true,"href":"https:\/\/naturalpoland.com\/fi\/wp-json\/wp\/v2\/product_tag?post=29445"}],"curies":[{"name":"wp","href":"https:\/\/api.w.org\/{rel}","templated":true}]}}