{"id":29475,"date":"2023-12-20T15:26:26","date_gmt":"2024-01-10T11:55:12","guid":{"rendered":"https:\/\/naturalpoland.com\/produkty\/Ei-luokiteltu\/arginiini-lysiini-polypeptidi\/"},"modified":"2024-01-10T12:55:12","modified_gmt":"2024-01-10T11:55:12","slug":"arginiini-lysiini-polypeptidi","status":"publish","type":"product","link":"https:\/\/naturalpoland.com\/fi\/tuotteet\/kosmetiikkateollisuuden-tuotteet\/peptidit\/arginiini-lysiini-polypeptidi\/","title":{"rendered":"Arginiini\/Lysiini-polypeptidi"},"content":{"rendered":"<p><strong>Tehokkuus:<\/strong><\/p>\n<p>Kun 30 ppm arginiinia levitettiin koehenkil\u00f6iden silmien ymp\u00e4rill\u00e4 olevaan ihoon, ihon karheus ja ryppyjen syvyys v\u00e4heniv\u00e4t merkitt\u00e4v\u00e4sti jo 15 minuutin kuluttua. Keskim\u00e4\u00e4r\u00e4inen ryppyjen v\u00e4heneminen oli 30,67 %, ja keskim\u00e4\u00e4r\u00e4inen ryppyjen pistem\u00e4\u00e4r\u00e4 laski 9,39:st\u00e4 4,49:\u00e4\u00e4n. Lis\u00e4ksi ryppyj\u00e4 v\u00e4hennettiin 23,30 % ja 23,97 %, kun k\u00e4ytettiin 5 ppm:n ja 20 ppm:n liuoksia.<\/p>\n<p><strong>Vaikutusmekanismi:<\/strong><\/p>\n<p>Arginiini\/Lysiini-polypeptidi syntetisoituna vaikuttaa voimakkaasti kasvojen lihaksia rentouttavasti, mik\u00e4 johtaa ryppyjen v\u00e4litt\u00f6m\u00e4\u00e4n tasoittumiseen. Se vaikuttaa est\u00e4m\u00e4ll\u00e4 NaV1.4-reitti\u00e4, joka vastaa Na+ -ionien sis\u00e4\u00e4nvirtauksesta lihass\u00e4ikeiss\u00e4, ja est\u00e4\u00e4 siten verihiutaleiden terminaalipotentiaalin muodostumista ja kontrolloi lihasten liikett\u00e4. T\u00e4m\u00e4 vaikutus johtaa kasvojen lihasten rentoutumiseen ja ryppyjen tasoittumiseen.<\/p>\n<p><strong>Sovellus:<\/strong><\/p>\n<p>Arginiini-\/lysiinipolypeptidi\u00e4 k\u00e4ytet\u00e4\u00e4n laajalti kosmetiikka- ja ihonhoitotuotteissa, joilla on ryppyj\u00e4 ehk\u00e4isev\u00e4 vaikutus. Sit\u00e4 voidaan k\u00e4ytt\u00e4\u00e4 esimerkiksi huulivoiteissa, voiteissa, p\u00e4iv\u00e4- ja y\u00f6voiteissa, silm\u00e4seerumeissa, geeleiss\u00e4 ja muissa tuotteissa.<\/p>\n","protected":false},"excerpt":{"rendered":"<p>Arginiini\/Lysiinipolypeptidi on innovatiivinen vaikuttava aine, jossa hy\u00f6dynnet\u00e4\u00e4n bioteknologian edistysaskeleita. Sit\u00e4 saadaan biologisella fermentointimenetelm\u00e4ll\u00e4, ja sille on ominaista sen korkea puhtaus ja ryppyj\u00e4 ehk\u00e4isev\u00e4 teho.<\/p>\n","protected":false},"featured_media":28799,"template":"","meta":{"_acf_changed":false},"product_brand":[],"product_cat":[2490],"product_tag":[],"class_list":{"0":"post-29475","1":"product","2":"type-product","3":"status-publish","4":"has-post-thumbnail","6":"product_cat-peptidit","7":"pa_metoda-pozyskiwania-biologinen-kayminen","9":"first","10":"instock","11":"shipping-taxable","12":"product-type-simple"},"acf":[],"yoast_head":"<!-- This site is optimized with the Yoast SEO plugin v27.4 - https:\/\/yoast.com\/product\/yoast-seo-wordpress\/ -->\n<title>Arginiini\/Lysiini-polypeptidi - Tukkudistribuutio<\/title>\n<meta name=\"description\" content=\"Arginiini\/Lysiini-polypeptidiss\u00e4 yhdistyv\u00e4t biotekninen innovaatio ja kosmeettinen tehokkuus, ja se tarjoaa nopeita ja n\u00e4kyvi\u00e4 tuloksia ryppyjen v\u00e4hent\u00e4misess\u00e4.\" \/>\n<meta name=\"robots\" content=\"index, follow, max-snippet:-1, max-image-preview:large, max-video-preview:-1\" \/>\n<link rel=\"canonical\" href=\"https:\/\/naturalpoland.com\/fi\/tuotteet\/kosmetiikkateollisuuden-tuotteet\/peptidit\/arginiini-lysiini-polypeptidi\/\" \/>\n<meta property=\"og:locale\" content=\"fi_FI\" \/>\n<meta property=\"og:type\" content=\"article\" \/>\n<meta property=\"og:title\" content=\"Arginiini\/Lysiini-polypeptidi - Tukkudistribuutio\" \/>\n<meta property=\"og:description\" content=\"Arginiini\/Lysiini-polypeptidiss\u00e4 yhdistyv\u00e4t biotekninen innovaatio ja kosmeettinen tehokkuus, ja se tarjoaa nopeita ja n\u00e4kyvi\u00e4 tuloksia ryppyjen v\u00e4hent\u00e4misess\u00e4.\" \/>\n<meta property=\"og:url\" content=\"https:\/\/naturalpoland.com\/fi\/tuotteet\/kosmetiikkateollisuuden-tuotteet\/peptidit\/arginiini-lysiini-polypeptidi\/\" \/>\n<meta property=\"og:site_name\" content=\"NATURAL POLAND - RAAKA-AINEIDEN TUKKUJAKELIJA\" \/>\n<meta property=\"article:publisher\" content=\"https:\/\/www.facebook.com\/naturalpoland.b2b\" \/>\n<meta property=\"og:image\" content=\"https:\/\/naturalpoland.com\/wp-content\/uploads\/arginine-lysine_polypeptide.webp\" \/>\n\t<meta property=\"og:image:width\" content=\"1024\" \/>\n\t<meta property=\"og:image:height\" content=\"1024\" \/>\n\t<meta property=\"og:image:type\" content=\"image\/webp\" \/>\n<script type=\"application\/ld+json\" class=\"yoast-schema-graph\">{\"@context\":\"https:\\\/\\\/schema.org\",\"@graph\":[{\"@type\":\"WebPage\",\"@id\":\"https:\\\/\\\/naturalpoland.com\\\/fi\\\/tuotteet\\\/kosmetiikkateollisuuden-tuotteet\\\/peptidit\\\/arginiini-lysiini-polypeptidi\\\/\",\"url\":\"https:\\\/\\\/naturalpoland.com\\\/fi\\\/tuotteet\\\/kosmetiikkateollisuuden-tuotteet\\\/peptidit\\\/arginiini-lysiini-polypeptidi\\\/\",\"name\":\"Arginiini\\\/Lysiini-polypeptidi - Tukkudistribuutio\",\"isPartOf\":{\"@id\":\"https:\\\/\\\/naturalpoland.com\\\/fi\\\/#website\"},\"primaryImageOfPage\":{\"@id\":\"https:\\\/\\\/naturalpoland.com\\\/fi\\\/tuotteet\\\/kosmetiikkateollisuuden-tuotteet\\\/peptidit\\\/arginiini-lysiini-polypeptidi\\\/#primaryimage\"},\"image\":{\"@id\":\"https:\\\/\\\/naturalpoland.com\\\/fi\\\/tuotteet\\\/kosmetiikkateollisuuden-tuotteet\\\/peptidit\\\/arginiini-lysiini-polypeptidi\\\/#primaryimage\"},\"thumbnailUrl\":\"https:\\\/\\\/naturalpoland.com\\\/wp-content\\\/uploads\\\/arginine-lysine_polypeptide.webp\",\"datePublished\":\"2024-01-10T11:55:12+00:00\",\"description\":\"Arginiini\\\/Lysiini-polypeptidiss\u00e4 yhdistyv\u00e4t biotekninen innovaatio ja kosmeettinen tehokkuus, ja se tarjoaa nopeita ja n\u00e4kyvi\u00e4 tuloksia ryppyjen v\u00e4hent\u00e4misess\u00e4.\",\"breadcrumb\":{\"@id\":\"https:\\\/\\\/naturalpoland.com\\\/fi\\\/tuotteet\\\/kosmetiikkateollisuuden-tuotteet\\\/peptidit\\\/arginiini-lysiini-polypeptidi\\\/#breadcrumb\"},\"inLanguage\":\"fi\",\"potentialAction\":[{\"@type\":\"ReadAction\",\"target\":[\"https:\\\/\\\/naturalpoland.com\\\/fi\\\/tuotteet\\\/kosmetiikkateollisuuden-tuotteet\\\/peptidit\\\/arginiini-lysiini-polypeptidi\\\/\"]}]},{\"@type\":\"ImageObject\",\"inLanguage\":\"fi\",\"@id\":\"https:\\\/\\\/naturalpoland.com\\\/fi\\\/tuotteet\\\/kosmetiikkateollisuuden-tuotteet\\\/peptidit\\\/arginiini-lysiini-polypeptidi\\\/#primaryimage\",\"url\":\"https:\\\/\\\/naturalpoland.com\\\/wp-content\\\/uploads\\\/arginine-lysine_polypeptide.webp\",\"contentUrl\":\"https:\\\/\\\/naturalpoland.com\\\/wp-content\\\/uploads\\\/arginine-lysine_polypeptide.webp\",\"width\":1024,\"height\":1024,\"caption\":\"Arginiini\\\/lysiini-polypeptidi\"},{\"@type\":\"BreadcrumbList\",\"@id\":\"https:\\\/\\\/naturalpoland.com\\\/fi\\\/tuotteet\\\/kosmetiikkateollisuuden-tuotteet\\\/peptidit\\\/arginiini-lysiini-polypeptidi\\\/#breadcrumb\",\"itemListElement\":[{\"@type\":\"ListItem\",\"position\":1,\"name\":\"Etusivu\",\"item\":\"https:\\\/\\\/naturalpoland.com\\\/fi\\\/\"},{\"@type\":\"ListItem\",\"position\":2,\"name\":\"Tuotteet\",\"item\":\"https:\\\/\\\/naturalpoland.com\\\/fi\\\/tuotteet\\\/\"},{\"@type\":\"ListItem\",\"position\":3,\"name\":\"Arginiini\\\/Lysiini-polypeptidi\"}]},{\"@type\":\"WebSite\",\"@id\":\"https:\\\/\\\/naturalpoland.com\\\/fi\\\/#website\",\"url\":\"https:\\\/\\\/naturalpoland.com\\\/fi\\\/\",\"name\":\"NATURAL POLAND - RAAKA-AINEIDEN TUKKUJAKELIJA\",\"description\":\"Surowce dla przemys\u0142u spo\u017cywczego, kosmetycznego i farmaceutycznego\",\"publisher\":{\"@id\":\"https:\\\/\\\/naturalpoland.com\\\/fi\\\/#organization\"},\"potentialAction\":[{\"@type\":\"SearchAction\",\"target\":{\"@type\":\"EntryPoint\",\"urlTemplate\":\"https:\\\/\\\/naturalpoland.com\\\/fi\\\/?s={search_term_string}\"},\"query-input\":{\"@type\":\"PropertyValueSpecification\",\"valueRequired\":true,\"valueName\":\"search_term_string\"}}],\"inLanguage\":\"fi\"},{\"@type\":\"Organization\",\"@id\":\"https:\\\/\\\/naturalpoland.com\\\/fi\\\/#organization\",\"name\":\"Natural Poland\",\"url\":\"https:\\\/\\\/naturalpoland.com\\\/fi\\\/\",\"logo\":{\"@type\":\"ImageObject\",\"inLanguage\":\"fi\",\"@id\":\"https:\\\/\\\/naturalpoland.com\\\/fi\\\/#\\\/schema\\\/logo\\\/image\\\/\",\"url\":\"https:\\\/\\\/naturalpoland.com\\\/wp-content\\\/uploads\\\/2021\\\/05\\\/natural-poland-icon.png\",\"contentUrl\":\"https:\\\/\\\/naturalpoland.com\\\/wp-content\\\/uploads\\\/2021\\\/05\\\/natural-poland-icon.png\",\"width\":512,\"height\":512,\"caption\":\"Natural Poland\"},\"image\":{\"@id\":\"https:\\\/\\\/naturalpoland.com\\\/fi\\\/#\\\/schema\\\/logo\\\/image\\\/\"},\"sameAs\":[\"https:\\\/\\\/www.facebook.com\\\/naturalpoland.b2b\",\"https:\\\/\\\/pl.linkedin.com\\\/company\\\/natural-poland\",\"https:\\\/\\\/www.youtube.com\\\/channel\\\/UCgeGGkvOMahZo-xu_MSEWxg\"]}]}<\/script>\n<!-- \/ Yoast SEO plugin. -->","yoast_head_json":{"title":"Arginiini\/Lysiini-polypeptidi - Tukkudistribuutio","description":"Arginiini\/Lysiini-polypeptidiss\u00e4 yhdistyv\u00e4t biotekninen innovaatio ja kosmeettinen tehokkuus, ja se tarjoaa nopeita ja n\u00e4kyvi\u00e4 tuloksia ryppyjen v\u00e4hent\u00e4misess\u00e4.","robots":{"index":"index","follow":"follow","max-snippet":"max-snippet:-1","max-image-preview":"max-image-preview:large","max-video-preview":"max-video-preview:-1"},"canonical":"https:\/\/naturalpoland.com\/fi\/tuotteet\/kosmetiikkateollisuuden-tuotteet\/peptidit\/arginiini-lysiini-polypeptidi\/","og_locale":"fi_FI","og_type":"article","og_title":"Arginiini\/Lysiini-polypeptidi - Tukkudistribuutio","og_description":"Arginiini\/Lysiini-polypeptidiss\u00e4 yhdistyv\u00e4t biotekninen innovaatio ja kosmeettinen tehokkuus, ja se tarjoaa nopeita ja n\u00e4kyvi\u00e4 tuloksia ryppyjen v\u00e4hent\u00e4misess\u00e4.","og_url":"https:\/\/naturalpoland.com\/fi\/tuotteet\/kosmetiikkateollisuuden-tuotteet\/peptidit\/arginiini-lysiini-polypeptidi\/","og_site_name":"NATURAL POLAND - RAAKA-AINEIDEN TUKKUJAKELIJA","article_publisher":"https:\/\/www.facebook.com\/naturalpoland.b2b","og_image":[{"width":1024,"height":1024,"url":"https:\/\/naturalpoland.com\/wp-content\/uploads\/arginine-lysine_polypeptide.webp","type":"image\/webp"}],"schema":{"@context":"https:\/\/schema.org","@graph":[{"@type":"WebPage","@id":"https:\/\/naturalpoland.com\/fi\/tuotteet\/kosmetiikkateollisuuden-tuotteet\/peptidit\/arginiini-lysiini-polypeptidi\/","url":"https:\/\/naturalpoland.com\/fi\/tuotteet\/kosmetiikkateollisuuden-tuotteet\/peptidit\/arginiini-lysiini-polypeptidi\/","name":"Arginiini\/Lysiini-polypeptidi - Tukkudistribuutio","isPartOf":{"@id":"https:\/\/naturalpoland.com\/fi\/#website"},"primaryImageOfPage":{"@id":"https:\/\/naturalpoland.com\/fi\/tuotteet\/kosmetiikkateollisuuden-tuotteet\/peptidit\/arginiini-lysiini-polypeptidi\/#primaryimage"},"image":{"@id":"https:\/\/naturalpoland.com\/fi\/tuotteet\/kosmetiikkateollisuuden-tuotteet\/peptidit\/arginiini-lysiini-polypeptidi\/#primaryimage"},"thumbnailUrl":"https:\/\/naturalpoland.com\/wp-content\/uploads\/arginine-lysine_polypeptide.webp","datePublished":"2024-01-10T11:55:12+00:00","description":"Arginiini\/Lysiini-polypeptidiss\u00e4 yhdistyv\u00e4t biotekninen innovaatio ja kosmeettinen tehokkuus, ja se tarjoaa nopeita ja n\u00e4kyvi\u00e4 tuloksia ryppyjen v\u00e4hent\u00e4misess\u00e4.","breadcrumb":{"@id":"https:\/\/naturalpoland.com\/fi\/tuotteet\/kosmetiikkateollisuuden-tuotteet\/peptidit\/arginiini-lysiini-polypeptidi\/#breadcrumb"},"inLanguage":"fi","potentialAction":[{"@type":"ReadAction","target":["https:\/\/naturalpoland.com\/fi\/tuotteet\/kosmetiikkateollisuuden-tuotteet\/peptidit\/arginiini-lysiini-polypeptidi\/"]}]},{"@type":"ImageObject","inLanguage":"fi","@id":"https:\/\/naturalpoland.com\/fi\/tuotteet\/kosmetiikkateollisuuden-tuotteet\/peptidit\/arginiini-lysiini-polypeptidi\/#primaryimage","url":"https:\/\/naturalpoland.com\/wp-content\/uploads\/arginine-lysine_polypeptide.webp","contentUrl":"https:\/\/naturalpoland.com\/wp-content\/uploads\/arginine-lysine_polypeptide.webp","width":1024,"height":1024,"caption":"Arginiini\/lysiini-polypeptidi"},{"@type":"BreadcrumbList","@id":"https:\/\/naturalpoland.com\/fi\/tuotteet\/kosmetiikkateollisuuden-tuotteet\/peptidit\/arginiini-lysiini-polypeptidi\/#breadcrumb","itemListElement":[{"@type":"ListItem","position":1,"name":"Etusivu","item":"https:\/\/naturalpoland.com\/fi\/"},{"@type":"ListItem","position":2,"name":"Tuotteet","item":"https:\/\/naturalpoland.com\/fi\/tuotteet\/"},{"@type":"ListItem","position":3,"name":"Arginiini\/Lysiini-polypeptidi"}]},{"@type":"WebSite","@id":"https:\/\/naturalpoland.com\/fi\/#website","url":"https:\/\/naturalpoland.com\/fi\/","name":"NATURAL POLAND - RAAKA-AINEIDEN TUKKUJAKELIJA","description":"Surowce dla przemys\u0142u spo\u017cywczego, kosmetycznego i farmaceutycznego","publisher":{"@id":"https:\/\/naturalpoland.com\/fi\/#organization"},"potentialAction":[{"@type":"SearchAction","target":{"@type":"EntryPoint","urlTemplate":"https:\/\/naturalpoland.com\/fi\/?s={search_term_string}"},"query-input":{"@type":"PropertyValueSpecification","valueRequired":true,"valueName":"search_term_string"}}],"inLanguage":"fi"},{"@type":"Organization","@id":"https:\/\/naturalpoland.com\/fi\/#organization","name":"Natural Poland","url":"https:\/\/naturalpoland.com\/fi\/","logo":{"@type":"ImageObject","inLanguage":"fi","@id":"https:\/\/naturalpoland.com\/fi\/#\/schema\/logo\/image\/","url":"https:\/\/naturalpoland.com\/wp-content\/uploads\/2021\/05\/natural-poland-icon.png","contentUrl":"https:\/\/naturalpoland.com\/wp-content\/uploads\/2021\/05\/natural-poland-icon.png","width":512,"height":512,"caption":"Natural Poland"},"image":{"@id":"https:\/\/naturalpoland.com\/fi\/#\/schema\/logo\/image\/"},"sameAs":["https:\/\/www.facebook.com\/naturalpoland.b2b","https:\/\/pl.linkedin.com\/company\/natural-poland","https:\/\/www.youtube.com\/channel\/UCgeGGkvOMahZo-xu_MSEWxg"]}]}},"_links":{"self":[{"href":"https:\/\/naturalpoland.com\/fi\/wp-json\/wp\/v2\/product\/29475","targetHints":{"allow":["GET"]}}],"collection":[{"href":"https:\/\/naturalpoland.com\/fi\/wp-json\/wp\/v2\/product"}],"about":[{"href":"https:\/\/naturalpoland.com\/fi\/wp-json\/wp\/v2\/types\/product"}],"wp:featuredmedia":[{"embeddable":true,"href":"https:\/\/naturalpoland.com\/fi\/wp-json\/wp\/v2\/media\/28799"}],"wp:attachment":[{"href":"https:\/\/naturalpoland.com\/fi\/wp-json\/wp\/v2\/media?parent=29475"}],"wp:term":[{"taxonomy":"product_brand","embeddable":true,"href":"https:\/\/naturalpoland.com\/fi\/wp-json\/wp\/v2\/product_brand?post=29475"},{"taxonomy":"product_cat","embeddable":true,"href":"https:\/\/naturalpoland.com\/fi\/wp-json\/wp\/v2\/product_cat?post=29475"},{"taxonomy":"product_tag","embeddable":true,"href":"https:\/\/naturalpoland.com\/fi\/wp-json\/wp\/v2\/product_tag?post=29475"}],"curies":[{"name":"wp","href":"https:\/\/api.w.org\/{rel}","templated":true}]}}