{"id":29952,"date":"2024-01-16T16:18:33","date_gmt":"2024-01-26T10:47:20","guid":{"rendered":"https:\/\/naturalpoland.com\/produkty\/Ei-luokiteltu\/asetyylidipeptidi-1-setyyliesteri\/"},"modified":"2024-01-26T11:47:20","modified_gmt":"2024-01-26T10:47:20","slug":"asetyylidipeptidi-1-setyyliesteri","status":"publish","type":"product","link":"https:\/\/naturalpoland.com\/fi\/tuotteet\/kosmetiikkateollisuuden-tuotteet\/peptidit\/asetyylidipeptidi-1-setyyliesteri\/","title":{"rendered":"Asetyylidipeptidi-1-setyyliesteri"},"content":{"rendered":"<h2>Vaikutusmekanismi:<\/h2>\n<p>Asetyylidipeptidi-1-setyyliesteri j\u00e4ljittelee \u03b2-endorfiinin rakennetta, mink\u00e4 ansiosta se voi lievent\u00e4\u00e4 stimulaatiota ja est\u00e4\u00e4 CGPR:n vapautumista, mik\u00e4 v\u00e4hent\u00e4\u00e4 tulehdustekij\u00f6iden synteesi\u00e4 ja lievitt\u00e4\u00e4 tulehdusta ja ihon polttavaa tunnetta. Sen ainutlaatuinen lipidirakenne antaa iholle v\u00e4ltt\u00e4m\u00e4tt\u00f6mi\u00e4 rasvoja, v\u00e4hent\u00e4\u00e4 veden haihtumista ja tekee ihosta pehme\u00e4n ja s\u00e4teilev\u00e4n. T\u00e4m\u00e4 peptidi pystyy helposti tunkeutumaan sarveiskerrokseen ja p\u00e4\u00e4sem\u00e4\u00e4n ihon syviin kerroksiin ja toimimaan siell\u00e4 tehokkaasti.<\/p>\n<h2>Sovellus:<\/h2>\n<p>Asetyylidipeptidi-1-setyyliesteri\u00e4 k\u00e4ytet\u00e4\u00e4n laajalti kosmetiikkatuotteissa, kuten seerumeissa, silm\u00e4nymp\u00e4rysvoiteissa, kasvonaamioissa ja kosteusvoiteissa.  <strong>Sen vaikutuksiin kuuluu tulehdusta ja \u00e4rsytyst\u00e4 ehk\u00e4isev\u00e4, \u00e4rsytyst\u00e4 lievitt\u00e4v\u00e4, ihoa uudistava ja sen yleist\u00e4 kuntoa parantava vaikutus.<\/strong><\/p>\n<p>Lis\u00e4aineen suositeltu pitoisuus kosmeettisissa valmisteissa on 0,01-0,025 %. T\u00e4t\u00e4 ainesosaa suositellaan erityisesti tuotteisiin, jotka on suunniteltu herk\u00e4lle ja \u00e4rtyneelle iholle sek\u00e4 iholle, joka tarvitsee intensiivist\u00e4 uudistumista ja kosteutusta.<\/p>\n","protected":false},"excerpt":{"rendered":"<p>Asetyylidipeptidi-1-setyyliesteri on kosmetiikassa k\u00e4ytetty kehittynyt aktiivinen ainesosa, jonka puhtausaste on \u2265 98 % ja jota tuotetaan biologisella k\u00e4ymismenetelm\u00e4ll\u00e4. Ainutlaatuisten ominaisuuksiensa ansiosta t\u00e4m\u00e4 peptidi parantaa merkitt\u00e4v\u00e4sti ihon kuntoa ja tarjoaa lukuisia hoito- ja uudistamishy\u00f6tyj\u00e4.<\/p>\n","protected":false},"featured_media":29534,"template":"","meta":[],"product_brand":[],"product_cat":[2490],"product_tag":[],"class_list":{"0":"post-29952","1":"product","2":"type-product","3":"status-publish","4":"has-post-thumbnail","6":"product_cat-peptidit","7":"pa_metoda-pozyskiwania-biologinen-kayminen","9":"first","10":"instock","11":"shipping-taxable","12":"product-type-simple"},"yoast_head":"<!-- This site is optimized with the Yoast SEO plugin v27.4 - https:\/\/yoast.com\/product\/yoast-seo-wordpress\/ -->\n<title>Asetyylidipeptidi-1-setyyliesteri - Tukkudistribuutio<\/title>\n<meta name=\"description\" content=\"Asetyylidipeptidi-1-setyyliesteri parantaa merkitt\u00e4v\u00e4sti ihon kuntoa ja tarjoaa lukuisia ihonhoitoon ja uudistumiseen liittyvi\u00e4 etuja.\" \/>\n<meta name=\"robots\" content=\"index, follow, max-snippet:-1, max-image-preview:large, max-video-preview:-1\" \/>\n<link rel=\"canonical\" href=\"https:\/\/naturalpoland.com\/fi\/tuotteet\/kosmetiikkateollisuuden-tuotteet\/peptidit\/asetyylidipeptidi-1-setyyliesteri\/\" \/>\n<meta property=\"og:locale\" content=\"fi_FI\" \/>\n<meta property=\"og:type\" content=\"article\" \/>\n<meta property=\"og:title\" content=\"Asetyylidipeptidi-1-setyyliesteri - Tukkudistribuutio\" \/>\n<meta property=\"og:description\" content=\"Asetyylidipeptidi-1-setyyliesteri parantaa merkitt\u00e4v\u00e4sti ihon kuntoa ja tarjoaa lukuisia ihonhoitoon ja uudistumiseen liittyvi\u00e4 etuja.\" \/>\n<meta property=\"og:url\" content=\"https:\/\/naturalpoland.com\/fi\/tuotteet\/kosmetiikkateollisuuden-tuotteet\/peptidit\/asetyylidipeptidi-1-setyyliesteri\/\" \/>\n<meta property=\"og:site_name\" content=\"NATURAL POLAND - RAAKA-AINEIDEN TUKKUJAKELIJA\" \/>\n<meta property=\"article:publisher\" content=\"https:\/\/www.facebook.com\/naturalpoland.b2b\" \/>\n<meta property=\"og:image\" content=\"https:\/\/naturalpoland.com\/wp-content\/uploads\/acetyl_dipeptide-1_cetyl_ester.webp\" \/>\n\t<meta property=\"og:image:width\" content=\"618\" \/>\n\t<meta property=\"og:image:height\" content=\"618\" \/>\n\t<meta property=\"og:image:type\" content=\"image\/webp\" \/>\n<script type=\"application\/ld+json\" class=\"yoast-schema-graph\">{\"@context\":\"https:\\\/\\\/schema.org\",\"@graph\":[{\"@type\":\"WebPage\",\"@id\":\"https:\\\/\\\/naturalpoland.com\\\/fi\\\/tuotteet\\\/kosmetiikkateollisuuden-tuotteet\\\/peptidit\\\/asetyylidipeptidi-1-setyyliesteri\\\/\",\"url\":\"https:\\\/\\\/naturalpoland.com\\\/fi\\\/tuotteet\\\/kosmetiikkateollisuuden-tuotteet\\\/peptidit\\\/asetyylidipeptidi-1-setyyliesteri\\\/\",\"name\":\"Asetyylidipeptidi-1-setyyliesteri - Tukkudistribuutio\",\"isPartOf\":{\"@id\":\"https:\\\/\\\/naturalpoland.com\\\/fi\\\/#website\"},\"primaryImageOfPage\":{\"@id\":\"https:\\\/\\\/naturalpoland.com\\\/fi\\\/tuotteet\\\/kosmetiikkateollisuuden-tuotteet\\\/peptidit\\\/asetyylidipeptidi-1-setyyliesteri\\\/#primaryimage\"},\"image\":{\"@id\":\"https:\\\/\\\/naturalpoland.com\\\/fi\\\/tuotteet\\\/kosmetiikkateollisuuden-tuotteet\\\/peptidit\\\/asetyylidipeptidi-1-setyyliesteri\\\/#primaryimage\"},\"thumbnailUrl\":\"https:\\\/\\\/naturalpoland.com\\\/wp-content\\\/uploads\\\/acetyl_dipeptide-1_cetyl_ester.webp\",\"datePublished\":\"2024-01-26T10:47:20+00:00\",\"description\":\"Asetyylidipeptidi-1-setyyliesteri parantaa merkitt\u00e4v\u00e4sti ihon kuntoa ja tarjoaa lukuisia ihonhoitoon ja uudistumiseen liittyvi\u00e4 etuja.\",\"breadcrumb\":{\"@id\":\"https:\\\/\\\/naturalpoland.com\\\/fi\\\/tuotteet\\\/kosmetiikkateollisuuden-tuotteet\\\/peptidit\\\/asetyylidipeptidi-1-setyyliesteri\\\/#breadcrumb\"},\"inLanguage\":\"fi\",\"potentialAction\":[{\"@type\":\"ReadAction\",\"target\":[\"https:\\\/\\\/naturalpoland.com\\\/fi\\\/tuotteet\\\/kosmetiikkateollisuuden-tuotteet\\\/peptidit\\\/asetyylidipeptidi-1-setyyliesteri\\\/\"]}]},{\"@type\":\"ImageObject\",\"inLanguage\":\"fi\",\"@id\":\"https:\\\/\\\/naturalpoland.com\\\/fi\\\/tuotteet\\\/kosmetiikkateollisuuden-tuotteet\\\/peptidit\\\/asetyylidipeptidi-1-setyyliesteri\\\/#primaryimage\",\"url\":\"https:\\\/\\\/naturalpoland.com\\\/wp-content\\\/uploads\\\/acetyl_dipeptide-1_cetyl_ester.webp\",\"contentUrl\":\"https:\\\/\\\/naturalpoland.com\\\/wp-content\\\/uploads\\\/acetyl_dipeptide-1_cetyl_ester.webp\",\"width\":618,\"height\":618,\"caption\":\"Acetyl dipeptyd-1 cetylowy ester\"},{\"@type\":\"BreadcrumbList\",\"@id\":\"https:\\\/\\\/naturalpoland.com\\\/fi\\\/tuotteet\\\/kosmetiikkateollisuuden-tuotteet\\\/peptidit\\\/asetyylidipeptidi-1-setyyliesteri\\\/#breadcrumb\",\"itemListElement\":[{\"@type\":\"ListItem\",\"position\":1,\"name\":\"Etusivu\",\"item\":\"https:\\\/\\\/naturalpoland.com\\\/fi\\\/\"},{\"@type\":\"ListItem\",\"position\":2,\"name\":\"Tuotteet\",\"item\":\"https:\\\/\\\/naturalpoland.com\\\/fi\\\/tuotteet\\\/\"},{\"@type\":\"ListItem\",\"position\":3,\"name\":\"Asetyylidipeptidi-1-setyyliesteri\"}]},{\"@type\":\"WebSite\",\"@id\":\"https:\\\/\\\/naturalpoland.com\\\/fi\\\/#website\",\"url\":\"https:\\\/\\\/naturalpoland.com\\\/fi\\\/\",\"name\":\"NATURAL POLAND - RAAKA-AINEIDEN TUKKUJAKELIJA\",\"description\":\"Surowce dla przemys\u0142u spo\u017cywczego, kosmetycznego i farmaceutycznego\",\"publisher\":{\"@id\":\"https:\\\/\\\/naturalpoland.com\\\/fi\\\/#organization\"},\"potentialAction\":[{\"@type\":\"SearchAction\",\"target\":{\"@type\":\"EntryPoint\",\"urlTemplate\":\"https:\\\/\\\/naturalpoland.com\\\/fi\\\/?s={search_term_string}\"},\"query-input\":{\"@type\":\"PropertyValueSpecification\",\"valueRequired\":true,\"valueName\":\"search_term_string\"}}],\"inLanguage\":\"fi\"},{\"@type\":\"Organization\",\"@id\":\"https:\\\/\\\/naturalpoland.com\\\/fi\\\/#organization\",\"name\":\"Natural Poland\",\"url\":\"https:\\\/\\\/naturalpoland.com\\\/fi\\\/\",\"logo\":{\"@type\":\"ImageObject\",\"inLanguage\":\"fi\",\"@id\":\"https:\\\/\\\/naturalpoland.com\\\/fi\\\/#\\\/schema\\\/logo\\\/image\\\/\",\"url\":\"https:\\\/\\\/naturalpoland.com\\\/wp-content\\\/uploads\\\/2021\\\/05\\\/natural-poland-icon.png\",\"contentUrl\":\"https:\\\/\\\/naturalpoland.com\\\/wp-content\\\/uploads\\\/2021\\\/05\\\/natural-poland-icon.png\",\"width\":512,\"height\":512,\"caption\":\"Natural Poland\"},\"image\":{\"@id\":\"https:\\\/\\\/naturalpoland.com\\\/fi\\\/#\\\/schema\\\/logo\\\/image\\\/\"},\"sameAs\":[\"https:\\\/\\\/www.facebook.com\\\/naturalpoland.b2b\",\"https:\\\/\\\/pl.linkedin.com\\\/company\\\/natural-poland\",\"https:\\\/\\\/www.youtube.com\\\/channel\\\/UCgeGGkvOMahZo-xu_MSEWxg\"]}]}<\/script>\n<!-- \/ Yoast SEO plugin. -->","yoast_head_json":{"title":"Asetyylidipeptidi-1-setyyliesteri - Tukkudistribuutio","description":"Asetyylidipeptidi-1-setyyliesteri parantaa merkitt\u00e4v\u00e4sti ihon kuntoa ja tarjoaa lukuisia ihonhoitoon ja uudistumiseen liittyvi\u00e4 etuja.","robots":{"index":"index","follow":"follow","max-snippet":"max-snippet:-1","max-image-preview":"max-image-preview:large","max-video-preview":"max-video-preview:-1"},"canonical":"https:\/\/naturalpoland.com\/fi\/tuotteet\/kosmetiikkateollisuuden-tuotteet\/peptidit\/asetyylidipeptidi-1-setyyliesteri\/","og_locale":"fi_FI","og_type":"article","og_title":"Asetyylidipeptidi-1-setyyliesteri - Tukkudistribuutio","og_description":"Asetyylidipeptidi-1-setyyliesteri parantaa merkitt\u00e4v\u00e4sti ihon kuntoa ja tarjoaa lukuisia ihonhoitoon ja uudistumiseen liittyvi\u00e4 etuja.","og_url":"https:\/\/naturalpoland.com\/fi\/tuotteet\/kosmetiikkateollisuuden-tuotteet\/peptidit\/asetyylidipeptidi-1-setyyliesteri\/","og_site_name":"NATURAL POLAND - RAAKA-AINEIDEN TUKKUJAKELIJA","article_publisher":"https:\/\/www.facebook.com\/naturalpoland.b2b","og_image":[{"width":618,"height":618,"url":"https:\/\/naturalpoland.com\/wp-content\/uploads\/acetyl_dipeptide-1_cetyl_ester.webp","type":"image\/webp"}],"schema":{"@context":"https:\/\/schema.org","@graph":[{"@type":"WebPage","@id":"https:\/\/naturalpoland.com\/fi\/tuotteet\/kosmetiikkateollisuuden-tuotteet\/peptidit\/asetyylidipeptidi-1-setyyliesteri\/","url":"https:\/\/naturalpoland.com\/fi\/tuotteet\/kosmetiikkateollisuuden-tuotteet\/peptidit\/asetyylidipeptidi-1-setyyliesteri\/","name":"Asetyylidipeptidi-1-setyyliesteri - Tukkudistribuutio","isPartOf":{"@id":"https:\/\/naturalpoland.com\/fi\/#website"},"primaryImageOfPage":{"@id":"https:\/\/naturalpoland.com\/fi\/tuotteet\/kosmetiikkateollisuuden-tuotteet\/peptidit\/asetyylidipeptidi-1-setyyliesteri\/#primaryimage"},"image":{"@id":"https:\/\/naturalpoland.com\/fi\/tuotteet\/kosmetiikkateollisuuden-tuotteet\/peptidit\/asetyylidipeptidi-1-setyyliesteri\/#primaryimage"},"thumbnailUrl":"https:\/\/naturalpoland.com\/wp-content\/uploads\/acetyl_dipeptide-1_cetyl_ester.webp","datePublished":"2024-01-26T10:47:20+00:00","description":"Asetyylidipeptidi-1-setyyliesteri parantaa merkitt\u00e4v\u00e4sti ihon kuntoa ja tarjoaa lukuisia ihonhoitoon ja uudistumiseen liittyvi\u00e4 etuja.","breadcrumb":{"@id":"https:\/\/naturalpoland.com\/fi\/tuotteet\/kosmetiikkateollisuuden-tuotteet\/peptidit\/asetyylidipeptidi-1-setyyliesteri\/#breadcrumb"},"inLanguage":"fi","potentialAction":[{"@type":"ReadAction","target":["https:\/\/naturalpoland.com\/fi\/tuotteet\/kosmetiikkateollisuuden-tuotteet\/peptidit\/asetyylidipeptidi-1-setyyliesteri\/"]}]},{"@type":"ImageObject","inLanguage":"fi","@id":"https:\/\/naturalpoland.com\/fi\/tuotteet\/kosmetiikkateollisuuden-tuotteet\/peptidit\/asetyylidipeptidi-1-setyyliesteri\/#primaryimage","url":"https:\/\/naturalpoland.com\/wp-content\/uploads\/acetyl_dipeptide-1_cetyl_ester.webp","contentUrl":"https:\/\/naturalpoland.com\/wp-content\/uploads\/acetyl_dipeptide-1_cetyl_ester.webp","width":618,"height":618,"caption":"Acetyl dipeptyd-1 cetylowy ester"},{"@type":"BreadcrumbList","@id":"https:\/\/naturalpoland.com\/fi\/tuotteet\/kosmetiikkateollisuuden-tuotteet\/peptidit\/asetyylidipeptidi-1-setyyliesteri\/#breadcrumb","itemListElement":[{"@type":"ListItem","position":1,"name":"Etusivu","item":"https:\/\/naturalpoland.com\/fi\/"},{"@type":"ListItem","position":2,"name":"Tuotteet","item":"https:\/\/naturalpoland.com\/fi\/tuotteet\/"},{"@type":"ListItem","position":3,"name":"Asetyylidipeptidi-1-setyyliesteri"}]},{"@type":"WebSite","@id":"https:\/\/naturalpoland.com\/fi\/#website","url":"https:\/\/naturalpoland.com\/fi\/","name":"NATURAL POLAND - RAAKA-AINEIDEN TUKKUJAKELIJA","description":"Surowce dla przemys\u0142u spo\u017cywczego, kosmetycznego i farmaceutycznego","publisher":{"@id":"https:\/\/naturalpoland.com\/fi\/#organization"},"potentialAction":[{"@type":"SearchAction","target":{"@type":"EntryPoint","urlTemplate":"https:\/\/naturalpoland.com\/fi\/?s={search_term_string}"},"query-input":{"@type":"PropertyValueSpecification","valueRequired":true,"valueName":"search_term_string"}}],"inLanguage":"fi"},{"@type":"Organization","@id":"https:\/\/naturalpoland.com\/fi\/#organization","name":"Natural Poland","url":"https:\/\/naturalpoland.com\/fi\/","logo":{"@type":"ImageObject","inLanguage":"fi","@id":"https:\/\/naturalpoland.com\/fi\/#\/schema\/logo\/image\/","url":"https:\/\/naturalpoland.com\/wp-content\/uploads\/2021\/05\/natural-poland-icon.png","contentUrl":"https:\/\/naturalpoland.com\/wp-content\/uploads\/2021\/05\/natural-poland-icon.png","width":512,"height":512,"caption":"Natural Poland"},"image":{"@id":"https:\/\/naturalpoland.com\/fi\/#\/schema\/logo\/image\/"},"sameAs":["https:\/\/www.facebook.com\/naturalpoland.b2b","https:\/\/pl.linkedin.com\/company\/natural-poland","https:\/\/www.youtube.com\/channel\/UCgeGGkvOMahZo-xu_MSEWxg"]}]}},"_links":{"self":[{"href":"https:\/\/naturalpoland.com\/fi\/wp-json\/wp\/v2\/product\/29952","targetHints":{"allow":["GET"]}}],"collection":[{"href":"https:\/\/naturalpoland.com\/fi\/wp-json\/wp\/v2\/product"}],"about":[{"href":"https:\/\/naturalpoland.com\/fi\/wp-json\/wp\/v2\/types\/product"}],"wp:featuredmedia":[{"embeddable":true,"href":"https:\/\/naturalpoland.com\/fi\/wp-json\/wp\/v2\/media\/29534"}],"wp:attachment":[{"href":"https:\/\/naturalpoland.com\/fi\/wp-json\/wp\/v2\/media?parent=29952"}],"wp:term":[{"taxonomy":"product_brand","embeddable":true,"href":"https:\/\/naturalpoland.com\/fi\/wp-json\/wp\/v2\/product_brand?post=29952"},{"taxonomy":"product_cat","embeddable":true,"href":"https:\/\/naturalpoland.com\/fi\/wp-json\/wp\/v2\/product_cat?post=29952"},{"taxonomy":"product_tag","embeddable":true,"href":"https:\/\/naturalpoland.com\/fi\/wp-json\/wp\/v2\/product_tag?post=29952"}],"curies":[{"name":"wp","href":"https:\/\/api.w.org\/{rel}","templated":true}]}}