{"id":29978,"date":"2024-01-16T15:47:23","date_gmt":"2024-01-26T11:45:59","guid":{"rendered":"https:\/\/naturalpoland.com\/produkty\/Ei-luokiteltu\/palmitoyylitripeptidi-8\/"},"modified":"2024-01-26T12:45:59","modified_gmt":"2024-01-26T11:45:59","slug":"palmitoyylitripeptidi-8","status":"publish","type":"product","link":"https:\/\/naturalpoland.com\/fi\/tuotteet\/kosmetiikkateollisuuden-tuotteet\/peptidit\/palmitoyylitripeptidi-8\/","title":{"rendered":"Palmitoyylitripeptidi-8"},"content":{"rendered":"<p>Palmitoyylitripeptidi-8:n vaikutusmekanismi on se, ett\u00e4 se h\u00e4iritsee tulehdussolujen IL-8:n (interleukiini) ja TNF-\u03b1:n (tuumorinekroositekij\u00e4) muodostumista, mik\u00e4<strong> lievitt\u00e4\u00e4 kuivaa ihoa, v\u00e4hent\u00e4\u00e4 punoitusta ja v\u00e4hent\u00e4\u00e4 tulehdusreaktion vaikutuksia<\/strong>. T\u00e4m\u00e4n ainesosan ansiosta kosmetiikasta tulee tehokas ratkaisu taistelussa ihon ennenaikaisen vanhenemisen merkkej\u00e4 ja ihoallergioita vastaan.<\/p>\n<p>Palmitoyylitripeptidi-8:n k\u00e4ytt\u00f6\u00e4 suositellaan monissa ihonhoitotuotteissa, kuten geeleiss\u00e4, voiteissa, AM\/PM-voiteissa, silm\u00e4seerumeissa ja kasvonaamioissa. T\u00e4m\u00e4 tuote lievitt\u00e4\u00e4 iho\u00e4rsytyst\u00e4, sill\u00e4 on <strong>tulehdusta ja allergiaa ehk\u00e4isevi\u00e4 vaikutuksia ja se lievitt\u00e4\u00e4 ulkoisten \u00e4rsykkeiden vaikutuksia<\/strong>.<\/p>\n<p>Lis\u00e4aineen suositeltu pitoisuus kosmeettisissa valmisteissa on 0,0005-0,01 %. Palmitoyylitripeptidi-8:a suositellaan erityisesti tuotteisiin, jotka on tarkoitettu herk\u00e4lle ja \u00e4rsytykselle alttiille iholle, sek\u00e4 tuotteisiin, joilla pyrit\u00e4\u00e4n lievitt\u00e4m\u00e4\u00e4n ihon ik\u00e4\u00e4ntymisen vaikutuksia.<\/p>\n","protected":false},"excerpt":{"rendered":"<p>Palmitoyylitripeptidi-8 on innovatiivinen kosmeettinen ainesosa, joka ehk\u00e4isee kemikaalien, UV-s\u00e4teilyn ja muiden \u00e4rsykkeiden aiheuttamaa neurodermatiikkaa. T\u00e4m\u00e4n peptidin \u226598-prosenttisen puhtauden ja biologiseen k\u00e4ymiseen perustuvan tuotantomenetelm\u00e4n ansiosta sill\u00e4 on voimakkaita tulehdusta ehk\u00e4isevi\u00e4 vaikutuksia.<\/p>\n","protected":false},"featured_media":29521,"template":"","meta":{"_acf_changed":false},"product_brand":[],"product_cat":[2490],"product_tag":[],"class_list":{"0":"post-29978","1":"product","2":"type-product","3":"status-publish","4":"has-post-thumbnail","6":"product_cat-peptidit","7":"pa_metoda-pozyskiwania-biologinen-kayminen","9":"first","10":"instock","11":"shipping-taxable","12":"product-type-simple"},"acf":[],"yoast_head":"<!-- This site is optimized with the Yoast SEO plugin v27.5 - https:\/\/yoast.com\/product\/yoast-seo-wordpress\/ -->\n<title>Palmitoyylitripeptidi-8 - Tukkudistribuutio<\/title>\n<meta name=\"description\" content=\"Palmitoyylitripeptidi-8 on innovatiivinen kosmeettinen ainesosa, joka ehk\u00e4isee kemikaalien aiheuttamaa neurodermatiikkaa,\" \/>\n<meta name=\"robots\" content=\"index, follow, max-snippet:-1, max-image-preview:large, max-video-preview:-1\" \/>\n<link rel=\"canonical\" href=\"https:\/\/naturalpoland.com\/fi\/tuotteet\/kosmetiikkateollisuuden-tuotteet\/peptidit\/palmitoyylitripeptidi-8\/\" \/>\n<meta property=\"og:locale\" content=\"fi_FI\" \/>\n<meta property=\"og:type\" content=\"article\" \/>\n<meta property=\"og:title\" content=\"Palmitoyylitripeptidi-8 - Tukkudistribuutio\" \/>\n<meta property=\"og:description\" content=\"Palmitoyylitripeptidi-8 on innovatiivinen kosmeettinen ainesosa, joka ehk\u00e4isee kemikaalien aiheuttamaa neurodermatiikkaa,\" \/>\n<meta property=\"og:url\" content=\"https:\/\/naturalpoland.com\/fi\/tuotteet\/kosmetiikkateollisuuden-tuotteet\/peptidit\/palmitoyylitripeptidi-8\/\" \/>\n<meta property=\"og:site_name\" content=\"NATURAL POLAND - RAAKA-AINEIDEN TUKKUJAKELIJA\" \/>\n<meta property=\"article:publisher\" content=\"https:\/\/www.facebook.com\/naturalpoland.b2b\" \/>\n<meta property=\"og:image\" content=\"https:\/\/naturalpoland.com\/wp-content\/uploads\/palmitic_tripeptide-8.webp\" \/>\n\t<meta property=\"og:image:width\" content=\"618\" \/>\n\t<meta property=\"og:image:height\" content=\"618\" \/>\n\t<meta property=\"og:image:type\" content=\"image\/webp\" \/>\n<script type=\"application\/ld+json\" class=\"yoast-schema-graph\">{\"@context\":\"https:\\\/\\\/schema.org\",\"@graph\":[{\"@type\":\"WebPage\",\"@id\":\"https:\\\/\\\/naturalpoland.com\\\/fi\\\/tuotteet\\\/kosmetiikkateollisuuden-tuotteet\\\/peptidit\\\/palmitoyylitripeptidi-8\\\/\",\"url\":\"https:\\\/\\\/naturalpoland.com\\\/fi\\\/tuotteet\\\/kosmetiikkateollisuuden-tuotteet\\\/peptidit\\\/palmitoyylitripeptidi-8\\\/\",\"name\":\"Palmitoyylitripeptidi-8 - Tukkudistribuutio\",\"isPartOf\":{\"@id\":\"https:\\\/\\\/naturalpoland.com\\\/fi\\\/#website\"},\"primaryImageOfPage\":{\"@id\":\"https:\\\/\\\/naturalpoland.com\\\/fi\\\/tuotteet\\\/kosmetiikkateollisuuden-tuotteet\\\/peptidit\\\/palmitoyylitripeptidi-8\\\/#primaryimage\"},\"image\":{\"@id\":\"https:\\\/\\\/naturalpoland.com\\\/fi\\\/tuotteet\\\/kosmetiikkateollisuuden-tuotteet\\\/peptidit\\\/palmitoyylitripeptidi-8\\\/#primaryimage\"},\"thumbnailUrl\":\"https:\\\/\\\/naturalpoland.com\\\/wp-content\\\/uploads\\\/palmitic_tripeptide-8.webp\",\"datePublished\":\"2024-01-26T11:45:59+00:00\",\"description\":\"Palmitoyylitripeptidi-8 on innovatiivinen kosmeettinen ainesosa, joka ehk\u00e4isee kemikaalien aiheuttamaa neurodermatiikkaa,\",\"breadcrumb\":{\"@id\":\"https:\\\/\\\/naturalpoland.com\\\/fi\\\/tuotteet\\\/kosmetiikkateollisuuden-tuotteet\\\/peptidit\\\/palmitoyylitripeptidi-8\\\/#breadcrumb\"},\"inLanguage\":\"fi\",\"potentialAction\":[{\"@type\":\"ReadAction\",\"target\":[\"https:\\\/\\\/naturalpoland.com\\\/fi\\\/tuotteet\\\/kosmetiikkateollisuuden-tuotteet\\\/peptidit\\\/palmitoyylitripeptidi-8\\\/\"]}]},{\"@type\":\"ImageObject\",\"inLanguage\":\"fi\",\"@id\":\"https:\\\/\\\/naturalpoland.com\\\/fi\\\/tuotteet\\\/kosmetiikkateollisuuden-tuotteet\\\/peptidit\\\/palmitoyylitripeptidi-8\\\/#primaryimage\",\"url\":\"https:\\\/\\\/naturalpoland.com\\\/wp-content\\\/uploads\\\/palmitic_tripeptide-8.webp\",\"contentUrl\":\"https:\\\/\\\/naturalpoland.com\\\/wp-content\\\/uploads\\\/palmitic_tripeptide-8.webp\",\"width\":618,\"height\":618,\"caption\":\"Tripeptyd palmitynowy-8\"},{\"@type\":\"BreadcrumbList\",\"@id\":\"https:\\\/\\\/naturalpoland.com\\\/fi\\\/tuotteet\\\/kosmetiikkateollisuuden-tuotteet\\\/peptidit\\\/palmitoyylitripeptidi-8\\\/#breadcrumb\",\"itemListElement\":[{\"@type\":\"ListItem\",\"position\":1,\"name\":\"Etusivu\",\"item\":\"https:\\\/\\\/naturalpoland.com\\\/fi\\\/\"},{\"@type\":\"ListItem\",\"position\":2,\"name\":\"Tuotteet\",\"item\":\"https:\\\/\\\/naturalpoland.com\\\/fi\\\/tuotteet\\\/\"},{\"@type\":\"ListItem\",\"position\":3,\"name\":\"Palmitoyylitripeptidi-8\"}]},{\"@type\":\"WebSite\",\"@id\":\"https:\\\/\\\/naturalpoland.com\\\/fi\\\/#website\",\"url\":\"https:\\\/\\\/naturalpoland.com\\\/fi\\\/\",\"name\":\"NATURAL POLAND - RAAKA-AINEIDEN TUKKUJAKELIJA\",\"description\":\"Surowce dla przemys\u0142u spo\u017cywczego, kosmetycznego i farmaceutycznego\",\"publisher\":{\"@id\":\"https:\\\/\\\/naturalpoland.com\\\/fi\\\/#organization\"},\"potentialAction\":[{\"@type\":\"SearchAction\",\"target\":{\"@type\":\"EntryPoint\",\"urlTemplate\":\"https:\\\/\\\/naturalpoland.com\\\/fi\\\/?s={search_term_string}\"},\"query-input\":{\"@type\":\"PropertyValueSpecification\",\"valueRequired\":true,\"valueName\":\"search_term_string\"}}],\"inLanguage\":\"fi\"},{\"@type\":\"Organization\",\"@id\":\"https:\\\/\\\/naturalpoland.com\\\/fi\\\/#organization\",\"name\":\"Natural Poland\",\"url\":\"https:\\\/\\\/naturalpoland.com\\\/fi\\\/\",\"logo\":{\"@type\":\"ImageObject\",\"inLanguage\":\"fi\",\"@id\":\"https:\\\/\\\/naturalpoland.com\\\/fi\\\/#\\\/schema\\\/logo\\\/image\\\/\",\"url\":\"https:\\\/\\\/naturalpoland.com\\\/wp-content\\\/uploads\\\/2021\\\/05\\\/natural-poland-icon.png\",\"contentUrl\":\"https:\\\/\\\/naturalpoland.com\\\/wp-content\\\/uploads\\\/2021\\\/05\\\/natural-poland-icon.png\",\"width\":512,\"height\":512,\"caption\":\"Natural Poland\"},\"image\":{\"@id\":\"https:\\\/\\\/naturalpoland.com\\\/fi\\\/#\\\/schema\\\/logo\\\/image\\\/\"},\"sameAs\":[\"https:\\\/\\\/www.facebook.com\\\/naturalpoland.b2b\",\"https:\\\/\\\/pl.linkedin.com\\\/company\\\/natural-poland\",\"https:\\\/\\\/www.youtube.com\\\/channel\\\/UCgeGGkvOMahZo-xu_MSEWxg\"]}]}<\/script>\n<!-- \/ Yoast SEO plugin. -->","yoast_head_json":{"title":"Palmitoyylitripeptidi-8 - Tukkudistribuutio","description":"Palmitoyylitripeptidi-8 on innovatiivinen kosmeettinen ainesosa, joka ehk\u00e4isee kemikaalien aiheuttamaa neurodermatiikkaa,","robots":{"index":"index","follow":"follow","max-snippet":"max-snippet:-1","max-image-preview":"max-image-preview:large","max-video-preview":"max-video-preview:-1"},"canonical":"https:\/\/naturalpoland.com\/fi\/tuotteet\/kosmetiikkateollisuuden-tuotteet\/peptidit\/palmitoyylitripeptidi-8\/","og_locale":"fi_FI","og_type":"article","og_title":"Palmitoyylitripeptidi-8 - Tukkudistribuutio","og_description":"Palmitoyylitripeptidi-8 on innovatiivinen kosmeettinen ainesosa, joka ehk\u00e4isee kemikaalien aiheuttamaa neurodermatiikkaa,","og_url":"https:\/\/naturalpoland.com\/fi\/tuotteet\/kosmetiikkateollisuuden-tuotteet\/peptidit\/palmitoyylitripeptidi-8\/","og_site_name":"NATURAL POLAND - RAAKA-AINEIDEN TUKKUJAKELIJA","article_publisher":"https:\/\/www.facebook.com\/naturalpoland.b2b","og_image":[{"width":618,"height":618,"url":"https:\/\/naturalpoland.com\/wp-content\/uploads\/palmitic_tripeptide-8.webp","type":"image\/webp"}],"schema":{"@context":"https:\/\/schema.org","@graph":[{"@type":"WebPage","@id":"https:\/\/naturalpoland.com\/fi\/tuotteet\/kosmetiikkateollisuuden-tuotteet\/peptidit\/palmitoyylitripeptidi-8\/","url":"https:\/\/naturalpoland.com\/fi\/tuotteet\/kosmetiikkateollisuuden-tuotteet\/peptidit\/palmitoyylitripeptidi-8\/","name":"Palmitoyylitripeptidi-8 - Tukkudistribuutio","isPartOf":{"@id":"https:\/\/naturalpoland.com\/fi\/#website"},"primaryImageOfPage":{"@id":"https:\/\/naturalpoland.com\/fi\/tuotteet\/kosmetiikkateollisuuden-tuotteet\/peptidit\/palmitoyylitripeptidi-8\/#primaryimage"},"image":{"@id":"https:\/\/naturalpoland.com\/fi\/tuotteet\/kosmetiikkateollisuuden-tuotteet\/peptidit\/palmitoyylitripeptidi-8\/#primaryimage"},"thumbnailUrl":"https:\/\/naturalpoland.com\/wp-content\/uploads\/palmitic_tripeptide-8.webp","datePublished":"2024-01-26T11:45:59+00:00","description":"Palmitoyylitripeptidi-8 on innovatiivinen kosmeettinen ainesosa, joka ehk\u00e4isee kemikaalien aiheuttamaa neurodermatiikkaa,","breadcrumb":{"@id":"https:\/\/naturalpoland.com\/fi\/tuotteet\/kosmetiikkateollisuuden-tuotteet\/peptidit\/palmitoyylitripeptidi-8\/#breadcrumb"},"inLanguage":"fi","potentialAction":[{"@type":"ReadAction","target":["https:\/\/naturalpoland.com\/fi\/tuotteet\/kosmetiikkateollisuuden-tuotteet\/peptidit\/palmitoyylitripeptidi-8\/"]}]},{"@type":"ImageObject","inLanguage":"fi","@id":"https:\/\/naturalpoland.com\/fi\/tuotteet\/kosmetiikkateollisuuden-tuotteet\/peptidit\/palmitoyylitripeptidi-8\/#primaryimage","url":"https:\/\/naturalpoland.com\/wp-content\/uploads\/palmitic_tripeptide-8.webp","contentUrl":"https:\/\/naturalpoland.com\/wp-content\/uploads\/palmitic_tripeptide-8.webp","width":618,"height":618,"caption":"Tripeptyd palmitynowy-8"},{"@type":"BreadcrumbList","@id":"https:\/\/naturalpoland.com\/fi\/tuotteet\/kosmetiikkateollisuuden-tuotteet\/peptidit\/palmitoyylitripeptidi-8\/#breadcrumb","itemListElement":[{"@type":"ListItem","position":1,"name":"Etusivu","item":"https:\/\/naturalpoland.com\/fi\/"},{"@type":"ListItem","position":2,"name":"Tuotteet","item":"https:\/\/naturalpoland.com\/fi\/tuotteet\/"},{"@type":"ListItem","position":3,"name":"Palmitoyylitripeptidi-8"}]},{"@type":"WebSite","@id":"https:\/\/naturalpoland.com\/fi\/#website","url":"https:\/\/naturalpoland.com\/fi\/","name":"NATURAL POLAND - RAAKA-AINEIDEN TUKKUJAKELIJA","description":"Surowce dla przemys\u0142u spo\u017cywczego, kosmetycznego i farmaceutycznego","publisher":{"@id":"https:\/\/naturalpoland.com\/fi\/#organization"},"potentialAction":[{"@type":"SearchAction","target":{"@type":"EntryPoint","urlTemplate":"https:\/\/naturalpoland.com\/fi\/?s={search_term_string}"},"query-input":{"@type":"PropertyValueSpecification","valueRequired":true,"valueName":"search_term_string"}}],"inLanguage":"fi"},{"@type":"Organization","@id":"https:\/\/naturalpoland.com\/fi\/#organization","name":"Natural Poland","url":"https:\/\/naturalpoland.com\/fi\/","logo":{"@type":"ImageObject","inLanguage":"fi","@id":"https:\/\/naturalpoland.com\/fi\/#\/schema\/logo\/image\/","url":"https:\/\/naturalpoland.com\/wp-content\/uploads\/2021\/05\/natural-poland-icon.png","contentUrl":"https:\/\/naturalpoland.com\/wp-content\/uploads\/2021\/05\/natural-poland-icon.png","width":512,"height":512,"caption":"Natural Poland"},"image":{"@id":"https:\/\/naturalpoland.com\/fi\/#\/schema\/logo\/image\/"},"sameAs":["https:\/\/www.facebook.com\/naturalpoland.b2b","https:\/\/pl.linkedin.com\/company\/natural-poland","https:\/\/www.youtube.com\/channel\/UCgeGGkvOMahZo-xu_MSEWxg"]}]}},"_links":{"self":[{"href":"https:\/\/naturalpoland.com\/fi\/wp-json\/wp\/v2\/product\/29978","targetHints":{"allow":["GET"]}}],"collection":[{"href":"https:\/\/naturalpoland.com\/fi\/wp-json\/wp\/v2\/product"}],"about":[{"href":"https:\/\/naturalpoland.com\/fi\/wp-json\/wp\/v2\/types\/product"}],"wp:featuredmedia":[{"embeddable":true,"href":"https:\/\/naturalpoland.com\/fi\/wp-json\/wp\/v2\/media\/29521"}],"wp:attachment":[{"href":"https:\/\/naturalpoland.com\/fi\/wp-json\/wp\/v2\/media?parent=29978"}],"wp:term":[{"taxonomy":"product_brand","embeddable":true,"href":"https:\/\/naturalpoland.com\/fi\/wp-json\/wp\/v2\/product_brand?post=29978"},{"taxonomy":"product_cat","embeddable":true,"href":"https:\/\/naturalpoland.com\/fi\/wp-json\/wp\/v2\/product_cat?post=29978"},{"taxonomy":"product_tag","embeddable":true,"href":"https:\/\/naturalpoland.com\/fi\/wp-json\/wp\/v2\/product_tag?post=29978"}],"curies":[{"name":"wp","href":"https:\/\/api.w.org\/{rel}","templated":true}]}}