{"id":29998,"date":"2024-01-18T15:41:53","date_gmt":"2024-01-26T12:27:00","guid":{"rendered":"https:\/\/naturalpoland.com\/produkty\/Ei-luokiteltu\/asetyylitetrapeptidi-5\/"},"modified":"2024-06-05T14:16:49","modified_gmt":"2024-06-05T12:16:49","slug":"asetyylitetrapeptidi-5","status":"publish","type":"product","link":"https:\/\/naturalpoland.com\/fi\/tuotteet\/kosmetiikkateollisuuden-tuotteet\/peptidit\/asetyylitetrapeptidi-5\/","title":{"rendered":"Asetyylitetrapeptidi-5"},"content":{"rendered":"<h3>Toimintamekanismi<\/h3>\n<p><strong>Superoksididismutaasin (SOD) aktiivisuuden lis\u00e4\u00e4ntyminen.<\/strong><\/p>\n<p>Asetyylitetrapeptidi-5 tukee SOD:n aktiivisuutta, joka edist\u00e4\u00e4 ihosolujen suojaamista hapettumisstressilt\u00e4. N\u00e4in peptidi auttaa est\u00e4m\u00e4\u00e4n glykaatioprosessia, joka johtaa proteiinien ristisilloittumiseen, mik\u00e4 puolestaan parantaa ihon kimmoisuutta ja ehk\u00e4isee ennenaikaista ik\u00e4\u00e4ntymist\u00e4.<\/p>\n<p><strong>Parantunut mikroverenkierto<\/strong><\/p>\n<p>Stimuloimalla silm\u00e4nymp\u00e4rysihon mikroverenkiertoa asetyylitetrapeptidi-5 v\u00e4hent\u00e4\u00e4 verisuonten l\u00e4p\u00e4isevyytt\u00e4 ja kosteuden menetyst\u00e4. T\u00e4m\u00e4 vaikutus v\u00e4hent\u00e4\u00e4 turvotusta ja tummia silm\u00e4nalusia, mik\u00e4 antaa lev\u00e4nneemm\u00e4n ja nuorekkaamman ulkon\u00e4\u00f6n.<\/p>\n<p><strong>Anti-glykation vaikutus<\/strong><\/p>\n<p>Glykoituminen on prosessi, jossa sokerit reagoivat proteiinien kanssa muodostaen kehittyneit\u00e4 glykoitumisen lopputuotteita (AGE), jotka vahingoittavat kollageenia ja elastiinia, mik\u00e4 johtaa kiinteyden heikkenemiseen ja ryppyihin. Asetyylitetrapeptidi-5 est\u00e4\u00e4 tehokkaasti t\u00e4t\u00e4 prosessia ja edist\u00e4\u00e4 ihon rakennetta ja kimmoisuutta.<\/p>\n<h3>Kosmeettiset edut<\/h3>\n<p><strong>Edeemi\u00e4 ehk\u00e4isevien<\/strong> ominaisuuksiensa ansiosta asetyylitetrapeptidi-5 on erityisen tehokas v\u00e4hent\u00e4m\u00e4\u00e4n silm\u00e4naluspusseja, jotka usein johtuvat huonosta imunesteen virtauksesta ja nesteen kertymisest\u00e4. T\u00e4m\u00e4 peptidi parantaa imunestej\u00e4rjestelm\u00e4n verenkiertoa, mik\u00e4 <strong>v\u00e4hent\u00e4\u00e4 turvotusta<\/strong> ja antaa lev\u00e4nneemm\u00e4n ulkon\u00e4\u00f6n. Lis\u00e4ksi sill\u00e4 on <strong>rauhoittava ja kosteuttava vaikutus<\/strong> ihoon, mik\u00e4 parantaa sen sileytt\u00e4 ja kimmoisuutta. T\u00e4ll\u00e4 peptidill\u00e4 on my\u00f6s <strong>anti-inflammatorisia ominaisuuksia<\/strong>, jotka auttavat v\u00e4hent\u00e4m\u00e4\u00e4n ihon \u00e4rsytyst\u00e4 ja punoitusta. Se on erinomainen ainesosa herk\u00e4lle ja allergiaan taipuvaiselle iholle tarkoitetuissa tuotteissa.<\/p>\n<h3>Tutkimus<\/h3>\n<p>Asetyylitetrapeptidi-5:n teho on vahvistettu lukuisissa in vivo -tutkimuksissa. Er\u00e4\u00e4ss\u00e4 tutkimuksessa 20 vapaaehtoista k\u00e4ytti asetyylitetrapeptidi-5:t\u00e4 sis\u00e4lt\u00e4v\u00e4\u00e4 voidetta 60 p\u00e4iv\u00e4n ajan. Tulokset osoittivat, ett\u00e4 70 prosentilla osallistujista silm\u00e4pussien ulkon\u00e4k\u00f6 v\u00e4heni 15. k\u00e4ytt\u00f6p\u00e4iv\u00e4\u00e4n menness\u00e4 ja 95 prosentilla osallistujista tutkimuksen loppuun menness\u00e4.<\/p>\n<h3>Turvallisuus<\/h3>\n<p>Tuote on tunnustettu turvalliseksi kosmeettiseksi ainesosaksi. Sill\u00e4 ei ole \u00e4rsytt\u00e4vi\u00e4 tai myrkyllisi\u00e4 vaikutuksia k\u00e4ytetyill\u00e4 pitoisuuksilla. Se, ett\u00e4 sit\u00e4 ei luokitella vaaralliseksi aineeksi kemikaalim\u00e4\u00e4r\u00e4ysten mukaan, vahvistaa sen turvallisuuden sek\u00e4 k\u00e4ytt\u00e4jille ett\u00e4 ymp\u00e4rist\u00f6lle.<\/p>\n","protected":false},"excerpt":{"rendered":"<p>Asetyylitetrapeptidi-5 on synteettinen nelj\u00e4n aminohapon peptidi, jonka ominaisuudet v\u00e4hent\u00e4v\u00e4t turvotusta ja tummia silm\u00e4nalusia. Tuotetta k\u00e4ytet\u00e4\u00e4n laajalti kosmetiikkateollisuudessa, kuten geeleiss\u00e4, voiteissa, silm\u00e4seerumeissa ja naamioissa.<\/p>\n","protected":false},"featured_media":29608,"template":"","meta":{"_acf_changed":false},"product_brand":[],"product_cat":[2490],"product_tag":[],"class_list":{"0":"post-29998","1":"product","2":"type-product","3":"status-publish","4":"has-post-thumbnail","6":"product_cat-peptidit","7":"pa_metoda-pozyskiwania-biologinen-kayminen","9":"first","10":"instock","11":"shipping-taxable","12":"product-type-simple"},"acf":[],"yoast_head":"<!-- This site is optimized with the Yoast SEO plugin v27.5 - https:\/\/yoast.com\/product\/yoast-seo-wordpress\/ -->\n<title>Asetyylitetrapeptidi-5 - NATURAL POLAND - RAAKA-AINEIDEN TUKKUJAKELIJA<\/title>\n<meta name=\"description\" content=\"Asetyylitetrapeptidi-5, joka tunnetaan my\u00f6s nimell\u00e4 Eyeseryl, on peptidi, jota k\u00e4ytet\u00e4\u00e4n kosmetiikassa sen ainutlaatuisten ominaisuuksien vuoksi.\" \/>\n<meta name=\"robots\" content=\"index, follow, max-snippet:-1, max-image-preview:large, max-video-preview:-1\" \/>\n<link rel=\"canonical\" href=\"https:\/\/naturalpoland.com\/fi\/tuotteet\/kosmetiikkateollisuuden-tuotteet\/peptidit\/asetyylitetrapeptidi-5\/\" \/>\n<meta property=\"og:locale\" content=\"fi_FI\" \/>\n<meta property=\"og:type\" content=\"article\" \/>\n<meta property=\"og:title\" content=\"Asetyylitetrapeptidi-5 - NATURAL POLAND - RAAKA-AINEIDEN TUKKUJAKELIJA\" \/>\n<meta property=\"og:description\" content=\"Asetyylitetrapeptidi-5, joka tunnetaan my\u00f6s nimell\u00e4 Eyeseryl, on peptidi, jota k\u00e4ytet\u00e4\u00e4n kosmetiikassa sen ainutlaatuisten ominaisuuksien vuoksi.\" \/>\n<meta property=\"og:url\" content=\"https:\/\/naturalpoland.com\/fi\/tuotteet\/kosmetiikkateollisuuden-tuotteet\/peptidit\/asetyylitetrapeptidi-5\/\" \/>\n<meta property=\"og:site_name\" content=\"NATURAL POLAND - RAAKA-AINEIDEN TUKKUJAKELIJA\" \/>\n<meta property=\"article:publisher\" content=\"https:\/\/www.facebook.com\/naturalpoland.b2b\" \/>\n<meta property=\"article:modified_time\" content=\"2024-06-05T12:16:49+00:00\" \/>\n<meta property=\"og:image\" content=\"https:\/\/naturalpoland.com\/wp-content\/uploads\/tetrapeptide-5.webp\" \/>\n\t<meta property=\"og:image:width\" content=\"614\" \/>\n\t<meta property=\"og:image:height\" content=\"614\" \/>\n\t<meta property=\"og:image:type\" content=\"image\/webp\" \/>\n<script type=\"application\/ld+json\" class=\"yoast-schema-graph\">{\"@context\":\"https:\\\/\\\/schema.org\",\"@graph\":[{\"@type\":\"WebPage\",\"@id\":\"https:\\\/\\\/naturalpoland.com\\\/fi\\\/tuotteet\\\/kosmetiikkateollisuuden-tuotteet\\\/peptidit\\\/asetyylitetrapeptidi-5\\\/\",\"url\":\"https:\\\/\\\/naturalpoland.com\\\/fi\\\/tuotteet\\\/kosmetiikkateollisuuden-tuotteet\\\/peptidit\\\/asetyylitetrapeptidi-5\\\/\",\"name\":\"Asetyylitetrapeptidi-5 - NATURAL POLAND - RAAKA-AINEIDEN TUKKUJAKELIJA\",\"isPartOf\":{\"@id\":\"https:\\\/\\\/naturalpoland.com\\\/fi\\\/#website\"},\"primaryImageOfPage\":{\"@id\":\"https:\\\/\\\/naturalpoland.com\\\/fi\\\/tuotteet\\\/kosmetiikkateollisuuden-tuotteet\\\/peptidit\\\/asetyylitetrapeptidi-5\\\/#primaryimage\"},\"image\":{\"@id\":\"https:\\\/\\\/naturalpoland.com\\\/fi\\\/tuotteet\\\/kosmetiikkateollisuuden-tuotteet\\\/peptidit\\\/asetyylitetrapeptidi-5\\\/#primaryimage\"},\"thumbnailUrl\":\"https:\\\/\\\/naturalpoland.com\\\/wp-content\\\/uploads\\\/tetrapeptide-5.webp\",\"datePublished\":\"2024-01-26T12:27:00+00:00\",\"dateModified\":\"2024-06-05T12:16:49+00:00\",\"description\":\"Asetyylitetrapeptidi-5, joka tunnetaan my\u00f6s nimell\u00e4 Eyeseryl, on peptidi, jota k\u00e4ytet\u00e4\u00e4n kosmetiikassa sen ainutlaatuisten ominaisuuksien vuoksi.\",\"breadcrumb\":{\"@id\":\"https:\\\/\\\/naturalpoland.com\\\/fi\\\/tuotteet\\\/kosmetiikkateollisuuden-tuotteet\\\/peptidit\\\/asetyylitetrapeptidi-5\\\/#breadcrumb\"},\"inLanguage\":\"fi\",\"potentialAction\":[{\"@type\":\"ReadAction\",\"target\":[\"https:\\\/\\\/naturalpoland.com\\\/fi\\\/tuotteet\\\/kosmetiikkateollisuuden-tuotteet\\\/peptidit\\\/asetyylitetrapeptidi-5\\\/\"]}]},{\"@type\":\"ImageObject\",\"inLanguage\":\"fi\",\"@id\":\"https:\\\/\\\/naturalpoland.com\\\/fi\\\/tuotteet\\\/kosmetiikkateollisuuden-tuotteet\\\/peptidit\\\/asetyylitetrapeptidi-5\\\/#primaryimage\",\"url\":\"https:\\\/\\\/naturalpoland.com\\\/wp-content\\\/uploads\\\/tetrapeptide-5.webp\",\"contentUrl\":\"https:\\\/\\\/naturalpoland.com\\\/wp-content\\\/uploads\\\/tetrapeptide-5.webp\",\"width\":614,\"height\":614,\"caption\":\"Acetyl Tetrapeptide-5\"},{\"@type\":\"BreadcrumbList\",\"@id\":\"https:\\\/\\\/naturalpoland.com\\\/fi\\\/tuotteet\\\/kosmetiikkateollisuuden-tuotteet\\\/peptidit\\\/asetyylitetrapeptidi-5\\\/#breadcrumb\",\"itemListElement\":[{\"@type\":\"ListItem\",\"position\":1,\"name\":\"Etusivu\",\"item\":\"https:\\\/\\\/naturalpoland.com\\\/fi\\\/\"},{\"@type\":\"ListItem\",\"position\":2,\"name\":\"Tuotteet\",\"item\":\"https:\\\/\\\/naturalpoland.com\\\/fi\\\/tuotteet\\\/\"},{\"@type\":\"ListItem\",\"position\":3,\"name\":\"Asetyylitetrapeptidi-5\"}]},{\"@type\":\"WebSite\",\"@id\":\"https:\\\/\\\/naturalpoland.com\\\/fi\\\/#website\",\"url\":\"https:\\\/\\\/naturalpoland.com\\\/fi\\\/\",\"name\":\"NATURAL POLAND - RAAKA-AINEIDEN TUKKUJAKELIJA\",\"description\":\"Surowce dla przemys\u0142u spo\u017cywczego, kosmetycznego i farmaceutycznego\",\"publisher\":{\"@id\":\"https:\\\/\\\/naturalpoland.com\\\/fi\\\/#organization\"},\"potentialAction\":[{\"@type\":\"SearchAction\",\"target\":{\"@type\":\"EntryPoint\",\"urlTemplate\":\"https:\\\/\\\/naturalpoland.com\\\/fi\\\/?s={search_term_string}\"},\"query-input\":{\"@type\":\"PropertyValueSpecification\",\"valueRequired\":true,\"valueName\":\"search_term_string\"}}],\"inLanguage\":\"fi\"},{\"@type\":\"Organization\",\"@id\":\"https:\\\/\\\/naturalpoland.com\\\/fi\\\/#organization\",\"name\":\"Natural Poland\",\"url\":\"https:\\\/\\\/naturalpoland.com\\\/fi\\\/\",\"logo\":{\"@type\":\"ImageObject\",\"inLanguage\":\"fi\",\"@id\":\"https:\\\/\\\/naturalpoland.com\\\/fi\\\/#\\\/schema\\\/logo\\\/image\\\/\",\"url\":\"https:\\\/\\\/naturalpoland.com\\\/wp-content\\\/uploads\\\/2021\\\/05\\\/natural-poland-icon.png\",\"contentUrl\":\"https:\\\/\\\/naturalpoland.com\\\/wp-content\\\/uploads\\\/2021\\\/05\\\/natural-poland-icon.png\",\"width\":512,\"height\":512,\"caption\":\"Natural Poland\"},\"image\":{\"@id\":\"https:\\\/\\\/naturalpoland.com\\\/fi\\\/#\\\/schema\\\/logo\\\/image\\\/\"},\"sameAs\":[\"https:\\\/\\\/www.facebook.com\\\/naturalpoland.b2b\",\"https:\\\/\\\/pl.linkedin.com\\\/company\\\/natural-poland\",\"https:\\\/\\\/www.youtube.com\\\/channel\\\/UCgeGGkvOMahZo-xu_MSEWxg\"]}]}<\/script>\n<!-- \/ Yoast SEO plugin. -->","yoast_head_json":{"title":"Asetyylitetrapeptidi-5 - NATURAL POLAND - RAAKA-AINEIDEN TUKKUJAKELIJA","description":"Asetyylitetrapeptidi-5, joka tunnetaan my\u00f6s nimell\u00e4 Eyeseryl, on peptidi, jota k\u00e4ytet\u00e4\u00e4n kosmetiikassa sen ainutlaatuisten ominaisuuksien vuoksi.","robots":{"index":"index","follow":"follow","max-snippet":"max-snippet:-1","max-image-preview":"max-image-preview:large","max-video-preview":"max-video-preview:-1"},"canonical":"https:\/\/naturalpoland.com\/fi\/tuotteet\/kosmetiikkateollisuuden-tuotteet\/peptidit\/asetyylitetrapeptidi-5\/","og_locale":"fi_FI","og_type":"article","og_title":"Asetyylitetrapeptidi-5 - NATURAL POLAND - RAAKA-AINEIDEN TUKKUJAKELIJA","og_description":"Asetyylitetrapeptidi-5, joka tunnetaan my\u00f6s nimell\u00e4 Eyeseryl, on peptidi, jota k\u00e4ytet\u00e4\u00e4n kosmetiikassa sen ainutlaatuisten ominaisuuksien vuoksi.","og_url":"https:\/\/naturalpoland.com\/fi\/tuotteet\/kosmetiikkateollisuuden-tuotteet\/peptidit\/asetyylitetrapeptidi-5\/","og_site_name":"NATURAL POLAND - RAAKA-AINEIDEN TUKKUJAKELIJA","article_publisher":"https:\/\/www.facebook.com\/naturalpoland.b2b","article_modified_time":"2024-06-05T12:16:49+00:00","og_image":[{"width":614,"height":614,"url":"https:\/\/naturalpoland.com\/wp-content\/uploads\/tetrapeptide-5.webp","type":"image\/webp"}],"schema":{"@context":"https:\/\/schema.org","@graph":[{"@type":"WebPage","@id":"https:\/\/naturalpoland.com\/fi\/tuotteet\/kosmetiikkateollisuuden-tuotteet\/peptidit\/asetyylitetrapeptidi-5\/","url":"https:\/\/naturalpoland.com\/fi\/tuotteet\/kosmetiikkateollisuuden-tuotteet\/peptidit\/asetyylitetrapeptidi-5\/","name":"Asetyylitetrapeptidi-5 - NATURAL POLAND - RAAKA-AINEIDEN TUKKUJAKELIJA","isPartOf":{"@id":"https:\/\/naturalpoland.com\/fi\/#website"},"primaryImageOfPage":{"@id":"https:\/\/naturalpoland.com\/fi\/tuotteet\/kosmetiikkateollisuuden-tuotteet\/peptidit\/asetyylitetrapeptidi-5\/#primaryimage"},"image":{"@id":"https:\/\/naturalpoland.com\/fi\/tuotteet\/kosmetiikkateollisuuden-tuotteet\/peptidit\/asetyylitetrapeptidi-5\/#primaryimage"},"thumbnailUrl":"https:\/\/naturalpoland.com\/wp-content\/uploads\/tetrapeptide-5.webp","datePublished":"2024-01-26T12:27:00+00:00","dateModified":"2024-06-05T12:16:49+00:00","description":"Asetyylitetrapeptidi-5, joka tunnetaan my\u00f6s nimell\u00e4 Eyeseryl, on peptidi, jota k\u00e4ytet\u00e4\u00e4n kosmetiikassa sen ainutlaatuisten ominaisuuksien vuoksi.","breadcrumb":{"@id":"https:\/\/naturalpoland.com\/fi\/tuotteet\/kosmetiikkateollisuuden-tuotteet\/peptidit\/asetyylitetrapeptidi-5\/#breadcrumb"},"inLanguage":"fi","potentialAction":[{"@type":"ReadAction","target":["https:\/\/naturalpoland.com\/fi\/tuotteet\/kosmetiikkateollisuuden-tuotteet\/peptidit\/asetyylitetrapeptidi-5\/"]}]},{"@type":"ImageObject","inLanguage":"fi","@id":"https:\/\/naturalpoland.com\/fi\/tuotteet\/kosmetiikkateollisuuden-tuotteet\/peptidit\/asetyylitetrapeptidi-5\/#primaryimage","url":"https:\/\/naturalpoland.com\/wp-content\/uploads\/tetrapeptide-5.webp","contentUrl":"https:\/\/naturalpoland.com\/wp-content\/uploads\/tetrapeptide-5.webp","width":614,"height":614,"caption":"Acetyl Tetrapeptide-5"},{"@type":"BreadcrumbList","@id":"https:\/\/naturalpoland.com\/fi\/tuotteet\/kosmetiikkateollisuuden-tuotteet\/peptidit\/asetyylitetrapeptidi-5\/#breadcrumb","itemListElement":[{"@type":"ListItem","position":1,"name":"Etusivu","item":"https:\/\/naturalpoland.com\/fi\/"},{"@type":"ListItem","position":2,"name":"Tuotteet","item":"https:\/\/naturalpoland.com\/fi\/tuotteet\/"},{"@type":"ListItem","position":3,"name":"Asetyylitetrapeptidi-5"}]},{"@type":"WebSite","@id":"https:\/\/naturalpoland.com\/fi\/#website","url":"https:\/\/naturalpoland.com\/fi\/","name":"NATURAL POLAND - RAAKA-AINEIDEN TUKKUJAKELIJA","description":"Surowce dla przemys\u0142u spo\u017cywczego, kosmetycznego i farmaceutycznego","publisher":{"@id":"https:\/\/naturalpoland.com\/fi\/#organization"},"potentialAction":[{"@type":"SearchAction","target":{"@type":"EntryPoint","urlTemplate":"https:\/\/naturalpoland.com\/fi\/?s={search_term_string}"},"query-input":{"@type":"PropertyValueSpecification","valueRequired":true,"valueName":"search_term_string"}}],"inLanguage":"fi"},{"@type":"Organization","@id":"https:\/\/naturalpoland.com\/fi\/#organization","name":"Natural Poland","url":"https:\/\/naturalpoland.com\/fi\/","logo":{"@type":"ImageObject","inLanguage":"fi","@id":"https:\/\/naturalpoland.com\/fi\/#\/schema\/logo\/image\/","url":"https:\/\/naturalpoland.com\/wp-content\/uploads\/2021\/05\/natural-poland-icon.png","contentUrl":"https:\/\/naturalpoland.com\/wp-content\/uploads\/2021\/05\/natural-poland-icon.png","width":512,"height":512,"caption":"Natural Poland"},"image":{"@id":"https:\/\/naturalpoland.com\/fi\/#\/schema\/logo\/image\/"},"sameAs":["https:\/\/www.facebook.com\/naturalpoland.b2b","https:\/\/pl.linkedin.com\/company\/natural-poland","https:\/\/www.youtube.com\/channel\/UCgeGGkvOMahZo-xu_MSEWxg"]}]}},"_links":{"self":[{"href":"https:\/\/naturalpoland.com\/fi\/wp-json\/wp\/v2\/product\/29998","targetHints":{"allow":["GET"]}}],"collection":[{"href":"https:\/\/naturalpoland.com\/fi\/wp-json\/wp\/v2\/product"}],"about":[{"href":"https:\/\/naturalpoland.com\/fi\/wp-json\/wp\/v2\/types\/product"}],"wp:featuredmedia":[{"embeddable":true,"href":"https:\/\/naturalpoland.com\/fi\/wp-json\/wp\/v2\/media\/29608"}],"wp:attachment":[{"href":"https:\/\/naturalpoland.com\/fi\/wp-json\/wp\/v2\/media?parent=29998"}],"wp:term":[{"taxonomy":"product_brand","embeddable":true,"href":"https:\/\/naturalpoland.com\/fi\/wp-json\/wp\/v2\/product_brand?post=29998"},{"taxonomy":"product_cat","embeddable":true,"href":"https:\/\/naturalpoland.com\/fi\/wp-json\/wp\/v2\/product_cat?post=29998"},{"taxonomy":"product_tag","embeddable":true,"href":"https:\/\/naturalpoland.com\/fi\/wp-json\/wp\/v2\/product_tag?post=29998"}],"curies":[{"name":"wp","href":"https:\/\/api.w.org\/{rel}","templated":true}]}}