{"id":30009,"date":"2024-01-18T15:27:26","date_gmt":"2024-01-26T12:27:07","guid":{"rendered":"https:\/\/naturalpoland.com\/produkty\/Ei-luokiteltu\/ergotioneina\/"},"modified":"2024-01-26T13:27:07","modified_gmt":"2024-01-26T12:27:07","slug":"ergotioneina","status":"publish","type":"product","link":"https:\/\/naturalpoland.com\/fi\/tuotteet\/kosmetiikkateollisuuden-tuotteet\/peptidit\/ergotioneina\/","title":{"rendered":"Ergotioneina"},"content":{"rendered":"<p>Ergotioneiini kulkeutuu soluihin ja mitokondrioihin keratinosyyttien ja fibroblastien OCTN-1-kuljettimen kautta neutraloiden suoraan reaktiivisia happilajeja (ROS). T\u00e4m\u00e4n ansiosta ergotioniini ei ainoastaan suojaa hapetusstressilt\u00e4 vaan my\u00f6s mitokondrioita ja mitokondrioiden DNA:ta ylim\u00e4\u00e4r\u00e4isten vapaiden radikaalien aiheuttamilta vaurioilta.<\/p>\n<p>Ominaisuuksiensa ansiosta <strong>ergotioniini suojaa tehokkaasti ihoa UV-s\u00e4teiden haitallisilta vaikutuksilta<\/strong> minimoimalla reaktiivisten happilajien muodostumisen, mik\u00e4 v\u00e4hent\u00e4\u00e4 ihon s\u00e4teilyvaurioita. T\u00e4m\u00e4 on erityisen t\u00e4rke\u00e4\u00e4 ihon ik\u00e4\u00e4ntymiselt\u00e4 ja DNA-vaurioilta suojaamisen kannalta. Ergotioneiini <strong>kykenee<\/strong> my\u00f6s <strong>v\u00e4hent\u00e4m\u00e4\u00e4n tulehdusprosesseja<\/strong> ja suojaamaan vesiproteiineja hapettumisvaurioilta.<\/p>\n<p>In vitro -tutkimuksissa ergotioniini osoitti suurta tehoa <strong>antioksidanttina<\/strong>, mik\u00e4 vahvistettiin fysikaalis-kemiallisilla testeill\u00e4 sen kyvyst\u00e4 neutraloida vapaita DPPH-radikaaleja. Seeprakaloilla tehdyiss\u00e4 kokeissa havaittiin sen voimakkaita antioksidanttisia vaikutuksia.<\/p>\n<p>Ergotioneiinia k\u00e4ytet\u00e4\u00e4n monissa kosmetiikkatuotteissa, kuten silm\u00e4nymp\u00e4rysseerumeissa, -voiteissa ja -geeleiss\u00e4, joilla on valkaisevia, tummia silm\u00e4nalusia v\u00e4hent\u00e4vi\u00e4, ik\u00e4\u00e4ntymist\u00e4 est\u00e4vi\u00e4 ja kosteuttavia vaikutuksia. Se on monipuolinen yhdiste, joka vastaa ihon moninaisiin tarpeisiin ja suojaa sit\u00e4 ulkoisilta ja sis\u00e4isilt\u00e4 tekij\u00f6ilt\u00e4, jotka aiheuttavat ik\u00e4\u00e4ntymist\u00e4 ja vaurioita.<\/p>\n","protected":false},"excerpt":{"rendered":"<p><strong>Ergotioneiini<\/strong>, joka tunnetaan my\u00f6s nimell\u00e4 <strong>2-merkaptohistidiinitrimetyylibeta<\/strong> tai <strong>ergotioneiinialkaloidi<\/strong>, on ainutlaatuinen kosmetiikan vaikuttava aine, jolla on poikkeukselliset antioksidanttiset ja suojaavat ominaisuudet.<\/p>\n","protected":false},"featured_media":29595,"template":"","meta":{"_acf_changed":false},"product_brand":[],"product_cat":[2490],"product_tag":[],"class_list":{"0":"post-30009","1":"product","2":"type-product","3":"status-publish","4":"has-post-thumbnail","6":"product_cat-peptidit","7":"pa_metoda-pozyskiwania-biosynteesi","9":"first","10":"instock","11":"shipping-taxable","12":"product-type-simple"},"acf":[],"yoast_head":"<!-- This site is optimized with the Yoast SEO plugin v27.5 - https:\/\/yoast.com\/product\/yoast-seo-wordpress\/ -->\n<title>Ergotioneina - Tukkudistribuutio<\/title>\n<meta name=\"description\" content=\"Ergotioneiini, joka tunnetaan my\u00f6s nimell\u00e4 2-merkaptohistidiinitrimetyylibetaiini tai ergotialkaloidi, on ainutlaatuinen kosmetiikan vaikuttava aine.\" \/>\n<meta name=\"robots\" content=\"index, follow, max-snippet:-1, max-image-preview:large, max-video-preview:-1\" \/>\n<link rel=\"canonical\" href=\"https:\/\/naturalpoland.com\/fi\/tuotteet\/kosmetiikkateollisuuden-tuotteet\/peptidit\/ergotioneina\/\" \/>\n<meta property=\"og:locale\" content=\"fi_FI\" \/>\n<meta property=\"og:type\" content=\"article\" \/>\n<meta property=\"og:title\" content=\"Ergotioneina - Tukkudistribuutio\" \/>\n<meta property=\"og:description\" content=\"Ergotioneiini, joka tunnetaan my\u00f6s nimell\u00e4 2-merkaptohistidiinitrimetyylibetaiini tai ergotialkaloidi, on ainutlaatuinen kosmetiikan vaikuttava aine.\" \/>\n<meta property=\"og:url\" content=\"https:\/\/naturalpoland.com\/fi\/tuotteet\/kosmetiikkateollisuuden-tuotteet\/peptidit\/ergotioneina\/\" \/>\n<meta property=\"og:site_name\" content=\"NATURAL POLAND - RAAKA-AINEIDEN TUKKUJAKELIJA\" \/>\n<meta property=\"article:publisher\" content=\"https:\/\/www.facebook.com\/naturalpoland.b2b\" \/>\n<meta property=\"og:image\" content=\"https:\/\/naturalpoland.com\/wp-content\/uploads\/ergothioneine.webp\" \/>\n\t<meta property=\"og:image:width\" content=\"614\" \/>\n\t<meta property=\"og:image:height\" content=\"614\" \/>\n\t<meta property=\"og:image:type\" content=\"image\/webp\" \/>\n<script type=\"application\/ld+json\" class=\"yoast-schema-graph\">{\"@context\":\"https:\\\/\\\/schema.org\",\"@graph\":[{\"@type\":\"WebPage\",\"@id\":\"https:\\\/\\\/naturalpoland.com\\\/fi\\\/tuotteet\\\/kosmetiikkateollisuuden-tuotteet\\\/peptidit\\\/ergotioneina\\\/\",\"url\":\"https:\\\/\\\/naturalpoland.com\\\/fi\\\/tuotteet\\\/kosmetiikkateollisuuden-tuotteet\\\/peptidit\\\/ergotioneina\\\/\",\"name\":\"Ergotioneina - Tukkudistribuutio\",\"isPartOf\":{\"@id\":\"https:\\\/\\\/naturalpoland.com\\\/fi\\\/#website\"},\"primaryImageOfPage\":{\"@id\":\"https:\\\/\\\/naturalpoland.com\\\/fi\\\/tuotteet\\\/kosmetiikkateollisuuden-tuotteet\\\/peptidit\\\/ergotioneina\\\/#primaryimage\"},\"image\":{\"@id\":\"https:\\\/\\\/naturalpoland.com\\\/fi\\\/tuotteet\\\/kosmetiikkateollisuuden-tuotteet\\\/peptidit\\\/ergotioneina\\\/#primaryimage\"},\"thumbnailUrl\":\"https:\\\/\\\/naturalpoland.com\\\/wp-content\\\/uploads\\\/ergothioneine.webp\",\"datePublished\":\"2024-01-26T12:27:07+00:00\",\"description\":\"Ergotioneiini, joka tunnetaan my\u00f6s nimell\u00e4 2-merkaptohistidiinitrimetyylibetaiini tai ergotialkaloidi, on ainutlaatuinen kosmetiikan vaikuttava aine.\",\"breadcrumb\":{\"@id\":\"https:\\\/\\\/naturalpoland.com\\\/fi\\\/tuotteet\\\/kosmetiikkateollisuuden-tuotteet\\\/peptidit\\\/ergotioneina\\\/#breadcrumb\"},\"inLanguage\":\"fi\",\"potentialAction\":[{\"@type\":\"ReadAction\",\"target\":[\"https:\\\/\\\/naturalpoland.com\\\/fi\\\/tuotteet\\\/kosmetiikkateollisuuden-tuotteet\\\/peptidit\\\/ergotioneina\\\/\"]}]},{\"@type\":\"ImageObject\",\"inLanguage\":\"fi\",\"@id\":\"https:\\\/\\\/naturalpoland.com\\\/fi\\\/tuotteet\\\/kosmetiikkateollisuuden-tuotteet\\\/peptidit\\\/ergotioneina\\\/#primaryimage\",\"url\":\"https:\\\/\\\/naturalpoland.com\\\/wp-content\\\/uploads\\\/ergothioneine.webp\",\"contentUrl\":\"https:\\\/\\\/naturalpoland.com\\\/wp-content\\\/uploads\\\/ergothioneine.webp\",\"width\":614,\"height\":614,\"caption\":\"Ergotioneina\"},{\"@type\":\"BreadcrumbList\",\"@id\":\"https:\\\/\\\/naturalpoland.com\\\/fi\\\/tuotteet\\\/kosmetiikkateollisuuden-tuotteet\\\/peptidit\\\/ergotioneina\\\/#breadcrumb\",\"itemListElement\":[{\"@type\":\"ListItem\",\"position\":1,\"name\":\"Etusivu\",\"item\":\"https:\\\/\\\/naturalpoland.com\\\/fi\\\/\"},{\"@type\":\"ListItem\",\"position\":2,\"name\":\"Tuotteet\",\"item\":\"https:\\\/\\\/naturalpoland.com\\\/fi\\\/tuotteet\\\/\"},{\"@type\":\"ListItem\",\"position\":3,\"name\":\"Ergotioneina\"}]},{\"@type\":\"WebSite\",\"@id\":\"https:\\\/\\\/naturalpoland.com\\\/fi\\\/#website\",\"url\":\"https:\\\/\\\/naturalpoland.com\\\/fi\\\/\",\"name\":\"NATURAL POLAND - RAAKA-AINEIDEN TUKKUJAKELIJA\",\"description\":\"Surowce dla przemys\u0142u spo\u017cywczego, kosmetycznego i farmaceutycznego\",\"publisher\":{\"@id\":\"https:\\\/\\\/naturalpoland.com\\\/fi\\\/#organization\"},\"potentialAction\":[{\"@type\":\"SearchAction\",\"target\":{\"@type\":\"EntryPoint\",\"urlTemplate\":\"https:\\\/\\\/naturalpoland.com\\\/fi\\\/?s={search_term_string}\"},\"query-input\":{\"@type\":\"PropertyValueSpecification\",\"valueRequired\":true,\"valueName\":\"search_term_string\"}}],\"inLanguage\":\"fi\"},{\"@type\":\"Organization\",\"@id\":\"https:\\\/\\\/naturalpoland.com\\\/fi\\\/#organization\",\"name\":\"Natural Poland\",\"url\":\"https:\\\/\\\/naturalpoland.com\\\/fi\\\/\",\"logo\":{\"@type\":\"ImageObject\",\"inLanguage\":\"fi\",\"@id\":\"https:\\\/\\\/naturalpoland.com\\\/fi\\\/#\\\/schema\\\/logo\\\/image\\\/\",\"url\":\"https:\\\/\\\/naturalpoland.com\\\/wp-content\\\/uploads\\\/2021\\\/05\\\/natural-poland-icon.png\",\"contentUrl\":\"https:\\\/\\\/naturalpoland.com\\\/wp-content\\\/uploads\\\/2021\\\/05\\\/natural-poland-icon.png\",\"width\":512,\"height\":512,\"caption\":\"Natural Poland\"},\"image\":{\"@id\":\"https:\\\/\\\/naturalpoland.com\\\/fi\\\/#\\\/schema\\\/logo\\\/image\\\/\"},\"sameAs\":[\"https:\\\/\\\/www.facebook.com\\\/naturalpoland.b2b\",\"https:\\\/\\\/pl.linkedin.com\\\/company\\\/natural-poland\",\"https:\\\/\\\/www.youtube.com\\\/channel\\\/UCgeGGkvOMahZo-xu_MSEWxg\"]}]}<\/script>\n<!-- \/ Yoast SEO plugin. -->","yoast_head_json":{"title":"Ergotioneina - Tukkudistribuutio","description":"Ergotioneiini, joka tunnetaan my\u00f6s nimell\u00e4 2-merkaptohistidiinitrimetyylibetaiini tai ergotialkaloidi, on ainutlaatuinen kosmetiikan vaikuttava aine.","robots":{"index":"index","follow":"follow","max-snippet":"max-snippet:-1","max-image-preview":"max-image-preview:large","max-video-preview":"max-video-preview:-1"},"canonical":"https:\/\/naturalpoland.com\/fi\/tuotteet\/kosmetiikkateollisuuden-tuotteet\/peptidit\/ergotioneina\/","og_locale":"fi_FI","og_type":"article","og_title":"Ergotioneina - Tukkudistribuutio","og_description":"Ergotioneiini, joka tunnetaan my\u00f6s nimell\u00e4 2-merkaptohistidiinitrimetyylibetaiini tai ergotialkaloidi, on ainutlaatuinen kosmetiikan vaikuttava aine.","og_url":"https:\/\/naturalpoland.com\/fi\/tuotteet\/kosmetiikkateollisuuden-tuotteet\/peptidit\/ergotioneina\/","og_site_name":"NATURAL POLAND - RAAKA-AINEIDEN TUKKUJAKELIJA","article_publisher":"https:\/\/www.facebook.com\/naturalpoland.b2b","og_image":[{"width":614,"height":614,"url":"https:\/\/naturalpoland.com\/wp-content\/uploads\/ergothioneine.webp","type":"image\/webp"}],"schema":{"@context":"https:\/\/schema.org","@graph":[{"@type":"WebPage","@id":"https:\/\/naturalpoland.com\/fi\/tuotteet\/kosmetiikkateollisuuden-tuotteet\/peptidit\/ergotioneina\/","url":"https:\/\/naturalpoland.com\/fi\/tuotteet\/kosmetiikkateollisuuden-tuotteet\/peptidit\/ergotioneina\/","name":"Ergotioneina - Tukkudistribuutio","isPartOf":{"@id":"https:\/\/naturalpoland.com\/fi\/#website"},"primaryImageOfPage":{"@id":"https:\/\/naturalpoland.com\/fi\/tuotteet\/kosmetiikkateollisuuden-tuotteet\/peptidit\/ergotioneina\/#primaryimage"},"image":{"@id":"https:\/\/naturalpoland.com\/fi\/tuotteet\/kosmetiikkateollisuuden-tuotteet\/peptidit\/ergotioneina\/#primaryimage"},"thumbnailUrl":"https:\/\/naturalpoland.com\/wp-content\/uploads\/ergothioneine.webp","datePublished":"2024-01-26T12:27:07+00:00","description":"Ergotioneiini, joka tunnetaan my\u00f6s nimell\u00e4 2-merkaptohistidiinitrimetyylibetaiini tai ergotialkaloidi, on ainutlaatuinen kosmetiikan vaikuttava aine.","breadcrumb":{"@id":"https:\/\/naturalpoland.com\/fi\/tuotteet\/kosmetiikkateollisuuden-tuotteet\/peptidit\/ergotioneina\/#breadcrumb"},"inLanguage":"fi","potentialAction":[{"@type":"ReadAction","target":["https:\/\/naturalpoland.com\/fi\/tuotteet\/kosmetiikkateollisuuden-tuotteet\/peptidit\/ergotioneina\/"]}]},{"@type":"ImageObject","inLanguage":"fi","@id":"https:\/\/naturalpoland.com\/fi\/tuotteet\/kosmetiikkateollisuuden-tuotteet\/peptidit\/ergotioneina\/#primaryimage","url":"https:\/\/naturalpoland.com\/wp-content\/uploads\/ergothioneine.webp","contentUrl":"https:\/\/naturalpoland.com\/wp-content\/uploads\/ergothioneine.webp","width":614,"height":614,"caption":"Ergotioneina"},{"@type":"BreadcrumbList","@id":"https:\/\/naturalpoland.com\/fi\/tuotteet\/kosmetiikkateollisuuden-tuotteet\/peptidit\/ergotioneina\/#breadcrumb","itemListElement":[{"@type":"ListItem","position":1,"name":"Etusivu","item":"https:\/\/naturalpoland.com\/fi\/"},{"@type":"ListItem","position":2,"name":"Tuotteet","item":"https:\/\/naturalpoland.com\/fi\/tuotteet\/"},{"@type":"ListItem","position":3,"name":"Ergotioneina"}]},{"@type":"WebSite","@id":"https:\/\/naturalpoland.com\/fi\/#website","url":"https:\/\/naturalpoland.com\/fi\/","name":"NATURAL POLAND - RAAKA-AINEIDEN TUKKUJAKELIJA","description":"Surowce dla przemys\u0142u spo\u017cywczego, kosmetycznego i farmaceutycznego","publisher":{"@id":"https:\/\/naturalpoland.com\/fi\/#organization"},"potentialAction":[{"@type":"SearchAction","target":{"@type":"EntryPoint","urlTemplate":"https:\/\/naturalpoland.com\/fi\/?s={search_term_string}"},"query-input":{"@type":"PropertyValueSpecification","valueRequired":true,"valueName":"search_term_string"}}],"inLanguage":"fi"},{"@type":"Organization","@id":"https:\/\/naturalpoland.com\/fi\/#organization","name":"Natural Poland","url":"https:\/\/naturalpoland.com\/fi\/","logo":{"@type":"ImageObject","inLanguage":"fi","@id":"https:\/\/naturalpoland.com\/fi\/#\/schema\/logo\/image\/","url":"https:\/\/naturalpoland.com\/wp-content\/uploads\/2021\/05\/natural-poland-icon.png","contentUrl":"https:\/\/naturalpoland.com\/wp-content\/uploads\/2021\/05\/natural-poland-icon.png","width":512,"height":512,"caption":"Natural Poland"},"image":{"@id":"https:\/\/naturalpoland.com\/fi\/#\/schema\/logo\/image\/"},"sameAs":["https:\/\/www.facebook.com\/naturalpoland.b2b","https:\/\/pl.linkedin.com\/company\/natural-poland","https:\/\/www.youtube.com\/channel\/UCgeGGkvOMahZo-xu_MSEWxg"]}]}},"_links":{"self":[{"href":"https:\/\/naturalpoland.com\/fi\/wp-json\/wp\/v2\/product\/30009","targetHints":{"allow":["GET"]}}],"collection":[{"href":"https:\/\/naturalpoland.com\/fi\/wp-json\/wp\/v2\/product"}],"about":[{"href":"https:\/\/naturalpoland.com\/fi\/wp-json\/wp\/v2\/types\/product"}],"wp:featuredmedia":[{"embeddable":true,"href":"https:\/\/naturalpoland.com\/fi\/wp-json\/wp\/v2\/media\/29595"}],"wp:attachment":[{"href":"https:\/\/naturalpoland.com\/fi\/wp-json\/wp\/v2\/media?parent=30009"}],"wp:term":[{"taxonomy":"product_brand","embeddable":true,"href":"https:\/\/naturalpoland.com\/fi\/wp-json\/wp\/v2\/product_brand?post=30009"},{"taxonomy":"product_cat","embeddable":true,"href":"https:\/\/naturalpoland.com\/fi\/wp-json\/wp\/v2\/product_cat?post=30009"},{"taxonomy":"product_tag","embeddable":true,"href":"https:\/\/naturalpoland.com\/fi\/wp-json\/wp\/v2\/product_tag?post=30009"}],"curies":[{"name":"wp","href":"https:\/\/api.w.org\/{rel}","templated":true}]}}