{"id":30027,"date":"2024-01-25T14:50:31","date_gmt":"2024-01-26T14:13:04","guid":{"rendered":"https:\/\/naturalpoland.com\/produkty\/Ei-luokiteltu\/puuvillansiemenoljy\/"},"modified":"2024-01-26T15:13:04","modified_gmt":"2024-01-26T14:13:04","slug":"puuvillansiemenoljy","status":"publish","type":"product","link":"https:\/\/naturalpoland.com\/fi\/tuotteet\/kosmetiikkateollisuuden-tuotteet\/kosmeettiset-oljyt\/puuvillansiemenoljy\/","title":{"rendered":"Puuvillansiemen\u00f6ljy"},"content":{"rendered":"<p>Puuvillansiemen\u00f6ljylle on ominaista sen vaaleankeltainen v\u00e4ri ja l\u00e4hes huomaamaton haju, mink\u00e4 vuoksi se on erinomainen lis\u00e4 moniin kosmeettisiin ja farmaseuttisiin tuotteisiin.<\/p>\n<h2><strong>K\u00e4ytt\u00f6 ja ominaisuudet:<\/strong><\/h2>\n<ol>\n<li><strong>Kosmetiikka ja l\u00e4\u00e4kkeet:<\/strong> Puuvillansiemen\u00f6ljy\u00e4 arvostetaan sen kosteuttavien ja ihoa pehment\u00e4vien ominaisuuksien vuoksi. Runsaan rasvahappopitoisuutensa, kuten linolihapon, ansiosta \u00f6ljy on ihanteellinen ainesosa ihonhoitotuotteissa, hiustenhoitotuotteissa ja farmaseuttisissa valmisteissa.<\/li>\n<li><strong>Antioksidanttiset ominaisuudet:<\/strong> Se suojaa ihoa vapaiden radikaalien ja ulkoisten tekij\u00f6iden, kuten UV-s\u00e4teilyn, haitallisilta vaikutuksilta.<\/li>\n<li><strong>Ihoesteen tukeminen:<\/strong> Sen k\u00e4ytt\u00f6 kosmetiikassa voi auttaa yll\u00e4pit\u00e4m\u00e4\u00e4n ihon hydrolipidiesteen toimintaa, mik\u00e4 est\u00e4\u00e4 liiallisen kosteuden menetyksen.<\/li>\n<\/ol>\n<h2><strong>Turvallisuus ja vakaus:<\/strong><\/h2>\n<p>Puuvillansiemen\u00f6ljy on vakaa tuote, joka ei reagoi kemiallisesti normaaleissa varastointiolosuhteissa (alle 20 \u00b0C). Ei luokiteltu vaaralliseksi aineeksi REACH-asetuksen 2020\/878 mukaisesti. Se on turvallinen k\u00e4ytt\u00e4\u00e4, eik\u00e4 sill\u00e4 ole myrkyllisi\u00e4 tai \u00e4rsytt\u00e4vi\u00e4 ominaisuuksia.<\/p>\n<h2><strong>Varastointi ja k\u00e4ytt\u00f6:<\/strong><\/h2>\n<p>Tuotteen optimaalisen laadun varmistamiseksi se on s\u00e4ilytett\u00e4v\u00e4 tiiviisti suljetuissa astioissa kuivassa ja viile\u00e4ss\u00e4 paikassa, kaukana l\u00e4mp\u00f6- ja valonl\u00e4hteist\u00e4. Puuvillansiemen\u00f6ljy sopii erinomaisesti k\u00e4ytett\u00e4v\u00e4ksi tuotteissa, jotka vaativat pitk\u00e4kestoista kosteutusta ja ihon suojaa.<\/p>\n","protected":false},"excerpt":{"rendered":"<p><strong><em>Puuvillansiemen\u00f6ljy<\/em>(<em>Gossypium Herbaceum Seed<\/em><\/strong> Oil<strong>)<\/strong>, joka tunnetaan my\u00f6s nimell\u00e4 <strong>puuvillansiemen\u00f6ljy<\/strong>, on Gossypium Herbaceum -kasvin siemenist\u00e4 uutettu arvokas raaka-aine.<\/p>\n","protected":false},"featured_media":29880,"template":"","meta":{"_acf_changed":false},"product_brand":[],"product_cat":[542],"product_tag":[],"class_list":{"0":"post-30027","1":"product","2":"type-product","3":"status-publish","4":"has-post-thumbnail","6":"product_cat-kosmeettiset-oljyt","8":"first","9":"instock","10":"shipping-taxable","11":"product-type-simple"},"acf":[],"yoast_head":"<!-- This site is optimized with the Yoast SEO plugin v27.4 - https:\/\/yoast.com\/product\/yoast-seo-wordpress\/ -->\n<title>Puuvillansiemen\u00f6ljy - Tukkudistribuutio<\/title>\n<meta name=\"description\" content=\"Puuvillansiemen\u00f6ljylle on ominaista sen vaaleankeltainen v\u00e4ri ja l\u00e4hes huomaamaton haju, mik\u00e4 tekee siit\u00e4 erinomaisen lis\u00e4yksen kosmeettisiin tuotteisiin.\" \/>\n<meta name=\"robots\" content=\"index, follow, max-snippet:-1, max-image-preview:large, max-video-preview:-1\" \/>\n<link rel=\"canonical\" href=\"https:\/\/naturalpoland.com\/fi\/tuotteet\/kosmetiikkateollisuuden-tuotteet\/kosmeettiset-oljyt\/puuvillansiemenoljy\/\" \/>\n<meta property=\"og:locale\" content=\"fi_FI\" \/>\n<meta property=\"og:type\" content=\"article\" \/>\n<meta property=\"og:title\" content=\"Puuvillansiemen\u00f6ljy - Tukkudistribuutio\" \/>\n<meta property=\"og:description\" content=\"Puuvillansiemen\u00f6ljylle on ominaista sen vaaleankeltainen v\u00e4ri ja l\u00e4hes huomaamaton haju, mik\u00e4 tekee siit\u00e4 erinomaisen lis\u00e4yksen kosmeettisiin tuotteisiin.\" \/>\n<meta property=\"og:url\" content=\"https:\/\/naturalpoland.com\/fi\/tuotteet\/kosmetiikkateollisuuden-tuotteet\/kosmeettiset-oljyt\/puuvillansiemenoljy\/\" \/>\n<meta property=\"og:site_name\" content=\"NATURAL POLAND - RAAKA-AINEIDEN TUKKUJAKELIJA\" \/>\n<meta property=\"article:publisher\" content=\"https:\/\/www.facebook.com\/naturalpoland.b2b\" \/>\n<meta property=\"og:image\" content=\"https:\/\/naturalpoland.com\/wp-content\/uploads\/olej-bawelniany.webp\" \/>\n\t<meta property=\"og:image:width\" content=\"614\" \/>\n\t<meta property=\"og:image:height\" content=\"614\" \/>\n\t<meta property=\"og:image:type\" content=\"image\/webp\" \/>\n<script type=\"application\/ld+json\" class=\"yoast-schema-graph\">{\"@context\":\"https:\\\/\\\/schema.org\",\"@graph\":[{\"@type\":\"WebPage\",\"@id\":\"https:\\\/\\\/naturalpoland.com\\\/fi\\\/tuotteet\\\/kosmetiikkateollisuuden-tuotteet\\\/kosmeettiset-oljyt\\\/puuvillansiemenoljy\\\/\",\"url\":\"https:\\\/\\\/naturalpoland.com\\\/fi\\\/tuotteet\\\/kosmetiikkateollisuuden-tuotteet\\\/kosmeettiset-oljyt\\\/puuvillansiemenoljy\\\/\",\"name\":\"Puuvillansiemen\u00f6ljy - Tukkudistribuutio\",\"isPartOf\":{\"@id\":\"https:\\\/\\\/naturalpoland.com\\\/fi\\\/#website\"},\"primaryImageOfPage\":{\"@id\":\"https:\\\/\\\/naturalpoland.com\\\/fi\\\/tuotteet\\\/kosmetiikkateollisuuden-tuotteet\\\/kosmeettiset-oljyt\\\/puuvillansiemenoljy\\\/#primaryimage\"},\"image\":{\"@id\":\"https:\\\/\\\/naturalpoland.com\\\/fi\\\/tuotteet\\\/kosmetiikkateollisuuden-tuotteet\\\/kosmeettiset-oljyt\\\/puuvillansiemenoljy\\\/#primaryimage\"},\"thumbnailUrl\":\"https:\\\/\\\/naturalpoland.com\\\/wp-content\\\/uploads\\\/olej-bawelniany.webp\",\"datePublished\":\"2024-01-26T14:13:04+00:00\",\"description\":\"Puuvillansiemen\u00f6ljylle on ominaista sen vaaleankeltainen v\u00e4ri ja l\u00e4hes huomaamaton haju, mik\u00e4 tekee siit\u00e4 erinomaisen lis\u00e4yksen kosmeettisiin tuotteisiin.\",\"breadcrumb\":{\"@id\":\"https:\\\/\\\/naturalpoland.com\\\/fi\\\/tuotteet\\\/kosmetiikkateollisuuden-tuotteet\\\/kosmeettiset-oljyt\\\/puuvillansiemenoljy\\\/#breadcrumb\"},\"inLanguage\":\"fi\",\"potentialAction\":[{\"@type\":\"ReadAction\",\"target\":[\"https:\\\/\\\/naturalpoland.com\\\/fi\\\/tuotteet\\\/kosmetiikkateollisuuden-tuotteet\\\/kosmeettiset-oljyt\\\/puuvillansiemenoljy\\\/\"]}]},{\"@type\":\"ImageObject\",\"inLanguage\":\"fi\",\"@id\":\"https:\\\/\\\/naturalpoland.com\\\/fi\\\/tuotteet\\\/kosmetiikkateollisuuden-tuotteet\\\/kosmeettiset-oljyt\\\/puuvillansiemenoljy\\\/#primaryimage\",\"url\":\"https:\\\/\\\/naturalpoland.com\\\/wp-content\\\/uploads\\\/olej-bawelniany.webp\",\"contentUrl\":\"https:\\\/\\\/naturalpoland.com\\\/wp-content\\\/uploads\\\/olej-bawelniany.webp\",\"width\":614,\"height\":614,\"caption\":\"olej bawe\u0142niany\"},{\"@type\":\"BreadcrumbList\",\"@id\":\"https:\\\/\\\/naturalpoland.com\\\/fi\\\/tuotteet\\\/kosmetiikkateollisuuden-tuotteet\\\/kosmeettiset-oljyt\\\/puuvillansiemenoljy\\\/#breadcrumb\",\"itemListElement\":[{\"@type\":\"ListItem\",\"position\":1,\"name\":\"Etusivu\",\"item\":\"https:\\\/\\\/naturalpoland.com\\\/fi\\\/\"},{\"@type\":\"ListItem\",\"position\":2,\"name\":\"Tuotteet\",\"item\":\"https:\\\/\\\/naturalpoland.com\\\/fi\\\/tuotteet\\\/\"},{\"@type\":\"ListItem\",\"position\":3,\"name\":\"Puuvillansiemen\u00f6ljy\"}]},{\"@type\":\"WebSite\",\"@id\":\"https:\\\/\\\/naturalpoland.com\\\/fi\\\/#website\",\"url\":\"https:\\\/\\\/naturalpoland.com\\\/fi\\\/\",\"name\":\"NATURAL POLAND - RAAKA-AINEIDEN TUKKUJAKELIJA\",\"description\":\"Surowce dla przemys\u0142u spo\u017cywczego, kosmetycznego i farmaceutycznego\",\"publisher\":{\"@id\":\"https:\\\/\\\/naturalpoland.com\\\/fi\\\/#organization\"},\"potentialAction\":[{\"@type\":\"SearchAction\",\"target\":{\"@type\":\"EntryPoint\",\"urlTemplate\":\"https:\\\/\\\/naturalpoland.com\\\/fi\\\/?s={search_term_string}\"},\"query-input\":{\"@type\":\"PropertyValueSpecification\",\"valueRequired\":true,\"valueName\":\"search_term_string\"}}],\"inLanguage\":\"fi\"},{\"@type\":\"Organization\",\"@id\":\"https:\\\/\\\/naturalpoland.com\\\/fi\\\/#organization\",\"name\":\"Natural Poland\",\"url\":\"https:\\\/\\\/naturalpoland.com\\\/fi\\\/\",\"logo\":{\"@type\":\"ImageObject\",\"inLanguage\":\"fi\",\"@id\":\"https:\\\/\\\/naturalpoland.com\\\/fi\\\/#\\\/schema\\\/logo\\\/image\\\/\",\"url\":\"https:\\\/\\\/naturalpoland.com\\\/wp-content\\\/uploads\\\/2021\\\/05\\\/natural-poland-icon.png\",\"contentUrl\":\"https:\\\/\\\/naturalpoland.com\\\/wp-content\\\/uploads\\\/2021\\\/05\\\/natural-poland-icon.png\",\"width\":512,\"height\":512,\"caption\":\"Natural Poland\"},\"image\":{\"@id\":\"https:\\\/\\\/naturalpoland.com\\\/fi\\\/#\\\/schema\\\/logo\\\/image\\\/\"},\"sameAs\":[\"https:\\\/\\\/www.facebook.com\\\/naturalpoland.b2b\",\"https:\\\/\\\/pl.linkedin.com\\\/company\\\/natural-poland\",\"https:\\\/\\\/www.youtube.com\\\/channel\\\/UCgeGGkvOMahZo-xu_MSEWxg\"]}]}<\/script>\n<!-- \/ Yoast SEO plugin. -->","yoast_head_json":{"title":"Puuvillansiemen\u00f6ljy - Tukkudistribuutio","description":"Puuvillansiemen\u00f6ljylle on ominaista sen vaaleankeltainen v\u00e4ri ja l\u00e4hes huomaamaton haju, mik\u00e4 tekee siit\u00e4 erinomaisen lis\u00e4yksen kosmeettisiin tuotteisiin.","robots":{"index":"index","follow":"follow","max-snippet":"max-snippet:-1","max-image-preview":"max-image-preview:large","max-video-preview":"max-video-preview:-1"},"canonical":"https:\/\/naturalpoland.com\/fi\/tuotteet\/kosmetiikkateollisuuden-tuotteet\/kosmeettiset-oljyt\/puuvillansiemenoljy\/","og_locale":"fi_FI","og_type":"article","og_title":"Puuvillansiemen\u00f6ljy - Tukkudistribuutio","og_description":"Puuvillansiemen\u00f6ljylle on ominaista sen vaaleankeltainen v\u00e4ri ja l\u00e4hes huomaamaton haju, mik\u00e4 tekee siit\u00e4 erinomaisen lis\u00e4yksen kosmeettisiin tuotteisiin.","og_url":"https:\/\/naturalpoland.com\/fi\/tuotteet\/kosmetiikkateollisuuden-tuotteet\/kosmeettiset-oljyt\/puuvillansiemenoljy\/","og_site_name":"NATURAL POLAND - RAAKA-AINEIDEN TUKKUJAKELIJA","article_publisher":"https:\/\/www.facebook.com\/naturalpoland.b2b","og_image":[{"width":614,"height":614,"url":"https:\/\/naturalpoland.com\/wp-content\/uploads\/olej-bawelniany.webp","type":"image\/webp"}],"schema":{"@context":"https:\/\/schema.org","@graph":[{"@type":"WebPage","@id":"https:\/\/naturalpoland.com\/fi\/tuotteet\/kosmetiikkateollisuuden-tuotteet\/kosmeettiset-oljyt\/puuvillansiemenoljy\/","url":"https:\/\/naturalpoland.com\/fi\/tuotteet\/kosmetiikkateollisuuden-tuotteet\/kosmeettiset-oljyt\/puuvillansiemenoljy\/","name":"Puuvillansiemen\u00f6ljy - Tukkudistribuutio","isPartOf":{"@id":"https:\/\/naturalpoland.com\/fi\/#website"},"primaryImageOfPage":{"@id":"https:\/\/naturalpoland.com\/fi\/tuotteet\/kosmetiikkateollisuuden-tuotteet\/kosmeettiset-oljyt\/puuvillansiemenoljy\/#primaryimage"},"image":{"@id":"https:\/\/naturalpoland.com\/fi\/tuotteet\/kosmetiikkateollisuuden-tuotteet\/kosmeettiset-oljyt\/puuvillansiemenoljy\/#primaryimage"},"thumbnailUrl":"https:\/\/naturalpoland.com\/wp-content\/uploads\/olej-bawelniany.webp","datePublished":"2024-01-26T14:13:04+00:00","description":"Puuvillansiemen\u00f6ljylle on ominaista sen vaaleankeltainen v\u00e4ri ja l\u00e4hes huomaamaton haju, mik\u00e4 tekee siit\u00e4 erinomaisen lis\u00e4yksen kosmeettisiin tuotteisiin.","breadcrumb":{"@id":"https:\/\/naturalpoland.com\/fi\/tuotteet\/kosmetiikkateollisuuden-tuotteet\/kosmeettiset-oljyt\/puuvillansiemenoljy\/#breadcrumb"},"inLanguage":"fi","potentialAction":[{"@type":"ReadAction","target":["https:\/\/naturalpoland.com\/fi\/tuotteet\/kosmetiikkateollisuuden-tuotteet\/kosmeettiset-oljyt\/puuvillansiemenoljy\/"]}]},{"@type":"ImageObject","inLanguage":"fi","@id":"https:\/\/naturalpoland.com\/fi\/tuotteet\/kosmetiikkateollisuuden-tuotteet\/kosmeettiset-oljyt\/puuvillansiemenoljy\/#primaryimage","url":"https:\/\/naturalpoland.com\/wp-content\/uploads\/olej-bawelniany.webp","contentUrl":"https:\/\/naturalpoland.com\/wp-content\/uploads\/olej-bawelniany.webp","width":614,"height":614,"caption":"olej bawe\u0142niany"},{"@type":"BreadcrumbList","@id":"https:\/\/naturalpoland.com\/fi\/tuotteet\/kosmetiikkateollisuuden-tuotteet\/kosmeettiset-oljyt\/puuvillansiemenoljy\/#breadcrumb","itemListElement":[{"@type":"ListItem","position":1,"name":"Etusivu","item":"https:\/\/naturalpoland.com\/fi\/"},{"@type":"ListItem","position":2,"name":"Tuotteet","item":"https:\/\/naturalpoland.com\/fi\/tuotteet\/"},{"@type":"ListItem","position":3,"name":"Puuvillansiemen\u00f6ljy"}]},{"@type":"WebSite","@id":"https:\/\/naturalpoland.com\/fi\/#website","url":"https:\/\/naturalpoland.com\/fi\/","name":"NATURAL POLAND - RAAKA-AINEIDEN TUKKUJAKELIJA","description":"Surowce dla przemys\u0142u spo\u017cywczego, kosmetycznego i farmaceutycznego","publisher":{"@id":"https:\/\/naturalpoland.com\/fi\/#organization"},"potentialAction":[{"@type":"SearchAction","target":{"@type":"EntryPoint","urlTemplate":"https:\/\/naturalpoland.com\/fi\/?s={search_term_string}"},"query-input":{"@type":"PropertyValueSpecification","valueRequired":true,"valueName":"search_term_string"}}],"inLanguage":"fi"},{"@type":"Organization","@id":"https:\/\/naturalpoland.com\/fi\/#organization","name":"Natural Poland","url":"https:\/\/naturalpoland.com\/fi\/","logo":{"@type":"ImageObject","inLanguage":"fi","@id":"https:\/\/naturalpoland.com\/fi\/#\/schema\/logo\/image\/","url":"https:\/\/naturalpoland.com\/wp-content\/uploads\/2021\/05\/natural-poland-icon.png","contentUrl":"https:\/\/naturalpoland.com\/wp-content\/uploads\/2021\/05\/natural-poland-icon.png","width":512,"height":512,"caption":"Natural Poland"},"image":{"@id":"https:\/\/naturalpoland.com\/fi\/#\/schema\/logo\/image\/"},"sameAs":["https:\/\/www.facebook.com\/naturalpoland.b2b","https:\/\/pl.linkedin.com\/company\/natural-poland","https:\/\/www.youtube.com\/channel\/UCgeGGkvOMahZo-xu_MSEWxg"]}]}},"_links":{"self":[{"href":"https:\/\/naturalpoland.com\/fi\/wp-json\/wp\/v2\/product\/30027","targetHints":{"allow":["GET"]}}],"collection":[{"href":"https:\/\/naturalpoland.com\/fi\/wp-json\/wp\/v2\/product"}],"about":[{"href":"https:\/\/naturalpoland.com\/fi\/wp-json\/wp\/v2\/types\/product"}],"wp:featuredmedia":[{"embeddable":true,"href":"https:\/\/naturalpoland.com\/fi\/wp-json\/wp\/v2\/media\/29880"}],"wp:attachment":[{"href":"https:\/\/naturalpoland.com\/fi\/wp-json\/wp\/v2\/media?parent=30027"}],"wp:term":[{"taxonomy":"product_brand","embeddable":true,"href":"https:\/\/naturalpoland.com\/fi\/wp-json\/wp\/v2\/product_brand?post=30027"},{"taxonomy":"product_cat","embeddable":true,"href":"https:\/\/naturalpoland.com\/fi\/wp-json\/wp\/v2\/product_cat?post=30027"},{"taxonomy":"product_tag","embeddable":true,"href":"https:\/\/naturalpoland.com\/fi\/wp-json\/wp\/v2\/product_tag?post=30027"}],"curies":[{"name":"wp","href":"https:\/\/api.w.org\/{rel}","templated":true}]}}