{"id":30266,"date":"2024-02-01T14:59:39","date_gmt":"2024-02-01T14:02:21","guid":{"rendered":"https:\/\/naturalpoland.com\/produkty\/Ei-luokiteltu\/mumio-uute\/"},"modified":"2024-04-29T14:46:53","modified_gmt":"2024-04-29T12:46:53","slug":"mumio-uute","status":"publish","type":"product","link":"https:\/\/naturalpoland.com\/fi\/tuotteet\/kasviuutteet\/mumio-uute\/","title":{"rendered":"Mumio-uute"},"content":{"rendered":"<p>Mumiouute sis\u00e4lt\u00e4\u00e4 <strong>5-20 % fulvohappoa<\/strong>, mik\u00e4 osoittaa sen korkean laadun ja tehokkuuden. Se on hienojakoista ruskeaa jauhetta, jolla on ominainen haju ja maku, kuten aistinvaraiset testit vahvistavat. Tuote t\u00e4ytt\u00e4\u00e4 tiukat raskasmetalli- ja torjunta-ainepitoisuutta koskevat standardit, mik\u00e4 takaa turvallisuuden ja puhtauden.<\/p>\n<p>Shilajitia arvostetaan sen kattavien terveyshy\u00f6tyjen vuoksi, mukaan lukien <strong>immuunij\u00e4rjestelm\u00e4n toiminnan tukeminen<\/strong>, <strong>ihon kunnon parantaminen<\/strong> ja <strong>antioksidanttinen aktiivisuus<\/strong>. Sen ainutlaatuiset ominaisuudet johtuvat sen runsaasta fulvohappopitoisuudesta ja muista arvokkaista mineraaleista. Luonnollisen uuttoprosessin ansiosta se s\u00e4ilytt\u00e4\u00e4 t\u00e4rkeimm\u00e4t bioaktiiviset yhdisteet, mik\u00e4 tekee siit\u00e4 eritt\u00e4in tehokkaan monissa terveys- ja kosmetiikkasovelluksissa.<\/p>\n<p>Tuote on t\u00e4ysin vegaaneille ja kasvissy\u00f6jille sopiva. Shilajitia k\u00e4ytet\u00e4\u00e4n sek\u00e4 <strong>ravintolis\u00e4n\u00e4<\/strong> ett\u00e4 <strong>kosmetiikan tuotannossa<\/strong>, jossa hy\u00f6dynnet\u00e4\u00e4n sen uudistavia ja ravitsevia ominaisuuksia.<\/p>\n<p>Mumio-uutteen k\u00e4ytt\u00f6 voi tarjota merkitt\u00e4vi\u00e4 terveys- ja kauneushy\u00f6tyj\u00e4, joilla on my\u00f6nteinen vaikutus kehon yleiseen terveyteen ja ihon kuntoon. Sen luonnollinen alkuper\u00e4 ja k\u00e4ymismenetelm\u00e4 takaavat, ett\u00e4 se s\u00e4ilytt\u00e4\u00e4 erinomaisen laadun ja tehokkuuden.<\/p>\n","protected":false},"excerpt":{"rendered":"<p><strong>Muumiouute<\/strong>, joka tunnetaan my\u00f6s nimell\u00e4 <strong>Shilajit<\/strong>, on arvostettu ainesosa, jota k\u00e4ytet\u00e4\u00e4n perinteisess\u00e4 aasialaisessa l\u00e4\u00e4ketieteess\u00e4 ja joka uutetaan Kiinan vuoristossa sijaitsevista luonnon monimutkaisista l\u00e4hteist\u00e4.<\/p>\n","protected":false},"featured_media":30223,"template":"","meta":{"_acf_changed":false},"product_brand":[],"product_cat":[528],"product_tag":[],"class_list":{"0":"post-30266","1":"product","2":"type-product","3":"status-publish","4":"has-post-thumbnail","6":"product_cat-kasviuutteet","7":"pa_certyfikaty-halal-fi","8":"pa_certyfikaty-kosher-sertifikaatti","10":"first","11":"instock","12":"shipping-taxable","13":"product-type-simple"},"acf":[],"yoast_head":"<!-- This site is optimized with the Yoast SEO plugin v27.5 - https:\/\/yoast.com\/product\/yoast-seo-wordpress\/ -->\n<title>Mumio-uute - Tukkudistribuutio<\/title>\n<meta name=\"description\" content=\"Mumio-uute, joka tunnetaan my\u00f6s nimell\u00e4 Shilajit, on arvostettu ainesosa, jota k\u00e4ytet\u00e4\u00e4n perinteisess\u00e4 aasialaisessa l\u00e4\u00e4ketieteess\u00e4, ja se uutetaan luonnollisista l\u00e4hteist\u00e4.\" \/>\n<meta name=\"robots\" content=\"index, follow, max-snippet:-1, max-image-preview:large, max-video-preview:-1\" \/>\n<link rel=\"canonical\" href=\"https:\/\/naturalpoland.com\/fi\/tuotteet\/kasviuutteet\/mumio-uute\/\" \/>\n<meta property=\"og:locale\" content=\"fi_FI\" \/>\n<meta property=\"og:type\" content=\"article\" \/>\n<meta property=\"og:title\" content=\"Mumio-uute - Tukkudistribuutio\" \/>\n<meta property=\"og:description\" content=\"Mumio-uute, joka tunnetaan my\u00f6s nimell\u00e4 Shilajit, on arvostettu ainesosa, jota k\u00e4ytet\u00e4\u00e4n perinteisess\u00e4 aasialaisessa l\u00e4\u00e4ketieteess\u00e4, ja se uutetaan luonnollisista l\u00e4hteist\u00e4.\" \/>\n<meta property=\"og:url\" content=\"https:\/\/naturalpoland.com\/fi\/tuotteet\/kasviuutteet\/mumio-uute\/\" \/>\n<meta property=\"og:site_name\" content=\"NATURAL POLAND - RAAKA-AINEIDEN TUKKUJAKELIJA\" \/>\n<meta property=\"article:publisher\" content=\"https:\/\/www.facebook.com\/naturalpoland.b2b\" \/>\n<meta property=\"article:modified_time\" content=\"2024-04-29T12:46:53+00:00\" \/>\n<meta property=\"og:image\" content=\"https:\/\/naturalpoland.com\/wp-content\/uploads\/shilajit_extract.webp\" \/>\n\t<meta property=\"og:image:width\" content=\"613\" \/>\n\t<meta property=\"og:image:height\" content=\"613\" \/>\n\t<meta property=\"og:image:type\" content=\"image\/webp\" \/>\n<script type=\"application\/ld+json\" class=\"yoast-schema-graph\">{\"@context\":\"https:\\\/\\\/schema.org\",\"@graph\":[{\"@type\":\"WebPage\",\"@id\":\"https:\\\/\\\/naturalpoland.com\\\/fi\\\/tuotteet\\\/kasviuutteet\\\/mumio-uute\\\/\",\"url\":\"https:\\\/\\\/naturalpoland.com\\\/fi\\\/tuotteet\\\/kasviuutteet\\\/mumio-uute\\\/\",\"name\":\"Mumio-uute - Tukkudistribuutio\",\"isPartOf\":{\"@id\":\"https:\\\/\\\/naturalpoland.com\\\/fi\\\/#website\"},\"primaryImageOfPage\":{\"@id\":\"https:\\\/\\\/naturalpoland.com\\\/fi\\\/tuotteet\\\/kasviuutteet\\\/mumio-uute\\\/#primaryimage\"},\"image\":{\"@id\":\"https:\\\/\\\/naturalpoland.com\\\/fi\\\/tuotteet\\\/kasviuutteet\\\/mumio-uute\\\/#primaryimage\"},\"thumbnailUrl\":\"https:\\\/\\\/naturalpoland.com\\\/wp-content\\\/uploads\\\/shilajit_extract.webp\",\"datePublished\":\"2024-02-01T14:02:21+00:00\",\"dateModified\":\"2024-04-29T12:46:53+00:00\",\"description\":\"Mumio-uute, joka tunnetaan my\u00f6s nimell\u00e4 Shilajit, on arvostettu ainesosa, jota k\u00e4ytet\u00e4\u00e4n perinteisess\u00e4 aasialaisessa l\u00e4\u00e4ketieteess\u00e4, ja se uutetaan luonnollisista l\u00e4hteist\u00e4.\",\"breadcrumb\":{\"@id\":\"https:\\\/\\\/naturalpoland.com\\\/fi\\\/tuotteet\\\/kasviuutteet\\\/mumio-uute\\\/#breadcrumb\"},\"inLanguage\":\"fi\",\"potentialAction\":[{\"@type\":\"ReadAction\",\"target\":[\"https:\\\/\\\/naturalpoland.com\\\/fi\\\/tuotteet\\\/kasviuutteet\\\/mumio-uute\\\/\"]}]},{\"@type\":\"ImageObject\",\"inLanguage\":\"fi\",\"@id\":\"https:\\\/\\\/naturalpoland.com\\\/fi\\\/tuotteet\\\/kasviuutteet\\\/mumio-uute\\\/#primaryimage\",\"url\":\"https:\\\/\\\/naturalpoland.com\\\/wp-content\\\/uploads\\\/shilajit_extract.webp\",\"contentUrl\":\"https:\\\/\\\/naturalpoland.com\\\/wp-content\\\/uploads\\\/shilajit_extract.webp\",\"width\":613,\"height\":613,\"caption\":\"ekstrakt z mumio\"},{\"@type\":\"BreadcrumbList\",\"@id\":\"https:\\\/\\\/naturalpoland.com\\\/fi\\\/tuotteet\\\/kasviuutteet\\\/mumio-uute\\\/#breadcrumb\",\"itemListElement\":[{\"@type\":\"ListItem\",\"position\":1,\"name\":\"Etusivu\",\"item\":\"https:\\\/\\\/naturalpoland.com\\\/fi\\\/\"},{\"@type\":\"ListItem\",\"position\":2,\"name\":\"Tuotteet\",\"item\":\"https:\\\/\\\/naturalpoland.com\\\/fi\\\/tuotteet\\\/\"},{\"@type\":\"ListItem\",\"position\":3,\"name\":\"Mumio-uute\"}]},{\"@type\":\"WebSite\",\"@id\":\"https:\\\/\\\/naturalpoland.com\\\/fi\\\/#website\",\"url\":\"https:\\\/\\\/naturalpoland.com\\\/fi\\\/\",\"name\":\"NATURAL POLAND - RAAKA-AINEIDEN TUKKUJAKELIJA\",\"description\":\"Surowce dla przemys\u0142u spo\u017cywczego, kosmetycznego i farmaceutycznego\",\"publisher\":{\"@id\":\"https:\\\/\\\/naturalpoland.com\\\/fi\\\/#organization\"},\"potentialAction\":[{\"@type\":\"SearchAction\",\"target\":{\"@type\":\"EntryPoint\",\"urlTemplate\":\"https:\\\/\\\/naturalpoland.com\\\/fi\\\/?s={search_term_string}\"},\"query-input\":{\"@type\":\"PropertyValueSpecification\",\"valueRequired\":true,\"valueName\":\"search_term_string\"}}],\"inLanguage\":\"fi\"},{\"@type\":\"Organization\",\"@id\":\"https:\\\/\\\/naturalpoland.com\\\/fi\\\/#organization\",\"name\":\"Natural Poland\",\"url\":\"https:\\\/\\\/naturalpoland.com\\\/fi\\\/\",\"logo\":{\"@type\":\"ImageObject\",\"inLanguage\":\"fi\",\"@id\":\"https:\\\/\\\/naturalpoland.com\\\/fi\\\/#\\\/schema\\\/logo\\\/image\\\/\",\"url\":\"https:\\\/\\\/naturalpoland.com\\\/wp-content\\\/uploads\\\/2021\\\/05\\\/natural-poland-icon.png\",\"contentUrl\":\"https:\\\/\\\/naturalpoland.com\\\/wp-content\\\/uploads\\\/2021\\\/05\\\/natural-poland-icon.png\",\"width\":512,\"height\":512,\"caption\":\"Natural Poland\"},\"image\":{\"@id\":\"https:\\\/\\\/naturalpoland.com\\\/fi\\\/#\\\/schema\\\/logo\\\/image\\\/\"},\"sameAs\":[\"https:\\\/\\\/www.facebook.com\\\/naturalpoland.b2b\",\"https:\\\/\\\/pl.linkedin.com\\\/company\\\/natural-poland\",\"https:\\\/\\\/www.youtube.com\\\/channel\\\/UCgeGGkvOMahZo-xu_MSEWxg\"]}]}<\/script>\n<!-- \/ Yoast SEO plugin. -->","yoast_head_json":{"title":"Mumio-uute - Tukkudistribuutio","description":"Mumio-uute, joka tunnetaan my\u00f6s nimell\u00e4 Shilajit, on arvostettu ainesosa, jota k\u00e4ytet\u00e4\u00e4n perinteisess\u00e4 aasialaisessa l\u00e4\u00e4ketieteess\u00e4, ja se uutetaan luonnollisista l\u00e4hteist\u00e4.","robots":{"index":"index","follow":"follow","max-snippet":"max-snippet:-1","max-image-preview":"max-image-preview:large","max-video-preview":"max-video-preview:-1"},"canonical":"https:\/\/naturalpoland.com\/fi\/tuotteet\/kasviuutteet\/mumio-uute\/","og_locale":"fi_FI","og_type":"article","og_title":"Mumio-uute - Tukkudistribuutio","og_description":"Mumio-uute, joka tunnetaan my\u00f6s nimell\u00e4 Shilajit, on arvostettu ainesosa, jota k\u00e4ytet\u00e4\u00e4n perinteisess\u00e4 aasialaisessa l\u00e4\u00e4ketieteess\u00e4, ja se uutetaan luonnollisista l\u00e4hteist\u00e4.","og_url":"https:\/\/naturalpoland.com\/fi\/tuotteet\/kasviuutteet\/mumio-uute\/","og_site_name":"NATURAL POLAND - RAAKA-AINEIDEN TUKKUJAKELIJA","article_publisher":"https:\/\/www.facebook.com\/naturalpoland.b2b","article_modified_time":"2024-04-29T12:46:53+00:00","og_image":[{"width":613,"height":613,"url":"https:\/\/naturalpoland.com\/wp-content\/uploads\/shilajit_extract.webp","type":"image\/webp"}],"schema":{"@context":"https:\/\/schema.org","@graph":[{"@type":"WebPage","@id":"https:\/\/naturalpoland.com\/fi\/tuotteet\/kasviuutteet\/mumio-uute\/","url":"https:\/\/naturalpoland.com\/fi\/tuotteet\/kasviuutteet\/mumio-uute\/","name":"Mumio-uute - Tukkudistribuutio","isPartOf":{"@id":"https:\/\/naturalpoland.com\/fi\/#website"},"primaryImageOfPage":{"@id":"https:\/\/naturalpoland.com\/fi\/tuotteet\/kasviuutteet\/mumio-uute\/#primaryimage"},"image":{"@id":"https:\/\/naturalpoland.com\/fi\/tuotteet\/kasviuutteet\/mumio-uute\/#primaryimage"},"thumbnailUrl":"https:\/\/naturalpoland.com\/wp-content\/uploads\/shilajit_extract.webp","datePublished":"2024-02-01T14:02:21+00:00","dateModified":"2024-04-29T12:46:53+00:00","description":"Mumio-uute, joka tunnetaan my\u00f6s nimell\u00e4 Shilajit, on arvostettu ainesosa, jota k\u00e4ytet\u00e4\u00e4n perinteisess\u00e4 aasialaisessa l\u00e4\u00e4ketieteess\u00e4, ja se uutetaan luonnollisista l\u00e4hteist\u00e4.","breadcrumb":{"@id":"https:\/\/naturalpoland.com\/fi\/tuotteet\/kasviuutteet\/mumio-uute\/#breadcrumb"},"inLanguage":"fi","potentialAction":[{"@type":"ReadAction","target":["https:\/\/naturalpoland.com\/fi\/tuotteet\/kasviuutteet\/mumio-uute\/"]}]},{"@type":"ImageObject","inLanguage":"fi","@id":"https:\/\/naturalpoland.com\/fi\/tuotteet\/kasviuutteet\/mumio-uute\/#primaryimage","url":"https:\/\/naturalpoland.com\/wp-content\/uploads\/shilajit_extract.webp","contentUrl":"https:\/\/naturalpoland.com\/wp-content\/uploads\/shilajit_extract.webp","width":613,"height":613,"caption":"ekstrakt z mumio"},{"@type":"BreadcrumbList","@id":"https:\/\/naturalpoland.com\/fi\/tuotteet\/kasviuutteet\/mumio-uute\/#breadcrumb","itemListElement":[{"@type":"ListItem","position":1,"name":"Etusivu","item":"https:\/\/naturalpoland.com\/fi\/"},{"@type":"ListItem","position":2,"name":"Tuotteet","item":"https:\/\/naturalpoland.com\/fi\/tuotteet\/"},{"@type":"ListItem","position":3,"name":"Mumio-uute"}]},{"@type":"WebSite","@id":"https:\/\/naturalpoland.com\/fi\/#website","url":"https:\/\/naturalpoland.com\/fi\/","name":"NATURAL POLAND - RAAKA-AINEIDEN TUKKUJAKELIJA","description":"Surowce dla przemys\u0142u spo\u017cywczego, kosmetycznego i farmaceutycznego","publisher":{"@id":"https:\/\/naturalpoland.com\/fi\/#organization"},"potentialAction":[{"@type":"SearchAction","target":{"@type":"EntryPoint","urlTemplate":"https:\/\/naturalpoland.com\/fi\/?s={search_term_string}"},"query-input":{"@type":"PropertyValueSpecification","valueRequired":true,"valueName":"search_term_string"}}],"inLanguage":"fi"},{"@type":"Organization","@id":"https:\/\/naturalpoland.com\/fi\/#organization","name":"Natural Poland","url":"https:\/\/naturalpoland.com\/fi\/","logo":{"@type":"ImageObject","inLanguage":"fi","@id":"https:\/\/naturalpoland.com\/fi\/#\/schema\/logo\/image\/","url":"https:\/\/naturalpoland.com\/wp-content\/uploads\/2021\/05\/natural-poland-icon.png","contentUrl":"https:\/\/naturalpoland.com\/wp-content\/uploads\/2021\/05\/natural-poland-icon.png","width":512,"height":512,"caption":"Natural Poland"},"image":{"@id":"https:\/\/naturalpoland.com\/fi\/#\/schema\/logo\/image\/"},"sameAs":["https:\/\/www.facebook.com\/naturalpoland.b2b","https:\/\/pl.linkedin.com\/company\/natural-poland","https:\/\/www.youtube.com\/channel\/UCgeGGkvOMahZo-xu_MSEWxg"]}]}},"_links":{"self":[{"href":"https:\/\/naturalpoland.com\/fi\/wp-json\/wp\/v2\/product\/30266","targetHints":{"allow":["GET"]}}],"collection":[{"href":"https:\/\/naturalpoland.com\/fi\/wp-json\/wp\/v2\/product"}],"about":[{"href":"https:\/\/naturalpoland.com\/fi\/wp-json\/wp\/v2\/types\/product"}],"wp:featuredmedia":[{"embeddable":true,"href":"https:\/\/naturalpoland.com\/fi\/wp-json\/wp\/v2\/media\/30223"}],"wp:attachment":[{"href":"https:\/\/naturalpoland.com\/fi\/wp-json\/wp\/v2\/media?parent=30266"}],"wp:term":[{"taxonomy":"product_brand","embeddable":true,"href":"https:\/\/naturalpoland.com\/fi\/wp-json\/wp\/v2\/product_brand?post=30266"},{"taxonomy":"product_cat","embeddable":true,"href":"https:\/\/naturalpoland.com\/fi\/wp-json\/wp\/v2\/product_cat?post=30266"},{"taxonomy":"product_tag","embeddable":true,"href":"https:\/\/naturalpoland.com\/fi\/wp-json\/wp\/v2\/product_tag?post=30266"}],"curies":[{"name":"wp","href":"https:\/\/api.w.org\/{rel}","templated":true}]}}