{"id":30281,"date":"2024-01-25T15:30:07","date_gmt":"2024-02-01T14:02:51","guid":{"rendered":"https:\/\/naturalpoland.com\/produkty\/Ei-luokiteltu\/perulainen-pippuriuute\/"},"modified":"2024-04-29T14:48:29","modified_gmt":"2024-04-29T12:48:29","slug":"perulainen-pippuriuute","status":"publish","type":"product","link":"https:\/\/naturalpoland.com\/fi\/tuotteet\/kasviuutteet\/perulainen-pippuriuute\/","title":{"rendered":"Perulainen pippuriuute"},"content":{"rendered":"<p>T\u00e4m\u00e4 Kiinasta per\u00e4isin oleva perulaispippuriuute on valmistettu kasvin juuresta, ja sille on ominaista ruskea v\u00e4ri, erottuva tuoksu ja maku. Sen hienoksi jauhettu jauhe l\u00e4p\u00e4isee 80-silm\u00e4isen seulan, mik\u00e4 takaa tasaisen koostumuksen.<\/p>\n<p>Uutteen kosteuspitoisuus pidet\u00e4\u00e4n alle 5 prosentissa ja tuhkapitoisuus enint\u00e4\u00e4n 5 prosentissa. Tuote ei sis\u00e4ll\u00e4 muuntogeenisi\u00e4 organismeja ja t\u00e4ytt\u00e4\u00e4 USP:n vaatimukset torjunta-ainej\u00e4\u00e4mien osalta. Raskasmetalleja koskevat testit vahvistavat, ett\u00e4 arseenin, elohopean, lyijyn ja kadmiumin pitoisuudet ovat alle asetettujen raja-arvojen, mik\u00e4 osoittaa sen turvallisuuden. Lis\u00e4ksi uutteessa ei ole mikrobiologisia vaaratekij\u00f6it\u00e4, kuten E.coli-, Salmonella- ja Staphylococcus aureus -bakteereja.<\/p>\n<h2>Ominaisuudet ja sovellukset<\/h2>\n<p>Perunalainen pippuriuute on tunnettu korkeasta luonnollisten ravintoaineiden, kuten vitamiinien, kivenn\u00e4isaineiden ja aminohappojen, pitoisuudestaan. Se on suosittu ravintolisien ainesosa sen <strong>adaptogeenisten ominaisuuksien<\/strong> vuoksi, jotka auttavat kehoa selviytym\u00e4\u00e4n stressist\u00e4 ja lis\u00e4\u00e4v\u00e4t yleist\u00e4 kest\u00e4vyytt\u00e4 ja energiaa. Sit\u00e4 k\u00e4ytet\u00e4\u00e4n my\u00f6s sen my\u00f6nteisten vaikutusten vuoksi hormonitasapainoon, seksuaaliterveyteen ja kognitiivisiin toimintoihin.<\/p>\n<p>Perunan pippuriuutteen k\u00e4ytt\u00f6 on monipuolista ravintolisist\u00e4 kosmeettisiin sovelluksiin sen runsaan ravintoainepitoisuuden ja mahdollisten terveyshy\u00f6tyjen ansiosta.<\/p>\n","protected":false},"excerpt":{"rendered":"<p><strong>Perunalainen pippuriuute<\/strong>, joka tunnetaan tieteellisesti nimell\u00e4 <strong>Lepidium Meyenii<\/strong>, on arvostettu ravintolis\u00e4, joka on tunnustettu poikkeuksellisista terveys- ja ravitsemuksellisista ominaisuuksistaan.<\/p>\n","protected":false},"featured_media":29893,"template":"","meta":[],"product_brand":[],"product_cat":[528],"product_tag":[],"class_list":{"0":"post-30281","1":"product","2":"type-product","3":"status-publish","4":"has-post-thumbnail","6":"product_cat-kasviuutteet","7":"pa_certyfikaty-halal-fi","8":"pa_certyfikaty-kosher-sertifikaatti","9":"pa_czesc-rosliny-root-fi","11":"first","12":"instock","13":"shipping-taxable","14":"product-type-simple"},"yoast_head":"<!-- This site is optimized with the Yoast SEO plugin v27.4 - https:\/\/yoast.com\/product\/yoast-seo-wordpress\/ -->\n<title>Perulainen pippuriuute - Tukkudistribuutio<\/title>\n<meta name=\"description\" content=\"Perulainen paprikauute on arvostettu lis\u00e4 ravintolisiin, ja sen ainutlaatuiset terveys- ja ravitsemukselliset ominaisuudet tunnetaan.\" \/>\n<meta name=\"robots\" content=\"index, follow, max-snippet:-1, max-image-preview:large, max-video-preview:-1\" \/>\n<link rel=\"canonical\" href=\"https:\/\/naturalpoland.com\/fi\/tuotteet\/kasviuutteet\/perulainen-pippuriuute\/\" \/>\n<meta property=\"og:locale\" content=\"fi_FI\" \/>\n<meta property=\"og:type\" content=\"article\" \/>\n<meta property=\"og:title\" content=\"Perulainen pippuriuute - Tukkudistribuutio\" \/>\n<meta property=\"og:description\" content=\"Perulainen paprikauute on arvostettu lis\u00e4 ravintolisiin, ja sen ainutlaatuiset terveys- ja ravitsemukselliset ominaisuudet tunnetaan.\" \/>\n<meta property=\"og:url\" content=\"https:\/\/naturalpoland.com\/fi\/tuotteet\/kasviuutteet\/perulainen-pippuriuute\/\" \/>\n<meta property=\"og:site_name\" content=\"NATURAL POLAND - RAAKA-AINEIDEN TUKKUJAKELIJA\" \/>\n<meta property=\"article:publisher\" content=\"https:\/\/www.facebook.com\/naturalpoland.b2b\" \/>\n<meta property=\"article:modified_time\" content=\"2024-04-29T12:48:29+00:00\" \/>\n<meta property=\"og:image\" content=\"https:\/\/naturalpoland.com\/wp-content\/uploads\/ekstrakt-z-pieprzycy-peruwianskiej.webp\" \/>\n\t<meta property=\"og:image:width\" content=\"614\" \/>\n\t<meta property=\"og:image:height\" content=\"614\" \/>\n\t<meta property=\"og:image:type\" content=\"image\/webp\" \/>\n<script type=\"application\/ld+json\" class=\"yoast-schema-graph\">{\"@context\":\"https:\\\/\\\/schema.org\",\"@graph\":[{\"@type\":\"WebPage\",\"@id\":\"https:\\\/\\\/naturalpoland.com\\\/fi\\\/tuotteet\\\/kasviuutteet\\\/perulainen-pippuriuute\\\/\",\"url\":\"https:\\\/\\\/naturalpoland.com\\\/fi\\\/tuotteet\\\/kasviuutteet\\\/perulainen-pippuriuute\\\/\",\"name\":\"Perulainen pippuriuute - Tukkudistribuutio\",\"isPartOf\":{\"@id\":\"https:\\\/\\\/naturalpoland.com\\\/fi\\\/#website\"},\"primaryImageOfPage\":{\"@id\":\"https:\\\/\\\/naturalpoland.com\\\/fi\\\/tuotteet\\\/kasviuutteet\\\/perulainen-pippuriuute\\\/#primaryimage\"},\"image\":{\"@id\":\"https:\\\/\\\/naturalpoland.com\\\/fi\\\/tuotteet\\\/kasviuutteet\\\/perulainen-pippuriuute\\\/#primaryimage\"},\"thumbnailUrl\":\"https:\\\/\\\/naturalpoland.com\\\/wp-content\\\/uploads\\\/ekstrakt-z-pieprzycy-peruwianskiej.webp\",\"datePublished\":\"2024-02-01T14:02:51+00:00\",\"dateModified\":\"2024-04-29T12:48:29+00:00\",\"description\":\"Perulainen paprikauute on arvostettu lis\u00e4 ravintolisiin, ja sen ainutlaatuiset terveys- ja ravitsemukselliset ominaisuudet tunnetaan.\",\"breadcrumb\":{\"@id\":\"https:\\\/\\\/naturalpoland.com\\\/fi\\\/tuotteet\\\/kasviuutteet\\\/perulainen-pippuriuute\\\/#breadcrumb\"},\"inLanguage\":\"fi\",\"potentialAction\":[{\"@type\":\"ReadAction\",\"target\":[\"https:\\\/\\\/naturalpoland.com\\\/fi\\\/tuotteet\\\/kasviuutteet\\\/perulainen-pippuriuute\\\/\"]}]},{\"@type\":\"ImageObject\",\"inLanguage\":\"fi\",\"@id\":\"https:\\\/\\\/naturalpoland.com\\\/fi\\\/tuotteet\\\/kasviuutteet\\\/perulainen-pippuriuute\\\/#primaryimage\",\"url\":\"https:\\\/\\\/naturalpoland.com\\\/wp-content\\\/uploads\\\/ekstrakt-z-pieprzycy-peruwianskiej.webp\",\"contentUrl\":\"https:\\\/\\\/naturalpoland.com\\\/wp-content\\\/uploads\\\/ekstrakt-z-pieprzycy-peruwianskiej.webp\",\"width\":614,\"height\":614,\"caption\":\"ekstrakt z pieprzycy peruwia\u0144skiej\"},{\"@type\":\"BreadcrumbList\",\"@id\":\"https:\\\/\\\/naturalpoland.com\\\/fi\\\/tuotteet\\\/kasviuutteet\\\/perulainen-pippuriuute\\\/#breadcrumb\",\"itemListElement\":[{\"@type\":\"ListItem\",\"position\":1,\"name\":\"Etusivu\",\"item\":\"https:\\\/\\\/naturalpoland.com\\\/fi\\\/\"},{\"@type\":\"ListItem\",\"position\":2,\"name\":\"Tuotteet\",\"item\":\"https:\\\/\\\/naturalpoland.com\\\/fi\\\/tuotteet\\\/\"},{\"@type\":\"ListItem\",\"position\":3,\"name\":\"Perulainen pippuriuute\"}]},{\"@type\":\"WebSite\",\"@id\":\"https:\\\/\\\/naturalpoland.com\\\/fi\\\/#website\",\"url\":\"https:\\\/\\\/naturalpoland.com\\\/fi\\\/\",\"name\":\"NATURAL POLAND - RAAKA-AINEIDEN TUKKUJAKELIJA\",\"description\":\"Surowce dla przemys\u0142u spo\u017cywczego, kosmetycznego i farmaceutycznego\",\"publisher\":{\"@id\":\"https:\\\/\\\/naturalpoland.com\\\/fi\\\/#organization\"},\"potentialAction\":[{\"@type\":\"SearchAction\",\"target\":{\"@type\":\"EntryPoint\",\"urlTemplate\":\"https:\\\/\\\/naturalpoland.com\\\/fi\\\/?s={search_term_string}\"},\"query-input\":{\"@type\":\"PropertyValueSpecification\",\"valueRequired\":true,\"valueName\":\"search_term_string\"}}],\"inLanguage\":\"fi\"},{\"@type\":\"Organization\",\"@id\":\"https:\\\/\\\/naturalpoland.com\\\/fi\\\/#organization\",\"name\":\"Natural Poland\",\"url\":\"https:\\\/\\\/naturalpoland.com\\\/fi\\\/\",\"logo\":{\"@type\":\"ImageObject\",\"inLanguage\":\"fi\",\"@id\":\"https:\\\/\\\/naturalpoland.com\\\/fi\\\/#\\\/schema\\\/logo\\\/image\\\/\",\"url\":\"https:\\\/\\\/naturalpoland.com\\\/wp-content\\\/uploads\\\/2021\\\/05\\\/natural-poland-icon.png\",\"contentUrl\":\"https:\\\/\\\/naturalpoland.com\\\/wp-content\\\/uploads\\\/2021\\\/05\\\/natural-poland-icon.png\",\"width\":512,\"height\":512,\"caption\":\"Natural Poland\"},\"image\":{\"@id\":\"https:\\\/\\\/naturalpoland.com\\\/fi\\\/#\\\/schema\\\/logo\\\/image\\\/\"},\"sameAs\":[\"https:\\\/\\\/www.facebook.com\\\/naturalpoland.b2b\",\"https:\\\/\\\/pl.linkedin.com\\\/company\\\/natural-poland\",\"https:\\\/\\\/www.youtube.com\\\/channel\\\/UCgeGGkvOMahZo-xu_MSEWxg\"]}]}<\/script>\n<!-- \/ Yoast SEO plugin. -->","yoast_head_json":{"title":"Perulainen pippuriuute - Tukkudistribuutio","description":"Perulainen paprikauute on arvostettu lis\u00e4 ravintolisiin, ja sen ainutlaatuiset terveys- ja ravitsemukselliset ominaisuudet tunnetaan.","robots":{"index":"index","follow":"follow","max-snippet":"max-snippet:-1","max-image-preview":"max-image-preview:large","max-video-preview":"max-video-preview:-1"},"canonical":"https:\/\/naturalpoland.com\/fi\/tuotteet\/kasviuutteet\/perulainen-pippuriuute\/","og_locale":"fi_FI","og_type":"article","og_title":"Perulainen pippuriuute - Tukkudistribuutio","og_description":"Perulainen paprikauute on arvostettu lis\u00e4 ravintolisiin, ja sen ainutlaatuiset terveys- ja ravitsemukselliset ominaisuudet tunnetaan.","og_url":"https:\/\/naturalpoland.com\/fi\/tuotteet\/kasviuutteet\/perulainen-pippuriuute\/","og_site_name":"NATURAL POLAND - RAAKA-AINEIDEN TUKKUJAKELIJA","article_publisher":"https:\/\/www.facebook.com\/naturalpoland.b2b","article_modified_time":"2024-04-29T12:48:29+00:00","og_image":[{"width":614,"height":614,"url":"https:\/\/naturalpoland.com\/wp-content\/uploads\/ekstrakt-z-pieprzycy-peruwianskiej.webp","type":"image\/webp"}],"schema":{"@context":"https:\/\/schema.org","@graph":[{"@type":"WebPage","@id":"https:\/\/naturalpoland.com\/fi\/tuotteet\/kasviuutteet\/perulainen-pippuriuute\/","url":"https:\/\/naturalpoland.com\/fi\/tuotteet\/kasviuutteet\/perulainen-pippuriuute\/","name":"Perulainen pippuriuute - Tukkudistribuutio","isPartOf":{"@id":"https:\/\/naturalpoland.com\/fi\/#website"},"primaryImageOfPage":{"@id":"https:\/\/naturalpoland.com\/fi\/tuotteet\/kasviuutteet\/perulainen-pippuriuute\/#primaryimage"},"image":{"@id":"https:\/\/naturalpoland.com\/fi\/tuotteet\/kasviuutteet\/perulainen-pippuriuute\/#primaryimage"},"thumbnailUrl":"https:\/\/naturalpoland.com\/wp-content\/uploads\/ekstrakt-z-pieprzycy-peruwianskiej.webp","datePublished":"2024-02-01T14:02:51+00:00","dateModified":"2024-04-29T12:48:29+00:00","description":"Perulainen paprikauute on arvostettu lis\u00e4 ravintolisiin, ja sen ainutlaatuiset terveys- ja ravitsemukselliset ominaisuudet tunnetaan.","breadcrumb":{"@id":"https:\/\/naturalpoland.com\/fi\/tuotteet\/kasviuutteet\/perulainen-pippuriuute\/#breadcrumb"},"inLanguage":"fi","potentialAction":[{"@type":"ReadAction","target":["https:\/\/naturalpoland.com\/fi\/tuotteet\/kasviuutteet\/perulainen-pippuriuute\/"]}]},{"@type":"ImageObject","inLanguage":"fi","@id":"https:\/\/naturalpoland.com\/fi\/tuotteet\/kasviuutteet\/perulainen-pippuriuute\/#primaryimage","url":"https:\/\/naturalpoland.com\/wp-content\/uploads\/ekstrakt-z-pieprzycy-peruwianskiej.webp","contentUrl":"https:\/\/naturalpoland.com\/wp-content\/uploads\/ekstrakt-z-pieprzycy-peruwianskiej.webp","width":614,"height":614,"caption":"ekstrakt z pieprzycy peruwia\u0144skiej"},{"@type":"BreadcrumbList","@id":"https:\/\/naturalpoland.com\/fi\/tuotteet\/kasviuutteet\/perulainen-pippuriuute\/#breadcrumb","itemListElement":[{"@type":"ListItem","position":1,"name":"Etusivu","item":"https:\/\/naturalpoland.com\/fi\/"},{"@type":"ListItem","position":2,"name":"Tuotteet","item":"https:\/\/naturalpoland.com\/fi\/tuotteet\/"},{"@type":"ListItem","position":3,"name":"Perulainen pippuriuute"}]},{"@type":"WebSite","@id":"https:\/\/naturalpoland.com\/fi\/#website","url":"https:\/\/naturalpoland.com\/fi\/","name":"NATURAL POLAND - RAAKA-AINEIDEN TUKKUJAKELIJA","description":"Surowce dla przemys\u0142u spo\u017cywczego, kosmetycznego i farmaceutycznego","publisher":{"@id":"https:\/\/naturalpoland.com\/fi\/#organization"},"potentialAction":[{"@type":"SearchAction","target":{"@type":"EntryPoint","urlTemplate":"https:\/\/naturalpoland.com\/fi\/?s={search_term_string}"},"query-input":{"@type":"PropertyValueSpecification","valueRequired":true,"valueName":"search_term_string"}}],"inLanguage":"fi"},{"@type":"Organization","@id":"https:\/\/naturalpoland.com\/fi\/#organization","name":"Natural Poland","url":"https:\/\/naturalpoland.com\/fi\/","logo":{"@type":"ImageObject","inLanguage":"fi","@id":"https:\/\/naturalpoland.com\/fi\/#\/schema\/logo\/image\/","url":"https:\/\/naturalpoland.com\/wp-content\/uploads\/2021\/05\/natural-poland-icon.png","contentUrl":"https:\/\/naturalpoland.com\/wp-content\/uploads\/2021\/05\/natural-poland-icon.png","width":512,"height":512,"caption":"Natural Poland"},"image":{"@id":"https:\/\/naturalpoland.com\/fi\/#\/schema\/logo\/image\/"},"sameAs":["https:\/\/www.facebook.com\/naturalpoland.b2b","https:\/\/pl.linkedin.com\/company\/natural-poland","https:\/\/www.youtube.com\/channel\/UCgeGGkvOMahZo-xu_MSEWxg"]}]}},"_links":{"self":[{"href":"https:\/\/naturalpoland.com\/fi\/wp-json\/wp\/v2\/product\/30281","targetHints":{"allow":["GET"]}}],"collection":[{"href":"https:\/\/naturalpoland.com\/fi\/wp-json\/wp\/v2\/product"}],"about":[{"href":"https:\/\/naturalpoland.com\/fi\/wp-json\/wp\/v2\/types\/product"}],"wp:featuredmedia":[{"embeddable":true,"href":"https:\/\/naturalpoland.com\/fi\/wp-json\/wp\/v2\/media\/29893"}],"wp:attachment":[{"href":"https:\/\/naturalpoland.com\/fi\/wp-json\/wp\/v2\/media?parent=30281"}],"wp:term":[{"taxonomy":"product_brand","embeddable":true,"href":"https:\/\/naturalpoland.com\/fi\/wp-json\/wp\/v2\/product_brand?post=30281"},{"taxonomy":"product_cat","embeddable":true,"href":"https:\/\/naturalpoland.com\/fi\/wp-json\/wp\/v2\/product_cat?post=30281"},{"taxonomy":"product_tag","embeddable":true,"href":"https:\/\/naturalpoland.com\/fi\/wp-json\/wp\/v2\/product_tag?post=30281"}],"curies":[{"name":"wp","href":"https:\/\/api.w.org\/{rel}","templated":true}]}}