{"id":30284,"date":"2024-01-26T10:43:36","date_gmt":"2024-02-01T14:02:55","guid":{"rendered":"https:\/\/naturalpoland.com\/produkty\/Ei-luokiteltu\/mace-uute\/"},"modified":"2025-01-28T15:40:23","modified_gmt":"2025-01-28T14:40:23","slug":"mace-uute","status":"publish","type":"product","link":"https:\/\/naturalpoland.com\/fi\/tuotteet\/kasviuutteet\/mace-uute\/","title":{"rendered":"Mace-uute"},"content":{"rendered":"<p>Mace-uute on hienoksi jauhettua jauhetta, jolla on ruskehtava v\u00e4ri, tyypillinen haju ja maku. Tuote t\u00e4ytt\u00e4\u00e4 laatuvaatimukset, mukaan lukien seulonta, jossa seulotaan 95 prosenttia 80 silm\u00e4n seulan l\u00e4pi, tuhkapitoisuus on enint\u00e4\u00e4n 5 prosenttia ja kuivaush\u00e4vi\u00f6 enint\u00e4\u00e4n 5 prosenttia.<\/p>\n<p>Uute saadaan kasvin siemenist\u00e4, ja uuttamiseen k\u00e4ytet\u00e4\u00e4n etanolia ja vett\u00e4. Tuote ei sis\u00e4ll\u00e4 muuntogeenisi\u00e4 organismeja, ja se t\u00e4ytt\u00e4\u00e4 Yhdysvaltain farmakopean (USP) standardit torjunta-aine- ja raskasmetallij\u00e4\u00e4mien osalta. Se t\u00e4ytt\u00e4\u00e4 my\u00f6s AOAC:n mikrobiologiset standardit, eik\u00e4 sis\u00e4ll\u00e4 S. aureusta, E.colia, Salmonellaa tai Pseudomonas aeruginosa -bakteeria.<\/p>\n<h2>Ominaisuudet ja sovellukset:<\/h2>\n<p>Mace-uutetta arvostetaan sen mahdollisten terveysominaisuuksien vuoksi, erityisesti hormonaalisen ja seksuaalisen toiminnan tukemisen yhteydess\u00e4. Sit\u00e4 k\u00e4ytet\u00e4\u00e4n usein <strong>lis\u00e4ravinteissa libidon ja fyysisen suorituskyvyn tukemiseen<\/strong>. Saponiinipitoisuutensa ansiosta se voi lis\u00e4t\u00e4 miesten testosteronitasoja, mik\u00e4 parantaa suorituskyky\u00e4 ja lihasvoimaa, ja sill\u00e4 voi olla my\u00f6s suotuisa vaikutus seksuaaliterveyteen.<\/p>\n<p>Sit\u00e4 k\u00e4ytet\u00e4\u00e4n my\u00f6s tuotteissa, jotka tukevat <strong>syd\u00e4n- ja verisuonij\u00e4rjestelm\u00e4\u00e4<\/strong> ja voivat tukea <strong>virtsanerityst\u00e4<\/strong>. Sen antioksidanttiset ja immuunij\u00e4rjestelm\u00e4\u00e4 tukevat ominaisuudet tekev\u00e4t siit\u00e4 suositun ravintolisien ja terveystuotteiden ainesosan.<\/p>\n","protected":false},"excerpt":{"rendered":"<p><strong>Mace-uute<\/strong>, joka tunnetaan tieteellisesti nimell\u00e4 <strong>Tribulus Terrestris<\/strong>, on standardoitu sen saponiinipitoisuuden perusteella UV-analyysin mukaan.<\/p>\n","protected":false},"featured_media":29908,"template":"","meta":[],"product_brand":[],"product_cat":[528],"product_tag":[],"class_list":{"0":"post-30284","1":"product","2":"type-product","3":"status-publish","4":"has-post-thumbnail","6":"product_cat-kasviuutteet","7":"pa_certyfikaty-halal-fi","8":"pa_certyfikaty-kosher-sertifikaatti","9":"pa_czesc-rosliny-siemenet","10":"pa_skladnik-aktywny-saponiinit","12":"first","13":"instock","14":"shipping-taxable","15":"product-type-simple"},"yoast_head":"<!-- This site is optimized with the Yoast SEO plugin v27.4 - https:\/\/yoast.com\/product\/yoast-seo-wordpress\/ -->\n<title>Mace-uute - Tukkukauppias<\/title>\n<meta name=\"description\" content=\"Mace-uutetta arvostetaan sen mahdollisten terveysominaisuuksien vuoksi, erityisesti hormonitoiminnan tukemisen yhteydess\u00e4.\" \/>\n<meta name=\"robots\" content=\"index, follow, max-snippet:-1, max-image-preview:large, max-video-preview:-1\" \/>\n<link rel=\"canonical\" href=\"https:\/\/naturalpoland.com\/fi\/tuotteet\/kasviuutteet\/mace-uute\/\" \/>\n<meta property=\"og:locale\" content=\"fi_FI\" \/>\n<meta property=\"og:type\" content=\"article\" \/>\n<meta property=\"og:title\" content=\"Mace-uute - Tukkukauppias\" \/>\n<meta property=\"og:description\" content=\"Mace-uutetta arvostetaan sen mahdollisten terveysominaisuuksien vuoksi, erityisesti hormonitoiminnan tukemisen yhteydess\u00e4.\" \/>\n<meta property=\"og:url\" content=\"https:\/\/naturalpoland.com\/fi\/tuotteet\/kasviuutteet\/mace-uute\/\" \/>\n<meta property=\"og:site_name\" content=\"NATURAL POLAND - RAAKA-AINEIDEN TUKKUJAKELIJA\" \/>\n<meta property=\"article:publisher\" content=\"https:\/\/www.facebook.com\/naturalpoland.b2b\" \/>\n<meta property=\"article:modified_time\" content=\"2025-01-28T14:40:23+00:00\" \/>\n<meta property=\"og:image\" content=\"https:\/\/naturalpoland.com\/wp-content\/uploads\/ekstrakt-z-buzdyganka-naziemnego.webp\" \/>\n\t<meta property=\"og:image:width\" content=\"614\" \/>\n\t<meta property=\"og:image:height\" content=\"614\" \/>\n\t<meta property=\"og:image:type\" content=\"image\/webp\" \/>\n<script type=\"application\/ld+json\" class=\"yoast-schema-graph\">{\"@context\":\"https:\\\/\\\/schema.org\",\"@graph\":[{\"@type\":\"WebPage\",\"@id\":\"https:\\\/\\\/naturalpoland.com\\\/fi\\\/tuotteet\\\/kasviuutteet\\\/mace-uute\\\/\",\"url\":\"https:\\\/\\\/naturalpoland.com\\\/fi\\\/tuotteet\\\/kasviuutteet\\\/mace-uute\\\/\",\"name\":\"Mace-uute - Tukkukauppias\",\"isPartOf\":{\"@id\":\"https:\\\/\\\/naturalpoland.com\\\/fi\\\/#website\"},\"primaryImageOfPage\":{\"@id\":\"https:\\\/\\\/naturalpoland.com\\\/fi\\\/tuotteet\\\/kasviuutteet\\\/mace-uute\\\/#primaryimage\"},\"image\":{\"@id\":\"https:\\\/\\\/naturalpoland.com\\\/fi\\\/tuotteet\\\/kasviuutteet\\\/mace-uute\\\/#primaryimage\"},\"thumbnailUrl\":\"https:\\\/\\\/naturalpoland.com\\\/wp-content\\\/uploads\\\/ekstrakt-z-buzdyganka-naziemnego.webp\",\"datePublished\":\"2024-02-01T14:02:55+00:00\",\"dateModified\":\"2025-01-28T14:40:23+00:00\",\"description\":\"Mace-uutetta arvostetaan sen mahdollisten terveysominaisuuksien vuoksi, erityisesti hormonitoiminnan tukemisen yhteydess\u00e4.\",\"breadcrumb\":{\"@id\":\"https:\\\/\\\/naturalpoland.com\\\/fi\\\/tuotteet\\\/kasviuutteet\\\/mace-uute\\\/#breadcrumb\"},\"inLanguage\":\"fi\",\"potentialAction\":[{\"@type\":\"ReadAction\",\"target\":[\"https:\\\/\\\/naturalpoland.com\\\/fi\\\/tuotteet\\\/kasviuutteet\\\/mace-uute\\\/\"]}]},{\"@type\":\"ImageObject\",\"inLanguage\":\"fi\",\"@id\":\"https:\\\/\\\/naturalpoland.com\\\/fi\\\/tuotteet\\\/kasviuutteet\\\/mace-uute\\\/#primaryimage\",\"url\":\"https:\\\/\\\/naturalpoland.com\\\/wp-content\\\/uploads\\\/ekstrakt-z-buzdyganka-naziemnego.webp\",\"contentUrl\":\"https:\\\/\\\/naturalpoland.com\\\/wp-content\\\/uploads\\\/ekstrakt-z-buzdyganka-naziemnego.webp\",\"width\":614,\"height\":614,\"caption\":\"Ekstrakt z buzdyganka naziemnego\"},{\"@type\":\"BreadcrumbList\",\"@id\":\"https:\\\/\\\/naturalpoland.com\\\/fi\\\/tuotteet\\\/kasviuutteet\\\/mace-uute\\\/#breadcrumb\",\"itemListElement\":[{\"@type\":\"ListItem\",\"position\":1,\"name\":\"Etusivu\",\"item\":\"https:\\\/\\\/naturalpoland.com\\\/fi\\\/\"},{\"@type\":\"ListItem\",\"position\":2,\"name\":\"Tuotteet\",\"item\":\"https:\\\/\\\/naturalpoland.com\\\/fi\\\/tuotteet\\\/\"},{\"@type\":\"ListItem\",\"position\":3,\"name\":\"Mace-uute\"}]},{\"@type\":\"WebSite\",\"@id\":\"https:\\\/\\\/naturalpoland.com\\\/fi\\\/#website\",\"url\":\"https:\\\/\\\/naturalpoland.com\\\/fi\\\/\",\"name\":\"NATURAL POLAND - RAAKA-AINEIDEN TUKKUJAKELIJA\",\"description\":\"Surowce dla przemys\u0142u spo\u017cywczego, kosmetycznego i farmaceutycznego\",\"publisher\":{\"@id\":\"https:\\\/\\\/naturalpoland.com\\\/fi\\\/#organization\"},\"potentialAction\":[{\"@type\":\"SearchAction\",\"target\":{\"@type\":\"EntryPoint\",\"urlTemplate\":\"https:\\\/\\\/naturalpoland.com\\\/fi\\\/?s={search_term_string}\"},\"query-input\":{\"@type\":\"PropertyValueSpecification\",\"valueRequired\":true,\"valueName\":\"search_term_string\"}}],\"inLanguage\":\"fi\"},{\"@type\":\"Organization\",\"@id\":\"https:\\\/\\\/naturalpoland.com\\\/fi\\\/#organization\",\"name\":\"Natural Poland\",\"url\":\"https:\\\/\\\/naturalpoland.com\\\/fi\\\/\",\"logo\":{\"@type\":\"ImageObject\",\"inLanguage\":\"fi\",\"@id\":\"https:\\\/\\\/naturalpoland.com\\\/fi\\\/#\\\/schema\\\/logo\\\/image\\\/\",\"url\":\"https:\\\/\\\/naturalpoland.com\\\/wp-content\\\/uploads\\\/2021\\\/05\\\/natural-poland-icon.png\",\"contentUrl\":\"https:\\\/\\\/naturalpoland.com\\\/wp-content\\\/uploads\\\/2021\\\/05\\\/natural-poland-icon.png\",\"width\":512,\"height\":512,\"caption\":\"Natural Poland\"},\"image\":{\"@id\":\"https:\\\/\\\/naturalpoland.com\\\/fi\\\/#\\\/schema\\\/logo\\\/image\\\/\"},\"sameAs\":[\"https:\\\/\\\/www.facebook.com\\\/naturalpoland.b2b\",\"https:\\\/\\\/pl.linkedin.com\\\/company\\\/natural-poland\",\"https:\\\/\\\/www.youtube.com\\\/channel\\\/UCgeGGkvOMahZo-xu_MSEWxg\"]}]}<\/script>\n<!-- \/ Yoast SEO plugin. -->","yoast_head_json":{"title":"Mace-uute - Tukkukauppias","description":"Mace-uutetta arvostetaan sen mahdollisten terveysominaisuuksien vuoksi, erityisesti hormonitoiminnan tukemisen yhteydess\u00e4.","robots":{"index":"index","follow":"follow","max-snippet":"max-snippet:-1","max-image-preview":"max-image-preview:large","max-video-preview":"max-video-preview:-1"},"canonical":"https:\/\/naturalpoland.com\/fi\/tuotteet\/kasviuutteet\/mace-uute\/","og_locale":"fi_FI","og_type":"article","og_title":"Mace-uute - Tukkukauppias","og_description":"Mace-uutetta arvostetaan sen mahdollisten terveysominaisuuksien vuoksi, erityisesti hormonitoiminnan tukemisen yhteydess\u00e4.","og_url":"https:\/\/naturalpoland.com\/fi\/tuotteet\/kasviuutteet\/mace-uute\/","og_site_name":"NATURAL POLAND - RAAKA-AINEIDEN TUKKUJAKELIJA","article_publisher":"https:\/\/www.facebook.com\/naturalpoland.b2b","article_modified_time":"2025-01-28T14:40:23+00:00","og_image":[{"width":614,"height":614,"url":"https:\/\/naturalpoland.com\/wp-content\/uploads\/ekstrakt-z-buzdyganka-naziemnego.webp","type":"image\/webp"}],"schema":{"@context":"https:\/\/schema.org","@graph":[{"@type":"WebPage","@id":"https:\/\/naturalpoland.com\/fi\/tuotteet\/kasviuutteet\/mace-uute\/","url":"https:\/\/naturalpoland.com\/fi\/tuotteet\/kasviuutteet\/mace-uute\/","name":"Mace-uute - Tukkukauppias","isPartOf":{"@id":"https:\/\/naturalpoland.com\/fi\/#website"},"primaryImageOfPage":{"@id":"https:\/\/naturalpoland.com\/fi\/tuotteet\/kasviuutteet\/mace-uute\/#primaryimage"},"image":{"@id":"https:\/\/naturalpoland.com\/fi\/tuotteet\/kasviuutteet\/mace-uute\/#primaryimage"},"thumbnailUrl":"https:\/\/naturalpoland.com\/wp-content\/uploads\/ekstrakt-z-buzdyganka-naziemnego.webp","datePublished":"2024-02-01T14:02:55+00:00","dateModified":"2025-01-28T14:40:23+00:00","description":"Mace-uutetta arvostetaan sen mahdollisten terveysominaisuuksien vuoksi, erityisesti hormonitoiminnan tukemisen yhteydess\u00e4.","breadcrumb":{"@id":"https:\/\/naturalpoland.com\/fi\/tuotteet\/kasviuutteet\/mace-uute\/#breadcrumb"},"inLanguage":"fi","potentialAction":[{"@type":"ReadAction","target":["https:\/\/naturalpoland.com\/fi\/tuotteet\/kasviuutteet\/mace-uute\/"]}]},{"@type":"ImageObject","inLanguage":"fi","@id":"https:\/\/naturalpoland.com\/fi\/tuotteet\/kasviuutteet\/mace-uute\/#primaryimage","url":"https:\/\/naturalpoland.com\/wp-content\/uploads\/ekstrakt-z-buzdyganka-naziemnego.webp","contentUrl":"https:\/\/naturalpoland.com\/wp-content\/uploads\/ekstrakt-z-buzdyganka-naziemnego.webp","width":614,"height":614,"caption":"Ekstrakt z buzdyganka naziemnego"},{"@type":"BreadcrumbList","@id":"https:\/\/naturalpoland.com\/fi\/tuotteet\/kasviuutteet\/mace-uute\/#breadcrumb","itemListElement":[{"@type":"ListItem","position":1,"name":"Etusivu","item":"https:\/\/naturalpoland.com\/fi\/"},{"@type":"ListItem","position":2,"name":"Tuotteet","item":"https:\/\/naturalpoland.com\/fi\/tuotteet\/"},{"@type":"ListItem","position":3,"name":"Mace-uute"}]},{"@type":"WebSite","@id":"https:\/\/naturalpoland.com\/fi\/#website","url":"https:\/\/naturalpoland.com\/fi\/","name":"NATURAL POLAND - RAAKA-AINEIDEN TUKKUJAKELIJA","description":"Surowce dla przemys\u0142u spo\u017cywczego, kosmetycznego i farmaceutycznego","publisher":{"@id":"https:\/\/naturalpoland.com\/fi\/#organization"},"potentialAction":[{"@type":"SearchAction","target":{"@type":"EntryPoint","urlTemplate":"https:\/\/naturalpoland.com\/fi\/?s={search_term_string}"},"query-input":{"@type":"PropertyValueSpecification","valueRequired":true,"valueName":"search_term_string"}}],"inLanguage":"fi"},{"@type":"Organization","@id":"https:\/\/naturalpoland.com\/fi\/#organization","name":"Natural Poland","url":"https:\/\/naturalpoland.com\/fi\/","logo":{"@type":"ImageObject","inLanguage":"fi","@id":"https:\/\/naturalpoland.com\/fi\/#\/schema\/logo\/image\/","url":"https:\/\/naturalpoland.com\/wp-content\/uploads\/2021\/05\/natural-poland-icon.png","contentUrl":"https:\/\/naturalpoland.com\/wp-content\/uploads\/2021\/05\/natural-poland-icon.png","width":512,"height":512,"caption":"Natural Poland"},"image":{"@id":"https:\/\/naturalpoland.com\/fi\/#\/schema\/logo\/image\/"},"sameAs":["https:\/\/www.facebook.com\/naturalpoland.b2b","https:\/\/pl.linkedin.com\/company\/natural-poland","https:\/\/www.youtube.com\/channel\/UCgeGGkvOMahZo-xu_MSEWxg"]}]}},"_links":{"self":[{"href":"https:\/\/naturalpoland.com\/fi\/wp-json\/wp\/v2\/product\/30284","targetHints":{"allow":["GET"]}}],"collection":[{"href":"https:\/\/naturalpoland.com\/fi\/wp-json\/wp\/v2\/product"}],"about":[{"href":"https:\/\/naturalpoland.com\/fi\/wp-json\/wp\/v2\/types\/product"}],"wp:featuredmedia":[{"embeddable":true,"href":"https:\/\/naturalpoland.com\/fi\/wp-json\/wp\/v2\/media\/29908"}],"wp:attachment":[{"href":"https:\/\/naturalpoland.com\/fi\/wp-json\/wp\/v2\/media?parent=30284"}],"wp:term":[{"taxonomy":"product_brand","embeddable":true,"href":"https:\/\/naturalpoland.com\/fi\/wp-json\/wp\/v2\/product_brand?post=30284"},{"taxonomy":"product_cat","embeddable":true,"href":"https:\/\/naturalpoland.com\/fi\/wp-json\/wp\/v2\/product_cat?post=30284"},{"taxonomy":"product_tag","embeddable":true,"href":"https:\/\/naturalpoland.com\/fi\/wp-json\/wp\/v2\/product_tag?post=30284"}],"curies":[{"name":"wp","href":"https:\/\/api.w.org\/{rel}","templated":true}]}}