{"id":30704,"date":"2024-03-25T16:03:09","date_gmt":"2024-03-25T15:03:09","guid":{"rendered":"https:\/\/naturalpoland.com\/produkty\/Ei-luokiteltu\/dmae-dimetyyliaminoetanoli\/"},"modified":"2024-04-29T14:13:30","modified_gmt":"2024-04-29T12:13:30","slug":"dmae-dimetyyliaminoetanoli","status":"publish","type":"product","link":"https:\/\/naturalpoland.com\/fi\/tuotteet\/kosmetiikkateollisuuden-tuotteet\/kosmetiikan-raaka-aineet\/dmae-dimetyyliaminoetanoli\/","title":{"rendered":"DMAE (dimetyyliaminoetanoli)"},"content":{"rendered":"<p>DMAE:n ominaisuudet parantavat ihon ulkon\u00e4k\u00f6\u00e4 ja antavat sille kiinteytt\u00e4 ja kimmoisuutta. DMAE:n vaikutusmekanismi on stimuloida asetyylikoliinin tuotantoa, joka on lihasten s\u00e4vyst\u00e4 vastaava v\u00e4litt\u00e4j\u00e4aine, mik\u00e4 v\u00e4hent\u00e4\u00e4 ryppyjen ulkon\u00e4k\u00f6\u00e4 ja parantaa kasvojen \u00e4\u00e4riviivoja. T\u00e4m\u00e4n ainesosan ansiosta ihosta tulee kiinte\u00e4mpi, sile\u00e4mpi ja n\u00e4kyv\u00e4sti nuorentunut.<\/p>\n<p>DMAE:lla on my\u00f6s antioksidanttisia ominaisuuksia, jotka suojaavat ihoa tehokkaasti vapaiden radikaalien ja ulkoisten tekij\u00f6iden vahingollisilta vaikutuksilta, jotka nopeuttavat ik\u00e4\u00e4ntymisprosessia. DMAE:t\u00e4 sis\u00e4lt\u00e4vien tuotteiden s\u00e4\u00e4nn\u00f6llinen k\u00e4ytt\u00f6 voi parantaa ihon kuntoa merkitt\u00e4v\u00e4sti, lis\u00e4t\u00e4 sen vastustuskyky\u00e4 negatiivisia ymp\u00e4rist\u00f6vaikutuksia vastaan ja est\u00e4\u00e4 ennenaikaista ik\u00e4\u00e4ntymist\u00e4.<\/p>\n<p>Yksi DMAE:n t\u00e4rkeimmist\u00e4 eduista on sen <strong>kyky toimia nopeasti ja tehokkaasti<\/strong>. T\u00e4t\u00e4 ainesosaa sis\u00e4lt\u00e4vien tuotteiden vaikutukset n\u00e4kyv\u00e4t yleens\u00e4 jo ensimm\u00e4isten k\u00e4ytt\u00f6kertojen j\u00e4lkeen, mik\u00e4 tekee siit\u00e4 eritt\u00e4in houkuttelevan ratkaisun niille, jotka etsiv\u00e4t nopeita ja n\u00e4kyvi\u00e4 tuloksia ihonsa ulkon\u00e4\u00f6n parantamiseksi.<\/p>\n","protected":false},"excerpt":{"rendered":"<p>DMAE, joka tunnetaan my\u00f6s nimell\u00e4 dimetyyliaminoetanoli, on innovatiivinen kosmeettinen ainesosa, jolla on todistetusti anti-ageing-vaikutuksia, ja se her\u00e4tt\u00e4\u00e4 yh\u00e4 enemm\u00e4n kiinnostusta kauneudenhoitoalalla. Sit\u00e4 k\u00e4ytet\u00e4\u00e4n erityisesti nostattavissa, kiinteytt\u00e4viss\u00e4 ja ryppyj\u00e4 poistavissa tuotteissa.<\/p>\n","protected":false},"featured_media":30687,"template":"","meta":{"_acf_changed":false},"product_brand":[],"product_cat":[544],"product_tag":[],"class_list":{"0":"post-30704","1":"product","2":"type-product","3":"status-publish","4":"has-post-thumbnail","6":"product_cat-kosmetiikan-raaka-aineet","8":"first","9":"instock","10":"shipping-taxable","11":"product-type-simple"},"acf":[],"yoast_head":"<!-- This site is optimized with the Yoast SEO plugin v27.4 - https:\/\/yoast.com\/product\/yoast-seo-wordpress\/ -->\n<title>DMAE (dimetyyliaminoetanoli) - Tukkudistribuutio<\/title>\n<meta name=\"description\" content=\"DMAE on huippuluokan ainesosa, joka antaa iholle n\u00e4kyvi\u00e4 kohottavia, kiinteytt\u00e4vi\u00e4 ja nuorentavia vaikutuksia. Sen ansiosta iho s\u00e4ilytt\u00e4\u00e4 nuorekkaan ulkon\u00e4k\u00f6ns\u00e4.\" \/>\n<meta name=\"robots\" content=\"index, follow, max-snippet:-1, max-image-preview:large, max-video-preview:-1\" \/>\n<link rel=\"canonical\" href=\"https:\/\/naturalpoland.com\/fi\/tuotteet\/kosmetiikkateollisuuden-tuotteet\/kosmetiikan-raaka-aineet\/dmae-dimetyyliaminoetanoli\/\" \/>\n<meta property=\"og:locale\" content=\"fi_FI\" \/>\n<meta property=\"og:type\" content=\"article\" \/>\n<meta property=\"og:title\" content=\"DMAE (dimetyyliaminoetanoli) - Tukkudistribuutio\" \/>\n<meta property=\"og:description\" content=\"DMAE on huippuluokan ainesosa, joka antaa iholle n\u00e4kyvi\u00e4 kohottavia, kiinteytt\u00e4vi\u00e4 ja nuorentavia vaikutuksia. Sen ansiosta iho s\u00e4ilytt\u00e4\u00e4 nuorekkaan ulkon\u00e4k\u00f6ns\u00e4.\" \/>\n<meta property=\"og:url\" content=\"https:\/\/naturalpoland.com\/fi\/tuotteet\/kosmetiikkateollisuuden-tuotteet\/kosmetiikan-raaka-aineet\/dmae-dimetyyliaminoetanoli\/\" \/>\n<meta property=\"og:site_name\" content=\"NATURAL POLAND - RAAKA-AINEIDEN TUKKUJAKELIJA\" \/>\n<meta property=\"article:publisher\" content=\"https:\/\/www.facebook.com\/naturalpoland.b2b\" \/>\n<meta property=\"article:modified_time\" content=\"2024-04-29T12:13:30+00:00\" \/>\n<meta property=\"og:image\" content=\"https:\/\/naturalpoland.com\/wp-content\/uploads\/dimethylaminoethanol.webp\" \/>\n\t<meta property=\"og:image:width\" content=\"609\" \/>\n\t<meta property=\"og:image:height\" content=\"609\" \/>\n\t<meta property=\"og:image:type\" content=\"image\/webp\" \/>\n<script type=\"application\/ld+json\" class=\"yoast-schema-graph\">{\"@context\":\"https:\\\/\\\/schema.org\",\"@graph\":[{\"@type\":\"WebPage\",\"@id\":\"https:\\\/\\\/naturalpoland.com\\\/fi\\\/tuotteet\\\/kosmetiikkateollisuuden-tuotteet\\\/kosmetiikan-raaka-aineet\\\/dmae-dimetyyliaminoetanoli\\\/\",\"url\":\"https:\\\/\\\/naturalpoland.com\\\/fi\\\/tuotteet\\\/kosmetiikkateollisuuden-tuotteet\\\/kosmetiikan-raaka-aineet\\\/dmae-dimetyyliaminoetanoli\\\/\",\"name\":\"DMAE (dimetyyliaminoetanoli) - Tukkudistribuutio\",\"isPartOf\":{\"@id\":\"https:\\\/\\\/naturalpoland.com\\\/fi\\\/#website\"},\"primaryImageOfPage\":{\"@id\":\"https:\\\/\\\/naturalpoland.com\\\/fi\\\/tuotteet\\\/kosmetiikkateollisuuden-tuotteet\\\/kosmetiikan-raaka-aineet\\\/dmae-dimetyyliaminoetanoli\\\/#primaryimage\"},\"image\":{\"@id\":\"https:\\\/\\\/naturalpoland.com\\\/fi\\\/tuotteet\\\/kosmetiikkateollisuuden-tuotteet\\\/kosmetiikan-raaka-aineet\\\/dmae-dimetyyliaminoetanoli\\\/#primaryimage\"},\"thumbnailUrl\":\"https:\\\/\\\/naturalpoland.com\\\/wp-content\\\/uploads\\\/dimethylaminoethanol.webp\",\"datePublished\":\"2024-03-25T15:03:09+00:00\",\"dateModified\":\"2024-04-29T12:13:30+00:00\",\"description\":\"DMAE on huippuluokan ainesosa, joka antaa iholle n\u00e4kyvi\u00e4 kohottavia, kiinteytt\u00e4vi\u00e4 ja nuorentavia vaikutuksia. Sen ansiosta iho s\u00e4ilytt\u00e4\u00e4 nuorekkaan ulkon\u00e4k\u00f6ns\u00e4.\",\"breadcrumb\":{\"@id\":\"https:\\\/\\\/naturalpoland.com\\\/fi\\\/tuotteet\\\/kosmetiikkateollisuuden-tuotteet\\\/kosmetiikan-raaka-aineet\\\/dmae-dimetyyliaminoetanoli\\\/#breadcrumb\"},\"inLanguage\":\"fi\",\"potentialAction\":[{\"@type\":\"ReadAction\",\"target\":[\"https:\\\/\\\/naturalpoland.com\\\/fi\\\/tuotteet\\\/kosmetiikkateollisuuden-tuotteet\\\/kosmetiikan-raaka-aineet\\\/dmae-dimetyyliaminoetanoli\\\/\"]}]},{\"@type\":\"ImageObject\",\"inLanguage\":\"fi\",\"@id\":\"https:\\\/\\\/naturalpoland.com\\\/fi\\\/tuotteet\\\/kosmetiikkateollisuuden-tuotteet\\\/kosmetiikan-raaka-aineet\\\/dmae-dimetyyliaminoetanoli\\\/#primaryimage\",\"url\":\"https:\\\/\\\/naturalpoland.com\\\/wp-content\\\/uploads\\\/dimethylaminoethanol.webp\",\"contentUrl\":\"https:\\\/\\\/naturalpoland.com\\\/wp-content\\\/uploads\\\/dimethylaminoethanol.webp\",\"width\":609,\"height\":609,\"caption\":\"DMAE\"},{\"@type\":\"BreadcrumbList\",\"@id\":\"https:\\\/\\\/naturalpoland.com\\\/fi\\\/tuotteet\\\/kosmetiikkateollisuuden-tuotteet\\\/kosmetiikan-raaka-aineet\\\/dmae-dimetyyliaminoetanoli\\\/#breadcrumb\",\"itemListElement\":[{\"@type\":\"ListItem\",\"position\":1,\"name\":\"Etusivu\",\"item\":\"https:\\\/\\\/naturalpoland.com\\\/fi\\\/\"},{\"@type\":\"ListItem\",\"position\":2,\"name\":\"Tuotteet\",\"item\":\"https:\\\/\\\/naturalpoland.com\\\/fi\\\/tuotteet\\\/\"},{\"@type\":\"ListItem\",\"position\":3,\"name\":\"DMAE (dimetyyliaminoetanoli)\"}]},{\"@type\":\"WebSite\",\"@id\":\"https:\\\/\\\/naturalpoland.com\\\/fi\\\/#website\",\"url\":\"https:\\\/\\\/naturalpoland.com\\\/fi\\\/\",\"name\":\"NATURAL POLAND - RAAKA-AINEIDEN TUKKUJAKELIJA\",\"description\":\"Surowce dla przemys\u0142u spo\u017cywczego, kosmetycznego i farmaceutycznego\",\"publisher\":{\"@id\":\"https:\\\/\\\/naturalpoland.com\\\/fi\\\/#organization\"},\"potentialAction\":[{\"@type\":\"SearchAction\",\"target\":{\"@type\":\"EntryPoint\",\"urlTemplate\":\"https:\\\/\\\/naturalpoland.com\\\/fi\\\/?s={search_term_string}\"},\"query-input\":{\"@type\":\"PropertyValueSpecification\",\"valueRequired\":true,\"valueName\":\"search_term_string\"}}],\"inLanguage\":\"fi\"},{\"@type\":\"Organization\",\"@id\":\"https:\\\/\\\/naturalpoland.com\\\/fi\\\/#organization\",\"name\":\"Natural Poland\",\"url\":\"https:\\\/\\\/naturalpoland.com\\\/fi\\\/\",\"logo\":{\"@type\":\"ImageObject\",\"inLanguage\":\"fi\",\"@id\":\"https:\\\/\\\/naturalpoland.com\\\/fi\\\/#\\\/schema\\\/logo\\\/image\\\/\",\"url\":\"https:\\\/\\\/naturalpoland.com\\\/wp-content\\\/uploads\\\/2021\\\/05\\\/natural-poland-icon.png\",\"contentUrl\":\"https:\\\/\\\/naturalpoland.com\\\/wp-content\\\/uploads\\\/2021\\\/05\\\/natural-poland-icon.png\",\"width\":512,\"height\":512,\"caption\":\"Natural Poland\"},\"image\":{\"@id\":\"https:\\\/\\\/naturalpoland.com\\\/fi\\\/#\\\/schema\\\/logo\\\/image\\\/\"},\"sameAs\":[\"https:\\\/\\\/www.facebook.com\\\/naturalpoland.b2b\",\"https:\\\/\\\/pl.linkedin.com\\\/company\\\/natural-poland\",\"https:\\\/\\\/www.youtube.com\\\/channel\\\/UCgeGGkvOMahZo-xu_MSEWxg\"]}]}<\/script>\n<!-- \/ Yoast SEO plugin. -->","yoast_head_json":{"title":"DMAE (dimetyyliaminoetanoli) - Tukkudistribuutio","description":"DMAE on huippuluokan ainesosa, joka antaa iholle n\u00e4kyvi\u00e4 kohottavia, kiinteytt\u00e4vi\u00e4 ja nuorentavia vaikutuksia. Sen ansiosta iho s\u00e4ilytt\u00e4\u00e4 nuorekkaan ulkon\u00e4k\u00f6ns\u00e4.","robots":{"index":"index","follow":"follow","max-snippet":"max-snippet:-1","max-image-preview":"max-image-preview:large","max-video-preview":"max-video-preview:-1"},"canonical":"https:\/\/naturalpoland.com\/fi\/tuotteet\/kosmetiikkateollisuuden-tuotteet\/kosmetiikan-raaka-aineet\/dmae-dimetyyliaminoetanoli\/","og_locale":"fi_FI","og_type":"article","og_title":"DMAE (dimetyyliaminoetanoli) - Tukkudistribuutio","og_description":"DMAE on huippuluokan ainesosa, joka antaa iholle n\u00e4kyvi\u00e4 kohottavia, kiinteytt\u00e4vi\u00e4 ja nuorentavia vaikutuksia. Sen ansiosta iho s\u00e4ilytt\u00e4\u00e4 nuorekkaan ulkon\u00e4k\u00f6ns\u00e4.","og_url":"https:\/\/naturalpoland.com\/fi\/tuotteet\/kosmetiikkateollisuuden-tuotteet\/kosmetiikan-raaka-aineet\/dmae-dimetyyliaminoetanoli\/","og_site_name":"NATURAL POLAND - RAAKA-AINEIDEN TUKKUJAKELIJA","article_publisher":"https:\/\/www.facebook.com\/naturalpoland.b2b","article_modified_time":"2024-04-29T12:13:30+00:00","og_image":[{"width":609,"height":609,"url":"https:\/\/naturalpoland.com\/wp-content\/uploads\/dimethylaminoethanol.webp","type":"image\/webp"}],"schema":{"@context":"https:\/\/schema.org","@graph":[{"@type":"WebPage","@id":"https:\/\/naturalpoland.com\/fi\/tuotteet\/kosmetiikkateollisuuden-tuotteet\/kosmetiikan-raaka-aineet\/dmae-dimetyyliaminoetanoli\/","url":"https:\/\/naturalpoland.com\/fi\/tuotteet\/kosmetiikkateollisuuden-tuotteet\/kosmetiikan-raaka-aineet\/dmae-dimetyyliaminoetanoli\/","name":"DMAE (dimetyyliaminoetanoli) - Tukkudistribuutio","isPartOf":{"@id":"https:\/\/naturalpoland.com\/fi\/#website"},"primaryImageOfPage":{"@id":"https:\/\/naturalpoland.com\/fi\/tuotteet\/kosmetiikkateollisuuden-tuotteet\/kosmetiikan-raaka-aineet\/dmae-dimetyyliaminoetanoli\/#primaryimage"},"image":{"@id":"https:\/\/naturalpoland.com\/fi\/tuotteet\/kosmetiikkateollisuuden-tuotteet\/kosmetiikan-raaka-aineet\/dmae-dimetyyliaminoetanoli\/#primaryimage"},"thumbnailUrl":"https:\/\/naturalpoland.com\/wp-content\/uploads\/dimethylaminoethanol.webp","datePublished":"2024-03-25T15:03:09+00:00","dateModified":"2024-04-29T12:13:30+00:00","description":"DMAE on huippuluokan ainesosa, joka antaa iholle n\u00e4kyvi\u00e4 kohottavia, kiinteytt\u00e4vi\u00e4 ja nuorentavia vaikutuksia. Sen ansiosta iho s\u00e4ilytt\u00e4\u00e4 nuorekkaan ulkon\u00e4k\u00f6ns\u00e4.","breadcrumb":{"@id":"https:\/\/naturalpoland.com\/fi\/tuotteet\/kosmetiikkateollisuuden-tuotteet\/kosmetiikan-raaka-aineet\/dmae-dimetyyliaminoetanoli\/#breadcrumb"},"inLanguage":"fi","potentialAction":[{"@type":"ReadAction","target":["https:\/\/naturalpoland.com\/fi\/tuotteet\/kosmetiikkateollisuuden-tuotteet\/kosmetiikan-raaka-aineet\/dmae-dimetyyliaminoetanoli\/"]}]},{"@type":"ImageObject","inLanguage":"fi","@id":"https:\/\/naturalpoland.com\/fi\/tuotteet\/kosmetiikkateollisuuden-tuotteet\/kosmetiikan-raaka-aineet\/dmae-dimetyyliaminoetanoli\/#primaryimage","url":"https:\/\/naturalpoland.com\/wp-content\/uploads\/dimethylaminoethanol.webp","contentUrl":"https:\/\/naturalpoland.com\/wp-content\/uploads\/dimethylaminoethanol.webp","width":609,"height":609,"caption":"DMAE"},{"@type":"BreadcrumbList","@id":"https:\/\/naturalpoland.com\/fi\/tuotteet\/kosmetiikkateollisuuden-tuotteet\/kosmetiikan-raaka-aineet\/dmae-dimetyyliaminoetanoli\/#breadcrumb","itemListElement":[{"@type":"ListItem","position":1,"name":"Etusivu","item":"https:\/\/naturalpoland.com\/fi\/"},{"@type":"ListItem","position":2,"name":"Tuotteet","item":"https:\/\/naturalpoland.com\/fi\/tuotteet\/"},{"@type":"ListItem","position":3,"name":"DMAE (dimetyyliaminoetanoli)"}]},{"@type":"WebSite","@id":"https:\/\/naturalpoland.com\/fi\/#website","url":"https:\/\/naturalpoland.com\/fi\/","name":"NATURAL POLAND - RAAKA-AINEIDEN TUKKUJAKELIJA","description":"Surowce dla przemys\u0142u spo\u017cywczego, kosmetycznego i farmaceutycznego","publisher":{"@id":"https:\/\/naturalpoland.com\/fi\/#organization"},"potentialAction":[{"@type":"SearchAction","target":{"@type":"EntryPoint","urlTemplate":"https:\/\/naturalpoland.com\/fi\/?s={search_term_string}"},"query-input":{"@type":"PropertyValueSpecification","valueRequired":true,"valueName":"search_term_string"}}],"inLanguage":"fi"},{"@type":"Organization","@id":"https:\/\/naturalpoland.com\/fi\/#organization","name":"Natural Poland","url":"https:\/\/naturalpoland.com\/fi\/","logo":{"@type":"ImageObject","inLanguage":"fi","@id":"https:\/\/naturalpoland.com\/fi\/#\/schema\/logo\/image\/","url":"https:\/\/naturalpoland.com\/wp-content\/uploads\/2021\/05\/natural-poland-icon.png","contentUrl":"https:\/\/naturalpoland.com\/wp-content\/uploads\/2021\/05\/natural-poland-icon.png","width":512,"height":512,"caption":"Natural Poland"},"image":{"@id":"https:\/\/naturalpoland.com\/fi\/#\/schema\/logo\/image\/"},"sameAs":["https:\/\/www.facebook.com\/naturalpoland.b2b","https:\/\/pl.linkedin.com\/company\/natural-poland","https:\/\/www.youtube.com\/channel\/UCgeGGkvOMahZo-xu_MSEWxg"]}]}},"_links":{"self":[{"href":"https:\/\/naturalpoland.com\/fi\/wp-json\/wp\/v2\/product\/30704","targetHints":{"allow":["GET"]}}],"collection":[{"href":"https:\/\/naturalpoland.com\/fi\/wp-json\/wp\/v2\/product"}],"about":[{"href":"https:\/\/naturalpoland.com\/fi\/wp-json\/wp\/v2\/types\/product"}],"wp:featuredmedia":[{"embeddable":true,"href":"https:\/\/naturalpoland.com\/fi\/wp-json\/wp\/v2\/media\/30687"}],"wp:attachment":[{"href":"https:\/\/naturalpoland.com\/fi\/wp-json\/wp\/v2\/media?parent=30704"}],"wp:term":[{"taxonomy":"product_brand","embeddable":true,"href":"https:\/\/naturalpoland.com\/fi\/wp-json\/wp\/v2\/product_brand?post=30704"},{"taxonomy":"product_cat","embeddable":true,"href":"https:\/\/naturalpoland.com\/fi\/wp-json\/wp\/v2\/product_cat?post=30704"},{"taxonomy":"product_tag","embeddable":true,"href":"https:\/\/naturalpoland.com\/fi\/wp-json\/wp\/v2\/product_tag?post=30704"}],"curies":[{"name":"wp","href":"https:\/\/api.w.org\/{rel}","templated":true}]}}