{"id":30727,"date":"2024-03-26T08:23:36","date_gmt":"2024-03-26T07:23:36","guid":{"rendered":"https:\/\/naturalpoland.com\/produkty\/Ei-luokiteltu\/akkermansia-muciniphila-akk11\/"},"modified":"2026-01-15T12:26:30","modified_gmt":"2026-01-15T11:26:30","slug":"akkermansia-muciniphila-akk11","status":"publish","type":"product","link":"https:\/\/naturalpoland.com\/fi\/tuotteet\/kosmetiikkateollisuuden-tuotteet\/probiootit\/akkermansia-muciniphila-akk11\/","title":{"rendered":"Akkermansia Muciniphila Akk11"},"content":{"rendered":"<p>Bakteerikanta <strong>Akkermansia Muciniphila Akk11<\/strong> kuuluu bakteeriryhm\u00e4\u00e4n, joka on intensiivisen tieteellisen tutkimuksen kohteena elimist\u00f6n biologisten esteiden ja mikrobiomin vuorovaikutuksen yhteydess\u00e4.<\/p>\n<p>Tuotetta tarjotaan vakaana, kuivana bakteeribiomassana, joka on tarkoitettu jatkotutkimus- ja kehitysty\u00f6h\u00f6n, sovelluksiin ja formulointiin vastaanottajan toimialaprofiilista riippuen.<\/p>\n<h2>Ominaisuudet ja vaikutus kosmetiikassa<\/h2>\n<p>Akkermansia muciniphilaa kuvataan laajasti tieteellisess\u00e4 kirjallisuudessa, p\u00e4\u00e4asiassa sen roolin vuoksi <strong>mikrobiologisen tasapainon yll\u00e4pit\u00e4misess\u00e4<\/strong> ja <strong>biologisten esteiden eheydess\u00e4<\/strong>. T\u00e4st\u00e4 syyst\u00e4 t\u00e4m\u00e4 kanta her\u00e4tt\u00e4\u00e4 kiinnostusta paitsi elintarvikesektorilla, my\u00f6s muilla mikrobiomin ja sen johdannaisten tutkimusalueilla. <\/p>\n<p>Viime vuosina on havaittu kasvavaa kiinnostusta mikrobiologisia ainesosia ja niiden johdannaisia kohtaan my\u00f6s aloilla, jotka eiv\u00e4t liity suoraan ravintolis\u00e4alaan, mukaan lukien konseptiprojektit ja uusien mikrobiomista inspiroitujen raaka-aineiden sukupolvien tutkimus.<\/p>\n<p>Hyv\u00e4ksytyst\u00e4 strategiasta ja s\u00e4\u00e4ntelykehyksest\u00e4 riippuen Akkermansia muciniphila Akk11 voi toimia l\u00e4ht\u00f6kohtana jatkoty\u00f6lle seuraavien parissa:<\/p>\n<ul>\n<li>mikrobiomista inspiroitujen raaka-aineiden,<\/li>\n<li>bioteknologisten komponenttien,<\/li>\n<li>mikro-organismien fraktioiden, metaboliittien tai johdannaisten,<\/li>\n<li>mikrobiologian ja biologisten esteiden tieteiden synergiaan perustuvien formulointikonseptien.<\/li>\n<\/ul>\n<p>Raaka-aineen k\u00e4ytt\u00f6ala ja -tapa riippuvat liiketoimintamallista ja vastaanottajan kohdemarkkinoista.<\/p>\n","protected":false},"excerpt":{"rendered":"<p><strong>Akkermansia muciniphila Akk11<\/strong> on moderni mikrobiologinen raaka-aine, joka on saatu kontrolloitujen fermentointi- ja kylm\u00e4kuivausprosessien avulla.<\/p>\n","protected":false},"featured_media":30711,"template":"","meta":[],"product_brand":[],"product_cat":[2090],"product_tag":[],"class_list":{"0":"post-30727","1":"product","2":"type-product","3":"status-publish","4":"has-post-thumbnail","6":"product_cat-probiootit","7":"pa_grupa-substancji-probioottiset-bakteerit","9":"first","10":"instock","11":"shipping-taxable","12":"product-type-simple"},"yoast_head":"<!-- This site is optimized with the Yoast SEO plugin v27.4 - https:\/\/yoast.com\/product\/yoast-seo-wordpress\/ -->\n<title>Akkermansia Muciniphila Akk11 - NATURAL POLAND - RAAKA-AINEIDEN TUKKUJAKELIJA<\/title>\n<meta name=\"description\" content=\"Akkermansia muciniphila Akk11 on moderni mikrobiologinen raaka-aine, joka on saatu kontrolloitujen fermentointi- ja kylm\u00e4kuivausprosessien avulla.\" \/>\n<meta name=\"robots\" content=\"index, follow, max-snippet:-1, max-image-preview:large, max-video-preview:-1\" \/>\n<link rel=\"canonical\" href=\"https:\/\/naturalpoland.com\/fi\/tuotteet\/kosmetiikkateollisuuden-tuotteet\/probiootit\/akkermansia-muciniphila-akk11\/\" \/>\n<meta property=\"og:locale\" content=\"fi_FI\" \/>\n<meta property=\"og:type\" content=\"article\" \/>\n<meta property=\"og:title\" content=\"Akkermansia Muciniphila Akk11 - NATURAL POLAND - RAAKA-AINEIDEN TUKKUJAKELIJA\" \/>\n<meta property=\"og:description\" content=\"Akkermansia muciniphila Akk11 on moderni mikrobiologinen raaka-aine, joka on saatu kontrolloitujen fermentointi- ja kylm\u00e4kuivausprosessien avulla.\" \/>\n<meta property=\"og:url\" content=\"https:\/\/naturalpoland.com\/fi\/tuotteet\/kosmetiikkateollisuuden-tuotteet\/probiootit\/akkermansia-muciniphila-akk11\/\" \/>\n<meta property=\"og:site_name\" content=\"NATURAL POLAND - RAAKA-AINEIDEN TUKKUJAKELIJA\" \/>\n<meta property=\"article:publisher\" content=\"https:\/\/www.facebook.com\/naturalpoland.b2b\" \/>\n<meta property=\"article:modified_time\" content=\"2026-01-15T11:26:30+00:00\" \/>\n<meta property=\"og:image\" content=\"https:\/\/naturalpoland.com\/wp-content\/uploads\/akkermansia-muciniphila.webp\" \/>\n\t<meta property=\"og:image:width\" content=\"1024\" \/>\n\t<meta property=\"og:image:height\" content=\"1024\" \/>\n\t<meta property=\"og:image:type\" content=\"image\/webp\" \/>\n<script type=\"application\/ld+json\" class=\"yoast-schema-graph\">{\"@context\":\"https:\\\/\\\/schema.org\",\"@graph\":[{\"@type\":\"WebPage\",\"@id\":\"https:\\\/\\\/naturalpoland.com\\\/fi\\\/tuotteet\\\/kosmetiikkateollisuuden-tuotteet\\\/probiootit\\\/akkermansia-muciniphila-akk11\\\/\",\"url\":\"https:\\\/\\\/naturalpoland.com\\\/fi\\\/tuotteet\\\/kosmetiikkateollisuuden-tuotteet\\\/probiootit\\\/akkermansia-muciniphila-akk11\\\/\",\"name\":\"Akkermansia Muciniphila Akk11 - NATURAL POLAND - RAAKA-AINEIDEN TUKKUJAKELIJA\",\"isPartOf\":{\"@id\":\"https:\\\/\\\/naturalpoland.com\\\/fi\\\/#website\"},\"primaryImageOfPage\":{\"@id\":\"https:\\\/\\\/naturalpoland.com\\\/fi\\\/tuotteet\\\/kosmetiikkateollisuuden-tuotteet\\\/probiootit\\\/akkermansia-muciniphila-akk11\\\/#primaryimage\"},\"image\":{\"@id\":\"https:\\\/\\\/naturalpoland.com\\\/fi\\\/tuotteet\\\/kosmetiikkateollisuuden-tuotteet\\\/probiootit\\\/akkermansia-muciniphila-akk11\\\/#primaryimage\"},\"thumbnailUrl\":\"https:\\\/\\\/naturalpoland.com\\\/wp-content\\\/uploads\\\/akkermansia-muciniphila.webp\",\"datePublished\":\"2024-03-26T07:23:36+00:00\",\"dateModified\":\"2026-01-15T11:26:30+00:00\",\"description\":\"Akkermansia muciniphila Akk11 on moderni mikrobiologinen raaka-aine, joka on saatu kontrolloitujen fermentointi- ja kylm\u00e4kuivausprosessien avulla.\",\"breadcrumb\":{\"@id\":\"https:\\\/\\\/naturalpoland.com\\\/fi\\\/tuotteet\\\/kosmetiikkateollisuuden-tuotteet\\\/probiootit\\\/akkermansia-muciniphila-akk11\\\/#breadcrumb\"},\"inLanguage\":\"fi\",\"potentialAction\":[{\"@type\":\"ReadAction\",\"target\":[\"https:\\\/\\\/naturalpoland.com\\\/fi\\\/tuotteet\\\/kosmetiikkateollisuuden-tuotteet\\\/probiootit\\\/akkermansia-muciniphila-akk11\\\/\"]}]},{\"@type\":\"ImageObject\",\"inLanguage\":\"fi\",\"@id\":\"https:\\\/\\\/naturalpoland.com\\\/fi\\\/tuotteet\\\/kosmetiikkateollisuuden-tuotteet\\\/probiootit\\\/akkermansia-muciniphila-akk11\\\/#primaryimage\",\"url\":\"https:\\\/\\\/naturalpoland.com\\\/wp-content\\\/uploads\\\/akkermansia-muciniphila.webp\",\"contentUrl\":\"https:\\\/\\\/naturalpoland.com\\\/wp-content\\\/uploads\\\/akkermansia-muciniphila.webp\",\"width\":1024,\"height\":1024,\"caption\":\"Akkermansia muciniphila\"},{\"@type\":\"BreadcrumbList\",\"@id\":\"https:\\\/\\\/naturalpoland.com\\\/fi\\\/tuotteet\\\/kosmetiikkateollisuuden-tuotteet\\\/probiootit\\\/akkermansia-muciniphila-akk11\\\/#breadcrumb\",\"itemListElement\":[{\"@type\":\"ListItem\",\"position\":1,\"name\":\"Etusivu\",\"item\":\"https:\\\/\\\/naturalpoland.com\\\/fi\\\/\"},{\"@type\":\"ListItem\",\"position\":2,\"name\":\"Tuotteet\",\"item\":\"https:\\\/\\\/naturalpoland.com\\\/fi\\\/tuotteet\\\/\"},{\"@type\":\"ListItem\",\"position\":3,\"name\":\"Akkermansia Muciniphila Akk11\"}]},{\"@type\":\"WebSite\",\"@id\":\"https:\\\/\\\/naturalpoland.com\\\/fi\\\/#website\",\"url\":\"https:\\\/\\\/naturalpoland.com\\\/fi\\\/\",\"name\":\"NATURAL POLAND - RAAKA-AINEIDEN TUKKUJAKELIJA\",\"description\":\"Surowce dla przemys\u0142u spo\u017cywczego, kosmetycznego i farmaceutycznego\",\"publisher\":{\"@id\":\"https:\\\/\\\/naturalpoland.com\\\/fi\\\/#organization\"},\"potentialAction\":[{\"@type\":\"SearchAction\",\"target\":{\"@type\":\"EntryPoint\",\"urlTemplate\":\"https:\\\/\\\/naturalpoland.com\\\/fi\\\/?s={search_term_string}\"},\"query-input\":{\"@type\":\"PropertyValueSpecification\",\"valueRequired\":true,\"valueName\":\"search_term_string\"}}],\"inLanguage\":\"fi\"},{\"@type\":\"Organization\",\"@id\":\"https:\\\/\\\/naturalpoland.com\\\/fi\\\/#organization\",\"name\":\"Natural Poland\",\"url\":\"https:\\\/\\\/naturalpoland.com\\\/fi\\\/\",\"logo\":{\"@type\":\"ImageObject\",\"inLanguage\":\"fi\",\"@id\":\"https:\\\/\\\/naturalpoland.com\\\/fi\\\/#\\\/schema\\\/logo\\\/image\\\/\",\"url\":\"https:\\\/\\\/naturalpoland.com\\\/wp-content\\\/uploads\\\/2021\\\/05\\\/natural-poland-icon.png\",\"contentUrl\":\"https:\\\/\\\/naturalpoland.com\\\/wp-content\\\/uploads\\\/2021\\\/05\\\/natural-poland-icon.png\",\"width\":512,\"height\":512,\"caption\":\"Natural Poland\"},\"image\":{\"@id\":\"https:\\\/\\\/naturalpoland.com\\\/fi\\\/#\\\/schema\\\/logo\\\/image\\\/\"},\"sameAs\":[\"https:\\\/\\\/www.facebook.com\\\/naturalpoland.b2b\",\"https:\\\/\\\/pl.linkedin.com\\\/company\\\/natural-poland\",\"https:\\\/\\\/www.youtube.com\\\/channel\\\/UCgeGGkvOMahZo-xu_MSEWxg\"]}]}<\/script>\n<!-- \/ Yoast SEO plugin. -->","yoast_head_json":{"title":"Akkermansia Muciniphila Akk11 - NATURAL POLAND - RAAKA-AINEIDEN TUKKUJAKELIJA","description":"Akkermansia muciniphila Akk11 on moderni mikrobiologinen raaka-aine, joka on saatu kontrolloitujen fermentointi- ja kylm\u00e4kuivausprosessien avulla.","robots":{"index":"index","follow":"follow","max-snippet":"max-snippet:-1","max-image-preview":"max-image-preview:large","max-video-preview":"max-video-preview:-1"},"canonical":"https:\/\/naturalpoland.com\/fi\/tuotteet\/kosmetiikkateollisuuden-tuotteet\/probiootit\/akkermansia-muciniphila-akk11\/","og_locale":"fi_FI","og_type":"article","og_title":"Akkermansia Muciniphila Akk11 - NATURAL POLAND - RAAKA-AINEIDEN TUKKUJAKELIJA","og_description":"Akkermansia muciniphila Akk11 on moderni mikrobiologinen raaka-aine, joka on saatu kontrolloitujen fermentointi- ja kylm\u00e4kuivausprosessien avulla.","og_url":"https:\/\/naturalpoland.com\/fi\/tuotteet\/kosmetiikkateollisuuden-tuotteet\/probiootit\/akkermansia-muciniphila-akk11\/","og_site_name":"NATURAL POLAND - RAAKA-AINEIDEN TUKKUJAKELIJA","article_publisher":"https:\/\/www.facebook.com\/naturalpoland.b2b","article_modified_time":"2026-01-15T11:26:30+00:00","og_image":[{"width":1024,"height":1024,"url":"https:\/\/naturalpoland.com\/wp-content\/uploads\/akkermansia-muciniphila.webp","type":"image\/webp"}],"schema":{"@context":"https:\/\/schema.org","@graph":[{"@type":"WebPage","@id":"https:\/\/naturalpoland.com\/fi\/tuotteet\/kosmetiikkateollisuuden-tuotteet\/probiootit\/akkermansia-muciniphila-akk11\/","url":"https:\/\/naturalpoland.com\/fi\/tuotteet\/kosmetiikkateollisuuden-tuotteet\/probiootit\/akkermansia-muciniphila-akk11\/","name":"Akkermansia Muciniphila Akk11 - NATURAL POLAND - RAAKA-AINEIDEN TUKKUJAKELIJA","isPartOf":{"@id":"https:\/\/naturalpoland.com\/fi\/#website"},"primaryImageOfPage":{"@id":"https:\/\/naturalpoland.com\/fi\/tuotteet\/kosmetiikkateollisuuden-tuotteet\/probiootit\/akkermansia-muciniphila-akk11\/#primaryimage"},"image":{"@id":"https:\/\/naturalpoland.com\/fi\/tuotteet\/kosmetiikkateollisuuden-tuotteet\/probiootit\/akkermansia-muciniphila-akk11\/#primaryimage"},"thumbnailUrl":"https:\/\/naturalpoland.com\/wp-content\/uploads\/akkermansia-muciniphila.webp","datePublished":"2024-03-26T07:23:36+00:00","dateModified":"2026-01-15T11:26:30+00:00","description":"Akkermansia muciniphila Akk11 on moderni mikrobiologinen raaka-aine, joka on saatu kontrolloitujen fermentointi- ja kylm\u00e4kuivausprosessien avulla.","breadcrumb":{"@id":"https:\/\/naturalpoland.com\/fi\/tuotteet\/kosmetiikkateollisuuden-tuotteet\/probiootit\/akkermansia-muciniphila-akk11\/#breadcrumb"},"inLanguage":"fi","potentialAction":[{"@type":"ReadAction","target":["https:\/\/naturalpoland.com\/fi\/tuotteet\/kosmetiikkateollisuuden-tuotteet\/probiootit\/akkermansia-muciniphila-akk11\/"]}]},{"@type":"ImageObject","inLanguage":"fi","@id":"https:\/\/naturalpoland.com\/fi\/tuotteet\/kosmetiikkateollisuuden-tuotteet\/probiootit\/akkermansia-muciniphila-akk11\/#primaryimage","url":"https:\/\/naturalpoland.com\/wp-content\/uploads\/akkermansia-muciniphila.webp","contentUrl":"https:\/\/naturalpoland.com\/wp-content\/uploads\/akkermansia-muciniphila.webp","width":1024,"height":1024,"caption":"Akkermansia muciniphila"},{"@type":"BreadcrumbList","@id":"https:\/\/naturalpoland.com\/fi\/tuotteet\/kosmetiikkateollisuuden-tuotteet\/probiootit\/akkermansia-muciniphila-akk11\/#breadcrumb","itemListElement":[{"@type":"ListItem","position":1,"name":"Etusivu","item":"https:\/\/naturalpoland.com\/fi\/"},{"@type":"ListItem","position":2,"name":"Tuotteet","item":"https:\/\/naturalpoland.com\/fi\/tuotteet\/"},{"@type":"ListItem","position":3,"name":"Akkermansia Muciniphila Akk11"}]},{"@type":"WebSite","@id":"https:\/\/naturalpoland.com\/fi\/#website","url":"https:\/\/naturalpoland.com\/fi\/","name":"NATURAL POLAND - RAAKA-AINEIDEN TUKKUJAKELIJA","description":"Surowce dla przemys\u0142u spo\u017cywczego, kosmetycznego i farmaceutycznego","publisher":{"@id":"https:\/\/naturalpoland.com\/fi\/#organization"},"potentialAction":[{"@type":"SearchAction","target":{"@type":"EntryPoint","urlTemplate":"https:\/\/naturalpoland.com\/fi\/?s={search_term_string}"},"query-input":{"@type":"PropertyValueSpecification","valueRequired":true,"valueName":"search_term_string"}}],"inLanguage":"fi"},{"@type":"Organization","@id":"https:\/\/naturalpoland.com\/fi\/#organization","name":"Natural Poland","url":"https:\/\/naturalpoland.com\/fi\/","logo":{"@type":"ImageObject","inLanguage":"fi","@id":"https:\/\/naturalpoland.com\/fi\/#\/schema\/logo\/image\/","url":"https:\/\/naturalpoland.com\/wp-content\/uploads\/2021\/05\/natural-poland-icon.png","contentUrl":"https:\/\/naturalpoland.com\/wp-content\/uploads\/2021\/05\/natural-poland-icon.png","width":512,"height":512,"caption":"Natural Poland"},"image":{"@id":"https:\/\/naturalpoland.com\/fi\/#\/schema\/logo\/image\/"},"sameAs":["https:\/\/www.facebook.com\/naturalpoland.b2b","https:\/\/pl.linkedin.com\/company\/natural-poland","https:\/\/www.youtube.com\/channel\/UCgeGGkvOMahZo-xu_MSEWxg"]}]}},"_links":{"self":[{"href":"https:\/\/naturalpoland.com\/fi\/wp-json\/wp\/v2\/product\/30727","targetHints":{"allow":["GET"]}}],"collection":[{"href":"https:\/\/naturalpoland.com\/fi\/wp-json\/wp\/v2\/product"}],"about":[{"href":"https:\/\/naturalpoland.com\/fi\/wp-json\/wp\/v2\/types\/product"}],"wp:featuredmedia":[{"embeddable":true,"href":"https:\/\/naturalpoland.com\/fi\/wp-json\/wp\/v2\/media\/30711"}],"wp:attachment":[{"href":"https:\/\/naturalpoland.com\/fi\/wp-json\/wp\/v2\/media?parent=30727"}],"wp:term":[{"taxonomy":"product_brand","embeddable":true,"href":"https:\/\/naturalpoland.com\/fi\/wp-json\/wp\/v2\/product_brand?post=30727"},{"taxonomy":"product_cat","embeddable":true,"href":"https:\/\/naturalpoland.com\/fi\/wp-json\/wp\/v2\/product_cat?post=30727"},{"taxonomy":"product_tag","embeddable":true,"href":"https:\/\/naturalpoland.com\/fi\/wp-json\/wp\/v2\/product_tag?post=30727"}],"curies":[{"name":"wp","href":"https:\/\/api.w.org\/{rel}","templated":true}]}}