{"id":31385,"date":"2024-04-29T12:41:44","date_gmt":"2024-04-29T11:56:15","guid":{"rendered":"https:\/\/naturalpoland.com\/produkty\/Ei-luokiteltu\/beetasyklodekstriini\/"},"modified":"2024-04-29T13:56:15","modified_gmt":"2024-04-29T11:56:15","slug":"beetasyklodekstriini","status":"publish","type":"product","link":"https:\/\/naturalpoland.com\/fi\/tuotteet\/laaketeollisuuden-tuotteet\/ravintolisien-ainesosat\/beetasyklodekstriini\/","title":{"rendered":"Beetasyklodekstriini"},"content":{"rendered":"<p>Beetasyklodekstriini\u00e4 saadaan jalostetusta t\u00e4rkkelyspitoisesta raaka-aineesta. Sen puhtausaste on 99,7 %. Erityisen rakenteensa ansiosta se on helppo sulattaa eik\u00e4 aiheuta raskauden tunnetta, joka on yleinen ongelma muiden nopeasti metaboloituvien hiilihydraattien kanssa. Koska beetasyklodekstriini on neutraalin makuinen ja hyvin liukeneva tuote, se voidaan helposti sis\u00e4llytt\u00e4\u00e4 ruokavalioon ilman, ett\u00e4 sen maittavuus k\u00e4rsii.<\/p>\n<h2>Beetasyklodekstriinin k\u00e4ytt\u00f6 lis\u00e4ravinteissa<\/h2>\n<ol>\n<li><strong>Energial\u00e4hde<\/strong><br \/>\nSe on runsasenerginen hiilihydraattil\u00e4hde, joka vapauttaa glukoosia kest\u00e4v\u00e4sti, mik\u00e4 on v\u00e4ltt\u00e4m\u00e4t\u00f6nt\u00e4 tehokkuuden kannalta intensiivisen liikunnan aikana.<\/li>\n<li><strong>Glukoosin stabiilisuus<\/strong><br \/>\nAsteittaisen aineenvaihduntansa ansiosta beetasyklodekstriini ei aiheuta verensokeripiikkej\u00e4, mik\u00e4 on ratkaisevan t\u00e4rke\u00e4\u00e4 urheilijoille, jotka haluavat vakaan energiatason.<\/li>\n<li><strong>Koulutustuki<\/strong><br \/>\nSit\u00e4 k\u00e4ytet\u00e4\u00e4n lis\u00e4aineena ennen harjoittelua k\u00e4ytett\u00e4viin lis\u00e4ravinteisiin, mik\u00e4 tukee harjoittelusuoritusta ja harjoittelun j\u00e4lkeist\u00e4 palautumista.<\/li>\n<li><strong>Monipuolisuus<br \/>\n<\/strong>Beetasyklodekstriini\u00e4 voidaan k\u00e4ytt\u00e4\u00e4 erilaisissa lis\u00e4ravinteiden muodoissa &#8211; tableteista juomien valmistukseen k\u00e4ytett\u00e4viin jauheisiin ja energiageeleihin.<\/li>\n<\/ol>\n<p>Beetasyklodekstriini on nykyaikainen urheilusuoritusta tukeva ainesosa, joka ainutlaatuisten ominaisuuksiensa ansiosta on arvokas lis\u00e4 urheilijoiden ruokavalioon.<\/p>\n","protected":false},"excerpt":{"rendered":"<p><strong>Sykliset dekstriinit<\/strong>, tai tarkemmin sanottuna <strong>beetasyklodekstriini <\/strong>, on erityinen hiilihydraattityyppi. Se koostuu glukoosimolekyyleist\u00e4, jotka on yhdistetty syklisiksi oligosakkarideiksi.<\/p>\n","protected":false},"featured_media":31289,"template":"","meta":{"_acf_changed":false},"product_brand":[],"product_cat":[535],"product_tag":[],"class_list":{"0":"post-31385","1":"product","2":"type-product","3":"status-publish","4":"has-post-thumbnail","6":"product_cat-ravintolisien-ainesosat","7":"pa_grupa-substancji-sykliset-dekstriinit","9":"first","10":"instock","11":"shipping-taxable","12":"product-type-simple"},"acf":[],"yoast_head":"<!-- This site is optimized with the Yoast SEO plugin v27.4 - https:\/\/yoast.com\/product\/yoast-seo-wordpress\/ -->\n<title>Beetasyklodekstriini - Tukkudistribuutio<\/title>\n<meta name=\"description\" content=\"Sykliset dekstriinit, tai tarkemmin sanottuna beetasyklodekstriini, on innovatiivinen ainesosa ravintolisien ja funktionaalisten elintarvikkeiden maailmassa, ja urheilijat arvostavat sit\u00e4.\" \/>\n<meta name=\"robots\" content=\"index, follow, max-snippet:-1, max-image-preview:large, max-video-preview:-1\" \/>\n<link rel=\"canonical\" href=\"https:\/\/naturalpoland.com\/fi\/tuotteet\/laaketeollisuuden-tuotteet\/ravintolisien-ainesosat\/beetasyklodekstriini\/\" \/>\n<meta property=\"og:locale\" content=\"fi_FI\" \/>\n<meta property=\"og:type\" content=\"article\" \/>\n<meta property=\"og:title\" content=\"Beetasyklodekstriini - Tukkudistribuutio\" \/>\n<meta property=\"og:description\" content=\"Sykliset dekstriinit, tai tarkemmin sanottuna beetasyklodekstriini, on innovatiivinen ainesosa ravintolisien ja funktionaalisten elintarvikkeiden maailmassa, ja urheilijat arvostavat sit\u00e4.\" \/>\n<meta property=\"og:url\" content=\"https:\/\/naturalpoland.com\/fi\/tuotteet\/laaketeollisuuden-tuotteet\/ravintolisien-ainesosat\/beetasyklodekstriini\/\" \/>\n<meta property=\"og:site_name\" content=\"NATURAL POLAND - RAAKA-AINEIDEN TUKKUJAKELIJA\" \/>\n<meta property=\"article:publisher\" content=\"https:\/\/www.facebook.com\/naturalpoland.b2b\" \/>\n<meta property=\"og:image\" content=\"https:\/\/naturalpoland.com\/wp-content\/uploads\/beta-cyklodekstryna.webp\" \/>\n\t<meta property=\"og:image:width\" content=\"614\" \/>\n\t<meta property=\"og:image:height\" content=\"614\" \/>\n\t<meta property=\"og:image:type\" content=\"image\/webp\" \/>\n<script type=\"application\/ld+json\" class=\"yoast-schema-graph\">{\"@context\":\"https:\\\/\\\/schema.org\",\"@graph\":[{\"@type\":\"WebPage\",\"@id\":\"https:\\\/\\\/naturalpoland.com\\\/fi\\\/tuotteet\\\/laaketeollisuuden-tuotteet\\\/ravintolisien-ainesosat\\\/beetasyklodekstriini\\\/\",\"url\":\"https:\\\/\\\/naturalpoland.com\\\/fi\\\/tuotteet\\\/laaketeollisuuden-tuotteet\\\/ravintolisien-ainesosat\\\/beetasyklodekstriini\\\/\",\"name\":\"Beetasyklodekstriini - Tukkudistribuutio\",\"isPartOf\":{\"@id\":\"https:\\\/\\\/naturalpoland.com\\\/fi\\\/#website\"},\"primaryImageOfPage\":{\"@id\":\"https:\\\/\\\/naturalpoland.com\\\/fi\\\/tuotteet\\\/laaketeollisuuden-tuotteet\\\/ravintolisien-ainesosat\\\/beetasyklodekstriini\\\/#primaryimage\"},\"image\":{\"@id\":\"https:\\\/\\\/naturalpoland.com\\\/fi\\\/tuotteet\\\/laaketeollisuuden-tuotteet\\\/ravintolisien-ainesosat\\\/beetasyklodekstriini\\\/#primaryimage\"},\"thumbnailUrl\":\"https:\\\/\\\/naturalpoland.com\\\/wp-content\\\/uploads\\\/beta-cyklodekstryna.webp\",\"datePublished\":\"2024-04-29T11:56:15+00:00\",\"description\":\"Sykliset dekstriinit, tai tarkemmin sanottuna beetasyklodekstriini, on innovatiivinen ainesosa ravintolisien ja funktionaalisten elintarvikkeiden maailmassa, ja urheilijat arvostavat sit\u00e4.\",\"breadcrumb\":{\"@id\":\"https:\\\/\\\/naturalpoland.com\\\/fi\\\/tuotteet\\\/laaketeollisuuden-tuotteet\\\/ravintolisien-ainesosat\\\/beetasyklodekstriini\\\/#breadcrumb\"},\"inLanguage\":\"fi\",\"potentialAction\":[{\"@type\":\"ReadAction\",\"target\":[\"https:\\\/\\\/naturalpoland.com\\\/fi\\\/tuotteet\\\/laaketeollisuuden-tuotteet\\\/ravintolisien-ainesosat\\\/beetasyklodekstriini\\\/\"]}]},{\"@type\":\"ImageObject\",\"inLanguage\":\"fi\",\"@id\":\"https:\\\/\\\/naturalpoland.com\\\/fi\\\/tuotteet\\\/laaketeollisuuden-tuotteet\\\/ravintolisien-ainesosat\\\/beetasyklodekstriini\\\/#primaryimage\",\"url\":\"https:\\\/\\\/naturalpoland.com\\\/wp-content\\\/uploads\\\/beta-cyklodekstryna.webp\",\"contentUrl\":\"https:\\\/\\\/naturalpoland.com\\\/wp-content\\\/uploads\\\/beta-cyklodekstryna.webp\",\"width\":614,\"height\":614,\"caption\":\"beta-cyklodekstryna\"},{\"@type\":\"BreadcrumbList\",\"@id\":\"https:\\\/\\\/naturalpoland.com\\\/fi\\\/tuotteet\\\/laaketeollisuuden-tuotteet\\\/ravintolisien-ainesosat\\\/beetasyklodekstriini\\\/#breadcrumb\",\"itemListElement\":[{\"@type\":\"ListItem\",\"position\":1,\"name\":\"Etusivu\",\"item\":\"https:\\\/\\\/naturalpoland.com\\\/fi\\\/\"},{\"@type\":\"ListItem\",\"position\":2,\"name\":\"Tuotteet\",\"item\":\"https:\\\/\\\/naturalpoland.com\\\/fi\\\/tuotteet\\\/\"},{\"@type\":\"ListItem\",\"position\":3,\"name\":\"Beetasyklodekstriini\"}]},{\"@type\":\"WebSite\",\"@id\":\"https:\\\/\\\/naturalpoland.com\\\/fi\\\/#website\",\"url\":\"https:\\\/\\\/naturalpoland.com\\\/fi\\\/\",\"name\":\"NATURAL POLAND - RAAKA-AINEIDEN TUKKUJAKELIJA\",\"description\":\"Surowce dla przemys\u0142u spo\u017cywczego, kosmetycznego i farmaceutycznego\",\"publisher\":{\"@id\":\"https:\\\/\\\/naturalpoland.com\\\/fi\\\/#organization\"},\"potentialAction\":[{\"@type\":\"SearchAction\",\"target\":{\"@type\":\"EntryPoint\",\"urlTemplate\":\"https:\\\/\\\/naturalpoland.com\\\/fi\\\/?s={search_term_string}\"},\"query-input\":{\"@type\":\"PropertyValueSpecification\",\"valueRequired\":true,\"valueName\":\"search_term_string\"}}],\"inLanguage\":\"fi\"},{\"@type\":\"Organization\",\"@id\":\"https:\\\/\\\/naturalpoland.com\\\/fi\\\/#organization\",\"name\":\"Natural Poland\",\"url\":\"https:\\\/\\\/naturalpoland.com\\\/fi\\\/\",\"logo\":{\"@type\":\"ImageObject\",\"inLanguage\":\"fi\",\"@id\":\"https:\\\/\\\/naturalpoland.com\\\/fi\\\/#\\\/schema\\\/logo\\\/image\\\/\",\"url\":\"https:\\\/\\\/naturalpoland.com\\\/wp-content\\\/uploads\\\/2021\\\/05\\\/natural-poland-icon.png\",\"contentUrl\":\"https:\\\/\\\/naturalpoland.com\\\/wp-content\\\/uploads\\\/2021\\\/05\\\/natural-poland-icon.png\",\"width\":512,\"height\":512,\"caption\":\"Natural Poland\"},\"image\":{\"@id\":\"https:\\\/\\\/naturalpoland.com\\\/fi\\\/#\\\/schema\\\/logo\\\/image\\\/\"},\"sameAs\":[\"https:\\\/\\\/www.facebook.com\\\/naturalpoland.b2b\",\"https:\\\/\\\/pl.linkedin.com\\\/company\\\/natural-poland\",\"https:\\\/\\\/www.youtube.com\\\/channel\\\/UCgeGGkvOMahZo-xu_MSEWxg\"]}]}<\/script>\n<!-- \/ Yoast SEO plugin. -->","yoast_head_json":{"title":"Beetasyklodekstriini - Tukkudistribuutio","description":"Sykliset dekstriinit, tai tarkemmin sanottuna beetasyklodekstriini, on innovatiivinen ainesosa ravintolisien ja funktionaalisten elintarvikkeiden maailmassa, ja urheilijat arvostavat sit\u00e4.","robots":{"index":"index","follow":"follow","max-snippet":"max-snippet:-1","max-image-preview":"max-image-preview:large","max-video-preview":"max-video-preview:-1"},"canonical":"https:\/\/naturalpoland.com\/fi\/tuotteet\/laaketeollisuuden-tuotteet\/ravintolisien-ainesosat\/beetasyklodekstriini\/","og_locale":"fi_FI","og_type":"article","og_title":"Beetasyklodekstriini - Tukkudistribuutio","og_description":"Sykliset dekstriinit, tai tarkemmin sanottuna beetasyklodekstriini, on innovatiivinen ainesosa ravintolisien ja funktionaalisten elintarvikkeiden maailmassa, ja urheilijat arvostavat sit\u00e4.","og_url":"https:\/\/naturalpoland.com\/fi\/tuotteet\/laaketeollisuuden-tuotteet\/ravintolisien-ainesosat\/beetasyklodekstriini\/","og_site_name":"NATURAL POLAND - RAAKA-AINEIDEN TUKKUJAKELIJA","article_publisher":"https:\/\/www.facebook.com\/naturalpoland.b2b","og_image":[{"width":614,"height":614,"url":"https:\/\/naturalpoland.com\/wp-content\/uploads\/beta-cyklodekstryna.webp","type":"image\/webp"}],"schema":{"@context":"https:\/\/schema.org","@graph":[{"@type":"WebPage","@id":"https:\/\/naturalpoland.com\/fi\/tuotteet\/laaketeollisuuden-tuotteet\/ravintolisien-ainesosat\/beetasyklodekstriini\/","url":"https:\/\/naturalpoland.com\/fi\/tuotteet\/laaketeollisuuden-tuotteet\/ravintolisien-ainesosat\/beetasyklodekstriini\/","name":"Beetasyklodekstriini - Tukkudistribuutio","isPartOf":{"@id":"https:\/\/naturalpoland.com\/fi\/#website"},"primaryImageOfPage":{"@id":"https:\/\/naturalpoland.com\/fi\/tuotteet\/laaketeollisuuden-tuotteet\/ravintolisien-ainesosat\/beetasyklodekstriini\/#primaryimage"},"image":{"@id":"https:\/\/naturalpoland.com\/fi\/tuotteet\/laaketeollisuuden-tuotteet\/ravintolisien-ainesosat\/beetasyklodekstriini\/#primaryimage"},"thumbnailUrl":"https:\/\/naturalpoland.com\/wp-content\/uploads\/beta-cyklodekstryna.webp","datePublished":"2024-04-29T11:56:15+00:00","description":"Sykliset dekstriinit, tai tarkemmin sanottuna beetasyklodekstriini, on innovatiivinen ainesosa ravintolisien ja funktionaalisten elintarvikkeiden maailmassa, ja urheilijat arvostavat sit\u00e4.","breadcrumb":{"@id":"https:\/\/naturalpoland.com\/fi\/tuotteet\/laaketeollisuuden-tuotteet\/ravintolisien-ainesosat\/beetasyklodekstriini\/#breadcrumb"},"inLanguage":"fi","potentialAction":[{"@type":"ReadAction","target":["https:\/\/naturalpoland.com\/fi\/tuotteet\/laaketeollisuuden-tuotteet\/ravintolisien-ainesosat\/beetasyklodekstriini\/"]}]},{"@type":"ImageObject","inLanguage":"fi","@id":"https:\/\/naturalpoland.com\/fi\/tuotteet\/laaketeollisuuden-tuotteet\/ravintolisien-ainesosat\/beetasyklodekstriini\/#primaryimage","url":"https:\/\/naturalpoland.com\/wp-content\/uploads\/beta-cyklodekstryna.webp","contentUrl":"https:\/\/naturalpoland.com\/wp-content\/uploads\/beta-cyklodekstryna.webp","width":614,"height":614,"caption":"beta-cyklodekstryna"},{"@type":"BreadcrumbList","@id":"https:\/\/naturalpoland.com\/fi\/tuotteet\/laaketeollisuuden-tuotteet\/ravintolisien-ainesosat\/beetasyklodekstriini\/#breadcrumb","itemListElement":[{"@type":"ListItem","position":1,"name":"Etusivu","item":"https:\/\/naturalpoland.com\/fi\/"},{"@type":"ListItem","position":2,"name":"Tuotteet","item":"https:\/\/naturalpoland.com\/fi\/tuotteet\/"},{"@type":"ListItem","position":3,"name":"Beetasyklodekstriini"}]},{"@type":"WebSite","@id":"https:\/\/naturalpoland.com\/fi\/#website","url":"https:\/\/naturalpoland.com\/fi\/","name":"NATURAL POLAND - RAAKA-AINEIDEN TUKKUJAKELIJA","description":"Surowce dla przemys\u0142u spo\u017cywczego, kosmetycznego i farmaceutycznego","publisher":{"@id":"https:\/\/naturalpoland.com\/fi\/#organization"},"potentialAction":[{"@type":"SearchAction","target":{"@type":"EntryPoint","urlTemplate":"https:\/\/naturalpoland.com\/fi\/?s={search_term_string}"},"query-input":{"@type":"PropertyValueSpecification","valueRequired":true,"valueName":"search_term_string"}}],"inLanguage":"fi"},{"@type":"Organization","@id":"https:\/\/naturalpoland.com\/fi\/#organization","name":"Natural Poland","url":"https:\/\/naturalpoland.com\/fi\/","logo":{"@type":"ImageObject","inLanguage":"fi","@id":"https:\/\/naturalpoland.com\/fi\/#\/schema\/logo\/image\/","url":"https:\/\/naturalpoland.com\/wp-content\/uploads\/2021\/05\/natural-poland-icon.png","contentUrl":"https:\/\/naturalpoland.com\/wp-content\/uploads\/2021\/05\/natural-poland-icon.png","width":512,"height":512,"caption":"Natural Poland"},"image":{"@id":"https:\/\/naturalpoland.com\/fi\/#\/schema\/logo\/image\/"},"sameAs":["https:\/\/www.facebook.com\/naturalpoland.b2b","https:\/\/pl.linkedin.com\/company\/natural-poland","https:\/\/www.youtube.com\/channel\/UCgeGGkvOMahZo-xu_MSEWxg"]}]}},"_links":{"self":[{"href":"https:\/\/naturalpoland.com\/fi\/wp-json\/wp\/v2\/product\/31385","targetHints":{"allow":["GET"]}}],"collection":[{"href":"https:\/\/naturalpoland.com\/fi\/wp-json\/wp\/v2\/product"}],"about":[{"href":"https:\/\/naturalpoland.com\/fi\/wp-json\/wp\/v2\/types\/product"}],"wp:featuredmedia":[{"embeddable":true,"href":"https:\/\/naturalpoland.com\/fi\/wp-json\/wp\/v2\/media\/31289"}],"wp:attachment":[{"href":"https:\/\/naturalpoland.com\/fi\/wp-json\/wp\/v2\/media?parent=31385"}],"wp:term":[{"taxonomy":"product_brand","embeddable":true,"href":"https:\/\/naturalpoland.com\/fi\/wp-json\/wp\/v2\/product_brand?post=31385"},{"taxonomy":"product_cat","embeddable":true,"href":"https:\/\/naturalpoland.com\/fi\/wp-json\/wp\/v2\/product_cat?post=31385"},{"taxonomy":"product_tag","embeddable":true,"href":"https:\/\/naturalpoland.com\/fi\/wp-json\/wp\/v2\/product_tag?post=31385"}],"curies":[{"name":"wp","href":"https:\/\/api.w.org\/{rel}","templated":true}]}}