{"id":31407,"date":"2024-04-24T16:37:54","date_gmt":"2024-04-29T11:57:39","guid":{"rendered":"https:\/\/naturalpoland.com\/produkty\/Ei-luokiteltu\/hevoskastanjahydrolaatti\/"},"modified":"2024-04-29T13:57:39","modified_gmt":"2024-04-29T11:57:39","slug":"hevoskastanjahydrolaatti","status":"publish","type":"product","link":"https:\/\/naturalpoland.com\/fi\/tuotteet\/kosmetiikkateollisuuden-tuotteet\/kukkaisvedet\/hevoskastanjahydrolaatti\/","title":{"rendered":"Hevoskastanjahydrolaatti"},"content":{"rendered":"<p>Hevoskastanjan sis\u00e4lt\u00e4m\u00e4t <strong>eskuliini<\/strong> ja <strong>eskyn<\/strong> ovat luonnollisia yhdisteit\u00e4, jotka vahvistavat kapillaareja. Hevoskastanjahydrolaatin s\u00e4\u00e4nn\u00f6llinen k\u00e4ytt\u00f6 voi v\u00e4hent\u00e4\u00e4 n\u00e4kyv\u00e4sti hienojen verisuonten ulkon\u00e4k\u00f6\u00e4 ihon pinnalla, v\u00e4hent\u00e4\u00e4 punoitusta ja parantaa ihon s\u00e4vy\u00e4.<\/p>\n<p>Hevoskastanjahydrolaatilla on my\u00f6s tulehdusta ja turvotusta ehk\u00e4isevi\u00e4 ominaisuuksia. T\u00e4st\u00e4 syyst\u00e4 sit\u00e4 k\u00e4ytet\u00e4\u00e4n ainesosana tuotteissa, joiden tarkoituksena on lievitt\u00e4\u00e4 turvotusta erityisesti silmien ymp\u00e4rill\u00e4 ja jaloissa. Ammattik\u00e4ytt\u00f6\u00f6n tarkoitetussa kosmetiikassa sit\u00e4 k\u00e4ytet\u00e4\u00e4n rauhoittavana tonicina, verisuonia vahvistavana seerumina ja turvotusta viilent\u00e4vien geelien ainesosana.<\/p>\n<p>Terapeuttisten ominaisuuksiensa lis\u00e4ksi hevoskastanjahydrolaatti tarjoaa my\u00f6s rentouttavan kokemuksen hienovaraisen yrttisen tuoksunsa ansiosta. Sen kevyt ja rasvaton koostumus tekee siit\u00e4 ihanteellisen p\u00e4ivitt\u00e4iseen k\u00e4ytt\u00f6\u00f6n, se ei paina ihoa ja imeytyy nopeasti, jolloin iho tuntuu raikkaalta ja miellytt\u00e4v\u00e4lt\u00e4.<\/p>\n<p>Se on luonnontuote, johon ei ole lis\u00e4tty keinotekoisia s\u00e4il\u00f6nt\u00e4aineita, v\u00e4rej\u00e4 tai makuaineita. Sit\u00e4 voidaan k\u00e4ytt\u00e4\u00e4 sek\u00e4 sellaisenaan ett\u00e4 arvokkaana ainesosana luonnonkosmetiikan ja luonnonmukaisten kosmeettisten valmisteiden rikastamisessa.<\/p>\n","protected":false},"excerpt":{"rendered":"<p>Hevoskastanjahydrolaatti uutetaan hevoskastanjapuun<em>(Aesculus hippocastanum<\/em>) hedelmist\u00e4 h\u00f6yrytislaamalla. Sit\u00e4 arvostetaan ongelmallisen ihon, kuten \u00e4rsytykselle ja turvotukselle alttiin verisuonten iho, hoidossa.<\/p>\n","protected":false},"featured_media":31262,"template":"","meta":{"_acf_changed":false},"product_brand":[],"product_cat":[3550],"product_tag":[],"class_list":{"0":"post-31407","1":"product","2":"type-product","3":"status-publish","4":"has-post-thumbnail","6":"product_cat-kukkaisvedet","7":"pa_grupa-substancji-tisleet","9":"first","10":"instock","11":"shipping-taxable","12":"product-type-simple"},"acf":[],"yoast_head":"<!-- This site is optimized with the Yoast SEO plugin v27.6 - https:\/\/yoast.com\/product\/yoast-seo-wordpress\/ -->\n<title>Hevoskastanjahydrolaatti - Tukkudistribuutio<\/title>\n<meta name=\"description\" content=\"Hevoskastanjahydrolaatilla on ominaisuuksia, jotka vahvistavat verisuonten sein\u00e4mi\u00e4 ja torjuvat ihon turvotusta ja punoitusta.\" \/>\n<meta name=\"robots\" content=\"index, follow, max-snippet:-1, max-image-preview:large, max-video-preview:-1\" \/>\n<link rel=\"canonical\" href=\"https:\/\/naturalpoland.com\/fi\/tuotteet\/kosmetiikkateollisuuden-tuotteet\/kukkaisvedet\/hevoskastanjahydrolaatti\/\" \/>\n<meta property=\"og:locale\" content=\"fi_FI\" \/>\n<meta property=\"og:type\" content=\"article\" \/>\n<meta property=\"og:title\" content=\"Hevoskastanjahydrolaatti - Tukkudistribuutio\" \/>\n<meta property=\"og:description\" content=\"Hevoskastanjahydrolaatilla on ominaisuuksia, jotka vahvistavat verisuonten sein\u00e4mi\u00e4 ja torjuvat ihon turvotusta ja punoitusta.\" \/>\n<meta property=\"og:url\" content=\"https:\/\/naturalpoland.com\/fi\/tuotteet\/kosmetiikkateollisuuden-tuotteet\/kukkaisvedet\/hevoskastanjahydrolaatti\/\" \/>\n<meta property=\"og:site_name\" content=\"NATURAL POLAND - RAAKA-AINEIDEN TUKKUJAKELIJA\" \/>\n<meta property=\"article:publisher\" content=\"https:\/\/www.facebook.com\/naturalpoland.b2b\" \/>\n<meta property=\"og:image\" content=\"https:\/\/naturalpoland.com\/wp-content\/uploads\/hydrolat-z-kasztanowca.webp\" \/>\n\t<meta property=\"og:image:width\" content=\"700\" \/>\n\t<meta property=\"og:image:height\" content=\"700\" \/>\n\t<meta property=\"og:image:type\" content=\"image\/webp\" \/>\n<script type=\"application\/ld+json\" class=\"yoast-schema-graph\">{\"@context\":\"https:\\\/\\\/schema.org\",\"@graph\":[{\"@type\":\"WebPage\",\"@id\":\"https:\\\/\\\/naturalpoland.com\\\/fi\\\/tuotteet\\\/kosmetiikkateollisuuden-tuotteet\\\/kukkaisvedet\\\/hevoskastanjahydrolaatti\\\/\",\"url\":\"https:\\\/\\\/naturalpoland.com\\\/fi\\\/tuotteet\\\/kosmetiikkateollisuuden-tuotteet\\\/kukkaisvedet\\\/hevoskastanjahydrolaatti\\\/\",\"name\":\"Hevoskastanjahydrolaatti - Tukkudistribuutio\",\"isPartOf\":{\"@id\":\"https:\\\/\\\/naturalpoland.com\\\/fi\\\/#website\"},\"primaryImageOfPage\":{\"@id\":\"https:\\\/\\\/naturalpoland.com\\\/fi\\\/tuotteet\\\/kosmetiikkateollisuuden-tuotteet\\\/kukkaisvedet\\\/hevoskastanjahydrolaatti\\\/#primaryimage\"},\"image\":{\"@id\":\"https:\\\/\\\/naturalpoland.com\\\/fi\\\/tuotteet\\\/kosmetiikkateollisuuden-tuotteet\\\/kukkaisvedet\\\/hevoskastanjahydrolaatti\\\/#primaryimage\"},\"thumbnailUrl\":\"https:\\\/\\\/naturalpoland.com\\\/wp-content\\\/uploads\\\/hydrolat-z-kasztanowca.webp\",\"datePublished\":\"2024-04-29T11:57:39+00:00\",\"description\":\"Hevoskastanjahydrolaatilla on ominaisuuksia, jotka vahvistavat verisuonten sein\u00e4mi\u00e4 ja torjuvat ihon turvotusta ja punoitusta.\",\"breadcrumb\":{\"@id\":\"https:\\\/\\\/naturalpoland.com\\\/fi\\\/tuotteet\\\/kosmetiikkateollisuuden-tuotteet\\\/kukkaisvedet\\\/hevoskastanjahydrolaatti\\\/#breadcrumb\"},\"inLanguage\":\"fi\",\"potentialAction\":[{\"@type\":\"ReadAction\",\"target\":[\"https:\\\/\\\/naturalpoland.com\\\/fi\\\/tuotteet\\\/kosmetiikkateollisuuden-tuotteet\\\/kukkaisvedet\\\/hevoskastanjahydrolaatti\\\/\"]}]},{\"@type\":\"ImageObject\",\"inLanguage\":\"fi\",\"@id\":\"https:\\\/\\\/naturalpoland.com\\\/fi\\\/tuotteet\\\/kosmetiikkateollisuuden-tuotteet\\\/kukkaisvedet\\\/hevoskastanjahydrolaatti\\\/#primaryimage\",\"url\":\"https:\\\/\\\/naturalpoland.com\\\/wp-content\\\/uploads\\\/hydrolat-z-kasztanowca.webp\",\"contentUrl\":\"https:\\\/\\\/naturalpoland.com\\\/wp-content\\\/uploads\\\/hydrolat-z-kasztanowca.webp\",\"width\":700,\"height\":700,\"caption\":\"hydrolat z kasztanowca\"},{\"@type\":\"BreadcrumbList\",\"@id\":\"https:\\\/\\\/naturalpoland.com\\\/fi\\\/tuotteet\\\/kosmetiikkateollisuuden-tuotteet\\\/kukkaisvedet\\\/hevoskastanjahydrolaatti\\\/#breadcrumb\",\"itemListElement\":[{\"@type\":\"ListItem\",\"position\":1,\"name\":\"Etusivu\",\"item\":\"https:\\\/\\\/naturalpoland.com\\\/fi\\\/\"},{\"@type\":\"ListItem\",\"position\":2,\"name\":\"Tuotteet\",\"item\":\"https:\\\/\\\/naturalpoland.com\\\/fi\\\/tuotteet\\\/\"},{\"@type\":\"ListItem\",\"position\":3,\"name\":\"Hevoskastanjahydrolaatti\"}]},{\"@type\":\"WebSite\",\"@id\":\"https:\\\/\\\/naturalpoland.com\\\/fi\\\/#website\",\"url\":\"https:\\\/\\\/naturalpoland.com\\\/fi\\\/\",\"name\":\"NATURAL POLAND - RAAKA-AINEIDEN TUKKUJAKELIJA\",\"description\":\"Surowce dla przemys\u0142u spo\u017cywczego, kosmetycznego i farmaceutycznego\",\"publisher\":{\"@id\":\"https:\\\/\\\/naturalpoland.com\\\/fi\\\/#organization\"},\"potentialAction\":[{\"@type\":\"SearchAction\",\"target\":{\"@type\":\"EntryPoint\",\"urlTemplate\":\"https:\\\/\\\/naturalpoland.com\\\/fi\\\/?s={search_term_string}\"},\"query-input\":{\"@type\":\"PropertyValueSpecification\",\"valueRequired\":true,\"valueName\":\"search_term_string\"}}],\"inLanguage\":\"fi\"},{\"@type\":\"Organization\",\"@id\":\"https:\\\/\\\/naturalpoland.com\\\/fi\\\/#organization\",\"name\":\"Natural Poland\",\"url\":\"https:\\\/\\\/naturalpoland.com\\\/fi\\\/\",\"logo\":{\"@type\":\"ImageObject\",\"inLanguage\":\"fi\",\"@id\":\"https:\\\/\\\/naturalpoland.com\\\/fi\\\/#\\\/schema\\\/logo\\\/image\\\/\",\"url\":\"https:\\\/\\\/naturalpoland.com\\\/wp-content\\\/uploads\\\/2021\\\/05\\\/natural-poland-icon.png\",\"contentUrl\":\"https:\\\/\\\/naturalpoland.com\\\/wp-content\\\/uploads\\\/2021\\\/05\\\/natural-poland-icon.png\",\"width\":512,\"height\":512,\"caption\":\"Natural Poland\"},\"image\":{\"@id\":\"https:\\\/\\\/naturalpoland.com\\\/fi\\\/#\\\/schema\\\/logo\\\/image\\\/\"},\"sameAs\":[\"https:\\\/\\\/www.facebook.com\\\/naturalpoland.b2b\",\"https:\\\/\\\/pl.linkedin.com\\\/company\\\/natural-poland\",\"https:\\\/\\\/www.youtube.com\\\/channel\\\/UCgeGGkvOMahZo-xu_MSEWxg\"]}]}<\/script>\n<!-- \/ Yoast SEO plugin. -->","yoast_head_json":{"title":"Hevoskastanjahydrolaatti - Tukkudistribuutio","description":"Hevoskastanjahydrolaatilla on ominaisuuksia, jotka vahvistavat verisuonten sein\u00e4mi\u00e4 ja torjuvat ihon turvotusta ja punoitusta.","robots":{"index":"index","follow":"follow","max-snippet":"max-snippet:-1","max-image-preview":"max-image-preview:large","max-video-preview":"max-video-preview:-1"},"canonical":"https:\/\/naturalpoland.com\/fi\/tuotteet\/kosmetiikkateollisuuden-tuotteet\/kukkaisvedet\/hevoskastanjahydrolaatti\/","og_locale":"fi_FI","og_type":"article","og_title":"Hevoskastanjahydrolaatti - Tukkudistribuutio","og_description":"Hevoskastanjahydrolaatilla on ominaisuuksia, jotka vahvistavat verisuonten sein\u00e4mi\u00e4 ja torjuvat ihon turvotusta ja punoitusta.","og_url":"https:\/\/naturalpoland.com\/fi\/tuotteet\/kosmetiikkateollisuuden-tuotteet\/kukkaisvedet\/hevoskastanjahydrolaatti\/","og_site_name":"NATURAL POLAND - RAAKA-AINEIDEN TUKKUJAKELIJA","article_publisher":"https:\/\/www.facebook.com\/naturalpoland.b2b","og_image":[{"width":700,"height":700,"url":"https:\/\/naturalpoland.com\/wp-content\/uploads\/hydrolat-z-kasztanowca.webp","type":"image\/webp"}],"schema":{"@context":"https:\/\/schema.org","@graph":[{"@type":"WebPage","@id":"https:\/\/naturalpoland.com\/fi\/tuotteet\/kosmetiikkateollisuuden-tuotteet\/kukkaisvedet\/hevoskastanjahydrolaatti\/","url":"https:\/\/naturalpoland.com\/fi\/tuotteet\/kosmetiikkateollisuuden-tuotteet\/kukkaisvedet\/hevoskastanjahydrolaatti\/","name":"Hevoskastanjahydrolaatti - Tukkudistribuutio","isPartOf":{"@id":"https:\/\/naturalpoland.com\/fi\/#website"},"primaryImageOfPage":{"@id":"https:\/\/naturalpoland.com\/fi\/tuotteet\/kosmetiikkateollisuuden-tuotteet\/kukkaisvedet\/hevoskastanjahydrolaatti\/#primaryimage"},"image":{"@id":"https:\/\/naturalpoland.com\/fi\/tuotteet\/kosmetiikkateollisuuden-tuotteet\/kukkaisvedet\/hevoskastanjahydrolaatti\/#primaryimage"},"thumbnailUrl":"https:\/\/naturalpoland.com\/wp-content\/uploads\/hydrolat-z-kasztanowca.webp","datePublished":"2024-04-29T11:57:39+00:00","description":"Hevoskastanjahydrolaatilla on ominaisuuksia, jotka vahvistavat verisuonten sein\u00e4mi\u00e4 ja torjuvat ihon turvotusta ja punoitusta.","breadcrumb":{"@id":"https:\/\/naturalpoland.com\/fi\/tuotteet\/kosmetiikkateollisuuden-tuotteet\/kukkaisvedet\/hevoskastanjahydrolaatti\/#breadcrumb"},"inLanguage":"fi","potentialAction":[{"@type":"ReadAction","target":["https:\/\/naturalpoland.com\/fi\/tuotteet\/kosmetiikkateollisuuden-tuotteet\/kukkaisvedet\/hevoskastanjahydrolaatti\/"]}]},{"@type":"ImageObject","inLanguage":"fi","@id":"https:\/\/naturalpoland.com\/fi\/tuotteet\/kosmetiikkateollisuuden-tuotteet\/kukkaisvedet\/hevoskastanjahydrolaatti\/#primaryimage","url":"https:\/\/naturalpoland.com\/wp-content\/uploads\/hydrolat-z-kasztanowca.webp","contentUrl":"https:\/\/naturalpoland.com\/wp-content\/uploads\/hydrolat-z-kasztanowca.webp","width":700,"height":700,"caption":"hydrolat z kasztanowca"},{"@type":"BreadcrumbList","@id":"https:\/\/naturalpoland.com\/fi\/tuotteet\/kosmetiikkateollisuuden-tuotteet\/kukkaisvedet\/hevoskastanjahydrolaatti\/#breadcrumb","itemListElement":[{"@type":"ListItem","position":1,"name":"Etusivu","item":"https:\/\/naturalpoland.com\/fi\/"},{"@type":"ListItem","position":2,"name":"Tuotteet","item":"https:\/\/naturalpoland.com\/fi\/tuotteet\/"},{"@type":"ListItem","position":3,"name":"Hevoskastanjahydrolaatti"}]},{"@type":"WebSite","@id":"https:\/\/naturalpoland.com\/fi\/#website","url":"https:\/\/naturalpoland.com\/fi\/","name":"NATURAL POLAND - RAAKA-AINEIDEN TUKKUJAKELIJA","description":"Surowce dla przemys\u0142u spo\u017cywczego, kosmetycznego i farmaceutycznego","publisher":{"@id":"https:\/\/naturalpoland.com\/fi\/#organization"},"potentialAction":[{"@type":"SearchAction","target":{"@type":"EntryPoint","urlTemplate":"https:\/\/naturalpoland.com\/fi\/?s={search_term_string}"},"query-input":{"@type":"PropertyValueSpecification","valueRequired":true,"valueName":"search_term_string"}}],"inLanguage":"fi"},{"@type":"Organization","@id":"https:\/\/naturalpoland.com\/fi\/#organization","name":"Natural Poland","url":"https:\/\/naturalpoland.com\/fi\/","logo":{"@type":"ImageObject","inLanguage":"fi","@id":"https:\/\/naturalpoland.com\/fi\/#\/schema\/logo\/image\/","url":"https:\/\/naturalpoland.com\/wp-content\/uploads\/2021\/05\/natural-poland-icon.png","contentUrl":"https:\/\/naturalpoland.com\/wp-content\/uploads\/2021\/05\/natural-poland-icon.png","width":512,"height":512,"caption":"Natural Poland"},"image":{"@id":"https:\/\/naturalpoland.com\/fi\/#\/schema\/logo\/image\/"},"sameAs":["https:\/\/www.facebook.com\/naturalpoland.b2b","https:\/\/pl.linkedin.com\/company\/natural-poland","https:\/\/www.youtube.com\/channel\/UCgeGGkvOMahZo-xu_MSEWxg"]}]}},"_links":{"self":[{"href":"https:\/\/naturalpoland.com\/fi\/wp-json\/wp\/v2\/product\/31407","targetHints":{"allow":["GET"]}}],"collection":[{"href":"https:\/\/naturalpoland.com\/fi\/wp-json\/wp\/v2\/product"}],"about":[{"href":"https:\/\/naturalpoland.com\/fi\/wp-json\/wp\/v2\/types\/product"}],"wp:featuredmedia":[{"embeddable":true,"href":"https:\/\/naturalpoland.com\/fi\/wp-json\/wp\/v2\/media\/31262"}],"wp:attachment":[{"href":"https:\/\/naturalpoland.com\/fi\/wp-json\/wp\/v2\/media?parent=31407"}],"wp:term":[{"taxonomy":"product_brand","embeddable":true,"href":"https:\/\/naturalpoland.com\/fi\/wp-json\/wp\/v2\/product_brand?post=31407"},{"taxonomy":"product_cat","embeddable":true,"href":"https:\/\/naturalpoland.com\/fi\/wp-json\/wp\/v2\/product_cat?post=31407"},{"taxonomy":"product_tag","embeddable":true,"href":"https:\/\/naturalpoland.com\/fi\/wp-json\/wp\/v2\/product_tag?post=31407"}],"curies":[{"name":"wp","href":"https:\/\/api.w.org\/{rel}","templated":true}]}}