{"id":31419,"date":"2024-04-24T16:21:59","date_gmt":"2024-04-29T11:58:25","guid":{"rendered":"https:\/\/naturalpoland.com\/produkty\/Ei-luokiteltu\/katkera-appelsiinihydrolaatti\/"},"modified":"2024-04-29T13:58:25","modified_gmt":"2024-04-29T11:58:25","slug":"katkera-appelsiinihydrolaatti","status":"publish","type":"product","link":"https:\/\/naturalpoland.com\/fi\/tuotteet\/kosmetiikkateollisuuden-tuotteet\/kukkaisvedet\/katkera-appelsiinihydrolaatti\/","title":{"rendered":"Katkera appelsiinihydrolaatti"},"content":{"rendered":"<p>T\u00e4m\u00e4 tuote tunnetaan my\u00f6s nimell\u00e4 <strong>nerolihydrolaatti<\/strong>. Sill\u00e4 on kyky stimuloida ihosolujen uudistumista, mik\u00e4 auttaa vahvistamaan ihon rakennetta ja parantamaan kiinteytt\u00e4. S\u00e4\u00e4nn\u00f6llinen k\u00e4ytt\u00f6 v\u00e4hent\u00e4\u00e4 tehokkaasti juonteita ja ryppyj\u00e4 ja antaa iholle nuorekkaan hehkun.<\/p>\n<p>Bitter appelsiinihydrolaatilla on mietoja s\u00e4vytt\u00e4vi\u00e4 ominaisuuksia, ihanteellinen kaikille ihotyypeille. Se sopii erityisen hyvin kyps\u00e4lle, v\u00e4syneelle tai kimmoisuudelle alttiille iholle. Hydrolatea voidaan k\u00e4ytt\u00e4\u00e4 kasvovoiteena, naamioiden ainesosana tai virkist\u00e4v\u00e4n\u00e4 kasvosumuna p\u00e4iv\u00e4n aikana.<\/p>\n<p>Kiinteytt\u00e4vien vaikutustensa lis\u00e4ksi t\u00e4m\u00e4 hydrolaatti tunnetaan my\u00f6s rauhoittavista ja rentouttavista ominaisuuksistaan, ja sen hienovarainen sitruksen tuoksu voi vaikuttaa rauhoittavasti aisteihin ja tarjota rentouttavan hetken p\u00e4ivitt\u00e4iseen ihonhoitorutiiniin. Se on t\u00e4ysin luonnollinen tuote, joka valitaan usein osana kest\u00e4v\u00e4\u00e4 hoitoa.<\/p>\n","protected":false},"excerpt":{"rendered":"<p>Bitter appelsiinihydrolaattia saadaan h\u00f6yrytislaamalla katkeran appelsiinin kukista. Sen kevyt ja virkist\u00e4v\u00e4 koostumus tekee ihosta s\u00e4teilev\u00e4mm\u00e4n ja palauttaa terveen ulkon\u00e4\u00f6n.<\/p>\n","protected":false},"featured_media":31249,"template":"","meta":[],"product_brand":[],"product_cat":[3550],"product_tag":[],"class_list":{"0":"post-31419","1":"product","2":"type-product","3":"status-publish","4":"has-post-thumbnail","6":"product_cat-kukkaisvedet","7":"pa_grupa-substancji-tisleet","9":"first","10":"instock","11":"shipping-taxable","12":"product-type-simple"},"yoast_head":"<!-- This site is optimized with the Yoast SEO plugin v27.4 - https:\/\/yoast.com\/product\/yoast-seo-wordpress\/ -->\n<title>Katkera appelsiinihydrolaatti - Tukkudistribuutio<\/title>\n<meta name=\"description\" content=\"Karviappelsiinihydrolaatti, jota saadaan karviappelsiinin kukista h\u00f6yrytislaamalla, on arvostettu kosmeettinen ainesosa.\" \/>\n<meta name=\"robots\" content=\"index, follow, max-snippet:-1, max-image-preview:large, max-video-preview:-1\" \/>\n<link rel=\"canonical\" href=\"https:\/\/naturalpoland.com\/fi\/tuotteet\/kosmetiikkateollisuuden-tuotteet\/kukkaisvedet\/katkera-appelsiinihydrolaatti\/\" \/>\n<meta property=\"og:locale\" content=\"fi_FI\" \/>\n<meta property=\"og:type\" content=\"article\" \/>\n<meta property=\"og:title\" content=\"Katkera appelsiinihydrolaatti - Tukkudistribuutio\" \/>\n<meta property=\"og:description\" content=\"Karviappelsiinihydrolaatti, jota saadaan karviappelsiinin kukista h\u00f6yrytislaamalla, on arvostettu kosmeettinen ainesosa.\" \/>\n<meta property=\"og:url\" content=\"https:\/\/naturalpoland.com\/fi\/tuotteet\/kosmetiikkateollisuuden-tuotteet\/kukkaisvedet\/katkera-appelsiinihydrolaatti\/\" \/>\n<meta property=\"og:site_name\" content=\"NATURAL POLAND - RAAKA-AINEIDEN TUKKUJAKELIJA\" \/>\n<meta property=\"article:publisher\" content=\"https:\/\/www.facebook.com\/naturalpoland.b2b\" \/>\n<meta property=\"og:image\" content=\"https:\/\/naturalpoland.com\/wp-content\/uploads\/hydrolat-z-gorzkiej-pomaranczy.webp\" \/>\n\t<meta property=\"og:image:width\" content=\"1024\" \/>\n\t<meta property=\"og:image:height\" content=\"1024\" \/>\n\t<meta property=\"og:image:type\" content=\"image\/webp\" \/>\n<script type=\"application\/ld+json\" class=\"yoast-schema-graph\">{\"@context\":\"https:\\\/\\\/schema.org\",\"@graph\":[{\"@type\":\"WebPage\",\"@id\":\"https:\\\/\\\/naturalpoland.com\\\/fi\\\/tuotteet\\\/kosmetiikkateollisuuden-tuotteet\\\/kukkaisvedet\\\/katkera-appelsiinihydrolaatti\\\/\",\"url\":\"https:\\\/\\\/naturalpoland.com\\\/fi\\\/tuotteet\\\/kosmetiikkateollisuuden-tuotteet\\\/kukkaisvedet\\\/katkera-appelsiinihydrolaatti\\\/\",\"name\":\"Katkera appelsiinihydrolaatti - Tukkudistribuutio\",\"isPartOf\":{\"@id\":\"https:\\\/\\\/naturalpoland.com\\\/fi\\\/#website\"},\"primaryImageOfPage\":{\"@id\":\"https:\\\/\\\/naturalpoland.com\\\/fi\\\/tuotteet\\\/kosmetiikkateollisuuden-tuotteet\\\/kukkaisvedet\\\/katkera-appelsiinihydrolaatti\\\/#primaryimage\"},\"image\":{\"@id\":\"https:\\\/\\\/naturalpoland.com\\\/fi\\\/tuotteet\\\/kosmetiikkateollisuuden-tuotteet\\\/kukkaisvedet\\\/katkera-appelsiinihydrolaatti\\\/#primaryimage\"},\"thumbnailUrl\":\"https:\\\/\\\/naturalpoland.com\\\/wp-content\\\/uploads\\\/hydrolat-z-gorzkiej-pomaranczy.webp\",\"datePublished\":\"2024-04-29T11:58:25+00:00\",\"description\":\"Karviappelsiinihydrolaatti, jota saadaan karviappelsiinin kukista h\u00f6yrytislaamalla, on arvostettu kosmeettinen ainesosa.\",\"breadcrumb\":{\"@id\":\"https:\\\/\\\/naturalpoland.com\\\/fi\\\/tuotteet\\\/kosmetiikkateollisuuden-tuotteet\\\/kukkaisvedet\\\/katkera-appelsiinihydrolaatti\\\/#breadcrumb\"},\"inLanguage\":\"fi\",\"potentialAction\":[{\"@type\":\"ReadAction\",\"target\":[\"https:\\\/\\\/naturalpoland.com\\\/fi\\\/tuotteet\\\/kosmetiikkateollisuuden-tuotteet\\\/kukkaisvedet\\\/katkera-appelsiinihydrolaatti\\\/\"]}]},{\"@type\":\"ImageObject\",\"inLanguage\":\"fi\",\"@id\":\"https:\\\/\\\/naturalpoland.com\\\/fi\\\/tuotteet\\\/kosmetiikkateollisuuden-tuotteet\\\/kukkaisvedet\\\/katkera-appelsiinihydrolaatti\\\/#primaryimage\",\"url\":\"https:\\\/\\\/naturalpoland.com\\\/wp-content\\\/uploads\\\/hydrolat-z-gorzkiej-pomaranczy.webp\",\"contentUrl\":\"https:\\\/\\\/naturalpoland.com\\\/wp-content\\\/uploads\\\/hydrolat-z-gorzkiej-pomaranczy.webp\",\"width\":1024,\"height\":1024,\"caption\":\"hydrolat z gorzkiej pomara\u0144czy\"},{\"@type\":\"BreadcrumbList\",\"@id\":\"https:\\\/\\\/naturalpoland.com\\\/fi\\\/tuotteet\\\/kosmetiikkateollisuuden-tuotteet\\\/kukkaisvedet\\\/katkera-appelsiinihydrolaatti\\\/#breadcrumb\",\"itemListElement\":[{\"@type\":\"ListItem\",\"position\":1,\"name\":\"Etusivu\",\"item\":\"https:\\\/\\\/naturalpoland.com\\\/fi\\\/\"},{\"@type\":\"ListItem\",\"position\":2,\"name\":\"Tuotteet\",\"item\":\"https:\\\/\\\/naturalpoland.com\\\/fi\\\/tuotteet\\\/\"},{\"@type\":\"ListItem\",\"position\":3,\"name\":\"Katkera appelsiinihydrolaatti\"}]},{\"@type\":\"WebSite\",\"@id\":\"https:\\\/\\\/naturalpoland.com\\\/fi\\\/#website\",\"url\":\"https:\\\/\\\/naturalpoland.com\\\/fi\\\/\",\"name\":\"NATURAL POLAND - RAAKA-AINEIDEN TUKKUJAKELIJA\",\"description\":\"Surowce dla przemys\u0142u spo\u017cywczego, kosmetycznego i farmaceutycznego\",\"publisher\":{\"@id\":\"https:\\\/\\\/naturalpoland.com\\\/fi\\\/#organization\"},\"potentialAction\":[{\"@type\":\"SearchAction\",\"target\":{\"@type\":\"EntryPoint\",\"urlTemplate\":\"https:\\\/\\\/naturalpoland.com\\\/fi\\\/?s={search_term_string}\"},\"query-input\":{\"@type\":\"PropertyValueSpecification\",\"valueRequired\":true,\"valueName\":\"search_term_string\"}}],\"inLanguage\":\"fi\"},{\"@type\":\"Organization\",\"@id\":\"https:\\\/\\\/naturalpoland.com\\\/fi\\\/#organization\",\"name\":\"Natural Poland\",\"url\":\"https:\\\/\\\/naturalpoland.com\\\/fi\\\/\",\"logo\":{\"@type\":\"ImageObject\",\"inLanguage\":\"fi\",\"@id\":\"https:\\\/\\\/naturalpoland.com\\\/fi\\\/#\\\/schema\\\/logo\\\/image\\\/\",\"url\":\"https:\\\/\\\/naturalpoland.com\\\/wp-content\\\/uploads\\\/2021\\\/05\\\/natural-poland-icon.png\",\"contentUrl\":\"https:\\\/\\\/naturalpoland.com\\\/wp-content\\\/uploads\\\/2021\\\/05\\\/natural-poland-icon.png\",\"width\":512,\"height\":512,\"caption\":\"Natural Poland\"},\"image\":{\"@id\":\"https:\\\/\\\/naturalpoland.com\\\/fi\\\/#\\\/schema\\\/logo\\\/image\\\/\"},\"sameAs\":[\"https:\\\/\\\/www.facebook.com\\\/naturalpoland.b2b\",\"https:\\\/\\\/pl.linkedin.com\\\/company\\\/natural-poland\",\"https:\\\/\\\/www.youtube.com\\\/channel\\\/UCgeGGkvOMahZo-xu_MSEWxg\"]}]}<\/script>\n<!-- \/ Yoast SEO plugin. -->","yoast_head_json":{"title":"Katkera appelsiinihydrolaatti - Tukkudistribuutio","description":"Karviappelsiinihydrolaatti, jota saadaan karviappelsiinin kukista h\u00f6yrytislaamalla, on arvostettu kosmeettinen ainesosa.","robots":{"index":"index","follow":"follow","max-snippet":"max-snippet:-1","max-image-preview":"max-image-preview:large","max-video-preview":"max-video-preview:-1"},"canonical":"https:\/\/naturalpoland.com\/fi\/tuotteet\/kosmetiikkateollisuuden-tuotteet\/kukkaisvedet\/katkera-appelsiinihydrolaatti\/","og_locale":"fi_FI","og_type":"article","og_title":"Katkera appelsiinihydrolaatti - Tukkudistribuutio","og_description":"Karviappelsiinihydrolaatti, jota saadaan karviappelsiinin kukista h\u00f6yrytislaamalla, on arvostettu kosmeettinen ainesosa.","og_url":"https:\/\/naturalpoland.com\/fi\/tuotteet\/kosmetiikkateollisuuden-tuotteet\/kukkaisvedet\/katkera-appelsiinihydrolaatti\/","og_site_name":"NATURAL POLAND - RAAKA-AINEIDEN TUKKUJAKELIJA","article_publisher":"https:\/\/www.facebook.com\/naturalpoland.b2b","og_image":[{"width":1024,"height":1024,"url":"https:\/\/naturalpoland.com\/wp-content\/uploads\/hydrolat-z-gorzkiej-pomaranczy.webp","type":"image\/webp"}],"schema":{"@context":"https:\/\/schema.org","@graph":[{"@type":"WebPage","@id":"https:\/\/naturalpoland.com\/fi\/tuotteet\/kosmetiikkateollisuuden-tuotteet\/kukkaisvedet\/katkera-appelsiinihydrolaatti\/","url":"https:\/\/naturalpoland.com\/fi\/tuotteet\/kosmetiikkateollisuuden-tuotteet\/kukkaisvedet\/katkera-appelsiinihydrolaatti\/","name":"Katkera appelsiinihydrolaatti - Tukkudistribuutio","isPartOf":{"@id":"https:\/\/naturalpoland.com\/fi\/#website"},"primaryImageOfPage":{"@id":"https:\/\/naturalpoland.com\/fi\/tuotteet\/kosmetiikkateollisuuden-tuotteet\/kukkaisvedet\/katkera-appelsiinihydrolaatti\/#primaryimage"},"image":{"@id":"https:\/\/naturalpoland.com\/fi\/tuotteet\/kosmetiikkateollisuuden-tuotteet\/kukkaisvedet\/katkera-appelsiinihydrolaatti\/#primaryimage"},"thumbnailUrl":"https:\/\/naturalpoland.com\/wp-content\/uploads\/hydrolat-z-gorzkiej-pomaranczy.webp","datePublished":"2024-04-29T11:58:25+00:00","description":"Karviappelsiinihydrolaatti, jota saadaan karviappelsiinin kukista h\u00f6yrytislaamalla, on arvostettu kosmeettinen ainesosa.","breadcrumb":{"@id":"https:\/\/naturalpoland.com\/fi\/tuotteet\/kosmetiikkateollisuuden-tuotteet\/kukkaisvedet\/katkera-appelsiinihydrolaatti\/#breadcrumb"},"inLanguage":"fi","potentialAction":[{"@type":"ReadAction","target":["https:\/\/naturalpoland.com\/fi\/tuotteet\/kosmetiikkateollisuuden-tuotteet\/kukkaisvedet\/katkera-appelsiinihydrolaatti\/"]}]},{"@type":"ImageObject","inLanguage":"fi","@id":"https:\/\/naturalpoland.com\/fi\/tuotteet\/kosmetiikkateollisuuden-tuotteet\/kukkaisvedet\/katkera-appelsiinihydrolaatti\/#primaryimage","url":"https:\/\/naturalpoland.com\/wp-content\/uploads\/hydrolat-z-gorzkiej-pomaranczy.webp","contentUrl":"https:\/\/naturalpoland.com\/wp-content\/uploads\/hydrolat-z-gorzkiej-pomaranczy.webp","width":1024,"height":1024,"caption":"hydrolat z gorzkiej pomara\u0144czy"},{"@type":"BreadcrumbList","@id":"https:\/\/naturalpoland.com\/fi\/tuotteet\/kosmetiikkateollisuuden-tuotteet\/kukkaisvedet\/katkera-appelsiinihydrolaatti\/#breadcrumb","itemListElement":[{"@type":"ListItem","position":1,"name":"Etusivu","item":"https:\/\/naturalpoland.com\/fi\/"},{"@type":"ListItem","position":2,"name":"Tuotteet","item":"https:\/\/naturalpoland.com\/fi\/tuotteet\/"},{"@type":"ListItem","position":3,"name":"Katkera appelsiinihydrolaatti"}]},{"@type":"WebSite","@id":"https:\/\/naturalpoland.com\/fi\/#website","url":"https:\/\/naturalpoland.com\/fi\/","name":"NATURAL POLAND - RAAKA-AINEIDEN TUKKUJAKELIJA","description":"Surowce dla przemys\u0142u spo\u017cywczego, kosmetycznego i farmaceutycznego","publisher":{"@id":"https:\/\/naturalpoland.com\/fi\/#organization"},"potentialAction":[{"@type":"SearchAction","target":{"@type":"EntryPoint","urlTemplate":"https:\/\/naturalpoland.com\/fi\/?s={search_term_string}"},"query-input":{"@type":"PropertyValueSpecification","valueRequired":true,"valueName":"search_term_string"}}],"inLanguage":"fi"},{"@type":"Organization","@id":"https:\/\/naturalpoland.com\/fi\/#organization","name":"Natural Poland","url":"https:\/\/naturalpoland.com\/fi\/","logo":{"@type":"ImageObject","inLanguage":"fi","@id":"https:\/\/naturalpoland.com\/fi\/#\/schema\/logo\/image\/","url":"https:\/\/naturalpoland.com\/wp-content\/uploads\/2021\/05\/natural-poland-icon.png","contentUrl":"https:\/\/naturalpoland.com\/wp-content\/uploads\/2021\/05\/natural-poland-icon.png","width":512,"height":512,"caption":"Natural Poland"},"image":{"@id":"https:\/\/naturalpoland.com\/fi\/#\/schema\/logo\/image\/"},"sameAs":["https:\/\/www.facebook.com\/naturalpoland.b2b","https:\/\/pl.linkedin.com\/company\/natural-poland","https:\/\/www.youtube.com\/channel\/UCgeGGkvOMahZo-xu_MSEWxg"]}]}},"_links":{"self":[{"href":"https:\/\/naturalpoland.com\/fi\/wp-json\/wp\/v2\/product\/31419","targetHints":{"allow":["GET"]}}],"collection":[{"href":"https:\/\/naturalpoland.com\/fi\/wp-json\/wp\/v2\/product"}],"about":[{"href":"https:\/\/naturalpoland.com\/fi\/wp-json\/wp\/v2\/types\/product"}],"wp:featuredmedia":[{"embeddable":true,"href":"https:\/\/naturalpoland.com\/fi\/wp-json\/wp\/v2\/media\/31249"}],"wp:attachment":[{"href":"https:\/\/naturalpoland.com\/fi\/wp-json\/wp\/v2\/media?parent=31419"}],"wp:term":[{"taxonomy":"product_brand","embeddable":true,"href":"https:\/\/naturalpoland.com\/fi\/wp-json\/wp\/v2\/product_brand?post=31419"},{"taxonomy":"product_cat","embeddable":true,"href":"https:\/\/naturalpoland.com\/fi\/wp-json\/wp\/v2\/product_cat?post=31419"},{"taxonomy":"product_tag","embeddable":true,"href":"https:\/\/naturalpoland.com\/fi\/wp-json\/wp\/v2\/product_tag?post=31419"}],"curies":[{"name":"wp","href":"https:\/\/api.w.org\/{rel}","templated":true}]}}