{"id":31423,"date":"2024-04-11T14:18:45","date_gmt":"2024-04-29T11:59:13","guid":{"rendered":"https:\/\/naturalpoland.com\/produkty\/Ei-luokiteltu\/witch-hazel-hydrolate\/"},"modified":"2024-04-29T13:59:13","modified_gmt":"2024-04-29T11:59:13","slug":"witch-hazel-hydrolate","status":"publish","type":"product","link":"https:\/\/naturalpoland.com\/fi\/tuotteet\/kosmetiikkateollisuuden-tuotteet\/kukkaisvedet\/witch-hazel-hydrolate\/","title":{"rendered":"Witch hazel hydrolate"},"content":{"rendered":"<p><strong>Ominaisuudet ja sovellukset<\/strong><\/p>\n<p>P\u00e4hkin\u00e4nsyd\u00e4nhydrolaatin t\u00e4rkein hy\u00f6ty on sen <strong>kyky kirist\u00e4\u00e4 huokosia<\/strong>. Siten t\u00e4m\u00e4n tuotteen s\u00e4\u00e4nn\u00f6llinen k\u00e4ytt\u00f6 auttaa pit\u00e4m\u00e4\u00e4n ihon puhtaana ja v\u00e4hent\u00e4m\u00e4\u00e4n huokosten ulkon\u00e4k\u00f6\u00e4. Sen antibakteeriset ominaisuudet auttavat v\u00e4hent\u00e4m\u00e4\u00e4n n\u00e4ppyl\u00f6it\u00e4 ja mustap\u00e4it\u00e4 ja saavat ihon n\u00e4ytt\u00e4m\u00e4\u00e4n terveemm\u00e4lt\u00e4.<\/p>\n<p>Echinacea-hydrolaatilla on my\u00f6s <strong>anti-inflammatorisia vaikutuksia <\/strong>ihon \u00e4rsytykseen, punoitukseen ja tulehdukseen. T\u00e4m\u00e4 on erityisen t\u00e4rke\u00e4\u00e4 herk\u00e4lle ja ongelmalliselle iholle, joka on altis allergisille reaktioille.<\/p>\n<p>Tuotetta arvostetaan my\u00f6s sen <strong>rauhoittavien ominaisuuksien<\/strong> vuoksi. Sill\u00e4 on rauhoittava vaikutus ihoon, mik\u00e4 tuo helpotusta ja mukavuutta. Sit\u00e4 voidaan k\u00e4ytt\u00e4\u00e4 kasvojen puhdistuksen j\u00e4lkeisen\u00e4 pirist\u00e4v\u00e4n\u00e4 aineena, virkist\u00e4v\u00e4n\u00e4 sumuna p\u00e4iv\u00e4n aikana tai kotitekoisten naamioiden ja pakkausten ainesosana tehostamaan sen ihonhoitovaikutuksia.<\/p>\n","protected":false},"excerpt":{"rendered":"<p><em>Hamamelisvirginianan (Hamamelis virginiana<\/em>) lehdist\u00e4 ja oksista uutettua noitahasselp\u00e4hkin\u00e4hydrolaattia k\u00e4ytet\u00e4\u00e4n ihonhoidossa. Sill\u00e4 on antibakteerisia ja tulehdusta ehk\u00e4isevi\u00e4 ominaisuuksia, ja sit\u00e4 suositellaan erityisesti niille, joilla on rasvainen, sekaiho tai ongelmallinen iho.<\/p>\n","protected":false},"featured_media":30980,"template":"","meta":[],"product_brand":[],"product_cat":[3550],"product_tag":[],"class_list":{"0":"post-31423","1":"product","2":"type-product","3":"status-publish","4":"has-post-thumbnail","6":"product_cat-kukkaisvedet","7":"pa_grupa-substancji-tisleet","9":"first","10":"instock","11":"shipping-taxable","12":"product-type-simple"},"yoast_head":"<!-- This site is optimized with the Yoast SEO plugin v27.4 - https:\/\/yoast.com\/product\/yoast-seo-wordpress\/ -->\n<title>Witch hazel hydrolate - Tukkudistribuutio<\/title>\n<meta name=\"description\" content=\"Witch hazel hydrolate on koostumukseltaan kevytt\u00e4 ja vetist\u00e4, ja sit\u00e4 on helppo levitt\u00e4\u00e4. Se imeytyy nopeasti j\u00e4tt\u00e4m\u00e4tt\u00e4 rasvaista kalvoa,\" \/>\n<meta name=\"robots\" content=\"index, follow, max-snippet:-1, max-image-preview:large, max-video-preview:-1\" \/>\n<link rel=\"canonical\" href=\"https:\/\/naturalpoland.com\/fi\/tuotteet\/kosmetiikkateollisuuden-tuotteet\/kukkaisvedet\/witch-hazel-hydrolate\/\" \/>\n<meta property=\"og:locale\" content=\"fi_FI\" \/>\n<meta property=\"og:type\" content=\"article\" \/>\n<meta property=\"og:title\" content=\"Witch hazel hydrolate - Tukkudistribuutio\" \/>\n<meta property=\"og:description\" content=\"Witch hazel hydrolate on koostumukseltaan kevytt\u00e4 ja vetist\u00e4, ja sit\u00e4 on helppo levitt\u00e4\u00e4. Se imeytyy nopeasti j\u00e4tt\u00e4m\u00e4tt\u00e4 rasvaista kalvoa,\" \/>\n<meta property=\"og:url\" content=\"https:\/\/naturalpoland.com\/fi\/tuotteet\/kosmetiikkateollisuuden-tuotteet\/kukkaisvedet\/witch-hazel-hydrolate\/\" \/>\n<meta property=\"og:site_name\" content=\"NATURAL POLAND - RAAKA-AINEIDEN TUKKUJAKELIJA\" \/>\n<meta property=\"article:publisher\" content=\"https:\/\/www.facebook.com\/naturalpoland.b2b\" \/>\n<meta property=\"og:image\" content=\"https:\/\/naturalpoland.com\/wp-content\/uploads\/hydrolat-oczarowy.webp\" \/>\n\t<meta property=\"og:image:width\" content=\"618\" \/>\n\t<meta property=\"og:image:height\" content=\"618\" \/>\n\t<meta property=\"og:image:type\" content=\"image\/webp\" \/>\n<script type=\"application\/ld+json\" class=\"yoast-schema-graph\">{\"@context\":\"https:\\\/\\\/schema.org\",\"@graph\":[{\"@type\":\"WebPage\",\"@id\":\"https:\\\/\\\/naturalpoland.com\\\/fi\\\/tuotteet\\\/kosmetiikkateollisuuden-tuotteet\\\/kukkaisvedet\\\/witch-hazel-hydrolate\\\/\",\"url\":\"https:\\\/\\\/naturalpoland.com\\\/fi\\\/tuotteet\\\/kosmetiikkateollisuuden-tuotteet\\\/kukkaisvedet\\\/witch-hazel-hydrolate\\\/\",\"name\":\"Witch hazel hydrolate - Tukkudistribuutio\",\"isPartOf\":{\"@id\":\"https:\\\/\\\/naturalpoland.com\\\/fi\\\/#website\"},\"primaryImageOfPage\":{\"@id\":\"https:\\\/\\\/naturalpoland.com\\\/fi\\\/tuotteet\\\/kosmetiikkateollisuuden-tuotteet\\\/kukkaisvedet\\\/witch-hazel-hydrolate\\\/#primaryimage\"},\"image\":{\"@id\":\"https:\\\/\\\/naturalpoland.com\\\/fi\\\/tuotteet\\\/kosmetiikkateollisuuden-tuotteet\\\/kukkaisvedet\\\/witch-hazel-hydrolate\\\/#primaryimage\"},\"thumbnailUrl\":\"https:\\\/\\\/naturalpoland.com\\\/wp-content\\\/uploads\\\/hydrolat-oczarowy.webp\",\"datePublished\":\"2024-04-29T11:59:13+00:00\",\"description\":\"Witch hazel hydrolate on koostumukseltaan kevytt\u00e4 ja vetist\u00e4, ja sit\u00e4 on helppo levitt\u00e4\u00e4. Se imeytyy nopeasti j\u00e4tt\u00e4m\u00e4tt\u00e4 rasvaista kalvoa,\",\"breadcrumb\":{\"@id\":\"https:\\\/\\\/naturalpoland.com\\\/fi\\\/tuotteet\\\/kosmetiikkateollisuuden-tuotteet\\\/kukkaisvedet\\\/witch-hazel-hydrolate\\\/#breadcrumb\"},\"inLanguage\":\"fi\",\"potentialAction\":[{\"@type\":\"ReadAction\",\"target\":[\"https:\\\/\\\/naturalpoland.com\\\/fi\\\/tuotteet\\\/kosmetiikkateollisuuden-tuotteet\\\/kukkaisvedet\\\/witch-hazel-hydrolate\\\/\"]}]},{\"@type\":\"ImageObject\",\"inLanguage\":\"fi\",\"@id\":\"https:\\\/\\\/naturalpoland.com\\\/fi\\\/tuotteet\\\/kosmetiikkateollisuuden-tuotteet\\\/kukkaisvedet\\\/witch-hazel-hydrolate\\\/#primaryimage\",\"url\":\"https:\\\/\\\/naturalpoland.com\\\/wp-content\\\/uploads\\\/hydrolat-oczarowy.webp\",\"contentUrl\":\"https:\\\/\\\/naturalpoland.com\\\/wp-content\\\/uploads\\\/hydrolat-oczarowy.webp\",\"width\":618,\"height\":618,\"caption\":\"hydrolat oczarowy\"},{\"@type\":\"BreadcrumbList\",\"@id\":\"https:\\\/\\\/naturalpoland.com\\\/fi\\\/tuotteet\\\/kosmetiikkateollisuuden-tuotteet\\\/kukkaisvedet\\\/witch-hazel-hydrolate\\\/#breadcrumb\",\"itemListElement\":[{\"@type\":\"ListItem\",\"position\":1,\"name\":\"Etusivu\",\"item\":\"https:\\\/\\\/naturalpoland.com\\\/fi\\\/\"},{\"@type\":\"ListItem\",\"position\":2,\"name\":\"Tuotteet\",\"item\":\"https:\\\/\\\/naturalpoland.com\\\/fi\\\/tuotteet\\\/\"},{\"@type\":\"ListItem\",\"position\":3,\"name\":\"Witch hazel hydrolate\"}]},{\"@type\":\"WebSite\",\"@id\":\"https:\\\/\\\/naturalpoland.com\\\/fi\\\/#website\",\"url\":\"https:\\\/\\\/naturalpoland.com\\\/fi\\\/\",\"name\":\"NATURAL POLAND - RAAKA-AINEIDEN TUKKUJAKELIJA\",\"description\":\"Surowce dla przemys\u0142u spo\u017cywczego, kosmetycznego i farmaceutycznego\",\"publisher\":{\"@id\":\"https:\\\/\\\/naturalpoland.com\\\/fi\\\/#organization\"},\"potentialAction\":[{\"@type\":\"SearchAction\",\"target\":{\"@type\":\"EntryPoint\",\"urlTemplate\":\"https:\\\/\\\/naturalpoland.com\\\/fi\\\/?s={search_term_string}\"},\"query-input\":{\"@type\":\"PropertyValueSpecification\",\"valueRequired\":true,\"valueName\":\"search_term_string\"}}],\"inLanguage\":\"fi\"},{\"@type\":\"Organization\",\"@id\":\"https:\\\/\\\/naturalpoland.com\\\/fi\\\/#organization\",\"name\":\"Natural Poland\",\"url\":\"https:\\\/\\\/naturalpoland.com\\\/fi\\\/\",\"logo\":{\"@type\":\"ImageObject\",\"inLanguage\":\"fi\",\"@id\":\"https:\\\/\\\/naturalpoland.com\\\/fi\\\/#\\\/schema\\\/logo\\\/image\\\/\",\"url\":\"https:\\\/\\\/naturalpoland.com\\\/wp-content\\\/uploads\\\/2021\\\/05\\\/natural-poland-icon.png\",\"contentUrl\":\"https:\\\/\\\/naturalpoland.com\\\/wp-content\\\/uploads\\\/2021\\\/05\\\/natural-poland-icon.png\",\"width\":512,\"height\":512,\"caption\":\"Natural Poland\"},\"image\":{\"@id\":\"https:\\\/\\\/naturalpoland.com\\\/fi\\\/#\\\/schema\\\/logo\\\/image\\\/\"},\"sameAs\":[\"https:\\\/\\\/www.facebook.com\\\/naturalpoland.b2b\",\"https:\\\/\\\/pl.linkedin.com\\\/company\\\/natural-poland\",\"https:\\\/\\\/www.youtube.com\\\/channel\\\/UCgeGGkvOMahZo-xu_MSEWxg\"]}]}<\/script>\n<!-- \/ Yoast SEO plugin. -->","yoast_head_json":{"title":"Witch hazel hydrolate - Tukkudistribuutio","description":"Witch hazel hydrolate on koostumukseltaan kevytt\u00e4 ja vetist\u00e4, ja sit\u00e4 on helppo levitt\u00e4\u00e4. Se imeytyy nopeasti j\u00e4tt\u00e4m\u00e4tt\u00e4 rasvaista kalvoa,","robots":{"index":"index","follow":"follow","max-snippet":"max-snippet:-1","max-image-preview":"max-image-preview:large","max-video-preview":"max-video-preview:-1"},"canonical":"https:\/\/naturalpoland.com\/fi\/tuotteet\/kosmetiikkateollisuuden-tuotteet\/kukkaisvedet\/witch-hazel-hydrolate\/","og_locale":"fi_FI","og_type":"article","og_title":"Witch hazel hydrolate - Tukkudistribuutio","og_description":"Witch hazel hydrolate on koostumukseltaan kevytt\u00e4 ja vetist\u00e4, ja sit\u00e4 on helppo levitt\u00e4\u00e4. Se imeytyy nopeasti j\u00e4tt\u00e4m\u00e4tt\u00e4 rasvaista kalvoa,","og_url":"https:\/\/naturalpoland.com\/fi\/tuotteet\/kosmetiikkateollisuuden-tuotteet\/kukkaisvedet\/witch-hazel-hydrolate\/","og_site_name":"NATURAL POLAND - RAAKA-AINEIDEN TUKKUJAKELIJA","article_publisher":"https:\/\/www.facebook.com\/naturalpoland.b2b","og_image":[{"width":618,"height":618,"url":"https:\/\/naturalpoland.com\/wp-content\/uploads\/hydrolat-oczarowy.webp","type":"image\/webp"}],"schema":{"@context":"https:\/\/schema.org","@graph":[{"@type":"WebPage","@id":"https:\/\/naturalpoland.com\/fi\/tuotteet\/kosmetiikkateollisuuden-tuotteet\/kukkaisvedet\/witch-hazel-hydrolate\/","url":"https:\/\/naturalpoland.com\/fi\/tuotteet\/kosmetiikkateollisuuden-tuotteet\/kukkaisvedet\/witch-hazel-hydrolate\/","name":"Witch hazel hydrolate - Tukkudistribuutio","isPartOf":{"@id":"https:\/\/naturalpoland.com\/fi\/#website"},"primaryImageOfPage":{"@id":"https:\/\/naturalpoland.com\/fi\/tuotteet\/kosmetiikkateollisuuden-tuotteet\/kukkaisvedet\/witch-hazel-hydrolate\/#primaryimage"},"image":{"@id":"https:\/\/naturalpoland.com\/fi\/tuotteet\/kosmetiikkateollisuuden-tuotteet\/kukkaisvedet\/witch-hazel-hydrolate\/#primaryimage"},"thumbnailUrl":"https:\/\/naturalpoland.com\/wp-content\/uploads\/hydrolat-oczarowy.webp","datePublished":"2024-04-29T11:59:13+00:00","description":"Witch hazel hydrolate on koostumukseltaan kevytt\u00e4 ja vetist\u00e4, ja sit\u00e4 on helppo levitt\u00e4\u00e4. Se imeytyy nopeasti j\u00e4tt\u00e4m\u00e4tt\u00e4 rasvaista kalvoa,","breadcrumb":{"@id":"https:\/\/naturalpoland.com\/fi\/tuotteet\/kosmetiikkateollisuuden-tuotteet\/kukkaisvedet\/witch-hazel-hydrolate\/#breadcrumb"},"inLanguage":"fi","potentialAction":[{"@type":"ReadAction","target":["https:\/\/naturalpoland.com\/fi\/tuotteet\/kosmetiikkateollisuuden-tuotteet\/kukkaisvedet\/witch-hazel-hydrolate\/"]}]},{"@type":"ImageObject","inLanguage":"fi","@id":"https:\/\/naturalpoland.com\/fi\/tuotteet\/kosmetiikkateollisuuden-tuotteet\/kukkaisvedet\/witch-hazel-hydrolate\/#primaryimage","url":"https:\/\/naturalpoland.com\/wp-content\/uploads\/hydrolat-oczarowy.webp","contentUrl":"https:\/\/naturalpoland.com\/wp-content\/uploads\/hydrolat-oczarowy.webp","width":618,"height":618,"caption":"hydrolat oczarowy"},{"@type":"BreadcrumbList","@id":"https:\/\/naturalpoland.com\/fi\/tuotteet\/kosmetiikkateollisuuden-tuotteet\/kukkaisvedet\/witch-hazel-hydrolate\/#breadcrumb","itemListElement":[{"@type":"ListItem","position":1,"name":"Etusivu","item":"https:\/\/naturalpoland.com\/fi\/"},{"@type":"ListItem","position":2,"name":"Tuotteet","item":"https:\/\/naturalpoland.com\/fi\/tuotteet\/"},{"@type":"ListItem","position":3,"name":"Witch hazel hydrolate"}]},{"@type":"WebSite","@id":"https:\/\/naturalpoland.com\/fi\/#website","url":"https:\/\/naturalpoland.com\/fi\/","name":"NATURAL POLAND - RAAKA-AINEIDEN TUKKUJAKELIJA","description":"Surowce dla przemys\u0142u spo\u017cywczego, kosmetycznego i farmaceutycznego","publisher":{"@id":"https:\/\/naturalpoland.com\/fi\/#organization"},"potentialAction":[{"@type":"SearchAction","target":{"@type":"EntryPoint","urlTemplate":"https:\/\/naturalpoland.com\/fi\/?s={search_term_string}"},"query-input":{"@type":"PropertyValueSpecification","valueRequired":true,"valueName":"search_term_string"}}],"inLanguage":"fi"},{"@type":"Organization","@id":"https:\/\/naturalpoland.com\/fi\/#organization","name":"Natural Poland","url":"https:\/\/naturalpoland.com\/fi\/","logo":{"@type":"ImageObject","inLanguage":"fi","@id":"https:\/\/naturalpoland.com\/fi\/#\/schema\/logo\/image\/","url":"https:\/\/naturalpoland.com\/wp-content\/uploads\/2021\/05\/natural-poland-icon.png","contentUrl":"https:\/\/naturalpoland.com\/wp-content\/uploads\/2021\/05\/natural-poland-icon.png","width":512,"height":512,"caption":"Natural Poland"},"image":{"@id":"https:\/\/naturalpoland.com\/fi\/#\/schema\/logo\/image\/"},"sameAs":["https:\/\/www.facebook.com\/naturalpoland.b2b","https:\/\/pl.linkedin.com\/company\/natural-poland","https:\/\/www.youtube.com\/channel\/UCgeGGkvOMahZo-xu_MSEWxg"]}]}},"_links":{"self":[{"href":"https:\/\/naturalpoland.com\/fi\/wp-json\/wp\/v2\/product\/31423","targetHints":{"allow":["GET"]}}],"collection":[{"href":"https:\/\/naturalpoland.com\/fi\/wp-json\/wp\/v2\/product"}],"about":[{"href":"https:\/\/naturalpoland.com\/fi\/wp-json\/wp\/v2\/types\/product"}],"wp:featuredmedia":[{"embeddable":true,"href":"https:\/\/naturalpoland.com\/fi\/wp-json\/wp\/v2\/media\/30980"}],"wp:attachment":[{"href":"https:\/\/naturalpoland.com\/fi\/wp-json\/wp\/v2\/media?parent=31423"}],"wp:term":[{"taxonomy":"product_brand","embeddable":true,"href":"https:\/\/naturalpoland.com\/fi\/wp-json\/wp\/v2\/product_brand?post=31423"},{"taxonomy":"product_cat","embeddable":true,"href":"https:\/\/naturalpoland.com\/fi\/wp-json\/wp\/v2\/product_cat?post=31423"},{"taxonomy":"product_tag","embeddable":true,"href":"https:\/\/naturalpoland.com\/fi\/wp-json\/wp\/v2\/product_tag?post=31423"}],"curies":[{"name":"wp","href":"https:\/\/api.w.org\/{rel}","templated":true}]}}