{"id":31484,"date":"2024-04-10T14:38:24","date_gmt":"2024-04-29T12:04:37","guid":{"rendered":"https:\/\/naturalpoland.com\/produkty\/Ei-luokiteltu\/kiinalainen-pasikkakukkauute-pulsatilla-chinensis\/"},"modified":"2024-04-29T14:04:37","modified_gmt":"2024-04-29T12:04:37","slug":"kiinalainen-pasikkakukkauute-pulsatilla-chinensis","status":"publish","type":"product","link":"https:\/\/naturalpoland.com\/fi\/tuotteet\/kasviuutteet\/kiinalainen-pasikkakukkauute-pulsatilla-chinensis\/","title":{"rendered":"Kiinalainen pasikkakukkauute (Pulsatilla chinensis)"},"content":{"rendered":"<p><strong>Ominaisuudet<\/strong><\/p>\n<p>Kiinalainen pasukankukkauute valmistetaan k\u00e4ytt\u00e4en vett\u00e4 liuottimena, mik\u00e4 takaa, ett\u00e4 arvokkaat kasvin osat s\u00e4ilyv\u00e4t. Tuote ei sis\u00e4ll\u00e4 muuntogeenisi\u00e4 organismeja, raskasmetalleja eik\u00e4 mykotoksiineja, joten sen k\u00e4ytt\u00f6 on turvallista. Lis\u00e4ksi siin\u00e4 ei ole haitallisia taudinaiheuttajia.<\/p>\n<p>Yksi kiinalaisen paskakukkauutteen t\u00e4rkeimmist\u00e4 ominaisuuksista on sen <strong>anti-inflammatorinen ja antibakteerinen potentiaali<\/strong>. N\u00e4iden ominaisuuksien ansiosta uutetta k\u00e4ytet\u00e4\u00e4n luonnollisissa hoidoissa torjumaan erilaisia infektioita ja lievitt\u00e4m\u00e4\u00e4n tulehduksia kehossa. Lis\u00e4ksi kiinalaisen sassanan sis\u00e4lt\u00e4m\u00e4t aktiiviset yhdisteet voivat tukea immuunij\u00e4rjestelm\u00e4\u00e4 ja lis\u00e4t\u00e4 elimist\u00f6n puolustuskyky\u00e4 taudinaiheuttajia vastaan.<\/p>\n<p>Uutteelle on ominaista my\u00f6s sen<strong>ruoansulatuskanavaa tukeva<\/strong> vaikutus. Ominaisuuksiensa ansiosta se voi auttaa s\u00e4\u00e4telem\u00e4\u00e4n ruoansulatuskanavaa, lievitt\u00e4m\u00e4\u00e4n mahavaivoja ja parantamaan ruoansulatuskanavan yleist\u00e4 toimintaa.<\/p>\n<p><strong>Hakemus<\/strong><\/p>\n<p>Kiinalainen paskeenkukkauute on k\u00e4yt\u00f6ss\u00e4 monenlaisten ravintolisien valmistuksessa niille, jotka etsiv\u00e4t luonnollista tukea terveyden yll\u00e4pit\u00e4miseen. Sit\u00e4 arvostetaan erityisesti kaavoissa, joilla pyrit\u00e4\u00e4n tukemaan immuunij\u00e4rjestelm\u00e4\u00e4 ja ruoansulatuskanavan terveytt\u00e4, sek\u00e4 antibakteeristen ja tulehdusta ehk\u00e4isevien tuotteiden ainesosana.<\/p>\n<p>&nbsp;<\/p>\n","protected":false},"excerpt":{"rendered":"<p>Kiinalainen paskakukkauute<em>(Pulsatilla chinensis<\/em>) on t\u00e4m\u00e4n kasvin juurakosta uutettu raaka-aine. Uutetta arvostetaan sen kyvyst\u00e4 tukea elimist\u00f6n luonnollisia puolustusmekanismeja sek\u00e4 sen tulehdusta ehk\u00e4isevist\u00e4 ja antibakteerisista ominaisuuksista.<\/p>\n","protected":false},"featured_media":30914,"template":"","meta":{"_acf_changed":false},"product_brand":[],"product_cat":[528],"product_tag":[],"class_list":{"0":"post-31484","1":"product","2":"type-product","3":"status-publish","4":"has-post-thumbnail","6":"product_cat-kasviuutteet","7":"pa_certyfikaty-halal-fi","8":"pa_certyfikaty-kosher-sertifikaatti","9":"pa_czesc-rosliny-juurakko","11":"first","12":"instock","13":"shipping-taxable","14":"product-type-simple"},"acf":[],"yoast_head":"<!-- This site is optimized with the Yoast SEO plugin v27.4 - https:\/\/yoast.com\/product\/yoast-seo-wordpress\/ -->\n<title>Kiinalainen pasikkakukkauute (Pulsatilla chinensis) - Tukkudistribuutio<\/title>\n<meta name=\"description\" content=\"Kiinalainen paskakukkauute (Pulsatilla chinensis) on arvostettu komponentti luonnollisten terveyslisien alalla.\" \/>\n<meta name=\"robots\" content=\"index, follow, max-snippet:-1, max-image-preview:large, max-video-preview:-1\" \/>\n<link rel=\"canonical\" href=\"https:\/\/naturalpoland.com\/fi\/tuotteet\/kasviuutteet\/kiinalainen-pasikkakukkauute-pulsatilla-chinensis\/\" \/>\n<meta property=\"og:locale\" content=\"fi_FI\" \/>\n<meta property=\"og:type\" content=\"article\" \/>\n<meta property=\"og:title\" content=\"Kiinalainen pasikkakukkauute (Pulsatilla chinensis) - Tukkudistribuutio\" \/>\n<meta property=\"og:description\" content=\"Kiinalainen paskakukkauute (Pulsatilla chinensis) on arvostettu komponentti luonnollisten terveyslisien alalla.\" \/>\n<meta property=\"og:url\" content=\"https:\/\/naturalpoland.com\/fi\/tuotteet\/kasviuutteet\/kiinalainen-pasikkakukkauute-pulsatilla-chinensis\/\" \/>\n<meta property=\"og:site_name\" content=\"NATURAL POLAND - RAAKA-AINEIDEN TUKKUJAKELIJA\" \/>\n<meta property=\"article:publisher\" content=\"https:\/\/www.facebook.com\/naturalpoland.b2b\" \/>\n<meta property=\"og:image\" content=\"https:\/\/naturalpoland.com\/wp-content\/uploads\/pulsatilla_chinensis_extract.webp\" \/>\n\t<meta property=\"og:image:width\" content=\"1024\" \/>\n\t<meta property=\"og:image:height\" content=\"1024\" \/>\n\t<meta property=\"og:image:type\" content=\"image\/webp\" \/>\n<script type=\"application\/ld+json\" class=\"yoast-schema-graph\">{\"@context\":\"https:\\\/\\\/schema.org\",\"@graph\":[{\"@type\":\"WebPage\",\"@id\":\"https:\\\/\\\/naturalpoland.com\\\/fi\\\/tuotteet\\\/kasviuutteet\\\/kiinalainen-pasikkakukkauute-pulsatilla-chinensis\\\/\",\"url\":\"https:\\\/\\\/naturalpoland.com\\\/fi\\\/tuotteet\\\/kasviuutteet\\\/kiinalainen-pasikkakukkauute-pulsatilla-chinensis\\\/\",\"name\":\"Kiinalainen pasikkakukkauute (Pulsatilla chinensis) - Tukkudistribuutio\",\"isPartOf\":{\"@id\":\"https:\\\/\\\/naturalpoland.com\\\/fi\\\/#website\"},\"primaryImageOfPage\":{\"@id\":\"https:\\\/\\\/naturalpoland.com\\\/fi\\\/tuotteet\\\/kasviuutteet\\\/kiinalainen-pasikkakukkauute-pulsatilla-chinensis\\\/#primaryimage\"},\"image\":{\"@id\":\"https:\\\/\\\/naturalpoland.com\\\/fi\\\/tuotteet\\\/kasviuutteet\\\/kiinalainen-pasikkakukkauute-pulsatilla-chinensis\\\/#primaryimage\"},\"thumbnailUrl\":\"https:\\\/\\\/naturalpoland.com\\\/wp-content\\\/uploads\\\/pulsatilla_chinensis_extract.webp\",\"datePublished\":\"2024-04-29T12:04:37+00:00\",\"description\":\"Kiinalainen paskakukkauute (Pulsatilla chinensis) on arvostettu komponentti luonnollisten terveyslisien alalla.\",\"breadcrumb\":{\"@id\":\"https:\\\/\\\/naturalpoland.com\\\/fi\\\/tuotteet\\\/kasviuutteet\\\/kiinalainen-pasikkakukkauute-pulsatilla-chinensis\\\/#breadcrumb\"},\"inLanguage\":\"fi\",\"potentialAction\":[{\"@type\":\"ReadAction\",\"target\":[\"https:\\\/\\\/naturalpoland.com\\\/fi\\\/tuotteet\\\/kasviuutteet\\\/kiinalainen-pasikkakukkauute-pulsatilla-chinensis\\\/\"]}]},{\"@type\":\"ImageObject\",\"inLanguage\":\"fi\",\"@id\":\"https:\\\/\\\/naturalpoland.com\\\/fi\\\/tuotteet\\\/kasviuutteet\\\/kiinalainen-pasikkakukkauute-pulsatilla-chinensis\\\/#primaryimage\",\"url\":\"https:\\\/\\\/naturalpoland.com\\\/wp-content\\\/uploads\\\/pulsatilla_chinensis_extract.webp\",\"contentUrl\":\"https:\\\/\\\/naturalpoland.com\\\/wp-content\\\/uploads\\\/pulsatilla_chinensis_extract.webp\",\"width\":1024,\"height\":1024,\"caption\":\"Ekstrakt z sasanki chi\u0144skiej\"},{\"@type\":\"BreadcrumbList\",\"@id\":\"https:\\\/\\\/naturalpoland.com\\\/fi\\\/tuotteet\\\/kasviuutteet\\\/kiinalainen-pasikkakukkauute-pulsatilla-chinensis\\\/#breadcrumb\",\"itemListElement\":[{\"@type\":\"ListItem\",\"position\":1,\"name\":\"Etusivu\",\"item\":\"https:\\\/\\\/naturalpoland.com\\\/fi\\\/\"},{\"@type\":\"ListItem\",\"position\":2,\"name\":\"Tuotteet\",\"item\":\"https:\\\/\\\/naturalpoland.com\\\/fi\\\/tuotteet\\\/\"},{\"@type\":\"ListItem\",\"position\":3,\"name\":\"Kiinalainen pasikkakukkauute (Pulsatilla chinensis)\"}]},{\"@type\":\"WebSite\",\"@id\":\"https:\\\/\\\/naturalpoland.com\\\/fi\\\/#website\",\"url\":\"https:\\\/\\\/naturalpoland.com\\\/fi\\\/\",\"name\":\"NATURAL POLAND - RAAKA-AINEIDEN TUKKUJAKELIJA\",\"description\":\"Surowce dla przemys\u0142u spo\u017cywczego, kosmetycznego i farmaceutycznego\",\"publisher\":{\"@id\":\"https:\\\/\\\/naturalpoland.com\\\/fi\\\/#organization\"},\"potentialAction\":[{\"@type\":\"SearchAction\",\"target\":{\"@type\":\"EntryPoint\",\"urlTemplate\":\"https:\\\/\\\/naturalpoland.com\\\/fi\\\/?s={search_term_string}\"},\"query-input\":{\"@type\":\"PropertyValueSpecification\",\"valueRequired\":true,\"valueName\":\"search_term_string\"}}],\"inLanguage\":\"fi\"},{\"@type\":\"Organization\",\"@id\":\"https:\\\/\\\/naturalpoland.com\\\/fi\\\/#organization\",\"name\":\"Natural Poland\",\"url\":\"https:\\\/\\\/naturalpoland.com\\\/fi\\\/\",\"logo\":{\"@type\":\"ImageObject\",\"inLanguage\":\"fi\",\"@id\":\"https:\\\/\\\/naturalpoland.com\\\/fi\\\/#\\\/schema\\\/logo\\\/image\\\/\",\"url\":\"https:\\\/\\\/naturalpoland.com\\\/wp-content\\\/uploads\\\/2021\\\/05\\\/natural-poland-icon.png\",\"contentUrl\":\"https:\\\/\\\/naturalpoland.com\\\/wp-content\\\/uploads\\\/2021\\\/05\\\/natural-poland-icon.png\",\"width\":512,\"height\":512,\"caption\":\"Natural Poland\"},\"image\":{\"@id\":\"https:\\\/\\\/naturalpoland.com\\\/fi\\\/#\\\/schema\\\/logo\\\/image\\\/\"},\"sameAs\":[\"https:\\\/\\\/www.facebook.com\\\/naturalpoland.b2b\",\"https:\\\/\\\/pl.linkedin.com\\\/company\\\/natural-poland\",\"https:\\\/\\\/www.youtube.com\\\/channel\\\/UCgeGGkvOMahZo-xu_MSEWxg\"]}]}<\/script>\n<!-- \/ Yoast SEO plugin. -->","yoast_head_json":{"title":"Kiinalainen pasikkakukkauute (Pulsatilla chinensis) - Tukkudistribuutio","description":"Kiinalainen paskakukkauute (Pulsatilla chinensis) on arvostettu komponentti luonnollisten terveyslisien alalla.","robots":{"index":"index","follow":"follow","max-snippet":"max-snippet:-1","max-image-preview":"max-image-preview:large","max-video-preview":"max-video-preview:-1"},"canonical":"https:\/\/naturalpoland.com\/fi\/tuotteet\/kasviuutteet\/kiinalainen-pasikkakukkauute-pulsatilla-chinensis\/","og_locale":"fi_FI","og_type":"article","og_title":"Kiinalainen pasikkakukkauute (Pulsatilla chinensis) - Tukkudistribuutio","og_description":"Kiinalainen paskakukkauute (Pulsatilla chinensis) on arvostettu komponentti luonnollisten terveyslisien alalla.","og_url":"https:\/\/naturalpoland.com\/fi\/tuotteet\/kasviuutteet\/kiinalainen-pasikkakukkauute-pulsatilla-chinensis\/","og_site_name":"NATURAL POLAND - RAAKA-AINEIDEN TUKKUJAKELIJA","article_publisher":"https:\/\/www.facebook.com\/naturalpoland.b2b","og_image":[{"width":1024,"height":1024,"url":"https:\/\/naturalpoland.com\/wp-content\/uploads\/pulsatilla_chinensis_extract.webp","type":"image\/webp"}],"schema":{"@context":"https:\/\/schema.org","@graph":[{"@type":"WebPage","@id":"https:\/\/naturalpoland.com\/fi\/tuotteet\/kasviuutteet\/kiinalainen-pasikkakukkauute-pulsatilla-chinensis\/","url":"https:\/\/naturalpoland.com\/fi\/tuotteet\/kasviuutteet\/kiinalainen-pasikkakukkauute-pulsatilla-chinensis\/","name":"Kiinalainen pasikkakukkauute (Pulsatilla chinensis) - Tukkudistribuutio","isPartOf":{"@id":"https:\/\/naturalpoland.com\/fi\/#website"},"primaryImageOfPage":{"@id":"https:\/\/naturalpoland.com\/fi\/tuotteet\/kasviuutteet\/kiinalainen-pasikkakukkauute-pulsatilla-chinensis\/#primaryimage"},"image":{"@id":"https:\/\/naturalpoland.com\/fi\/tuotteet\/kasviuutteet\/kiinalainen-pasikkakukkauute-pulsatilla-chinensis\/#primaryimage"},"thumbnailUrl":"https:\/\/naturalpoland.com\/wp-content\/uploads\/pulsatilla_chinensis_extract.webp","datePublished":"2024-04-29T12:04:37+00:00","description":"Kiinalainen paskakukkauute (Pulsatilla chinensis) on arvostettu komponentti luonnollisten terveyslisien alalla.","breadcrumb":{"@id":"https:\/\/naturalpoland.com\/fi\/tuotteet\/kasviuutteet\/kiinalainen-pasikkakukkauute-pulsatilla-chinensis\/#breadcrumb"},"inLanguage":"fi","potentialAction":[{"@type":"ReadAction","target":["https:\/\/naturalpoland.com\/fi\/tuotteet\/kasviuutteet\/kiinalainen-pasikkakukkauute-pulsatilla-chinensis\/"]}]},{"@type":"ImageObject","inLanguage":"fi","@id":"https:\/\/naturalpoland.com\/fi\/tuotteet\/kasviuutteet\/kiinalainen-pasikkakukkauute-pulsatilla-chinensis\/#primaryimage","url":"https:\/\/naturalpoland.com\/wp-content\/uploads\/pulsatilla_chinensis_extract.webp","contentUrl":"https:\/\/naturalpoland.com\/wp-content\/uploads\/pulsatilla_chinensis_extract.webp","width":1024,"height":1024,"caption":"Ekstrakt z sasanki chi\u0144skiej"},{"@type":"BreadcrumbList","@id":"https:\/\/naturalpoland.com\/fi\/tuotteet\/kasviuutteet\/kiinalainen-pasikkakukkauute-pulsatilla-chinensis\/#breadcrumb","itemListElement":[{"@type":"ListItem","position":1,"name":"Etusivu","item":"https:\/\/naturalpoland.com\/fi\/"},{"@type":"ListItem","position":2,"name":"Tuotteet","item":"https:\/\/naturalpoland.com\/fi\/tuotteet\/"},{"@type":"ListItem","position":3,"name":"Kiinalainen pasikkakukkauute (Pulsatilla chinensis)"}]},{"@type":"WebSite","@id":"https:\/\/naturalpoland.com\/fi\/#website","url":"https:\/\/naturalpoland.com\/fi\/","name":"NATURAL POLAND - RAAKA-AINEIDEN TUKKUJAKELIJA","description":"Surowce dla przemys\u0142u spo\u017cywczego, kosmetycznego i farmaceutycznego","publisher":{"@id":"https:\/\/naturalpoland.com\/fi\/#organization"},"potentialAction":[{"@type":"SearchAction","target":{"@type":"EntryPoint","urlTemplate":"https:\/\/naturalpoland.com\/fi\/?s={search_term_string}"},"query-input":{"@type":"PropertyValueSpecification","valueRequired":true,"valueName":"search_term_string"}}],"inLanguage":"fi"},{"@type":"Organization","@id":"https:\/\/naturalpoland.com\/fi\/#organization","name":"Natural Poland","url":"https:\/\/naturalpoland.com\/fi\/","logo":{"@type":"ImageObject","inLanguage":"fi","@id":"https:\/\/naturalpoland.com\/fi\/#\/schema\/logo\/image\/","url":"https:\/\/naturalpoland.com\/wp-content\/uploads\/2021\/05\/natural-poland-icon.png","contentUrl":"https:\/\/naturalpoland.com\/wp-content\/uploads\/2021\/05\/natural-poland-icon.png","width":512,"height":512,"caption":"Natural Poland"},"image":{"@id":"https:\/\/naturalpoland.com\/fi\/#\/schema\/logo\/image\/"},"sameAs":["https:\/\/www.facebook.com\/naturalpoland.b2b","https:\/\/pl.linkedin.com\/company\/natural-poland","https:\/\/www.youtube.com\/channel\/UCgeGGkvOMahZo-xu_MSEWxg"]}]}},"_links":{"self":[{"href":"https:\/\/naturalpoland.com\/fi\/wp-json\/wp\/v2\/product\/31484","targetHints":{"allow":["GET"]}}],"collection":[{"href":"https:\/\/naturalpoland.com\/fi\/wp-json\/wp\/v2\/product"}],"about":[{"href":"https:\/\/naturalpoland.com\/fi\/wp-json\/wp\/v2\/types\/product"}],"wp:featuredmedia":[{"embeddable":true,"href":"https:\/\/naturalpoland.com\/fi\/wp-json\/wp\/v2\/media\/30914"}],"wp:attachment":[{"href":"https:\/\/naturalpoland.com\/fi\/wp-json\/wp\/v2\/media?parent=31484"}],"wp:term":[{"taxonomy":"product_brand","embeddable":true,"href":"https:\/\/naturalpoland.com\/fi\/wp-json\/wp\/v2\/product_brand?post=31484"},{"taxonomy":"product_cat","embeddable":true,"href":"https:\/\/naturalpoland.com\/fi\/wp-json\/wp\/v2\/product_cat?post=31484"},{"taxonomy":"product_tag","embeddable":true,"href":"https:\/\/naturalpoland.com\/fi\/wp-json\/wp\/v2\/product_tag?post=31484"}],"curies":[{"name":"wp","href":"https:\/\/api.w.org\/{rel}","templated":true}]}}