{"id":31496,"date":"2024-04-10T12:40:15","date_gmt":"2024-04-10T10:40:15","guid":{"rendered":"https:\/\/naturalpoland.com\/produkty\/Ei-luokiteltu\/maissitarkkelys\/"},"modified":"2024-08-19T16:10:55","modified_gmt":"2024-08-19T14:10:55","slug":"maissitarkkelys","status":"publish","type":"product","link":"https:\/\/naturalpoland.com\/fi\/tuotteet\/elintarviketeollisuuden-tuotteet\/raaka-aineet-tuotantoon\/maissitarkkelys\/","title":{"rendered":"Maissit\u00e4rkkelys"},"content":{"rendered":"<p><strong>Maissit\u00e4rkkelyksen ominaisuudet ja k\u00e4ytt\u00f6tarkoitukset<\/strong><\/p>\n<p>Maissit\u00e4rkkelys on v\u00e4rilt\u00e4\u00e4n valkoista, ja sill\u00e4 on tyypillinen herkk\u00e4 maku ja tuoksu. Sen koostumuksen ansiosta &#8211; se on juoksevaa ja kevytt\u00e4 &#8211; se voidaan helposti lis\u00e4t\u00e4 erilaisiin resepteihin leivonnaisista j\u00e4lkiruokiin ja juomiin. Maissit\u00e4rkkelyksell\u00e4 on kyky muodostaa kuumennettaessa geeli\u00e4, jota k\u00e4ytet\u00e4\u00e4n kastikkeiden, keittojen tai piirakkat\u00e4ytteiden sakeuttamiseen ja joka samalla antaa astioille kirkkautta ja kiilt\u00e4v\u00e4\u00e4 pintaa.<\/p>\n<p>W <strong>  <a href=\"\/fi\/ryhm%C3%A4\/laaketeollisuuden-tuotteet\/\">l\u00e4\u00e4keteollisuus<\/a> <\/strong> maissit\u00e4rkkelyst\u00e4 k\u00e4ytet\u00e4\u00e4n t\u00e4yteaineena tableteissa ja kapseleissa, joissa se toimii l\u00e4\u00e4keaineiden kantajana ja helpottaa niiden annostelua ja vapautumista.<\/p>\n<p>Lis\u00e4ksi sen kosteutta sitovat ominaisuudet tekev\u00e4t siit\u00e4 arvostetun ainesosan <strong>kosmetiikan valmistuksessa<\/strong>, jossa sit\u00e4 k\u00e4ytet\u00e4\u00e4n tuotteiden viskositeetin s\u00e4\u00e4telyyn ja ihon ylim\u00e4\u00e4r\u00e4isen talin luonnollisena imeytt\u00e4j\u00e4n\u00e4.<\/p>\n<p><strong>Turvallisuus<\/strong><\/p>\n<p>Tuotteen turvallisuusprofiili on my\u00f6s suotuisa. Maissit\u00e4rkkelys ei sis\u00e4ll\u00e4 muuntogeenisi\u00e4 organismeja, ja se valmistetaan ilman s\u00e4il\u00f6nt\u00e4aineita. Fysikaalis-kemialliset tarkastukset vahvistavat alhaisen kosteus-, tuhka- ja proteiinipitoisuuden, mik\u00e4 viittaa ainesosan korkeaan puhtauteen. Lis\u00e4ksi t\u00e4rkkelys t\u00e4ytt\u00e4\u00e4 tiukat raskasmetalli- ja mykotoksiinipitoisuutta koskevat standardit, mik\u00e4 takaa turvallisen k\u00e4yt\u00f6n.<\/p>\n<hr>\n<h3>Ravintoarvot<\/h3>\n<table>\n<tbody>\n<tr>\n<td><b>Tuotteen ravintoarvo<\/b><\/td>\n<td><b>100g<\/b><\/td>\n<\/tr>\n<tr>\n<td>Energia-arvo<\/td>\n<td>1493 kJ \/ 351 kcal<\/td>\n<\/tr>\n<tr>\n<td>Fat<\/td>\n<td>0 g<\/td>\n<\/tr>\n<tr>\n<td>joista tyydyttyneit\u00e4 rasvahappoja<\/td>\n<td>0 g<\/td>\n<\/tr>\n<tr>\n<td>Hiilihydraatit<\/td>\n<td>86,8 g<\/td>\n<\/tr>\n<tr>\n<td>joista sokereita<\/td>\n<td>0,9 g<\/td>\n<\/tr>\n<tr>\n<td>Kuitu<\/td>\n<td>1,7 g<\/td>\n<\/tr>\n<tr>\n<td>Proteiini<\/td>\n<td>0,2 g<\/td>\n<\/tr>\n<tr>\n<td>Suola *<\/td>\n<td>0,01 g<\/td>\n<\/tr>\n<\/tbody>\n<\/table>\n<p>*Suolapitoisuus johtuu yksinomaan luonnossa esiintyv\u00e4st\u00e4 natriumista.<\/p>\n","protected":false},"excerpt":{"rendered":"<p>Maissit\u00e4rkkelys on monipuolinen ainesosa, joka on tunnettu elintarvike-, l\u00e4\u00e4ke- ja kosmetiikkateollisuudessa. Se on luonnollinen polymeeri, joka uutetaan maissinsiemenist\u00e4.<\/p>\n","protected":false},"featured_media":31369,"template":"","meta":{"_acf_changed":false},"product_brand":[],"product_cat":[547],"product_tag":[],"class_list":{"0":"post-31496","1":"product","2":"type-product","3":"status-publish","4":"has-post-thumbnail","6":"product_cat-raaka-aineet-tuotantoon","8":"first","9":"instock","10":"shipping-taxable","11":"product-type-simple"},"acf":[],"yoast_head":"<!-- This site is optimized with the Yoast SEO plugin v27.4 - https:\/\/yoast.com\/product\/yoast-seo-wordpress\/ -->\n<title>Maissit\u00e4rkkelys - NATURAL POLAND - RAAKA-AINEIDEN TUKKUJAKELIJA<\/title>\n<meta name=\"description\" content=\"Ominaisuuksiensa ansiosta maissit\u00e4rkkelys on keskeinen ainesosa valmistajille, jotka haluavat luoda korkealaatuisia tuotteita.\" \/>\n<meta name=\"robots\" content=\"index, follow, max-snippet:-1, max-image-preview:large, max-video-preview:-1\" \/>\n<link rel=\"canonical\" href=\"https:\/\/naturalpoland.com\/fi\/tuotteet\/elintarviketeollisuuden-tuotteet\/raaka-aineet-tuotantoon\/maissitarkkelys\/\" \/>\n<meta property=\"og:locale\" content=\"fi_FI\" \/>\n<meta property=\"og:type\" content=\"article\" \/>\n<meta property=\"og:title\" content=\"Maissit\u00e4rkkelys - NATURAL POLAND - RAAKA-AINEIDEN TUKKUJAKELIJA\" \/>\n<meta property=\"og:description\" content=\"Ominaisuuksiensa ansiosta maissit\u00e4rkkelys on keskeinen ainesosa valmistajille, jotka haluavat luoda korkealaatuisia tuotteita.\" \/>\n<meta property=\"og:url\" content=\"https:\/\/naturalpoland.com\/fi\/tuotteet\/elintarviketeollisuuden-tuotteet\/raaka-aineet-tuotantoon\/maissitarkkelys\/\" \/>\n<meta property=\"og:site_name\" content=\"NATURAL POLAND - RAAKA-AINEIDEN TUKKUJAKELIJA\" \/>\n<meta property=\"article:publisher\" content=\"https:\/\/www.facebook.com\/naturalpoland.b2b\" \/>\n<meta property=\"article:modified_time\" content=\"2024-08-19T14:10:55+00:00\" \/>\n<meta property=\"og:image\" content=\"https:\/\/naturalpoland.com\/wp-content\/uploads\/skrobia-kukurydziana-1.jpg\" \/>\n\t<meta property=\"og:image:width\" content=\"500\" \/>\n\t<meta property=\"og:image:height\" content=\"500\" \/>\n\t<meta property=\"og:image:type\" content=\"image\/jpeg\" \/>\n<script type=\"application\/ld+json\" class=\"yoast-schema-graph\">{\"@context\":\"https:\\\/\\\/schema.org\",\"@graph\":[{\"@type\":\"WebPage\",\"@id\":\"https:\\\/\\\/naturalpoland.com\\\/fi\\\/tuotteet\\\/elintarviketeollisuuden-tuotteet\\\/raaka-aineet-tuotantoon\\\/maissitarkkelys\\\/\",\"url\":\"https:\\\/\\\/naturalpoland.com\\\/fi\\\/tuotteet\\\/elintarviketeollisuuden-tuotteet\\\/raaka-aineet-tuotantoon\\\/maissitarkkelys\\\/\",\"name\":\"Maissit\u00e4rkkelys - NATURAL POLAND - RAAKA-AINEIDEN TUKKUJAKELIJA\",\"isPartOf\":{\"@id\":\"https:\\\/\\\/naturalpoland.com\\\/fi\\\/#website\"},\"primaryImageOfPage\":{\"@id\":\"https:\\\/\\\/naturalpoland.com\\\/fi\\\/tuotteet\\\/elintarviketeollisuuden-tuotteet\\\/raaka-aineet-tuotantoon\\\/maissitarkkelys\\\/#primaryimage\"},\"image\":{\"@id\":\"https:\\\/\\\/naturalpoland.com\\\/fi\\\/tuotteet\\\/elintarviketeollisuuden-tuotteet\\\/raaka-aineet-tuotantoon\\\/maissitarkkelys\\\/#primaryimage\"},\"thumbnailUrl\":\"https:\\\/\\\/naturalpoland.com\\\/wp-content\\\/uploads\\\/skrobia-kukurydziana-1.jpg\",\"datePublished\":\"2024-04-10T10:40:15+00:00\",\"dateModified\":\"2024-08-19T14:10:55+00:00\",\"description\":\"Ominaisuuksiensa ansiosta maissit\u00e4rkkelys on keskeinen ainesosa valmistajille, jotka haluavat luoda korkealaatuisia tuotteita.\",\"breadcrumb\":{\"@id\":\"https:\\\/\\\/naturalpoland.com\\\/fi\\\/tuotteet\\\/elintarviketeollisuuden-tuotteet\\\/raaka-aineet-tuotantoon\\\/maissitarkkelys\\\/#breadcrumb\"},\"inLanguage\":\"fi\",\"potentialAction\":[{\"@type\":\"ReadAction\",\"target\":[\"https:\\\/\\\/naturalpoland.com\\\/fi\\\/tuotteet\\\/elintarviketeollisuuden-tuotteet\\\/raaka-aineet-tuotantoon\\\/maissitarkkelys\\\/\"]}]},{\"@type\":\"ImageObject\",\"inLanguage\":\"fi\",\"@id\":\"https:\\\/\\\/naturalpoland.com\\\/fi\\\/tuotteet\\\/elintarviketeollisuuden-tuotteet\\\/raaka-aineet-tuotantoon\\\/maissitarkkelys\\\/#primaryimage\",\"url\":\"https:\\\/\\\/naturalpoland.com\\\/wp-content\\\/uploads\\\/skrobia-kukurydziana-1.jpg\",\"contentUrl\":\"https:\\\/\\\/naturalpoland.com\\\/wp-content\\\/uploads\\\/skrobia-kukurydziana-1.jpg\",\"width\":500,\"height\":500,\"caption\":\"skrobia kukurydziana\"},{\"@type\":\"BreadcrumbList\",\"@id\":\"https:\\\/\\\/naturalpoland.com\\\/fi\\\/tuotteet\\\/elintarviketeollisuuden-tuotteet\\\/raaka-aineet-tuotantoon\\\/maissitarkkelys\\\/#breadcrumb\",\"itemListElement\":[{\"@type\":\"ListItem\",\"position\":1,\"name\":\"Etusivu\",\"item\":\"https:\\\/\\\/naturalpoland.com\\\/fi\\\/\"},{\"@type\":\"ListItem\",\"position\":2,\"name\":\"Tuotteet\",\"item\":\"https:\\\/\\\/naturalpoland.com\\\/fi\\\/tuotteet\\\/\"},{\"@type\":\"ListItem\",\"position\":3,\"name\":\"Maissit\u00e4rkkelys\"}]},{\"@type\":\"WebSite\",\"@id\":\"https:\\\/\\\/naturalpoland.com\\\/fi\\\/#website\",\"url\":\"https:\\\/\\\/naturalpoland.com\\\/fi\\\/\",\"name\":\"NATURAL POLAND - RAAKA-AINEIDEN TUKKUJAKELIJA\",\"description\":\"Surowce dla przemys\u0142u spo\u017cywczego, kosmetycznego i farmaceutycznego\",\"publisher\":{\"@id\":\"https:\\\/\\\/naturalpoland.com\\\/fi\\\/#organization\"},\"potentialAction\":[{\"@type\":\"SearchAction\",\"target\":{\"@type\":\"EntryPoint\",\"urlTemplate\":\"https:\\\/\\\/naturalpoland.com\\\/fi\\\/?s={search_term_string}\"},\"query-input\":{\"@type\":\"PropertyValueSpecification\",\"valueRequired\":true,\"valueName\":\"search_term_string\"}}],\"inLanguage\":\"fi\"},{\"@type\":\"Organization\",\"@id\":\"https:\\\/\\\/naturalpoland.com\\\/fi\\\/#organization\",\"name\":\"Natural Poland\",\"url\":\"https:\\\/\\\/naturalpoland.com\\\/fi\\\/\",\"logo\":{\"@type\":\"ImageObject\",\"inLanguage\":\"fi\",\"@id\":\"https:\\\/\\\/naturalpoland.com\\\/fi\\\/#\\\/schema\\\/logo\\\/image\\\/\",\"url\":\"https:\\\/\\\/naturalpoland.com\\\/wp-content\\\/uploads\\\/2021\\\/05\\\/natural-poland-icon.png\",\"contentUrl\":\"https:\\\/\\\/naturalpoland.com\\\/wp-content\\\/uploads\\\/2021\\\/05\\\/natural-poland-icon.png\",\"width\":512,\"height\":512,\"caption\":\"Natural Poland\"},\"image\":{\"@id\":\"https:\\\/\\\/naturalpoland.com\\\/fi\\\/#\\\/schema\\\/logo\\\/image\\\/\"},\"sameAs\":[\"https:\\\/\\\/www.facebook.com\\\/naturalpoland.b2b\",\"https:\\\/\\\/pl.linkedin.com\\\/company\\\/natural-poland\",\"https:\\\/\\\/www.youtube.com\\\/channel\\\/UCgeGGkvOMahZo-xu_MSEWxg\"]}]}<\/script>\n<!-- \/ Yoast SEO plugin. -->","yoast_head_json":{"title":"Maissit\u00e4rkkelys - NATURAL POLAND - RAAKA-AINEIDEN TUKKUJAKELIJA","description":"Ominaisuuksiensa ansiosta maissit\u00e4rkkelys on keskeinen ainesosa valmistajille, jotka haluavat luoda korkealaatuisia tuotteita.","robots":{"index":"index","follow":"follow","max-snippet":"max-snippet:-1","max-image-preview":"max-image-preview:large","max-video-preview":"max-video-preview:-1"},"canonical":"https:\/\/naturalpoland.com\/fi\/tuotteet\/elintarviketeollisuuden-tuotteet\/raaka-aineet-tuotantoon\/maissitarkkelys\/","og_locale":"fi_FI","og_type":"article","og_title":"Maissit\u00e4rkkelys - NATURAL POLAND - RAAKA-AINEIDEN TUKKUJAKELIJA","og_description":"Ominaisuuksiensa ansiosta maissit\u00e4rkkelys on keskeinen ainesosa valmistajille, jotka haluavat luoda korkealaatuisia tuotteita.","og_url":"https:\/\/naturalpoland.com\/fi\/tuotteet\/elintarviketeollisuuden-tuotteet\/raaka-aineet-tuotantoon\/maissitarkkelys\/","og_site_name":"NATURAL POLAND - RAAKA-AINEIDEN TUKKUJAKELIJA","article_publisher":"https:\/\/www.facebook.com\/naturalpoland.b2b","article_modified_time":"2024-08-19T14:10:55+00:00","og_image":[{"width":500,"height":500,"url":"https:\/\/naturalpoland.com\/wp-content\/uploads\/skrobia-kukurydziana-1.jpg","type":"image\/jpeg"}],"schema":{"@context":"https:\/\/schema.org","@graph":[{"@type":"WebPage","@id":"https:\/\/naturalpoland.com\/fi\/tuotteet\/elintarviketeollisuuden-tuotteet\/raaka-aineet-tuotantoon\/maissitarkkelys\/","url":"https:\/\/naturalpoland.com\/fi\/tuotteet\/elintarviketeollisuuden-tuotteet\/raaka-aineet-tuotantoon\/maissitarkkelys\/","name":"Maissit\u00e4rkkelys - NATURAL POLAND - RAAKA-AINEIDEN TUKKUJAKELIJA","isPartOf":{"@id":"https:\/\/naturalpoland.com\/fi\/#website"},"primaryImageOfPage":{"@id":"https:\/\/naturalpoland.com\/fi\/tuotteet\/elintarviketeollisuuden-tuotteet\/raaka-aineet-tuotantoon\/maissitarkkelys\/#primaryimage"},"image":{"@id":"https:\/\/naturalpoland.com\/fi\/tuotteet\/elintarviketeollisuuden-tuotteet\/raaka-aineet-tuotantoon\/maissitarkkelys\/#primaryimage"},"thumbnailUrl":"https:\/\/naturalpoland.com\/wp-content\/uploads\/skrobia-kukurydziana-1.jpg","datePublished":"2024-04-10T10:40:15+00:00","dateModified":"2024-08-19T14:10:55+00:00","description":"Ominaisuuksiensa ansiosta maissit\u00e4rkkelys on keskeinen ainesosa valmistajille, jotka haluavat luoda korkealaatuisia tuotteita.","breadcrumb":{"@id":"https:\/\/naturalpoland.com\/fi\/tuotteet\/elintarviketeollisuuden-tuotteet\/raaka-aineet-tuotantoon\/maissitarkkelys\/#breadcrumb"},"inLanguage":"fi","potentialAction":[{"@type":"ReadAction","target":["https:\/\/naturalpoland.com\/fi\/tuotteet\/elintarviketeollisuuden-tuotteet\/raaka-aineet-tuotantoon\/maissitarkkelys\/"]}]},{"@type":"ImageObject","inLanguage":"fi","@id":"https:\/\/naturalpoland.com\/fi\/tuotteet\/elintarviketeollisuuden-tuotteet\/raaka-aineet-tuotantoon\/maissitarkkelys\/#primaryimage","url":"https:\/\/naturalpoland.com\/wp-content\/uploads\/skrobia-kukurydziana-1.jpg","contentUrl":"https:\/\/naturalpoland.com\/wp-content\/uploads\/skrobia-kukurydziana-1.jpg","width":500,"height":500,"caption":"skrobia kukurydziana"},{"@type":"BreadcrumbList","@id":"https:\/\/naturalpoland.com\/fi\/tuotteet\/elintarviketeollisuuden-tuotteet\/raaka-aineet-tuotantoon\/maissitarkkelys\/#breadcrumb","itemListElement":[{"@type":"ListItem","position":1,"name":"Etusivu","item":"https:\/\/naturalpoland.com\/fi\/"},{"@type":"ListItem","position":2,"name":"Tuotteet","item":"https:\/\/naturalpoland.com\/fi\/tuotteet\/"},{"@type":"ListItem","position":3,"name":"Maissit\u00e4rkkelys"}]},{"@type":"WebSite","@id":"https:\/\/naturalpoland.com\/fi\/#website","url":"https:\/\/naturalpoland.com\/fi\/","name":"NATURAL POLAND - RAAKA-AINEIDEN TUKKUJAKELIJA","description":"Surowce dla przemys\u0142u spo\u017cywczego, kosmetycznego i farmaceutycznego","publisher":{"@id":"https:\/\/naturalpoland.com\/fi\/#organization"},"potentialAction":[{"@type":"SearchAction","target":{"@type":"EntryPoint","urlTemplate":"https:\/\/naturalpoland.com\/fi\/?s={search_term_string}"},"query-input":{"@type":"PropertyValueSpecification","valueRequired":true,"valueName":"search_term_string"}}],"inLanguage":"fi"},{"@type":"Organization","@id":"https:\/\/naturalpoland.com\/fi\/#organization","name":"Natural Poland","url":"https:\/\/naturalpoland.com\/fi\/","logo":{"@type":"ImageObject","inLanguage":"fi","@id":"https:\/\/naturalpoland.com\/fi\/#\/schema\/logo\/image\/","url":"https:\/\/naturalpoland.com\/wp-content\/uploads\/2021\/05\/natural-poland-icon.png","contentUrl":"https:\/\/naturalpoland.com\/wp-content\/uploads\/2021\/05\/natural-poland-icon.png","width":512,"height":512,"caption":"Natural Poland"},"image":{"@id":"https:\/\/naturalpoland.com\/fi\/#\/schema\/logo\/image\/"},"sameAs":["https:\/\/www.facebook.com\/naturalpoland.b2b","https:\/\/pl.linkedin.com\/company\/natural-poland","https:\/\/www.youtube.com\/channel\/UCgeGGkvOMahZo-xu_MSEWxg"]}]}},"_links":{"self":[{"href":"https:\/\/naturalpoland.com\/fi\/wp-json\/wp\/v2\/product\/31496","targetHints":{"allow":["GET"]}}],"collection":[{"href":"https:\/\/naturalpoland.com\/fi\/wp-json\/wp\/v2\/product"}],"about":[{"href":"https:\/\/naturalpoland.com\/fi\/wp-json\/wp\/v2\/types\/product"}],"wp:featuredmedia":[{"embeddable":true,"href":"https:\/\/naturalpoland.com\/fi\/wp-json\/wp\/v2\/media\/31369"}],"wp:attachment":[{"href":"https:\/\/naturalpoland.com\/fi\/wp-json\/wp\/v2\/media?parent=31496"}],"wp:term":[{"taxonomy":"product_brand","embeddable":true,"href":"https:\/\/naturalpoland.com\/fi\/wp-json\/wp\/v2\/product_brand?post=31496"},{"taxonomy":"product_cat","embeddable":true,"href":"https:\/\/naturalpoland.com\/fi\/wp-json\/wp\/v2\/product_cat?post=31496"},{"taxonomy":"product_tag","embeddable":true,"href":"https:\/\/naturalpoland.com\/fi\/wp-json\/wp\/v2\/product_tag?post=31496"}],"curies":[{"name":"wp","href":"https:\/\/api.w.org\/{rel}","templated":true}]}}