{"id":31507,"date":"2024-04-10T11:44:06","date_gmt":"2024-04-29T12:12:04","guid":{"rendered":"https:\/\/naturalpoland.com\/produkty\/Ei-luokiteltu\/afrikkalainen-mangon-siemenuute\/"},"modified":"2024-04-29T14:12:04","modified_gmt":"2024-04-29T12:12:04","slug":"afrikkalainen-mangon-siemenuute","status":"publish","type":"product","link":"https:\/\/naturalpoland.com\/fi\/tuotteet\/kasviuutteet\/afrikkalainen-mangon-siemenuute\/","title":{"rendered":"Afrikkalainen mangon siemenuute"},"content":{"rendered":"<p>Uutetta saadaan valikoitujen afrikkalaisten mangojen siemenist\u00e4. Sit\u00e4 voidaan k\u00e4ytt\u00e4\u00e4 laajalti erilaisissa ravintolisien ja terveystuotteiden koostumuksissa.<\/p>\n<p>Afrikkalaisen mangon siemenuutteen <strong>antioksidanttivaikutuksilla<\/strong> on suora vaikutus syd\u00e4n- ja verisuoniterveyden tukemiseen sek\u00e4 verensokerin s\u00e4\u00e4telyyn. N\u00e4iden ominaisuuksien ansiosta tuotetta k\u00e4ytet\u00e4\u00e4n elintapasairauksien, kuten tyypin 2 diabeteksen ja syd\u00e4nsairauksien, ehk\u00e4isyss\u00e4. Lis\u00e4ksi uutteen sis\u00e4lt\u00e4m\u00e4t flavonit tukevat aineenvaihduntaprosesseja, mik\u00e4 voi edist\u00e4\u00e4 tehokkaampaa painonhallintaa ja parantaa kehon yleist\u00e4 kuntoa.<\/p>\n<p><strong>Afrikkalaisen mangon siemenuutteen k\u00e4ytt\u00f6<\/strong> ei rajoitu ravintolisiin. Sen ainutlaatuiset ominaisuudet tekev\u00e4t siit\u00e4 my\u00f6s arvostetun ainesosan luonnonkosmetiikassa, jossa sen antioksidanttiset ja uudistavat vaikutukset voivat parantaa ihon ulkon\u00e4k\u00f6\u00e4 ja kuntoa.<\/p>\n<p>Terveys- ja kauneustuotteiden valmistajille afrikkalainen mangon siemenuute tarjoaa mahdollisuuden rikastuttaa tarjontaansa innovatiivisilla koostumuksilla, jotka vastaavat kuluttajien kasvavaan kysynt\u00e4\u00e4n luonnollisiin ainesosiin perustuvista tuotteista. Sen monipuolinen k\u00e4ytt\u00f6 yhdistettyn\u00e4 sen tutkitusti todistettuihin ominaisuuksiin tekee t\u00e4st\u00e4 uutteesta arvokkaan investoinnin korkealaatuisten tuotteiden kehitt\u00e4miseen.<\/p>\n","protected":false},"excerpt":{"rendered":"<p>Afrikkalainen mangon siemenuute on arvokas ravintolisien ainesosa, jota arvostetaan sen ainutlaatuisten terveysominaisuuksien vuoksi. Ote osoitteesta <strong><br \/>\n  <em>Irvingia Gabonensis<\/em><br \/>\n<\/strong>kasvista, joka on kotoisin Afrikan sademetsist\u00e4, t\u00e4m\u00e4 uute on rikas l\u00e4hde <strong><br \/>\n  <a href=\"https:\/\/naturalpoland.com\/artykuly\/produkty-naturalne\/czym-sa-i-jak-dzialaja-flawonoidy\/\">flavoneja<\/a><br \/>\n<\/strong>. Sen pitoisuus on yli 10 %, mik\u00e4 on vahvistettu UV-testauksessa.<\/p>\n","protected":false},"featured_media":30886,"template":"","meta":{"_acf_changed":false},"product_brand":[],"product_cat":[528],"product_tag":[],"class_list":{"0":"post-31507","1":"product","2":"type-product","3":"status-publish","4":"has-post-thumbnail","6":"product_cat-kasviuutteet","7":"pa_certyfikaty-halal-fi","8":"pa_certyfikaty-kosher-sertifikaatti","10":"first","11":"instock","12":"shipping-taxable","13":"product-type-simple"},"acf":[],"yoast_head":"<!-- This site is optimized with the Yoast SEO plugin v27.4 - https:\/\/yoast.com\/product\/yoast-seo-wordpress\/ -->\n<title>Afrikkalainen mangon siemenuute - Tukkudistribuutio<\/title>\n<meta name=\"description\" content=\"Afrikkalainen mangon siemenuute tarjoaa mahdollisuuden parantaa valikoimaa luonnollisiin ainesosiin perustuvilla innovatiivisilla koostumuksilla.\" \/>\n<meta name=\"robots\" content=\"index, follow, max-snippet:-1, max-image-preview:large, max-video-preview:-1\" \/>\n<link rel=\"canonical\" href=\"https:\/\/naturalpoland.com\/fi\/tuotteet\/kasviuutteet\/afrikkalainen-mangon-siemenuute\/\" \/>\n<meta property=\"og:locale\" content=\"fi_FI\" \/>\n<meta property=\"og:type\" content=\"article\" \/>\n<meta property=\"og:title\" content=\"Afrikkalainen mangon siemenuute - Tukkudistribuutio\" \/>\n<meta property=\"og:description\" content=\"Afrikkalainen mangon siemenuute tarjoaa mahdollisuuden parantaa valikoimaa luonnollisiin ainesosiin perustuvilla innovatiivisilla koostumuksilla.\" \/>\n<meta property=\"og:url\" content=\"https:\/\/naturalpoland.com\/fi\/tuotteet\/kasviuutteet\/afrikkalainen-mangon-siemenuute\/\" \/>\n<meta property=\"og:site_name\" content=\"NATURAL POLAND - RAAKA-AINEIDEN TUKKUJAKELIJA\" \/>\n<meta property=\"article:publisher\" content=\"https:\/\/www.facebook.com\/naturalpoland.b2b\" \/>\n<meta property=\"og:image\" content=\"https:\/\/naturalpoland.com\/wp-content\/uploads\/african_mango_seed_extract.webp\" \/>\n\t<meta property=\"og:image:width\" content=\"700\" \/>\n\t<meta property=\"og:image:height\" content=\"700\" \/>\n\t<meta property=\"og:image:type\" content=\"image\/webp\" \/>\n<script type=\"application\/ld+json\" class=\"yoast-schema-graph\">{\"@context\":\"https:\\\/\\\/schema.org\",\"@graph\":[{\"@type\":\"WebPage\",\"@id\":\"https:\\\/\\\/naturalpoland.com\\\/fi\\\/tuotteet\\\/kasviuutteet\\\/afrikkalainen-mangon-siemenuute\\\/\",\"url\":\"https:\\\/\\\/naturalpoland.com\\\/fi\\\/tuotteet\\\/kasviuutteet\\\/afrikkalainen-mangon-siemenuute\\\/\",\"name\":\"Afrikkalainen mangon siemenuute - Tukkudistribuutio\",\"isPartOf\":{\"@id\":\"https:\\\/\\\/naturalpoland.com\\\/fi\\\/#website\"},\"primaryImageOfPage\":{\"@id\":\"https:\\\/\\\/naturalpoland.com\\\/fi\\\/tuotteet\\\/kasviuutteet\\\/afrikkalainen-mangon-siemenuute\\\/#primaryimage\"},\"image\":{\"@id\":\"https:\\\/\\\/naturalpoland.com\\\/fi\\\/tuotteet\\\/kasviuutteet\\\/afrikkalainen-mangon-siemenuute\\\/#primaryimage\"},\"thumbnailUrl\":\"https:\\\/\\\/naturalpoland.com\\\/wp-content\\\/uploads\\\/african_mango_seed_extract.webp\",\"datePublished\":\"2024-04-29T12:12:04+00:00\",\"description\":\"Afrikkalainen mangon siemenuute tarjoaa mahdollisuuden parantaa valikoimaa luonnollisiin ainesosiin perustuvilla innovatiivisilla koostumuksilla.\",\"breadcrumb\":{\"@id\":\"https:\\\/\\\/naturalpoland.com\\\/fi\\\/tuotteet\\\/kasviuutteet\\\/afrikkalainen-mangon-siemenuute\\\/#breadcrumb\"},\"inLanguage\":\"fi\",\"potentialAction\":[{\"@type\":\"ReadAction\",\"target\":[\"https:\\\/\\\/naturalpoland.com\\\/fi\\\/tuotteet\\\/kasviuutteet\\\/afrikkalainen-mangon-siemenuute\\\/\"]}]},{\"@type\":\"ImageObject\",\"inLanguage\":\"fi\",\"@id\":\"https:\\\/\\\/naturalpoland.com\\\/fi\\\/tuotteet\\\/kasviuutteet\\\/afrikkalainen-mangon-siemenuute\\\/#primaryimage\",\"url\":\"https:\\\/\\\/naturalpoland.com\\\/wp-content\\\/uploads\\\/african_mango_seed_extract.webp\",\"contentUrl\":\"https:\\\/\\\/naturalpoland.com\\\/wp-content\\\/uploads\\\/african_mango_seed_extract.webp\",\"width\":700,\"height\":700,\"caption\":\"Ekstrakt z nasion afryka\u0144skiego mango\"},{\"@type\":\"BreadcrumbList\",\"@id\":\"https:\\\/\\\/naturalpoland.com\\\/fi\\\/tuotteet\\\/kasviuutteet\\\/afrikkalainen-mangon-siemenuute\\\/#breadcrumb\",\"itemListElement\":[{\"@type\":\"ListItem\",\"position\":1,\"name\":\"Etusivu\",\"item\":\"https:\\\/\\\/naturalpoland.com\\\/fi\\\/\"},{\"@type\":\"ListItem\",\"position\":2,\"name\":\"Tuotteet\",\"item\":\"https:\\\/\\\/naturalpoland.com\\\/fi\\\/tuotteet\\\/\"},{\"@type\":\"ListItem\",\"position\":3,\"name\":\"Afrikkalainen mangon siemenuute\"}]},{\"@type\":\"WebSite\",\"@id\":\"https:\\\/\\\/naturalpoland.com\\\/fi\\\/#website\",\"url\":\"https:\\\/\\\/naturalpoland.com\\\/fi\\\/\",\"name\":\"NATURAL POLAND - RAAKA-AINEIDEN TUKKUJAKELIJA\",\"description\":\"Surowce dla przemys\u0142u spo\u017cywczego, kosmetycznego i farmaceutycznego\",\"publisher\":{\"@id\":\"https:\\\/\\\/naturalpoland.com\\\/fi\\\/#organization\"},\"potentialAction\":[{\"@type\":\"SearchAction\",\"target\":{\"@type\":\"EntryPoint\",\"urlTemplate\":\"https:\\\/\\\/naturalpoland.com\\\/fi\\\/?s={search_term_string}\"},\"query-input\":{\"@type\":\"PropertyValueSpecification\",\"valueRequired\":true,\"valueName\":\"search_term_string\"}}],\"inLanguage\":\"fi\"},{\"@type\":\"Organization\",\"@id\":\"https:\\\/\\\/naturalpoland.com\\\/fi\\\/#organization\",\"name\":\"Natural Poland\",\"url\":\"https:\\\/\\\/naturalpoland.com\\\/fi\\\/\",\"logo\":{\"@type\":\"ImageObject\",\"inLanguage\":\"fi\",\"@id\":\"https:\\\/\\\/naturalpoland.com\\\/fi\\\/#\\\/schema\\\/logo\\\/image\\\/\",\"url\":\"https:\\\/\\\/naturalpoland.com\\\/wp-content\\\/uploads\\\/2021\\\/05\\\/natural-poland-icon.png\",\"contentUrl\":\"https:\\\/\\\/naturalpoland.com\\\/wp-content\\\/uploads\\\/2021\\\/05\\\/natural-poland-icon.png\",\"width\":512,\"height\":512,\"caption\":\"Natural Poland\"},\"image\":{\"@id\":\"https:\\\/\\\/naturalpoland.com\\\/fi\\\/#\\\/schema\\\/logo\\\/image\\\/\"},\"sameAs\":[\"https:\\\/\\\/www.facebook.com\\\/naturalpoland.b2b\",\"https:\\\/\\\/pl.linkedin.com\\\/company\\\/natural-poland\",\"https:\\\/\\\/www.youtube.com\\\/channel\\\/UCgeGGkvOMahZo-xu_MSEWxg\"]}]}<\/script>\n<!-- \/ Yoast SEO plugin. -->","yoast_head_json":{"title":"Afrikkalainen mangon siemenuute - Tukkudistribuutio","description":"Afrikkalainen mangon siemenuute tarjoaa mahdollisuuden parantaa valikoimaa luonnollisiin ainesosiin perustuvilla innovatiivisilla koostumuksilla.","robots":{"index":"index","follow":"follow","max-snippet":"max-snippet:-1","max-image-preview":"max-image-preview:large","max-video-preview":"max-video-preview:-1"},"canonical":"https:\/\/naturalpoland.com\/fi\/tuotteet\/kasviuutteet\/afrikkalainen-mangon-siemenuute\/","og_locale":"fi_FI","og_type":"article","og_title":"Afrikkalainen mangon siemenuute - Tukkudistribuutio","og_description":"Afrikkalainen mangon siemenuute tarjoaa mahdollisuuden parantaa valikoimaa luonnollisiin ainesosiin perustuvilla innovatiivisilla koostumuksilla.","og_url":"https:\/\/naturalpoland.com\/fi\/tuotteet\/kasviuutteet\/afrikkalainen-mangon-siemenuute\/","og_site_name":"NATURAL POLAND - RAAKA-AINEIDEN TUKKUJAKELIJA","article_publisher":"https:\/\/www.facebook.com\/naturalpoland.b2b","og_image":[{"width":700,"height":700,"url":"https:\/\/naturalpoland.com\/wp-content\/uploads\/african_mango_seed_extract.webp","type":"image\/webp"}],"schema":{"@context":"https:\/\/schema.org","@graph":[{"@type":"WebPage","@id":"https:\/\/naturalpoland.com\/fi\/tuotteet\/kasviuutteet\/afrikkalainen-mangon-siemenuute\/","url":"https:\/\/naturalpoland.com\/fi\/tuotteet\/kasviuutteet\/afrikkalainen-mangon-siemenuute\/","name":"Afrikkalainen mangon siemenuute - Tukkudistribuutio","isPartOf":{"@id":"https:\/\/naturalpoland.com\/fi\/#website"},"primaryImageOfPage":{"@id":"https:\/\/naturalpoland.com\/fi\/tuotteet\/kasviuutteet\/afrikkalainen-mangon-siemenuute\/#primaryimage"},"image":{"@id":"https:\/\/naturalpoland.com\/fi\/tuotteet\/kasviuutteet\/afrikkalainen-mangon-siemenuute\/#primaryimage"},"thumbnailUrl":"https:\/\/naturalpoland.com\/wp-content\/uploads\/african_mango_seed_extract.webp","datePublished":"2024-04-29T12:12:04+00:00","description":"Afrikkalainen mangon siemenuute tarjoaa mahdollisuuden parantaa valikoimaa luonnollisiin ainesosiin perustuvilla innovatiivisilla koostumuksilla.","breadcrumb":{"@id":"https:\/\/naturalpoland.com\/fi\/tuotteet\/kasviuutteet\/afrikkalainen-mangon-siemenuute\/#breadcrumb"},"inLanguage":"fi","potentialAction":[{"@type":"ReadAction","target":["https:\/\/naturalpoland.com\/fi\/tuotteet\/kasviuutteet\/afrikkalainen-mangon-siemenuute\/"]}]},{"@type":"ImageObject","inLanguage":"fi","@id":"https:\/\/naturalpoland.com\/fi\/tuotteet\/kasviuutteet\/afrikkalainen-mangon-siemenuute\/#primaryimage","url":"https:\/\/naturalpoland.com\/wp-content\/uploads\/african_mango_seed_extract.webp","contentUrl":"https:\/\/naturalpoland.com\/wp-content\/uploads\/african_mango_seed_extract.webp","width":700,"height":700,"caption":"Ekstrakt z nasion afryka\u0144skiego mango"},{"@type":"BreadcrumbList","@id":"https:\/\/naturalpoland.com\/fi\/tuotteet\/kasviuutteet\/afrikkalainen-mangon-siemenuute\/#breadcrumb","itemListElement":[{"@type":"ListItem","position":1,"name":"Etusivu","item":"https:\/\/naturalpoland.com\/fi\/"},{"@type":"ListItem","position":2,"name":"Tuotteet","item":"https:\/\/naturalpoland.com\/fi\/tuotteet\/"},{"@type":"ListItem","position":3,"name":"Afrikkalainen mangon siemenuute"}]},{"@type":"WebSite","@id":"https:\/\/naturalpoland.com\/fi\/#website","url":"https:\/\/naturalpoland.com\/fi\/","name":"NATURAL POLAND - RAAKA-AINEIDEN TUKKUJAKELIJA","description":"Surowce dla przemys\u0142u spo\u017cywczego, kosmetycznego i farmaceutycznego","publisher":{"@id":"https:\/\/naturalpoland.com\/fi\/#organization"},"potentialAction":[{"@type":"SearchAction","target":{"@type":"EntryPoint","urlTemplate":"https:\/\/naturalpoland.com\/fi\/?s={search_term_string}"},"query-input":{"@type":"PropertyValueSpecification","valueRequired":true,"valueName":"search_term_string"}}],"inLanguage":"fi"},{"@type":"Organization","@id":"https:\/\/naturalpoland.com\/fi\/#organization","name":"Natural Poland","url":"https:\/\/naturalpoland.com\/fi\/","logo":{"@type":"ImageObject","inLanguage":"fi","@id":"https:\/\/naturalpoland.com\/fi\/#\/schema\/logo\/image\/","url":"https:\/\/naturalpoland.com\/wp-content\/uploads\/2021\/05\/natural-poland-icon.png","contentUrl":"https:\/\/naturalpoland.com\/wp-content\/uploads\/2021\/05\/natural-poland-icon.png","width":512,"height":512,"caption":"Natural Poland"},"image":{"@id":"https:\/\/naturalpoland.com\/fi\/#\/schema\/logo\/image\/"},"sameAs":["https:\/\/www.facebook.com\/naturalpoland.b2b","https:\/\/pl.linkedin.com\/company\/natural-poland","https:\/\/www.youtube.com\/channel\/UCgeGGkvOMahZo-xu_MSEWxg"]}]}},"_links":{"self":[{"href":"https:\/\/naturalpoland.com\/fi\/wp-json\/wp\/v2\/product\/31507","targetHints":{"allow":["GET"]}}],"collection":[{"href":"https:\/\/naturalpoland.com\/fi\/wp-json\/wp\/v2\/product"}],"about":[{"href":"https:\/\/naturalpoland.com\/fi\/wp-json\/wp\/v2\/types\/product"}],"wp:featuredmedia":[{"embeddable":true,"href":"https:\/\/naturalpoland.com\/fi\/wp-json\/wp\/v2\/media\/30886"}],"wp:attachment":[{"href":"https:\/\/naturalpoland.com\/fi\/wp-json\/wp\/v2\/media?parent=31507"}],"wp:term":[{"taxonomy":"product_brand","embeddable":true,"href":"https:\/\/naturalpoland.com\/fi\/wp-json\/wp\/v2\/product_brand?post=31507"},{"taxonomy":"product_cat","embeddable":true,"href":"https:\/\/naturalpoland.com\/fi\/wp-json\/wp\/v2\/product_cat?post=31507"},{"taxonomy":"product_tag","embeddable":true,"href":"https:\/\/naturalpoland.com\/fi\/wp-json\/wp\/v2\/product_tag?post=31507"}],"curies":[{"name":"wp","href":"https:\/\/api.w.org\/{rel}","templated":true}]}}