{"id":31509,"date":"2024-02-23T14:22:46","date_gmt":"2024-04-29T12:13:16","guid":{"rendered":"https:\/\/naturalpoland.com\/produkty\/Ei-luokiteltu\/papuuute\/"},"modified":"2024-04-29T14:13:16","modified_gmt":"2024-04-29T12:13:16","slug":"papuuute","status":"publish","type":"product","link":"https:\/\/naturalpoland.com\/fi\/tuotteet\/kasviuutteet\/papuuute\/","title":{"rendered":"Papuuute"},"content":{"rendered":"<p>T\u00e4m\u00e4 tavallisista pavuista valmistettu uute sis\u00e4lt\u00e4\u00e4 runsaasti ravintoaineita, joilla on my\u00f6nteinen vaikutus terveyteen. Tuotannossa k\u00e4ytetty kasvin osa, papu, on monien arvokkaiden aineiden l\u00e4hde, joita arvostetaan niiden terveytt\u00e4 tukevien ominaisuuksien vuoksi. %-10% maltodekstriinin lis\u00e4\u00e4misen ansiosta tuote s\u00e4ilytt\u00e4\u00e4 stabiilisuutensa ja sopivan rakenteen, mik\u00e4 helpottaa sen k\u00e4ytt\u00f6\u00e4 erilaisissa lis\u00e4ravinteissa.<\/p>\n<p>Papuuute on erinomainen lis\u00e4 terveellisist\u00e4 el\u00e4m\u00e4ntavoista huolehtivien ruokavalioon. Luonnollisten ominaisuuksiensa ansiosta se voi tukea tervett\u00e4 aineenvaihduntaa ja auttaa yll\u00e4pit\u00e4m\u00e4\u00e4n tervett\u00e4 painoa. Sen s\u00e4\u00e4nn\u00f6llisell\u00e4 k\u00e4yt\u00f6ll\u00e4 voi olla my\u00f6s verensokeria vakauttava vaikutus, mik\u00e4 tekee siit\u00e4 arvokkaan ravintoaineen aineenvaihduntaongelmien kanssa kamppaileville.<\/p>\n<p>T\u00e4ysin luonnollisena tuotteena Phaseolus Vulgaris -papuuute on ihanteellinen valinta kaikille, jotka etsiv\u00e4t tehokasta ja turvallista tukea keholleen. Sen helppok\u00e4ytt\u00f6isyys ja miellytt\u00e4v\u00e4, neutraali maku tekev\u00e4t siit\u00e4 ainesosan, joka on helppo sis\u00e4llytt\u00e4\u00e4 p\u00e4ivitt\u00e4iseen ruokavalioon ilman, ett\u00e4 ruokailutottumuksiin tarvitsee tehd\u00e4 suuria muutoksia.<\/p>\n<p>Yhteenvetona voidaan todeta, ett\u00e4 Phaseolus Vulgaris -papuuute on ensiluokkainen tuote, jossa yhdistyv\u00e4t luonnollisten ainesosien tehokkuus ja helppok\u00e4ytt\u00f6isyys. Se on erinomainen vaihtoehto niille, jotka etsiv\u00e4t luonnollista tukea pyrkiess\u00e4\u00e4n parempaan terveyteen ja hyvinvointiin.<\/p>\n","protected":false},"excerpt":{"rendered":"<p>Papuuute, joka tunnetaan my\u00f6s kasvitieteellisell\u00e4 nimell\u00e4 <em>Phaseolus Vulgaris<\/em>, on korkealaatuinen luonnontuote, joka on valmistettu huolellisesti antamaan keholle arvokkaita ravintoaineita.<\/p>\n","protected":false},"featured_media":30528,"template":"","meta":[],"product_brand":[],"product_cat":[528],"product_tag":[],"class_list":{"0":"post-31509","1":"product","2":"type-product","3":"status-publish","4":"has-post-thumbnail","6":"product_cat-kasviuutteet","7":"pa_certyfikaty-halal-fi","8":"pa_certyfikaty-kosher-sertifikaatti","9":"pa_czesc-rosliny-siemenet","11":"first","12":"instock","13":"shipping-taxable","14":"product-type-simple"},"yoast_head":"<!-- This site is optimized with the Yoast SEO plugin v27.4 - https:\/\/yoast.com\/product\/yoast-seo-wordpress\/ -->\n<title>Papuuute - Tukkudistribuutio<\/title>\n<meta name=\"description\" content=\"Phaseolus Vulgaris -papuuute on korkealaatuinen tuote, jossa yhdistyv\u00e4t luonnollisten ainesosien tehokkuus ja helppok\u00e4ytt\u00f6isyys.\" \/>\n<meta name=\"robots\" content=\"index, follow, max-snippet:-1, max-image-preview:large, max-video-preview:-1\" \/>\n<link rel=\"canonical\" href=\"https:\/\/naturalpoland.com\/fi\/tuotteet\/kasviuutteet\/papuuute\/\" \/>\n<meta property=\"og:locale\" content=\"fi_FI\" \/>\n<meta property=\"og:type\" content=\"article\" \/>\n<meta property=\"og:title\" content=\"Papuuute - Tukkudistribuutio\" \/>\n<meta property=\"og:description\" content=\"Phaseolus Vulgaris -papuuute on korkealaatuinen tuote, jossa yhdistyv\u00e4t luonnollisten ainesosien tehokkuus ja helppok\u00e4ytt\u00f6isyys.\" \/>\n<meta property=\"og:url\" content=\"https:\/\/naturalpoland.com\/fi\/tuotteet\/kasviuutteet\/papuuute\/\" \/>\n<meta property=\"og:site_name\" content=\"NATURAL POLAND - RAAKA-AINEIDEN TUKKUJAKELIJA\" \/>\n<meta property=\"article:publisher\" content=\"https:\/\/www.facebook.com\/naturalpoland.b2b\" \/>\n<meta property=\"og:image\" content=\"https:\/\/naturalpoland.com\/wp-content\/uploads\/phaseolus_vulgaris_extract.webp\" \/>\n\t<meta property=\"og:image:width\" content=\"700\" \/>\n\t<meta property=\"og:image:height\" content=\"700\" \/>\n\t<meta property=\"og:image:type\" content=\"image\/webp\" \/>\n<script type=\"application\/ld+json\" class=\"yoast-schema-graph\">{\"@context\":\"https:\\\/\\\/schema.org\",\"@graph\":[{\"@type\":\"WebPage\",\"@id\":\"https:\\\/\\\/naturalpoland.com\\\/fi\\\/tuotteet\\\/kasviuutteet\\\/papuuute\\\/\",\"url\":\"https:\\\/\\\/naturalpoland.com\\\/fi\\\/tuotteet\\\/kasviuutteet\\\/papuuute\\\/\",\"name\":\"Papuuute - Tukkudistribuutio\",\"isPartOf\":{\"@id\":\"https:\\\/\\\/naturalpoland.com\\\/fi\\\/#website\"},\"primaryImageOfPage\":{\"@id\":\"https:\\\/\\\/naturalpoland.com\\\/fi\\\/tuotteet\\\/kasviuutteet\\\/papuuute\\\/#primaryimage\"},\"image\":{\"@id\":\"https:\\\/\\\/naturalpoland.com\\\/fi\\\/tuotteet\\\/kasviuutteet\\\/papuuute\\\/#primaryimage\"},\"thumbnailUrl\":\"https:\\\/\\\/naturalpoland.com\\\/wp-content\\\/uploads\\\/phaseolus_vulgaris_extract.webp\",\"datePublished\":\"2024-04-29T12:13:16+00:00\",\"description\":\"Phaseolus Vulgaris -papuuute on korkealaatuinen tuote, jossa yhdistyv\u00e4t luonnollisten ainesosien tehokkuus ja helppok\u00e4ytt\u00f6isyys.\",\"breadcrumb\":{\"@id\":\"https:\\\/\\\/naturalpoland.com\\\/fi\\\/tuotteet\\\/kasviuutteet\\\/papuuute\\\/#breadcrumb\"},\"inLanguage\":\"fi\",\"potentialAction\":[{\"@type\":\"ReadAction\",\"target\":[\"https:\\\/\\\/naturalpoland.com\\\/fi\\\/tuotteet\\\/kasviuutteet\\\/papuuute\\\/\"]}]},{\"@type\":\"ImageObject\",\"inLanguage\":\"fi\",\"@id\":\"https:\\\/\\\/naturalpoland.com\\\/fi\\\/tuotteet\\\/kasviuutteet\\\/papuuute\\\/#primaryimage\",\"url\":\"https:\\\/\\\/naturalpoland.com\\\/wp-content\\\/uploads\\\/phaseolus_vulgaris_extract.webp\",\"contentUrl\":\"https:\\\/\\\/naturalpoland.com\\\/wp-content\\\/uploads\\\/phaseolus_vulgaris_extract.webp\",\"width\":700,\"height\":700,\"caption\":\"phaseolus vulgaris extract\"},{\"@type\":\"BreadcrumbList\",\"@id\":\"https:\\\/\\\/naturalpoland.com\\\/fi\\\/tuotteet\\\/kasviuutteet\\\/papuuute\\\/#breadcrumb\",\"itemListElement\":[{\"@type\":\"ListItem\",\"position\":1,\"name\":\"Etusivu\",\"item\":\"https:\\\/\\\/naturalpoland.com\\\/fi\\\/\"},{\"@type\":\"ListItem\",\"position\":2,\"name\":\"Tuotteet\",\"item\":\"https:\\\/\\\/naturalpoland.com\\\/fi\\\/tuotteet\\\/\"},{\"@type\":\"ListItem\",\"position\":3,\"name\":\"Papuuute\"}]},{\"@type\":\"WebSite\",\"@id\":\"https:\\\/\\\/naturalpoland.com\\\/fi\\\/#website\",\"url\":\"https:\\\/\\\/naturalpoland.com\\\/fi\\\/\",\"name\":\"NATURAL POLAND - RAAKA-AINEIDEN TUKKUJAKELIJA\",\"description\":\"Surowce dla przemys\u0142u spo\u017cywczego, kosmetycznego i farmaceutycznego\",\"publisher\":{\"@id\":\"https:\\\/\\\/naturalpoland.com\\\/fi\\\/#organization\"},\"potentialAction\":[{\"@type\":\"SearchAction\",\"target\":{\"@type\":\"EntryPoint\",\"urlTemplate\":\"https:\\\/\\\/naturalpoland.com\\\/fi\\\/?s={search_term_string}\"},\"query-input\":{\"@type\":\"PropertyValueSpecification\",\"valueRequired\":true,\"valueName\":\"search_term_string\"}}],\"inLanguage\":\"fi\"},{\"@type\":\"Organization\",\"@id\":\"https:\\\/\\\/naturalpoland.com\\\/fi\\\/#organization\",\"name\":\"Natural Poland\",\"url\":\"https:\\\/\\\/naturalpoland.com\\\/fi\\\/\",\"logo\":{\"@type\":\"ImageObject\",\"inLanguage\":\"fi\",\"@id\":\"https:\\\/\\\/naturalpoland.com\\\/fi\\\/#\\\/schema\\\/logo\\\/image\\\/\",\"url\":\"https:\\\/\\\/naturalpoland.com\\\/wp-content\\\/uploads\\\/2021\\\/05\\\/natural-poland-icon.png\",\"contentUrl\":\"https:\\\/\\\/naturalpoland.com\\\/wp-content\\\/uploads\\\/2021\\\/05\\\/natural-poland-icon.png\",\"width\":512,\"height\":512,\"caption\":\"Natural Poland\"},\"image\":{\"@id\":\"https:\\\/\\\/naturalpoland.com\\\/fi\\\/#\\\/schema\\\/logo\\\/image\\\/\"},\"sameAs\":[\"https:\\\/\\\/www.facebook.com\\\/naturalpoland.b2b\",\"https:\\\/\\\/pl.linkedin.com\\\/company\\\/natural-poland\",\"https:\\\/\\\/www.youtube.com\\\/channel\\\/UCgeGGkvOMahZo-xu_MSEWxg\"]}]}<\/script>\n<!-- \/ Yoast SEO plugin. -->","yoast_head_json":{"title":"Papuuute - Tukkudistribuutio","description":"Phaseolus Vulgaris -papuuute on korkealaatuinen tuote, jossa yhdistyv\u00e4t luonnollisten ainesosien tehokkuus ja helppok\u00e4ytt\u00f6isyys.","robots":{"index":"index","follow":"follow","max-snippet":"max-snippet:-1","max-image-preview":"max-image-preview:large","max-video-preview":"max-video-preview:-1"},"canonical":"https:\/\/naturalpoland.com\/fi\/tuotteet\/kasviuutteet\/papuuute\/","og_locale":"fi_FI","og_type":"article","og_title":"Papuuute - Tukkudistribuutio","og_description":"Phaseolus Vulgaris -papuuute on korkealaatuinen tuote, jossa yhdistyv\u00e4t luonnollisten ainesosien tehokkuus ja helppok\u00e4ytt\u00f6isyys.","og_url":"https:\/\/naturalpoland.com\/fi\/tuotteet\/kasviuutteet\/papuuute\/","og_site_name":"NATURAL POLAND - RAAKA-AINEIDEN TUKKUJAKELIJA","article_publisher":"https:\/\/www.facebook.com\/naturalpoland.b2b","og_image":[{"width":700,"height":700,"url":"https:\/\/naturalpoland.com\/wp-content\/uploads\/phaseolus_vulgaris_extract.webp","type":"image\/webp"}],"schema":{"@context":"https:\/\/schema.org","@graph":[{"@type":"WebPage","@id":"https:\/\/naturalpoland.com\/fi\/tuotteet\/kasviuutteet\/papuuute\/","url":"https:\/\/naturalpoland.com\/fi\/tuotteet\/kasviuutteet\/papuuute\/","name":"Papuuute - Tukkudistribuutio","isPartOf":{"@id":"https:\/\/naturalpoland.com\/fi\/#website"},"primaryImageOfPage":{"@id":"https:\/\/naturalpoland.com\/fi\/tuotteet\/kasviuutteet\/papuuute\/#primaryimage"},"image":{"@id":"https:\/\/naturalpoland.com\/fi\/tuotteet\/kasviuutteet\/papuuute\/#primaryimage"},"thumbnailUrl":"https:\/\/naturalpoland.com\/wp-content\/uploads\/phaseolus_vulgaris_extract.webp","datePublished":"2024-04-29T12:13:16+00:00","description":"Phaseolus Vulgaris -papuuute on korkealaatuinen tuote, jossa yhdistyv\u00e4t luonnollisten ainesosien tehokkuus ja helppok\u00e4ytt\u00f6isyys.","breadcrumb":{"@id":"https:\/\/naturalpoland.com\/fi\/tuotteet\/kasviuutteet\/papuuute\/#breadcrumb"},"inLanguage":"fi","potentialAction":[{"@type":"ReadAction","target":["https:\/\/naturalpoland.com\/fi\/tuotteet\/kasviuutteet\/papuuute\/"]}]},{"@type":"ImageObject","inLanguage":"fi","@id":"https:\/\/naturalpoland.com\/fi\/tuotteet\/kasviuutteet\/papuuute\/#primaryimage","url":"https:\/\/naturalpoland.com\/wp-content\/uploads\/phaseolus_vulgaris_extract.webp","contentUrl":"https:\/\/naturalpoland.com\/wp-content\/uploads\/phaseolus_vulgaris_extract.webp","width":700,"height":700,"caption":"phaseolus vulgaris extract"},{"@type":"BreadcrumbList","@id":"https:\/\/naturalpoland.com\/fi\/tuotteet\/kasviuutteet\/papuuute\/#breadcrumb","itemListElement":[{"@type":"ListItem","position":1,"name":"Etusivu","item":"https:\/\/naturalpoland.com\/fi\/"},{"@type":"ListItem","position":2,"name":"Tuotteet","item":"https:\/\/naturalpoland.com\/fi\/tuotteet\/"},{"@type":"ListItem","position":3,"name":"Papuuute"}]},{"@type":"WebSite","@id":"https:\/\/naturalpoland.com\/fi\/#website","url":"https:\/\/naturalpoland.com\/fi\/","name":"NATURAL POLAND - RAAKA-AINEIDEN TUKKUJAKELIJA","description":"Surowce dla przemys\u0142u spo\u017cywczego, kosmetycznego i farmaceutycznego","publisher":{"@id":"https:\/\/naturalpoland.com\/fi\/#organization"},"potentialAction":[{"@type":"SearchAction","target":{"@type":"EntryPoint","urlTemplate":"https:\/\/naturalpoland.com\/fi\/?s={search_term_string}"},"query-input":{"@type":"PropertyValueSpecification","valueRequired":true,"valueName":"search_term_string"}}],"inLanguage":"fi"},{"@type":"Organization","@id":"https:\/\/naturalpoland.com\/fi\/#organization","name":"Natural Poland","url":"https:\/\/naturalpoland.com\/fi\/","logo":{"@type":"ImageObject","inLanguage":"fi","@id":"https:\/\/naturalpoland.com\/fi\/#\/schema\/logo\/image\/","url":"https:\/\/naturalpoland.com\/wp-content\/uploads\/2021\/05\/natural-poland-icon.png","contentUrl":"https:\/\/naturalpoland.com\/wp-content\/uploads\/2021\/05\/natural-poland-icon.png","width":512,"height":512,"caption":"Natural Poland"},"image":{"@id":"https:\/\/naturalpoland.com\/fi\/#\/schema\/logo\/image\/"},"sameAs":["https:\/\/www.facebook.com\/naturalpoland.b2b","https:\/\/pl.linkedin.com\/company\/natural-poland","https:\/\/www.youtube.com\/channel\/UCgeGGkvOMahZo-xu_MSEWxg"]}]}},"_links":{"self":[{"href":"https:\/\/naturalpoland.com\/fi\/wp-json\/wp\/v2\/product\/31509","targetHints":{"allow":["GET"]}}],"collection":[{"href":"https:\/\/naturalpoland.com\/fi\/wp-json\/wp\/v2\/product"}],"about":[{"href":"https:\/\/naturalpoland.com\/fi\/wp-json\/wp\/v2\/types\/product"}],"wp:featuredmedia":[{"embeddable":true,"href":"https:\/\/naturalpoland.com\/fi\/wp-json\/wp\/v2\/media\/30528"}],"wp:attachment":[{"href":"https:\/\/naturalpoland.com\/fi\/wp-json\/wp\/v2\/media?parent=31509"}],"wp:term":[{"taxonomy":"product_brand","embeddable":true,"href":"https:\/\/naturalpoland.com\/fi\/wp-json\/wp\/v2\/product_brand?post=31509"},{"taxonomy":"product_cat","embeddable":true,"href":"https:\/\/naturalpoland.com\/fi\/wp-json\/wp\/v2\/product_cat?post=31509"},{"taxonomy":"product_tag","embeddable":true,"href":"https:\/\/naturalpoland.com\/fi\/wp-json\/wp\/v2\/product_tag?post=31509"}],"curies":[{"name":"wp","href":"https:\/\/api.w.org\/{rel}","templated":true}]}}