{"id":31529,"date":"2024-02-22T16:32:29","date_gmt":"2024-04-29T12:45:48","guid":{"rendered":"https:\/\/naturalpoland.com\/produkty\/Ei-luokiteltu\/schisandra-hedelmauute\/"},"modified":"2024-04-29T14:45:48","modified_gmt":"2024-04-29T12:45:48","slug":"schisandra-hedelmauute","status":"publish","type":"product","link":"https:\/\/naturalpoland.com\/fi\/tuotteet\/kasviuutteet\/schisandra-hedelmauute\/","title":{"rendered":"Schisandra hedelm\u00e4uute"},"content":{"rendered":"<p>Schisandra-hedelm\u00e4uute on t\u00e4ysin luonnollinen, hienoksi jauhettu jauhe, jonka v\u00e4ri on ruskeankeltainen ja jolla on ominainen haju ja maku. Se on valmistettu kuivatuista Schisandra-hedelmist\u00e4. Sen erinomainen vesiliukoisuus helpottaa sen k\u00e4ytt\u00f6\u00e4 monissa eri muodoissa, mik\u00e4 tekee siit\u00e4 k\u00e4tev\u00e4n ja helpon k\u00e4ytt\u00e4\u00e4.<\/p>\n<p>Uute uutetaan k\u00e4ytt\u00e4m\u00e4ll\u00e4 uuttoliuottimena vett\u00e4, mik\u00e4 takaa raaka-aineen luonnollisten ominaisuuksien turvallisuuden ja s\u00e4ilymisen. Lis\u00e4\u00e4m\u00e4ll\u00e4 %-10% maltodekstriini\u00e4 varmistetaan tuotteen vakaus ja sopiva rakenne ja korostetaan samalla sen korkeaa laatua. Tyypillisesti 95 % uutteesta l\u00e4p\u00e4isee 80-silm\u00e4isen seulan, mik\u00e4 osoittaa sen erinomaista koostumusta ja homogeenisuutta.<\/p>\n<p>Tuotteen vesipitoisuus on alhainen, kuten 3,68 prosentin kuivaush\u00e4vi\u00f6 osoittaa, ja tuhkapitoisuus on 3,74 prosenttia, mik\u00e4 vahvistaa entisest\u00e4\u00e4n uutteen puhtautta ja korkeaa laatua. 100-prosenttisesti luonnollisten, kuivattujen Schisandra-hedelmien k\u00e4ytt\u00f6 ilman lis\u00e4aineita tai t\u00e4yteaineita korostaa sen luonnollisuutta ja keskittymist\u00e4 ravintoarvoon.<\/p>\n<h2>Schisandra hedelm\u00e4uutteen ominaisuudet<\/h2>\n<p>Schisandra-hedelm\u00e4uutetta arvostetaan sen <strong>adaptogeenisten ominaisuuksien<\/strong> vuoksi, jotka auttavat kehoa selviytym\u00e4\u00e4n stressist\u00e4 ja parantavat keskittymist\u00e4 ja fyysist\u00e4 kest\u00e4vyytt\u00e4. Se on ihanteellinen niille, jotka etsiv\u00e4t luonnollisia menetelmi\u00e4 yleisen hyvinvointinsa parantamiseksi ja elinvoimansa lis\u00e4\u00e4miseksi.<\/p>\n<p>Valitsemalla Schisandra-hedelm\u00e4uutteen valitset luonnollisen tuen kehollesi ja nautit samalla tuotteen helppok\u00e4ytt\u00f6isyydest\u00e4 ja miellytt\u00e4v\u00e4st\u00e4 mausta. Se on erinomainen valinta kaikille, jotka haluavat rikastuttaa ruokavaliotaan laadukkaalla, luonnollisella ainesosalla terveyden ja hyvinvoinnin tukemiseksi.<\/p>\n","protected":false},"excerpt":{"rendered":"<p>Suoraan Kiinasta per\u00e4isin oleva Schisandra-hedelm\u00e4uute on ainutlaatuinen luonnontuote, joka on saanut maailmanlaajuista tunnustusta ainutlaatuisten ominaisuuksiensa ansiosta.<\/p>\n","protected":false},"featured_media":30501,"template":"","meta":[],"product_brand":[],"product_cat":[528],"product_tag":[],"class_list":{"0":"post-31529","1":"product","2":"type-product","3":"status-publish","4":"has-post-thumbnail","6":"product_cat-kasviuutteet","7":"pa_czesc-rosliny-hedelmat","9":"first","10":"instock","11":"shipping-taxable","12":"product-type-simple"},"yoast_head":"<!-- This site is optimized with the Yoast SEO plugin v27.4 - https:\/\/yoast.com\/product\/yoast-seo-wordpress\/ -->\n<title>Schisandra hedelm\u00e4uute - Tukkudistribuutio<\/title>\n<meta name=\"description\" content=\"Schisandra-hedelm\u00e4uutetta arvostetaan sen adaptogeenisten ominaisuuksien vuoksi, jotka auttavat kehoa selviytym\u00e4\u00e4n stressist\u00e4.\" \/>\n<meta name=\"robots\" content=\"index, follow, max-snippet:-1, max-image-preview:large, max-video-preview:-1\" \/>\n<link rel=\"canonical\" href=\"https:\/\/naturalpoland.com\/fi\/tuotteet\/kasviuutteet\/schisandra-hedelmauute\/\" \/>\n<meta property=\"og:locale\" content=\"fi_FI\" \/>\n<meta property=\"og:type\" content=\"article\" \/>\n<meta property=\"og:title\" content=\"Schisandra hedelm\u00e4uute - Tukkudistribuutio\" \/>\n<meta property=\"og:description\" content=\"Schisandra-hedelm\u00e4uutetta arvostetaan sen adaptogeenisten ominaisuuksien vuoksi, jotka auttavat kehoa selviytym\u00e4\u00e4n stressist\u00e4.\" \/>\n<meta property=\"og:url\" content=\"https:\/\/naturalpoland.com\/fi\/tuotteet\/kasviuutteet\/schisandra-hedelmauute\/\" \/>\n<meta property=\"og:site_name\" content=\"NATURAL POLAND - RAAKA-AINEIDEN TUKKUJAKELIJA\" \/>\n<meta property=\"article:publisher\" content=\"https:\/\/www.facebook.com\/naturalpoland.b2b\" \/>\n<meta property=\"og:image\" content=\"https:\/\/naturalpoland.com\/wp-content\/uploads\/schisandra_berry_extract.webp\" \/>\n\t<meta property=\"og:image:width\" content=\"350\" \/>\n\t<meta property=\"og:image:height\" content=\"350\" \/>\n\t<meta property=\"og:image:type\" content=\"image\/webp\" \/>\n<script type=\"application\/ld+json\" class=\"yoast-schema-graph\">{\"@context\":\"https:\\\/\\\/schema.org\",\"@graph\":[{\"@type\":\"WebPage\",\"@id\":\"https:\\\/\\\/naturalpoland.com\\\/fi\\\/tuotteet\\\/kasviuutteet\\\/schisandra-hedelmauute\\\/\",\"url\":\"https:\\\/\\\/naturalpoland.com\\\/fi\\\/tuotteet\\\/kasviuutteet\\\/schisandra-hedelmauute\\\/\",\"name\":\"Schisandra hedelm\u00e4uute - Tukkudistribuutio\",\"isPartOf\":{\"@id\":\"https:\\\/\\\/naturalpoland.com\\\/fi\\\/#website\"},\"primaryImageOfPage\":{\"@id\":\"https:\\\/\\\/naturalpoland.com\\\/fi\\\/tuotteet\\\/kasviuutteet\\\/schisandra-hedelmauute\\\/#primaryimage\"},\"image\":{\"@id\":\"https:\\\/\\\/naturalpoland.com\\\/fi\\\/tuotteet\\\/kasviuutteet\\\/schisandra-hedelmauute\\\/#primaryimage\"},\"thumbnailUrl\":\"https:\\\/\\\/naturalpoland.com\\\/wp-content\\\/uploads\\\/schisandra_berry_extract.webp\",\"datePublished\":\"2024-04-29T12:45:48+00:00\",\"description\":\"Schisandra-hedelm\u00e4uutetta arvostetaan sen adaptogeenisten ominaisuuksien vuoksi, jotka auttavat kehoa selviytym\u00e4\u00e4n stressist\u00e4.\",\"breadcrumb\":{\"@id\":\"https:\\\/\\\/naturalpoland.com\\\/fi\\\/tuotteet\\\/kasviuutteet\\\/schisandra-hedelmauute\\\/#breadcrumb\"},\"inLanguage\":\"fi\",\"potentialAction\":[{\"@type\":\"ReadAction\",\"target\":[\"https:\\\/\\\/naturalpoland.com\\\/fi\\\/tuotteet\\\/kasviuutteet\\\/schisandra-hedelmauute\\\/\"]}]},{\"@type\":\"ImageObject\",\"inLanguage\":\"fi\",\"@id\":\"https:\\\/\\\/naturalpoland.com\\\/fi\\\/tuotteet\\\/kasviuutteet\\\/schisandra-hedelmauute\\\/#primaryimage\",\"url\":\"https:\\\/\\\/naturalpoland.com\\\/wp-content\\\/uploads\\\/schisandra_berry_extract.webp\",\"contentUrl\":\"https:\\\/\\\/naturalpoland.com\\\/wp-content\\\/uploads\\\/schisandra_berry_extract.webp\",\"width\":350,\"height\":350,\"caption\":\"ekstrakt z owoc\u00f3w Schisandra\"},{\"@type\":\"BreadcrumbList\",\"@id\":\"https:\\\/\\\/naturalpoland.com\\\/fi\\\/tuotteet\\\/kasviuutteet\\\/schisandra-hedelmauute\\\/#breadcrumb\",\"itemListElement\":[{\"@type\":\"ListItem\",\"position\":1,\"name\":\"Etusivu\",\"item\":\"https:\\\/\\\/naturalpoland.com\\\/fi\\\/\"},{\"@type\":\"ListItem\",\"position\":2,\"name\":\"Tuotteet\",\"item\":\"https:\\\/\\\/naturalpoland.com\\\/fi\\\/tuotteet\\\/\"},{\"@type\":\"ListItem\",\"position\":3,\"name\":\"Schisandra hedelm\u00e4uute\"}]},{\"@type\":\"WebSite\",\"@id\":\"https:\\\/\\\/naturalpoland.com\\\/fi\\\/#website\",\"url\":\"https:\\\/\\\/naturalpoland.com\\\/fi\\\/\",\"name\":\"NATURAL POLAND - RAAKA-AINEIDEN TUKKUJAKELIJA\",\"description\":\"Surowce dla przemys\u0142u spo\u017cywczego, kosmetycznego i farmaceutycznego\",\"publisher\":{\"@id\":\"https:\\\/\\\/naturalpoland.com\\\/fi\\\/#organization\"},\"potentialAction\":[{\"@type\":\"SearchAction\",\"target\":{\"@type\":\"EntryPoint\",\"urlTemplate\":\"https:\\\/\\\/naturalpoland.com\\\/fi\\\/?s={search_term_string}\"},\"query-input\":{\"@type\":\"PropertyValueSpecification\",\"valueRequired\":true,\"valueName\":\"search_term_string\"}}],\"inLanguage\":\"fi\"},{\"@type\":\"Organization\",\"@id\":\"https:\\\/\\\/naturalpoland.com\\\/fi\\\/#organization\",\"name\":\"Natural Poland\",\"url\":\"https:\\\/\\\/naturalpoland.com\\\/fi\\\/\",\"logo\":{\"@type\":\"ImageObject\",\"inLanguage\":\"fi\",\"@id\":\"https:\\\/\\\/naturalpoland.com\\\/fi\\\/#\\\/schema\\\/logo\\\/image\\\/\",\"url\":\"https:\\\/\\\/naturalpoland.com\\\/wp-content\\\/uploads\\\/2021\\\/05\\\/natural-poland-icon.png\",\"contentUrl\":\"https:\\\/\\\/naturalpoland.com\\\/wp-content\\\/uploads\\\/2021\\\/05\\\/natural-poland-icon.png\",\"width\":512,\"height\":512,\"caption\":\"Natural Poland\"},\"image\":{\"@id\":\"https:\\\/\\\/naturalpoland.com\\\/fi\\\/#\\\/schema\\\/logo\\\/image\\\/\"},\"sameAs\":[\"https:\\\/\\\/www.facebook.com\\\/naturalpoland.b2b\",\"https:\\\/\\\/pl.linkedin.com\\\/company\\\/natural-poland\",\"https:\\\/\\\/www.youtube.com\\\/channel\\\/UCgeGGkvOMahZo-xu_MSEWxg\"]}]}<\/script>\n<!-- \/ Yoast SEO plugin. -->","yoast_head_json":{"title":"Schisandra hedelm\u00e4uute - Tukkudistribuutio","description":"Schisandra-hedelm\u00e4uutetta arvostetaan sen adaptogeenisten ominaisuuksien vuoksi, jotka auttavat kehoa selviytym\u00e4\u00e4n stressist\u00e4.","robots":{"index":"index","follow":"follow","max-snippet":"max-snippet:-1","max-image-preview":"max-image-preview:large","max-video-preview":"max-video-preview:-1"},"canonical":"https:\/\/naturalpoland.com\/fi\/tuotteet\/kasviuutteet\/schisandra-hedelmauute\/","og_locale":"fi_FI","og_type":"article","og_title":"Schisandra hedelm\u00e4uute - Tukkudistribuutio","og_description":"Schisandra-hedelm\u00e4uutetta arvostetaan sen adaptogeenisten ominaisuuksien vuoksi, jotka auttavat kehoa selviytym\u00e4\u00e4n stressist\u00e4.","og_url":"https:\/\/naturalpoland.com\/fi\/tuotteet\/kasviuutteet\/schisandra-hedelmauute\/","og_site_name":"NATURAL POLAND - RAAKA-AINEIDEN TUKKUJAKELIJA","article_publisher":"https:\/\/www.facebook.com\/naturalpoland.b2b","og_image":[{"width":350,"height":350,"url":"https:\/\/naturalpoland.com\/wp-content\/uploads\/schisandra_berry_extract.webp","type":"image\/webp"}],"schema":{"@context":"https:\/\/schema.org","@graph":[{"@type":"WebPage","@id":"https:\/\/naturalpoland.com\/fi\/tuotteet\/kasviuutteet\/schisandra-hedelmauute\/","url":"https:\/\/naturalpoland.com\/fi\/tuotteet\/kasviuutteet\/schisandra-hedelmauute\/","name":"Schisandra hedelm\u00e4uute - Tukkudistribuutio","isPartOf":{"@id":"https:\/\/naturalpoland.com\/fi\/#website"},"primaryImageOfPage":{"@id":"https:\/\/naturalpoland.com\/fi\/tuotteet\/kasviuutteet\/schisandra-hedelmauute\/#primaryimage"},"image":{"@id":"https:\/\/naturalpoland.com\/fi\/tuotteet\/kasviuutteet\/schisandra-hedelmauute\/#primaryimage"},"thumbnailUrl":"https:\/\/naturalpoland.com\/wp-content\/uploads\/schisandra_berry_extract.webp","datePublished":"2024-04-29T12:45:48+00:00","description":"Schisandra-hedelm\u00e4uutetta arvostetaan sen adaptogeenisten ominaisuuksien vuoksi, jotka auttavat kehoa selviytym\u00e4\u00e4n stressist\u00e4.","breadcrumb":{"@id":"https:\/\/naturalpoland.com\/fi\/tuotteet\/kasviuutteet\/schisandra-hedelmauute\/#breadcrumb"},"inLanguage":"fi","potentialAction":[{"@type":"ReadAction","target":["https:\/\/naturalpoland.com\/fi\/tuotteet\/kasviuutteet\/schisandra-hedelmauute\/"]}]},{"@type":"ImageObject","inLanguage":"fi","@id":"https:\/\/naturalpoland.com\/fi\/tuotteet\/kasviuutteet\/schisandra-hedelmauute\/#primaryimage","url":"https:\/\/naturalpoland.com\/wp-content\/uploads\/schisandra_berry_extract.webp","contentUrl":"https:\/\/naturalpoland.com\/wp-content\/uploads\/schisandra_berry_extract.webp","width":350,"height":350,"caption":"ekstrakt z owoc\u00f3w Schisandra"},{"@type":"BreadcrumbList","@id":"https:\/\/naturalpoland.com\/fi\/tuotteet\/kasviuutteet\/schisandra-hedelmauute\/#breadcrumb","itemListElement":[{"@type":"ListItem","position":1,"name":"Etusivu","item":"https:\/\/naturalpoland.com\/fi\/"},{"@type":"ListItem","position":2,"name":"Tuotteet","item":"https:\/\/naturalpoland.com\/fi\/tuotteet\/"},{"@type":"ListItem","position":3,"name":"Schisandra hedelm\u00e4uute"}]},{"@type":"WebSite","@id":"https:\/\/naturalpoland.com\/fi\/#website","url":"https:\/\/naturalpoland.com\/fi\/","name":"NATURAL POLAND - RAAKA-AINEIDEN TUKKUJAKELIJA","description":"Surowce dla przemys\u0142u spo\u017cywczego, kosmetycznego i farmaceutycznego","publisher":{"@id":"https:\/\/naturalpoland.com\/fi\/#organization"},"potentialAction":[{"@type":"SearchAction","target":{"@type":"EntryPoint","urlTemplate":"https:\/\/naturalpoland.com\/fi\/?s={search_term_string}"},"query-input":{"@type":"PropertyValueSpecification","valueRequired":true,"valueName":"search_term_string"}}],"inLanguage":"fi"},{"@type":"Organization","@id":"https:\/\/naturalpoland.com\/fi\/#organization","name":"Natural Poland","url":"https:\/\/naturalpoland.com\/fi\/","logo":{"@type":"ImageObject","inLanguage":"fi","@id":"https:\/\/naturalpoland.com\/fi\/#\/schema\/logo\/image\/","url":"https:\/\/naturalpoland.com\/wp-content\/uploads\/2021\/05\/natural-poland-icon.png","contentUrl":"https:\/\/naturalpoland.com\/wp-content\/uploads\/2021\/05\/natural-poland-icon.png","width":512,"height":512,"caption":"Natural Poland"},"image":{"@id":"https:\/\/naturalpoland.com\/fi\/#\/schema\/logo\/image\/"},"sameAs":["https:\/\/www.facebook.com\/naturalpoland.b2b","https:\/\/pl.linkedin.com\/company\/natural-poland","https:\/\/www.youtube.com\/channel\/UCgeGGkvOMahZo-xu_MSEWxg"]}]}},"_links":{"self":[{"href":"https:\/\/naturalpoland.com\/fi\/wp-json\/wp\/v2\/product\/31529","targetHints":{"allow":["GET"]}}],"collection":[{"href":"https:\/\/naturalpoland.com\/fi\/wp-json\/wp\/v2\/product"}],"about":[{"href":"https:\/\/naturalpoland.com\/fi\/wp-json\/wp\/v2\/types\/product"}],"wp:featuredmedia":[{"embeddable":true,"href":"https:\/\/naturalpoland.com\/fi\/wp-json\/wp\/v2\/media\/30501"}],"wp:attachment":[{"href":"https:\/\/naturalpoland.com\/fi\/wp-json\/wp\/v2\/media?parent=31529"}],"wp:term":[{"taxonomy":"product_brand","embeddable":true,"href":"https:\/\/naturalpoland.com\/fi\/wp-json\/wp\/v2\/product_brand?post=31529"},{"taxonomy":"product_cat","embeddable":true,"href":"https:\/\/naturalpoland.com\/fi\/wp-json\/wp\/v2\/product_cat?post=31529"},{"taxonomy":"product_tag","embeddable":true,"href":"https:\/\/naturalpoland.com\/fi\/wp-json\/wp\/v2\/product_tag?post=31529"}],"curies":[{"name":"wp","href":"https:\/\/api.w.org\/{rel}","templated":true}]}}