{"id":31539,"date":"2023-10-11T10:25:55","date_gmt":"2024-04-29T12:58:38","guid":{"rendered":"https:\/\/naturalpoland.com\/produkty\/Ei-luokiteltu\/tauroursodeoksikolihappo-tudca\/"},"modified":"2024-04-29T14:58:38","modified_gmt":"2024-04-29T12:58:38","slug":"tauroursodeoksikolihappo-tudca","status":"publish","type":"product","link":"https:\/\/naturalpoland.com\/fi\/tuotteet\/laaketeollisuuden-tuotteet\/ravintolisien-ainesosat\/tauroursodeoksikolihappo-tudca\/","title":{"rendered":"Tauroursodeoksikolihappo (TUDCA)"},"content":{"rendered":"<p>Tauroursodeoksikolihappo (TUDCA) on ursodeoksikolihapon (UDCA) konjugoitu muoto, joka on per\u00e4isin sappihapoista, jotka ovat maksan tuottaman sapen luonnollinen komponentti. T\u00e4t\u00e4 tuotetta k\u00e4ytet\u00e4\u00e4n laajalti ravintolis\u00e4n\u00e4, erityisesti urheilijoiden ja aktiivisten el\u00e4m\u00e4ntapojen omaavien ihmisten keskuudessa.<\/p>\n<h3><strong>TUDCA:n ominaisuudet ja k\u00e4ytt\u00f6tarkoitukset:<\/strong><\/h3>\n<ul>\n<li><strong>Maksan tukeminen: <\/strong>TUDCA on keskeinen ainesosa, joka tukee maksan vieroitusta ja suojaa sit\u00e4, varmistaa sen normaalin toiminnan ja ehk\u00e4isee vaurioita. Se on suosittu tuote urheilijoiden keskuudessa, erityisesti niiden, jotka k\u00e4ytt\u00e4v\u00e4t ravintolisi\u00e4 tai l\u00e4\u00e4kkeit\u00e4, jotka voivat rasittaa maksaa, kuten anabolisia steroideja.<\/li>\n<li><strong>Hermosolujen suojaaminen: <\/strong>osoittaa kyky\u00e4 suojata hermosoluja hapettumisstressilt\u00e4 ja myrkyllisyydelt\u00e4 (esim. fyysisen aktiivisuuden aikana), mik\u00e4 voi olla hy\u00f6dyllist\u00e4 erilaisten neurologisten sairauksien yhteydess\u00e4.<\/li>\n<li><strong>Silmien terveys: <\/strong>TUDCA tukee verkkokalvon terveytt\u00e4, ja parhaillaan tutkitaan sen kyky\u00e4 minimoida erilaisten silm\u00e4sairauksien, kuten retinopatian ja makuladegeneraation, riski.<\/li>\n<li><strong>Anti-inflammatoriset vaikutukset: <\/strong>S\u00e4\u00e4nn\u00f6llinen liikunta voi aiheuttaa kehossa tulehdusta. TUDCA:lla on anti-inflammatorinen vaikutus, mik\u00e4 on hy\u00f6dyllist\u00e4 urheilijoille, jotka pyrkiv\u00e4t nopeaan palautumiseen ja kroonisten tulehdusten ehk\u00e4isyyn.<\/li>\n<\/ul>\n<h3><strong>TUDCA:n k\u00e4ytt\u00f6 lis\u00e4ravinteena:<\/strong><\/h3>\n<ul>\n<li>TUDCAa k\u00e4ytet\u00e4\u00e4n laajalti ravintolisiss\u00e4, jotka on suunniteltu tukemaan maksan toimintaa, erityisesti detoksifikaatiohoitojen ja maksan tukemisen yhteydess\u00e4, kun k\u00e4ytet\u00e4\u00e4n erilaisia lis\u00e4ravinteita ja l\u00e4\u00e4kkeit\u00e4, jotka rasittavat t\u00e4t\u00e4 elint\u00e4.<\/li>\n<li>Ainutlaatuisten ominaisuuksiensa vuoksi TUDCA:ta tutkitaan my\u00f6s k\u00e4ytett\u00e4v\u00e4ksi apuhoidoissa neurodegeneratiivisten sairauksien yhteydess\u00e4 ja silmien suojaamiseksi.<\/li>\n<\/ul>\n","protected":false},"excerpt":{"rendered":"<p>Tauroursodeoksikolihappo (TUDCA) on yksi arvostetuimmista ja tehokkaimmista ainesosista terveen maksan toiminnan ja kehon yleisen homeostaasin tukemisessa.<\/p>\n","protected":false},"featured_media":31305,"template":"","meta":{"_acf_changed":false},"product_brand":[],"product_cat":[535],"product_tag":[],"class_list":{"0":"post-31539","1":"product","2":"type-product","3":"status-publish","4":"has-post-thumbnail","6":"product_cat-ravintolisien-ainesosat","8":"first","9":"instock","10":"shipping-taxable","11":"product-type-simple"},"acf":[],"yoast_head":"<!-- This site is optimized with the Yoast SEO plugin v27.4 - https:\/\/yoast.com\/product\/yoast-seo-wordpress\/ -->\n<title>Tauroursodeoksikolihappo (TUDCA) - Tukkudistribuutio<\/title>\n<meta name=\"description\" content=\"TUDCA on arvokas v\u00e4line maksan terveyden, uudistumisen ja kehon yleisen homeostaasin tukemiseen intensiivisen liikunnan aikana.\" \/>\n<meta name=\"robots\" content=\"index, follow, max-snippet:-1, max-image-preview:large, max-video-preview:-1\" \/>\n<link rel=\"canonical\" href=\"https:\/\/naturalpoland.com\/fi\/tuotteet\/laaketeollisuuden-tuotteet\/ravintolisien-ainesosat\/tauroursodeoksikolihappo-tudca\/\" \/>\n<meta property=\"og:locale\" content=\"fi_FI\" \/>\n<meta property=\"og:type\" content=\"article\" \/>\n<meta property=\"og:title\" content=\"Tauroursodeoksikolihappo (TUDCA) - Tukkudistribuutio\" \/>\n<meta property=\"og:description\" content=\"TUDCA on arvokas v\u00e4line maksan terveyden, uudistumisen ja kehon yleisen homeostaasin tukemiseen intensiivisen liikunnan aikana.\" \/>\n<meta property=\"og:url\" content=\"https:\/\/naturalpoland.com\/fi\/tuotteet\/laaketeollisuuden-tuotteet\/ravintolisien-ainesosat\/tauroursodeoksikolihappo-tudca\/\" \/>\n<meta property=\"og:site_name\" content=\"NATURAL POLAND - RAAKA-AINEIDEN TUKKUJAKELIJA\" \/>\n<meta property=\"article:publisher\" content=\"https:\/\/www.facebook.com\/naturalpoland.b2b\" \/>\n<meta property=\"og:image\" content=\"https:\/\/naturalpoland.com\/wp-content\/uploads\/tauroursodeoxycholic-acid.jpg\" \/>\n\t<meta property=\"og:image:width\" content=\"500\" \/>\n\t<meta property=\"og:image:height\" content=\"500\" \/>\n\t<meta property=\"og:image:type\" content=\"image\/jpeg\" \/>\n<script type=\"application\/ld+json\" class=\"yoast-schema-graph\">{\"@context\":\"https:\\\/\\\/schema.org\",\"@graph\":[{\"@type\":\"WebPage\",\"@id\":\"https:\\\/\\\/naturalpoland.com\\\/fi\\\/tuotteet\\\/laaketeollisuuden-tuotteet\\\/ravintolisien-ainesosat\\\/tauroursodeoksikolihappo-tudca\\\/\",\"url\":\"https:\\\/\\\/naturalpoland.com\\\/fi\\\/tuotteet\\\/laaketeollisuuden-tuotteet\\\/ravintolisien-ainesosat\\\/tauroursodeoksikolihappo-tudca\\\/\",\"name\":\"Tauroursodeoksikolihappo (TUDCA) - Tukkudistribuutio\",\"isPartOf\":{\"@id\":\"https:\\\/\\\/naturalpoland.com\\\/fi\\\/#website\"},\"primaryImageOfPage\":{\"@id\":\"https:\\\/\\\/naturalpoland.com\\\/fi\\\/tuotteet\\\/laaketeollisuuden-tuotteet\\\/ravintolisien-ainesosat\\\/tauroursodeoksikolihappo-tudca\\\/#primaryimage\"},\"image\":{\"@id\":\"https:\\\/\\\/naturalpoland.com\\\/fi\\\/tuotteet\\\/laaketeollisuuden-tuotteet\\\/ravintolisien-ainesosat\\\/tauroursodeoksikolihappo-tudca\\\/#primaryimage\"},\"thumbnailUrl\":\"https:\\\/\\\/naturalpoland.com\\\/wp-content\\\/uploads\\\/tauroursodeoxycholic-acid.jpg\",\"datePublished\":\"2024-04-29T12:58:38+00:00\",\"description\":\"TUDCA on arvokas v\u00e4line maksan terveyden, uudistumisen ja kehon yleisen homeostaasin tukemiseen intensiivisen liikunnan aikana.\",\"breadcrumb\":{\"@id\":\"https:\\\/\\\/naturalpoland.com\\\/fi\\\/tuotteet\\\/laaketeollisuuden-tuotteet\\\/ravintolisien-ainesosat\\\/tauroursodeoksikolihappo-tudca\\\/#breadcrumb\"},\"inLanguage\":\"fi\",\"potentialAction\":[{\"@type\":\"ReadAction\",\"target\":[\"https:\\\/\\\/naturalpoland.com\\\/fi\\\/tuotteet\\\/laaketeollisuuden-tuotteet\\\/ravintolisien-ainesosat\\\/tauroursodeoksikolihappo-tudca\\\/\"]}]},{\"@type\":\"ImageObject\",\"inLanguage\":\"fi\",\"@id\":\"https:\\\/\\\/naturalpoland.com\\\/fi\\\/tuotteet\\\/laaketeollisuuden-tuotteet\\\/ravintolisien-ainesosat\\\/tauroursodeoksikolihappo-tudca\\\/#primaryimage\",\"url\":\"https:\\\/\\\/naturalpoland.com\\\/wp-content\\\/uploads\\\/tauroursodeoxycholic-acid.jpg\",\"contentUrl\":\"https:\\\/\\\/naturalpoland.com\\\/wp-content\\\/uploads\\\/tauroursodeoxycholic-acid.jpg\",\"width\":500,\"height\":500,\"caption\":\"tauroursodeoxycholic acid\"},{\"@type\":\"BreadcrumbList\",\"@id\":\"https:\\\/\\\/naturalpoland.com\\\/fi\\\/tuotteet\\\/laaketeollisuuden-tuotteet\\\/ravintolisien-ainesosat\\\/tauroursodeoksikolihappo-tudca\\\/#breadcrumb\",\"itemListElement\":[{\"@type\":\"ListItem\",\"position\":1,\"name\":\"Etusivu\",\"item\":\"https:\\\/\\\/naturalpoland.com\\\/fi\\\/\"},{\"@type\":\"ListItem\",\"position\":2,\"name\":\"Tuotteet\",\"item\":\"https:\\\/\\\/naturalpoland.com\\\/fi\\\/tuotteet\\\/\"},{\"@type\":\"ListItem\",\"position\":3,\"name\":\"Tauroursodeoksikolihappo (TUDCA)\"}]},{\"@type\":\"WebSite\",\"@id\":\"https:\\\/\\\/naturalpoland.com\\\/fi\\\/#website\",\"url\":\"https:\\\/\\\/naturalpoland.com\\\/fi\\\/\",\"name\":\"NATURAL POLAND - RAAKA-AINEIDEN TUKKUJAKELIJA\",\"description\":\"Surowce dla przemys\u0142u spo\u017cywczego, kosmetycznego i farmaceutycznego\",\"publisher\":{\"@id\":\"https:\\\/\\\/naturalpoland.com\\\/fi\\\/#organization\"},\"potentialAction\":[{\"@type\":\"SearchAction\",\"target\":{\"@type\":\"EntryPoint\",\"urlTemplate\":\"https:\\\/\\\/naturalpoland.com\\\/fi\\\/?s={search_term_string}\"},\"query-input\":{\"@type\":\"PropertyValueSpecification\",\"valueRequired\":true,\"valueName\":\"search_term_string\"}}],\"inLanguage\":\"fi\"},{\"@type\":\"Organization\",\"@id\":\"https:\\\/\\\/naturalpoland.com\\\/fi\\\/#organization\",\"name\":\"Natural Poland\",\"url\":\"https:\\\/\\\/naturalpoland.com\\\/fi\\\/\",\"logo\":{\"@type\":\"ImageObject\",\"inLanguage\":\"fi\",\"@id\":\"https:\\\/\\\/naturalpoland.com\\\/fi\\\/#\\\/schema\\\/logo\\\/image\\\/\",\"url\":\"https:\\\/\\\/naturalpoland.com\\\/wp-content\\\/uploads\\\/2021\\\/05\\\/natural-poland-icon.png\",\"contentUrl\":\"https:\\\/\\\/naturalpoland.com\\\/wp-content\\\/uploads\\\/2021\\\/05\\\/natural-poland-icon.png\",\"width\":512,\"height\":512,\"caption\":\"Natural Poland\"},\"image\":{\"@id\":\"https:\\\/\\\/naturalpoland.com\\\/fi\\\/#\\\/schema\\\/logo\\\/image\\\/\"},\"sameAs\":[\"https:\\\/\\\/www.facebook.com\\\/naturalpoland.b2b\",\"https:\\\/\\\/pl.linkedin.com\\\/company\\\/natural-poland\",\"https:\\\/\\\/www.youtube.com\\\/channel\\\/UCgeGGkvOMahZo-xu_MSEWxg\"]}]}<\/script>\n<!-- \/ Yoast SEO plugin. -->","yoast_head_json":{"title":"Tauroursodeoksikolihappo (TUDCA) - Tukkudistribuutio","description":"TUDCA on arvokas v\u00e4line maksan terveyden, uudistumisen ja kehon yleisen homeostaasin tukemiseen intensiivisen liikunnan aikana.","robots":{"index":"index","follow":"follow","max-snippet":"max-snippet:-1","max-image-preview":"max-image-preview:large","max-video-preview":"max-video-preview:-1"},"canonical":"https:\/\/naturalpoland.com\/fi\/tuotteet\/laaketeollisuuden-tuotteet\/ravintolisien-ainesosat\/tauroursodeoksikolihappo-tudca\/","og_locale":"fi_FI","og_type":"article","og_title":"Tauroursodeoksikolihappo (TUDCA) - Tukkudistribuutio","og_description":"TUDCA on arvokas v\u00e4line maksan terveyden, uudistumisen ja kehon yleisen homeostaasin tukemiseen intensiivisen liikunnan aikana.","og_url":"https:\/\/naturalpoland.com\/fi\/tuotteet\/laaketeollisuuden-tuotteet\/ravintolisien-ainesosat\/tauroursodeoksikolihappo-tudca\/","og_site_name":"NATURAL POLAND - RAAKA-AINEIDEN TUKKUJAKELIJA","article_publisher":"https:\/\/www.facebook.com\/naturalpoland.b2b","og_image":[{"width":500,"height":500,"url":"https:\/\/naturalpoland.com\/wp-content\/uploads\/tauroursodeoxycholic-acid.jpg","type":"image\/jpeg"}],"schema":{"@context":"https:\/\/schema.org","@graph":[{"@type":"WebPage","@id":"https:\/\/naturalpoland.com\/fi\/tuotteet\/laaketeollisuuden-tuotteet\/ravintolisien-ainesosat\/tauroursodeoksikolihappo-tudca\/","url":"https:\/\/naturalpoland.com\/fi\/tuotteet\/laaketeollisuuden-tuotteet\/ravintolisien-ainesosat\/tauroursodeoksikolihappo-tudca\/","name":"Tauroursodeoksikolihappo (TUDCA) - Tukkudistribuutio","isPartOf":{"@id":"https:\/\/naturalpoland.com\/fi\/#website"},"primaryImageOfPage":{"@id":"https:\/\/naturalpoland.com\/fi\/tuotteet\/laaketeollisuuden-tuotteet\/ravintolisien-ainesosat\/tauroursodeoksikolihappo-tudca\/#primaryimage"},"image":{"@id":"https:\/\/naturalpoland.com\/fi\/tuotteet\/laaketeollisuuden-tuotteet\/ravintolisien-ainesosat\/tauroursodeoksikolihappo-tudca\/#primaryimage"},"thumbnailUrl":"https:\/\/naturalpoland.com\/wp-content\/uploads\/tauroursodeoxycholic-acid.jpg","datePublished":"2024-04-29T12:58:38+00:00","description":"TUDCA on arvokas v\u00e4line maksan terveyden, uudistumisen ja kehon yleisen homeostaasin tukemiseen intensiivisen liikunnan aikana.","breadcrumb":{"@id":"https:\/\/naturalpoland.com\/fi\/tuotteet\/laaketeollisuuden-tuotteet\/ravintolisien-ainesosat\/tauroursodeoksikolihappo-tudca\/#breadcrumb"},"inLanguage":"fi","potentialAction":[{"@type":"ReadAction","target":["https:\/\/naturalpoland.com\/fi\/tuotteet\/laaketeollisuuden-tuotteet\/ravintolisien-ainesosat\/tauroursodeoksikolihappo-tudca\/"]}]},{"@type":"ImageObject","inLanguage":"fi","@id":"https:\/\/naturalpoland.com\/fi\/tuotteet\/laaketeollisuuden-tuotteet\/ravintolisien-ainesosat\/tauroursodeoksikolihappo-tudca\/#primaryimage","url":"https:\/\/naturalpoland.com\/wp-content\/uploads\/tauroursodeoxycholic-acid.jpg","contentUrl":"https:\/\/naturalpoland.com\/wp-content\/uploads\/tauroursodeoxycholic-acid.jpg","width":500,"height":500,"caption":"tauroursodeoxycholic acid"},{"@type":"BreadcrumbList","@id":"https:\/\/naturalpoland.com\/fi\/tuotteet\/laaketeollisuuden-tuotteet\/ravintolisien-ainesosat\/tauroursodeoksikolihappo-tudca\/#breadcrumb","itemListElement":[{"@type":"ListItem","position":1,"name":"Etusivu","item":"https:\/\/naturalpoland.com\/fi\/"},{"@type":"ListItem","position":2,"name":"Tuotteet","item":"https:\/\/naturalpoland.com\/fi\/tuotteet\/"},{"@type":"ListItem","position":3,"name":"Tauroursodeoksikolihappo (TUDCA)"}]},{"@type":"WebSite","@id":"https:\/\/naturalpoland.com\/fi\/#website","url":"https:\/\/naturalpoland.com\/fi\/","name":"NATURAL POLAND - RAAKA-AINEIDEN TUKKUJAKELIJA","description":"Surowce dla przemys\u0142u spo\u017cywczego, kosmetycznego i farmaceutycznego","publisher":{"@id":"https:\/\/naturalpoland.com\/fi\/#organization"},"potentialAction":[{"@type":"SearchAction","target":{"@type":"EntryPoint","urlTemplate":"https:\/\/naturalpoland.com\/fi\/?s={search_term_string}"},"query-input":{"@type":"PropertyValueSpecification","valueRequired":true,"valueName":"search_term_string"}}],"inLanguage":"fi"},{"@type":"Organization","@id":"https:\/\/naturalpoland.com\/fi\/#organization","name":"Natural Poland","url":"https:\/\/naturalpoland.com\/fi\/","logo":{"@type":"ImageObject","inLanguage":"fi","@id":"https:\/\/naturalpoland.com\/fi\/#\/schema\/logo\/image\/","url":"https:\/\/naturalpoland.com\/wp-content\/uploads\/2021\/05\/natural-poland-icon.png","contentUrl":"https:\/\/naturalpoland.com\/wp-content\/uploads\/2021\/05\/natural-poland-icon.png","width":512,"height":512,"caption":"Natural Poland"},"image":{"@id":"https:\/\/naturalpoland.com\/fi\/#\/schema\/logo\/image\/"},"sameAs":["https:\/\/www.facebook.com\/naturalpoland.b2b","https:\/\/pl.linkedin.com\/company\/natural-poland","https:\/\/www.youtube.com\/channel\/UCgeGGkvOMahZo-xu_MSEWxg"]}]}},"_links":{"self":[{"href":"https:\/\/naturalpoland.com\/fi\/wp-json\/wp\/v2\/product\/31539","targetHints":{"allow":["GET"]}}],"collection":[{"href":"https:\/\/naturalpoland.com\/fi\/wp-json\/wp\/v2\/product"}],"about":[{"href":"https:\/\/naturalpoland.com\/fi\/wp-json\/wp\/v2\/types\/product"}],"wp:featuredmedia":[{"embeddable":true,"href":"https:\/\/naturalpoland.com\/fi\/wp-json\/wp\/v2\/media\/31305"}],"wp:attachment":[{"href":"https:\/\/naturalpoland.com\/fi\/wp-json\/wp\/v2\/media?parent=31539"}],"wp:term":[{"taxonomy":"product_brand","embeddable":true,"href":"https:\/\/naturalpoland.com\/fi\/wp-json\/wp\/v2\/product_brand?post=31539"},{"taxonomy":"product_cat","embeddable":true,"href":"https:\/\/naturalpoland.com\/fi\/wp-json\/wp\/v2\/product_cat?post=31539"},{"taxonomy":"product_tag","embeddable":true,"href":"https:\/\/naturalpoland.com\/fi\/wp-json\/wp\/v2\/product_tag?post=31539"}],"curies":[{"name":"wp","href":"https:\/\/api.w.org\/{rel}","templated":true}]}}