{"id":31892,"date":"2024-05-08T16:09:19","date_gmt":"2024-05-13T11:39:13","guid":{"rendered":"https:\/\/naturalpoland.com\/produkty\/Ei-luokiteltu\/jasmiinihydrolaatti\/"},"modified":"2024-05-13T13:39:13","modified_gmt":"2024-05-13T11:39:13","slug":"jasmiinihydrolaatti","status":"publish","type":"product","link":"https:\/\/naturalpoland.com\/fi\/tuotteet\/kosmetiikkateollisuuden-tuotteet\/kukkaisvedet\/jasmiinihydrolaatti\/","title":{"rendered":"Jasmiinihydrolaatti"},"content":{"rendered":"<h3>Ominaisuudet ja koostumus<\/h3>\n<p>Jasmiinihydrolaatilla on syv\u00e4, makea ja intensiivisen kukkainen tuoksu, joka on tunnettu rauhoittavista ja mielialaa kohottavista ominaisuuksistaan. T\u00e4m\u00e4n hydrolaatin koostumus sis\u00e4lt\u00e4\u00e4 lukuisia aktiivisia ainesosia, mukaan lukien antioksidantteja, kuten <a href=\"https:\/\/naturalpoland.com\/artykuly\/produkty-naturalne\/czym-sa-i-jak-dzialaja-flawonoidy\/\">flavonoideja<\/a> ja saponiineja, jotka edist\u00e4v\u00e4t sen kyky\u00e4 neutraloida vapaita radikaaleja ja suojella ihoa ennenaikaiselta vanhenemiselta.<\/p>\n<h3>Kosmeettiset sovellukset<\/h3>\n<p>Jasmiinihydrolaattia suositellaan kaikille ihotyypeille, erityisesti kyps\u00e4lle, kuivalle ja herk\u00e4lle iholle, sill\u00e4 sill\u00e4 on intensiivinen kosteuttava ja uudistava vaikutus. Sen rauhoittavat ominaisuudet auttavat rauhoittamaan tulehdusta, v\u00e4hent\u00e4v\u00e4t punoitusta ja edist\u00e4v\u00e4t pienten ihovaurioiden paranemista, joten se sopii erinomaisesti \u00e4rtyneelle tai iho-ongelmaiselle iholle.<\/p>\n<p>Jasmiinihydrolaatti sopii erinomaisesti my\u00f6s luonnolliseksi kasvovoiteeksi virkist\u00e4m\u00e4\u00e4n, s\u00e4vytt\u00e4m\u00e4\u00e4n ja palauttamaan ihon pH-tasot ja pit\u00e4m\u00e4\u00e4n sen terveen ja s\u00e4teilev\u00e4n n\u00e4k\u00f6isen\u00e4. Sit\u00e4 voidaan k\u00e4ytt\u00e4\u00e4 sek\u00e4 aamuin ett\u00e4 illoin valmistelemaan ihoa seuraaviin ihonhoitotoimenpiteisiin tai virkist\u00e4v\u00e4n\u00e4 sumuna p\u00e4iv\u00e4n aikana.<\/p>\n<h3>Hy\u00f6dyt iholle<\/h3>\n<ul>\n<li><strong>Antioksidanttinen vaikutus<\/strong>: Suojaa ihoa vapaiden radikaalien aiheuttamilta vaurioilta ja hidastaa ik\u00e4\u00e4ntymisprosessia.<\/li>\n<li><strong>Tulehduksen<\/strong> lievitt\u00e4minen: Auttaa v\u00e4hent\u00e4m\u00e4\u00e4n ihotulehdusta, v\u00e4hent\u00e4\u00e4 punoitusta ja \u00e4rsytyst\u00e4.<\/li>\n<li>Kosteus <strong>ja uudistuminen<\/strong>: Kosteuttaa voimakkaasti, edist\u00e4\u00e4 solujen uudistumista ja palauttaa ihon pehmeyden ja kimmoisuuden.<\/li>\n<li><strong>Mielialan parantaminen ja rentoutuminen<\/strong>: Hydrolaatin makea, miellytt\u00e4v\u00e4 tuoksu vaikuttaa rauhoittavasti aisteihin, mik\u00e4 auttaa rentoutumaan ja parantamaan mielialaa.<\/li>\n<\/ul>\n","protected":false},"excerpt":{"rendered":"<p>Jasmiinihydrolaattia saadaan jasmiinin kukista h\u00f6yrytislaamalla. Sit\u00e4 k\u00e4ytet\u00e4\u00e4n sek\u00e4 kosmetiikassa ett\u00e4 aromaterapiassa, ja se hy\u00f6dytt\u00e4\u00e4 sek\u00e4 kehoa ett\u00e4 mielt\u00e4.<\/p>\n","protected":false},"featured_media":31640,"template":"","meta":[],"product_brand":[],"product_cat":[3550],"product_tag":[],"class_list":{"0":"post-31892","1":"product","2":"type-product","3":"status-publish","4":"has-post-thumbnail","6":"product_cat-kukkaisvedet","7":"pa_grupa-substancji-tisleet","9":"first","10":"instock","11":"shipping-taxable","12":"product-type-simple"},"yoast_head":"<!-- This site is optimized with the Yoast SEO plugin v27.4 - https:\/\/yoast.com\/product\/yoast-seo-wordpress\/ -->\n<title>Jasmiinihydrolaatti - Tukkudistribuutio<\/title>\n<meta name=\"description\" content=\"Jasmiinihydrolaatti sopii erinomaisesti naamioiden, voiteiden tai voiteiden lis\u00e4aineeksi, rikastuttaa niiden hoito-ominaisuuksia ja lis\u00e4\u00e4 kosmetiikan aromia.\" \/>\n<meta name=\"robots\" content=\"index, follow, max-snippet:-1, max-image-preview:large, max-video-preview:-1\" \/>\n<link rel=\"canonical\" href=\"https:\/\/naturalpoland.com\/fi\/tuotteet\/kosmetiikkateollisuuden-tuotteet\/kukkaisvedet\/jasmiinihydrolaatti\/\" \/>\n<meta property=\"og:locale\" content=\"fi_FI\" \/>\n<meta property=\"og:type\" content=\"article\" \/>\n<meta property=\"og:title\" content=\"Jasmiinihydrolaatti - Tukkudistribuutio\" \/>\n<meta property=\"og:description\" content=\"Jasmiinihydrolaatti sopii erinomaisesti naamioiden, voiteiden tai voiteiden lis\u00e4aineeksi, rikastuttaa niiden hoito-ominaisuuksia ja lis\u00e4\u00e4 kosmetiikan aromia.\" \/>\n<meta property=\"og:url\" content=\"https:\/\/naturalpoland.com\/fi\/tuotteet\/kosmetiikkateollisuuden-tuotteet\/kukkaisvedet\/jasmiinihydrolaatti\/\" \/>\n<meta property=\"og:site_name\" content=\"NATURAL POLAND - RAAKA-AINEIDEN TUKKUJAKELIJA\" \/>\n<meta property=\"article:publisher\" content=\"https:\/\/www.facebook.com\/naturalpoland.b2b\" \/>\n<meta property=\"og:image\" content=\"https:\/\/naturalpoland.com\/wp-content\/uploads\/hydrolat-jasminowy.webp\" \/>\n\t<meta property=\"og:image:width\" content=\"1024\" \/>\n\t<meta property=\"og:image:height\" content=\"1024\" \/>\n\t<meta property=\"og:image:type\" content=\"image\/webp\" \/>\n<script type=\"application\/ld+json\" class=\"yoast-schema-graph\">{\"@context\":\"https:\\\/\\\/schema.org\",\"@graph\":[{\"@type\":\"WebPage\",\"@id\":\"https:\\\/\\\/naturalpoland.com\\\/fi\\\/tuotteet\\\/kosmetiikkateollisuuden-tuotteet\\\/kukkaisvedet\\\/jasmiinihydrolaatti\\\/\",\"url\":\"https:\\\/\\\/naturalpoland.com\\\/fi\\\/tuotteet\\\/kosmetiikkateollisuuden-tuotteet\\\/kukkaisvedet\\\/jasmiinihydrolaatti\\\/\",\"name\":\"Jasmiinihydrolaatti - Tukkudistribuutio\",\"isPartOf\":{\"@id\":\"https:\\\/\\\/naturalpoland.com\\\/fi\\\/#website\"},\"primaryImageOfPage\":{\"@id\":\"https:\\\/\\\/naturalpoland.com\\\/fi\\\/tuotteet\\\/kosmetiikkateollisuuden-tuotteet\\\/kukkaisvedet\\\/jasmiinihydrolaatti\\\/#primaryimage\"},\"image\":{\"@id\":\"https:\\\/\\\/naturalpoland.com\\\/fi\\\/tuotteet\\\/kosmetiikkateollisuuden-tuotteet\\\/kukkaisvedet\\\/jasmiinihydrolaatti\\\/#primaryimage\"},\"thumbnailUrl\":\"https:\\\/\\\/naturalpoland.com\\\/wp-content\\\/uploads\\\/hydrolat-jasminowy.webp\",\"datePublished\":\"2024-05-13T11:39:13+00:00\",\"description\":\"Jasmiinihydrolaatti sopii erinomaisesti naamioiden, voiteiden tai voiteiden lis\u00e4aineeksi, rikastuttaa niiden hoito-ominaisuuksia ja lis\u00e4\u00e4 kosmetiikan aromia.\",\"breadcrumb\":{\"@id\":\"https:\\\/\\\/naturalpoland.com\\\/fi\\\/tuotteet\\\/kosmetiikkateollisuuden-tuotteet\\\/kukkaisvedet\\\/jasmiinihydrolaatti\\\/#breadcrumb\"},\"inLanguage\":\"fi\",\"potentialAction\":[{\"@type\":\"ReadAction\",\"target\":[\"https:\\\/\\\/naturalpoland.com\\\/fi\\\/tuotteet\\\/kosmetiikkateollisuuden-tuotteet\\\/kukkaisvedet\\\/jasmiinihydrolaatti\\\/\"]}]},{\"@type\":\"ImageObject\",\"inLanguage\":\"fi\",\"@id\":\"https:\\\/\\\/naturalpoland.com\\\/fi\\\/tuotteet\\\/kosmetiikkateollisuuden-tuotteet\\\/kukkaisvedet\\\/jasmiinihydrolaatti\\\/#primaryimage\",\"url\":\"https:\\\/\\\/naturalpoland.com\\\/wp-content\\\/uploads\\\/hydrolat-jasminowy.webp\",\"contentUrl\":\"https:\\\/\\\/naturalpoland.com\\\/wp-content\\\/uploads\\\/hydrolat-jasminowy.webp\",\"width\":1024,\"height\":1024,\"caption\":\"hydrolat ja\u015bminowy\"},{\"@type\":\"BreadcrumbList\",\"@id\":\"https:\\\/\\\/naturalpoland.com\\\/fi\\\/tuotteet\\\/kosmetiikkateollisuuden-tuotteet\\\/kukkaisvedet\\\/jasmiinihydrolaatti\\\/#breadcrumb\",\"itemListElement\":[{\"@type\":\"ListItem\",\"position\":1,\"name\":\"Etusivu\",\"item\":\"https:\\\/\\\/naturalpoland.com\\\/fi\\\/\"},{\"@type\":\"ListItem\",\"position\":2,\"name\":\"Tuotteet\",\"item\":\"https:\\\/\\\/naturalpoland.com\\\/fi\\\/tuotteet\\\/\"},{\"@type\":\"ListItem\",\"position\":3,\"name\":\"Jasmiinihydrolaatti\"}]},{\"@type\":\"WebSite\",\"@id\":\"https:\\\/\\\/naturalpoland.com\\\/fi\\\/#website\",\"url\":\"https:\\\/\\\/naturalpoland.com\\\/fi\\\/\",\"name\":\"NATURAL POLAND - RAAKA-AINEIDEN TUKKUJAKELIJA\",\"description\":\"Surowce dla przemys\u0142u spo\u017cywczego, kosmetycznego i farmaceutycznego\",\"publisher\":{\"@id\":\"https:\\\/\\\/naturalpoland.com\\\/fi\\\/#organization\"},\"potentialAction\":[{\"@type\":\"SearchAction\",\"target\":{\"@type\":\"EntryPoint\",\"urlTemplate\":\"https:\\\/\\\/naturalpoland.com\\\/fi\\\/?s={search_term_string}\"},\"query-input\":{\"@type\":\"PropertyValueSpecification\",\"valueRequired\":true,\"valueName\":\"search_term_string\"}}],\"inLanguage\":\"fi\"},{\"@type\":\"Organization\",\"@id\":\"https:\\\/\\\/naturalpoland.com\\\/fi\\\/#organization\",\"name\":\"Natural Poland\",\"url\":\"https:\\\/\\\/naturalpoland.com\\\/fi\\\/\",\"logo\":{\"@type\":\"ImageObject\",\"inLanguage\":\"fi\",\"@id\":\"https:\\\/\\\/naturalpoland.com\\\/fi\\\/#\\\/schema\\\/logo\\\/image\\\/\",\"url\":\"https:\\\/\\\/naturalpoland.com\\\/wp-content\\\/uploads\\\/2021\\\/05\\\/natural-poland-icon.png\",\"contentUrl\":\"https:\\\/\\\/naturalpoland.com\\\/wp-content\\\/uploads\\\/2021\\\/05\\\/natural-poland-icon.png\",\"width\":512,\"height\":512,\"caption\":\"Natural Poland\"},\"image\":{\"@id\":\"https:\\\/\\\/naturalpoland.com\\\/fi\\\/#\\\/schema\\\/logo\\\/image\\\/\"},\"sameAs\":[\"https:\\\/\\\/www.facebook.com\\\/naturalpoland.b2b\",\"https:\\\/\\\/pl.linkedin.com\\\/company\\\/natural-poland\",\"https:\\\/\\\/www.youtube.com\\\/channel\\\/UCgeGGkvOMahZo-xu_MSEWxg\"]}]}<\/script>\n<!-- \/ Yoast SEO plugin. -->","yoast_head_json":{"title":"Jasmiinihydrolaatti - Tukkudistribuutio","description":"Jasmiinihydrolaatti sopii erinomaisesti naamioiden, voiteiden tai voiteiden lis\u00e4aineeksi, rikastuttaa niiden hoito-ominaisuuksia ja lis\u00e4\u00e4 kosmetiikan aromia.","robots":{"index":"index","follow":"follow","max-snippet":"max-snippet:-1","max-image-preview":"max-image-preview:large","max-video-preview":"max-video-preview:-1"},"canonical":"https:\/\/naturalpoland.com\/fi\/tuotteet\/kosmetiikkateollisuuden-tuotteet\/kukkaisvedet\/jasmiinihydrolaatti\/","og_locale":"fi_FI","og_type":"article","og_title":"Jasmiinihydrolaatti - Tukkudistribuutio","og_description":"Jasmiinihydrolaatti sopii erinomaisesti naamioiden, voiteiden tai voiteiden lis\u00e4aineeksi, rikastuttaa niiden hoito-ominaisuuksia ja lis\u00e4\u00e4 kosmetiikan aromia.","og_url":"https:\/\/naturalpoland.com\/fi\/tuotteet\/kosmetiikkateollisuuden-tuotteet\/kukkaisvedet\/jasmiinihydrolaatti\/","og_site_name":"NATURAL POLAND - RAAKA-AINEIDEN TUKKUJAKELIJA","article_publisher":"https:\/\/www.facebook.com\/naturalpoland.b2b","og_image":[{"width":1024,"height":1024,"url":"https:\/\/naturalpoland.com\/wp-content\/uploads\/hydrolat-jasminowy.webp","type":"image\/webp"}],"schema":{"@context":"https:\/\/schema.org","@graph":[{"@type":"WebPage","@id":"https:\/\/naturalpoland.com\/fi\/tuotteet\/kosmetiikkateollisuuden-tuotteet\/kukkaisvedet\/jasmiinihydrolaatti\/","url":"https:\/\/naturalpoland.com\/fi\/tuotteet\/kosmetiikkateollisuuden-tuotteet\/kukkaisvedet\/jasmiinihydrolaatti\/","name":"Jasmiinihydrolaatti - Tukkudistribuutio","isPartOf":{"@id":"https:\/\/naturalpoland.com\/fi\/#website"},"primaryImageOfPage":{"@id":"https:\/\/naturalpoland.com\/fi\/tuotteet\/kosmetiikkateollisuuden-tuotteet\/kukkaisvedet\/jasmiinihydrolaatti\/#primaryimage"},"image":{"@id":"https:\/\/naturalpoland.com\/fi\/tuotteet\/kosmetiikkateollisuuden-tuotteet\/kukkaisvedet\/jasmiinihydrolaatti\/#primaryimage"},"thumbnailUrl":"https:\/\/naturalpoland.com\/wp-content\/uploads\/hydrolat-jasminowy.webp","datePublished":"2024-05-13T11:39:13+00:00","description":"Jasmiinihydrolaatti sopii erinomaisesti naamioiden, voiteiden tai voiteiden lis\u00e4aineeksi, rikastuttaa niiden hoito-ominaisuuksia ja lis\u00e4\u00e4 kosmetiikan aromia.","breadcrumb":{"@id":"https:\/\/naturalpoland.com\/fi\/tuotteet\/kosmetiikkateollisuuden-tuotteet\/kukkaisvedet\/jasmiinihydrolaatti\/#breadcrumb"},"inLanguage":"fi","potentialAction":[{"@type":"ReadAction","target":["https:\/\/naturalpoland.com\/fi\/tuotteet\/kosmetiikkateollisuuden-tuotteet\/kukkaisvedet\/jasmiinihydrolaatti\/"]}]},{"@type":"ImageObject","inLanguage":"fi","@id":"https:\/\/naturalpoland.com\/fi\/tuotteet\/kosmetiikkateollisuuden-tuotteet\/kukkaisvedet\/jasmiinihydrolaatti\/#primaryimage","url":"https:\/\/naturalpoland.com\/wp-content\/uploads\/hydrolat-jasminowy.webp","contentUrl":"https:\/\/naturalpoland.com\/wp-content\/uploads\/hydrolat-jasminowy.webp","width":1024,"height":1024,"caption":"hydrolat ja\u015bminowy"},{"@type":"BreadcrumbList","@id":"https:\/\/naturalpoland.com\/fi\/tuotteet\/kosmetiikkateollisuuden-tuotteet\/kukkaisvedet\/jasmiinihydrolaatti\/#breadcrumb","itemListElement":[{"@type":"ListItem","position":1,"name":"Etusivu","item":"https:\/\/naturalpoland.com\/fi\/"},{"@type":"ListItem","position":2,"name":"Tuotteet","item":"https:\/\/naturalpoland.com\/fi\/tuotteet\/"},{"@type":"ListItem","position":3,"name":"Jasmiinihydrolaatti"}]},{"@type":"WebSite","@id":"https:\/\/naturalpoland.com\/fi\/#website","url":"https:\/\/naturalpoland.com\/fi\/","name":"NATURAL POLAND - RAAKA-AINEIDEN TUKKUJAKELIJA","description":"Surowce dla przemys\u0142u spo\u017cywczego, kosmetycznego i farmaceutycznego","publisher":{"@id":"https:\/\/naturalpoland.com\/fi\/#organization"},"potentialAction":[{"@type":"SearchAction","target":{"@type":"EntryPoint","urlTemplate":"https:\/\/naturalpoland.com\/fi\/?s={search_term_string}"},"query-input":{"@type":"PropertyValueSpecification","valueRequired":true,"valueName":"search_term_string"}}],"inLanguage":"fi"},{"@type":"Organization","@id":"https:\/\/naturalpoland.com\/fi\/#organization","name":"Natural Poland","url":"https:\/\/naturalpoland.com\/fi\/","logo":{"@type":"ImageObject","inLanguage":"fi","@id":"https:\/\/naturalpoland.com\/fi\/#\/schema\/logo\/image\/","url":"https:\/\/naturalpoland.com\/wp-content\/uploads\/2021\/05\/natural-poland-icon.png","contentUrl":"https:\/\/naturalpoland.com\/wp-content\/uploads\/2021\/05\/natural-poland-icon.png","width":512,"height":512,"caption":"Natural Poland"},"image":{"@id":"https:\/\/naturalpoland.com\/fi\/#\/schema\/logo\/image\/"},"sameAs":["https:\/\/www.facebook.com\/naturalpoland.b2b","https:\/\/pl.linkedin.com\/company\/natural-poland","https:\/\/www.youtube.com\/channel\/UCgeGGkvOMahZo-xu_MSEWxg"]}]}},"_links":{"self":[{"href":"https:\/\/naturalpoland.com\/fi\/wp-json\/wp\/v2\/product\/31892","targetHints":{"allow":["GET"]}}],"collection":[{"href":"https:\/\/naturalpoland.com\/fi\/wp-json\/wp\/v2\/product"}],"about":[{"href":"https:\/\/naturalpoland.com\/fi\/wp-json\/wp\/v2\/types\/product"}],"wp:featuredmedia":[{"embeddable":true,"href":"https:\/\/naturalpoland.com\/fi\/wp-json\/wp\/v2\/media\/31640"}],"wp:attachment":[{"href":"https:\/\/naturalpoland.com\/fi\/wp-json\/wp\/v2\/media?parent=31892"}],"wp:term":[{"taxonomy":"product_brand","embeddable":true,"href":"https:\/\/naturalpoland.com\/fi\/wp-json\/wp\/v2\/product_brand?post=31892"},{"taxonomy":"product_cat","embeddable":true,"href":"https:\/\/naturalpoland.com\/fi\/wp-json\/wp\/v2\/product_cat?post=31892"},{"taxonomy":"product_tag","embeddable":true,"href":"https:\/\/naturalpoland.com\/fi\/wp-json\/wp\/v2\/product_tag?post=31892"}],"curies":[{"name":"wp","href":"https:\/\/api.w.org\/{rel}","templated":true}]}}