{"id":31899,"date":"2024-05-08T16:02:30","date_gmt":"2024-05-13T11:39:16","guid":{"rendered":"https:\/\/naturalpoland.com\/produkty\/Ei-luokiteltu\/sitruunahydrolaatti\/"},"modified":"2024-05-13T13:39:16","modified_gmt":"2024-05-13T11:39:16","slug":"sitruunahydrolaatti","status":"publish","type":"product","link":"https:\/\/naturalpoland.com\/fi\/tuotteet\/kosmetiikkateollisuuden-tuotteet\/kukkaisvedet\/sitruunahydrolaatti\/","title":{"rendered":"Sitruunahydrolaatti"},"content":{"rendered":"<h3>Ominaisuudet ja koostumus<\/h3>\n<p>Sitruunahydrolaatille on ominaista sen kevyt, vetinen koostumus ja raikas, sitruksinen tuoksu, joka on lis\u00e4ksi virkist\u00e4v\u00e4. Se sis\u00e4lt\u00e4\u00e4 runsaasti <a href=\"https:\/\/naturalpoland.com\/artykuly\/produkty-naturalne\/czym-sa-i-jak-dzialaja-flawonoidy\/\">bioflavonoideja<\/a>, C-vitamiinia ja hedelm\u00e4happoja, jotka edist\u00e4v\u00e4t sen voimakkaita antioksidanttisia, kirkastavia ja kiinteytt\u00e4vi\u00e4 ominaisuuksia. S\u00e4\u00e4nn\u00f6llinen sitruunahydrolaatin k\u00e4ytt\u00f6 voi auttaa est\u00e4m\u00e4\u00e4n melaniinin tuotantoa, mik\u00e4 vaikuttaa suoraan uusien hyperpigmentaatioiden muodostumisen v\u00e4hent\u00e4miseen ja est\u00e4miseen.<\/p>\n<h3>Kosmeettiset sovellukset<\/h3>\n<p>Sitruunahydrolaattia suositellaan erityisesti rasvaiselle ja sekaiholle sen supistavien ja antibakteeristen ominaisuuksien vuoksi. Se sopii t\u00e4ydellisesti kasvovoiteeksi, joka virkist\u00e4\u00e4 ja kiinteytt\u00e4\u00e4 ihoa, mutta auttaa my\u00f6s sulkemaan ihohuokoset ja s\u00e4\u00e4telem\u00e4\u00e4n talinerityst\u00e4. Sit\u00e4 voidaan k\u00e4ytt\u00e4\u00e4 my\u00f6s kirkastavien naamioiden ja seerumien ainesosana sek\u00e4 hell\u00e4varaisena lis\u00e4yksen\u00e4 p\u00e4iv\u00e4voiteisiin, joka suojaa negatiivisilta ulkoisilta vaikutuksilta.<\/p>\n<h3>Hy\u00f6dyt iholle<\/h3>\n<ul>\n<li><strong>Hyperpigmentaation kirkastaminen<\/strong>: Sitruunahappo, jota esiintyy luonnostaan sitruunoissa, on tunnettu valkaisevista ominaisuuksistaan, ja se on tehokas ihon v\u00e4rimuutoksia vastaan.<\/li>\n<li><strong>Tasoittaa ihon s\u00e4vy\u00e4<\/strong>: S\u00e4\u00e4nn\u00f6llinen sitruunahydrolaatin k\u00e4ytt\u00f6 auttaa tasoittamaan ihon s\u00e4vy\u00e4 ja antaa iholle terveemm\u00e4n ja s\u00e4teilev\u00e4mm\u00e4n ulkon\u00e4\u00f6n.<\/li>\n<li><strong>Antioksidanttinen vaikutus<\/strong>: C-vitamiini ja muut hydrolaatin antioksidantit suojaavat ihoa vapaiden radikaalien ja UV-s\u00e4teilyn aiheuttamilta vaurioilta.<\/li>\n<li><strong>Sebumin s\u00e4\u00e4tely<\/strong>: Ihanteellinen rasvoittuvalle iholle, sill\u00e4 se s\u00e4\u00e4telee talinerityst\u00e4 ja ehk\u00e4isee ep\u00e4tasaisuuksien muodostumista.<\/li>\n<\/ul>\n","protected":false},"excerpt":{"rendered":"<p>Sitruunahydrolaatilla, joka uutetaan h\u00f6yrytislaamalla sitruunan kuoresta ja hedelm\u00e4lihasta, on ihoa kirkastavia ja tasoittavia ominaisuuksia. Korkean C-vitamiini- ja orgaanisten happojen pitoisuutensa ansiosta t\u00e4m\u00e4 hydrolaatti on ihanteellinen ratkaisu niille, jotka kamppailevat v\u00e4rimuutosten, ep\u00e4tasaisen ihon s\u00e4vyn tai muiden pigmenttivirheiden kanssa.<\/p>\n","protected":false},"featured_media":31627,"template":"","meta":{"_acf_changed":false},"product_brand":[],"product_cat":[3550],"product_tag":[],"class_list":{"0":"post-31899","1":"product","2":"type-product","3":"status-publish","4":"has-post-thumbnail","6":"product_cat-kukkaisvedet","7":"pa_grupa-substancji-tisleet","9":"first","10":"instock","11":"shipping-taxable","12":"product-type-simple"},"acf":[],"yoast_head":"<!-- This site is optimized with the Yoast SEO plugin v27.4 - https:\/\/yoast.com\/product\/yoast-seo-wordpress\/ -->\n<title>Sitruunahydrolaatti - Tukkudistribuutio<\/title>\n<meta name=\"description\" content=\"Sitruunahydrolaatti on monipuolinen ja tehokas tuote, jota suositellaan niille, jotka kamppailevat ep\u00e4tasaisen ihon s\u00e4vyn ja hyperpigmentaation kanssa.\" \/>\n<meta name=\"robots\" content=\"index, follow, max-snippet:-1, max-image-preview:large, max-video-preview:-1\" \/>\n<link rel=\"canonical\" href=\"https:\/\/naturalpoland.com\/fi\/tuotteet\/kosmetiikkateollisuuden-tuotteet\/kukkaisvedet\/sitruunahydrolaatti\/\" \/>\n<meta property=\"og:locale\" content=\"fi_FI\" \/>\n<meta property=\"og:type\" content=\"article\" \/>\n<meta property=\"og:title\" content=\"Sitruunahydrolaatti - Tukkudistribuutio\" \/>\n<meta property=\"og:description\" content=\"Sitruunahydrolaatti on monipuolinen ja tehokas tuote, jota suositellaan niille, jotka kamppailevat ep\u00e4tasaisen ihon s\u00e4vyn ja hyperpigmentaation kanssa.\" \/>\n<meta property=\"og:url\" content=\"https:\/\/naturalpoland.com\/fi\/tuotteet\/kosmetiikkateollisuuden-tuotteet\/kukkaisvedet\/sitruunahydrolaatti\/\" \/>\n<meta property=\"og:site_name\" content=\"NATURAL POLAND - RAAKA-AINEIDEN TUKKUJAKELIJA\" \/>\n<meta property=\"article:publisher\" content=\"https:\/\/www.facebook.com\/naturalpoland.b2b\" \/>\n<meta property=\"og:image\" content=\"https:\/\/naturalpoland.com\/wp-content\/uploads\/hydrolat-cytrynowy.webp\" \/>\n\t<meta property=\"og:image:width\" content=\"1024\" \/>\n\t<meta property=\"og:image:height\" content=\"1024\" \/>\n\t<meta property=\"og:image:type\" content=\"image\/webp\" \/>\n<script type=\"application\/ld+json\" class=\"yoast-schema-graph\">{\"@context\":\"https:\\\/\\\/schema.org\",\"@graph\":[{\"@type\":\"WebPage\",\"@id\":\"https:\\\/\\\/naturalpoland.com\\\/fi\\\/tuotteet\\\/kosmetiikkateollisuuden-tuotteet\\\/kukkaisvedet\\\/sitruunahydrolaatti\\\/\",\"url\":\"https:\\\/\\\/naturalpoland.com\\\/fi\\\/tuotteet\\\/kosmetiikkateollisuuden-tuotteet\\\/kukkaisvedet\\\/sitruunahydrolaatti\\\/\",\"name\":\"Sitruunahydrolaatti - Tukkudistribuutio\",\"isPartOf\":{\"@id\":\"https:\\\/\\\/naturalpoland.com\\\/fi\\\/#website\"},\"primaryImageOfPage\":{\"@id\":\"https:\\\/\\\/naturalpoland.com\\\/fi\\\/tuotteet\\\/kosmetiikkateollisuuden-tuotteet\\\/kukkaisvedet\\\/sitruunahydrolaatti\\\/#primaryimage\"},\"image\":{\"@id\":\"https:\\\/\\\/naturalpoland.com\\\/fi\\\/tuotteet\\\/kosmetiikkateollisuuden-tuotteet\\\/kukkaisvedet\\\/sitruunahydrolaatti\\\/#primaryimage\"},\"thumbnailUrl\":\"https:\\\/\\\/naturalpoland.com\\\/wp-content\\\/uploads\\\/hydrolat-cytrynowy.webp\",\"datePublished\":\"2024-05-13T11:39:16+00:00\",\"description\":\"Sitruunahydrolaatti on monipuolinen ja tehokas tuote, jota suositellaan niille, jotka kamppailevat ep\u00e4tasaisen ihon s\u00e4vyn ja hyperpigmentaation kanssa.\",\"breadcrumb\":{\"@id\":\"https:\\\/\\\/naturalpoland.com\\\/fi\\\/tuotteet\\\/kosmetiikkateollisuuden-tuotteet\\\/kukkaisvedet\\\/sitruunahydrolaatti\\\/#breadcrumb\"},\"inLanguage\":\"fi\",\"potentialAction\":[{\"@type\":\"ReadAction\",\"target\":[\"https:\\\/\\\/naturalpoland.com\\\/fi\\\/tuotteet\\\/kosmetiikkateollisuuden-tuotteet\\\/kukkaisvedet\\\/sitruunahydrolaatti\\\/\"]}]},{\"@type\":\"ImageObject\",\"inLanguage\":\"fi\",\"@id\":\"https:\\\/\\\/naturalpoland.com\\\/fi\\\/tuotteet\\\/kosmetiikkateollisuuden-tuotteet\\\/kukkaisvedet\\\/sitruunahydrolaatti\\\/#primaryimage\",\"url\":\"https:\\\/\\\/naturalpoland.com\\\/wp-content\\\/uploads\\\/hydrolat-cytrynowy.webp\",\"contentUrl\":\"https:\\\/\\\/naturalpoland.com\\\/wp-content\\\/uploads\\\/hydrolat-cytrynowy.webp\",\"width\":1024,\"height\":1024,\"caption\":\"hydrolat cytrynowy\"},{\"@type\":\"BreadcrumbList\",\"@id\":\"https:\\\/\\\/naturalpoland.com\\\/fi\\\/tuotteet\\\/kosmetiikkateollisuuden-tuotteet\\\/kukkaisvedet\\\/sitruunahydrolaatti\\\/#breadcrumb\",\"itemListElement\":[{\"@type\":\"ListItem\",\"position\":1,\"name\":\"Etusivu\",\"item\":\"https:\\\/\\\/naturalpoland.com\\\/fi\\\/\"},{\"@type\":\"ListItem\",\"position\":2,\"name\":\"Tuotteet\",\"item\":\"https:\\\/\\\/naturalpoland.com\\\/fi\\\/tuotteet\\\/\"},{\"@type\":\"ListItem\",\"position\":3,\"name\":\"Sitruunahydrolaatti\"}]},{\"@type\":\"WebSite\",\"@id\":\"https:\\\/\\\/naturalpoland.com\\\/fi\\\/#website\",\"url\":\"https:\\\/\\\/naturalpoland.com\\\/fi\\\/\",\"name\":\"NATURAL POLAND - RAAKA-AINEIDEN TUKKUJAKELIJA\",\"description\":\"Surowce dla przemys\u0142u spo\u017cywczego, kosmetycznego i farmaceutycznego\",\"publisher\":{\"@id\":\"https:\\\/\\\/naturalpoland.com\\\/fi\\\/#organization\"},\"potentialAction\":[{\"@type\":\"SearchAction\",\"target\":{\"@type\":\"EntryPoint\",\"urlTemplate\":\"https:\\\/\\\/naturalpoland.com\\\/fi\\\/?s={search_term_string}\"},\"query-input\":{\"@type\":\"PropertyValueSpecification\",\"valueRequired\":true,\"valueName\":\"search_term_string\"}}],\"inLanguage\":\"fi\"},{\"@type\":\"Organization\",\"@id\":\"https:\\\/\\\/naturalpoland.com\\\/fi\\\/#organization\",\"name\":\"Natural Poland\",\"url\":\"https:\\\/\\\/naturalpoland.com\\\/fi\\\/\",\"logo\":{\"@type\":\"ImageObject\",\"inLanguage\":\"fi\",\"@id\":\"https:\\\/\\\/naturalpoland.com\\\/fi\\\/#\\\/schema\\\/logo\\\/image\\\/\",\"url\":\"https:\\\/\\\/naturalpoland.com\\\/wp-content\\\/uploads\\\/2021\\\/05\\\/natural-poland-icon.png\",\"contentUrl\":\"https:\\\/\\\/naturalpoland.com\\\/wp-content\\\/uploads\\\/2021\\\/05\\\/natural-poland-icon.png\",\"width\":512,\"height\":512,\"caption\":\"Natural Poland\"},\"image\":{\"@id\":\"https:\\\/\\\/naturalpoland.com\\\/fi\\\/#\\\/schema\\\/logo\\\/image\\\/\"},\"sameAs\":[\"https:\\\/\\\/www.facebook.com\\\/naturalpoland.b2b\",\"https:\\\/\\\/pl.linkedin.com\\\/company\\\/natural-poland\",\"https:\\\/\\\/www.youtube.com\\\/channel\\\/UCgeGGkvOMahZo-xu_MSEWxg\"]}]}<\/script>\n<!-- \/ Yoast SEO plugin. -->","yoast_head_json":{"title":"Sitruunahydrolaatti - Tukkudistribuutio","description":"Sitruunahydrolaatti on monipuolinen ja tehokas tuote, jota suositellaan niille, jotka kamppailevat ep\u00e4tasaisen ihon s\u00e4vyn ja hyperpigmentaation kanssa.","robots":{"index":"index","follow":"follow","max-snippet":"max-snippet:-1","max-image-preview":"max-image-preview:large","max-video-preview":"max-video-preview:-1"},"canonical":"https:\/\/naturalpoland.com\/fi\/tuotteet\/kosmetiikkateollisuuden-tuotteet\/kukkaisvedet\/sitruunahydrolaatti\/","og_locale":"fi_FI","og_type":"article","og_title":"Sitruunahydrolaatti - Tukkudistribuutio","og_description":"Sitruunahydrolaatti on monipuolinen ja tehokas tuote, jota suositellaan niille, jotka kamppailevat ep\u00e4tasaisen ihon s\u00e4vyn ja hyperpigmentaation kanssa.","og_url":"https:\/\/naturalpoland.com\/fi\/tuotteet\/kosmetiikkateollisuuden-tuotteet\/kukkaisvedet\/sitruunahydrolaatti\/","og_site_name":"NATURAL POLAND - RAAKA-AINEIDEN TUKKUJAKELIJA","article_publisher":"https:\/\/www.facebook.com\/naturalpoland.b2b","og_image":[{"width":1024,"height":1024,"url":"https:\/\/naturalpoland.com\/wp-content\/uploads\/hydrolat-cytrynowy.webp","type":"image\/webp"}],"schema":{"@context":"https:\/\/schema.org","@graph":[{"@type":"WebPage","@id":"https:\/\/naturalpoland.com\/fi\/tuotteet\/kosmetiikkateollisuuden-tuotteet\/kukkaisvedet\/sitruunahydrolaatti\/","url":"https:\/\/naturalpoland.com\/fi\/tuotteet\/kosmetiikkateollisuuden-tuotteet\/kukkaisvedet\/sitruunahydrolaatti\/","name":"Sitruunahydrolaatti - Tukkudistribuutio","isPartOf":{"@id":"https:\/\/naturalpoland.com\/fi\/#website"},"primaryImageOfPage":{"@id":"https:\/\/naturalpoland.com\/fi\/tuotteet\/kosmetiikkateollisuuden-tuotteet\/kukkaisvedet\/sitruunahydrolaatti\/#primaryimage"},"image":{"@id":"https:\/\/naturalpoland.com\/fi\/tuotteet\/kosmetiikkateollisuuden-tuotteet\/kukkaisvedet\/sitruunahydrolaatti\/#primaryimage"},"thumbnailUrl":"https:\/\/naturalpoland.com\/wp-content\/uploads\/hydrolat-cytrynowy.webp","datePublished":"2024-05-13T11:39:16+00:00","description":"Sitruunahydrolaatti on monipuolinen ja tehokas tuote, jota suositellaan niille, jotka kamppailevat ep\u00e4tasaisen ihon s\u00e4vyn ja hyperpigmentaation kanssa.","breadcrumb":{"@id":"https:\/\/naturalpoland.com\/fi\/tuotteet\/kosmetiikkateollisuuden-tuotteet\/kukkaisvedet\/sitruunahydrolaatti\/#breadcrumb"},"inLanguage":"fi","potentialAction":[{"@type":"ReadAction","target":["https:\/\/naturalpoland.com\/fi\/tuotteet\/kosmetiikkateollisuuden-tuotteet\/kukkaisvedet\/sitruunahydrolaatti\/"]}]},{"@type":"ImageObject","inLanguage":"fi","@id":"https:\/\/naturalpoland.com\/fi\/tuotteet\/kosmetiikkateollisuuden-tuotteet\/kukkaisvedet\/sitruunahydrolaatti\/#primaryimage","url":"https:\/\/naturalpoland.com\/wp-content\/uploads\/hydrolat-cytrynowy.webp","contentUrl":"https:\/\/naturalpoland.com\/wp-content\/uploads\/hydrolat-cytrynowy.webp","width":1024,"height":1024,"caption":"hydrolat cytrynowy"},{"@type":"BreadcrumbList","@id":"https:\/\/naturalpoland.com\/fi\/tuotteet\/kosmetiikkateollisuuden-tuotteet\/kukkaisvedet\/sitruunahydrolaatti\/#breadcrumb","itemListElement":[{"@type":"ListItem","position":1,"name":"Etusivu","item":"https:\/\/naturalpoland.com\/fi\/"},{"@type":"ListItem","position":2,"name":"Tuotteet","item":"https:\/\/naturalpoland.com\/fi\/tuotteet\/"},{"@type":"ListItem","position":3,"name":"Sitruunahydrolaatti"}]},{"@type":"WebSite","@id":"https:\/\/naturalpoland.com\/fi\/#website","url":"https:\/\/naturalpoland.com\/fi\/","name":"NATURAL POLAND - RAAKA-AINEIDEN TUKKUJAKELIJA","description":"Surowce dla przemys\u0142u spo\u017cywczego, kosmetycznego i farmaceutycznego","publisher":{"@id":"https:\/\/naturalpoland.com\/fi\/#organization"},"potentialAction":[{"@type":"SearchAction","target":{"@type":"EntryPoint","urlTemplate":"https:\/\/naturalpoland.com\/fi\/?s={search_term_string}"},"query-input":{"@type":"PropertyValueSpecification","valueRequired":true,"valueName":"search_term_string"}}],"inLanguage":"fi"},{"@type":"Organization","@id":"https:\/\/naturalpoland.com\/fi\/#organization","name":"Natural Poland","url":"https:\/\/naturalpoland.com\/fi\/","logo":{"@type":"ImageObject","inLanguage":"fi","@id":"https:\/\/naturalpoland.com\/fi\/#\/schema\/logo\/image\/","url":"https:\/\/naturalpoland.com\/wp-content\/uploads\/2021\/05\/natural-poland-icon.png","contentUrl":"https:\/\/naturalpoland.com\/wp-content\/uploads\/2021\/05\/natural-poland-icon.png","width":512,"height":512,"caption":"Natural Poland"},"image":{"@id":"https:\/\/naturalpoland.com\/fi\/#\/schema\/logo\/image\/"},"sameAs":["https:\/\/www.facebook.com\/naturalpoland.b2b","https:\/\/pl.linkedin.com\/company\/natural-poland","https:\/\/www.youtube.com\/channel\/UCgeGGkvOMahZo-xu_MSEWxg"]}]}},"_links":{"self":[{"href":"https:\/\/naturalpoland.com\/fi\/wp-json\/wp\/v2\/product\/31899","targetHints":{"allow":["GET"]}}],"collection":[{"href":"https:\/\/naturalpoland.com\/fi\/wp-json\/wp\/v2\/product"}],"about":[{"href":"https:\/\/naturalpoland.com\/fi\/wp-json\/wp\/v2\/types\/product"}],"wp:featuredmedia":[{"embeddable":true,"href":"https:\/\/naturalpoland.com\/fi\/wp-json\/wp\/v2\/media\/31627"}],"wp:attachment":[{"href":"https:\/\/naturalpoland.com\/fi\/wp-json\/wp\/v2\/media?parent=31899"}],"wp:term":[{"taxonomy":"product_brand","embeddable":true,"href":"https:\/\/naturalpoland.com\/fi\/wp-json\/wp\/v2\/product_brand?post=31899"},{"taxonomy":"product_cat","embeddable":true,"href":"https:\/\/naturalpoland.com\/fi\/wp-json\/wp\/v2\/product_cat?post=31899"},{"taxonomy":"product_tag","embeddable":true,"href":"https:\/\/naturalpoland.com\/fi\/wp-json\/wp\/v2\/product_tag?post=31899"}],"curies":[{"name":"wp","href":"https:\/\/api.w.org\/{rel}","templated":true}]}}