{"id":31911,"date":"2024-05-08T16:15:00","date_gmt":"2024-05-13T11:39:20","guid":{"rendered":"https:\/\/naturalpoland.com\/produkty\/Ei-luokiteltu\/appelsiininkukkahydrolaatti\/"},"modified":"2024-05-13T13:39:20","modified_gmt":"2024-05-13T11:39:20","slug":"appelsiininkukkahydrolaatti","status":"publish","type":"product","link":"https:\/\/naturalpoland.com\/fi\/tuotteet\/kosmetiikkateollisuuden-tuotteet\/kukkaisvedet\/appelsiininkukkahydrolaatti\/","title":{"rendered":"Appelsiininkukkahydrolaatti"},"content":{"rendered":"<h3>Ominaisuudet ja koostumus<\/h3>\n<p>Appelsiininkukkahydrolaatti sis\u00e4lt\u00e4\u00e4 runsaasti luonnollisia aktiivisia ainesosia, kuten antioksidantteja, jotka auttavat suojaamaan ihoa ulkoisten tekij\u00f6iden ja saasteiden aiheuttamilta vaurioilta. Vitamiinipitoisuutensa, mukaan lukien C-vitamiini, ansiosta t\u00e4m\u00e4 kosteusvoide ravitsee ihoa, parantaa sen hehkua ja vahvistaa sen suojaverkkoa.<\/p>\n<h3>Kosmeettiset sovellukset<\/h3>\n<p>Tonisoivien ominaisuuksiensa ansiosta appelsiininkukkahydrolaatti on ihanteellinen niille, joilla on v\u00e4synyt, harmaa ja kalpea iho. S\u00e4\u00e4nn\u00f6llinen k\u00e4ytt\u00f6 auttaa palauttamaan ihon pH-tasapainon, pienent\u00e4\u00e4 ihohuokosia ja palauttaa terveen, s\u00e4teilev\u00e4n ihon.<\/p>\n<p>T\u00e4m\u00e4 hydrolaatti on my\u00f6s erinomainen valinta niille, joilla on herkk\u00e4 ja \u00e4rtynyt iho, sill\u00e4 se rauhoittaa ja rauhoittaa ja auttaa v\u00e4hent\u00e4m\u00e4\u00e4n punoitusta ja \u00e4rsytyst\u00e4. Sit\u00e4 voidaan k\u00e4ytt\u00e4\u00e4 kasvojen puhdistuksen j\u00e4lkeen virkist\u00e4v\u00e4n\u00e4 kasvoveten\u00e4, virkist\u00e4v\u00e4n\u00e4 sumuna p\u00e4iv\u00e4n aikana sek\u00e4 naamioiden ja muiden ihonhoitotuotteiden ainesosana.<\/p>\n<h3>Hy\u00f6dyt iholle<\/h3>\n<ul>\n<li><strong>Tonisointi<\/strong>: hydrolaatti auttaa palauttamaan ihon oikean pH-arvon, joka on avainasemassa ihon pit\u00e4misess\u00e4 terveen\u00e4 ja asianmukaisesti kosteutettuna.<\/li>\n<li><strong>Virvokkeita<\/strong>: Virkist\u00e4v\u00e4 vaikutus ihoon, auttaa sit\u00e4 saamaan takaisin s\u00e4teilevyytens\u00e4 ja raikkautensa.<\/li>\n<li><strong>Tuoksu<\/strong>: Hienovarainen kukkaistuoksu rentouttaa ja parantaa mielialaa samalla kun se tuoksuttaa ihoa hell\u00e4varaisesti.<\/li>\n<\/ul>\n","protected":false},"excerpt":{"rendered":"<p>Appelsiininkukkahydrolaatti, joka tunnetaan my\u00f6s nimell\u00e4 <strong>neroli-kukkavesi<\/strong>, saadaan h\u00f6yrytislaamalla karviappelsiinipuun herkist\u00e4 kukista. Sill\u00e4 on s\u00e4vytt\u00e4vi\u00e4 ja virkist\u00e4vi\u00e4 ominaisuuksia sek\u00e4 kyky antaa iholle hennon makea, kukkainen tuoksu.<\/p>\n","protected":false},"featured_media":31653,"template":"","meta":{"_acf_changed":false},"product_brand":[],"product_cat":[3550],"product_tag":[],"class_list":{"0":"post-31911","1":"product","2":"type-product","3":"status-publish","4":"has-post-thumbnail","6":"product_cat-kukkaisvedet","7":"pa_grupa-substancji-tisleet","9":"first","10":"instock","11":"shipping-taxable","12":"product-type-simple"},"acf":[],"yoast_head":"<!-- This site is optimized with the Yoast SEO plugin v27.5 - https:\/\/yoast.com\/product\/yoast-seo-wordpress\/ -->\n<title>Appelsiininkukkahydrolaatti - Tukkudistribuutio<\/title>\n<meta name=\"description\" content=\"Appelsiininkukkahydrolaattia, joka tunnetaan my\u00f6s nimell\u00e4 neroli-kukkavesi, arvostetaan sen virkist\u00e4vien ja virkist\u00e4vien ominaisuuksien vuoksi.\" \/>\n<meta name=\"robots\" content=\"index, follow, max-snippet:-1, max-image-preview:large, max-video-preview:-1\" \/>\n<link rel=\"canonical\" href=\"https:\/\/naturalpoland.com\/fi\/tuotteet\/kosmetiikkateollisuuden-tuotteet\/kukkaisvedet\/appelsiininkukkahydrolaatti\/\" \/>\n<meta property=\"og:locale\" content=\"fi_FI\" \/>\n<meta property=\"og:type\" content=\"article\" \/>\n<meta property=\"og:title\" content=\"Appelsiininkukkahydrolaatti - Tukkudistribuutio\" \/>\n<meta property=\"og:description\" content=\"Appelsiininkukkahydrolaattia, joka tunnetaan my\u00f6s nimell\u00e4 neroli-kukkavesi, arvostetaan sen virkist\u00e4vien ja virkist\u00e4vien ominaisuuksien vuoksi.\" \/>\n<meta property=\"og:url\" content=\"https:\/\/naturalpoland.com\/fi\/tuotteet\/kosmetiikkateollisuuden-tuotteet\/kukkaisvedet\/appelsiininkukkahydrolaatti\/\" \/>\n<meta property=\"og:site_name\" content=\"NATURAL POLAND - RAAKA-AINEIDEN TUKKUJAKELIJA\" \/>\n<meta property=\"article:publisher\" content=\"https:\/\/www.facebook.com\/naturalpoland.b2b\" \/>\n<meta property=\"og:image\" content=\"https:\/\/naturalpoland.com\/wp-content\/uploads\/hydrolat-z-kwiatow-pomaranczy.webp\" \/>\n\t<meta property=\"og:image:width\" content=\"1024\" \/>\n\t<meta property=\"og:image:height\" content=\"1024\" \/>\n\t<meta property=\"og:image:type\" content=\"image\/webp\" \/>\n<script type=\"application\/ld+json\" class=\"yoast-schema-graph\">{\"@context\":\"https:\\\/\\\/schema.org\",\"@graph\":[{\"@type\":\"WebPage\",\"@id\":\"https:\\\/\\\/naturalpoland.com\\\/fi\\\/tuotteet\\\/kosmetiikkateollisuuden-tuotteet\\\/kukkaisvedet\\\/appelsiininkukkahydrolaatti\\\/\",\"url\":\"https:\\\/\\\/naturalpoland.com\\\/fi\\\/tuotteet\\\/kosmetiikkateollisuuden-tuotteet\\\/kukkaisvedet\\\/appelsiininkukkahydrolaatti\\\/\",\"name\":\"Appelsiininkukkahydrolaatti - Tukkudistribuutio\",\"isPartOf\":{\"@id\":\"https:\\\/\\\/naturalpoland.com\\\/fi\\\/#website\"},\"primaryImageOfPage\":{\"@id\":\"https:\\\/\\\/naturalpoland.com\\\/fi\\\/tuotteet\\\/kosmetiikkateollisuuden-tuotteet\\\/kukkaisvedet\\\/appelsiininkukkahydrolaatti\\\/#primaryimage\"},\"image\":{\"@id\":\"https:\\\/\\\/naturalpoland.com\\\/fi\\\/tuotteet\\\/kosmetiikkateollisuuden-tuotteet\\\/kukkaisvedet\\\/appelsiininkukkahydrolaatti\\\/#primaryimage\"},\"thumbnailUrl\":\"https:\\\/\\\/naturalpoland.com\\\/wp-content\\\/uploads\\\/hydrolat-z-kwiatow-pomaranczy.webp\",\"datePublished\":\"2024-05-13T11:39:20+00:00\",\"description\":\"Appelsiininkukkahydrolaattia, joka tunnetaan my\u00f6s nimell\u00e4 neroli-kukkavesi, arvostetaan sen virkist\u00e4vien ja virkist\u00e4vien ominaisuuksien vuoksi.\",\"breadcrumb\":{\"@id\":\"https:\\\/\\\/naturalpoland.com\\\/fi\\\/tuotteet\\\/kosmetiikkateollisuuden-tuotteet\\\/kukkaisvedet\\\/appelsiininkukkahydrolaatti\\\/#breadcrumb\"},\"inLanguage\":\"fi\",\"potentialAction\":[{\"@type\":\"ReadAction\",\"target\":[\"https:\\\/\\\/naturalpoland.com\\\/fi\\\/tuotteet\\\/kosmetiikkateollisuuden-tuotteet\\\/kukkaisvedet\\\/appelsiininkukkahydrolaatti\\\/\"]}]},{\"@type\":\"ImageObject\",\"inLanguage\":\"fi\",\"@id\":\"https:\\\/\\\/naturalpoland.com\\\/fi\\\/tuotteet\\\/kosmetiikkateollisuuden-tuotteet\\\/kukkaisvedet\\\/appelsiininkukkahydrolaatti\\\/#primaryimage\",\"url\":\"https:\\\/\\\/naturalpoland.com\\\/wp-content\\\/uploads\\\/hydrolat-z-kwiatow-pomaranczy.webp\",\"contentUrl\":\"https:\\\/\\\/naturalpoland.com\\\/wp-content\\\/uploads\\\/hydrolat-z-kwiatow-pomaranczy.webp\",\"width\":1024,\"height\":1024,\"caption\":\"hydrolat z kwiat\u00f3w pomara\u0144czy\"},{\"@type\":\"BreadcrumbList\",\"@id\":\"https:\\\/\\\/naturalpoland.com\\\/fi\\\/tuotteet\\\/kosmetiikkateollisuuden-tuotteet\\\/kukkaisvedet\\\/appelsiininkukkahydrolaatti\\\/#breadcrumb\",\"itemListElement\":[{\"@type\":\"ListItem\",\"position\":1,\"name\":\"Etusivu\",\"item\":\"https:\\\/\\\/naturalpoland.com\\\/fi\\\/\"},{\"@type\":\"ListItem\",\"position\":2,\"name\":\"Tuotteet\",\"item\":\"https:\\\/\\\/naturalpoland.com\\\/fi\\\/tuotteet\\\/\"},{\"@type\":\"ListItem\",\"position\":3,\"name\":\"Appelsiininkukkahydrolaatti\"}]},{\"@type\":\"WebSite\",\"@id\":\"https:\\\/\\\/naturalpoland.com\\\/fi\\\/#website\",\"url\":\"https:\\\/\\\/naturalpoland.com\\\/fi\\\/\",\"name\":\"NATURAL POLAND - RAAKA-AINEIDEN TUKKUJAKELIJA\",\"description\":\"Surowce dla przemys\u0142u spo\u017cywczego, kosmetycznego i farmaceutycznego\",\"publisher\":{\"@id\":\"https:\\\/\\\/naturalpoland.com\\\/fi\\\/#organization\"},\"potentialAction\":[{\"@type\":\"SearchAction\",\"target\":{\"@type\":\"EntryPoint\",\"urlTemplate\":\"https:\\\/\\\/naturalpoland.com\\\/fi\\\/?s={search_term_string}\"},\"query-input\":{\"@type\":\"PropertyValueSpecification\",\"valueRequired\":true,\"valueName\":\"search_term_string\"}}],\"inLanguage\":\"fi\"},{\"@type\":\"Organization\",\"@id\":\"https:\\\/\\\/naturalpoland.com\\\/fi\\\/#organization\",\"name\":\"Natural Poland\",\"url\":\"https:\\\/\\\/naturalpoland.com\\\/fi\\\/\",\"logo\":{\"@type\":\"ImageObject\",\"inLanguage\":\"fi\",\"@id\":\"https:\\\/\\\/naturalpoland.com\\\/fi\\\/#\\\/schema\\\/logo\\\/image\\\/\",\"url\":\"https:\\\/\\\/naturalpoland.com\\\/wp-content\\\/uploads\\\/2021\\\/05\\\/natural-poland-icon.png\",\"contentUrl\":\"https:\\\/\\\/naturalpoland.com\\\/wp-content\\\/uploads\\\/2021\\\/05\\\/natural-poland-icon.png\",\"width\":512,\"height\":512,\"caption\":\"Natural Poland\"},\"image\":{\"@id\":\"https:\\\/\\\/naturalpoland.com\\\/fi\\\/#\\\/schema\\\/logo\\\/image\\\/\"},\"sameAs\":[\"https:\\\/\\\/www.facebook.com\\\/naturalpoland.b2b\",\"https:\\\/\\\/pl.linkedin.com\\\/company\\\/natural-poland\",\"https:\\\/\\\/www.youtube.com\\\/channel\\\/UCgeGGkvOMahZo-xu_MSEWxg\"]}]}<\/script>\n<!-- \/ Yoast SEO plugin. -->","yoast_head_json":{"title":"Appelsiininkukkahydrolaatti - Tukkudistribuutio","description":"Appelsiininkukkahydrolaattia, joka tunnetaan my\u00f6s nimell\u00e4 neroli-kukkavesi, arvostetaan sen virkist\u00e4vien ja virkist\u00e4vien ominaisuuksien vuoksi.","robots":{"index":"index","follow":"follow","max-snippet":"max-snippet:-1","max-image-preview":"max-image-preview:large","max-video-preview":"max-video-preview:-1"},"canonical":"https:\/\/naturalpoland.com\/fi\/tuotteet\/kosmetiikkateollisuuden-tuotteet\/kukkaisvedet\/appelsiininkukkahydrolaatti\/","og_locale":"fi_FI","og_type":"article","og_title":"Appelsiininkukkahydrolaatti - Tukkudistribuutio","og_description":"Appelsiininkukkahydrolaattia, joka tunnetaan my\u00f6s nimell\u00e4 neroli-kukkavesi, arvostetaan sen virkist\u00e4vien ja virkist\u00e4vien ominaisuuksien vuoksi.","og_url":"https:\/\/naturalpoland.com\/fi\/tuotteet\/kosmetiikkateollisuuden-tuotteet\/kukkaisvedet\/appelsiininkukkahydrolaatti\/","og_site_name":"NATURAL POLAND - RAAKA-AINEIDEN TUKKUJAKELIJA","article_publisher":"https:\/\/www.facebook.com\/naturalpoland.b2b","og_image":[{"width":1024,"height":1024,"url":"https:\/\/naturalpoland.com\/wp-content\/uploads\/hydrolat-z-kwiatow-pomaranczy.webp","type":"image\/webp"}],"schema":{"@context":"https:\/\/schema.org","@graph":[{"@type":"WebPage","@id":"https:\/\/naturalpoland.com\/fi\/tuotteet\/kosmetiikkateollisuuden-tuotteet\/kukkaisvedet\/appelsiininkukkahydrolaatti\/","url":"https:\/\/naturalpoland.com\/fi\/tuotteet\/kosmetiikkateollisuuden-tuotteet\/kukkaisvedet\/appelsiininkukkahydrolaatti\/","name":"Appelsiininkukkahydrolaatti - Tukkudistribuutio","isPartOf":{"@id":"https:\/\/naturalpoland.com\/fi\/#website"},"primaryImageOfPage":{"@id":"https:\/\/naturalpoland.com\/fi\/tuotteet\/kosmetiikkateollisuuden-tuotteet\/kukkaisvedet\/appelsiininkukkahydrolaatti\/#primaryimage"},"image":{"@id":"https:\/\/naturalpoland.com\/fi\/tuotteet\/kosmetiikkateollisuuden-tuotteet\/kukkaisvedet\/appelsiininkukkahydrolaatti\/#primaryimage"},"thumbnailUrl":"https:\/\/naturalpoland.com\/wp-content\/uploads\/hydrolat-z-kwiatow-pomaranczy.webp","datePublished":"2024-05-13T11:39:20+00:00","description":"Appelsiininkukkahydrolaattia, joka tunnetaan my\u00f6s nimell\u00e4 neroli-kukkavesi, arvostetaan sen virkist\u00e4vien ja virkist\u00e4vien ominaisuuksien vuoksi.","breadcrumb":{"@id":"https:\/\/naturalpoland.com\/fi\/tuotteet\/kosmetiikkateollisuuden-tuotteet\/kukkaisvedet\/appelsiininkukkahydrolaatti\/#breadcrumb"},"inLanguage":"fi","potentialAction":[{"@type":"ReadAction","target":["https:\/\/naturalpoland.com\/fi\/tuotteet\/kosmetiikkateollisuuden-tuotteet\/kukkaisvedet\/appelsiininkukkahydrolaatti\/"]}]},{"@type":"ImageObject","inLanguage":"fi","@id":"https:\/\/naturalpoland.com\/fi\/tuotteet\/kosmetiikkateollisuuden-tuotteet\/kukkaisvedet\/appelsiininkukkahydrolaatti\/#primaryimage","url":"https:\/\/naturalpoland.com\/wp-content\/uploads\/hydrolat-z-kwiatow-pomaranczy.webp","contentUrl":"https:\/\/naturalpoland.com\/wp-content\/uploads\/hydrolat-z-kwiatow-pomaranczy.webp","width":1024,"height":1024,"caption":"hydrolat z kwiat\u00f3w pomara\u0144czy"},{"@type":"BreadcrumbList","@id":"https:\/\/naturalpoland.com\/fi\/tuotteet\/kosmetiikkateollisuuden-tuotteet\/kukkaisvedet\/appelsiininkukkahydrolaatti\/#breadcrumb","itemListElement":[{"@type":"ListItem","position":1,"name":"Etusivu","item":"https:\/\/naturalpoland.com\/fi\/"},{"@type":"ListItem","position":2,"name":"Tuotteet","item":"https:\/\/naturalpoland.com\/fi\/tuotteet\/"},{"@type":"ListItem","position":3,"name":"Appelsiininkukkahydrolaatti"}]},{"@type":"WebSite","@id":"https:\/\/naturalpoland.com\/fi\/#website","url":"https:\/\/naturalpoland.com\/fi\/","name":"NATURAL POLAND - RAAKA-AINEIDEN TUKKUJAKELIJA","description":"Surowce dla przemys\u0142u spo\u017cywczego, kosmetycznego i farmaceutycznego","publisher":{"@id":"https:\/\/naturalpoland.com\/fi\/#organization"},"potentialAction":[{"@type":"SearchAction","target":{"@type":"EntryPoint","urlTemplate":"https:\/\/naturalpoland.com\/fi\/?s={search_term_string}"},"query-input":{"@type":"PropertyValueSpecification","valueRequired":true,"valueName":"search_term_string"}}],"inLanguage":"fi"},{"@type":"Organization","@id":"https:\/\/naturalpoland.com\/fi\/#organization","name":"Natural Poland","url":"https:\/\/naturalpoland.com\/fi\/","logo":{"@type":"ImageObject","inLanguage":"fi","@id":"https:\/\/naturalpoland.com\/fi\/#\/schema\/logo\/image\/","url":"https:\/\/naturalpoland.com\/wp-content\/uploads\/2021\/05\/natural-poland-icon.png","contentUrl":"https:\/\/naturalpoland.com\/wp-content\/uploads\/2021\/05\/natural-poland-icon.png","width":512,"height":512,"caption":"Natural Poland"},"image":{"@id":"https:\/\/naturalpoland.com\/fi\/#\/schema\/logo\/image\/"},"sameAs":["https:\/\/www.facebook.com\/naturalpoland.b2b","https:\/\/pl.linkedin.com\/company\/natural-poland","https:\/\/www.youtube.com\/channel\/UCgeGGkvOMahZo-xu_MSEWxg"]}]}},"_links":{"self":[{"href":"https:\/\/naturalpoland.com\/fi\/wp-json\/wp\/v2\/product\/31911","targetHints":{"allow":["GET"]}}],"collection":[{"href":"https:\/\/naturalpoland.com\/fi\/wp-json\/wp\/v2\/product"}],"about":[{"href":"https:\/\/naturalpoland.com\/fi\/wp-json\/wp\/v2\/types\/product"}],"wp:featuredmedia":[{"embeddable":true,"href":"https:\/\/naturalpoland.com\/fi\/wp-json\/wp\/v2\/media\/31653"}],"wp:attachment":[{"href":"https:\/\/naturalpoland.com\/fi\/wp-json\/wp\/v2\/media?parent=31911"}],"wp:term":[{"taxonomy":"product_brand","embeddable":true,"href":"https:\/\/naturalpoland.com\/fi\/wp-json\/wp\/v2\/product_brand?post=31911"},{"taxonomy":"product_cat","embeddable":true,"href":"https:\/\/naturalpoland.com\/fi\/wp-json\/wp\/v2\/product_cat?post=31911"},{"taxonomy":"product_tag","embeddable":true,"href":"https:\/\/naturalpoland.com\/fi\/wp-json\/wp\/v2\/product_tag?post=31911"}],"curies":[{"name":"wp","href":"https:\/\/api.w.org\/{rel}","templated":true}]}}