{"id":32234,"date":"2024-05-17T11:26:28","date_gmt":"2024-05-17T12:45:23","guid":{"rendered":"https:\/\/naturalpoland.com\/produkty\/Ei-luokiteltu\/d3-vitamiini-kolekalsiferoli\/"},"modified":"2024-07-24T10:54:07","modified_gmt":"2024-07-24T08:54:07","slug":"d3-vitamiini-kolekalsiferoli","status":"publish","type":"product","link":"https:\/\/naturalpoland.com\/fi\/tuotteet\/laaketeollisuuden-tuotteet\/vitamiinit\/d3-vitamiini-kolekalsiferoli\/","title":{"rendered":"D3-vitamiini, kolekalsiferoli"},"content":{"rendered":"<p>D3-vitamiinia tuotetaan luonnostaan ihmisen ihossa, kun se altistuu auringonvalolle (UVB), mutta koska auringolle altistuminen on v\u00e4h\u00e4ist\u00e4 erityisesti lauhkeissa ilmastoissa, lis\u00e4ravinteet ovat usein tarpeen. <\/p>\n<h3>D3-vitamiinin ominaisuudet<\/h3>\n<p> D3-vitamiini on raaka-aine, jota k\u00e4ytet\u00e4\u00e4n laajalti ravintolisien ja t\u00e4ydennettyjen elintarvikkeiden, kuten maidon, jogurtin ja aamiaismurojen, valmistuksessa. Se nostaa ja yll\u00e4pit\u00e4\u00e4 elimist\u00f6n D-vitamiinitasoja tehokkaammin kuin sen kasviper\u00e4inen vastine, D2-vitamiini (ergokalsiferoli). <\/p>\n<h3>Ominaisuudet ja sovellukset<\/h3>\n<ol>\n<li>D3-vitamiini on v\u00e4ltt\u00e4m\u00e4t\u00f6n vahvan luuston rakentamiseksi ja yll\u00e4pit\u00e4miseksi sek\u00e4 osteoporoosin ehk\u00e4isemiseksi, sill\u00e4 se s\u00e4\u00e4telee kalsiumin ja fosforin imeytymist\u00e4 ruoansulatuskanavasta.<\/li>\n<li>Tukee immuunij\u00e4rjestelm\u00e4\u00e4 ja suojaa kehoa infektioilta. Se voi v\u00e4hent\u00e4\u00e4 tiettyjen autoimmuunisairauksien riski\u00e4.<\/li>\n<li>Sill\u00e4 on ennaltaehk\u00e4isev\u00e4 vaikutus kroonisia sairauksia, kuten tiettyj\u00e4 sy\u00f6p\u00e4tyyppej\u00e4, syd\u00e4nsairauksia ja diabetesta vastaan.<\/li>\n<li>Tukee mielenterveytt\u00e4. Sen puutteet saattavat korreloida suurempaan riskiin sairastua mielialah\u00e4iri\u00f6ihin, kuten masennukseen.<\/li>\n<\/ol>\n<h3>D3-vitamiini raakamuoto<\/h3>\n<p> Raakaa D3-vitamiinia on yleens\u00e4 saatavilla \u00f6ljym\u00e4isess\u00e4 muodossa tai jauheena, joka voidaan helposti sis\u00e4llytt\u00e4\u00e4 ravintolisien, t\u00e4ydennettyjen elintarvikkeiden ja farmaseuttisten tuotteiden valmistukseen. \u00d6ljyinen muoto soveltuu erityisen hyvin D3-vitamiinin imeytymist\u00e4 helpottavien pehmeiden geelikapselien ja nestem\u00e4isten valmisteiden valmistukseen.<\/p>\n","protected":false},"excerpt":{"rendered":"<p>D3-vitamiini, joka tunnetaan my\u00f6s nimell\u00e4 kolekalsiferoli, on D-vitamiinin muoto, jolla on keskeinen rooli monissa ihmiskehon terveysprosesseissa, kuten kalsium- ja fosforitasojen s\u00e4\u00e4telyss\u00e4. Se on ratkaisevan t\u00e4rke\u00e4\u00e4 luun ja hampaiden terveyden kannalta.<\/p>\n","protected":false},"featured_media":32122,"template":"","meta":[],"product_brand":[],"product_cat":[537],"product_tag":[],"class_list":{"0":"post-32234","1":"product","2":"type-product","3":"status-publish","4":"has-post-thumbnail","6":"product_cat-vitamiinit","8":"first","9":"instock","10":"shipping-taxable","11":"product-type-simple"},"yoast_head":"<!-- This site is optimized with the Yoast SEO plugin v27.4 - https:\/\/yoast.com\/product\/yoast-seo-wordpress\/ -->\n<title>D3-vitamiini, kolekalsiferoli - Tukkudistribuutio<\/title>\n<meta name=\"description\" content=\"D3-vitamiini, joka tunnetaan my\u00f6s nimell\u00e4 kolekalsiferoli, on D-vitamiinin muoto, jolla on keskeinen rooli monissa elimist\u00f6n terveysprosesseissa.\" \/>\n<meta name=\"robots\" content=\"index, follow, max-snippet:-1, max-image-preview:large, max-video-preview:-1\" \/>\n<link rel=\"canonical\" href=\"https:\/\/naturalpoland.com\/fi\/tuotteet\/laaketeollisuuden-tuotteet\/vitamiinit\/d3-vitamiini-kolekalsiferoli\/\" \/>\n<meta property=\"og:locale\" content=\"fi_FI\" \/>\n<meta property=\"og:type\" content=\"article\" \/>\n<meta property=\"og:title\" content=\"D3-vitamiini, kolekalsiferoli - Tukkudistribuutio\" \/>\n<meta property=\"og:description\" content=\"D3-vitamiini, joka tunnetaan my\u00f6s nimell\u00e4 kolekalsiferoli, on D-vitamiinin muoto, jolla on keskeinen rooli monissa elimist\u00f6n terveysprosesseissa.\" \/>\n<meta property=\"og:url\" content=\"https:\/\/naturalpoland.com\/fi\/tuotteet\/laaketeollisuuden-tuotteet\/vitamiinit\/d3-vitamiini-kolekalsiferoli\/\" \/>\n<meta property=\"og:site_name\" content=\"NATURAL POLAND - RAAKA-AINEIDEN TUKKUJAKELIJA\" \/>\n<meta property=\"article:publisher\" content=\"https:\/\/www.facebook.com\/naturalpoland.b2b\" \/>\n<meta property=\"article:modified_time\" content=\"2024-07-24T08:54:07+00:00\" \/>\n<meta property=\"og:image\" content=\"https:\/\/naturalpoland.com\/wp-content\/uploads\/witamina-d3.webp\" \/>\n\t<meta property=\"og:image:width\" content=\"616\" \/>\n\t<meta property=\"og:image:height\" content=\"616\" \/>\n\t<meta property=\"og:image:type\" content=\"image\/webp\" \/>\n<script type=\"application\/ld+json\" class=\"yoast-schema-graph\">{\"@context\":\"https:\\\/\\\/schema.org\",\"@graph\":[{\"@type\":\"WebPage\",\"@id\":\"https:\\\/\\\/naturalpoland.com\\\/fi\\\/tuotteet\\\/laaketeollisuuden-tuotteet\\\/vitamiinit\\\/d3-vitamiini-kolekalsiferoli\\\/\",\"url\":\"https:\\\/\\\/naturalpoland.com\\\/fi\\\/tuotteet\\\/laaketeollisuuden-tuotteet\\\/vitamiinit\\\/d3-vitamiini-kolekalsiferoli\\\/\",\"name\":\"D3-vitamiini, kolekalsiferoli - Tukkudistribuutio\",\"isPartOf\":{\"@id\":\"https:\\\/\\\/naturalpoland.com\\\/fi\\\/#website\"},\"primaryImageOfPage\":{\"@id\":\"https:\\\/\\\/naturalpoland.com\\\/fi\\\/tuotteet\\\/laaketeollisuuden-tuotteet\\\/vitamiinit\\\/d3-vitamiini-kolekalsiferoli\\\/#primaryimage\"},\"image\":{\"@id\":\"https:\\\/\\\/naturalpoland.com\\\/fi\\\/tuotteet\\\/laaketeollisuuden-tuotteet\\\/vitamiinit\\\/d3-vitamiini-kolekalsiferoli\\\/#primaryimage\"},\"thumbnailUrl\":\"https:\\\/\\\/naturalpoland.com\\\/wp-content\\\/uploads\\\/witamina-d3.webp\",\"datePublished\":\"2024-05-17T12:45:23+00:00\",\"dateModified\":\"2024-07-24T08:54:07+00:00\",\"description\":\"D3-vitamiini, joka tunnetaan my\u00f6s nimell\u00e4 kolekalsiferoli, on D-vitamiinin muoto, jolla on keskeinen rooli monissa elimist\u00f6n terveysprosesseissa.\",\"breadcrumb\":{\"@id\":\"https:\\\/\\\/naturalpoland.com\\\/fi\\\/tuotteet\\\/laaketeollisuuden-tuotteet\\\/vitamiinit\\\/d3-vitamiini-kolekalsiferoli\\\/#breadcrumb\"},\"inLanguage\":\"fi\",\"potentialAction\":[{\"@type\":\"ReadAction\",\"target\":[\"https:\\\/\\\/naturalpoland.com\\\/fi\\\/tuotteet\\\/laaketeollisuuden-tuotteet\\\/vitamiinit\\\/d3-vitamiini-kolekalsiferoli\\\/\"]}]},{\"@type\":\"ImageObject\",\"inLanguage\":\"fi\",\"@id\":\"https:\\\/\\\/naturalpoland.com\\\/fi\\\/tuotteet\\\/laaketeollisuuden-tuotteet\\\/vitamiinit\\\/d3-vitamiini-kolekalsiferoli\\\/#primaryimage\",\"url\":\"https:\\\/\\\/naturalpoland.com\\\/wp-content\\\/uploads\\\/witamina-d3.webp\",\"contentUrl\":\"https:\\\/\\\/naturalpoland.com\\\/wp-content\\\/uploads\\\/witamina-d3.webp\",\"width\":616,\"height\":616,\"caption\":\"witamina D3\"},{\"@type\":\"BreadcrumbList\",\"@id\":\"https:\\\/\\\/naturalpoland.com\\\/fi\\\/tuotteet\\\/laaketeollisuuden-tuotteet\\\/vitamiinit\\\/d3-vitamiini-kolekalsiferoli\\\/#breadcrumb\",\"itemListElement\":[{\"@type\":\"ListItem\",\"position\":1,\"name\":\"Etusivu\",\"item\":\"https:\\\/\\\/naturalpoland.com\\\/fi\\\/\"},{\"@type\":\"ListItem\",\"position\":2,\"name\":\"Tuotteet\",\"item\":\"https:\\\/\\\/naturalpoland.com\\\/fi\\\/tuotteet\\\/\"},{\"@type\":\"ListItem\",\"position\":3,\"name\":\"D3-vitamiini, kolekalsiferoli\"}]},{\"@type\":\"WebSite\",\"@id\":\"https:\\\/\\\/naturalpoland.com\\\/fi\\\/#website\",\"url\":\"https:\\\/\\\/naturalpoland.com\\\/fi\\\/\",\"name\":\"NATURAL POLAND - RAAKA-AINEIDEN TUKKUJAKELIJA\",\"description\":\"Surowce dla przemys\u0142u spo\u017cywczego, kosmetycznego i farmaceutycznego\",\"publisher\":{\"@id\":\"https:\\\/\\\/naturalpoland.com\\\/fi\\\/#organization\"},\"potentialAction\":[{\"@type\":\"SearchAction\",\"target\":{\"@type\":\"EntryPoint\",\"urlTemplate\":\"https:\\\/\\\/naturalpoland.com\\\/fi\\\/?s={search_term_string}\"},\"query-input\":{\"@type\":\"PropertyValueSpecification\",\"valueRequired\":true,\"valueName\":\"search_term_string\"}}],\"inLanguage\":\"fi\"},{\"@type\":\"Organization\",\"@id\":\"https:\\\/\\\/naturalpoland.com\\\/fi\\\/#organization\",\"name\":\"Natural Poland\",\"url\":\"https:\\\/\\\/naturalpoland.com\\\/fi\\\/\",\"logo\":{\"@type\":\"ImageObject\",\"inLanguage\":\"fi\",\"@id\":\"https:\\\/\\\/naturalpoland.com\\\/fi\\\/#\\\/schema\\\/logo\\\/image\\\/\",\"url\":\"https:\\\/\\\/naturalpoland.com\\\/wp-content\\\/uploads\\\/2021\\\/05\\\/natural-poland-icon.png\",\"contentUrl\":\"https:\\\/\\\/naturalpoland.com\\\/wp-content\\\/uploads\\\/2021\\\/05\\\/natural-poland-icon.png\",\"width\":512,\"height\":512,\"caption\":\"Natural Poland\"},\"image\":{\"@id\":\"https:\\\/\\\/naturalpoland.com\\\/fi\\\/#\\\/schema\\\/logo\\\/image\\\/\"},\"sameAs\":[\"https:\\\/\\\/www.facebook.com\\\/naturalpoland.b2b\",\"https:\\\/\\\/pl.linkedin.com\\\/company\\\/natural-poland\",\"https:\\\/\\\/www.youtube.com\\\/channel\\\/UCgeGGkvOMahZo-xu_MSEWxg\"]}]}<\/script>\n<!-- \/ Yoast SEO plugin. -->","yoast_head_json":{"title":"D3-vitamiini, kolekalsiferoli - Tukkudistribuutio","description":"D3-vitamiini, joka tunnetaan my\u00f6s nimell\u00e4 kolekalsiferoli, on D-vitamiinin muoto, jolla on keskeinen rooli monissa elimist\u00f6n terveysprosesseissa.","robots":{"index":"index","follow":"follow","max-snippet":"max-snippet:-1","max-image-preview":"max-image-preview:large","max-video-preview":"max-video-preview:-1"},"canonical":"https:\/\/naturalpoland.com\/fi\/tuotteet\/laaketeollisuuden-tuotteet\/vitamiinit\/d3-vitamiini-kolekalsiferoli\/","og_locale":"fi_FI","og_type":"article","og_title":"D3-vitamiini, kolekalsiferoli - Tukkudistribuutio","og_description":"D3-vitamiini, joka tunnetaan my\u00f6s nimell\u00e4 kolekalsiferoli, on D-vitamiinin muoto, jolla on keskeinen rooli monissa elimist\u00f6n terveysprosesseissa.","og_url":"https:\/\/naturalpoland.com\/fi\/tuotteet\/laaketeollisuuden-tuotteet\/vitamiinit\/d3-vitamiini-kolekalsiferoli\/","og_site_name":"NATURAL POLAND - RAAKA-AINEIDEN TUKKUJAKELIJA","article_publisher":"https:\/\/www.facebook.com\/naturalpoland.b2b","article_modified_time":"2024-07-24T08:54:07+00:00","og_image":[{"width":616,"height":616,"url":"https:\/\/naturalpoland.com\/wp-content\/uploads\/witamina-d3.webp","type":"image\/webp"}],"schema":{"@context":"https:\/\/schema.org","@graph":[{"@type":"WebPage","@id":"https:\/\/naturalpoland.com\/fi\/tuotteet\/laaketeollisuuden-tuotteet\/vitamiinit\/d3-vitamiini-kolekalsiferoli\/","url":"https:\/\/naturalpoland.com\/fi\/tuotteet\/laaketeollisuuden-tuotteet\/vitamiinit\/d3-vitamiini-kolekalsiferoli\/","name":"D3-vitamiini, kolekalsiferoli - Tukkudistribuutio","isPartOf":{"@id":"https:\/\/naturalpoland.com\/fi\/#website"},"primaryImageOfPage":{"@id":"https:\/\/naturalpoland.com\/fi\/tuotteet\/laaketeollisuuden-tuotteet\/vitamiinit\/d3-vitamiini-kolekalsiferoli\/#primaryimage"},"image":{"@id":"https:\/\/naturalpoland.com\/fi\/tuotteet\/laaketeollisuuden-tuotteet\/vitamiinit\/d3-vitamiini-kolekalsiferoli\/#primaryimage"},"thumbnailUrl":"https:\/\/naturalpoland.com\/wp-content\/uploads\/witamina-d3.webp","datePublished":"2024-05-17T12:45:23+00:00","dateModified":"2024-07-24T08:54:07+00:00","description":"D3-vitamiini, joka tunnetaan my\u00f6s nimell\u00e4 kolekalsiferoli, on D-vitamiinin muoto, jolla on keskeinen rooli monissa elimist\u00f6n terveysprosesseissa.","breadcrumb":{"@id":"https:\/\/naturalpoland.com\/fi\/tuotteet\/laaketeollisuuden-tuotteet\/vitamiinit\/d3-vitamiini-kolekalsiferoli\/#breadcrumb"},"inLanguage":"fi","potentialAction":[{"@type":"ReadAction","target":["https:\/\/naturalpoland.com\/fi\/tuotteet\/laaketeollisuuden-tuotteet\/vitamiinit\/d3-vitamiini-kolekalsiferoli\/"]}]},{"@type":"ImageObject","inLanguage":"fi","@id":"https:\/\/naturalpoland.com\/fi\/tuotteet\/laaketeollisuuden-tuotteet\/vitamiinit\/d3-vitamiini-kolekalsiferoli\/#primaryimage","url":"https:\/\/naturalpoland.com\/wp-content\/uploads\/witamina-d3.webp","contentUrl":"https:\/\/naturalpoland.com\/wp-content\/uploads\/witamina-d3.webp","width":616,"height":616,"caption":"witamina D3"},{"@type":"BreadcrumbList","@id":"https:\/\/naturalpoland.com\/fi\/tuotteet\/laaketeollisuuden-tuotteet\/vitamiinit\/d3-vitamiini-kolekalsiferoli\/#breadcrumb","itemListElement":[{"@type":"ListItem","position":1,"name":"Etusivu","item":"https:\/\/naturalpoland.com\/fi\/"},{"@type":"ListItem","position":2,"name":"Tuotteet","item":"https:\/\/naturalpoland.com\/fi\/tuotteet\/"},{"@type":"ListItem","position":3,"name":"D3-vitamiini, kolekalsiferoli"}]},{"@type":"WebSite","@id":"https:\/\/naturalpoland.com\/fi\/#website","url":"https:\/\/naturalpoland.com\/fi\/","name":"NATURAL POLAND - RAAKA-AINEIDEN TUKKUJAKELIJA","description":"Surowce dla przemys\u0142u spo\u017cywczego, kosmetycznego i farmaceutycznego","publisher":{"@id":"https:\/\/naturalpoland.com\/fi\/#organization"},"potentialAction":[{"@type":"SearchAction","target":{"@type":"EntryPoint","urlTemplate":"https:\/\/naturalpoland.com\/fi\/?s={search_term_string}"},"query-input":{"@type":"PropertyValueSpecification","valueRequired":true,"valueName":"search_term_string"}}],"inLanguage":"fi"},{"@type":"Organization","@id":"https:\/\/naturalpoland.com\/fi\/#organization","name":"Natural Poland","url":"https:\/\/naturalpoland.com\/fi\/","logo":{"@type":"ImageObject","inLanguage":"fi","@id":"https:\/\/naturalpoland.com\/fi\/#\/schema\/logo\/image\/","url":"https:\/\/naturalpoland.com\/wp-content\/uploads\/2021\/05\/natural-poland-icon.png","contentUrl":"https:\/\/naturalpoland.com\/wp-content\/uploads\/2021\/05\/natural-poland-icon.png","width":512,"height":512,"caption":"Natural Poland"},"image":{"@id":"https:\/\/naturalpoland.com\/fi\/#\/schema\/logo\/image\/"},"sameAs":["https:\/\/www.facebook.com\/naturalpoland.b2b","https:\/\/pl.linkedin.com\/company\/natural-poland","https:\/\/www.youtube.com\/channel\/UCgeGGkvOMahZo-xu_MSEWxg"]}]}},"_links":{"self":[{"href":"https:\/\/naturalpoland.com\/fi\/wp-json\/wp\/v2\/product\/32234","targetHints":{"allow":["GET"]}}],"collection":[{"href":"https:\/\/naturalpoland.com\/fi\/wp-json\/wp\/v2\/product"}],"about":[{"href":"https:\/\/naturalpoland.com\/fi\/wp-json\/wp\/v2\/types\/product"}],"wp:featuredmedia":[{"embeddable":true,"href":"https:\/\/naturalpoland.com\/fi\/wp-json\/wp\/v2\/media\/32122"}],"wp:attachment":[{"href":"https:\/\/naturalpoland.com\/fi\/wp-json\/wp\/v2\/media?parent=32234"}],"wp:term":[{"taxonomy":"product_brand","embeddable":true,"href":"https:\/\/naturalpoland.com\/fi\/wp-json\/wp\/v2\/product_brand?post=32234"},{"taxonomy":"product_cat","embeddable":true,"href":"https:\/\/naturalpoland.com\/fi\/wp-json\/wp\/v2\/product_cat?post=32234"},{"taxonomy":"product_tag","embeddable":true,"href":"https:\/\/naturalpoland.com\/fi\/wp-json\/wp\/v2\/product_tag?post=32234"}],"curies":[{"name":"wp","href":"https:\/\/api.w.org\/{rel}","templated":true}]}}