{"id":32346,"date":"2024-05-20T13:40:12","date_gmt":"2024-05-20T13:25:38","guid":{"rendered":"https:\/\/naturalpoland.com\/produkty\/Ei-luokiteltu\/hydrolate-of-bergamot\/"},"modified":"2024-05-20T15:25:38","modified_gmt":"2024-05-20T13:25:38","slug":"hydrolate-of-bergamot","status":"publish","type":"product","link":"https:\/\/naturalpoland.com\/fi\/tuotteet\/kosmetiikkateollisuuden-tuotteet\/kukkaisvedet\/hydrolate-of-bergamot\/","title":{"rendered":"Bergamottihydrolaatti"},"content":{"rendered":"<p>Bergamottihydrolaatti sis\u00e4lt\u00e4\u00e4 runsaasti yhdisteit\u00e4, kuten <strong><br \/>\n  <a href=\"https:\/\/naturalpoland.com\/artykuly\/produkty-naturalne\/czym-sa-i-jak-dzialaja-flawonoidy\/\">flavonoidit<\/a><br \/>\n<\/strong> ja furanokumariineja, joilla on antioksidanttisia, antibakteerisia ja virkist\u00e4vi\u00e4 ominaisuuksia. N\u00e4iden ominaisuuksien ansiosta t\u00e4t\u00e4 hydrolaattia suositellaan erityisesti rasvoittuvalle, sekaiholle ja ihottumille alttiille iholle, sill\u00e4 se vaikuttaa puhdistavasti ja normalisoivasti talintuotantoon.<\/p>\n<h3>Bergamottihydrolaatin ominaisuudet<\/h3>\n<p>Bergamottihydrolaatti auttaa tehokkaasti poistamaan ylim\u00e4\u00e4r\u00e4ist\u00e4 talia ja ep\u00e4puhtauksia ihon pinnalta. Sen k\u00e4ytt\u00f6 auttaa v\u00e4hent\u00e4m\u00e4\u00e4n virheit\u00e4 ja parantamaan ihon yleist\u00e4 kuntoa. Sen luonnolliset antibakteeriset ominaisuudet tukevat aknen muodostumisesta vastuussa olevien bakteerien v\u00e4hent\u00e4mist\u00e4.<\/p>\n<p>Luonnollinen bergamottihydrolaatti virkist\u00e4\u00e4 ihoa ja j\u00e4tt\u00e4\u00e4 sen puhtaaksi ja s\u00e4teilev\u00e4ksi. Sit\u00e4 voidaan k\u00e4ytt\u00e4\u00e4 koko p\u00e4iv\u00e4n ajan virkist\u00e4v\u00e4n\u00e4 sumuna, joka tuo helpotusta v\u00e4syneelle ja stressaantuneelle iholle.<\/p>\n<p>Bergamotin tuoksu tunnetaan rentouttavista ja mielialaa kohottavista ominaisuuksistaan. Bergamottihydrolaatin k\u00e4ytt\u00f6 p\u00e4ivitt\u00e4isess\u00e4 ihonhoitorutiinissasi voi hy\u00f6dytt\u00e4\u00e4 ihon lis\u00e4ksi my\u00f6s mielialaa, sill\u00e4 se auttaa lievitt\u00e4m\u00e4\u00e4n j\u00e4nnityst\u00e4 ja stressi\u00e4.<\/p>\n<h3>Kosmeettiset sovellukset<\/h3>\n<p>Bergamottihydrolaattia k\u00e4ytet\u00e4\u00e4n laajalti kosmeettisissa valmisteissa, jotka vaihtelevat kasvovedist\u00e4 puhdistusgeeleihin, voiteisiin ja naamioihin. Sit\u00e4 arvostetaan erityisesti ongelmalliselle iholle tarkoitetuissa tuotteissa, joissa sen antibakteeriset ja talinerityst\u00e4 s\u00e4\u00e4telev\u00e4t vaikutukset voivat parantaa merkitt\u00e4v\u00e4sti ihon ulkon\u00e4k\u00f6\u00e4 ja terveytt\u00e4. Sen miellytt\u00e4v\u00e4 tuoksu tekee siit\u00e4 my\u00f6s halutun ainesosan aromaterapeuttisessa kosmetiikassa ja hajustetuissa ihonhoitotuotteissa.<\/p>\n","protected":false},"excerpt":{"rendered":"<p>Bergamottihydrolaatti uutetaan bergamottihedelm\u00e4n h\u00f6yrytislauksesta. Kosmetiikkateollisuudessa sit\u00e4 arvostetaan sen puhdistavien ja virkist\u00e4vien ominaisuuksien sek\u00e4 ainutlaatuisen sitruunaisen tuoksun vuoksi, joka usein yhdistet\u00e4\u00e4n suosittuun Earl Grey -teen tuoksuun.<\/p>\n","protected":false},"featured_media":32318,"template":"","meta":[],"product_brand":[],"product_cat":[3550],"product_tag":[],"class_list":{"0":"post-32346","1":"product","2":"type-product","3":"status-publish","4":"has-post-thumbnail","6":"product_cat-kukkaisvedet","7":"pa_grupa-substancji-tisleet","9":"first","10":"instock","11":"shipping-taxable","12":"product-type-simple"},"yoast_head":"<!-- This site is optimized with the Yoast SEO plugin v27.4 - https:\/\/yoast.com\/product\/yoast-seo-wordpress\/ -->\n<title>Bergamottihydrolaatti - NATURAL POLAND - RAAKA-AINEIDEN TUKKUJAKELIJA<\/title>\n<meta name=\"description\" content=\"Bergamottihydrolaatti uutetaan bergamottihedelm\u00e4n h\u00f6yrytislauksesta, ja se on luonnonkosmetiikan arvostettu raaka-aine.\" \/>\n<meta name=\"robots\" content=\"index, follow, max-snippet:-1, max-image-preview:large, max-video-preview:-1\" \/>\n<link rel=\"canonical\" href=\"https:\/\/naturalpoland.com\/fi\/tuotteet\/kosmetiikkateollisuuden-tuotteet\/kukkaisvedet\/hydrolate-of-bergamot\/\" \/>\n<meta property=\"og:locale\" content=\"fi_FI\" \/>\n<meta property=\"og:type\" content=\"article\" \/>\n<meta property=\"og:title\" content=\"Bergamottihydrolaatti - NATURAL POLAND - RAAKA-AINEIDEN TUKKUJAKELIJA\" \/>\n<meta property=\"og:description\" content=\"Bergamottihydrolaatti uutetaan bergamottihedelm\u00e4n h\u00f6yrytislauksesta, ja se on luonnonkosmetiikan arvostettu raaka-aine.\" \/>\n<meta property=\"og:url\" content=\"https:\/\/naturalpoland.com\/fi\/tuotteet\/kosmetiikkateollisuuden-tuotteet\/kukkaisvedet\/hydrolate-of-bergamot\/\" \/>\n<meta property=\"og:site_name\" content=\"NATURAL POLAND - RAAKA-AINEIDEN TUKKUJAKELIJA\" \/>\n<meta property=\"article:publisher\" content=\"https:\/\/www.facebook.com\/naturalpoland.b2b\" \/>\n<meta property=\"og:image\" content=\"https:\/\/naturalpoland.com\/wp-content\/uploads\/hydrolat-z-bergamotki.webp\" \/>\n\t<meta property=\"og:image:width\" content=\"614\" \/>\n\t<meta property=\"og:image:height\" content=\"614\" \/>\n\t<meta property=\"og:image:type\" content=\"image\/webp\" \/>\n<script type=\"application\/ld+json\" class=\"yoast-schema-graph\">{\"@context\":\"https:\\\/\\\/schema.org\",\"@graph\":[{\"@type\":\"WebPage\",\"@id\":\"https:\\\/\\\/naturalpoland.com\\\/fi\\\/tuotteet\\\/kosmetiikkateollisuuden-tuotteet\\\/kukkaisvedet\\\/hydrolate-of-bergamot\\\/\",\"url\":\"https:\\\/\\\/naturalpoland.com\\\/fi\\\/tuotteet\\\/kosmetiikkateollisuuden-tuotteet\\\/kukkaisvedet\\\/hydrolate-of-bergamot\\\/\",\"name\":\"Bergamottihydrolaatti - NATURAL POLAND - RAAKA-AINEIDEN TUKKUJAKELIJA\",\"isPartOf\":{\"@id\":\"https:\\\/\\\/naturalpoland.com\\\/fi\\\/#website\"},\"primaryImageOfPage\":{\"@id\":\"https:\\\/\\\/naturalpoland.com\\\/fi\\\/tuotteet\\\/kosmetiikkateollisuuden-tuotteet\\\/kukkaisvedet\\\/hydrolate-of-bergamot\\\/#primaryimage\"},\"image\":{\"@id\":\"https:\\\/\\\/naturalpoland.com\\\/fi\\\/tuotteet\\\/kosmetiikkateollisuuden-tuotteet\\\/kukkaisvedet\\\/hydrolate-of-bergamot\\\/#primaryimage\"},\"thumbnailUrl\":\"https:\\\/\\\/naturalpoland.com\\\/wp-content\\\/uploads\\\/hydrolat-z-bergamotki.webp\",\"datePublished\":\"2024-05-20T13:25:38+00:00\",\"description\":\"Bergamottihydrolaatti uutetaan bergamottihedelm\u00e4n h\u00f6yrytislauksesta, ja se on luonnonkosmetiikan arvostettu raaka-aine.\",\"breadcrumb\":{\"@id\":\"https:\\\/\\\/naturalpoland.com\\\/fi\\\/tuotteet\\\/kosmetiikkateollisuuden-tuotteet\\\/kukkaisvedet\\\/hydrolate-of-bergamot\\\/#breadcrumb\"},\"inLanguage\":\"fi\",\"potentialAction\":[{\"@type\":\"ReadAction\",\"target\":[\"https:\\\/\\\/naturalpoland.com\\\/fi\\\/tuotteet\\\/kosmetiikkateollisuuden-tuotteet\\\/kukkaisvedet\\\/hydrolate-of-bergamot\\\/\"]}]},{\"@type\":\"ImageObject\",\"inLanguage\":\"fi\",\"@id\":\"https:\\\/\\\/naturalpoland.com\\\/fi\\\/tuotteet\\\/kosmetiikkateollisuuden-tuotteet\\\/kukkaisvedet\\\/hydrolate-of-bergamot\\\/#primaryimage\",\"url\":\"https:\\\/\\\/naturalpoland.com\\\/wp-content\\\/uploads\\\/hydrolat-z-bergamotki.webp\",\"contentUrl\":\"https:\\\/\\\/naturalpoland.com\\\/wp-content\\\/uploads\\\/hydrolat-z-bergamotki.webp\",\"width\":614,\"height\":614,\"caption\":\"hydrolat z bergamotki\"},{\"@type\":\"BreadcrumbList\",\"@id\":\"https:\\\/\\\/naturalpoland.com\\\/fi\\\/tuotteet\\\/kosmetiikkateollisuuden-tuotteet\\\/kukkaisvedet\\\/hydrolate-of-bergamot\\\/#breadcrumb\",\"itemListElement\":[{\"@type\":\"ListItem\",\"position\":1,\"name\":\"Etusivu\",\"item\":\"https:\\\/\\\/naturalpoland.com\\\/fi\\\/\"},{\"@type\":\"ListItem\",\"position\":2,\"name\":\"Tuotteet\",\"item\":\"https:\\\/\\\/naturalpoland.com\\\/fi\\\/tuotteet\\\/\"},{\"@type\":\"ListItem\",\"position\":3,\"name\":\"Bergamottihydrolaatti\"}]},{\"@type\":\"WebSite\",\"@id\":\"https:\\\/\\\/naturalpoland.com\\\/fi\\\/#website\",\"url\":\"https:\\\/\\\/naturalpoland.com\\\/fi\\\/\",\"name\":\"NATURAL POLAND - RAAKA-AINEIDEN TUKKUJAKELIJA\",\"description\":\"Surowce dla przemys\u0142u spo\u017cywczego, kosmetycznego i farmaceutycznego\",\"publisher\":{\"@id\":\"https:\\\/\\\/naturalpoland.com\\\/fi\\\/#organization\"},\"potentialAction\":[{\"@type\":\"SearchAction\",\"target\":{\"@type\":\"EntryPoint\",\"urlTemplate\":\"https:\\\/\\\/naturalpoland.com\\\/fi\\\/?s={search_term_string}\"},\"query-input\":{\"@type\":\"PropertyValueSpecification\",\"valueRequired\":true,\"valueName\":\"search_term_string\"}}],\"inLanguage\":\"fi\"},{\"@type\":\"Organization\",\"@id\":\"https:\\\/\\\/naturalpoland.com\\\/fi\\\/#organization\",\"name\":\"Natural Poland\",\"url\":\"https:\\\/\\\/naturalpoland.com\\\/fi\\\/\",\"logo\":{\"@type\":\"ImageObject\",\"inLanguage\":\"fi\",\"@id\":\"https:\\\/\\\/naturalpoland.com\\\/fi\\\/#\\\/schema\\\/logo\\\/image\\\/\",\"url\":\"https:\\\/\\\/naturalpoland.com\\\/wp-content\\\/uploads\\\/2021\\\/05\\\/natural-poland-icon.png\",\"contentUrl\":\"https:\\\/\\\/naturalpoland.com\\\/wp-content\\\/uploads\\\/2021\\\/05\\\/natural-poland-icon.png\",\"width\":512,\"height\":512,\"caption\":\"Natural Poland\"},\"image\":{\"@id\":\"https:\\\/\\\/naturalpoland.com\\\/fi\\\/#\\\/schema\\\/logo\\\/image\\\/\"},\"sameAs\":[\"https:\\\/\\\/www.facebook.com\\\/naturalpoland.b2b\",\"https:\\\/\\\/pl.linkedin.com\\\/company\\\/natural-poland\",\"https:\\\/\\\/www.youtube.com\\\/channel\\\/UCgeGGkvOMahZo-xu_MSEWxg\"]}]}<\/script>\n<!-- \/ Yoast SEO plugin. -->","yoast_head_json":{"title":"Bergamottihydrolaatti - NATURAL POLAND - RAAKA-AINEIDEN TUKKUJAKELIJA","description":"Bergamottihydrolaatti uutetaan bergamottihedelm\u00e4n h\u00f6yrytislauksesta, ja se on luonnonkosmetiikan arvostettu raaka-aine.","robots":{"index":"index","follow":"follow","max-snippet":"max-snippet:-1","max-image-preview":"max-image-preview:large","max-video-preview":"max-video-preview:-1"},"canonical":"https:\/\/naturalpoland.com\/fi\/tuotteet\/kosmetiikkateollisuuden-tuotteet\/kukkaisvedet\/hydrolate-of-bergamot\/","og_locale":"fi_FI","og_type":"article","og_title":"Bergamottihydrolaatti - NATURAL POLAND - RAAKA-AINEIDEN TUKKUJAKELIJA","og_description":"Bergamottihydrolaatti uutetaan bergamottihedelm\u00e4n h\u00f6yrytislauksesta, ja se on luonnonkosmetiikan arvostettu raaka-aine.","og_url":"https:\/\/naturalpoland.com\/fi\/tuotteet\/kosmetiikkateollisuuden-tuotteet\/kukkaisvedet\/hydrolate-of-bergamot\/","og_site_name":"NATURAL POLAND - RAAKA-AINEIDEN TUKKUJAKELIJA","article_publisher":"https:\/\/www.facebook.com\/naturalpoland.b2b","og_image":[{"width":614,"height":614,"url":"https:\/\/naturalpoland.com\/wp-content\/uploads\/hydrolat-z-bergamotki.webp","type":"image\/webp"}],"schema":{"@context":"https:\/\/schema.org","@graph":[{"@type":"WebPage","@id":"https:\/\/naturalpoland.com\/fi\/tuotteet\/kosmetiikkateollisuuden-tuotteet\/kukkaisvedet\/hydrolate-of-bergamot\/","url":"https:\/\/naturalpoland.com\/fi\/tuotteet\/kosmetiikkateollisuuden-tuotteet\/kukkaisvedet\/hydrolate-of-bergamot\/","name":"Bergamottihydrolaatti - NATURAL POLAND - RAAKA-AINEIDEN TUKKUJAKELIJA","isPartOf":{"@id":"https:\/\/naturalpoland.com\/fi\/#website"},"primaryImageOfPage":{"@id":"https:\/\/naturalpoland.com\/fi\/tuotteet\/kosmetiikkateollisuuden-tuotteet\/kukkaisvedet\/hydrolate-of-bergamot\/#primaryimage"},"image":{"@id":"https:\/\/naturalpoland.com\/fi\/tuotteet\/kosmetiikkateollisuuden-tuotteet\/kukkaisvedet\/hydrolate-of-bergamot\/#primaryimage"},"thumbnailUrl":"https:\/\/naturalpoland.com\/wp-content\/uploads\/hydrolat-z-bergamotki.webp","datePublished":"2024-05-20T13:25:38+00:00","description":"Bergamottihydrolaatti uutetaan bergamottihedelm\u00e4n h\u00f6yrytislauksesta, ja se on luonnonkosmetiikan arvostettu raaka-aine.","breadcrumb":{"@id":"https:\/\/naturalpoland.com\/fi\/tuotteet\/kosmetiikkateollisuuden-tuotteet\/kukkaisvedet\/hydrolate-of-bergamot\/#breadcrumb"},"inLanguage":"fi","potentialAction":[{"@type":"ReadAction","target":["https:\/\/naturalpoland.com\/fi\/tuotteet\/kosmetiikkateollisuuden-tuotteet\/kukkaisvedet\/hydrolate-of-bergamot\/"]}]},{"@type":"ImageObject","inLanguage":"fi","@id":"https:\/\/naturalpoland.com\/fi\/tuotteet\/kosmetiikkateollisuuden-tuotteet\/kukkaisvedet\/hydrolate-of-bergamot\/#primaryimage","url":"https:\/\/naturalpoland.com\/wp-content\/uploads\/hydrolat-z-bergamotki.webp","contentUrl":"https:\/\/naturalpoland.com\/wp-content\/uploads\/hydrolat-z-bergamotki.webp","width":614,"height":614,"caption":"hydrolat z bergamotki"},{"@type":"BreadcrumbList","@id":"https:\/\/naturalpoland.com\/fi\/tuotteet\/kosmetiikkateollisuuden-tuotteet\/kukkaisvedet\/hydrolate-of-bergamot\/#breadcrumb","itemListElement":[{"@type":"ListItem","position":1,"name":"Etusivu","item":"https:\/\/naturalpoland.com\/fi\/"},{"@type":"ListItem","position":2,"name":"Tuotteet","item":"https:\/\/naturalpoland.com\/fi\/tuotteet\/"},{"@type":"ListItem","position":3,"name":"Bergamottihydrolaatti"}]},{"@type":"WebSite","@id":"https:\/\/naturalpoland.com\/fi\/#website","url":"https:\/\/naturalpoland.com\/fi\/","name":"NATURAL POLAND - RAAKA-AINEIDEN TUKKUJAKELIJA","description":"Surowce dla przemys\u0142u spo\u017cywczego, kosmetycznego i farmaceutycznego","publisher":{"@id":"https:\/\/naturalpoland.com\/fi\/#organization"},"potentialAction":[{"@type":"SearchAction","target":{"@type":"EntryPoint","urlTemplate":"https:\/\/naturalpoland.com\/fi\/?s={search_term_string}"},"query-input":{"@type":"PropertyValueSpecification","valueRequired":true,"valueName":"search_term_string"}}],"inLanguage":"fi"},{"@type":"Organization","@id":"https:\/\/naturalpoland.com\/fi\/#organization","name":"Natural Poland","url":"https:\/\/naturalpoland.com\/fi\/","logo":{"@type":"ImageObject","inLanguage":"fi","@id":"https:\/\/naturalpoland.com\/fi\/#\/schema\/logo\/image\/","url":"https:\/\/naturalpoland.com\/wp-content\/uploads\/2021\/05\/natural-poland-icon.png","contentUrl":"https:\/\/naturalpoland.com\/wp-content\/uploads\/2021\/05\/natural-poland-icon.png","width":512,"height":512,"caption":"Natural Poland"},"image":{"@id":"https:\/\/naturalpoland.com\/fi\/#\/schema\/logo\/image\/"},"sameAs":["https:\/\/www.facebook.com\/naturalpoland.b2b","https:\/\/pl.linkedin.com\/company\/natural-poland","https:\/\/www.youtube.com\/channel\/UCgeGGkvOMahZo-xu_MSEWxg"]}]}},"_links":{"self":[{"href":"https:\/\/naturalpoland.com\/fi\/wp-json\/wp\/v2\/product\/32346","targetHints":{"allow":["GET"]}}],"collection":[{"href":"https:\/\/naturalpoland.com\/fi\/wp-json\/wp\/v2\/product"}],"about":[{"href":"https:\/\/naturalpoland.com\/fi\/wp-json\/wp\/v2\/types\/product"}],"wp:featuredmedia":[{"embeddable":true,"href":"https:\/\/naturalpoland.com\/fi\/wp-json\/wp\/v2\/media\/32318"}],"wp:attachment":[{"href":"https:\/\/naturalpoland.com\/fi\/wp-json\/wp\/v2\/media?parent=32346"}],"wp:term":[{"taxonomy":"product_brand","embeddable":true,"href":"https:\/\/naturalpoland.com\/fi\/wp-json\/wp\/v2\/product_brand?post=32346"},{"taxonomy":"product_cat","embeddable":true,"href":"https:\/\/naturalpoland.com\/fi\/wp-json\/wp\/v2\/product_cat?post=32346"},{"taxonomy":"product_tag","embeddable":true,"href":"https:\/\/naturalpoland.com\/fi\/wp-json\/wp\/v2\/product_tag?post=32346"}],"curies":[{"name":"wp","href":"https:\/\/api.w.org\/{rel}","templated":true}]}}