{"id":32351,"date":"2024-05-20T13:21:50","date_gmt":"2024-05-20T13:25:41","guid":{"rendered":"https:\/\/naturalpoland.com\/produkty\/Ei-luokiteltu\/ruiskaunokki-hydrolaatti\/"},"modified":"2024-05-20T15:25:41","modified_gmt":"2024-05-20T13:25:41","slug":"ruiskaunokki-hydrolaatti","status":"publish","type":"product","link":"https:\/\/naturalpoland.com\/fi\/tuotteet\/kosmetiikkateollisuuden-tuotteet\/kukkaisvedet\/ruiskaunokki-hydrolaatti\/","title":{"rendered":"Ruiskaunokki hydrolaatti"},"content":{"rendered":"<p>Ruiskaunokki-hydrolaatti erottuu korkeasta aktiivisten ainesosien pitoisuudestaan, kuten <a href=\"https:\/\/naturalpoland.com\/artykuly\/produkty-naturalne\/czym-sa-i-jak-dzialaja-flawonoidy\/\"><br \/>\n  <strong>flavonoidit<\/strong><br \/>\n<\/a>antosyaanit ja j\u00e4\u00e4mi\u00e4 <strong><br \/>\n  <a href=\"https:\/\/naturalpoland.com\/artykuly\/produkty-naturalne\/rola-olejkow-eterycznych-w-produktach-relaksujacych\/\">eteerisi\u00e4 \u00f6ljyj\u00e4<\/a><br \/>\n<\/strong>jotka ovat vastuussa sen terapeuttisesta vaikutuksesta. Flavonoidit, jotka ovat voimakkaita antioksidantteja, auttavat v\u00e4hent\u00e4m\u00e4\u00e4n ihosolujen hapetusstressi\u00e4, mik\u00e4 voi ehk\u00e4ist\u00e4 ihon ennenaikaista vanhenemista. Antosyaanit puolestaan edist\u00e4v\u00e4t mikroverenkiertoa, mik\u00e4 auttaa v\u00e4hent\u00e4m\u00e4\u00e4n punoitusta ja parantamaan ihon s\u00e4vy\u00e4.<\/p>\n<h3>Ruiskaunokki-hydrolaatin terapeuttiset ominaisuudet<\/h3>\n<p>Ruiskaunokki-hydrolaattia suositellaan erityisesti niille, joilla on herkk\u00e4, \u00e4rsytykseen taipuvainen iho ja jotka kamppailevat iho-ongelmien, kuten ruusufinnin tai ekseeman, kanssa. Se voi rauhoittaa ihoa, v\u00e4hent\u00e4\u00e4 tulehdusta ja nopeuttaa ihon uusiutumista.<\/p>\n<p>Ruiskaunokihydrolaattia voidaan k\u00e4ytt\u00e4\u00e4 intensiivisen auringonoton tai muiden kosmeettisten toimenpiteiden j\u00e4lkeen, jotka voivat aiheuttaa \u00e4rsytyst\u00e4. Sen rauhoittavat vaikutukset auttavat palauttamaan ihon mukavuuden ja terveen ulkon\u00e4\u00f6n sek\u00e4 v\u00e4hent\u00e4m\u00e4\u00e4n punoitusta ja ep\u00e4mukavuutta.<\/p>\n<h3>Kosmeettiset sovellukset<\/h3>\n<p>Kosmetologiassa ruiskaunokki-hydrolaattia k\u00e4ytet\u00e4\u00e4n ainesosana herk\u00e4n ja ongelmallisen ihon tonikoissa, naamioissa ja voiteissa. Sit\u00e4 voidaan k\u00e4ytt\u00e4\u00e4 my\u00f6s silm\u00e4nymp\u00e4rysiholle tarkoitetuissa tuotteissa.<\/p>\n<p>Sen kiinteytt\u00e4v\u00e4t ja virkist\u00e4v\u00e4t ominaisuudet tekev\u00e4t siit\u00e4 erinomaisen ainesosan tuotteissa, jotka on suunniteltu parantamaan ihon ulkon\u00e4k\u00f6\u00e4 ja kuntoa ja antamaan sille tasaisemman ja terveemm\u00e4n ulkon\u00e4\u00f6n. Monipuolisten ominaisuuksiensa ansiosta ruiskaunokihydrolaatti on l\u00f6yt\u00e4nyt monenlaisia k\u00e4ytt\u00f6kohteita p\u00e4ivitt\u00e4isiss\u00e4 hoitotuotteissa.<\/p>\n","protected":false},"excerpt":{"rendered":"<p>Ruiskaunokki hydrolaatti tunnetaan my\u00f6s nimell\u00e4 ruiskaunokki vesi. Sill\u00e4 on rauhoittavia ja tulehdusta ehk\u00e4isevi\u00e4 ominaisuuksia. Sit\u00e4 uutetaan maissinkukan h\u00f6yrytislauksesta.<\/p>\n","protected":false},"featured_media":32305,"template":"","meta":{"_acf_changed":false},"product_brand":[],"product_cat":[3550],"product_tag":[],"class_list":{"0":"post-32351","1":"product","2":"type-product","3":"status-publish","4":"has-post-thumbnail","6":"product_cat-kukkaisvedet","8":"first","9":"instock","10":"shipping-taxable","11":"product-type-simple"},"acf":[],"yoast_head":"<!-- This site is optimized with the Yoast SEO plugin v27.5 - https:\/\/yoast.com\/product\/yoast-seo-wordpress\/ -->\n<title>Ruiskaunokki hydrolaatti - Tukkudistribuutio<\/title>\n<meta name=\"description\" content=\"Ruiskaunokki-hydrolaatti, joka tunnetaan my\u00f6s nimell\u00e4 ruiskaunokki-vesi, on arvostettu luonnonkosmetiikan voimavara. Sill\u00e4 on tulehdusta ehk\u00e4isevi\u00e4 ominaisuuksia.\" \/>\n<meta name=\"robots\" content=\"index, follow, max-snippet:-1, max-image-preview:large, max-video-preview:-1\" \/>\n<link rel=\"canonical\" href=\"https:\/\/naturalpoland.com\/fi\/tuotteet\/kosmetiikkateollisuuden-tuotteet\/kukkaisvedet\/ruiskaunokki-hydrolaatti\/\" \/>\n<meta property=\"og:locale\" content=\"fi_FI\" \/>\n<meta property=\"og:type\" content=\"article\" \/>\n<meta property=\"og:title\" content=\"Ruiskaunokki hydrolaatti - Tukkudistribuutio\" \/>\n<meta property=\"og:description\" content=\"Ruiskaunokki-hydrolaatti, joka tunnetaan my\u00f6s nimell\u00e4 ruiskaunokki-vesi, on arvostettu luonnonkosmetiikan voimavara. Sill\u00e4 on tulehdusta ehk\u00e4isevi\u00e4 ominaisuuksia.\" \/>\n<meta property=\"og:url\" content=\"https:\/\/naturalpoland.com\/fi\/tuotteet\/kosmetiikkateollisuuden-tuotteet\/kukkaisvedet\/ruiskaunokki-hydrolaatti\/\" \/>\n<meta property=\"og:site_name\" content=\"NATURAL POLAND - RAAKA-AINEIDEN TUKKUJAKELIJA\" \/>\n<meta property=\"article:publisher\" content=\"https:\/\/www.facebook.com\/naturalpoland.b2b\" \/>\n<meta property=\"og:image\" content=\"https:\/\/naturalpoland.com\/wp-content\/uploads\/hydrolat-z-chabra.webp\" \/>\n\t<meta property=\"og:image:width\" content=\"614\" \/>\n\t<meta property=\"og:image:height\" content=\"614\" \/>\n\t<meta property=\"og:image:type\" content=\"image\/webp\" \/>\n<script type=\"application\/ld+json\" class=\"yoast-schema-graph\">{\"@context\":\"https:\\\/\\\/schema.org\",\"@graph\":[{\"@type\":\"WebPage\",\"@id\":\"https:\\\/\\\/naturalpoland.com\\\/fi\\\/tuotteet\\\/kosmetiikkateollisuuden-tuotteet\\\/kukkaisvedet\\\/ruiskaunokki-hydrolaatti\\\/\",\"url\":\"https:\\\/\\\/naturalpoland.com\\\/fi\\\/tuotteet\\\/kosmetiikkateollisuuden-tuotteet\\\/kukkaisvedet\\\/ruiskaunokki-hydrolaatti\\\/\",\"name\":\"Ruiskaunokki hydrolaatti - Tukkudistribuutio\",\"isPartOf\":{\"@id\":\"https:\\\/\\\/naturalpoland.com\\\/fi\\\/#website\"},\"primaryImageOfPage\":{\"@id\":\"https:\\\/\\\/naturalpoland.com\\\/fi\\\/tuotteet\\\/kosmetiikkateollisuuden-tuotteet\\\/kukkaisvedet\\\/ruiskaunokki-hydrolaatti\\\/#primaryimage\"},\"image\":{\"@id\":\"https:\\\/\\\/naturalpoland.com\\\/fi\\\/tuotteet\\\/kosmetiikkateollisuuden-tuotteet\\\/kukkaisvedet\\\/ruiskaunokki-hydrolaatti\\\/#primaryimage\"},\"thumbnailUrl\":\"https:\\\/\\\/naturalpoland.com\\\/wp-content\\\/uploads\\\/hydrolat-z-chabra.webp\",\"datePublished\":\"2024-05-20T13:25:41+00:00\",\"description\":\"Ruiskaunokki-hydrolaatti, joka tunnetaan my\u00f6s nimell\u00e4 ruiskaunokki-vesi, on arvostettu luonnonkosmetiikan voimavara. Sill\u00e4 on tulehdusta ehk\u00e4isevi\u00e4 ominaisuuksia.\",\"breadcrumb\":{\"@id\":\"https:\\\/\\\/naturalpoland.com\\\/fi\\\/tuotteet\\\/kosmetiikkateollisuuden-tuotteet\\\/kukkaisvedet\\\/ruiskaunokki-hydrolaatti\\\/#breadcrumb\"},\"inLanguage\":\"fi\",\"potentialAction\":[{\"@type\":\"ReadAction\",\"target\":[\"https:\\\/\\\/naturalpoland.com\\\/fi\\\/tuotteet\\\/kosmetiikkateollisuuden-tuotteet\\\/kukkaisvedet\\\/ruiskaunokki-hydrolaatti\\\/\"]}]},{\"@type\":\"ImageObject\",\"inLanguage\":\"fi\",\"@id\":\"https:\\\/\\\/naturalpoland.com\\\/fi\\\/tuotteet\\\/kosmetiikkateollisuuden-tuotteet\\\/kukkaisvedet\\\/ruiskaunokki-hydrolaatti\\\/#primaryimage\",\"url\":\"https:\\\/\\\/naturalpoland.com\\\/wp-content\\\/uploads\\\/hydrolat-z-chabra.webp\",\"contentUrl\":\"https:\\\/\\\/naturalpoland.com\\\/wp-content\\\/uploads\\\/hydrolat-z-chabra.webp\",\"width\":614,\"height\":614,\"caption\":\"hydrolat z chabra\"},{\"@type\":\"BreadcrumbList\",\"@id\":\"https:\\\/\\\/naturalpoland.com\\\/fi\\\/tuotteet\\\/kosmetiikkateollisuuden-tuotteet\\\/kukkaisvedet\\\/ruiskaunokki-hydrolaatti\\\/#breadcrumb\",\"itemListElement\":[{\"@type\":\"ListItem\",\"position\":1,\"name\":\"Etusivu\",\"item\":\"https:\\\/\\\/naturalpoland.com\\\/fi\\\/\"},{\"@type\":\"ListItem\",\"position\":2,\"name\":\"Tuotteet\",\"item\":\"https:\\\/\\\/naturalpoland.com\\\/fi\\\/tuotteet\\\/\"},{\"@type\":\"ListItem\",\"position\":3,\"name\":\"Ruiskaunokki hydrolaatti\"}]},{\"@type\":\"WebSite\",\"@id\":\"https:\\\/\\\/naturalpoland.com\\\/fi\\\/#website\",\"url\":\"https:\\\/\\\/naturalpoland.com\\\/fi\\\/\",\"name\":\"NATURAL POLAND - RAAKA-AINEIDEN TUKKUJAKELIJA\",\"description\":\"Surowce dla przemys\u0142u spo\u017cywczego, kosmetycznego i farmaceutycznego\",\"publisher\":{\"@id\":\"https:\\\/\\\/naturalpoland.com\\\/fi\\\/#organization\"},\"potentialAction\":[{\"@type\":\"SearchAction\",\"target\":{\"@type\":\"EntryPoint\",\"urlTemplate\":\"https:\\\/\\\/naturalpoland.com\\\/fi\\\/?s={search_term_string}\"},\"query-input\":{\"@type\":\"PropertyValueSpecification\",\"valueRequired\":true,\"valueName\":\"search_term_string\"}}],\"inLanguage\":\"fi\"},{\"@type\":\"Organization\",\"@id\":\"https:\\\/\\\/naturalpoland.com\\\/fi\\\/#organization\",\"name\":\"Natural Poland\",\"url\":\"https:\\\/\\\/naturalpoland.com\\\/fi\\\/\",\"logo\":{\"@type\":\"ImageObject\",\"inLanguage\":\"fi\",\"@id\":\"https:\\\/\\\/naturalpoland.com\\\/fi\\\/#\\\/schema\\\/logo\\\/image\\\/\",\"url\":\"https:\\\/\\\/naturalpoland.com\\\/wp-content\\\/uploads\\\/2021\\\/05\\\/natural-poland-icon.png\",\"contentUrl\":\"https:\\\/\\\/naturalpoland.com\\\/wp-content\\\/uploads\\\/2021\\\/05\\\/natural-poland-icon.png\",\"width\":512,\"height\":512,\"caption\":\"Natural Poland\"},\"image\":{\"@id\":\"https:\\\/\\\/naturalpoland.com\\\/fi\\\/#\\\/schema\\\/logo\\\/image\\\/\"},\"sameAs\":[\"https:\\\/\\\/www.facebook.com\\\/naturalpoland.b2b\",\"https:\\\/\\\/pl.linkedin.com\\\/company\\\/natural-poland\",\"https:\\\/\\\/www.youtube.com\\\/channel\\\/UCgeGGkvOMahZo-xu_MSEWxg\"]}]}<\/script>\n<!-- \/ Yoast SEO plugin. -->","yoast_head_json":{"title":"Ruiskaunokki hydrolaatti - Tukkudistribuutio","description":"Ruiskaunokki-hydrolaatti, joka tunnetaan my\u00f6s nimell\u00e4 ruiskaunokki-vesi, on arvostettu luonnonkosmetiikan voimavara. Sill\u00e4 on tulehdusta ehk\u00e4isevi\u00e4 ominaisuuksia.","robots":{"index":"index","follow":"follow","max-snippet":"max-snippet:-1","max-image-preview":"max-image-preview:large","max-video-preview":"max-video-preview:-1"},"canonical":"https:\/\/naturalpoland.com\/fi\/tuotteet\/kosmetiikkateollisuuden-tuotteet\/kukkaisvedet\/ruiskaunokki-hydrolaatti\/","og_locale":"fi_FI","og_type":"article","og_title":"Ruiskaunokki hydrolaatti - Tukkudistribuutio","og_description":"Ruiskaunokki-hydrolaatti, joka tunnetaan my\u00f6s nimell\u00e4 ruiskaunokki-vesi, on arvostettu luonnonkosmetiikan voimavara. Sill\u00e4 on tulehdusta ehk\u00e4isevi\u00e4 ominaisuuksia.","og_url":"https:\/\/naturalpoland.com\/fi\/tuotteet\/kosmetiikkateollisuuden-tuotteet\/kukkaisvedet\/ruiskaunokki-hydrolaatti\/","og_site_name":"NATURAL POLAND - RAAKA-AINEIDEN TUKKUJAKELIJA","article_publisher":"https:\/\/www.facebook.com\/naturalpoland.b2b","og_image":[{"width":614,"height":614,"url":"https:\/\/naturalpoland.com\/wp-content\/uploads\/hydrolat-z-chabra.webp","type":"image\/webp"}],"schema":{"@context":"https:\/\/schema.org","@graph":[{"@type":"WebPage","@id":"https:\/\/naturalpoland.com\/fi\/tuotteet\/kosmetiikkateollisuuden-tuotteet\/kukkaisvedet\/ruiskaunokki-hydrolaatti\/","url":"https:\/\/naturalpoland.com\/fi\/tuotteet\/kosmetiikkateollisuuden-tuotteet\/kukkaisvedet\/ruiskaunokki-hydrolaatti\/","name":"Ruiskaunokki hydrolaatti - Tukkudistribuutio","isPartOf":{"@id":"https:\/\/naturalpoland.com\/fi\/#website"},"primaryImageOfPage":{"@id":"https:\/\/naturalpoland.com\/fi\/tuotteet\/kosmetiikkateollisuuden-tuotteet\/kukkaisvedet\/ruiskaunokki-hydrolaatti\/#primaryimage"},"image":{"@id":"https:\/\/naturalpoland.com\/fi\/tuotteet\/kosmetiikkateollisuuden-tuotteet\/kukkaisvedet\/ruiskaunokki-hydrolaatti\/#primaryimage"},"thumbnailUrl":"https:\/\/naturalpoland.com\/wp-content\/uploads\/hydrolat-z-chabra.webp","datePublished":"2024-05-20T13:25:41+00:00","description":"Ruiskaunokki-hydrolaatti, joka tunnetaan my\u00f6s nimell\u00e4 ruiskaunokki-vesi, on arvostettu luonnonkosmetiikan voimavara. Sill\u00e4 on tulehdusta ehk\u00e4isevi\u00e4 ominaisuuksia.","breadcrumb":{"@id":"https:\/\/naturalpoland.com\/fi\/tuotteet\/kosmetiikkateollisuuden-tuotteet\/kukkaisvedet\/ruiskaunokki-hydrolaatti\/#breadcrumb"},"inLanguage":"fi","potentialAction":[{"@type":"ReadAction","target":["https:\/\/naturalpoland.com\/fi\/tuotteet\/kosmetiikkateollisuuden-tuotteet\/kukkaisvedet\/ruiskaunokki-hydrolaatti\/"]}]},{"@type":"ImageObject","inLanguage":"fi","@id":"https:\/\/naturalpoland.com\/fi\/tuotteet\/kosmetiikkateollisuuden-tuotteet\/kukkaisvedet\/ruiskaunokki-hydrolaatti\/#primaryimage","url":"https:\/\/naturalpoland.com\/wp-content\/uploads\/hydrolat-z-chabra.webp","contentUrl":"https:\/\/naturalpoland.com\/wp-content\/uploads\/hydrolat-z-chabra.webp","width":614,"height":614,"caption":"hydrolat z chabra"},{"@type":"BreadcrumbList","@id":"https:\/\/naturalpoland.com\/fi\/tuotteet\/kosmetiikkateollisuuden-tuotteet\/kukkaisvedet\/ruiskaunokki-hydrolaatti\/#breadcrumb","itemListElement":[{"@type":"ListItem","position":1,"name":"Etusivu","item":"https:\/\/naturalpoland.com\/fi\/"},{"@type":"ListItem","position":2,"name":"Tuotteet","item":"https:\/\/naturalpoland.com\/fi\/tuotteet\/"},{"@type":"ListItem","position":3,"name":"Ruiskaunokki hydrolaatti"}]},{"@type":"WebSite","@id":"https:\/\/naturalpoland.com\/fi\/#website","url":"https:\/\/naturalpoland.com\/fi\/","name":"NATURAL POLAND - RAAKA-AINEIDEN TUKKUJAKELIJA","description":"Surowce dla przemys\u0142u spo\u017cywczego, kosmetycznego i farmaceutycznego","publisher":{"@id":"https:\/\/naturalpoland.com\/fi\/#organization"},"potentialAction":[{"@type":"SearchAction","target":{"@type":"EntryPoint","urlTemplate":"https:\/\/naturalpoland.com\/fi\/?s={search_term_string}"},"query-input":{"@type":"PropertyValueSpecification","valueRequired":true,"valueName":"search_term_string"}}],"inLanguage":"fi"},{"@type":"Organization","@id":"https:\/\/naturalpoland.com\/fi\/#organization","name":"Natural Poland","url":"https:\/\/naturalpoland.com\/fi\/","logo":{"@type":"ImageObject","inLanguage":"fi","@id":"https:\/\/naturalpoland.com\/fi\/#\/schema\/logo\/image\/","url":"https:\/\/naturalpoland.com\/wp-content\/uploads\/2021\/05\/natural-poland-icon.png","contentUrl":"https:\/\/naturalpoland.com\/wp-content\/uploads\/2021\/05\/natural-poland-icon.png","width":512,"height":512,"caption":"Natural Poland"},"image":{"@id":"https:\/\/naturalpoland.com\/fi\/#\/schema\/logo\/image\/"},"sameAs":["https:\/\/www.facebook.com\/naturalpoland.b2b","https:\/\/pl.linkedin.com\/company\/natural-poland","https:\/\/www.youtube.com\/channel\/UCgeGGkvOMahZo-xu_MSEWxg"]}]}},"_links":{"self":[{"href":"https:\/\/naturalpoland.com\/fi\/wp-json\/wp\/v2\/product\/32351","targetHints":{"allow":["GET"]}}],"collection":[{"href":"https:\/\/naturalpoland.com\/fi\/wp-json\/wp\/v2\/product"}],"about":[{"href":"https:\/\/naturalpoland.com\/fi\/wp-json\/wp\/v2\/types\/product"}],"wp:featuredmedia":[{"embeddable":true,"href":"https:\/\/naturalpoland.com\/fi\/wp-json\/wp\/v2\/media\/32305"}],"wp:attachment":[{"href":"https:\/\/naturalpoland.com\/fi\/wp-json\/wp\/v2\/media?parent=32351"}],"wp:term":[{"taxonomy":"product_brand","embeddable":true,"href":"https:\/\/naturalpoland.com\/fi\/wp-json\/wp\/v2\/product_brand?post=32351"},{"taxonomy":"product_cat","embeddable":true,"href":"https:\/\/naturalpoland.com\/fi\/wp-json\/wp\/v2\/product_cat?post=32351"},{"taxonomy":"product_tag","embeddable":true,"href":"https:\/\/naturalpoland.com\/fi\/wp-json\/wp\/v2\/product_tag?post=32351"}],"curies":[{"name":"wp","href":"https:\/\/api.w.org\/{rel}","templated":true}]}}