{"id":32670,"date":"2024-06-07T15:05:44","date_gmt":"2024-06-13T11:28:52","guid":{"rendered":"https:\/\/naturalpoland.com\/produkty\/Ei-luokiteltu\/d-panthenol-75\/"},"modified":"2024-06-13T13:28:52","modified_gmt":"2024-06-13T11:28:52","slug":"d-panthenol-75","status":"publish","type":"product","link":"https:\/\/naturalpoland.com\/fi\/tuotteet\/kosmetiikkateollisuuden-tuotteet\/kosmetiikan-raaka-aineet\/d-panthenol-75\/","title":{"rendered":"D-pantenoli 75 %"},"content":{"rendered":"<h3>D-pantenolin ominaisuudet<\/h3>\n<p>B5-provitamiini on <strong>hygroskooppinen<\/strong>, sill\u00e4 sill\u00e4 on ainutlaatuinen kyky<strong> houkutella ja sitoa vett\u00e4 <\/strong>. T\u00e4m\u00e4 tekee siit\u00e4 erinomaisen kosteuttajan, joka tekee ihosta pehme\u00e4mm\u00e4n, joustavamman ja sile\u00e4mm\u00e4n.<\/p>\n<p>Raaka-aine on <strong>kemiallisesti<\/strong> eritt\u00e4in <strong>stabiili<\/strong>. Se s\u00e4ilytt\u00e4\u00e4 ominaisuutensa erilaisissa kosmeettisissa koostumuksissa, joten se on ihanteellinen lis\u00e4 moniin ihonhoitotuotteisiin.<\/p>\n<p>Molekyylirakenteensa ansiosta D-Panthenol tunkeutuu helposti syv\u00e4lle ihoon ja hiuksiin, mik\u00e4 lis\u00e4\u00e4 sen tehoa ja takaa pitk\u00e4kestoiset tulokset.<\/p>\n<h3>D-pantenolin vaikutus<\/h3>\n<p>D-pantenoli toimii kosteuttajana, joka houkuttelee vett\u00e4 ihoon ja hiuksiin ja auttaa yll\u00e4pit\u00e4m\u00e4\u00e4n kosteustasoa. D-Panthenolin s\u00e4\u00e4nn\u00f6llinen k\u00e4ytt\u00f6 ehk\u00e4isee kuivumista, parantaa ihon ja hiusten rakennetta ja antaa niille tervett\u00e4 kiiltoa. Ihossa D-pantenoli muuttuu pantoteenihapoksi, joka tukee ihosolujen uudistumisprosesseja. Se nopeuttaa pienten haavojen, hiertymien ja \u00e4rsytysten paranemista, joten se on v\u00e4ltt\u00e4m\u00e4t\u00f6n ainesosa rauhoittavissa ja uudistavissa tuotteissa.<\/p>\n<p>D-Panthenolilla on my\u00f6s rauhoittava ja rauhoittava vaikutus. Sit\u00e4 k\u00e4ytet\u00e4\u00e4n herk\u00e4lle, \u00e4rtyneelle ja allergiaan taipuvaiselle iholle tarkoitetuissa tuotteissa. Auttaa v\u00e4hent\u00e4m\u00e4\u00e4n punoitusta ja lievitt\u00e4\u00e4 \u00e4rsytyst\u00e4.<\/p>\n<p>D-Panthenolin s\u00e4\u00e4nn\u00f6llinen k\u00e4ytt\u00f6 voi parantaa merkitt\u00e4v\u00e4sti ihon kimmoisuutta ja v\u00e4hent\u00e4\u00e4 kuivuuden ja karheuden tunnetta. Ihosta tulee kiinte\u00e4mpi ja vastustuskykyisempi.<\/p>\n<p>Hiuskosmetiikassa D-pantenolilla on vahvistava vaikutus, joka parantaa hiusten rakennetta, lis\u00e4\u00e4 niiden elastisuutta ja kest\u00e4vyytt\u00e4 mekaanisia vaurioita vastaan. Hiuksista tulee kiilt\u00e4v\u00e4mm\u00e4t, vahvemmat ja v\u00e4hemm\u00e4n alttiit rikkoutumiselle.<\/p>\n<h3>D-Panthenolin k\u00e4ytt\u00f6<\/h3>\n<p><strong>Ihonhoitokosmetiikka<\/strong><\/p>\n<p>Voiteet, voiteet, seerumit, rauhoittavat voiteet &#8211; D-pantenoli on ainesosa, joka toimii hyvin kaikissa n\u00e4iss\u00e4 tuotteissa sen monipuolisten kosteuttavien ja uudistavien ominaisuuksien ansiosta.<\/p>\n<p><strong>Hiuskosmetiikka<\/strong><\/p>\n<p>Shampoot, hoitoaineet, hiusnaamiot &#8211; D-pantenoli vahvistaa hiuksia, parantaa niiden rakennetta ja antaa niille tervett\u00e4 kiiltoa, mink\u00e4 vuoksi sit\u00e4 k\u00e4ytet\u00e4\u00e4n laajalti hiustenhoitotuotteissa.<\/p>\n<p><strong>After-sun-tuotteet<\/strong><\/p>\n<p>D-pantenoli rauhoittaa auringonpolttamaa ja edist\u00e4\u00e4 ihon uudistumista, joten sit\u00e4 lis\u00e4t\u00e4\u00e4n usein auringonoton j\u00e4lkeisiin tuotteisiin.<\/p>\n<p><strong>Lapsille tarkoitetut tuotteet<\/strong><\/p>\n<p>Vaippaihottumavoiteet, rauhoittavat vaippavoiteet &#8211; D-pantenoli on turvallinen ja tehokas ainesosa, joten se sopii erinomaisesti vauvojen tuotteisiin.<\/p>\n<h3>Turvallisuus<\/h3>\n<p>Se on ainesosa, jota useimmat iho- ja hiustyypit siet\u00e4v\u00e4t hyvin. Monipuolisten ominaisuuksiensa ansiosta ihotautil\u00e4\u00e4k\u00e4rit ja kosmetologit suosittelevat sit\u00e4 turvallisena ja tehokkaana ainesosana.<\/p>\n","protected":false},"excerpt":{"rendered":"<p><strong>D-pantenoli<\/strong>, joka tunnetaan my\u00f6s nimell\u00e4 <strong>pro-vitamiini B5<\/strong>, on keskeinen ainesosa, jota k\u00e4ytet\u00e4\u00e4n laajalti kosmetiikassa sek\u00e4 ihon- ja hiustenhoitotuotteissa. T\u00e4m\u00e4 pantoteenihapon vakaa, alkoholipitoinen muoto tunkeutuu helposti ihoon ja hiuksiin, joissa se muuttuu aktiiviseksi muodokseen, pantoteenihapoksi (B5-vitamiini).<\/p>\n<h3><\/h3>\n","protected":false},"featured_media":32586,"template":"","meta":[],"product_brand":[],"product_cat":[544,537],"product_tag":[],"class_list":{"0":"post-32670","1":"product","2":"type-product","3":"status-publish","4":"has-post-thumbnail","6":"product_cat-kosmetiikan-raaka-aineet","7":"product_cat-vitamiinit","8":"pa_grupa-substancji-alkoholit","10":"first","11":"instock","12":"shipping-taxable","13":"product-type-simple"},"yoast_head":"<!-- This site is optimized with the Yoast SEO plugin v27.3 - https:\/\/yoast.com\/product\/yoast-seo-wordpress\/ -->\n<title>D-pantenoli 75 % - NATURAL POLAND - RAAKA-AINEIDEN TUKKUJAKELIJA<\/title>\n<meta name=\"description\" content=\"D-Panthenol 75 % on nykyaikaisen kosmetiikan v\u00e4ltt\u00e4m\u00e4t\u00f6n ainesosa, jolla on kosteuttava, uudistava ja rauhoittava vaikutus.\" \/>\n<meta name=\"robots\" content=\"index, follow, max-snippet:-1, max-image-preview:large, max-video-preview:-1\" \/>\n<link rel=\"canonical\" href=\"https:\/\/naturalpoland.com\/fi\/tuotteet\/kosmetiikkateollisuuden-tuotteet\/kosmetiikan-raaka-aineet\/d-panthenol-75\/\" \/>\n<meta property=\"og:locale\" content=\"fi_FI\" \/>\n<meta property=\"og:type\" content=\"article\" \/>\n<meta property=\"og:title\" content=\"D-pantenoli 75 % - NATURAL POLAND - RAAKA-AINEIDEN TUKKUJAKELIJA\" \/>\n<meta property=\"og:description\" content=\"D-Panthenol 75 % on nykyaikaisen kosmetiikan v\u00e4ltt\u00e4m\u00e4t\u00f6n ainesosa, jolla on kosteuttava, uudistava ja rauhoittava vaikutus.\" \/>\n<meta property=\"og:url\" content=\"https:\/\/naturalpoland.com\/fi\/tuotteet\/kosmetiikkateollisuuden-tuotteet\/kosmetiikan-raaka-aineet\/d-panthenol-75\/\" \/>\n<meta property=\"og:site_name\" content=\"NATURAL POLAND - RAAKA-AINEIDEN TUKKUJAKELIJA\" \/>\n<meta property=\"article:publisher\" content=\"https:\/\/www.facebook.com\/naturalpoland.b2b\" \/>\n<meta property=\"og:image\" content=\"https:\/\/naturalpoland.com\/wp-content\/uploads\/dpanthenol.webp\" \/>\n\t<meta property=\"og:image:width\" content=\"607\" \/>\n\t<meta property=\"og:image:height\" content=\"607\" \/>\n\t<meta property=\"og:image:type\" content=\"image\/webp\" \/>\n<script type=\"application\/ld+json\" class=\"yoast-schema-graph\">{\"@context\":\"https:\\\/\\\/schema.org\",\"@graph\":[{\"@type\":\"WebPage\",\"@id\":\"https:\\\/\\\/naturalpoland.com\\\/fi\\\/tuotteet\\\/kosmetiikkateollisuuden-tuotteet\\\/kosmetiikan-raaka-aineet\\\/d-panthenol-75\\\/\",\"url\":\"https:\\\/\\\/naturalpoland.com\\\/fi\\\/tuotteet\\\/kosmetiikkateollisuuden-tuotteet\\\/kosmetiikan-raaka-aineet\\\/d-panthenol-75\\\/\",\"name\":\"D-pantenoli 75 % - NATURAL POLAND - RAAKA-AINEIDEN TUKKUJAKELIJA\",\"isPartOf\":{\"@id\":\"https:\\\/\\\/naturalpoland.com\\\/fi\\\/#website\"},\"primaryImageOfPage\":{\"@id\":\"https:\\\/\\\/naturalpoland.com\\\/fi\\\/tuotteet\\\/kosmetiikkateollisuuden-tuotteet\\\/kosmetiikan-raaka-aineet\\\/d-panthenol-75\\\/#primaryimage\"},\"image\":{\"@id\":\"https:\\\/\\\/naturalpoland.com\\\/fi\\\/tuotteet\\\/kosmetiikkateollisuuden-tuotteet\\\/kosmetiikan-raaka-aineet\\\/d-panthenol-75\\\/#primaryimage\"},\"thumbnailUrl\":\"https:\\\/\\\/naturalpoland.com\\\/wp-content\\\/uploads\\\/dpanthenol.webp\",\"datePublished\":\"2024-06-13T11:28:52+00:00\",\"description\":\"D-Panthenol 75 % on nykyaikaisen kosmetiikan v\u00e4ltt\u00e4m\u00e4t\u00f6n ainesosa, jolla on kosteuttava, uudistava ja rauhoittava vaikutus.\",\"breadcrumb\":{\"@id\":\"https:\\\/\\\/naturalpoland.com\\\/fi\\\/tuotteet\\\/kosmetiikkateollisuuden-tuotteet\\\/kosmetiikan-raaka-aineet\\\/d-panthenol-75\\\/#breadcrumb\"},\"inLanguage\":\"fi\",\"potentialAction\":[{\"@type\":\"ReadAction\",\"target\":[\"https:\\\/\\\/naturalpoland.com\\\/fi\\\/tuotteet\\\/kosmetiikkateollisuuden-tuotteet\\\/kosmetiikan-raaka-aineet\\\/d-panthenol-75\\\/\"]}]},{\"@type\":\"ImageObject\",\"inLanguage\":\"fi\",\"@id\":\"https:\\\/\\\/naturalpoland.com\\\/fi\\\/tuotteet\\\/kosmetiikkateollisuuden-tuotteet\\\/kosmetiikan-raaka-aineet\\\/d-panthenol-75\\\/#primaryimage\",\"url\":\"https:\\\/\\\/naturalpoland.com\\\/wp-content\\\/uploads\\\/dpanthenol.webp\",\"contentUrl\":\"https:\\\/\\\/naturalpoland.com\\\/wp-content\\\/uploads\\\/dpanthenol.webp\",\"width\":607,\"height\":607,\"caption\":\"d-panthenol\"},{\"@type\":\"BreadcrumbList\",\"@id\":\"https:\\\/\\\/naturalpoland.com\\\/fi\\\/tuotteet\\\/kosmetiikkateollisuuden-tuotteet\\\/kosmetiikan-raaka-aineet\\\/d-panthenol-75\\\/#breadcrumb\",\"itemListElement\":[{\"@type\":\"ListItem\",\"position\":1,\"name\":\"Etusivu\",\"item\":\"https:\\\/\\\/naturalpoland.com\\\/fi\\\/\"},{\"@type\":\"ListItem\",\"position\":2,\"name\":\"Tuotteet\",\"item\":\"https:\\\/\\\/naturalpoland.com\\\/fi\\\/tuotteet\\\/\"},{\"@type\":\"ListItem\",\"position\":3,\"name\":\"D-pantenoli 75 %\"}]},{\"@type\":\"WebSite\",\"@id\":\"https:\\\/\\\/naturalpoland.com\\\/fi\\\/#website\",\"url\":\"https:\\\/\\\/naturalpoland.com\\\/fi\\\/\",\"name\":\"NATURAL POLAND - RAAKA-AINEIDEN TUKKUJAKELIJA\",\"description\":\"Surowce dla przemys\u0142u spo\u017cywczego, kosmetycznego i farmaceutycznego\",\"publisher\":{\"@id\":\"https:\\\/\\\/naturalpoland.com\\\/fi\\\/#organization\"},\"potentialAction\":[{\"@type\":\"SearchAction\",\"target\":{\"@type\":\"EntryPoint\",\"urlTemplate\":\"https:\\\/\\\/naturalpoland.com\\\/fi\\\/?s={search_term_string}\"},\"query-input\":{\"@type\":\"PropertyValueSpecification\",\"valueRequired\":true,\"valueName\":\"search_term_string\"}}],\"inLanguage\":\"fi\"},{\"@type\":\"Organization\",\"@id\":\"https:\\\/\\\/naturalpoland.com\\\/fi\\\/#organization\",\"name\":\"Natural Poland\",\"url\":\"https:\\\/\\\/naturalpoland.com\\\/fi\\\/\",\"logo\":{\"@type\":\"ImageObject\",\"inLanguage\":\"fi\",\"@id\":\"https:\\\/\\\/naturalpoland.com\\\/fi\\\/#\\\/schema\\\/logo\\\/image\\\/\",\"url\":\"https:\\\/\\\/naturalpoland.com\\\/wp-content\\\/uploads\\\/2021\\\/05\\\/natural-poland-icon.png\",\"contentUrl\":\"https:\\\/\\\/naturalpoland.com\\\/wp-content\\\/uploads\\\/2021\\\/05\\\/natural-poland-icon.png\",\"width\":512,\"height\":512,\"caption\":\"Natural Poland\"},\"image\":{\"@id\":\"https:\\\/\\\/naturalpoland.com\\\/fi\\\/#\\\/schema\\\/logo\\\/image\\\/\"},\"sameAs\":[\"https:\\\/\\\/www.facebook.com\\\/naturalpoland.b2b\",\"https:\\\/\\\/pl.linkedin.com\\\/company\\\/natural-poland\",\"https:\\\/\\\/www.youtube.com\\\/channel\\\/UCgeGGkvOMahZo-xu_MSEWxg\"]}]}<\/script>\n<!-- \/ Yoast SEO plugin. -->","yoast_head_json":{"title":"D-pantenoli 75 % - NATURAL POLAND - RAAKA-AINEIDEN TUKKUJAKELIJA","description":"D-Panthenol 75 % on nykyaikaisen kosmetiikan v\u00e4ltt\u00e4m\u00e4t\u00f6n ainesosa, jolla on kosteuttava, uudistava ja rauhoittava vaikutus.","robots":{"index":"index","follow":"follow","max-snippet":"max-snippet:-1","max-image-preview":"max-image-preview:large","max-video-preview":"max-video-preview:-1"},"canonical":"https:\/\/naturalpoland.com\/fi\/tuotteet\/kosmetiikkateollisuuden-tuotteet\/kosmetiikan-raaka-aineet\/d-panthenol-75\/","og_locale":"fi_FI","og_type":"article","og_title":"D-pantenoli 75 % - NATURAL POLAND - RAAKA-AINEIDEN TUKKUJAKELIJA","og_description":"D-Panthenol 75 % on nykyaikaisen kosmetiikan v\u00e4ltt\u00e4m\u00e4t\u00f6n ainesosa, jolla on kosteuttava, uudistava ja rauhoittava vaikutus.","og_url":"https:\/\/naturalpoland.com\/fi\/tuotteet\/kosmetiikkateollisuuden-tuotteet\/kosmetiikan-raaka-aineet\/d-panthenol-75\/","og_site_name":"NATURAL POLAND - RAAKA-AINEIDEN TUKKUJAKELIJA","article_publisher":"https:\/\/www.facebook.com\/naturalpoland.b2b","og_image":[{"width":607,"height":607,"url":"https:\/\/naturalpoland.com\/wp-content\/uploads\/dpanthenol.webp","type":"image\/webp"}],"schema":{"@context":"https:\/\/schema.org","@graph":[{"@type":"WebPage","@id":"https:\/\/naturalpoland.com\/fi\/tuotteet\/kosmetiikkateollisuuden-tuotteet\/kosmetiikan-raaka-aineet\/d-panthenol-75\/","url":"https:\/\/naturalpoland.com\/fi\/tuotteet\/kosmetiikkateollisuuden-tuotteet\/kosmetiikan-raaka-aineet\/d-panthenol-75\/","name":"D-pantenoli 75 % - NATURAL POLAND - RAAKA-AINEIDEN TUKKUJAKELIJA","isPartOf":{"@id":"https:\/\/naturalpoland.com\/fi\/#website"},"primaryImageOfPage":{"@id":"https:\/\/naturalpoland.com\/fi\/tuotteet\/kosmetiikkateollisuuden-tuotteet\/kosmetiikan-raaka-aineet\/d-panthenol-75\/#primaryimage"},"image":{"@id":"https:\/\/naturalpoland.com\/fi\/tuotteet\/kosmetiikkateollisuuden-tuotteet\/kosmetiikan-raaka-aineet\/d-panthenol-75\/#primaryimage"},"thumbnailUrl":"https:\/\/naturalpoland.com\/wp-content\/uploads\/dpanthenol.webp","datePublished":"2024-06-13T11:28:52+00:00","description":"D-Panthenol 75 % on nykyaikaisen kosmetiikan v\u00e4ltt\u00e4m\u00e4t\u00f6n ainesosa, jolla on kosteuttava, uudistava ja rauhoittava vaikutus.","breadcrumb":{"@id":"https:\/\/naturalpoland.com\/fi\/tuotteet\/kosmetiikkateollisuuden-tuotteet\/kosmetiikan-raaka-aineet\/d-panthenol-75\/#breadcrumb"},"inLanguage":"fi","potentialAction":[{"@type":"ReadAction","target":["https:\/\/naturalpoland.com\/fi\/tuotteet\/kosmetiikkateollisuuden-tuotteet\/kosmetiikan-raaka-aineet\/d-panthenol-75\/"]}]},{"@type":"ImageObject","inLanguage":"fi","@id":"https:\/\/naturalpoland.com\/fi\/tuotteet\/kosmetiikkateollisuuden-tuotteet\/kosmetiikan-raaka-aineet\/d-panthenol-75\/#primaryimage","url":"https:\/\/naturalpoland.com\/wp-content\/uploads\/dpanthenol.webp","contentUrl":"https:\/\/naturalpoland.com\/wp-content\/uploads\/dpanthenol.webp","width":607,"height":607,"caption":"d-panthenol"},{"@type":"BreadcrumbList","@id":"https:\/\/naturalpoland.com\/fi\/tuotteet\/kosmetiikkateollisuuden-tuotteet\/kosmetiikan-raaka-aineet\/d-panthenol-75\/#breadcrumb","itemListElement":[{"@type":"ListItem","position":1,"name":"Etusivu","item":"https:\/\/naturalpoland.com\/fi\/"},{"@type":"ListItem","position":2,"name":"Tuotteet","item":"https:\/\/naturalpoland.com\/fi\/tuotteet\/"},{"@type":"ListItem","position":3,"name":"D-pantenoli 75 %"}]},{"@type":"WebSite","@id":"https:\/\/naturalpoland.com\/fi\/#website","url":"https:\/\/naturalpoland.com\/fi\/","name":"NATURAL POLAND - RAAKA-AINEIDEN TUKKUJAKELIJA","description":"Surowce dla przemys\u0142u spo\u017cywczego, kosmetycznego i farmaceutycznego","publisher":{"@id":"https:\/\/naturalpoland.com\/fi\/#organization"},"potentialAction":[{"@type":"SearchAction","target":{"@type":"EntryPoint","urlTemplate":"https:\/\/naturalpoland.com\/fi\/?s={search_term_string}"},"query-input":{"@type":"PropertyValueSpecification","valueRequired":true,"valueName":"search_term_string"}}],"inLanguage":"fi"},{"@type":"Organization","@id":"https:\/\/naturalpoland.com\/fi\/#organization","name":"Natural Poland","url":"https:\/\/naturalpoland.com\/fi\/","logo":{"@type":"ImageObject","inLanguage":"fi","@id":"https:\/\/naturalpoland.com\/fi\/#\/schema\/logo\/image\/","url":"https:\/\/naturalpoland.com\/wp-content\/uploads\/2021\/05\/natural-poland-icon.png","contentUrl":"https:\/\/naturalpoland.com\/wp-content\/uploads\/2021\/05\/natural-poland-icon.png","width":512,"height":512,"caption":"Natural Poland"},"image":{"@id":"https:\/\/naturalpoland.com\/fi\/#\/schema\/logo\/image\/"},"sameAs":["https:\/\/www.facebook.com\/naturalpoland.b2b","https:\/\/pl.linkedin.com\/company\/natural-poland","https:\/\/www.youtube.com\/channel\/UCgeGGkvOMahZo-xu_MSEWxg"]}]}},"_links":{"self":[{"href":"https:\/\/naturalpoland.com\/fi\/wp-json\/wp\/v2\/product\/32670","targetHints":{"allow":["GET"]}}],"collection":[{"href":"https:\/\/naturalpoland.com\/fi\/wp-json\/wp\/v2\/product"}],"about":[{"href":"https:\/\/naturalpoland.com\/fi\/wp-json\/wp\/v2\/types\/product"}],"wp:featuredmedia":[{"embeddable":true,"href":"https:\/\/naturalpoland.com\/fi\/wp-json\/wp\/v2\/media\/32586"}],"wp:attachment":[{"href":"https:\/\/naturalpoland.com\/fi\/wp-json\/wp\/v2\/media?parent=32670"}],"wp:term":[{"taxonomy":"product_brand","embeddable":true,"href":"https:\/\/naturalpoland.com\/fi\/wp-json\/wp\/v2\/product_brand?post=32670"},{"taxonomy":"product_cat","embeddable":true,"href":"https:\/\/naturalpoland.com\/fi\/wp-json\/wp\/v2\/product_cat?post=32670"},{"taxonomy":"product_tag","embeddable":true,"href":"https:\/\/naturalpoland.com\/fi\/wp-json\/wp\/v2\/product_tag?post=32670"}],"curies":[{"name":"wp","href":"https:\/\/api.w.org\/{rel}","templated":true}]}}