{"id":33448,"date":"2024-07-09T14:27:27","date_gmt":"2024-07-10T08:26:36","guid":{"rendered":"https:\/\/naturalpoland.com\/produkty\/Ei-luokiteltu\/porkkana-hedelmahydrolaatti\/"},"modified":"2024-07-10T10:26:36","modified_gmt":"2024-07-10T08:26:36","slug":"porkkana-hedelmahydrolaatti","status":"publish","type":"product","link":"https:\/\/naturalpoland.com\/fi\/tuotteet\/kosmetiikkateollisuuden-tuotteet\/kukkaisvedet\/porkkana-hedelmahydrolaatti\/","title":{"rendered":"Porkkanan hedelm\u00e4hydrolaatti"},"content":{"rendered":"<h2>Koostumus ja laatu:<\/h2>\n<p>Porkkanahydrolaatti muodostaa 99,2-99,3 % tuotteen koostumuksesta, ja se sis\u00e4lt\u00e4\u00e4 lis\u00e4ksi natriumbentsoaattia (0,4 %), kaliumsorbaattia (0,2 %) ja sitruunahappoa (0,1-0,2 %) pH:n vakauttamiseksi ja s\u00e4il\u00f6nt\u00e4aineina. N\u00e4m\u00e4 lis\u00e4aineet takaavat pidemm\u00e4n k\u00e4ytt\u00f6i\u00e4n ja turvallisemman k\u00e4yt\u00f6n, sill\u00e4 ne pit\u00e4v\u00e4t tuotteen vapaana mikro-organismeista ja ep\u00e4puhtauksista.<\/p>\n<h2>Ominaisuudet:<\/h2>\n<p>Porkkanahydrolaatti on tunnettu antioksidanttisista ominaisuuksistaan, jotka johtuvat sen korkeasta pitoisuudesta <strong><br \/>\n  <a href=\"https:\/\/naturalpoland.com\/produkty\/produkty-dla-przemyslu-farmaceutycznego-i-medycznego\/witaminy\/beta-karoten-100-naturalny\/\">beetakaroteenia<\/a><br \/>\n<\/strong>joka on esiasteena <strong><br \/>\n  <a href=\"https:\/\/naturalpoland.com\/produkty\/produkty-dla-przemyslu-kosmetycznego\/surowce-kosmetyczne\/witamina-a\/\">A-vitamiinin<\/a><br \/>\n<\/strong>. Se on ihanteellinen iholle, joka kaipaa uudistumista, ja se sopii my\u00f6s anti-ageing-tuotteiden ainesosaksi. S\u00e4\u00e4nn\u00f6llinen hydrolatin k\u00e4ytt\u00f6 voi auttaa parantamaan ihon s\u00e4vy\u00e4, lis\u00e4\u00e4m\u00e4\u00e4n kimmoisuutta ja kosteuttamaan ihoa.<\/p>\n<h2>Sovellus:<\/h2>\n<p>Porkkanahydrolaattia voidaan k\u00e4ytt\u00e4\u00e4 kasvovoiteena, vartalosuihkeena ja my\u00f6s ainesosana kotitekoisissa resepteiss\u00e4 naamioiden tai voiteiden valmistuksessa. Sen mieto koostumus tekee siit\u00e4 sopivan my\u00f6s niille, joilla on herkk\u00e4 iho.<\/p>\n<p>&nbsp;<\/p>\n","protected":false},"excerpt":{"rendered":"<p><em>Porkkanahydrolaatti<\/em> on hienojakoinen, vesipitoinen uute, jota saadaan porkkanasta<em>(Daucus Carota Sativa<\/em>). Ravitsevien ja uudistavien ominaisuuksiensa ansiosta t\u00e4t\u00e4 hydrolaattia arvostetaan luonnonkosmetiikassa tonicien, naamioiden ja muiden ihonhoitotuotteiden ainesosana.<\/p>\n<p>&nbsp;<\/p>\n","protected":false},"featured_media":33413,"template":"","meta":{"_acf_changed":false},"product_brand":[],"product_cat":[3550],"product_tag":[],"class_list":{"0":"post-33448","1":"product","2":"type-product","3":"status-publish","4":"has-post-thumbnail","6":"product_cat-kukkaisvedet","8":"first","9":"instock","10":"shipping-taxable","11":"product-type-simple"},"acf":[],"yoast_head":"<!-- This site is optimized with the Yoast SEO plugin v27.4 - https:\/\/yoast.com\/product\/yoast-seo-wordpress\/ -->\n<title>Porkkanan hedelm\u00e4hydrolaatti - NATURAL POLAND - RAAKA-AINEIDEN TUKKUJAKELIJA<\/title>\n<meta name=\"description\" content=\"Ravitsevien ja elvytt\u00e4vien ominaisuuksiensa ansiosta porkkanahydrolaattia k\u00e4ytet\u00e4\u00e4n monissa ihonhoitotuotteissa.\" \/>\n<meta name=\"robots\" content=\"index, follow, max-snippet:-1, max-image-preview:large, max-video-preview:-1\" \/>\n<link rel=\"canonical\" href=\"https:\/\/naturalpoland.com\/fi\/tuotteet\/kosmetiikkateollisuuden-tuotteet\/kukkaisvedet\/porkkana-hedelmahydrolaatti\/\" \/>\n<meta property=\"og:locale\" content=\"fi_FI\" \/>\n<meta property=\"og:type\" content=\"article\" \/>\n<meta property=\"og:title\" content=\"Porkkanan hedelm\u00e4hydrolaatti - NATURAL POLAND - RAAKA-AINEIDEN TUKKUJAKELIJA\" \/>\n<meta property=\"og:description\" content=\"Ravitsevien ja elvytt\u00e4vien ominaisuuksiensa ansiosta porkkanahydrolaattia k\u00e4ytet\u00e4\u00e4n monissa ihonhoitotuotteissa.\" \/>\n<meta property=\"og:url\" content=\"https:\/\/naturalpoland.com\/fi\/tuotteet\/kosmetiikkateollisuuden-tuotteet\/kukkaisvedet\/porkkana-hedelmahydrolaatti\/\" \/>\n<meta property=\"og:site_name\" content=\"NATURAL POLAND - RAAKA-AINEIDEN TUKKUJAKELIJA\" \/>\n<meta property=\"article:publisher\" content=\"https:\/\/www.facebook.com\/naturalpoland.b2b\" \/>\n<meta property=\"og:image\" content=\"https:\/\/naturalpoland.com\/wp-content\/uploads\/hydrolat-z-marchwi.webp\" \/>\n\t<meta property=\"og:image:width\" content=\"615\" \/>\n\t<meta property=\"og:image:height\" content=\"615\" \/>\n\t<meta property=\"og:image:type\" content=\"image\/webp\" \/>\n<script type=\"application\/ld+json\" class=\"yoast-schema-graph\">{\"@context\":\"https:\\\/\\\/schema.org\",\"@graph\":[{\"@type\":\"WebPage\",\"@id\":\"https:\\\/\\\/naturalpoland.com\\\/fi\\\/tuotteet\\\/kosmetiikkateollisuuden-tuotteet\\\/kukkaisvedet\\\/porkkana-hedelmahydrolaatti\\\/\",\"url\":\"https:\\\/\\\/naturalpoland.com\\\/fi\\\/tuotteet\\\/kosmetiikkateollisuuden-tuotteet\\\/kukkaisvedet\\\/porkkana-hedelmahydrolaatti\\\/\",\"name\":\"Porkkanan hedelm\u00e4hydrolaatti - NATURAL POLAND - RAAKA-AINEIDEN TUKKUJAKELIJA\",\"isPartOf\":{\"@id\":\"https:\\\/\\\/naturalpoland.com\\\/fi\\\/#website\"},\"primaryImageOfPage\":{\"@id\":\"https:\\\/\\\/naturalpoland.com\\\/fi\\\/tuotteet\\\/kosmetiikkateollisuuden-tuotteet\\\/kukkaisvedet\\\/porkkana-hedelmahydrolaatti\\\/#primaryimage\"},\"image\":{\"@id\":\"https:\\\/\\\/naturalpoland.com\\\/fi\\\/tuotteet\\\/kosmetiikkateollisuuden-tuotteet\\\/kukkaisvedet\\\/porkkana-hedelmahydrolaatti\\\/#primaryimage\"},\"thumbnailUrl\":\"https:\\\/\\\/naturalpoland.com\\\/wp-content\\\/uploads\\\/hydrolat-z-marchwi.webp\",\"datePublished\":\"2024-07-10T08:26:36+00:00\",\"description\":\"Ravitsevien ja elvytt\u00e4vien ominaisuuksiensa ansiosta porkkanahydrolaattia k\u00e4ytet\u00e4\u00e4n monissa ihonhoitotuotteissa.\",\"breadcrumb\":{\"@id\":\"https:\\\/\\\/naturalpoland.com\\\/fi\\\/tuotteet\\\/kosmetiikkateollisuuden-tuotteet\\\/kukkaisvedet\\\/porkkana-hedelmahydrolaatti\\\/#breadcrumb\"},\"inLanguage\":\"fi\",\"potentialAction\":[{\"@type\":\"ReadAction\",\"target\":[\"https:\\\/\\\/naturalpoland.com\\\/fi\\\/tuotteet\\\/kosmetiikkateollisuuden-tuotteet\\\/kukkaisvedet\\\/porkkana-hedelmahydrolaatti\\\/\"]}]},{\"@type\":\"ImageObject\",\"inLanguage\":\"fi\",\"@id\":\"https:\\\/\\\/naturalpoland.com\\\/fi\\\/tuotteet\\\/kosmetiikkateollisuuden-tuotteet\\\/kukkaisvedet\\\/porkkana-hedelmahydrolaatti\\\/#primaryimage\",\"url\":\"https:\\\/\\\/naturalpoland.com\\\/wp-content\\\/uploads\\\/hydrolat-z-marchwi.webp\",\"contentUrl\":\"https:\\\/\\\/naturalpoland.com\\\/wp-content\\\/uploads\\\/hydrolat-z-marchwi.webp\",\"width\":615,\"height\":615,\"caption\":\"hydrolat z marchwi\"},{\"@type\":\"BreadcrumbList\",\"@id\":\"https:\\\/\\\/naturalpoland.com\\\/fi\\\/tuotteet\\\/kosmetiikkateollisuuden-tuotteet\\\/kukkaisvedet\\\/porkkana-hedelmahydrolaatti\\\/#breadcrumb\",\"itemListElement\":[{\"@type\":\"ListItem\",\"position\":1,\"name\":\"Etusivu\",\"item\":\"https:\\\/\\\/naturalpoland.com\\\/fi\\\/\"},{\"@type\":\"ListItem\",\"position\":2,\"name\":\"Tuotteet\",\"item\":\"https:\\\/\\\/naturalpoland.com\\\/fi\\\/tuotteet\\\/\"},{\"@type\":\"ListItem\",\"position\":3,\"name\":\"Porkkanan hedelm\u00e4hydrolaatti\"}]},{\"@type\":\"WebSite\",\"@id\":\"https:\\\/\\\/naturalpoland.com\\\/fi\\\/#website\",\"url\":\"https:\\\/\\\/naturalpoland.com\\\/fi\\\/\",\"name\":\"NATURAL POLAND - RAAKA-AINEIDEN TUKKUJAKELIJA\",\"description\":\"Surowce dla przemys\u0142u spo\u017cywczego, kosmetycznego i farmaceutycznego\",\"publisher\":{\"@id\":\"https:\\\/\\\/naturalpoland.com\\\/fi\\\/#organization\"},\"potentialAction\":[{\"@type\":\"SearchAction\",\"target\":{\"@type\":\"EntryPoint\",\"urlTemplate\":\"https:\\\/\\\/naturalpoland.com\\\/fi\\\/?s={search_term_string}\"},\"query-input\":{\"@type\":\"PropertyValueSpecification\",\"valueRequired\":true,\"valueName\":\"search_term_string\"}}],\"inLanguage\":\"fi\"},{\"@type\":\"Organization\",\"@id\":\"https:\\\/\\\/naturalpoland.com\\\/fi\\\/#organization\",\"name\":\"Natural Poland\",\"url\":\"https:\\\/\\\/naturalpoland.com\\\/fi\\\/\",\"logo\":{\"@type\":\"ImageObject\",\"inLanguage\":\"fi\",\"@id\":\"https:\\\/\\\/naturalpoland.com\\\/fi\\\/#\\\/schema\\\/logo\\\/image\\\/\",\"url\":\"https:\\\/\\\/naturalpoland.com\\\/wp-content\\\/uploads\\\/2021\\\/05\\\/natural-poland-icon.png\",\"contentUrl\":\"https:\\\/\\\/naturalpoland.com\\\/wp-content\\\/uploads\\\/2021\\\/05\\\/natural-poland-icon.png\",\"width\":512,\"height\":512,\"caption\":\"Natural Poland\"},\"image\":{\"@id\":\"https:\\\/\\\/naturalpoland.com\\\/fi\\\/#\\\/schema\\\/logo\\\/image\\\/\"},\"sameAs\":[\"https:\\\/\\\/www.facebook.com\\\/naturalpoland.b2b\",\"https:\\\/\\\/pl.linkedin.com\\\/company\\\/natural-poland\",\"https:\\\/\\\/www.youtube.com\\\/channel\\\/UCgeGGkvOMahZo-xu_MSEWxg\"]}]}<\/script>\n<!-- \/ Yoast SEO plugin. -->","yoast_head_json":{"title":"Porkkanan hedelm\u00e4hydrolaatti - NATURAL POLAND - RAAKA-AINEIDEN TUKKUJAKELIJA","description":"Ravitsevien ja elvytt\u00e4vien ominaisuuksiensa ansiosta porkkanahydrolaattia k\u00e4ytet\u00e4\u00e4n monissa ihonhoitotuotteissa.","robots":{"index":"index","follow":"follow","max-snippet":"max-snippet:-1","max-image-preview":"max-image-preview:large","max-video-preview":"max-video-preview:-1"},"canonical":"https:\/\/naturalpoland.com\/fi\/tuotteet\/kosmetiikkateollisuuden-tuotteet\/kukkaisvedet\/porkkana-hedelmahydrolaatti\/","og_locale":"fi_FI","og_type":"article","og_title":"Porkkanan hedelm\u00e4hydrolaatti - NATURAL POLAND - RAAKA-AINEIDEN TUKKUJAKELIJA","og_description":"Ravitsevien ja elvytt\u00e4vien ominaisuuksiensa ansiosta porkkanahydrolaattia k\u00e4ytet\u00e4\u00e4n monissa ihonhoitotuotteissa.","og_url":"https:\/\/naturalpoland.com\/fi\/tuotteet\/kosmetiikkateollisuuden-tuotteet\/kukkaisvedet\/porkkana-hedelmahydrolaatti\/","og_site_name":"NATURAL POLAND - RAAKA-AINEIDEN TUKKUJAKELIJA","article_publisher":"https:\/\/www.facebook.com\/naturalpoland.b2b","og_image":[{"width":615,"height":615,"url":"https:\/\/naturalpoland.com\/wp-content\/uploads\/hydrolat-z-marchwi.webp","type":"image\/webp"}],"schema":{"@context":"https:\/\/schema.org","@graph":[{"@type":"WebPage","@id":"https:\/\/naturalpoland.com\/fi\/tuotteet\/kosmetiikkateollisuuden-tuotteet\/kukkaisvedet\/porkkana-hedelmahydrolaatti\/","url":"https:\/\/naturalpoland.com\/fi\/tuotteet\/kosmetiikkateollisuuden-tuotteet\/kukkaisvedet\/porkkana-hedelmahydrolaatti\/","name":"Porkkanan hedelm\u00e4hydrolaatti - NATURAL POLAND - RAAKA-AINEIDEN TUKKUJAKELIJA","isPartOf":{"@id":"https:\/\/naturalpoland.com\/fi\/#website"},"primaryImageOfPage":{"@id":"https:\/\/naturalpoland.com\/fi\/tuotteet\/kosmetiikkateollisuuden-tuotteet\/kukkaisvedet\/porkkana-hedelmahydrolaatti\/#primaryimage"},"image":{"@id":"https:\/\/naturalpoland.com\/fi\/tuotteet\/kosmetiikkateollisuuden-tuotteet\/kukkaisvedet\/porkkana-hedelmahydrolaatti\/#primaryimage"},"thumbnailUrl":"https:\/\/naturalpoland.com\/wp-content\/uploads\/hydrolat-z-marchwi.webp","datePublished":"2024-07-10T08:26:36+00:00","description":"Ravitsevien ja elvytt\u00e4vien ominaisuuksiensa ansiosta porkkanahydrolaattia k\u00e4ytet\u00e4\u00e4n monissa ihonhoitotuotteissa.","breadcrumb":{"@id":"https:\/\/naturalpoland.com\/fi\/tuotteet\/kosmetiikkateollisuuden-tuotteet\/kukkaisvedet\/porkkana-hedelmahydrolaatti\/#breadcrumb"},"inLanguage":"fi","potentialAction":[{"@type":"ReadAction","target":["https:\/\/naturalpoland.com\/fi\/tuotteet\/kosmetiikkateollisuuden-tuotteet\/kukkaisvedet\/porkkana-hedelmahydrolaatti\/"]}]},{"@type":"ImageObject","inLanguage":"fi","@id":"https:\/\/naturalpoland.com\/fi\/tuotteet\/kosmetiikkateollisuuden-tuotteet\/kukkaisvedet\/porkkana-hedelmahydrolaatti\/#primaryimage","url":"https:\/\/naturalpoland.com\/wp-content\/uploads\/hydrolat-z-marchwi.webp","contentUrl":"https:\/\/naturalpoland.com\/wp-content\/uploads\/hydrolat-z-marchwi.webp","width":615,"height":615,"caption":"hydrolat z marchwi"},{"@type":"BreadcrumbList","@id":"https:\/\/naturalpoland.com\/fi\/tuotteet\/kosmetiikkateollisuuden-tuotteet\/kukkaisvedet\/porkkana-hedelmahydrolaatti\/#breadcrumb","itemListElement":[{"@type":"ListItem","position":1,"name":"Etusivu","item":"https:\/\/naturalpoland.com\/fi\/"},{"@type":"ListItem","position":2,"name":"Tuotteet","item":"https:\/\/naturalpoland.com\/fi\/tuotteet\/"},{"@type":"ListItem","position":3,"name":"Porkkanan hedelm\u00e4hydrolaatti"}]},{"@type":"WebSite","@id":"https:\/\/naturalpoland.com\/fi\/#website","url":"https:\/\/naturalpoland.com\/fi\/","name":"NATURAL POLAND - RAAKA-AINEIDEN TUKKUJAKELIJA","description":"Surowce dla przemys\u0142u spo\u017cywczego, kosmetycznego i farmaceutycznego","publisher":{"@id":"https:\/\/naturalpoland.com\/fi\/#organization"},"potentialAction":[{"@type":"SearchAction","target":{"@type":"EntryPoint","urlTemplate":"https:\/\/naturalpoland.com\/fi\/?s={search_term_string}"},"query-input":{"@type":"PropertyValueSpecification","valueRequired":true,"valueName":"search_term_string"}}],"inLanguage":"fi"},{"@type":"Organization","@id":"https:\/\/naturalpoland.com\/fi\/#organization","name":"Natural Poland","url":"https:\/\/naturalpoland.com\/fi\/","logo":{"@type":"ImageObject","inLanguage":"fi","@id":"https:\/\/naturalpoland.com\/fi\/#\/schema\/logo\/image\/","url":"https:\/\/naturalpoland.com\/wp-content\/uploads\/2021\/05\/natural-poland-icon.png","contentUrl":"https:\/\/naturalpoland.com\/wp-content\/uploads\/2021\/05\/natural-poland-icon.png","width":512,"height":512,"caption":"Natural Poland"},"image":{"@id":"https:\/\/naturalpoland.com\/fi\/#\/schema\/logo\/image\/"},"sameAs":["https:\/\/www.facebook.com\/naturalpoland.b2b","https:\/\/pl.linkedin.com\/company\/natural-poland","https:\/\/www.youtube.com\/channel\/UCgeGGkvOMahZo-xu_MSEWxg"]}]}},"_links":{"self":[{"href":"https:\/\/naturalpoland.com\/fi\/wp-json\/wp\/v2\/product\/33448","targetHints":{"allow":["GET"]}}],"collection":[{"href":"https:\/\/naturalpoland.com\/fi\/wp-json\/wp\/v2\/product"}],"about":[{"href":"https:\/\/naturalpoland.com\/fi\/wp-json\/wp\/v2\/types\/product"}],"wp:featuredmedia":[{"embeddable":true,"href":"https:\/\/naturalpoland.com\/fi\/wp-json\/wp\/v2\/media\/33413"}],"wp:attachment":[{"href":"https:\/\/naturalpoland.com\/fi\/wp-json\/wp\/v2\/media?parent=33448"}],"wp:term":[{"taxonomy":"product_brand","embeddable":true,"href":"https:\/\/naturalpoland.com\/fi\/wp-json\/wp\/v2\/product_brand?post=33448"},{"taxonomy":"product_cat","embeddable":true,"href":"https:\/\/naturalpoland.com\/fi\/wp-json\/wp\/v2\/product_cat?post=33448"},{"taxonomy":"product_tag","embeddable":true,"href":"https:\/\/naturalpoland.com\/fi\/wp-json\/wp\/v2\/product_tag?post=33448"}],"curies":[{"name":"wp","href":"https:\/\/api.w.org\/{rel}","templated":true}]}}