{"id":33458,"date":"2024-07-09T14:48:40","date_gmt":"2024-07-10T08:26:50","guid":{"rendered":"https:\/\/naturalpoland.com\/produkty\/Ei-luokiteltu\/hydrolate-from-pure-medicine\/"},"modified":"2025-02-28T14:52:48","modified_gmt":"2025-02-28T13:52:48","slug":"hydrolate-from-pure-medicine","status":"publish","type":"product","link":"https:\/\/naturalpoland.com\/fi\/tuotteet\/kosmetiikkateollisuuden-tuotteet\/kukkaisvedet\/hydrolate-from-pure-medicine\/","title":{"rendered":"Kistus-hydrolaatti"},"content":{"rendered":"<h2>Kistus-hydrolaatin ominaisuudet<\/h2>\n<p>Kistus-hydrolaatti arvostetaan sen voimakkaiden antioksidanttisten ja anti-inflammatoristen ominaisuuksien vuoksi. Korkean polyfenolipitoisuutensa ansiosta se auttaa neutraloimaan vapaita radikaaleja ja tukee ihon puolustuskyky\u00e4 haitallisia ulkoisia tekij\u00f6it\u00e4 vastaan. Sit\u00e4 suositellaan erityisesti akne-, rasvoittuvalle ja ongelmalliselle iholle, sill\u00e4 se auttaa s\u00e4\u00e4telem\u00e4\u00e4n talinerityst\u00e4 ja v\u00e4hent\u00e4m\u00e4\u00e4n tulehdusta.<\/p>\n<h2>Hakemus<\/h2>\n<p>Kistus-hydrolaatti voidaan k\u00e4ytt\u00e4\u00e4 kasvovoiteena, naamioiden ainesosana ja my\u00f6s virkist\u00e4v\u00e4n\u00e4 sumuna p\u00e4iv\u00e4n aikana. Sen rauhoittavien ominaisuuksien ansiosta se sopii t\u00e4ydellisesti parranajon, karvanpoiston tai intensiivisten kosmeettisten toimenpiteiden j\u00e4lkeisen \u00e4rsytyksen lievitt\u00e4miseen. Sit\u00e4 voidaan k\u00e4ytt\u00e4\u00e4 my\u00f6s haavojen ja hiertymien pesuun, mik\u00e4 edist\u00e4\u00e4 niiden paranemista.<\/p>\n<p>&nbsp;<\/p>\n<p>&nbsp;<\/p>\n","protected":false},"excerpt":{"rendered":"<p>Kistus-hydrolaatti (<em>Cistus Incanus -uute<\/em>) on eritt\u00e4in v\u00e4kev\u00e4 vesiuute, joka on valmistettu h\u00f6yrytislaamalla siveyskasvin lehdist\u00e4. Hydrolaatti on s\u00e4il\u00f6tty pienill\u00e4 m\u00e4\u00e4rill\u00e4 natriumbentsoaattia ja kaliumsorbaattia.<\/p>\n<p>&nbsp;<\/p>\n","protected":false},"featured_media":33427,"template":"","meta":[],"product_brand":[],"product_cat":[3550],"product_tag":[],"class_list":{"0":"post-33458","1":"product","2":"type-product","3":"status-publish","4":"has-post-thumbnail","6":"product_cat-kukkaisvedet","8":"first","9":"instock","10":"shipping-taxable","11":"product-type-simple"},"yoast_head":"<!-- This site is optimized with the Yoast SEO plugin v27.3 - https:\/\/yoast.com\/product\/yoast-seo-wordpress\/ -->\n<title>Kistus-hydrolaatti - NATURAL POLAND - RAAKA-AINEIDEN TUKKUJAKELIJA<\/title>\n<meta name=\"description\" content=\"Kistus-hydrolaatti (Cistus Incanus -uute) on eritt\u00e4in v\u00e4kev\u00e4 vesiuute, joka saa ominaisuutensa violetista kasvista.\" \/>\n<meta name=\"robots\" content=\"index, follow, max-snippet:-1, max-image-preview:large, max-video-preview:-1\" \/>\n<link rel=\"canonical\" href=\"https:\/\/naturalpoland.com\/fi\/tuotteet\/kosmetiikkateollisuuden-tuotteet\/kukkaisvedet\/hydrolate-from-pure-medicine\/\" \/>\n<meta property=\"og:locale\" content=\"fi_FI\" \/>\n<meta property=\"og:type\" content=\"article\" \/>\n<meta property=\"og:title\" content=\"Kistus-hydrolaatti - NATURAL POLAND - RAAKA-AINEIDEN TUKKUJAKELIJA\" \/>\n<meta property=\"og:description\" content=\"Kistus-hydrolaatti (Cistus Incanus -uute) on eritt\u00e4in v\u00e4kev\u00e4 vesiuute, joka saa ominaisuutensa violetista kasvista.\" \/>\n<meta property=\"og:url\" content=\"https:\/\/naturalpoland.com\/fi\/tuotteet\/kosmetiikkateollisuuden-tuotteet\/kukkaisvedet\/hydrolate-from-pure-medicine\/\" \/>\n<meta property=\"og:site_name\" content=\"NATURAL POLAND - RAAKA-AINEIDEN TUKKUJAKELIJA\" \/>\n<meta property=\"article:publisher\" content=\"https:\/\/www.facebook.com\/naturalpoland.b2b\" \/>\n<meta property=\"article:modified_time\" content=\"2025-02-28T13:52:48+00:00\" \/>\n<meta property=\"og:image\" content=\"https:\/\/naturalpoland.com\/wp-content\/uploads\/hydrolat-z-czystka-lekarskiego.webp\" \/>\n\t<meta property=\"og:image:width\" content=\"615\" \/>\n\t<meta property=\"og:image:height\" content=\"615\" \/>\n\t<meta property=\"og:image:type\" content=\"image\/webp\" \/>\n<script type=\"application\/ld+json\" class=\"yoast-schema-graph\">{\"@context\":\"https:\\\/\\\/schema.org\",\"@graph\":[{\"@type\":\"WebPage\",\"@id\":\"https:\\\/\\\/naturalpoland.com\\\/fi\\\/tuotteet\\\/kosmetiikkateollisuuden-tuotteet\\\/kukkaisvedet\\\/hydrolate-from-pure-medicine\\\/\",\"url\":\"https:\\\/\\\/naturalpoland.com\\\/fi\\\/tuotteet\\\/kosmetiikkateollisuuden-tuotteet\\\/kukkaisvedet\\\/hydrolate-from-pure-medicine\\\/\",\"name\":\"Kistus-hydrolaatti - NATURAL POLAND - RAAKA-AINEIDEN TUKKUJAKELIJA\",\"isPartOf\":{\"@id\":\"https:\\\/\\\/naturalpoland.com\\\/fi\\\/#website\"},\"primaryImageOfPage\":{\"@id\":\"https:\\\/\\\/naturalpoland.com\\\/fi\\\/tuotteet\\\/kosmetiikkateollisuuden-tuotteet\\\/kukkaisvedet\\\/hydrolate-from-pure-medicine\\\/#primaryimage\"},\"image\":{\"@id\":\"https:\\\/\\\/naturalpoland.com\\\/fi\\\/tuotteet\\\/kosmetiikkateollisuuden-tuotteet\\\/kukkaisvedet\\\/hydrolate-from-pure-medicine\\\/#primaryimage\"},\"thumbnailUrl\":\"https:\\\/\\\/naturalpoland.com\\\/wp-content\\\/uploads\\\/hydrolat-z-czystka-lekarskiego.webp\",\"datePublished\":\"2024-07-10T08:26:50+00:00\",\"dateModified\":\"2025-02-28T13:52:48+00:00\",\"description\":\"Kistus-hydrolaatti (Cistus Incanus -uute) on eritt\u00e4in v\u00e4kev\u00e4 vesiuute, joka saa ominaisuutensa violetista kasvista.\",\"breadcrumb\":{\"@id\":\"https:\\\/\\\/naturalpoland.com\\\/fi\\\/tuotteet\\\/kosmetiikkateollisuuden-tuotteet\\\/kukkaisvedet\\\/hydrolate-from-pure-medicine\\\/#breadcrumb\"},\"inLanguage\":\"fi\",\"potentialAction\":[{\"@type\":\"ReadAction\",\"target\":[\"https:\\\/\\\/naturalpoland.com\\\/fi\\\/tuotteet\\\/kosmetiikkateollisuuden-tuotteet\\\/kukkaisvedet\\\/hydrolate-from-pure-medicine\\\/\"]}]},{\"@type\":\"ImageObject\",\"inLanguage\":\"fi\",\"@id\":\"https:\\\/\\\/naturalpoland.com\\\/fi\\\/tuotteet\\\/kosmetiikkateollisuuden-tuotteet\\\/kukkaisvedet\\\/hydrolate-from-pure-medicine\\\/#primaryimage\",\"url\":\"https:\\\/\\\/naturalpoland.com\\\/wp-content\\\/uploads\\\/hydrolat-z-czystka-lekarskiego.webp\",\"contentUrl\":\"https:\\\/\\\/naturalpoland.com\\\/wp-content\\\/uploads\\\/hydrolat-z-czystka-lekarskiego.webp\",\"width\":615,\"height\":615,\"caption\":\"hydrolat z czystka lekarskiego\"},{\"@type\":\"BreadcrumbList\",\"@id\":\"https:\\\/\\\/naturalpoland.com\\\/fi\\\/tuotteet\\\/kosmetiikkateollisuuden-tuotteet\\\/kukkaisvedet\\\/hydrolate-from-pure-medicine\\\/#breadcrumb\",\"itemListElement\":[{\"@type\":\"ListItem\",\"position\":1,\"name\":\"Etusivu\",\"item\":\"https:\\\/\\\/naturalpoland.com\\\/fi\\\/\"},{\"@type\":\"ListItem\",\"position\":2,\"name\":\"Tuotteet\",\"item\":\"https:\\\/\\\/naturalpoland.com\\\/fi\\\/tuotteet\\\/\"},{\"@type\":\"ListItem\",\"position\":3,\"name\":\"Kistus-hydrolaatti\"}]},{\"@type\":\"WebSite\",\"@id\":\"https:\\\/\\\/naturalpoland.com\\\/fi\\\/#website\",\"url\":\"https:\\\/\\\/naturalpoland.com\\\/fi\\\/\",\"name\":\"NATURAL POLAND - RAAKA-AINEIDEN TUKKUJAKELIJA\",\"description\":\"Surowce dla przemys\u0142u spo\u017cywczego, kosmetycznego i farmaceutycznego\",\"publisher\":{\"@id\":\"https:\\\/\\\/naturalpoland.com\\\/fi\\\/#organization\"},\"potentialAction\":[{\"@type\":\"SearchAction\",\"target\":{\"@type\":\"EntryPoint\",\"urlTemplate\":\"https:\\\/\\\/naturalpoland.com\\\/fi\\\/?s={search_term_string}\"},\"query-input\":{\"@type\":\"PropertyValueSpecification\",\"valueRequired\":true,\"valueName\":\"search_term_string\"}}],\"inLanguage\":\"fi\"},{\"@type\":\"Organization\",\"@id\":\"https:\\\/\\\/naturalpoland.com\\\/fi\\\/#organization\",\"name\":\"Natural Poland\",\"url\":\"https:\\\/\\\/naturalpoland.com\\\/fi\\\/\",\"logo\":{\"@type\":\"ImageObject\",\"inLanguage\":\"fi\",\"@id\":\"https:\\\/\\\/naturalpoland.com\\\/fi\\\/#\\\/schema\\\/logo\\\/image\\\/\",\"url\":\"https:\\\/\\\/naturalpoland.com\\\/wp-content\\\/uploads\\\/2021\\\/05\\\/natural-poland-icon.png\",\"contentUrl\":\"https:\\\/\\\/naturalpoland.com\\\/wp-content\\\/uploads\\\/2021\\\/05\\\/natural-poland-icon.png\",\"width\":512,\"height\":512,\"caption\":\"Natural Poland\"},\"image\":{\"@id\":\"https:\\\/\\\/naturalpoland.com\\\/fi\\\/#\\\/schema\\\/logo\\\/image\\\/\"},\"sameAs\":[\"https:\\\/\\\/www.facebook.com\\\/naturalpoland.b2b\",\"https:\\\/\\\/pl.linkedin.com\\\/company\\\/natural-poland\",\"https:\\\/\\\/www.youtube.com\\\/channel\\\/UCgeGGkvOMahZo-xu_MSEWxg\"]}]}<\/script>\n<!-- \/ Yoast SEO plugin. -->","yoast_head_json":{"title":"Kistus-hydrolaatti - NATURAL POLAND - RAAKA-AINEIDEN TUKKUJAKELIJA","description":"Kistus-hydrolaatti (Cistus Incanus -uute) on eritt\u00e4in v\u00e4kev\u00e4 vesiuute, joka saa ominaisuutensa violetista kasvista.","robots":{"index":"index","follow":"follow","max-snippet":"max-snippet:-1","max-image-preview":"max-image-preview:large","max-video-preview":"max-video-preview:-1"},"canonical":"https:\/\/naturalpoland.com\/fi\/tuotteet\/kosmetiikkateollisuuden-tuotteet\/kukkaisvedet\/hydrolate-from-pure-medicine\/","og_locale":"fi_FI","og_type":"article","og_title":"Kistus-hydrolaatti - NATURAL POLAND - RAAKA-AINEIDEN TUKKUJAKELIJA","og_description":"Kistus-hydrolaatti (Cistus Incanus -uute) on eritt\u00e4in v\u00e4kev\u00e4 vesiuute, joka saa ominaisuutensa violetista kasvista.","og_url":"https:\/\/naturalpoland.com\/fi\/tuotteet\/kosmetiikkateollisuuden-tuotteet\/kukkaisvedet\/hydrolate-from-pure-medicine\/","og_site_name":"NATURAL POLAND - RAAKA-AINEIDEN TUKKUJAKELIJA","article_publisher":"https:\/\/www.facebook.com\/naturalpoland.b2b","article_modified_time":"2025-02-28T13:52:48+00:00","og_image":[{"width":615,"height":615,"url":"https:\/\/naturalpoland.com\/wp-content\/uploads\/hydrolat-z-czystka-lekarskiego.webp","type":"image\/webp"}],"schema":{"@context":"https:\/\/schema.org","@graph":[{"@type":"WebPage","@id":"https:\/\/naturalpoland.com\/fi\/tuotteet\/kosmetiikkateollisuuden-tuotteet\/kukkaisvedet\/hydrolate-from-pure-medicine\/","url":"https:\/\/naturalpoland.com\/fi\/tuotteet\/kosmetiikkateollisuuden-tuotteet\/kukkaisvedet\/hydrolate-from-pure-medicine\/","name":"Kistus-hydrolaatti - NATURAL POLAND - RAAKA-AINEIDEN TUKKUJAKELIJA","isPartOf":{"@id":"https:\/\/naturalpoland.com\/fi\/#website"},"primaryImageOfPage":{"@id":"https:\/\/naturalpoland.com\/fi\/tuotteet\/kosmetiikkateollisuuden-tuotteet\/kukkaisvedet\/hydrolate-from-pure-medicine\/#primaryimage"},"image":{"@id":"https:\/\/naturalpoland.com\/fi\/tuotteet\/kosmetiikkateollisuuden-tuotteet\/kukkaisvedet\/hydrolate-from-pure-medicine\/#primaryimage"},"thumbnailUrl":"https:\/\/naturalpoland.com\/wp-content\/uploads\/hydrolat-z-czystka-lekarskiego.webp","datePublished":"2024-07-10T08:26:50+00:00","dateModified":"2025-02-28T13:52:48+00:00","description":"Kistus-hydrolaatti (Cistus Incanus -uute) on eritt\u00e4in v\u00e4kev\u00e4 vesiuute, joka saa ominaisuutensa violetista kasvista.","breadcrumb":{"@id":"https:\/\/naturalpoland.com\/fi\/tuotteet\/kosmetiikkateollisuuden-tuotteet\/kukkaisvedet\/hydrolate-from-pure-medicine\/#breadcrumb"},"inLanguage":"fi","potentialAction":[{"@type":"ReadAction","target":["https:\/\/naturalpoland.com\/fi\/tuotteet\/kosmetiikkateollisuuden-tuotteet\/kukkaisvedet\/hydrolate-from-pure-medicine\/"]}]},{"@type":"ImageObject","inLanguage":"fi","@id":"https:\/\/naturalpoland.com\/fi\/tuotteet\/kosmetiikkateollisuuden-tuotteet\/kukkaisvedet\/hydrolate-from-pure-medicine\/#primaryimage","url":"https:\/\/naturalpoland.com\/wp-content\/uploads\/hydrolat-z-czystka-lekarskiego.webp","contentUrl":"https:\/\/naturalpoland.com\/wp-content\/uploads\/hydrolat-z-czystka-lekarskiego.webp","width":615,"height":615,"caption":"hydrolat z czystka lekarskiego"},{"@type":"BreadcrumbList","@id":"https:\/\/naturalpoland.com\/fi\/tuotteet\/kosmetiikkateollisuuden-tuotteet\/kukkaisvedet\/hydrolate-from-pure-medicine\/#breadcrumb","itemListElement":[{"@type":"ListItem","position":1,"name":"Etusivu","item":"https:\/\/naturalpoland.com\/fi\/"},{"@type":"ListItem","position":2,"name":"Tuotteet","item":"https:\/\/naturalpoland.com\/fi\/tuotteet\/"},{"@type":"ListItem","position":3,"name":"Kistus-hydrolaatti"}]},{"@type":"WebSite","@id":"https:\/\/naturalpoland.com\/fi\/#website","url":"https:\/\/naturalpoland.com\/fi\/","name":"NATURAL POLAND - RAAKA-AINEIDEN TUKKUJAKELIJA","description":"Surowce dla przemys\u0142u spo\u017cywczego, kosmetycznego i farmaceutycznego","publisher":{"@id":"https:\/\/naturalpoland.com\/fi\/#organization"},"potentialAction":[{"@type":"SearchAction","target":{"@type":"EntryPoint","urlTemplate":"https:\/\/naturalpoland.com\/fi\/?s={search_term_string}"},"query-input":{"@type":"PropertyValueSpecification","valueRequired":true,"valueName":"search_term_string"}}],"inLanguage":"fi"},{"@type":"Organization","@id":"https:\/\/naturalpoland.com\/fi\/#organization","name":"Natural Poland","url":"https:\/\/naturalpoland.com\/fi\/","logo":{"@type":"ImageObject","inLanguage":"fi","@id":"https:\/\/naturalpoland.com\/fi\/#\/schema\/logo\/image\/","url":"https:\/\/naturalpoland.com\/wp-content\/uploads\/2021\/05\/natural-poland-icon.png","contentUrl":"https:\/\/naturalpoland.com\/wp-content\/uploads\/2021\/05\/natural-poland-icon.png","width":512,"height":512,"caption":"Natural Poland"},"image":{"@id":"https:\/\/naturalpoland.com\/fi\/#\/schema\/logo\/image\/"},"sameAs":["https:\/\/www.facebook.com\/naturalpoland.b2b","https:\/\/pl.linkedin.com\/company\/natural-poland","https:\/\/www.youtube.com\/channel\/UCgeGGkvOMahZo-xu_MSEWxg"]}]}},"_links":{"self":[{"href":"https:\/\/naturalpoland.com\/fi\/wp-json\/wp\/v2\/product\/33458","targetHints":{"allow":["GET"]}}],"collection":[{"href":"https:\/\/naturalpoland.com\/fi\/wp-json\/wp\/v2\/product"}],"about":[{"href":"https:\/\/naturalpoland.com\/fi\/wp-json\/wp\/v2\/types\/product"}],"wp:featuredmedia":[{"embeddable":true,"href":"https:\/\/naturalpoland.com\/fi\/wp-json\/wp\/v2\/media\/33427"}],"wp:attachment":[{"href":"https:\/\/naturalpoland.com\/fi\/wp-json\/wp\/v2\/media?parent=33458"}],"wp:term":[{"taxonomy":"product_brand","embeddable":true,"href":"https:\/\/naturalpoland.com\/fi\/wp-json\/wp\/v2\/product_brand?post=33458"},{"taxonomy":"product_cat","embeddable":true,"href":"https:\/\/naturalpoland.com\/fi\/wp-json\/wp\/v2\/product_cat?post=33458"},{"taxonomy":"product_tag","embeddable":true,"href":"https:\/\/naturalpoland.com\/fi\/wp-json\/wp\/v2\/product_tag?post=33458"}],"curies":[{"name":"wp","href":"https:\/\/api.w.org\/{rel}","templated":true}]}}