{"id":33482,"date":"2024-07-09T13:28:18","date_gmt":"2024-07-10T08:29:33","guid":{"rendered":"https:\/\/naturalpoland.com\/produkty\/Ei-luokiteltu\/tyrninsiemenuute\/"},"modified":"2024-07-10T10:29:33","modified_gmt":"2024-07-10T08:29:33","slug":"tyrninsiemenuute","status":"publish","type":"product","link":"https:\/\/naturalpoland.com\/fi\/tuotteet\/kasviuutteet\/tyrninsiemenuute\/","title":{"rendered":"Tyrninsiemenuute"},"content":{"rendered":"<h2>CO2-uute<\/h2>\n<p>Tarjoamme orgaanista tyrninsiemenuutetta CO2. Ylikriittisen CO2-uuttotekniikan avulla voidaan saada eritt\u00e4in v\u00e4kevi\u00e4 uutteita ilman perinteisi\u00e4 liuottimia. T\u00e4m\u00e4 prosessi takaa tyrnin bioaktiivisten ainesosien puhtauden ja maksimaalisen aktiivisuuden. Yhden kilon uutteen saamiseksi tarvitaan 11-17 kiloa kuivattuja siemeni\u00e4, mik\u00e4 osoittaa tuotteen voimakkuuden ja arvon.<\/p>\n<h2>Uutteen ominaisuudet<\/h2>\n<p>Tyrniuute sis\u00e4lt\u00e4\u00e4 runsaasti rasvahappoja, kuten:<\/p>\n<ul>\n<li>Linolihappo (Omega-6) &#8211; 40,7 %.<\/li>\n<li>Alfa-linoleenihappo (Omega-3) &#8211; 28,4 %.<\/li>\n<li>\u00d6ljyhappo (Omega-9) &#8211; 18,1 %.<\/li>\n<\/ul>\n<p>N\u00e4m\u00e4 rasvahapot ovat avainasemassa ihoesteen yll\u00e4pit\u00e4misess\u00e4, kosteuden ja kimmoisuuden s\u00e4\u00e4telyss\u00e4. Lis\u00e4ksi uute sis\u00e4lt\u00e4\u00e4 tokoferoleja (E-vitamiinia) ja <a href=\"https:\/\/naturalpoland.com\/artykuly\/produkty-naturalne\/karotenoidy-skladniki-ktore-nadaja-olejowi-z-rokitnika-jego-charakterystyczny-blysk\/\">karotenoideja<\/a>, jotka tarjoavat voimakkaita antioksidanttiominaisuuksia, jotka suojaavat ihoa ennenaikaiselta vanhenemiselta.<\/p>\n<h2>Kosmeettiset sovellukset<\/h2>\n<p>Uudistavien ja ravitsevien ominaisuuksiensa ansiosta tyrninsiemenuute on ihanteellinen ainesosa kuivalle, kyps\u00e4lle ja vaurioituneelle iholle tarkoitetuissa voiteissa, seerumeissa ja voiteissa. Se auttaa v\u00e4hent\u00e4m\u00e4\u00e4n ryppyj\u00e4, parantaa ihon kiinteytt\u00e4 ja edist\u00e4\u00e4 pienten haavojen ja \u00e4rsytysten paranemista.<\/p>\n<h2>K\u00e4ytt\u00f6 lis\u00e4ravinteena<\/h2>\n<p>Ravintolis\u00e4n\u00e4 tyrniuute voi tukea syd\u00e4n- ja verisuoniterveytt\u00e4, vahvistaa immuunij\u00e4rjestelm\u00e4\u00e4 ja parantaa ihon, hiusten ja kynsien yleist\u00e4 kuntoa tulehdusta ehk\u00e4isevien ja uudistavien ominaisuuksiensa ansiosta.<\/p>\n<p>&nbsp;<\/p>\n","protected":false},"excerpt":{"rendered":"<p>Tyrninsiemenuute uutetaan tyrnin<em>(Hippophae rhamnoides<\/em>) kuivatuista siemenist\u00e4. Se on tunnettu korkeasta v\u00e4ltt\u00e4m\u00e4tt\u00f6mien rasvahappojen, antioksidanttien ja muiden bioaktiivisten yhdisteiden pitoisuudestaan.<\/p>\n","protected":false},"featured_media":33359,"template":"","meta":{"_acf_changed":false},"product_brand":[],"product_cat":[528],"product_tag":[],"class_list":{"0":"post-33482","1":"product","2":"type-product","3":"status-publish","4":"has-post-thumbnail","6":"product_cat-kasviuutteet","8":"first","9":"instock","10":"shipping-taxable","11":"product-type-simple"},"acf":[],"yoast_head":"<!-- This site is optimized with the Yoast SEO plugin v27.4 - https:\/\/yoast.com\/product\/yoast-seo-wordpress\/ -->\n<title>Tyrninsiemenuute - NATURAL POLAND - RAAKA-AINEIDEN TUKKUJAKELIJA<\/title>\n<meta name=\"description\" content=\"Tyrninsiemenuute on poikkeuksellisen runsas luonnollisten ravintoaineiden l\u00e4hde, joka tarjoaa merkitt\u00e4vi\u00e4 terveys- ja kauneusetuja.\" \/>\n<meta name=\"robots\" content=\"index, follow, max-snippet:-1, max-image-preview:large, max-video-preview:-1\" \/>\n<link rel=\"canonical\" href=\"https:\/\/naturalpoland.com\/fi\/tuotteet\/kasviuutteet\/tyrninsiemenuute\/\" \/>\n<meta property=\"og:locale\" content=\"fi_FI\" \/>\n<meta property=\"og:type\" content=\"article\" \/>\n<meta property=\"og:title\" content=\"Tyrninsiemenuute - NATURAL POLAND - RAAKA-AINEIDEN TUKKUJAKELIJA\" \/>\n<meta property=\"og:description\" content=\"Tyrninsiemenuute on poikkeuksellisen runsas luonnollisten ravintoaineiden l\u00e4hde, joka tarjoaa merkitt\u00e4vi\u00e4 terveys- ja kauneusetuja.\" \/>\n<meta property=\"og:url\" content=\"https:\/\/naturalpoland.com\/fi\/tuotteet\/kasviuutteet\/tyrninsiemenuute\/\" \/>\n<meta property=\"og:site_name\" content=\"NATURAL POLAND - RAAKA-AINEIDEN TUKKUJAKELIJA\" \/>\n<meta property=\"article:publisher\" content=\"https:\/\/www.facebook.com\/naturalpoland.b2b\" \/>\n<meta property=\"og:image\" content=\"https:\/\/naturalpoland.com\/wp-content\/uploads\/ekstrakt-z-rokitnika.webp\" \/>\n\t<meta property=\"og:image:width\" content=\"615\" \/>\n\t<meta property=\"og:image:height\" content=\"615\" \/>\n\t<meta property=\"og:image:type\" content=\"image\/webp\" \/>\n<script type=\"application\/ld+json\" class=\"yoast-schema-graph\">{\"@context\":\"https:\\\/\\\/schema.org\",\"@graph\":[{\"@type\":\"WebPage\",\"@id\":\"https:\\\/\\\/naturalpoland.com\\\/fi\\\/tuotteet\\\/kasviuutteet\\\/tyrninsiemenuute\\\/\",\"url\":\"https:\\\/\\\/naturalpoland.com\\\/fi\\\/tuotteet\\\/kasviuutteet\\\/tyrninsiemenuute\\\/\",\"name\":\"Tyrninsiemenuute - NATURAL POLAND - RAAKA-AINEIDEN TUKKUJAKELIJA\",\"isPartOf\":{\"@id\":\"https:\\\/\\\/naturalpoland.com\\\/fi\\\/#website\"},\"primaryImageOfPage\":{\"@id\":\"https:\\\/\\\/naturalpoland.com\\\/fi\\\/tuotteet\\\/kasviuutteet\\\/tyrninsiemenuute\\\/#primaryimage\"},\"image\":{\"@id\":\"https:\\\/\\\/naturalpoland.com\\\/fi\\\/tuotteet\\\/kasviuutteet\\\/tyrninsiemenuute\\\/#primaryimage\"},\"thumbnailUrl\":\"https:\\\/\\\/naturalpoland.com\\\/wp-content\\\/uploads\\\/ekstrakt-z-rokitnika.webp\",\"datePublished\":\"2024-07-10T08:29:33+00:00\",\"description\":\"Tyrninsiemenuute on poikkeuksellisen runsas luonnollisten ravintoaineiden l\u00e4hde, joka tarjoaa merkitt\u00e4vi\u00e4 terveys- ja kauneusetuja.\",\"breadcrumb\":{\"@id\":\"https:\\\/\\\/naturalpoland.com\\\/fi\\\/tuotteet\\\/kasviuutteet\\\/tyrninsiemenuute\\\/#breadcrumb\"},\"inLanguage\":\"fi\",\"potentialAction\":[{\"@type\":\"ReadAction\",\"target\":[\"https:\\\/\\\/naturalpoland.com\\\/fi\\\/tuotteet\\\/kasviuutteet\\\/tyrninsiemenuute\\\/\"]}]},{\"@type\":\"ImageObject\",\"inLanguage\":\"fi\",\"@id\":\"https:\\\/\\\/naturalpoland.com\\\/fi\\\/tuotteet\\\/kasviuutteet\\\/tyrninsiemenuute\\\/#primaryimage\",\"url\":\"https:\\\/\\\/naturalpoland.com\\\/wp-content\\\/uploads\\\/ekstrakt-z-rokitnika.webp\",\"contentUrl\":\"https:\\\/\\\/naturalpoland.com\\\/wp-content\\\/uploads\\\/ekstrakt-z-rokitnika.webp\",\"width\":615,\"height\":615,\"caption\":\"ekstrakt z rokitnika\"},{\"@type\":\"BreadcrumbList\",\"@id\":\"https:\\\/\\\/naturalpoland.com\\\/fi\\\/tuotteet\\\/kasviuutteet\\\/tyrninsiemenuute\\\/#breadcrumb\",\"itemListElement\":[{\"@type\":\"ListItem\",\"position\":1,\"name\":\"Etusivu\",\"item\":\"https:\\\/\\\/naturalpoland.com\\\/fi\\\/\"},{\"@type\":\"ListItem\",\"position\":2,\"name\":\"Tuotteet\",\"item\":\"https:\\\/\\\/naturalpoland.com\\\/fi\\\/tuotteet\\\/\"},{\"@type\":\"ListItem\",\"position\":3,\"name\":\"Tyrninsiemenuute\"}]},{\"@type\":\"WebSite\",\"@id\":\"https:\\\/\\\/naturalpoland.com\\\/fi\\\/#website\",\"url\":\"https:\\\/\\\/naturalpoland.com\\\/fi\\\/\",\"name\":\"NATURAL POLAND - RAAKA-AINEIDEN TUKKUJAKELIJA\",\"description\":\"Surowce dla przemys\u0142u spo\u017cywczego, kosmetycznego i farmaceutycznego\",\"publisher\":{\"@id\":\"https:\\\/\\\/naturalpoland.com\\\/fi\\\/#organization\"},\"potentialAction\":[{\"@type\":\"SearchAction\",\"target\":{\"@type\":\"EntryPoint\",\"urlTemplate\":\"https:\\\/\\\/naturalpoland.com\\\/fi\\\/?s={search_term_string}\"},\"query-input\":{\"@type\":\"PropertyValueSpecification\",\"valueRequired\":true,\"valueName\":\"search_term_string\"}}],\"inLanguage\":\"fi\"},{\"@type\":\"Organization\",\"@id\":\"https:\\\/\\\/naturalpoland.com\\\/fi\\\/#organization\",\"name\":\"Natural Poland\",\"url\":\"https:\\\/\\\/naturalpoland.com\\\/fi\\\/\",\"logo\":{\"@type\":\"ImageObject\",\"inLanguage\":\"fi\",\"@id\":\"https:\\\/\\\/naturalpoland.com\\\/fi\\\/#\\\/schema\\\/logo\\\/image\\\/\",\"url\":\"https:\\\/\\\/naturalpoland.com\\\/wp-content\\\/uploads\\\/2021\\\/05\\\/natural-poland-icon.png\",\"contentUrl\":\"https:\\\/\\\/naturalpoland.com\\\/wp-content\\\/uploads\\\/2021\\\/05\\\/natural-poland-icon.png\",\"width\":512,\"height\":512,\"caption\":\"Natural Poland\"},\"image\":{\"@id\":\"https:\\\/\\\/naturalpoland.com\\\/fi\\\/#\\\/schema\\\/logo\\\/image\\\/\"},\"sameAs\":[\"https:\\\/\\\/www.facebook.com\\\/naturalpoland.b2b\",\"https:\\\/\\\/pl.linkedin.com\\\/company\\\/natural-poland\",\"https:\\\/\\\/www.youtube.com\\\/channel\\\/UCgeGGkvOMahZo-xu_MSEWxg\"]}]}<\/script>\n<!-- \/ Yoast SEO plugin. -->","yoast_head_json":{"title":"Tyrninsiemenuute - NATURAL POLAND - RAAKA-AINEIDEN TUKKUJAKELIJA","description":"Tyrninsiemenuute on poikkeuksellisen runsas luonnollisten ravintoaineiden l\u00e4hde, joka tarjoaa merkitt\u00e4vi\u00e4 terveys- ja kauneusetuja.","robots":{"index":"index","follow":"follow","max-snippet":"max-snippet:-1","max-image-preview":"max-image-preview:large","max-video-preview":"max-video-preview:-1"},"canonical":"https:\/\/naturalpoland.com\/fi\/tuotteet\/kasviuutteet\/tyrninsiemenuute\/","og_locale":"fi_FI","og_type":"article","og_title":"Tyrninsiemenuute - NATURAL POLAND - RAAKA-AINEIDEN TUKKUJAKELIJA","og_description":"Tyrninsiemenuute on poikkeuksellisen runsas luonnollisten ravintoaineiden l\u00e4hde, joka tarjoaa merkitt\u00e4vi\u00e4 terveys- ja kauneusetuja.","og_url":"https:\/\/naturalpoland.com\/fi\/tuotteet\/kasviuutteet\/tyrninsiemenuute\/","og_site_name":"NATURAL POLAND - RAAKA-AINEIDEN TUKKUJAKELIJA","article_publisher":"https:\/\/www.facebook.com\/naturalpoland.b2b","og_image":[{"width":615,"height":615,"url":"https:\/\/naturalpoland.com\/wp-content\/uploads\/ekstrakt-z-rokitnika.webp","type":"image\/webp"}],"schema":{"@context":"https:\/\/schema.org","@graph":[{"@type":"WebPage","@id":"https:\/\/naturalpoland.com\/fi\/tuotteet\/kasviuutteet\/tyrninsiemenuute\/","url":"https:\/\/naturalpoland.com\/fi\/tuotteet\/kasviuutteet\/tyrninsiemenuute\/","name":"Tyrninsiemenuute - NATURAL POLAND - RAAKA-AINEIDEN TUKKUJAKELIJA","isPartOf":{"@id":"https:\/\/naturalpoland.com\/fi\/#website"},"primaryImageOfPage":{"@id":"https:\/\/naturalpoland.com\/fi\/tuotteet\/kasviuutteet\/tyrninsiemenuute\/#primaryimage"},"image":{"@id":"https:\/\/naturalpoland.com\/fi\/tuotteet\/kasviuutteet\/tyrninsiemenuute\/#primaryimage"},"thumbnailUrl":"https:\/\/naturalpoland.com\/wp-content\/uploads\/ekstrakt-z-rokitnika.webp","datePublished":"2024-07-10T08:29:33+00:00","description":"Tyrninsiemenuute on poikkeuksellisen runsas luonnollisten ravintoaineiden l\u00e4hde, joka tarjoaa merkitt\u00e4vi\u00e4 terveys- ja kauneusetuja.","breadcrumb":{"@id":"https:\/\/naturalpoland.com\/fi\/tuotteet\/kasviuutteet\/tyrninsiemenuute\/#breadcrumb"},"inLanguage":"fi","potentialAction":[{"@type":"ReadAction","target":["https:\/\/naturalpoland.com\/fi\/tuotteet\/kasviuutteet\/tyrninsiemenuute\/"]}]},{"@type":"ImageObject","inLanguage":"fi","@id":"https:\/\/naturalpoland.com\/fi\/tuotteet\/kasviuutteet\/tyrninsiemenuute\/#primaryimage","url":"https:\/\/naturalpoland.com\/wp-content\/uploads\/ekstrakt-z-rokitnika.webp","contentUrl":"https:\/\/naturalpoland.com\/wp-content\/uploads\/ekstrakt-z-rokitnika.webp","width":615,"height":615,"caption":"ekstrakt z rokitnika"},{"@type":"BreadcrumbList","@id":"https:\/\/naturalpoland.com\/fi\/tuotteet\/kasviuutteet\/tyrninsiemenuute\/#breadcrumb","itemListElement":[{"@type":"ListItem","position":1,"name":"Etusivu","item":"https:\/\/naturalpoland.com\/fi\/"},{"@type":"ListItem","position":2,"name":"Tuotteet","item":"https:\/\/naturalpoland.com\/fi\/tuotteet\/"},{"@type":"ListItem","position":3,"name":"Tyrninsiemenuute"}]},{"@type":"WebSite","@id":"https:\/\/naturalpoland.com\/fi\/#website","url":"https:\/\/naturalpoland.com\/fi\/","name":"NATURAL POLAND - RAAKA-AINEIDEN TUKKUJAKELIJA","description":"Surowce dla przemys\u0142u spo\u017cywczego, kosmetycznego i farmaceutycznego","publisher":{"@id":"https:\/\/naturalpoland.com\/fi\/#organization"},"potentialAction":[{"@type":"SearchAction","target":{"@type":"EntryPoint","urlTemplate":"https:\/\/naturalpoland.com\/fi\/?s={search_term_string}"},"query-input":{"@type":"PropertyValueSpecification","valueRequired":true,"valueName":"search_term_string"}}],"inLanguage":"fi"},{"@type":"Organization","@id":"https:\/\/naturalpoland.com\/fi\/#organization","name":"Natural Poland","url":"https:\/\/naturalpoland.com\/fi\/","logo":{"@type":"ImageObject","inLanguage":"fi","@id":"https:\/\/naturalpoland.com\/fi\/#\/schema\/logo\/image\/","url":"https:\/\/naturalpoland.com\/wp-content\/uploads\/2021\/05\/natural-poland-icon.png","contentUrl":"https:\/\/naturalpoland.com\/wp-content\/uploads\/2021\/05\/natural-poland-icon.png","width":512,"height":512,"caption":"Natural Poland"},"image":{"@id":"https:\/\/naturalpoland.com\/fi\/#\/schema\/logo\/image\/"},"sameAs":["https:\/\/www.facebook.com\/naturalpoland.b2b","https:\/\/pl.linkedin.com\/company\/natural-poland","https:\/\/www.youtube.com\/channel\/UCgeGGkvOMahZo-xu_MSEWxg"]}]}},"_links":{"self":[{"href":"https:\/\/naturalpoland.com\/fi\/wp-json\/wp\/v2\/product\/33482","targetHints":{"allow":["GET"]}}],"collection":[{"href":"https:\/\/naturalpoland.com\/fi\/wp-json\/wp\/v2\/product"}],"about":[{"href":"https:\/\/naturalpoland.com\/fi\/wp-json\/wp\/v2\/types\/product"}],"wp:featuredmedia":[{"embeddable":true,"href":"https:\/\/naturalpoland.com\/fi\/wp-json\/wp\/v2\/media\/33359"}],"wp:attachment":[{"href":"https:\/\/naturalpoland.com\/fi\/wp-json\/wp\/v2\/media?parent=33482"}],"wp:term":[{"taxonomy":"product_brand","embeddable":true,"href":"https:\/\/naturalpoland.com\/fi\/wp-json\/wp\/v2\/product_brand?post=33482"},{"taxonomy":"product_cat","embeddable":true,"href":"https:\/\/naturalpoland.com\/fi\/wp-json\/wp\/v2\/product_cat?post=33482"},{"taxonomy":"product_tag","embeddable":true,"href":"https:\/\/naturalpoland.com\/fi\/wp-json\/wp\/v2\/product_tag?post=33482"}],"curies":[{"name":"wp","href":"https:\/\/api.w.org\/{rel}","templated":true}]}}