{"id":33502,"date":"2024-07-08T13:29:55","date_gmt":"2024-07-10T08:33:05","guid":{"rendered":"https:\/\/naturalpoland.com\/produkty\/Ei-luokiteltu\/tcurcusol-tetrahydrokurkumiini\/"},"modified":"2024-07-10T10:33:05","modified_gmt":"2024-07-10T08:33:05","slug":"tcurcusol-tetrahydrokurkumiini","status":"publish","type":"product","link":"https:\/\/naturalpoland.com\/fi\/tuotteet\/laaketeollisuuden-tuotteet\/ravintolisien-ainesosat\/tcurcusol-tetrahydrokurkumiini\/","title":{"rendered":"TCurcuSol\u2122 (Tetrahydrokurkumiini)"},"content":{"rendered":"<h2>BioSNEDS\u2122-teknologian edut<\/h2>\n<ul>\n<li>TCurcuSol\u2122 on 20 kertaa paremmin biologisesti hy\u00f6dynnett\u00e4viss\u00e4 kuin tavanomainen tetrahydrokurkumiini, mik\u00e4 tarkoittaa, ett\u00e4 50 mg aktiivista tetrahydrokurkumiinia BioSNEDS\u2122:ss\u00e4 on bioekvivalentti 1000 mg:n tavanomaisen tetrahydrokurkumiinin kanssa.<\/li>\n<li>Enemm\u00e4n annoksia kiloa kohti &#8211; 2000 annosta kiloa kohti verrattuna 950 annokseen tavanomaisen tetrahydrokurkumiinin annoksiin.<\/li>\n<li>Saatavana jauheina ja emulsioina, jotka ovat neutraalin makuisia ja hajuttomia.<\/li>\n<\/ul>\n<h2>Terveyshy\u00f6dyt<\/h2>\n<ul>\n<li>Se v\u00e4hent\u00e4\u00e4 tehokkaasti tulehdusta kehossa.<\/li>\n<li>Tukee syd\u00e4n- ja verisuoniterveytt\u00e4.<\/li>\n<li>Se suojaa soluja oksidatiiviselta stressilt\u00e4.<\/li>\n<li>Auttaa parantamaan ihon terveytt\u00e4 ja v\u00e4hent\u00e4m\u00e4\u00e4n ik\u00e4\u00e4ntymisen merkkej\u00e4.<\/li>\n<li>Tukee tervett\u00e4 aineenvaihduntaa ja verensokerin hallintaa.<\/li>\n<li>Tukee aivojen terveytt\u00e4 ja neurologista toimintaa.<\/li>\n<\/ul>\n","protected":false},"excerpt":{"rendered":"<p><strong>TCurcuSol\u2122 <\/strong>on edistyksellinen tuote, jossa k\u00e4ytet\u00e4\u00e4n BioSNEDS\u2122-teknologiaa, joka lis\u00e4\u00e4 merkitt\u00e4v\u00e4sti tetrahydrokurkumiinin, kurkumiinin vakaan muodon, joka tunnetaan voimakkaista anti-inflammatorisista ja antioksidanttisista ominaisuuksistaan, hy\u00f6tyosuutta.<\/p>\n","protected":false},"featured_media":33267,"template":"","meta":{"_acf_changed":false},"product_brand":[],"product_cat":[535],"product_tag":[],"class_list":{"0":"post-33502","1":"product","2":"type-product","3":"status-publish","4":"has-post-thumbnail","6":"product_cat-ravintolisien-ainesosat","7":"pa_technologia-biosneds-teknologia","9":"first","10":"instock","11":"shipping-taxable","12":"product-type-simple"},"acf":[],"yoast_head":"<!-- This site is optimized with the Yoast SEO plugin v27.5 - https:\/\/yoast.com\/product\/yoast-seo-wordpress\/ -->\n<title>TCurcuSol\u2122 (Tetrahydrokurkumiini) - NATURAL POLAND - RAAKA-AINEIDEN TUKKUJAKELIJA<\/title>\n<meta name=\"description\" content=\"TCurcuSol\u2122 on tuote, joka tukee syd\u00e4n- ja verisuoniterveytt\u00e4, neurologisia toimintoja, tulehdusta ehk\u00e4isevi\u00e4 vaikutuksia ja monia muita terveyden osa-alueita.\" \/>\n<meta name=\"robots\" content=\"index, follow, max-snippet:-1, max-image-preview:large, max-video-preview:-1\" \/>\n<link rel=\"canonical\" href=\"https:\/\/naturalpoland.com\/fi\/tuotteet\/laaketeollisuuden-tuotteet\/ravintolisien-ainesosat\/tcurcusol-tetrahydrokurkumiini\/\" \/>\n<meta property=\"og:locale\" content=\"fi_FI\" \/>\n<meta property=\"og:type\" content=\"article\" \/>\n<meta property=\"og:title\" content=\"TCurcuSol\u2122 (Tetrahydrokurkumiini) - NATURAL POLAND - RAAKA-AINEIDEN TUKKUJAKELIJA\" \/>\n<meta property=\"og:description\" content=\"TCurcuSol\u2122 on tuote, joka tukee syd\u00e4n- ja verisuoniterveytt\u00e4, neurologisia toimintoja, tulehdusta ehk\u00e4isevi\u00e4 vaikutuksia ja monia muita terveyden osa-alueita.\" \/>\n<meta property=\"og:url\" content=\"https:\/\/naturalpoland.com\/fi\/tuotteet\/laaketeollisuuden-tuotteet\/ravintolisien-ainesosat\/tcurcusol-tetrahydrokurkumiini\/\" \/>\n<meta property=\"og:site_name\" content=\"NATURAL POLAND - RAAKA-AINEIDEN TUKKUJAKELIJA\" \/>\n<meta property=\"article:publisher\" content=\"https:\/\/www.facebook.com\/naturalpoland.b2b\" \/>\n<meta property=\"og:image\" content=\"https:\/\/naturalpoland.com\/wp-content\/uploads\/tetrahydrocurcumin.webp\" \/>\n\t<meta property=\"og:image:width\" content=\"613\" \/>\n\t<meta property=\"og:image:height\" content=\"613\" \/>\n\t<meta property=\"og:image:type\" content=\"image\/webp\" \/>\n<script type=\"application\/ld+json\" class=\"yoast-schema-graph\">{\"@context\":\"https:\\\/\\\/schema.org\",\"@graph\":[{\"@type\":\"WebPage\",\"@id\":\"https:\\\/\\\/naturalpoland.com\\\/fi\\\/tuotteet\\\/laaketeollisuuden-tuotteet\\\/ravintolisien-ainesosat\\\/tcurcusol-tetrahydrokurkumiini\\\/\",\"url\":\"https:\\\/\\\/naturalpoland.com\\\/fi\\\/tuotteet\\\/laaketeollisuuden-tuotteet\\\/ravintolisien-ainesosat\\\/tcurcusol-tetrahydrokurkumiini\\\/\",\"name\":\"TCurcuSol\u2122 (Tetrahydrokurkumiini) - NATURAL POLAND - RAAKA-AINEIDEN TUKKUJAKELIJA\",\"isPartOf\":{\"@id\":\"https:\\\/\\\/naturalpoland.com\\\/fi\\\/#website\"},\"primaryImageOfPage\":{\"@id\":\"https:\\\/\\\/naturalpoland.com\\\/fi\\\/tuotteet\\\/laaketeollisuuden-tuotteet\\\/ravintolisien-ainesosat\\\/tcurcusol-tetrahydrokurkumiini\\\/#primaryimage\"},\"image\":{\"@id\":\"https:\\\/\\\/naturalpoland.com\\\/fi\\\/tuotteet\\\/laaketeollisuuden-tuotteet\\\/ravintolisien-ainesosat\\\/tcurcusol-tetrahydrokurkumiini\\\/#primaryimage\"},\"thumbnailUrl\":\"https:\\\/\\\/naturalpoland.com\\\/wp-content\\\/uploads\\\/tetrahydrocurcumin.webp\",\"datePublished\":\"2024-07-10T08:33:05+00:00\",\"description\":\"TCurcuSol\u2122 on tuote, joka tukee syd\u00e4n- ja verisuoniterveytt\u00e4, neurologisia toimintoja, tulehdusta ehk\u00e4isevi\u00e4 vaikutuksia ja monia muita terveyden osa-alueita.\",\"breadcrumb\":{\"@id\":\"https:\\\/\\\/naturalpoland.com\\\/fi\\\/tuotteet\\\/laaketeollisuuden-tuotteet\\\/ravintolisien-ainesosat\\\/tcurcusol-tetrahydrokurkumiini\\\/#breadcrumb\"},\"inLanguage\":\"fi\",\"potentialAction\":[{\"@type\":\"ReadAction\",\"target\":[\"https:\\\/\\\/naturalpoland.com\\\/fi\\\/tuotteet\\\/laaketeollisuuden-tuotteet\\\/ravintolisien-ainesosat\\\/tcurcusol-tetrahydrokurkumiini\\\/\"]}]},{\"@type\":\"ImageObject\",\"inLanguage\":\"fi\",\"@id\":\"https:\\\/\\\/naturalpoland.com\\\/fi\\\/tuotteet\\\/laaketeollisuuden-tuotteet\\\/ravintolisien-ainesosat\\\/tcurcusol-tetrahydrokurkumiini\\\/#primaryimage\",\"url\":\"https:\\\/\\\/naturalpoland.com\\\/wp-content\\\/uploads\\\/tetrahydrocurcumin.webp\",\"contentUrl\":\"https:\\\/\\\/naturalpoland.com\\\/wp-content\\\/uploads\\\/tetrahydrocurcumin.webp\",\"width\":613,\"height\":613,\"caption\":\"Tetrahydrokurkumina w postaci pomara\u0144czowej wolnoprzep\u0142ywowej emulsji\"},{\"@type\":\"BreadcrumbList\",\"@id\":\"https:\\\/\\\/naturalpoland.com\\\/fi\\\/tuotteet\\\/laaketeollisuuden-tuotteet\\\/ravintolisien-ainesosat\\\/tcurcusol-tetrahydrokurkumiini\\\/#breadcrumb\",\"itemListElement\":[{\"@type\":\"ListItem\",\"position\":1,\"name\":\"Etusivu\",\"item\":\"https:\\\/\\\/naturalpoland.com\\\/fi\\\/\"},{\"@type\":\"ListItem\",\"position\":2,\"name\":\"Tuotteet\",\"item\":\"https:\\\/\\\/naturalpoland.com\\\/fi\\\/tuotteet\\\/\"},{\"@type\":\"ListItem\",\"position\":3,\"name\":\"TCurcuSol\u2122 (Tetrahydrokurkumiini)\"}]},{\"@type\":\"WebSite\",\"@id\":\"https:\\\/\\\/naturalpoland.com\\\/fi\\\/#website\",\"url\":\"https:\\\/\\\/naturalpoland.com\\\/fi\\\/\",\"name\":\"NATURAL POLAND - RAAKA-AINEIDEN TUKKUJAKELIJA\",\"description\":\"Surowce dla przemys\u0142u spo\u017cywczego, kosmetycznego i farmaceutycznego\",\"publisher\":{\"@id\":\"https:\\\/\\\/naturalpoland.com\\\/fi\\\/#organization\"},\"potentialAction\":[{\"@type\":\"SearchAction\",\"target\":{\"@type\":\"EntryPoint\",\"urlTemplate\":\"https:\\\/\\\/naturalpoland.com\\\/fi\\\/?s={search_term_string}\"},\"query-input\":{\"@type\":\"PropertyValueSpecification\",\"valueRequired\":true,\"valueName\":\"search_term_string\"}}],\"inLanguage\":\"fi\"},{\"@type\":\"Organization\",\"@id\":\"https:\\\/\\\/naturalpoland.com\\\/fi\\\/#organization\",\"name\":\"Natural Poland\",\"url\":\"https:\\\/\\\/naturalpoland.com\\\/fi\\\/\",\"logo\":{\"@type\":\"ImageObject\",\"inLanguage\":\"fi\",\"@id\":\"https:\\\/\\\/naturalpoland.com\\\/fi\\\/#\\\/schema\\\/logo\\\/image\\\/\",\"url\":\"https:\\\/\\\/naturalpoland.com\\\/wp-content\\\/uploads\\\/2021\\\/05\\\/natural-poland-icon.png\",\"contentUrl\":\"https:\\\/\\\/naturalpoland.com\\\/wp-content\\\/uploads\\\/2021\\\/05\\\/natural-poland-icon.png\",\"width\":512,\"height\":512,\"caption\":\"Natural Poland\"},\"image\":{\"@id\":\"https:\\\/\\\/naturalpoland.com\\\/fi\\\/#\\\/schema\\\/logo\\\/image\\\/\"},\"sameAs\":[\"https:\\\/\\\/www.facebook.com\\\/naturalpoland.b2b\",\"https:\\\/\\\/pl.linkedin.com\\\/company\\\/natural-poland\",\"https:\\\/\\\/www.youtube.com\\\/channel\\\/UCgeGGkvOMahZo-xu_MSEWxg\"]}]}<\/script>\n<!-- \/ Yoast SEO plugin. -->","yoast_head_json":{"title":"TCurcuSol\u2122 (Tetrahydrokurkumiini) - NATURAL POLAND - RAAKA-AINEIDEN TUKKUJAKELIJA","description":"TCurcuSol\u2122 on tuote, joka tukee syd\u00e4n- ja verisuoniterveytt\u00e4, neurologisia toimintoja, tulehdusta ehk\u00e4isevi\u00e4 vaikutuksia ja monia muita terveyden osa-alueita.","robots":{"index":"index","follow":"follow","max-snippet":"max-snippet:-1","max-image-preview":"max-image-preview:large","max-video-preview":"max-video-preview:-1"},"canonical":"https:\/\/naturalpoland.com\/fi\/tuotteet\/laaketeollisuuden-tuotteet\/ravintolisien-ainesosat\/tcurcusol-tetrahydrokurkumiini\/","og_locale":"fi_FI","og_type":"article","og_title":"TCurcuSol\u2122 (Tetrahydrokurkumiini) - NATURAL POLAND - RAAKA-AINEIDEN TUKKUJAKELIJA","og_description":"TCurcuSol\u2122 on tuote, joka tukee syd\u00e4n- ja verisuoniterveytt\u00e4, neurologisia toimintoja, tulehdusta ehk\u00e4isevi\u00e4 vaikutuksia ja monia muita terveyden osa-alueita.","og_url":"https:\/\/naturalpoland.com\/fi\/tuotteet\/laaketeollisuuden-tuotteet\/ravintolisien-ainesosat\/tcurcusol-tetrahydrokurkumiini\/","og_site_name":"NATURAL POLAND - RAAKA-AINEIDEN TUKKUJAKELIJA","article_publisher":"https:\/\/www.facebook.com\/naturalpoland.b2b","og_image":[{"width":613,"height":613,"url":"https:\/\/naturalpoland.com\/wp-content\/uploads\/tetrahydrocurcumin.webp","type":"image\/webp"}],"schema":{"@context":"https:\/\/schema.org","@graph":[{"@type":"WebPage","@id":"https:\/\/naturalpoland.com\/fi\/tuotteet\/laaketeollisuuden-tuotteet\/ravintolisien-ainesosat\/tcurcusol-tetrahydrokurkumiini\/","url":"https:\/\/naturalpoland.com\/fi\/tuotteet\/laaketeollisuuden-tuotteet\/ravintolisien-ainesosat\/tcurcusol-tetrahydrokurkumiini\/","name":"TCurcuSol\u2122 (Tetrahydrokurkumiini) - NATURAL POLAND - RAAKA-AINEIDEN TUKKUJAKELIJA","isPartOf":{"@id":"https:\/\/naturalpoland.com\/fi\/#website"},"primaryImageOfPage":{"@id":"https:\/\/naturalpoland.com\/fi\/tuotteet\/laaketeollisuuden-tuotteet\/ravintolisien-ainesosat\/tcurcusol-tetrahydrokurkumiini\/#primaryimage"},"image":{"@id":"https:\/\/naturalpoland.com\/fi\/tuotteet\/laaketeollisuuden-tuotteet\/ravintolisien-ainesosat\/tcurcusol-tetrahydrokurkumiini\/#primaryimage"},"thumbnailUrl":"https:\/\/naturalpoland.com\/wp-content\/uploads\/tetrahydrocurcumin.webp","datePublished":"2024-07-10T08:33:05+00:00","description":"TCurcuSol\u2122 on tuote, joka tukee syd\u00e4n- ja verisuoniterveytt\u00e4, neurologisia toimintoja, tulehdusta ehk\u00e4isevi\u00e4 vaikutuksia ja monia muita terveyden osa-alueita.","breadcrumb":{"@id":"https:\/\/naturalpoland.com\/fi\/tuotteet\/laaketeollisuuden-tuotteet\/ravintolisien-ainesosat\/tcurcusol-tetrahydrokurkumiini\/#breadcrumb"},"inLanguage":"fi","potentialAction":[{"@type":"ReadAction","target":["https:\/\/naturalpoland.com\/fi\/tuotteet\/laaketeollisuuden-tuotteet\/ravintolisien-ainesosat\/tcurcusol-tetrahydrokurkumiini\/"]}]},{"@type":"ImageObject","inLanguage":"fi","@id":"https:\/\/naturalpoland.com\/fi\/tuotteet\/laaketeollisuuden-tuotteet\/ravintolisien-ainesosat\/tcurcusol-tetrahydrokurkumiini\/#primaryimage","url":"https:\/\/naturalpoland.com\/wp-content\/uploads\/tetrahydrocurcumin.webp","contentUrl":"https:\/\/naturalpoland.com\/wp-content\/uploads\/tetrahydrocurcumin.webp","width":613,"height":613,"caption":"Tetrahydrokurkumina w postaci pomara\u0144czowej wolnoprzep\u0142ywowej emulsji"},{"@type":"BreadcrumbList","@id":"https:\/\/naturalpoland.com\/fi\/tuotteet\/laaketeollisuuden-tuotteet\/ravintolisien-ainesosat\/tcurcusol-tetrahydrokurkumiini\/#breadcrumb","itemListElement":[{"@type":"ListItem","position":1,"name":"Etusivu","item":"https:\/\/naturalpoland.com\/fi\/"},{"@type":"ListItem","position":2,"name":"Tuotteet","item":"https:\/\/naturalpoland.com\/fi\/tuotteet\/"},{"@type":"ListItem","position":3,"name":"TCurcuSol\u2122 (Tetrahydrokurkumiini)"}]},{"@type":"WebSite","@id":"https:\/\/naturalpoland.com\/fi\/#website","url":"https:\/\/naturalpoland.com\/fi\/","name":"NATURAL POLAND - RAAKA-AINEIDEN TUKKUJAKELIJA","description":"Surowce dla przemys\u0142u spo\u017cywczego, kosmetycznego i farmaceutycznego","publisher":{"@id":"https:\/\/naturalpoland.com\/fi\/#organization"},"potentialAction":[{"@type":"SearchAction","target":{"@type":"EntryPoint","urlTemplate":"https:\/\/naturalpoland.com\/fi\/?s={search_term_string}"},"query-input":{"@type":"PropertyValueSpecification","valueRequired":true,"valueName":"search_term_string"}}],"inLanguage":"fi"},{"@type":"Organization","@id":"https:\/\/naturalpoland.com\/fi\/#organization","name":"Natural Poland","url":"https:\/\/naturalpoland.com\/fi\/","logo":{"@type":"ImageObject","inLanguage":"fi","@id":"https:\/\/naturalpoland.com\/fi\/#\/schema\/logo\/image\/","url":"https:\/\/naturalpoland.com\/wp-content\/uploads\/2021\/05\/natural-poland-icon.png","contentUrl":"https:\/\/naturalpoland.com\/wp-content\/uploads\/2021\/05\/natural-poland-icon.png","width":512,"height":512,"caption":"Natural Poland"},"image":{"@id":"https:\/\/naturalpoland.com\/fi\/#\/schema\/logo\/image\/"},"sameAs":["https:\/\/www.facebook.com\/naturalpoland.b2b","https:\/\/pl.linkedin.com\/company\/natural-poland","https:\/\/www.youtube.com\/channel\/UCgeGGkvOMahZo-xu_MSEWxg"]}]}},"_links":{"self":[{"href":"https:\/\/naturalpoland.com\/fi\/wp-json\/wp\/v2\/product\/33502","targetHints":{"allow":["GET"]}}],"collection":[{"href":"https:\/\/naturalpoland.com\/fi\/wp-json\/wp\/v2\/product"}],"about":[{"href":"https:\/\/naturalpoland.com\/fi\/wp-json\/wp\/v2\/types\/product"}],"wp:featuredmedia":[{"embeddable":true,"href":"https:\/\/naturalpoland.com\/fi\/wp-json\/wp\/v2\/media\/33267"}],"wp:attachment":[{"href":"https:\/\/naturalpoland.com\/fi\/wp-json\/wp\/v2\/media?parent=33502"}],"wp:term":[{"taxonomy":"product_brand","embeddable":true,"href":"https:\/\/naturalpoland.com\/fi\/wp-json\/wp\/v2\/product_brand?post=33502"},{"taxonomy":"product_cat","embeddable":true,"href":"https:\/\/naturalpoland.com\/fi\/wp-json\/wp\/v2\/product_cat?post=33502"},{"taxonomy":"product_tag","embeddable":true,"href":"https:\/\/naturalpoland.com\/fi\/wp-json\/wp\/v2\/product_tag?post=33502"}],"curies":[{"name":"wp","href":"https:\/\/api.w.org\/{rel}","templated":true}]}}