{"id":33534,"date":"2024-07-04T14:17:52","date_gmt":"2024-07-10T08:55:01","guid":{"rendered":"https:\/\/naturalpoland.com\/produkty\/Ei-luokiteltu\/prolithin-a-lsme-urolithin-a\/"},"modified":"2024-08-29T13:08:50","modified_gmt":"2024-08-29T11:08:50","slug":"prolithin-a-lsme-urolithin-a","status":"publish","type":"product","link":"https:\/\/naturalpoland.com\/fi\/tuotteet\/kosmetiikkateollisuuden-tuotteet\/kosmetiikan-raaka-aineet\/prolithin-a-lsme-urolithin-a\/","title":{"rendered":"Urolitiini A"},"content":{"rendered":"<h2>Ominaisuudet ja sovellukset:<\/h2>\n<p>  Urolitiini A on osoittanut kykenev\u00e4ns\u00e4 pident\u00e4m\u00e4\u00e4n solujen elinik\u00e4\u00e4 indusoimalla mitofagiaa eli vaurioituneiden mitokondrioiden puhdistamista.<br \/>\nHiirill\u00e4 tehdyt tutkimukset ovat osoittaneet, ett\u00e4 Urolithin A:n lis\u00e4\u00e4minen voi parantaa lihasten toimintaa.<br \/>\nSiksi tuotetta suositellaan urheilijoille ja i\u00e4kk\u00e4ille ihmisille, jotka haluavat parantaa suorituskyky\u00e4\u00e4n ja viivytt\u00e4\u00e4 lihasten ik\u00e4\u00e4ntymist\u00e4.<br \/>\nTuote voi my\u00f6s tukea immuunihoitoa indusoimalla mitokondrioiden autofagiaa T-soluissa, mik\u00e4 johtaa parempaan immuunivasteeseen sy\u00f6p\u00e4\u00e4 vastaan.<br \/>\nT\u00e4m\u00e4 on erityisen t\u00e4rke\u00e4\u00e4 nykyaikaisten sy\u00f6p\u00e4hoitojen yhteydess\u00e4, joissa Urolithin A voi parantaa hoidon tehoa lis\u00e4\u00e4m\u00e4ll\u00e4 T-solujen m\u00e4\u00e4r\u00e4\u00e4 kasvaimen mikroymp\u00e4rist\u00f6ss\u00e4.<br \/>\nUrolitiini A:n lis\u00e4ravinteella on osoitettu olevan kyky kumota hematopoieettisten kantasolujen ik\u00e4\u00e4ntyminen.<br \/>\nT\u00e4m\u00e4 on vahvistettu hiirill\u00e4 tehdyiss\u00e4 tutkimuksissa, joissa havaittiin kantasolujen ja sukusolujen lis\u00e4\u00e4ntymist\u00e4.        <\/p>\n<h2>Markkinasovellus:<\/h2>\n<p><strong>Ravintolis\u00e4t<\/strong> Urolitiini A:ta k\u00e4ytet\u00e4\u00e4n laajalti ravintolisien ainesosana tukemaan lihasten terveytt\u00e4, kognitiivisia toimintoja ja yleist\u00e4 elinvoimaa.<br \/>\nSe on erityisen suosittu Yhdysvalloissa, jossa se on tunnustettu turvalliseksi ainesosaksi (GRAS).<br \/>\n<strong>Kosmetiikka<\/strong> Vuonna 2023 Urolithin A rekister\u00f6itiin Kiinassa uudeksi kosmetiikan raaka-aineeksi, joka k\u00e4ytet\u00e4\u00e4n p\u00e4\u00e4asiassa anti-ageing-tuotteissa.    <\/p>\n<hr>\n<h2>Meill\u00e4 on t\u00e4m\u00e4 tuote BioSNEDS\u2122-teknologiassa ProLithin A\u2122:n muodossa.<\/h2>\n<ul>\n<li>ProLithin A\u2122 on 15 kertaa paremmin biologisesti hy\u00f6dynnett\u00e4viss\u00e4 kuin tavanomainen urolitiini A, mik\u00e4 tarkoittaa, ett\u00e4 1 mg aktiivista urolitiini A:ta BioSNEDS\u2122:ss\u00e4 vastaa biologisesti 15 mg tavanomaista urolitiini A:ta.<\/li>\n<li>Enemm\u00e4n annoksia kilogrammaa kohti &#8211; 10 000 annosta kilogrammaa kohti verrattuna 5 000 annokseen tavanomaisen urolitiini A:n annokseen.<\/li>\n<li>Saatavana jauheina ja emulsioina, jotka ovat neutraalin makuisia ja hajuttomia.<\/li>\n<\/ul>\n<p>&nbsp;<\/p>\n","protected":false},"excerpt":{"rendered":"<p><strong>Urolitiini A <\/strong>on luonnollinen metaboliitti, joka muodostuu hedelmiss\u00e4 olevista polyfenoleista, joilla on voimakkaita antioksidanttisia ominaisuuksia ja jotka tukevat mitokondrioiden terveytt\u00e4. <strong>ProLithin A\u2122 <\/strong>on edistyksellinen tuote, jossa k\u00e4ytet\u00e4\u00e4n BioSNEDS\u2122-teknologiaa, joka lis\u00e4\u00e4 merkitt\u00e4v\u00e4sti urolitiini A:n hy\u00f6tyosuutta.<\/p>\n","protected":false},"featured_media":33227,"template":"","meta":{"_acf_changed":false},"product_brand":[],"product_cat":[544,535],"product_tag":[],"class_list":{"0":"post-33534","1":"product","2":"type-product","3":"status-publish","4":"has-post-thumbnail","6":"product_cat-kosmetiikan-raaka-aineet","7":"product_cat-ravintolisien-ainesosat","8":"pa_grupa-substancji-ravitsemuslaakkeet","10":"first","11":"instock","12":"shipping-taxable","13":"product-type-simple"},"acf":[],"yoast_head":"<!-- This site is optimized with the Yoast SEO plugin v27.6 - https:\/\/yoast.com\/product\/yoast-seo-wordpress\/ -->\n<title>Urolitiini A - NATURAL POLAND - RAAKA-AINEIDEN TUKKUJAKELIJA<\/title>\n<meta name=\"description\" content=\"Urolitiini A on innovatiivinen ainesosa, joka tukee lihasten terveytt\u00e4 ja immuunij\u00e4rjestelm\u00e4\u00e4 ainutlaatuisten ik\u00e4\u00e4ntymist\u00e4 est\u00e4vien ominaisuuksiensa ansiosta.\" \/>\n<meta name=\"robots\" content=\"index, follow, max-snippet:-1, max-image-preview:large, max-video-preview:-1\" \/>\n<link rel=\"canonical\" href=\"https:\/\/naturalpoland.com\/fi\/tuotteet\/kosmetiikkateollisuuden-tuotteet\/kosmetiikan-raaka-aineet\/prolithin-a-lsme-urolithin-a\/\" \/>\n<meta property=\"og:locale\" content=\"fi_FI\" \/>\n<meta property=\"og:type\" content=\"article\" \/>\n<meta property=\"og:title\" content=\"Urolitiini A - NATURAL POLAND - RAAKA-AINEIDEN TUKKUJAKELIJA\" \/>\n<meta property=\"og:description\" content=\"Urolitiini A on innovatiivinen ainesosa, joka tukee lihasten terveytt\u00e4 ja immuunij\u00e4rjestelm\u00e4\u00e4 ainutlaatuisten ik\u00e4\u00e4ntymist\u00e4 est\u00e4vien ominaisuuksiensa ansiosta.\" \/>\n<meta property=\"og:url\" content=\"https:\/\/naturalpoland.com\/fi\/tuotteet\/kosmetiikkateollisuuden-tuotteet\/kosmetiikan-raaka-aineet\/prolithin-a-lsme-urolithin-a\/\" \/>\n<meta property=\"og:site_name\" content=\"NATURAL POLAND - RAAKA-AINEIDEN TUKKUJAKELIJA\" \/>\n<meta property=\"article:publisher\" content=\"https:\/\/www.facebook.com\/naturalpoland.b2b\" \/>\n<meta property=\"article:modified_time\" content=\"2024-08-29T11:08:50+00:00\" \/>\n<meta property=\"og:image\" content=\"https:\/\/naturalpoland.com\/wp-content\/uploads\/urolithin.webp\" \/>\n\t<meta property=\"og:image:width\" content=\"606\" \/>\n\t<meta property=\"og:image:height\" content=\"606\" \/>\n\t<meta property=\"og:image:type\" content=\"image\/webp\" \/>\n<script type=\"application\/ld+json\" class=\"yoast-schema-graph\">{\"@context\":\"https:\\\/\\\/schema.org\",\"@graph\":[{\"@type\":\"WebPage\",\"@id\":\"https:\\\/\\\/naturalpoland.com\\\/fi\\\/tuotteet\\\/kosmetiikkateollisuuden-tuotteet\\\/kosmetiikan-raaka-aineet\\\/prolithin-a-lsme-urolithin-a\\\/\",\"url\":\"https:\\\/\\\/naturalpoland.com\\\/fi\\\/tuotteet\\\/kosmetiikkateollisuuden-tuotteet\\\/kosmetiikan-raaka-aineet\\\/prolithin-a-lsme-urolithin-a\\\/\",\"name\":\"Urolitiini A - NATURAL POLAND - RAAKA-AINEIDEN TUKKUJAKELIJA\",\"isPartOf\":{\"@id\":\"https:\\\/\\\/naturalpoland.com\\\/fi\\\/#website\"},\"primaryImageOfPage\":{\"@id\":\"https:\\\/\\\/naturalpoland.com\\\/fi\\\/tuotteet\\\/kosmetiikkateollisuuden-tuotteet\\\/kosmetiikan-raaka-aineet\\\/prolithin-a-lsme-urolithin-a\\\/#primaryimage\"},\"image\":{\"@id\":\"https:\\\/\\\/naturalpoland.com\\\/fi\\\/tuotteet\\\/kosmetiikkateollisuuden-tuotteet\\\/kosmetiikan-raaka-aineet\\\/prolithin-a-lsme-urolithin-a\\\/#primaryimage\"},\"thumbnailUrl\":\"https:\\\/\\\/naturalpoland.com\\\/wp-content\\\/uploads\\\/urolithin.webp\",\"datePublished\":\"2024-07-10T08:55:01+00:00\",\"dateModified\":\"2024-08-29T11:08:50+00:00\",\"description\":\"Urolitiini A on innovatiivinen ainesosa, joka tukee lihasten terveytt\u00e4 ja immuunij\u00e4rjestelm\u00e4\u00e4 ainutlaatuisten ik\u00e4\u00e4ntymist\u00e4 est\u00e4vien ominaisuuksiensa ansiosta.\",\"breadcrumb\":{\"@id\":\"https:\\\/\\\/naturalpoland.com\\\/fi\\\/tuotteet\\\/kosmetiikkateollisuuden-tuotteet\\\/kosmetiikan-raaka-aineet\\\/prolithin-a-lsme-urolithin-a\\\/#breadcrumb\"},\"inLanguage\":\"fi\",\"potentialAction\":[{\"@type\":\"ReadAction\",\"target\":[\"https:\\\/\\\/naturalpoland.com\\\/fi\\\/tuotteet\\\/kosmetiikkateollisuuden-tuotteet\\\/kosmetiikan-raaka-aineet\\\/prolithin-a-lsme-urolithin-a\\\/\"]}]},{\"@type\":\"ImageObject\",\"inLanguage\":\"fi\",\"@id\":\"https:\\\/\\\/naturalpoland.com\\\/fi\\\/tuotteet\\\/kosmetiikkateollisuuden-tuotteet\\\/kosmetiikan-raaka-aineet\\\/prolithin-a-lsme-urolithin-a\\\/#primaryimage\",\"url\":\"https:\\\/\\\/naturalpoland.com\\\/wp-content\\\/uploads\\\/urolithin.webp\",\"contentUrl\":\"https:\\\/\\\/naturalpoland.com\\\/wp-content\\\/uploads\\\/urolithin.webp\",\"width\":606,\"height\":606,\"caption\":\"Urolityna A w postaci\"},{\"@type\":\"BreadcrumbList\",\"@id\":\"https:\\\/\\\/naturalpoland.com\\\/fi\\\/tuotteet\\\/kosmetiikkateollisuuden-tuotteet\\\/kosmetiikan-raaka-aineet\\\/prolithin-a-lsme-urolithin-a\\\/#breadcrumb\",\"itemListElement\":[{\"@type\":\"ListItem\",\"position\":1,\"name\":\"Etusivu\",\"item\":\"https:\\\/\\\/naturalpoland.com\\\/fi\\\/\"},{\"@type\":\"ListItem\",\"position\":2,\"name\":\"Tuotteet\",\"item\":\"https:\\\/\\\/naturalpoland.com\\\/fi\\\/tuotteet\\\/\"},{\"@type\":\"ListItem\",\"position\":3,\"name\":\"Urolitiini A\"}]},{\"@type\":\"WebSite\",\"@id\":\"https:\\\/\\\/naturalpoland.com\\\/fi\\\/#website\",\"url\":\"https:\\\/\\\/naturalpoland.com\\\/fi\\\/\",\"name\":\"NATURAL POLAND - RAAKA-AINEIDEN TUKKUJAKELIJA\",\"description\":\"Surowce dla przemys\u0142u spo\u017cywczego, kosmetycznego i farmaceutycznego\",\"publisher\":{\"@id\":\"https:\\\/\\\/naturalpoland.com\\\/fi\\\/#organization\"},\"potentialAction\":[{\"@type\":\"SearchAction\",\"target\":{\"@type\":\"EntryPoint\",\"urlTemplate\":\"https:\\\/\\\/naturalpoland.com\\\/fi\\\/?s={search_term_string}\"},\"query-input\":{\"@type\":\"PropertyValueSpecification\",\"valueRequired\":true,\"valueName\":\"search_term_string\"}}],\"inLanguage\":\"fi\"},{\"@type\":\"Organization\",\"@id\":\"https:\\\/\\\/naturalpoland.com\\\/fi\\\/#organization\",\"name\":\"Natural Poland\",\"url\":\"https:\\\/\\\/naturalpoland.com\\\/fi\\\/\",\"logo\":{\"@type\":\"ImageObject\",\"inLanguage\":\"fi\",\"@id\":\"https:\\\/\\\/naturalpoland.com\\\/fi\\\/#\\\/schema\\\/logo\\\/image\\\/\",\"url\":\"https:\\\/\\\/naturalpoland.com\\\/wp-content\\\/uploads\\\/2021\\\/05\\\/natural-poland-icon.png\",\"contentUrl\":\"https:\\\/\\\/naturalpoland.com\\\/wp-content\\\/uploads\\\/2021\\\/05\\\/natural-poland-icon.png\",\"width\":512,\"height\":512,\"caption\":\"Natural Poland\"},\"image\":{\"@id\":\"https:\\\/\\\/naturalpoland.com\\\/fi\\\/#\\\/schema\\\/logo\\\/image\\\/\"},\"sameAs\":[\"https:\\\/\\\/www.facebook.com\\\/naturalpoland.b2b\",\"https:\\\/\\\/pl.linkedin.com\\\/company\\\/natural-poland\",\"https:\\\/\\\/www.youtube.com\\\/channel\\\/UCgeGGkvOMahZo-xu_MSEWxg\"]}]}<\/script>\n<!-- \/ Yoast SEO plugin. -->","yoast_head_json":{"title":"Urolitiini A - NATURAL POLAND - RAAKA-AINEIDEN TUKKUJAKELIJA","description":"Urolitiini A on innovatiivinen ainesosa, joka tukee lihasten terveytt\u00e4 ja immuunij\u00e4rjestelm\u00e4\u00e4 ainutlaatuisten ik\u00e4\u00e4ntymist\u00e4 est\u00e4vien ominaisuuksiensa ansiosta.","robots":{"index":"index","follow":"follow","max-snippet":"max-snippet:-1","max-image-preview":"max-image-preview:large","max-video-preview":"max-video-preview:-1"},"canonical":"https:\/\/naturalpoland.com\/fi\/tuotteet\/kosmetiikkateollisuuden-tuotteet\/kosmetiikan-raaka-aineet\/prolithin-a-lsme-urolithin-a\/","og_locale":"fi_FI","og_type":"article","og_title":"Urolitiini A - NATURAL POLAND - RAAKA-AINEIDEN TUKKUJAKELIJA","og_description":"Urolitiini A on innovatiivinen ainesosa, joka tukee lihasten terveytt\u00e4 ja immuunij\u00e4rjestelm\u00e4\u00e4 ainutlaatuisten ik\u00e4\u00e4ntymist\u00e4 est\u00e4vien ominaisuuksiensa ansiosta.","og_url":"https:\/\/naturalpoland.com\/fi\/tuotteet\/kosmetiikkateollisuuden-tuotteet\/kosmetiikan-raaka-aineet\/prolithin-a-lsme-urolithin-a\/","og_site_name":"NATURAL POLAND - RAAKA-AINEIDEN TUKKUJAKELIJA","article_publisher":"https:\/\/www.facebook.com\/naturalpoland.b2b","article_modified_time":"2024-08-29T11:08:50+00:00","og_image":[{"width":606,"height":606,"url":"https:\/\/naturalpoland.com\/wp-content\/uploads\/urolithin.webp","type":"image\/webp"}],"schema":{"@context":"https:\/\/schema.org","@graph":[{"@type":"WebPage","@id":"https:\/\/naturalpoland.com\/fi\/tuotteet\/kosmetiikkateollisuuden-tuotteet\/kosmetiikan-raaka-aineet\/prolithin-a-lsme-urolithin-a\/","url":"https:\/\/naturalpoland.com\/fi\/tuotteet\/kosmetiikkateollisuuden-tuotteet\/kosmetiikan-raaka-aineet\/prolithin-a-lsme-urolithin-a\/","name":"Urolitiini A - NATURAL POLAND - RAAKA-AINEIDEN TUKKUJAKELIJA","isPartOf":{"@id":"https:\/\/naturalpoland.com\/fi\/#website"},"primaryImageOfPage":{"@id":"https:\/\/naturalpoland.com\/fi\/tuotteet\/kosmetiikkateollisuuden-tuotteet\/kosmetiikan-raaka-aineet\/prolithin-a-lsme-urolithin-a\/#primaryimage"},"image":{"@id":"https:\/\/naturalpoland.com\/fi\/tuotteet\/kosmetiikkateollisuuden-tuotteet\/kosmetiikan-raaka-aineet\/prolithin-a-lsme-urolithin-a\/#primaryimage"},"thumbnailUrl":"https:\/\/naturalpoland.com\/wp-content\/uploads\/urolithin.webp","datePublished":"2024-07-10T08:55:01+00:00","dateModified":"2024-08-29T11:08:50+00:00","description":"Urolitiini A on innovatiivinen ainesosa, joka tukee lihasten terveytt\u00e4 ja immuunij\u00e4rjestelm\u00e4\u00e4 ainutlaatuisten ik\u00e4\u00e4ntymist\u00e4 est\u00e4vien ominaisuuksiensa ansiosta.","breadcrumb":{"@id":"https:\/\/naturalpoland.com\/fi\/tuotteet\/kosmetiikkateollisuuden-tuotteet\/kosmetiikan-raaka-aineet\/prolithin-a-lsme-urolithin-a\/#breadcrumb"},"inLanguage":"fi","potentialAction":[{"@type":"ReadAction","target":["https:\/\/naturalpoland.com\/fi\/tuotteet\/kosmetiikkateollisuuden-tuotteet\/kosmetiikan-raaka-aineet\/prolithin-a-lsme-urolithin-a\/"]}]},{"@type":"ImageObject","inLanguage":"fi","@id":"https:\/\/naturalpoland.com\/fi\/tuotteet\/kosmetiikkateollisuuden-tuotteet\/kosmetiikan-raaka-aineet\/prolithin-a-lsme-urolithin-a\/#primaryimage","url":"https:\/\/naturalpoland.com\/wp-content\/uploads\/urolithin.webp","contentUrl":"https:\/\/naturalpoland.com\/wp-content\/uploads\/urolithin.webp","width":606,"height":606,"caption":"Urolityna A w postaci"},{"@type":"BreadcrumbList","@id":"https:\/\/naturalpoland.com\/fi\/tuotteet\/kosmetiikkateollisuuden-tuotteet\/kosmetiikan-raaka-aineet\/prolithin-a-lsme-urolithin-a\/#breadcrumb","itemListElement":[{"@type":"ListItem","position":1,"name":"Etusivu","item":"https:\/\/naturalpoland.com\/fi\/"},{"@type":"ListItem","position":2,"name":"Tuotteet","item":"https:\/\/naturalpoland.com\/fi\/tuotteet\/"},{"@type":"ListItem","position":3,"name":"Urolitiini A"}]},{"@type":"WebSite","@id":"https:\/\/naturalpoland.com\/fi\/#website","url":"https:\/\/naturalpoland.com\/fi\/","name":"NATURAL POLAND - RAAKA-AINEIDEN TUKKUJAKELIJA","description":"Surowce dla przemys\u0142u spo\u017cywczego, kosmetycznego i farmaceutycznego","publisher":{"@id":"https:\/\/naturalpoland.com\/fi\/#organization"},"potentialAction":[{"@type":"SearchAction","target":{"@type":"EntryPoint","urlTemplate":"https:\/\/naturalpoland.com\/fi\/?s={search_term_string}"},"query-input":{"@type":"PropertyValueSpecification","valueRequired":true,"valueName":"search_term_string"}}],"inLanguage":"fi"},{"@type":"Organization","@id":"https:\/\/naturalpoland.com\/fi\/#organization","name":"Natural Poland","url":"https:\/\/naturalpoland.com\/fi\/","logo":{"@type":"ImageObject","inLanguage":"fi","@id":"https:\/\/naturalpoland.com\/fi\/#\/schema\/logo\/image\/","url":"https:\/\/naturalpoland.com\/wp-content\/uploads\/2021\/05\/natural-poland-icon.png","contentUrl":"https:\/\/naturalpoland.com\/wp-content\/uploads\/2021\/05\/natural-poland-icon.png","width":512,"height":512,"caption":"Natural Poland"},"image":{"@id":"https:\/\/naturalpoland.com\/fi\/#\/schema\/logo\/image\/"},"sameAs":["https:\/\/www.facebook.com\/naturalpoland.b2b","https:\/\/pl.linkedin.com\/company\/natural-poland","https:\/\/www.youtube.com\/channel\/UCgeGGkvOMahZo-xu_MSEWxg"]}]}},"_links":{"self":[{"href":"https:\/\/naturalpoland.com\/fi\/wp-json\/wp\/v2\/product\/33534","targetHints":{"allow":["GET"]}}],"collection":[{"href":"https:\/\/naturalpoland.com\/fi\/wp-json\/wp\/v2\/product"}],"about":[{"href":"https:\/\/naturalpoland.com\/fi\/wp-json\/wp\/v2\/types\/product"}],"wp:featuredmedia":[{"embeddable":true,"href":"https:\/\/naturalpoland.com\/fi\/wp-json\/wp\/v2\/media\/33227"}],"wp:attachment":[{"href":"https:\/\/naturalpoland.com\/fi\/wp-json\/wp\/v2\/media?parent=33534"}],"wp:term":[{"taxonomy":"product_brand","embeddable":true,"href":"https:\/\/naturalpoland.com\/fi\/wp-json\/wp\/v2\/product_brand?post=33534"},{"taxonomy":"product_cat","embeddable":true,"href":"https:\/\/naturalpoland.com\/fi\/wp-json\/wp\/v2\/product_cat?post=33534"},{"taxonomy":"product_tag","embeddable":true,"href":"https:\/\/naturalpoland.com\/fi\/wp-json\/wp\/v2\/product_tag?post=33534"}],"curies":[{"name":"wp","href":"https:\/\/api.w.org\/{rel}","templated":true}]}}