{"id":33543,"date":"2024-07-04T14:51:18","date_gmt":"2024-07-04T12:51:18","guid":{"rendered":"https:\/\/naturalpoland.com\/produkty\/Ei-luokiteltu\/resverasol-lsme-resveratrol\/"},"modified":"2024-07-10T10:55:27","modified_gmt":"2024-07-10T08:55:27","slug":"resverasol-lsme-resveratrol","status":"publish","type":"product","link":"https:\/\/naturalpoland.com\/fi\/tuotteet\/laaketeollisuuden-tuotteet\/ravintolisien-ainesosat\/resverasol-lsme-resveratrol\/","title":{"rendered":"ResveraSol\u2122 (Resveratrol)"},"content":{"rendered":"<h2>BioSNEDS\u2122-teknologian edut<\/h2>\n<ul>\n<li>ResveraSol\u2122 on 48 kertaa paremmin biologisesti hy\u00f6dynnett\u00e4viss\u00e4 kuin perinteinen resveratroli, mik\u00e4 tarkoittaa, ett\u00e4 16 mg aktiivista resveratrolia BioSNEDS\u2122:ss\u00e4 on bioekvivalentti 750 mg:n perinteisen resveratrolin kanssa.<\/li>\n<li>Enemm\u00e4n annoksia kilogrammaa kohti &#8211; 6 250 annosta kilogrammaa kohti verrattuna 1 306 annokseen perinteist\u00e4 resveratrolia.<\/li>\n<li>Saatavana jauheina ja emulsioina, jotka ovat neutraalin makuisia ja hajuttomia.<\/li>\n<\/ul>\n<h2>Terveyshy\u00f6dyt<\/h2>\n<ul>\n<li>Resveratrol tukee syd\u00e4n- ja verisuoniterveytt\u00e4.<\/li>\n<li>Edist\u00e4\u00e4 solujen energiantuotantoa, mik\u00e4 on t\u00e4rke\u00e4\u00e4 lihasten terveyden ja kest\u00e4vyyden kannalta.<\/li>\n<li>V\u00e4hent\u00e4\u00e4 tulehdusta kehossa.<\/li>\n<li>Tukee aivojen terveytt\u00e4 ja neurologista toimintaa.<\/li>\n<li>Se suojaa soluja hapettumisstressilt\u00e4, mik\u00e4 voi ehk\u00e4ist\u00e4 ik\u00e4\u00e4ntymist\u00e4 ja kroonisia sairauksia.<\/li>\n<li>Se voi parantaa ihon terveytt\u00e4 ja v\u00e4hent\u00e4\u00e4 ik\u00e4\u00e4ntymisen merkkej\u00e4.<\/li>\n<\/ul>\n<h2>Sovellus:<\/h2>\n<p>Ravintolis\u00e4t, funktionaaliset elintarvikkeet, paikalliskosmetiikka, el\u00e4inten ravitsemus.<\/p>\n","protected":false},"excerpt":{"rendered":"<p><strong>ResveraSol\u2122 <\/strong>on edistyksellinen tuote, jossa k\u00e4ytet\u00e4\u00e4n BioSNEDS\u2122-teknologiaa, joka lis\u00e4\u00e4 merkitt\u00e4v\u00e4sti resveratrolin, voimakkaan polyfenolin, biologista hy\u00f6tyosuutta. Resveratrol on tunnettu laajasta valikoimasta terveysvaikutuksia, mukaan lukien antioksidanttiset, tulehdusta ehk\u00e4isev\u00e4t ja syd\u00e4n- ja verisuoniterveytt\u00e4 tukevat ominaisuudet.<\/p>\n","protected":false},"featured_media":33240,"template":"","meta":{"_acf_changed":false},"product_brand":[],"product_cat":[535],"product_tag":[],"class_list":{"0":"post-33543","1":"product","2":"type-product","3":"status-publish","4":"has-post-thumbnail","6":"product_cat-ravintolisien-ainesosat","7":"pa_grupa-substancji-ravitsemuslaakkeet","8":"pa_technologia-biosneds-teknologia","10":"first","11":"instock","12":"shipping-taxable","13":"product-type-simple"},"acf":[],"yoast_head":"<!-- This site is optimized with the Yoast SEO plugin v27.5 - https:\/\/yoast.com\/product\/yoast-seo-wordpress\/ -->\n<title>ResveraSol\u2122 (Resveratrol) - NATURAL POLAND - RAAKA-AINEIDEN TUKKUJAKELIJA<\/title>\n<meta name=\"description\" content=\"ResveraSol\u2122 tukee syd\u00e4n- ja verisuoniterveytt\u00e4, neurologisia toimintoja, tulehdusta ehk\u00e4isevi\u00e4 vaikutuksia ja monia muita terveyden osa-alueita.\" \/>\n<meta name=\"robots\" content=\"index, follow, max-snippet:-1, max-image-preview:large, max-video-preview:-1\" \/>\n<link rel=\"canonical\" href=\"https:\/\/naturalpoland.com\/fi\/tuotteet\/laaketeollisuuden-tuotteet\/ravintolisien-ainesosat\/resverasol-lsme-resveratrol\/\" \/>\n<meta property=\"og:locale\" content=\"fi_FI\" \/>\n<meta property=\"og:type\" content=\"article\" \/>\n<meta property=\"og:title\" content=\"ResveraSol\u2122 (Resveratrol) - NATURAL POLAND - RAAKA-AINEIDEN TUKKUJAKELIJA\" \/>\n<meta property=\"og:description\" content=\"ResveraSol\u2122 tukee syd\u00e4n- ja verisuoniterveytt\u00e4, neurologisia toimintoja, tulehdusta ehk\u00e4isevi\u00e4 vaikutuksia ja monia muita terveyden osa-alueita.\" \/>\n<meta property=\"og:url\" content=\"https:\/\/naturalpoland.com\/fi\/tuotteet\/laaketeollisuuden-tuotteet\/ravintolisien-ainesosat\/resverasol-lsme-resveratrol\/\" \/>\n<meta property=\"og:site_name\" content=\"NATURAL POLAND - RAAKA-AINEIDEN TUKKUJAKELIJA\" \/>\n<meta property=\"article:publisher\" content=\"https:\/\/www.facebook.com\/naturalpoland.b2b\" \/>\n<meta property=\"article:modified_time\" content=\"2024-07-10T08:55:27+00:00\" \/>\n<meta property=\"og:image\" content=\"https:\/\/naturalpoland.com\/wp-content\/uploads\/resweratrol.webp\" \/>\n\t<meta property=\"og:image:width\" content=\"606\" \/>\n\t<meta property=\"og:image:height\" content=\"606\" \/>\n\t<meta property=\"og:image:type\" content=\"image\/webp\" \/>\n<script type=\"application\/ld+json\" class=\"yoast-schema-graph\">{\"@context\":\"https:\\\/\\\/schema.org\",\"@graph\":[{\"@type\":\"WebPage\",\"@id\":\"https:\\\/\\\/naturalpoland.com\\\/fi\\\/tuotteet\\\/laaketeollisuuden-tuotteet\\\/ravintolisien-ainesosat\\\/resverasol-lsme-resveratrol\\\/\",\"url\":\"https:\\\/\\\/naturalpoland.com\\\/fi\\\/tuotteet\\\/laaketeollisuuden-tuotteet\\\/ravintolisien-ainesosat\\\/resverasol-lsme-resveratrol\\\/\",\"name\":\"ResveraSol\u2122 (Resveratrol) - NATURAL POLAND - RAAKA-AINEIDEN TUKKUJAKELIJA\",\"isPartOf\":{\"@id\":\"https:\\\/\\\/naturalpoland.com\\\/fi\\\/#website\"},\"primaryImageOfPage\":{\"@id\":\"https:\\\/\\\/naturalpoland.com\\\/fi\\\/tuotteet\\\/laaketeollisuuden-tuotteet\\\/ravintolisien-ainesosat\\\/resverasol-lsme-resveratrol\\\/#primaryimage\"},\"image\":{\"@id\":\"https:\\\/\\\/naturalpoland.com\\\/fi\\\/tuotteet\\\/laaketeollisuuden-tuotteet\\\/ravintolisien-ainesosat\\\/resverasol-lsme-resveratrol\\\/#primaryimage\"},\"thumbnailUrl\":\"https:\\\/\\\/naturalpoland.com\\\/wp-content\\\/uploads\\\/resweratrol.webp\",\"datePublished\":\"2024-07-04T12:51:18+00:00\",\"dateModified\":\"2024-07-10T08:55:27+00:00\",\"description\":\"ResveraSol\u2122 tukee syd\u00e4n- ja verisuoniterveytt\u00e4, neurologisia toimintoja, tulehdusta ehk\u00e4isevi\u00e4 vaikutuksia ja monia muita terveyden osa-alueita.\",\"breadcrumb\":{\"@id\":\"https:\\\/\\\/naturalpoland.com\\\/fi\\\/tuotteet\\\/laaketeollisuuden-tuotteet\\\/ravintolisien-ainesosat\\\/resverasol-lsme-resveratrol\\\/#breadcrumb\"},\"inLanguage\":\"fi\",\"potentialAction\":[{\"@type\":\"ReadAction\",\"target\":[\"https:\\\/\\\/naturalpoland.com\\\/fi\\\/tuotteet\\\/laaketeollisuuden-tuotteet\\\/ravintolisien-ainesosat\\\/resverasol-lsme-resveratrol\\\/\"]}]},{\"@type\":\"ImageObject\",\"inLanguage\":\"fi\",\"@id\":\"https:\\\/\\\/naturalpoland.com\\\/fi\\\/tuotteet\\\/laaketeollisuuden-tuotteet\\\/ravintolisien-ainesosat\\\/resverasol-lsme-resveratrol\\\/#primaryimage\",\"url\":\"https:\\\/\\\/naturalpoland.com\\\/wp-content\\\/uploads\\\/resweratrol.webp\",\"contentUrl\":\"https:\\\/\\\/naturalpoland.com\\\/wp-content\\\/uploads\\\/resweratrol.webp\",\"width\":606,\"height\":606,\"caption\":\"Resweratrol\"},{\"@type\":\"BreadcrumbList\",\"@id\":\"https:\\\/\\\/naturalpoland.com\\\/fi\\\/tuotteet\\\/laaketeollisuuden-tuotteet\\\/ravintolisien-ainesosat\\\/resverasol-lsme-resveratrol\\\/#breadcrumb\",\"itemListElement\":[{\"@type\":\"ListItem\",\"position\":1,\"name\":\"Etusivu\",\"item\":\"https:\\\/\\\/naturalpoland.com\\\/fi\\\/\"},{\"@type\":\"ListItem\",\"position\":2,\"name\":\"Tuotteet\",\"item\":\"https:\\\/\\\/naturalpoland.com\\\/fi\\\/tuotteet\\\/\"},{\"@type\":\"ListItem\",\"position\":3,\"name\":\"ResveraSol\u2122 (Resveratrol)\"}]},{\"@type\":\"WebSite\",\"@id\":\"https:\\\/\\\/naturalpoland.com\\\/fi\\\/#website\",\"url\":\"https:\\\/\\\/naturalpoland.com\\\/fi\\\/\",\"name\":\"NATURAL POLAND - RAAKA-AINEIDEN TUKKUJAKELIJA\",\"description\":\"Surowce dla przemys\u0142u spo\u017cywczego, kosmetycznego i farmaceutycznego\",\"publisher\":{\"@id\":\"https:\\\/\\\/naturalpoland.com\\\/fi\\\/#organization\"},\"potentialAction\":[{\"@type\":\"SearchAction\",\"target\":{\"@type\":\"EntryPoint\",\"urlTemplate\":\"https:\\\/\\\/naturalpoland.com\\\/fi\\\/?s={search_term_string}\"},\"query-input\":{\"@type\":\"PropertyValueSpecification\",\"valueRequired\":true,\"valueName\":\"search_term_string\"}}],\"inLanguage\":\"fi\"},{\"@type\":\"Organization\",\"@id\":\"https:\\\/\\\/naturalpoland.com\\\/fi\\\/#organization\",\"name\":\"Natural Poland\",\"url\":\"https:\\\/\\\/naturalpoland.com\\\/fi\\\/\",\"logo\":{\"@type\":\"ImageObject\",\"inLanguage\":\"fi\",\"@id\":\"https:\\\/\\\/naturalpoland.com\\\/fi\\\/#\\\/schema\\\/logo\\\/image\\\/\",\"url\":\"https:\\\/\\\/naturalpoland.com\\\/wp-content\\\/uploads\\\/2021\\\/05\\\/natural-poland-icon.png\",\"contentUrl\":\"https:\\\/\\\/naturalpoland.com\\\/wp-content\\\/uploads\\\/2021\\\/05\\\/natural-poland-icon.png\",\"width\":512,\"height\":512,\"caption\":\"Natural Poland\"},\"image\":{\"@id\":\"https:\\\/\\\/naturalpoland.com\\\/fi\\\/#\\\/schema\\\/logo\\\/image\\\/\"},\"sameAs\":[\"https:\\\/\\\/www.facebook.com\\\/naturalpoland.b2b\",\"https:\\\/\\\/pl.linkedin.com\\\/company\\\/natural-poland\",\"https:\\\/\\\/www.youtube.com\\\/channel\\\/UCgeGGkvOMahZo-xu_MSEWxg\"]}]}<\/script>\n<!-- \/ Yoast SEO plugin. -->","yoast_head_json":{"title":"ResveraSol\u2122 (Resveratrol) - NATURAL POLAND - RAAKA-AINEIDEN TUKKUJAKELIJA","description":"ResveraSol\u2122 tukee syd\u00e4n- ja verisuoniterveytt\u00e4, neurologisia toimintoja, tulehdusta ehk\u00e4isevi\u00e4 vaikutuksia ja monia muita terveyden osa-alueita.","robots":{"index":"index","follow":"follow","max-snippet":"max-snippet:-1","max-image-preview":"max-image-preview:large","max-video-preview":"max-video-preview:-1"},"canonical":"https:\/\/naturalpoland.com\/fi\/tuotteet\/laaketeollisuuden-tuotteet\/ravintolisien-ainesosat\/resverasol-lsme-resveratrol\/","og_locale":"fi_FI","og_type":"article","og_title":"ResveraSol\u2122 (Resveratrol) - NATURAL POLAND - RAAKA-AINEIDEN TUKKUJAKELIJA","og_description":"ResveraSol\u2122 tukee syd\u00e4n- ja verisuoniterveytt\u00e4, neurologisia toimintoja, tulehdusta ehk\u00e4isevi\u00e4 vaikutuksia ja monia muita terveyden osa-alueita.","og_url":"https:\/\/naturalpoland.com\/fi\/tuotteet\/laaketeollisuuden-tuotteet\/ravintolisien-ainesosat\/resverasol-lsme-resveratrol\/","og_site_name":"NATURAL POLAND - RAAKA-AINEIDEN TUKKUJAKELIJA","article_publisher":"https:\/\/www.facebook.com\/naturalpoland.b2b","article_modified_time":"2024-07-10T08:55:27+00:00","og_image":[{"width":606,"height":606,"url":"https:\/\/naturalpoland.com\/wp-content\/uploads\/resweratrol.webp","type":"image\/webp"}],"schema":{"@context":"https:\/\/schema.org","@graph":[{"@type":"WebPage","@id":"https:\/\/naturalpoland.com\/fi\/tuotteet\/laaketeollisuuden-tuotteet\/ravintolisien-ainesosat\/resverasol-lsme-resveratrol\/","url":"https:\/\/naturalpoland.com\/fi\/tuotteet\/laaketeollisuuden-tuotteet\/ravintolisien-ainesosat\/resverasol-lsme-resveratrol\/","name":"ResveraSol\u2122 (Resveratrol) - NATURAL POLAND - RAAKA-AINEIDEN TUKKUJAKELIJA","isPartOf":{"@id":"https:\/\/naturalpoland.com\/fi\/#website"},"primaryImageOfPage":{"@id":"https:\/\/naturalpoland.com\/fi\/tuotteet\/laaketeollisuuden-tuotteet\/ravintolisien-ainesosat\/resverasol-lsme-resveratrol\/#primaryimage"},"image":{"@id":"https:\/\/naturalpoland.com\/fi\/tuotteet\/laaketeollisuuden-tuotteet\/ravintolisien-ainesosat\/resverasol-lsme-resveratrol\/#primaryimage"},"thumbnailUrl":"https:\/\/naturalpoland.com\/wp-content\/uploads\/resweratrol.webp","datePublished":"2024-07-04T12:51:18+00:00","dateModified":"2024-07-10T08:55:27+00:00","description":"ResveraSol\u2122 tukee syd\u00e4n- ja verisuoniterveytt\u00e4, neurologisia toimintoja, tulehdusta ehk\u00e4isevi\u00e4 vaikutuksia ja monia muita terveyden osa-alueita.","breadcrumb":{"@id":"https:\/\/naturalpoland.com\/fi\/tuotteet\/laaketeollisuuden-tuotteet\/ravintolisien-ainesosat\/resverasol-lsme-resveratrol\/#breadcrumb"},"inLanguage":"fi","potentialAction":[{"@type":"ReadAction","target":["https:\/\/naturalpoland.com\/fi\/tuotteet\/laaketeollisuuden-tuotteet\/ravintolisien-ainesosat\/resverasol-lsme-resveratrol\/"]}]},{"@type":"ImageObject","inLanguage":"fi","@id":"https:\/\/naturalpoland.com\/fi\/tuotteet\/laaketeollisuuden-tuotteet\/ravintolisien-ainesosat\/resverasol-lsme-resveratrol\/#primaryimage","url":"https:\/\/naturalpoland.com\/wp-content\/uploads\/resweratrol.webp","contentUrl":"https:\/\/naturalpoland.com\/wp-content\/uploads\/resweratrol.webp","width":606,"height":606,"caption":"Resweratrol"},{"@type":"BreadcrumbList","@id":"https:\/\/naturalpoland.com\/fi\/tuotteet\/laaketeollisuuden-tuotteet\/ravintolisien-ainesosat\/resverasol-lsme-resveratrol\/#breadcrumb","itemListElement":[{"@type":"ListItem","position":1,"name":"Etusivu","item":"https:\/\/naturalpoland.com\/fi\/"},{"@type":"ListItem","position":2,"name":"Tuotteet","item":"https:\/\/naturalpoland.com\/fi\/tuotteet\/"},{"@type":"ListItem","position":3,"name":"ResveraSol\u2122 (Resveratrol)"}]},{"@type":"WebSite","@id":"https:\/\/naturalpoland.com\/fi\/#website","url":"https:\/\/naturalpoland.com\/fi\/","name":"NATURAL POLAND - RAAKA-AINEIDEN TUKKUJAKELIJA","description":"Surowce dla przemys\u0142u spo\u017cywczego, kosmetycznego i farmaceutycznego","publisher":{"@id":"https:\/\/naturalpoland.com\/fi\/#organization"},"potentialAction":[{"@type":"SearchAction","target":{"@type":"EntryPoint","urlTemplate":"https:\/\/naturalpoland.com\/fi\/?s={search_term_string}"},"query-input":{"@type":"PropertyValueSpecification","valueRequired":true,"valueName":"search_term_string"}}],"inLanguage":"fi"},{"@type":"Organization","@id":"https:\/\/naturalpoland.com\/fi\/#organization","name":"Natural Poland","url":"https:\/\/naturalpoland.com\/fi\/","logo":{"@type":"ImageObject","inLanguage":"fi","@id":"https:\/\/naturalpoland.com\/fi\/#\/schema\/logo\/image\/","url":"https:\/\/naturalpoland.com\/wp-content\/uploads\/2021\/05\/natural-poland-icon.png","contentUrl":"https:\/\/naturalpoland.com\/wp-content\/uploads\/2021\/05\/natural-poland-icon.png","width":512,"height":512,"caption":"Natural Poland"},"image":{"@id":"https:\/\/naturalpoland.com\/fi\/#\/schema\/logo\/image\/"},"sameAs":["https:\/\/www.facebook.com\/naturalpoland.b2b","https:\/\/pl.linkedin.com\/company\/natural-poland","https:\/\/www.youtube.com\/channel\/UCgeGGkvOMahZo-xu_MSEWxg"]}]}},"_links":{"self":[{"href":"https:\/\/naturalpoland.com\/fi\/wp-json\/wp\/v2\/product\/33543","targetHints":{"allow":["GET"]}}],"collection":[{"href":"https:\/\/naturalpoland.com\/fi\/wp-json\/wp\/v2\/product"}],"about":[{"href":"https:\/\/naturalpoland.com\/fi\/wp-json\/wp\/v2\/types\/product"}],"wp:featuredmedia":[{"embeddable":true,"href":"https:\/\/naturalpoland.com\/fi\/wp-json\/wp\/v2\/media\/33240"}],"wp:attachment":[{"href":"https:\/\/naturalpoland.com\/fi\/wp-json\/wp\/v2\/media?parent=33543"}],"wp:term":[{"taxonomy":"product_brand","embeddable":true,"href":"https:\/\/naturalpoland.com\/fi\/wp-json\/wp\/v2\/product_brand?post=33543"},{"taxonomy":"product_cat","embeddable":true,"href":"https:\/\/naturalpoland.com\/fi\/wp-json\/wp\/v2\/product_cat?post=33543"},{"taxonomy":"product_tag","embeddable":true,"href":"https:\/\/naturalpoland.com\/fi\/wp-json\/wp\/v2\/product_tag?post=33543"}],"curies":[{"name":"wp","href":"https:\/\/api.w.org\/{rel}","templated":true}]}}