{"id":33857,"date":"2024-07-16T15:23:42","date_gmt":"2024-07-17T09:56:00","guid":{"rendered":"https:\/\/naturalpoland.com\/produkty\/Ei-luokiteltu\/hydrolat-oatmeal\/"},"modified":"2024-07-17T11:56:00","modified_gmt":"2024-07-17T09:56:00","slug":"hydrolat-oatmeal","status":"publish","type":"product","link":"https:\/\/naturalpoland.com\/fi\/tuotteet\/kosmetiikkateollisuuden-tuotteet\/kukkaisvedet\/hydrolat-oatmeal\/","title":{"rendered":"Kaurahydrolaatti"},"content":{"rendered":"<h2>Ominaisuudet:<\/h2>\n<p>Kaurahydrolaatilla on erinomaiset rauhoittavat ominaisuudet, jotka auttavat v\u00e4hent\u00e4m\u00e4\u00e4n iho\u00e4rsytyst\u00e4 ja tulehdusta. Se sis\u00e4lt\u00e4\u00e4 runsaasti beetaglukaania, joka toimii luonnollisena kosteuttaja-aineena, joka houkuttelee ja sitoo kosteutta ihoon pitk\u00e4kestoisen kosteuden saamiseksi.<\/p>\n<p>T\u00e4m\u00e4 hydrolaatti tukee ihon luonnollisia uusiutumisprosesseja, nopeuttaa pienten vammojen paranemista ja v\u00e4hent\u00e4\u00e4 arpien ulkon\u00e4k\u00f6\u00e4.<\/p>\n<p>Sovellus:<\/p>\n<ol>\n<li>Ihonhoitokosmetiikka: kasvovesi, kosteussumutteet<\/li>\n<li>Voiteiden, voiteiden ja seerumien ainesosana.<\/li>\n<li>Hiustenhoitoon: shampoot ja hoitoaineet.<\/li>\n<li>Vauvatuotteet: hoitovoiteet, kosteuspyyhkeet, kylpytuotteet.<\/li>\n<\/ol>\n","protected":false},"excerpt":{"rendered":"<p>Kaurahydrolaattia saadaan kauran siemenist\u00e4<em>(Avena sativa<\/em>) h\u00f6yryuutolla. Se on hell\u00e4varainen kasvivesi, jota k\u00e4ytet\u00e4\u00e4n herk\u00e4lle ja atooppiselle iholle.<\/p>\n","protected":false},"featured_media":33690,"template":"","meta":{"_acf_changed":false},"product_brand":[],"product_cat":[3550],"product_tag":[],"class_list":{"0":"post-33857","1":"product","2":"type-product","3":"status-publish","4":"has-post-thumbnail","6":"product_cat-kukkaisvedet","8":"first","9":"instock","10":"shipping-taxable","11":"product-type-simple"},"acf":[],"yoast_head":"<!-- This site is optimized with the Yoast SEO plugin v27.4 - https:\/\/yoast.com\/product\/yoast-seo-wordpress\/ -->\n<title>Kaurahydrolaatti - NATURAL POLAND - RAAKA-AINEIDEN TUKKUJAKELIJA<\/title>\n<meta name=\"description\" content=\"Poikkeuksellisten rauhoittavien ja kosteuttavien ominaisuuksiensa ansiosta kaurahydrolaatti on v\u00e4ltt\u00e4m\u00e4t\u00f6n ainesosa herk\u00e4n ja atooppisen ihon hoidossa.\" \/>\n<meta name=\"robots\" content=\"index, follow, max-snippet:-1, max-image-preview:large, max-video-preview:-1\" \/>\n<link rel=\"canonical\" href=\"https:\/\/naturalpoland.com\/fi\/tuotteet\/kosmetiikkateollisuuden-tuotteet\/kukkaisvedet\/hydrolat-oatmeal\/\" \/>\n<meta property=\"og:locale\" content=\"fi_FI\" \/>\n<meta property=\"og:type\" content=\"article\" \/>\n<meta property=\"og:title\" content=\"Kaurahydrolaatti - NATURAL POLAND - RAAKA-AINEIDEN TUKKUJAKELIJA\" \/>\n<meta property=\"og:description\" content=\"Poikkeuksellisten rauhoittavien ja kosteuttavien ominaisuuksiensa ansiosta kaurahydrolaatti on v\u00e4ltt\u00e4m\u00e4t\u00f6n ainesosa herk\u00e4n ja atooppisen ihon hoidossa.\" \/>\n<meta property=\"og:url\" content=\"https:\/\/naturalpoland.com\/fi\/tuotteet\/kosmetiikkateollisuuden-tuotteet\/kukkaisvedet\/hydrolat-oatmeal\/\" \/>\n<meta property=\"og:site_name\" content=\"NATURAL POLAND - RAAKA-AINEIDEN TUKKUJAKELIJA\" \/>\n<meta property=\"article:publisher\" content=\"https:\/\/www.facebook.com\/naturalpoland.b2b\" \/>\n<meta property=\"og:image\" content=\"https:\/\/naturalpoland.com\/wp-content\/uploads\/hydrolat-owsiany.webp\" \/>\n\t<meta property=\"og:image:width\" content=\"608\" \/>\n\t<meta property=\"og:image:height\" content=\"608\" \/>\n\t<meta property=\"og:image:type\" content=\"image\/webp\" \/>\n<script type=\"application\/ld+json\" class=\"yoast-schema-graph\">{\"@context\":\"https:\\\/\\\/schema.org\",\"@graph\":[{\"@type\":\"WebPage\",\"@id\":\"https:\\\/\\\/naturalpoland.com\\\/fi\\\/tuotteet\\\/kosmetiikkateollisuuden-tuotteet\\\/kukkaisvedet\\\/hydrolat-oatmeal\\\/\",\"url\":\"https:\\\/\\\/naturalpoland.com\\\/fi\\\/tuotteet\\\/kosmetiikkateollisuuden-tuotteet\\\/kukkaisvedet\\\/hydrolat-oatmeal\\\/\",\"name\":\"Kaurahydrolaatti - NATURAL POLAND - RAAKA-AINEIDEN TUKKUJAKELIJA\",\"isPartOf\":{\"@id\":\"https:\\\/\\\/naturalpoland.com\\\/fi\\\/#website\"},\"primaryImageOfPage\":{\"@id\":\"https:\\\/\\\/naturalpoland.com\\\/fi\\\/tuotteet\\\/kosmetiikkateollisuuden-tuotteet\\\/kukkaisvedet\\\/hydrolat-oatmeal\\\/#primaryimage\"},\"image\":{\"@id\":\"https:\\\/\\\/naturalpoland.com\\\/fi\\\/tuotteet\\\/kosmetiikkateollisuuden-tuotteet\\\/kukkaisvedet\\\/hydrolat-oatmeal\\\/#primaryimage\"},\"thumbnailUrl\":\"https:\\\/\\\/naturalpoland.com\\\/wp-content\\\/uploads\\\/hydrolat-owsiany.webp\",\"datePublished\":\"2024-07-17T09:56:00+00:00\",\"description\":\"Poikkeuksellisten rauhoittavien ja kosteuttavien ominaisuuksiensa ansiosta kaurahydrolaatti on v\u00e4ltt\u00e4m\u00e4t\u00f6n ainesosa herk\u00e4n ja atooppisen ihon hoidossa.\",\"breadcrumb\":{\"@id\":\"https:\\\/\\\/naturalpoland.com\\\/fi\\\/tuotteet\\\/kosmetiikkateollisuuden-tuotteet\\\/kukkaisvedet\\\/hydrolat-oatmeal\\\/#breadcrumb\"},\"inLanguage\":\"fi\",\"potentialAction\":[{\"@type\":\"ReadAction\",\"target\":[\"https:\\\/\\\/naturalpoland.com\\\/fi\\\/tuotteet\\\/kosmetiikkateollisuuden-tuotteet\\\/kukkaisvedet\\\/hydrolat-oatmeal\\\/\"]}]},{\"@type\":\"ImageObject\",\"inLanguage\":\"fi\",\"@id\":\"https:\\\/\\\/naturalpoland.com\\\/fi\\\/tuotteet\\\/kosmetiikkateollisuuden-tuotteet\\\/kukkaisvedet\\\/hydrolat-oatmeal\\\/#primaryimage\",\"url\":\"https:\\\/\\\/naturalpoland.com\\\/wp-content\\\/uploads\\\/hydrolat-owsiany.webp\",\"contentUrl\":\"https:\\\/\\\/naturalpoland.com\\\/wp-content\\\/uploads\\\/hydrolat-owsiany.webp\",\"width\":608,\"height\":608,\"caption\":\"hydrolat owsiany\"},{\"@type\":\"BreadcrumbList\",\"@id\":\"https:\\\/\\\/naturalpoland.com\\\/fi\\\/tuotteet\\\/kosmetiikkateollisuuden-tuotteet\\\/kukkaisvedet\\\/hydrolat-oatmeal\\\/#breadcrumb\",\"itemListElement\":[{\"@type\":\"ListItem\",\"position\":1,\"name\":\"Etusivu\",\"item\":\"https:\\\/\\\/naturalpoland.com\\\/fi\\\/\"},{\"@type\":\"ListItem\",\"position\":2,\"name\":\"Tuotteet\",\"item\":\"https:\\\/\\\/naturalpoland.com\\\/fi\\\/tuotteet\\\/\"},{\"@type\":\"ListItem\",\"position\":3,\"name\":\"Kaurahydrolaatti\"}]},{\"@type\":\"WebSite\",\"@id\":\"https:\\\/\\\/naturalpoland.com\\\/fi\\\/#website\",\"url\":\"https:\\\/\\\/naturalpoland.com\\\/fi\\\/\",\"name\":\"NATURAL POLAND - RAAKA-AINEIDEN TUKKUJAKELIJA\",\"description\":\"Surowce dla przemys\u0142u spo\u017cywczego, kosmetycznego i farmaceutycznego\",\"publisher\":{\"@id\":\"https:\\\/\\\/naturalpoland.com\\\/fi\\\/#organization\"},\"potentialAction\":[{\"@type\":\"SearchAction\",\"target\":{\"@type\":\"EntryPoint\",\"urlTemplate\":\"https:\\\/\\\/naturalpoland.com\\\/fi\\\/?s={search_term_string}\"},\"query-input\":{\"@type\":\"PropertyValueSpecification\",\"valueRequired\":true,\"valueName\":\"search_term_string\"}}],\"inLanguage\":\"fi\"},{\"@type\":\"Organization\",\"@id\":\"https:\\\/\\\/naturalpoland.com\\\/fi\\\/#organization\",\"name\":\"Natural Poland\",\"url\":\"https:\\\/\\\/naturalpoland.com\\\/fi\\\/\",\"logo\":{\"@type\":\"ImageObject\",\"inLanguage\":\"fi\",\"@id\":\"https:\\\/\\\/naturalpoland.com\\\/fi\\\/#\\\/schema\\\/logo\\\/image\\\/\",\"url\":\"https:\\\/\\\/naturalpoland.com\\\/wp-content\\\/uploads\\\/2021\\\/05\\\/natural-poland-icon.png\",\"contentUrl\":\"https:\\\/\\\/naturalpoland.com\\\/wp-content\\\/uploads\\\/2021\\\/05\\\/natural-poland-icon.png\",\"width\":512,\"height\":512,\"caption\":\"Natural Poland\"},\"image\":{\"@id\":\"https:\\\/\\\/naturalpoland.com\\\/fi\\\/#\\\/schema\\\/logo\\\/image\\\/\"},\"sameAs\":[\"https:\\\/\\\/www.facebook.com\\\/naturalpoland.b2b\",\"https:\\\/\\\/pl.linkedin.com\\\/company\\\/natural-poland\",\"https:\\\/\\\/www.youtube.com\\\/channel\\\/UCgeGGkvOMahZo-xu_MSEWxg\"]}]}<\/script>\n<!-- \/ Yoast SEO plugin. -->","yoast_head_json":{"title":"Kaurahydrolaatti - NATURAL POLAND - RAAKA-AINEIDEN TUKKUJAKELIJA","description":"Poikkeuksellisten rauhoittavien ja kosteuttavien ominaisuuksiensa ansiosta kaurahydrolaatti on v\u00e4ltt\u00e4m\u00e4t\u00f6n ainesosa herk\u00e4n ja atooppisen ihon hoidossa.","robots":{"index":"index","follow":"follow","max-snippet":"max-snippet:-1","max-image-preview":"max-image-preview:large","max-video-preview":"max-video-preview:-1"},"canonical":"https:\/\/naturalpoland.com\/fi\/tuotteet\/kosmetiikkateollisuuden-tuotteet\/kukkaisvedet\/hydrolat-oatmeal\/","og_locale":"fi_FI","og_type":"article","og_title":"Kaurahydrolaatti - NATURAL POLAND - RAAKA-AINEIDEN TUKKUJAKELIJA","og_description":"Poikkeuksellisten rauhoittavien ja kosteuttavien ominaisuuksiensa ansiosta kaurahydrolaatti on v\u00e4ltt\u00e4m\u00e4t\u00f6n ainesosa herk\u00e4n ja atooppisen ihon hoidossa.","og_url":"https:\/\/naturalpoland.com\/fi\/tuotteet\/kosmetiikkateollisuuden-tuotteet\/kukkaisvedet\/hydrolat-oatmeal\/","og_site_name":"NATURAL POLAND - RAAKA-AINEIDEN TUKKUJAKELIJA","article_publisher":"https:\/\/www.facebook.com\/naturalpoland.b2b","og_image":[{"width":608,"height":608,"url":"https:\/\/naturalpoland.com\/wp-content\/uploads\/hydrolat-owsiany.webp","type":"image\/webp"}],"schema":{"@context":"https:\/\/schema.org","@graph":[{"@type":"WebPage","@id":"https:\/\/naturalpoland.com\/fi\/tuotteet\/kosmetiikkateollisuuden-tuotteet\/kukkaisvedet\/hydrolat-oatmeal\/","url":"https:\/\/naturalpoland.com\/fi\/tuotteet\/kosmetiikkateollisuuden-tuotteet\/kukkaisvedet\/hydrolat-oatmeal\/","name":"Kaurahydrolaatti - NATURAL POLAND - RAAKA-AINEIDEN TUKKUJAKELIJA","isPartOf":{"@id":"https:\/\/naturalpoland.com\/fi\/#website"},"primaryImageOfPage":{"@id":"https:\/\/naturalpoland.com\/fi\/tuotteet\/kosmetiikkateollisuuden-tuotteet\/kukkaisvedet\/hydrolat-oatmeal\/#primaryimage"},"image":{"@id":"https:\/\/naturalpoland.com\/fi\/tuotteet\/kosmetiikkateollisuuden-tuotteet\/kukkaisvedet\/hydrolat-oatmeal\/#primaryimage"},"thumbnailUrl":"https:\/\/naturalpoland.com\/wp-content\/uploads\/hydrolat-owsiany.webp","datePublished":"2024-07-17T09:56:00+00:00","description":"Poikkeuksellisten rauhoittavien ja kosteuttavien ominaisuuksiensa ansiosta kaurahydrolaatti on v\u00e4ltt\u00e4m\u00e4t\u00f6n ainesosa herk\u00e4n ja atooppisen ihon hoidossa.","breadcrumb":{"@id":"https:\/\/naturalpoland.com\/fi\/tuotteet\/kosmetiikkateollisuuden-tuotteet\/kukkaisvedet\/hydrolat-oatmeal\/#breadcrumb"},"inLanguage":"fi","potentialAction":[{"@type":"ReadAction","target":["https:\/\/naturalpoland.com\/fi\/tuotteet\/kosmetiikkateollisuuden-tuotteet\/kukkaisvedet\/hydrolat-oatmeal\/"]}]},{"@type":"ImageObject","inLanguage":"fi","@id":"https:\/\/naturalpoland.com\/fi\/tuotteet\/kosmetiikkateollisuuden-tuotteet\/kukkaisvedet\/hydrolat-oatmeal\/#primaryimage","url":"https:\/\/naturalpoland.com\/wp-content\/uploads\/hydrolat-owsiany.webp","contentUrl":"https:\/\/naturalpoland.com\/wp-content\/uploads\/hydrolat-owsiany.webp","width":608,"height":608,"caption":"hydrolat owsiany"},{"@type":"BreadcrumbList","@id":"https:\/\/naturalpoland.com\/fi\/tuotteet\/kosmetiikkateollisuuden-tuotteet\/kukkaisvedet\/hydrolat-oatmeal\/#breadcrumb","itemListElement":[{"@type":"ListItem","position":1,"name":"Etusivu","item":"https:\/\/naturalpoland.com\/fi\/"},{"@type":"ListItem","position":2,"name":"Tuotteet","item":"https:\/\/naturalpoland.com\/fi\/tuotteet\/"},{"@type":"ListItem","position":3,"name":"Kaurahydrolaatti"}]},{"@type":"WebSite","@id":"https:\/\/naturalpoland.com\/fi\/#website","url":"https:\/\/naturalpoland.com\/fi\/","name":"NATURAL POLAND - RAAKA-AINEIDEN TUKKUJAKELIJA","description":"Surowce dla przemys\u0142u spo\u017cywczego, kosmetycznego i farmaceutycznego","publisher":{"@id":"https:\/\/naturalpoland.com\/fi\/#organization"},"potentialAction":[{"@type":"SearchAction","target":{"@type":"EntryPoint","urlTemplate":"https:\/\/naturalpoland.com\/fi\/?s={search_term_string}"},"query-input":{"@type":"PropertyValueSpecification","valueRequired":true,"valueName":"search_term_string"}}],"inLanguage":"fi"},{"@type":"Organization","@id":"https:\/\/naturalpoland.com\/fi\/#organization","name":"Natural Poland","url":"https:\/\/naturalpoland.com\/fi\/","logo":{"@type":"ImageObject","inLanguage":"fi","@id":"https:\/\/naturalpoland.com\/fi\/#\/schema\/logo\/image\/","url":"https:\/\/naturalpoland.com\/wp-content\/uploads\/2021\/05\/natural-poland-icon.png","contentUrl":"https:\/\/naturalpoland.com\/wp-content\/uploads\/2021\/05\/natural-poland-icon.png","width":512,"height":512,"caption":"Natural Poland"},"image":{"@id":"https:\/\/naturalpoland.com\/fi\/#\/schema\/logo\/image\/"},"sameAs":["https:\/\/www.facebook.com\/naturalpoland.b2b","https:\/\/pl.linkedin.com\/company\/natural-poland","https:\/\/www.youtube.com\/channel\/UCgeGGkvOMahZo-xu_MSEWxg"]}]}},"_links":{"self":[{"href":"https:\/\/naturalpoland.com\/fi\/wp-json\/wp\/v2\/product\/33857","targetHints":{"allow":["GET"]}}],"collection":[{"href":"https:\/\/naturalpoland.com\/fi\/wp-json\/wp\/v2\/product"}],"about":[{"href":"https:\/\/naturalpoland.com\/fi\/wp-json\/wp\/v2\/types\/product"}],"wp:featuredmedia":[{"embeddable":true,"href":"https:\/\/naturalpoland.com\/fi\/wp-json\/wp\/v2\/media\/33690"}],"wp:attachment":[{"href":"https:\/\/naturalpoland.com\/fi\/wp-json\/wp\/v2\/media?parent=33857"}],"wp:term":[{"taxonomy":"product_brand","embeddable":true,"href":"https:\/\/naturalpoland.com\/fi\/wp-json\/wp\/v2\/product_brand?post=33857"},{"taxonomy":"product_cat","embeddable":true,"href":"https:\/\/naturalpoland.com\/fi\/wp-json\/wp\/v2\/product_cat?post=33857"},{"taxonomy":"product_tag","embeddable":true,"href":"https:\/\/naturalpoland.com\/fi\/wp-json\/wp\/v2\/product_tag?post=33857"}],"curies":[{"name":"wp","href":"https:\/\/api.w.org\/{rel}","templated":true}]}}