{"id":33924,"date":"2024-07-02T14:41:05","date_gmt":"2024-07-17T10:31:28","guid":{"rendered":"https:\/\/naturalpoland.com\/produkty\/Ei-luokiteltu\/biobutyrin-tribrin\/"},"modified":"2024-07-17T12:31:28","modified_gmt":"2024-07-17T10:31:28","slug":"biobutyrin-tribrin","status":"publish","type":"product","link":"https:\/\/naturalpoland.com\/fi\/tuotteet\/laaketeollisuuden-tuotteet\/ravintolisien-ainesosat\/biobutyrin-tribrin\/","title":{"rendered":"BioButyrin\u2122 (tributyrin)"},"content":{"rendered":"<ul>\n<li>BioButyrin\u2122 on 30 kertaa paremmin biologisesti hy\u00f6dynnett\u00e4viss\u00e4 kuin perinteinen tributyrin, mik\u00e4 tarkoittaa, ett\u00e4 BioSNEDS\u2122:n sis\u00e4lt\u00e4m\u00e4 17 mg tributyrinia vastaa biologisesti 500 mg:aa perinteist\u00e4 tributyrinia.<\/li>\n<li>Enemm\u00e4n annoksia kilogrammaa kohti &#8211; 5 882 annosta kilogrammaa kohti verrattuna 600 annokseen tavanomaisen tributyrinin tapauksessa.<\/li>\n<li>Saatavana jauheina ja emulsioina, jotka ovat neutraalin makuisia ja hajuttomia.<\/li>\n<\/ul>\n<h2>Sovellus:<\/h2>\n<p>Ravintolis\u00e4t, funktionaaliset elintarvikkeet, paikalliskosmetiikka, el\u00e4inten ravitsemus.<\/p>\n<h2>Terveysvaikutukset:<\/h2>\n<ul>\n<li>BioButyrin\u2122 sis\u00e4lt\u00e4\u00e4 tributyrinia, joka on t\u00e4rke\u00e4 postbiootti, joka tukee suoliston terveytt\u00e4, suoliesteen toimintaa ja tervett\u00e4 mikrobiomia.<\/li>\n<li>Tutkimukset viittaavat mahdollisiin tulehdusta ja sy\u00f6p\u00e4\u00e4 ehk\u00e4iseviin ominaisuuksiin.<\/li>\n<li>Se voi s\u00e4\u00e4dell\u00e4 immuunij\u00e4rjestelm\u00e4n toimintaa ja parantaa aineenvaihdunnan terveytt\u00e4.<\/li>\n<li>Parantaa ruoansulatusta ja ravintoaineiden imeytymist\u00e4.<\/li>\n<li>Se voi auttaa yll\u00e4pit\u00e4m\u00e4\u00e4n terveit\u00e4 verensokeritasoja.<\/li>\n<li>Saattaa tukea aivojen terveytt\u00e4 ja neurologista toimintaa.<\/li>\n<li>Auttaa painonhallinnassa ja urheiluravitsemuksessa.<\/li>\n<\/ul>\n","protected":false},"excerpt":{"rendered":"<p><strong>BioButyrin\u2122 <\/strong>on edistyksellinen tuote, joka k\u00e4ytt\u00e4\u00e4 BioSNEDS\u2122-teknologiaa lis\u00e4\u00e4m\u00e4\u00e4n merkitt\u00e4v\u00e4sti <strong>tributyrinin <\/strong>biologista hy\u00f6tyosuutta, joka on keskeinen ainesosa suoliston terveyden ja yleisen hyvinvoinnin parantamisessa.<\/p>\n","protected":false},"featured_media":32971,"template":"","meta":{"_acf_changed":false},"product_brand":[],"product_cat":[535],"product_tag":[],"class_list":{"0":"post-33924","1":"product","2":"type-product","3":"status-publish","4":"has-post-thumbnail","6":"product_cat-ravintolisien-ainesosat","7":"pa_grupa-substancji-ravitsemuslaakkeet","8":"pa_technologia-biosneds-teknologia","10":"first","11":"instock","12":"shipping-taxable","13":"product-type-simple"},"acf":[],"yoast_head":"<!-- This site is optimized with the Yoast SEO plugin v27.4 - https:\/\/yoast.com\/product\/yoast-seo-wordpress\/ -->\n<title>BioButyrin\u2122 (tributyrin) - NATURAL POLAND - RAAKA-AINEIDEN TUKKUJAKELIJA<\/title>\n<meta name=\"description\" content=\"BioButyrin\u2122 on edistyksellinen tuote, joka k\u00e4ytt\u00e4\u00e4 BioSNEDS\u2122-teknologiaa tributyriinin biologisen hy\u00f6tyosuuden merkitt\u00e4v\u00e4\u00e4n lis\u00e4\u00e4miseen.\" \/>\n<meta name=\"robots\" content=\"index, follow, max-snippet:-1, max-image-preview:large, max-video-preview:-1\" \/>\n<link rel=\"canonical\" href=\"https:\/\/naturalpoland.com\/fi\/tuotteet\/laaketeollisuuden-tuotteet\/ravintolisien-ainesosat\/biobutyrin-tribrin\/\" \/>\n<meta property=\"og:locale\" content=\"fi_FI\" \/>\n<meta property=\"og:type\" content=\"article\" \/>\n<meta property=\"og:title\" content=\"BioButyrin\u2122 (tributyrin) - NATURAL POLAND - RAAKA-AINEIDEN TUKKUJAKELIJA\" \/>\n<meta property=\"og:description\" content=\"BioButyrin\u2122 on edistyksellinen tuote, joka k\u00e4ytt\u00e4\u00e4 BioSNEDS\u2122-teknologiaa tributyriinin biologisen hy\u00f6tyosuuden merkitt\u00e4v\u00e4\u00e4n lis\u00e4\u00e4miseen.\" \/>\n<meta property=\"og:url\" content=\"https:\/\/naturalpoland.com\/fi\/tuotteet\/laaketeollisuuden-tuotteet\/ravintolisien-ainesosat\/biobutyrin-tribrin\/\" \/>\n<meta property=\"og:site_name\" content=\"NATURAL POLAND - RAAKA-AINEIDEN TUKKUJAKELIJA\" \/>\n<meta property=\"article:publisher\" content=\"https:\/\/www.facebook.com\/naturalpoland.b2b\" \/>\n<meta property=\"og:image\" content=\"https:\/\/naturalpoland.com\/wp-content\/uploads\/tributyrin_powder.webp\" \/>\n\t<meta property=\"og:image:width\" content=\"618\" \/>\n\t<meta property=\"og:image:height\" content=\"618\" \/>\n\t<meta property=\"og:image:type\" content=\"image\/webp\" \/>\n<script type=\"application\/ld+json\" class=\"yoast-schema-graph\">{\"@context\":\"https:\\\/\\\/schema.org\",\"@graph\":[{\"@type\":\"WebPage\",\"@id\":\"https:\\\/\\\/naturalpoland.com\\\/fi\\\/tuotteet\\\/laaketeollisuuden-tuotteet\\\/ravintolisien-ainesosat\\\/biobutyrin-tribrin\\\/\",\"url\":\"https:\\\/\\\/naturalpoland.com\\\/fi\\\/tuotteet\\\/laaketeollisuuden-tuotteet\\\/ravintolisien-ainesosat\\\/biobutyrin-tribrin\\\/\",\"name\":\"BioButyrin\u2122 (tributyrin) - NATURAL POLAND - RAAKA-AINEIDEN TUKKUJAKELIJA\",\"isPartOf\":{\"@id\":\"https:\\\/\\\/naturalpoland.com\\\/fi\\\/#website\"},\"primaryImageOfPage\":{\"@id\":\"https:\\\/\\\/naturalpoland.com\\\/fi\\\/tuotteet\\\/laaketeollisuuden-tuotteet\\\/ravintolisien-ainesosat\\\/biobutyrin-tribrin\\\/#primaryimage\"},\"image\":{\"@id\":\"https:\\\/\\\/naturalpoland.com\\\/fi\\\/tuotteet\\\/laaketeollisuuden-tuotteet\\\/ravintolisien-ainesosat\\\/biobutyrin-tribrin\\\/#primaryimage\"},\"thumbnailUrl\":\"https:\\\/\\\/naturalpoland.com\\\/wp-content\\\/uploads\\\/tributyrin_powder.webp\",\"datePublished\":\"2024-07-17T10:31:28+00:00\",\"description\":\"BioButyrin\u2122 on edistyksellinen tuote, joka k\u00e4ytt\u00e4\u00e4 BioSNEDS\u2122-teknologiaa tributyriinin biologisen hy\u00f6tyosuuden merkitt\u00e4v\u00e4\u00e4n lis\u00e4\u00e4miseen.\",\"breadcrumb\":{\"@id\":\"https:\\\/\\\/naturalpoland.com\\\/fi\\\/tuotteet\\\/laaketeollisuuden-tuotteet\\\/ravintolisien-ainesosat\\\/biobutyrin-tribrin\\\/#breadcrumb\"},\"inLanguage\":\"fi\",\"potentialAction\":[{\"@type\":\"ReadAction\",\"target\":[\"https:\\\/\\\/naturalpoland.com\\\/fi\\\/tuotteet\\\/laaketeollisuuden-tuotteet\\\/ravintolisien-ainesosat\\\/biobutyrin-tribrin\\\/\"]}]},{\"@type\":\"ImageObject\",\"inLanguage\":\"fi\",\"@id\":\"https:\\\/\\\/naturalpoland.com\\\/fi\\\/tuotteet\\\/laaketeollisuuden-tuotteet\\\/ravintolisien-ainesosat\\\/biobutyrin-tribrin\\\/#primaryimage\",\"url\":\"https:\\\/\\\/naturalpoland.com\\\/wp-content\\\/uploads\\\/tributyrin_powder.webp\",\"contentUrl\":\"https:\\\/\\\/naturalpoland.com\\\/wp-content\\\/uploads\\\/tributyrin_powder.webp\",\"width\":618,\"height\":618,\"caption\":\"tribu\"},{\"@type\":\"BreadcrumbList\",\"@id\":\"https:\\\/\\\/naturalpoland.com\\\/fi\\\/tuotteet\\\/laaketeollisuuden-tuotteet\\\/ravintolisien-ainesosat\\\/biobutyrin-tribrin\\\/#breadcrumb\",\"itemListElement\":[{\"@type\":\"ListItem\",\"position\":1,\"name\":\"Etusivu\",\"item\":\"https:\\\/\\\/naturalpoland.com\\\/fi\\\/\"},{\"@type\":\"ListItem\",\"position\":2,\"name\":\"Tuotteet\",\"item\":\"https:\\\/\\\/naturalpoland.com\\\/fi\\\/tuotteet\\\/\"},{\"@type\":\"ListItem\",\"position\":3,\"name\":\"BioButyrin\u2122 (tributyrin)\"}]},{\"@type\":\"WebSite\",\"@id\":\"https:\\\/\\\/naturalpoland.com\\\/fi\\\/#website\",\"url\":\"https:\\\/\\\/naturalpoland.com\\\/fi\\\/\",\"name\":\"NATURAL POLAND - RAAKA-AINEIDEN TUKKUJAKELIJA\",\"description\":\"Surowce dla przemys\u0142u spo\u017cywczego, kosmetycznego i farmaceutycznego\",\"publisher\":{\"@id\":\"https:\\\/\\\/naturalpoland.com\\\/fi\\\/#organization\"},\"potentialAction\":[{\"@type\":\"SearchAction\",\"target\":{\"@type\":\"EntryPoint\",\"urlTemplate\":\"https:\\\/\\\/naturalpoland.com\\\/fi\\\/?s={search_term_string}\"},\"query-input\":{\"@type\":\"PropertyValueSpecification\",\"valueRequired\":true,\"valueName\":\"search_term_string\"}}],\"inLanguage\":\"fi\"},{\"@type\":\"Organization\",\"@id\":\"https:\\\/\\\/naturalpoland.com\\\/fi\\\/#organization\",\"name\":\"Natural Poland\",\"url\":\"https:\\\/\\\/naturalpoland.com\\\/fi\\\/\",\"logo\":{\"@type\":\"ImageObject\",\"inLanguage\":\"fi\",\"@id\":\"https:\\\/\\\/naturalpoland.com\\\/fi\\\/#\\\/schema\\\/logo\\\/image\\\/\",\"url\":\"https:\\\/\\\/naturalpoland.com\\\/wp-content\\\/uploads\\\/2021\\\/05\\\/natural-poland-icon.png\",\"contentUrl\":\"https:\\\/\\\/naturalpoland.com\\\/wp-content\\\/uploads\\\/2021\\\/05\\\/natural-poland-icon.png\",\"width\":512,\"height\":512,\"caption\":\"Natural Poland\"},\"image\":{\"@id\":\"https:\\\/\\\/naturalpoland.com\\\/fi\\\/#\\\/schema\\\/logo\\\/image\\\/\"},\"sameAs\":[\"https:\\\/\\\/www.facebook.com\\\/naturalpoland.b2b\",\"https:\\\/\\\/pl.linkedin.com\\\/company\\\/natural-poland\",\"https:\\\/\\\/www.youtube.com\\\/channel\\\/UCgeGGkvOMahZo-xu_MSEWxg\"]}]}<\/script>\n<!-- \/ Yoast SEO plugin. -->","yoast_head_json":{"title":"BioButyrin\u2122 (tributyrin) - NATURAL POLAND - RAAKA-AINEIDEN TUKKUJAKELIJA","description":"BioButyrin\u2122 on edistyksellinen tuote, joka k\u00e4ytt\u00e4\u00e4 BioSNEDS\u2122-teknologiaa tributyriinin biologisen hy\u00f6tyosuuden merkitt\u00e4v\u00e4\u00e4n lis\u00e4\u00e4miseen.","robots":{"index":"index","follow":"follow","max-snippet":"max-snippet:-1","max-image-preview":"max-image-preview:large","max-video-preview":"max-video-preview:-1"},"canonical":"https:\/\/naturalpoland.com\/fi\/tuotteet\/laaketeollisuuden-tuotteet\/ravintolisien-ainesosat\/biobutyrin-tribrin\/","og_locale":"fi_FI","og_type":"article","og_title":"BioButyrin\u2122 (tributyrin) - NATURAL POLAND - RAAKA-AINEIDEN TUKKUJAKELIJA","og_description":"BioButyrin\u2122 on edistyksellinen tuote, joka k\u00e4ytt\u00e4\u00e4 BioSNEDS\u2122-teknologiaa tributyriinin biologisen hy\u00f6tyosuuden merkitt\u00e4v\u00e4\u00e4n lis\u00e4\u00e4miseen.","og_url":"https:\/\/naturalpoland.com\/fi\/tuotteet\/laaketeollisuuden-tuotteet\/ravintolisien-ainesosat\/biobutyrin-tribrin\/","og_site_name":"NATURAL POLAND - RAAKA-AINEIDEN TUKKUJAKELIJA","article_publisher":"https:\/\/www.facebook.com\/naturalpoland.b2b","og_image":[{"width":618,"height":618,"url":"https:\/\/naturalpoland.com\/wp-content\/uploads\/tributyrin_powder.webp","type":"image\/webp"}],"schema":{"@context":"https:\/\/schema.org","@graph":[{"@type":"WebPage","@id":"https:\/\/naturalpoland.com\/fi\/tuotteet\/laaketeollisuuden-tuotteet\/ravintolisien-ainesosat\/biobutyrin-tribrin\/","url":"https:\/\/naturalpoland.com\/fi\/tuotteet\/laaketeollisuuden-tuotteet\/ravintolisien-ainesosat\/biobutyrin-tribrin\/","name":"BioButyrin\u2122 (tributyrin) - NATURAL POLAND - RAAKA-AINEIDEN TUKKUJAKELIJA","isPartOf":{"@id":"https:\/\/naturalpoland.com\/fi\/#website"},"primaryImageOfPage":{"@id":"https:\/\/naturalpoland.com\/fi\/tuotteet\/laaketeollisuuden-tuotteet\/ravintolisien-ainesosat\/biobutyrin-tribrin\/#primaryimage"},"image":{"@id":"https:\/\/naturalpoland.com\/fi\/tuotteet\/laaketeollisuuden-tuotteet\/ravintolisien-ainesosat\/biobutyrin-tribrin\/#primaryimage"},"thumbnailUrl":"https:\/\/naturalpoland.com\/wp-content\/uploads\/tributyrin_powder.webp","datePublished":"2024-07-17T10:31:28+00:00","description":"BioButyrin\u2122 on edistyksellinen tuote, joka k\u00e4ytt\u00e4\u00e4 BioSNEDS\u2122-teknologiaa tributyriinin biologisen hy\u00f6tyosuuden merkitt\u00e4v\u00e4\u00e4n lis\u00e4\u00e4miseen.","breadcrumb":{"@id":"https:\/\/naturalpoland.com\/fi\/tuotteet\/laaketeollisuuden-tuotteet\/ravintolisien-ainesosat\/biobutyrin-tribrin\/#breadcrumb"},"inLanguage":"fi","potentialAction":[{"@type":"ReadAction","target":["https:\/\/naturalpoland.com\/fi\/tuotteet\/laaketeollisuuden-tuotteet\/ravintolisien-ainesosat\/biobutyrin-tribrin\/"]}]},{"@type":"ImageObject","inLanguage":"fi","@id":"https:\/\/naturalpoland.com\/fi\/tuotteet\/laaketeollisuuden-tuotteet\/ravintolisien-ainesosat\/biobutyrin-tribrin\/#primaryimage","url":"https:\/\/naturalpoland.com\/wp-content\/uploads\/tributyrin_powder.webp","contentUrl":"https:\/\/naturalpoland.com\/wp-content\/uploads\/tributyrin_powder.webp","width":618,"height":618,"caption":"tribu"},{"@type":"BreadcrumbList","@id":"https:\/\/naturalpoland.com\/fi\/tuotteet\/laaketeollisuuden-tuotteet\/ravintolisien-ainesosat\/biobutyrin-tribrin\/#breadcrumb","itemListElement":[{"@type":"ListItem","position":1,"name":"Etusivu","item":"https:\/\/naturalpoland.com\/fi\/"},{"@type":"ListItem","position":2,"name":"Tuotteet","item":"https:\/\/naturalpoland.com\/fi\/tuotteet\/"},{"@type":"ListItem","position":3,"name":"BioButyrin\u2122 (tributyrin)"}]},{"@type":"WebSite","@id":"https:\/\/naturalpoland.com\/fi\/#website","url":"https:\/\/naturalpoland.com\/fi\/","name":"NATURAL POLAND - RAAKA-AINEIDEN TUKKUJAKELIJA","description":"Surowce dla przemys\u0142u spo\u017cywczego, kosmetycznego i farmaceutycznego","publisher":{"@id":"https:\/\/naturalpoland.com\/fi\/#organization"},"potentialAction":[{"@type":"SearchAction","target":{"@type":"EntryPoint","urlTemplate":"https:\/\/naturalpoland.com\/fi\/?s={search_term_string}"},"query-input":{"@type":"PropertyValueSpecification","valueRequired":true,"valueName":"search_term_string"}}],"inLanguage":"fi"},{"@type":"Organization","@id":"https:\/\/naturalpoland.com\/fi\/#organization","name":"Natural Poland","url":"https:\/\/naturalpoland.com\/fi\/","logo":{"@type":"ImageObject","inLanguage":"fi","@id":"https:\/\/naturalpoland.com\/fi\/#\/schema\/logo\/image\/","url":"https:\/\/naturalpoland.com\/wp-content\/uploads\/2021\/05\/natural-poland-icon.png","contentUrl":"https:\/\/naturalpoland.com\/wp-content\/uploads\/2021\/05\/natural-poland-icon.png","width":512,"height":512,"caption":"Natural Poland"},"image":{"@id":"https:\/\/naturalpoland.com\/fi\/#\/schema\/logo\/image\/"},"sameAs":["https:\/\/www.facebook.com\/naturalpoland.b2b","https:\/\/pl.linkedin.com\/company\/natural-poland","https:\/\/www.youtube.com\/channel\/UCgeGGkvOMahZo-xu_MSEWxg"]}]}},"_links":{"self":[{"href":"https:\/\/naturalpoland.com\/fi\/wp-json\/wp\/v2\/product\/33924","targetHints":{"allow":["GET"]}}],"collection":[{"href":"https:\/\/naturalpoland.com\/fi\/wp-json\/wp\/v2\/product"}],"about":[{"href":"https:\/\/naturalpoland.com\/fi\/wp-json\/wp\/v2\/types\/product"}],"wp:featuredmedia":[{"embeddable":true,"href":"https:\/\/naturalpoland.com\/fi\/wp-json\/wp\/v2\/media\/32971"}],"wp:attachment":[{"href":"https:\/\/naturalpoland.com\/fi\/wp-json\/wp\/v2\/media?parent=33924"}],"wp:term":[{"taxonomy":"product_brand","embeddable":true,"href":"https:\/\/naturalpoland.com\/fi\/wp-json\/wp\/v2\/product_brand?post=33924"},{"taxonomy":"product_cat","embeddable":true,"href":"https:\/\/naturalpoland.com\/fi\/wp-json\/wp\/v2\/product_cat?post=33924"},{"taxonomy":"product_tag","embeddable":true,"href":"https:\/\/naturalpoland.com\/fi\/wp-json\/wp\/v2\/product_tag?post=33924"}],"curies":[{"name":"wp","href":"https:\/\/api.w.org\/{rel}","templated":true}]}}