{"id":33935,"date":"2024-07-04T11:56:50","date_gmt":"2024-07-17T10:31:47","guid":{"rendered":"https:\/\/naturalpoland.com\/produkty\/Ei-luokiteltu\/curcusol-lsme-kurkumiini\/"},"modified":"2024-07-17T12:31:47","modified_gmt":"2024-07-17T10:31:47","slug":"curcusol-lsme-kurkumiini","status":"publish","type":"product","link":"https:\/\/naturalpoland.com\/fi\/tuotteet\/laaketeollisuuden-tuotteet\/ravintolisien-ainesosat\/curcusol-lsme-kurkumiini\/","title":{"rendered":"CurcuSol\u2122 (kurkumiini)"},"content":{"rendered":"<p>Se on tuote, joka tukee immuunij\u00e4rjestelm\u00e4n terveytt\u00e4, ruoansulatusta, neurologista toimintaa ja monia muita terveyden osa-alueita, mik\u00e4 tekee siit\u00e4 tehokkaan lis\u00e4yksen ravintolisiin ja funktionaalisiin elintarvikkeisiin.<\/p>\n<h2>BioSNEDS\u2122-teknologian edut<\/h2>\n<ul>\n<li>CurcuSol\u2122 on 40 kertaa paremmin biologisesti hy\u00f6dynnett\u00e4viss\u00e4 kuin tavanomainen kurkumiini, mik\u00e4 tarkoittaa, ett\u00e4 BioSNEDS\u2122:n sis\u00e4lt\u00e4m\u00e4 38 mg aktiivista kurkumiinia vastaa biologisesti 1 500 mg tavanomaista kurkumiinia.<\/li>\n<li>Enemm\u00e4n annoksia kiloa kohti &#8211; 2631 annosta kiloa kohti verrattuna 633 annokseen tavanomaisen kurkumiinin annoksiin.<\/li>\n<li>Saatavana jauheina ja emulsioina, jotka ovat neutraalin makuisia ja hajuttomia.<\/li>\n<\/ul>\n<h2>Sovellus:<\/h2>\n<p>Ravintolis\u00e4t, funktionaaliset elintarvikkeet, paikalliskosmetiikka, el\u00e4inten ravitsemus.<\/p>\n<h2>Terveyshy\u00f6dyt<\/h2>\n<ul>\n<li>Vahvistaa kehon immuunij\u00e4rjestelm\u00e4n toimintaa.<\/li>\n<li>Tukee tervett\u00e4 ruoansulatusta ja mikrobiomin toimintaa.<\/li>\n<li>Auttaa yll\u00e4pit\u00e4m\u00e4\u00e4n tervett\u00e4 verensokeria.<\/li>\n<li>Tukee aivojen terveytt\u00e4 ja neurologista toimintaa.<\/li>\n<li>V\u00e4hent\u00e4\u00e4 tulehdusta kehossa.<\/li>\n<li>Tukee syd\u00e4n- ja verisuoniterveytt\u00e4.<\/li>\n<li>Auttaa palautumisessa harjoituksen j\u00e4lkeen.<\/li>\n<li>Suojaa soluja hapettumisstressilt\u00e4, mik\u00e4 voi ehk\u00e4ist\u00e4 ik\u00e4\u00e4ntymist\u00e4.<\/li>\n<li>Sit\u00e4 voidaan k\u00e4ytt\u00e4\u00e4 ihonhoitotuotteissa.<\/li>\n<\/ul>\n","protected":false},"excerpt":{"rendered":"<p><strong>CurcuSol\u2122 <\/strong>on edistyksellinen tuote, jossa k\u00e4ytet\u00e4\u00e4n BioSNEDS\u2122-teknologiaa, joka lis\u00e4\u00e4 merkitt\u00e4v\u00e4sti kurkumiinin t\u00e4rkeimm\u00e4n aktiivisen ainesosan kurkumiinin biologista hy\u00f6tyosuutta, joka tunnetaan sen tulehdusta ehk\u00e4isevist\u00e4 ja antioksidanttisista ominaisuuksista.<\/p>\n","protected":false},"featured_media":33175,"template":"","meta":{"_acf_changed":false},"product_brand":[],"product_cat":[535],"product_tag":[],"class_list":{"0":"post-33935","1":"product","2":"type-product","3":"status-publish","4":"has-post-thumbnail","6":"product_cat-ravintolisien-ainesosat","7":"pa_grupa-substancji-ravitsemuslaakkeet","8":"pa_technologia-biosneds-teknologia","10":"first","11":"instock","12":"shipping-taxable","13":"product-type-simple"},"acf":[],"yoast_head":"<!-- This site is optimized with the Yoast SEO plugin v27.4 - https:\/\/yoast.com\/product\/yoast-seo-wordpress\/ -->\n<title>CurcuSol\u2122 (kurkumiini) - NATURAL POLAND - RAAKA-AINEIDEN TUKKUJAKELIJA<\/title>\n<meta name=\"description\" content=\"CurcuSol\u2122 LSMe on kehittynyt tuote, jossa k\u00e4ytet\u00e4\u00e4n BioSNEDS\u2122-teknologiaa, joka lis\u00e4\u00e4 merkitt\u00e4v\u00e4sti kurkumiinin biologista hy\u00f6tyosuutta.\" \/>\n<meta name=\"robots\" content=\"index, follow, max-snippet:-1, max-image-preview:large, max-video-preview:-1\" \/>\n<link rel=\"canonical\" href=\"https:\/\/naturalpoland.com\/fi\/tuotteet\/laaketeollisuuden-tuotteet\/ravintolisien-ainesosat\/curcusol-lsme-kurkumiini\/\" \/>\n<meta property=\"og:locale\" content=\"fi_FI\" \/>\n<meta property=\"og:type\" content=\"article\" \/>\n<meta property=\"og:title\" content=\"CurcuSol\u2122 (kurkumiini) - NATURAL POLAND - RAAKA-AINEIDEN TUKKUJAKELIJA\" \/>\n<meta property=\"og:description\" content=\"CurcuSol\u2122 LSMe on kehittynyt tuote, jossa k\u00e4ytet\u00e4\u00e4n BioSNEDS\u2122-teknologiaa, joka lis\u00e4\u00e4 merkitt\u00e4v\u00e4sti kurkumiinin biologista hy\u00f6tyosuutta.\" \/>\n<meta property=\"og:url\" content=\"https:\/\/naturalpoland.com\/fi\/tuotteet\/laaketeollisuuden-tuotteet\/ravintolisien-ainesosat\/curcusol-lsme-kurkumiini\/\" \/>\n<meta property=\"og:site_name\" content=\"NATURAL POLAND - RAAKA-AINEIDEN TUKKUJAKELIJA\" \/>\n<meta property=\"article:publisher\" content=\"https:\/\/www.facebook.com\/naturalpoland.b2b\" \/>\n<meta property=\"og:image\" content=\"https:\/\/naturalpoland.com\/wp-content\/uploads\/kurkumina.webp\" \/>\n\t<meta property=\"og:image:width\" content=\"614\" \/>\n\t<meta property=\"og:image:height\" content=\"614\" \/>\n\t<meta property=\"og:image:type\" content=\"image\/webp\" \/>\n<script type=\"application\/ld+json\" class=\"yoast-schema-graph\">{\"@context\":\"https:\\\/\\\/schema.org\",\"@graph\":[{\"@type\":\"WebPage\",\"@id\":\"https:\\\/\\\/naturalpoland.com\\\/fi\\\/tuotteet\\\/laaketeollisuuden-tuotteet\\\/ravintolisien-ainesosat\\\/curcusol-lsme-kurkumiini\\\/\",\"url\":\"https:\\\/\\\/naturalpoland.com\\\/fi\\\/tuotteet\\\/laaketeollisuuden-tuotteet\\\/ravintolisien-ainesosat\\\/curcusol-lsme-kurkumiini\\\/\",\"name\":\"CurcuSol\u2122 (kurkumiini) - NATURAL POLAND - RAAKA-AINEIDEN TUKKUJAKELIJA\",\"isPartOf\":{\"@id\":\"https:\\\/\\\/naturalpoland.com\\\/fi\\\/#website\"},\"primaryImageOfPage\":{\"@id\":\"https:\\\/\\\/naturalpoland.com\\\/fi\\\/tuotteet\\\/laaketeollisuuden-tuotteet\\\/ravintolisien-ainesosat\\\/curcusol-lsme-kurkumiini\\\/#primaryimage\"},\"image\":{\"@id\":\"https:\\\/\\\/naturalpoland.com\\\/fi\\\/tuotteet\\\/laaketeollisuuden-tuotteet\\\/ravintolisien-ainesosat\\\/curcusol-lsme-kurkumiini\\\/#primaryimage\"},\"thumbnailUrl\":\"https:\\\/\\\/naturalpoland.com\\\/wp-content\\\/uploads\\\/kurkumina.webp\",\"datePublished\":\"2024-07-17T10:31:47+00:00\",\"description\":\"CurcuSol\u2122 LSMe on kehittynyt tuote, jossa k\u00e4ytet\u00e4\u00e4n BioSNEDS\u2122-teknologiaa, joka lis\u00e4\u00e4 merkitt\u00e4v\u00e4sti kurkumiinin biologista hy\u00f6tyosuutta.\",\"breadcrumb\":{\"@id\":\"https:\\\/\\\/naturalpoland.com\\\/fi\\\/tuotteet\\\/laaketeollisuuden-tuotteet\\\/ravintolisien-ainesosat\\\/curcusol-lsme-kurkumiini\\\/#breadcrumb\"},\"inLanguage\":\"fi\",\"potentialAction\":[{\"@type\":\"ReadAction\",\"target\":[\"https:\\\/\\\/naturalpoland.com\\\/fi\\\/tuotteet\\\/laaketeollisuuden-tuotteet\\\/ravintolisien-ainesosat\\\/curcusol-lsme-kurkumiini\\\/\"]}]},{\"@type\":\"ImageObject\",\"inLanguage\":\"fi\",\"@id\":\"https:\\\/\\\/naturalpoland.com\\\/fi\\\/tuotteet\\\/laaketeollisuuden-tuotteet\\\/ravintolisien-ainesosat\\\/curcusol-lsme-kurkumiini\\\/#primaryimage\",\"url\":\"https:\\\/\\\/naturalpoland.com\\\/wp-content\\\/uploads\\\/kurkumina.webp\",\"contentUrl\":\"https:\\\/\\\/naturalpoland.com\\\/wp-content\\\/uploads\\\/kurkumina.webp\",\"width\":614,\"height\":614,\"caption\":\"kurkumina\"},{\"@type\":\"BreadcrumbList\",\"@id\":\"https:\\\/\\\/naturalpoland.com\\\/fi\\\/tuotteet\\\/laaketeollisuuden-tuotteet\\\/ravintolisien-ainesosat\\\/curcusol-lsme-kurkumiini\\\/#breadcrumb\",\"itemListElement\":[{\"@type\":\"ListItem\",\"position\":1,\"name\":\"Etusivu\",\"item\":\"https:\\\/\\\/naturalpoland.com\\\/fi\\\/\"},{\"@type\":\"ListItem\",\"position\":2,\"name\":\"Tuotteet\",\"item\":\"https:\\\/\\\/naturalpoland.com\\\/fi\\\/tuotteet\\\/\"},{\"@type\":\"ListItem\",\"position\":3,\"name\":\"CurcuSol\u2122 (kurkumiini)\"}]},{\"@type\":\"WebSite\",\"@id\":\"https:\\\/\\\/naturalpoland.com\\\/fi\\\/#website\",\"url\":\"https:\\\/\\\/naturalpoland.com\\\/fi\\\/\",\"name\":\"NATURAL POLAND - RAAKA-AINEIDEN TUKKUJAKELIJA\",\"description\":\"Surowce dla przemys\u0142u spo\u017cywczego, kosmetycznego i farmaceutycznego\",\"publisher\":{\"@id\":\"https:\\\/\\\/naturalpoland.com\\\/fi\\\/#organization\"},\"potentialAction\":[{\"@type\":\"SearchAction\",\"target\":{\"@type\":\"EntryPoint\",\"urlTemplate\":\"https:\\\/\\\/naturalpoland.com\\\/fi\\\/?s={search_term_string}\"},\"query-input\":{\"@type\":\"PropertyValueSpecification\",\"valueRequired\":true,\"valueName\":\"search_term_string\"}}],\"inLanguage\":\"fi\"},{\"@type\":\"Organization\",\"@id\":\"https:\\\/\\\/naturalpoland.com\\\/fi\\\/#organization\",\"name\":\"Natural Poland\",\"url\":\"https:\\\/\\\/naturalpoland.com\\\/fi\\\/\",\"logo\":{\"@type\":\"ImageObject\",\"inLanguage\":\"fi\",\"@id\":\"https:\\\/\\\/naturalpoland.com\\\/fi\\\/#\\\/schema\\\/logo\\\/image\\\/\",\"url\":\"https:\\\/\\\/naturalpoland.com\\\/wp-content\\\/uploads\\\/2021\\\/05\\\/natural-poland-icon.png\",\"contentUrl\":\"https:\\\/\\\/naturalpoland.com\\\/wp-content\\\/uploads\\\/2021\\\/05\\\/natural-poland-icon.png\",\"width\":512,\"height\":512,\"caption\":\"Natural Poland\"},\"image\":{\"@id\":\"https:\\\/\\\/naturalpoland.com\\\/fi\\\/#\\\/schema\\\/logo\\\/image\\\/\"},\"sameAs\":[\"https:\\\/\\\/www.facebook.com\\\/naturalpoland.b2b\",\"https:\\\/\\\/pl.linkedin.com\\\/company\\\/natural-poland\",\"https:\\\/\\\/www.youtube.com\\\/channel\\\/UCgeGGkvOMahZo-xu_MSEWxg\"]}]}<\/script>\n<!-- \/ Yoast SEO plugin. -->","yoast_head_json":{"title":"CurcuSol\u2122 (kurkumiini) - NATURAL POLAND - RAAKA-AINEIDEN TUKKUJAKELIJA","description":"CurcuSol\u2122 LSMe on kehittynyt tuote, jossa k\u00e4ytet\u00e4\u00e4n BioSNEDS\u2122-teknologiaa, joka lis\u00e4\u00e4 merkitt\u00e4v\u00e4sti kurkumiinin biologista hy\u00f6tyosuutta.","robots":{"index":"index","follow":"follow","max-snippet":"max-snippet:-1","max-image-preview":"max-image-preview:large","max-video-preview":"max-video-preview:-1"},"canonical":"https:\/\/naturalpoland.com\/fi\/tuotteet\/laaketeollisuuden-tuotteet\/ravintolisien-ainesosat\/curcusol-lsme-kurkumiini\/","og_locale":"fi_FI","og_type":"article","og_title":"CurcuSol\u2122 (kurkumiini) - NATURAL POLAND - RAAKA-AINEIDEN TUKKUJAKELIJA","og_description":"CurcuSol\u2122 LSMe on kehittynyt tuote, jossa k\u00e4ytet\u00e4\u00e4n BioSNEDS\u2122-teknologiaa, joka lis\u00e4\u00e4 merkitt\u00e4v\u00e4sti kurkumiinin biologista hy\u00f6tyosuutta.","og_url":"https:\/\/naturalpoland.com\/fi\/tuotteet\/laaketeollisuuden-tuotteet\/ravintolisien-ainesosat\/curcusol-lsme-kurkumiini\/","og_site_name":"NATURAL POLAND - RAAKA-AINEIDEN TUKKUJAKELIJA","article_publisher":"https:\/\/www.facebook.com\/naturalpoland.b2b","og_image":[{"width":614,"height":614,"url":"https:\/\/naturalpoland.com\/wp-content\/uploads\/kurkumina.webp","type":"image\/webp"}],"schema":{"@context":"https:\/\/schema.org","@graph":[{"@type":"WebPage","@id":"https:\/\/naturalpoland.com\/fi\/tuotteet\/laaketeollisuuden-tuotteet\/ravintolisien-ainesosat\/curcusol-lsme-kurkumiini\/","url":"https:\/\/naturalpoland.com\/fi\/tuotteet\/laaketeollisuuden-tuotteet\/ravintolisien-ainesosat\/curcusol-lsme-kurkumiini\/","name":"CurcuSol\u2122 (kurkumiini) - NATURAL POLAND - RAAKA-AINEIDEN TUKKUJAKELIJA","isPartOf":{"@id":"https:\/\/naturalpoland.com\/fi\/#website"},"primaryImageOfPage":{"@id":"https:\/\/naturalpoland.com\/fi\/tuotteet\/laaketeollisuuden-tuotteet\/ravintolisien-ainesosat\/curcusol-lsme-kurkumiini\/#primaryimage"},"image":{"@id":"https:\/\/naturalpoland.com\/fi\/tuotteet\/laaketeollisuuden-tuotteet\/ravintolisien-ainesosat\/curcusol-lsme-kurkumiini\/#primaryimage"},"thumbnailUrl":"https:\/\/naturalpoland.com\/wp-content\/uploads\/kurkumina.webp","datePublished":"2024-07-17T10:31:47+00:00","description":"CurcuSol\u2122 LSMe on kehittynyt tuote, jossa k\u00e4ytet\u00e4\u00e4n BioSNEDS\u2122-teknologiaa, joka lis\u00e4\u00e4 merkitt\u00e4v\u00e4sti kurkumiinin biologista hy\u00f6tyosuutta.","breadcrumb":{"@id":"https:\/\/naturalpoland.com\/fi\/tuotteet\/laaketeollisuuden-tuotteet\/ravintolisien-ainesosat\/curcusol-lsme-kurkumiini\/#breadcrumb"},"inLanguage":"fi","potentialAction":[{"@type":"ReadAction","target":["https:\/\/naturalpoland.com\/fi\/tuotteet\/laaketeollisuuden-tuotteet\/ravintolisien-ainesosat\/curcusol-lsme-kurkumiini\/"]}]},{"@type":"ImageObject","inLanguage":"fi","@id":"https:\/\/naturalpoland.com\/fi\/tuotteet\/laaketeollisuuden-tuotteet\/ravintolisien-ainesosat\/curcusol-lsme-kurkumiini\/#primaryimage","url":"https:\/\/naturalpoland.com\/wp-content\/uploads\/kurkumina.webp","contentUrl":"https:\/\/naturalpoland.com\/wp-content\/uploads\/kurkumina.webp","width":614,"height":614,"caption":"kurkumina"},{"@type":"BreadcrumbList","@id":"https:\/\/naturalpoland.com\/fi\/tuotteet\/laaketeollisuuden-tuotteet\/ravintolisien-ainesosat\/curcusol-lsme-kurkumiini\/#breadcrumb","itemListElement":[{"@type":"ListItem","position":1,"name":"Etusivu","item":"https:\/\/naturalpoland.com\/fi\/"},{"@type":"ListItem","position":2,"name":"Tuotteet","item":"https:\/\/naturalpoland.com\/fi\/tuotteet\/"},{"@type":"ListItem","position":3,"name":"CurcuSol\u2122 (kurkumiini)"}]},{"@type":"WebSite","@id":"https:\/\/naturalpoland.com\/fi\/#website","url":"https:\/\/naturalpoland.com\/fi\/","name":"NATURAL POLAND - RAAKA-AINEIDEN TUKKUJAKELIJA","description":"Surowce dla przemys\u0142u spo\u017cywczego, kosmetycznego i farmaceutycznego","publisher":{"@id":"https:\/\/naturalpoland.com\/fi\/#organization"},"potentialAction":[{"@type":"SearchAction","target":{"@type":"EntryPoint","urlTemplate":"https:\/\/naturalpoland.com\/fi\/?s={search_term_string}"},"query-input":{"@type":"PropertyValueSpecification","valueRequired":true,"valueName":"search_term_string"}}],"inLanguage":"fi"},{"@type":"Organization","@id":"https:\/\/naturalpoland.com\/fi\/#organization","name":"Natural Poland","url":"https:\/\/naturalpoland.com\/fi\/","logo":{"@type":"ImageObject","inLanguage":"fi","@id":"https:\/\/naturalpoland.com\/fi\/#\/schema\/logo\/image\/","url":"https:\/\/naturalpoland.com\/wp-content\/uploads\/2021\/05\/natural-poland-icon.png","contentUrl":"https:\/\/naturalpoland.com\/wp-content\/uploads\/2021\/05\/natural-poland-icon.png","width":512,"height":512,"caption":"Natural Poland"},"image":{"@id":"https:\/\/naturalpoland.com\/fi\/#\/schema\/logo\/image\/"},"sameAs":["https:\/\/www.facebook.com\/naturalpoland.b2b","https:\/\/pl.linkedin.com\/company\/natural-poland","https:\/\/www.youtube.com\/channel\/UCgeGGkvOMahZo-xu_MSEWxg"]}]}},"_links":{"self":[{"href":"https:\/\/naturalpoland.com\/fi\/wp-json\/wp\/v2\/product\/33935","targetHints":{"allow":["GET"]}}],"collection":[{"href":"https:\/\/naturalpoland.com\/fi\/wp-json\/wp\/v2\/product"}],"about":[{"href":"https:\/\/naturalpoland.com\/fi\/wp-json\/wp\/v2\/types\/product"}],"wp:featuredmedia":[{"embeddable":true,"href":"https:\/\/naturalpoland.com\/fi\/wp-json\/wp\/v2\/media\/33175"}],"wp:attachment":[{"href":"https:\/\/naturalpoland.com\/fi\/wp-json\/wp\/v2\/media?parent=33935"}],"wp:term":[{"taxonomy":"product_brand","embeddable":true,"href":"https:\/\/naturalpoland.com\/fi\/wp-json\/wp\/v2\/product_brand?post=33935"},{"taxonomy":"product_cat","embeddable":true,"href":"https:\/\/naturalpoland.com\/fi\/wp-json\/wp\/v2\/product_cat?post=33935"},{"taxonomy":"product_tag","embeddable":true,"href":"https:\/\/naturalpoland.com\/fi\/wp-json\/wp\/v2\/product_tag?post=33935"}],"curies":[{"name":"wp","href":"https:\/\/api.w.org\/{rel}","templated":true}]}}