{"id":34144,"date":"2024-07-23T14:09:05","date_gmt":"2024-07-24T08:45:36","guid":{"rendered":"https:\/\/naturalpoland.com\/produkty\/Ei-luokiteltu\/sitruunahappo-onehydraatti\/"},"modified":"2024-07-24T10:45:36","modified_gmt":"2024-07-24T08:45:36","slug":"sitruunahappo-onehydraatti","status":"publish","type":"product","link":"https:\/\/naturalpoland.com\/fi\/tuotteet\/elintarviketeollisuuden-tuotteet\/raaka-aineet-tuotantoon\/sitruunahappo-onehydraatti\/","title":{"rendered":"Sitruunahappomonohydraatti"},"content":{"rendered":"<p>Sitruunahappomonohydraatti on valkoinen kiteinen jauhe, jolla on ominainen hapan maku ja joka liukenee veteen ja alkoholiin.<br \/>\nTuote tunnetaan happamoittavista, s\u00e4il\u00f6nt\u00e4- ja stabilointiominaisuuksistaan.   <\/p>\n<h2>Hakemus<\/h2>\n<p><strong>Elintarviketeollisuudessa<\/strong> sitruunahappoa k\u00e4ytet\u00e4\u00e4n yleisesti happamuudens\u00e4\u00e4t\u00f6aineena juomissa, hedelm\u00e4valmisteissa, makeisissa, s\u00e4ilykkeiss\u00e4 ja muissa elintarvikkeissa.<br \/>\nSe toimii my\u00f6s luonnollisena s\u00e4il\u00f6nt\u00e4aineena, joka pident\u00e4\u00e4 elintarvikkeiden s\u00e4ilyvyytt\u00e4 alentamalla pH:ta ja est\u00e4m\u00e4ll\u00e4 mikro-organismien kasvua. <strong>Farmasian alalla<\/strong> sitruunahappoa k\u00e4ytet\u00e4\u00e4n puskurina ja stabilointiaineena erilaisissa l\u00e4\u00e4kevalmisteissa, kuten tableteissa, siirapeissa ja injektionesteiss\u00e4.<br \/>\nSen kelaatio-ominaisuuksia k\u00e4ytet\u00e4\u00e4n my\u00f6s raskasmetallien sitomiseen ja elimist\u00f6n puhdistamiseen. <strong>Kosmetiikassa<\/strong> sitruunahappoa arvostetaan sen kuorivien ja pH:ta s\u00e4\u00e4televien ominaisuuksien vuoksi.<br \/>\nSe on ainesosana monissa ihonhoitotuotteissa, kuten voiteissa, kuorinnoissa, kasvovoiteissa ja shampoissa.<br \/>\nSe auttaa kirkastamaan ihoa, poistamaan kuollutta ihoa ja parantamaan ihon rakennetta.<br \/>\nSitruunahappoa k\u00e4ytet\u00e4\u00e4n my\u00f6s<strong> pesu- ja puhdistusaineissa<\/strong> kelaatinmuodostajana, joka auttaa poistamaan kalkkisaostumia ja parantamaan puhdistustehoa.<br \/>\nSit\u00e4 k\u00e4ytet\u00e4\u00e4n teollisissa prosesseissa <strong>pH:n vakauttamiseen ja s\u00e4\u00e4telemiseen<\/strong> sek\u00e4 <strong>biopolttoaineiden tuotannossa<\/strong>.        &nbsp;<\/p>\n","protected":false},"excerpt":{"rendered":"<p><em>Sitruunahappomonohydraatti E330<\/em> on orgaaninen kemiallinen yhdiste, jolla on monenlaisia k\u00e4ytt\u00f6kohteita elintarvike-, l\u00e4\u00e4ke- ja kosmetiikkateollisuudessa sek\u00e4 erilaisissa teollisissa prosesseissa.<\/p>\n","protected":false},"featured_media":34036,"template":"","meta":[],"product_brand":[],"product_cat":[544,547],"product_tag":[],"class_list":{"0":"post-34144","1":"product","2":"type-product","3":"status-publish","4":"has-post-thumbnail","6":"product_cat-kosmetiikan-raaka-aineet","7":"product_cat-raaka-aineet-tuotantoon","8":"pa_grupa-substancji-sailontaaineet","10":"first","11":"instock","12":"shipping-taxable","13":"product-type-simple"},"yoast_head":"<!-- This site is optimized with the Yoast SEO plugin v27.4 - https:\/\/yoast.com\/product\/yoast-seo-wordpress\/ -->\n<title>Sitruunahappomonohydraatti - NATURAL POLAND - RAAKA-AINEIDEN TUKKUJAKELIJA<\/title>\n<meta name=\"description\" content=\"Sitruunahappomonohydraatti on monipuolinen ja t\u00e4rke\u00e4 ainesosa monilla teollisuudenaloilla sen happamoittavien, s\u00e4il\u00f6nt\u00e4- ja stabilointiominaisuuksien ansiosta.\" \/>\n<meta name=\"robots\" content=\"index, follow, max-snippet:-1, max-image-preview:large, max-video-preview:-1\" \/>\n<link rel=\"canonical\" href=\"https:\/\/naturalpoland.com\/fi\/tuotteet\/elintarviketeollisuuden-tuotteet\/raaka-aineet-tuotantoon\/sitruunahappo-onehydraatti\/\" \/>\n<meta property=\"og:locale\" content=\"fi_FI\" \/>\n<meta property=\"og:type\" content=\"article\" \/>\n<meta property=\"og:title\" content=\"Sitruunahappomonohydraatti - NATURAL POLAND - RAAKA-AINEIDEN TUKKUJAKELIJA\" \/>\n<meta property=\"og:description\" content=\"Sitruunahappomonohydraatti on monipuolinen ja t\u00e4rke\u00e4 ainesosa monilla teollisuudenaloilla sen happamoittavien, s\u00e4il\u00f6nt\u00e4- ja stabilointiominaisuuksien ansiosta.\" \/>\n<meta property=\"og:url\" content=\"https:\/\/naturalpoland.com\/fi\/tuotteet\/elintarviketeollisuuden-tuotteet\/raaka-aineet-tuotantoon\/sitruunahappo-onehydraatti\/\" \/>\n<meta property=\"og:site_name\" content=\"NATURAL POLAND - RAAKA-AINEIDEN TUKKUJAKELIJA\" \/>\n<meta property=\"article:publisher\" content=\"https:\/\/www.facebook.com\/naturalpoland.b2b\" \/>\n<meta property=\"og:image\" content=\"https:\/\/naturalpoland.com\/wp-content\/uploads\/kwas-cytrynowy.webp\" \/>\n\t<meta property=\"og:image:width\" content=\"615\" \/>\n\t<meta property=\"og:image:height\" content=\"615\" \/>\n\t<meta property=\"og:image:type\" content=\"image\/webp\" \/>\n<script type=\"application\/ld+json\" class=\"yoast-schema-graph\">{\"@context\":\"https:\\\/\\\/schema.org\",\"@graph\":[{\"@type\":\"WebPage\",\"@id\":\"https:\\\/\\\/naturalpoland.com\\\/fi\\\/tuotteet\\\/elintarviketeollisuuden-tuotteet\\\/raaka-aineet-tuotantoon\\\/sitruunahappo-onehydraatti\\\/\",\"url\":\"https:\\\/\\\/naturalpoland.com\\\/fi\\\/tuotteet\\\/elintarviketeollisuuden-tuotteet\\\/raaka-aineet-tuotantoon\\\/sitruunahappo-onehydraatti\\\/\",\"name\":\"Sitruunahappomonohydraatti - NATURAL POLAND - RAAKA-AINEIDEN TUKKUJAKELIJA\",\"isPartOf\":{\"@id\":\"https:\\\/\\\/naturalpoland.com\\\/fi\\\/#website\"},\"primaryImageOfPage\":{\"@id\":\"https:\\\/\\\/naturalpoland.com\\\/fi\\\/tuotteet\\\/elintarviketeollisuuden-tuotteet\\\/raaka-aineet-tuotantoon\\\/sitruunahappo-onehydraatti\\\/#primaryimage\"},\"image\":{\"@id\":\"https:\\\/\\\/naturalpoland.com\\\/fi\\\/tuotteet\\\/elintarviketeollisuuden-tuotteet\\\/raaka-aineet-tuotantoon\\\/sitruunahappo-onehydraatti\\\/#primaryimage\"},\"thumbnailUrl\":\"https:\\\/\\\/naturalpoland.com\\\/wp-content\\\/uploads\\\/kwas-cytrynowy.webp\",\"datePublished\":\"2024-07-24T08:45:36+00:00\",\"description\":\"Sitruunahappomonohydraatti on monipuolinen ja t\u00e4rke\u00e4 ainesosa monilla teollisuudenaloilla sen happamoittavien, s\u00e4il\u00f6nt\u00e4- ja stabilointiominaisuuksien ansiosta.\",\"breadcrumb\":{\"@id\":\"https:\\\/\\\/naturalpoland.com\\\/fi\\\/tuotteet\\\/elintarviketeollisuuden-tuotteet\\\/raaka-aineet-tuotantoon\\\/sitruunahappo-onehydraatti\\\/#breadcrumb\"},\"inLanguage\":\"fi\",\"potentialAction\":[{\"@type\":\"ReadAction\",\"target\":[\"https:\\\/\\\/naturalpoland.com\\\/fi\\\/tuotteet\\\/elintarviketeollisuuden-tuotteet\\\/raaka-aineet-tuotantoon\\\/sitruunahappo-onehydraatti\\\/\"]}]},{\"@type\":\"ImageObject\",\"inLanguage\":\"fi\",\"@id\":\"https:\\\/\\\/naturalpoland.com\\\/fi\\\/tuotteet\\\/elintarviketeollisuuden-tuotteet\\\/raaka-aineet-tuotantoon\\\/sitruunahappo-onehydraatti\\\/#primaryimage\",\"url\":\"https:\\\/\\\/naturalpoland.com\\\/wp-content\\\/uploads\\\/kwas-cytrynowy.webp\",\"contentUrl\":\"https:\\\/\\\/naturalpoland.com\\\/wp-content\\\/uploads\\\/kwas-cytrynowy.webp\",\"width\":615,\"height\":615,\"caption\":\"kwas cytrynowy\"},{\"@type\":\"BreadcrumbList\",\"@id\":\"https:\\\/\\\/naturalpoland.com\\\/fi\\\/tuotteet\\\/elintarviketeollisuuden-tuotteet\\\/raaka-aineet-tuotantoon\\\/sitruunahappo-onehydraatti\\\/#breadcrumb\",\"itemListElement\":[{\"@type\":\"ListItem\",\"position\":1,\"name\":\"Etusivu\",\"item\":\"https:\\\/\\\/naturalpoland.com\\\/fi\\\/\"},{\"@type\":\"ListItem\",\"position\":2,\"name\":\"Tuotteet\",\"item\":\"https:\\\/\\\/naturalpoland.com\\\/fi\\\/tuotteet\\\/\"},{\"@type\":\"ListItem\",\"position\":3,\"name\":\"Sitruunahappomonohydraatti\"}]},{\"@type\":\"WebSite\",\"@id\":\"https:\\\/\\\/naturalpoland.com\\\/fi\\\/#website\",\"url\":\"https:\\\/\\\/naturalpoland.com\\\/fi\\\/\",\"name\":\"NATURAL POLAND - RAAKA-AINEIDEN TUKKUJAKELIJA\",\"description\":\"Surowce dla przemys\u0142u spo\u017cywczego, kosmetycznego i farmaceutycznego\",\"publisher\":{\"@id\":\"https:\\\/\\\/naturalpoland.com\\\/fi\\\/#organization\"},\"potentialAction\":[{\"@type\":\"SearchAction\",\"target\":{\"@type\":\"EntryPoint\",\"urlTemplate\":\"https:\\\/\\\/naturalpoland.com\\\/fi\\\/?s={search_term_string}\"},\"query-input\":{\"@type\":\"PropertyValueSpecification\",\"valueRequired\":true,\"valueName\":\"search_term_string\"}}],\"inLanguage\":\"fi\"},{\"@type\":\"Organization\",\"@id\":\"https:\\\/\\\/naturalpoland.com\\\/fi\\\/#organization\",\"name\":\"Natural Poland\",\"url\":\"https:\\\/\\\/naturalpoland.com\\\/fi\\\/\",\"logo\":{\"@type\":\"ImageObject\",\"inLanguage\":\"fi\",\"@id\":\"https:\\\/\\\/naturalpoland.com\\\/fi\\\/#\\\/schema\\\/logo\\\/image\\\/\",\"url\":\"https:\\\/\\\/naturalpoland.com\\\/wp-content\\\/uploads\\\/2021\\\/05\\\/natural-poland-icon.png\",\"contentUrl\":\"https:\\\/\\\/naturalpoland.com\\\/wp-content\\\/uploads\\\/2021\\\/05\\\/natural-poland-icon.png\",\"width\":512,\"height\":512,\"caption\":\"Natural Poland\"},\"image\":{\"@id\":\"https:\\\/\\\/naturalpoland.com\\\/fi\\\/#\\\/schema\\\/logo\\\/image\\\/\"},\"sameAs\":[\"https:\\\/\\\/www.facebook.com\\\/naturalpoland.b2b\",\"https:\\\/\\\/pl.linkedin.com\\\/company\\\/natural-poland\",\"https:\\\/\\\/www.youtube.com\\\/channel\\\/UCgeGGkvOMahZo-xu_MSEWxg\"]}]}<\/script>\n<!-- \/ Yoast SEO plugin. -->","yoast_head_json":{"title":"Sitruunahappomonohydraatti - NATURAL POLAND - RAAKA-AINEIDEN TUKKUJAKELIJA","description":"Sitruunahappomonohydraatti on monipuolinen ja t\u00e4rke\u00e4 ainesosa monilla teollisuudenaloilla sen happamoittavien, s\u00e4il\u00f6nt\u00e4- ja stabilointiominaisuuksien ansiosta.","robots":{"index":"index","follow":"follow","max-snippet":"max-snippet:-1","max-image-preview":"max-image-preview:large","max-video-preview":"max-video-preview:-1"},"canonical":"https:\/\/naturalpoland.com\/fi\/tuotteet\/elintarviketeollisuuden-tuotteet\/raaka-aineet-tuotantoon\/sitruunahappo-onehydraatti\/","og_locale":"fi_FI","og_type":"article","og_title":"Sitruunahappomonohydraatti - NATURAL POLAND - RAAKA-AINEIDEN TUKKUJAKELIJA","og_description":"Sitruunahappomonohydraatti on monipuolinen ja t\u00e4rke\u00e4 ainesosa monilla teollisuudenaloilla sen happamoittavien, s\u00e4il\u00f6nt\u00e4- ja stabilointiominaisuuksien ansiosta.","og_url":"https:\/\/naturalpoland.com\/fi\/tuotteet\/elintarviketeollisuuden-tuotteet\/raaka-aineet-tuotantoon\/sitruunahappo-onehydraatti\/","og_site_name":"NATURAL POLAND - RAAKA-AINEIDEN TUKKUJAKELIJA","article_publisher":"https:\/\/www.facebook.com\/naturalpoland.b2b","og_image":[{"width":615,"height":615,"url":"https:\/\/naturalpoland.com\/wp-content\/uploads\/kwas-cytrynowy.webp","type":"image\/webp"}],"schema":{"@context":"https:\/\/schema.org","@graph":[{"@type":"WebPage","@id":"https:\/\/naturalpoland.com\/fi\/tuotteet\/elintarviketeollisuuden-tuotteet\/raaka-aineet-tuotantoon\/sitruunahappo-onehydraatti\/","url":"https:\/\/naturalpoland.com\/fi\/tuotteet\/elintarviketeollisuuden-tuotteet\/raaka-aineet-tuotantoon\/sitruunahappo-onehydraatti\/","name":"Sitruunahappomonohydraatti - NATURAL POLAND - RAAKA-AINEIDEN TUKKUJAKELIJA","isPartOf":{"@id":"https:\/\/naturalpoland.com\/fi\/#website"},"primaryImageOfPage":{"@id":"https:\/\/naturalpoland.com\/fi\/tuotteet\/elintarviketeollisuuden-tuotteet\/raaka-aineet-tuotantoon\/sitruunahappo-onehydraatti\/#primaryimage"},"image":{"@id":"https:\/\/naturalpoland.com\/fi\/tuotteet\/elintarviketeollisuuden-tuotteet\/raaka-aineet-tuotantoon\/sitruunahappo-onehydraatti\/#primaryimage"},"thumbnailUrl":"https:\/\/naturalpoland.com\/wp-content\/uploads\/kwas-cytrynowy.webp","datePublished":"2024-07-24T08:45:36+00:00","description":"Sitruunahappomonohydraatti on monipuolinen ja t\u00e4rke\u00e4 ainesosa monilla teollisuudenaloilla sen happamoittavien, s\u00e4il\u00f6nt\u00e4- ja stabilointiominaisuuksien ansiosta.","breadcrumb":{"@id":"https:\/\/naturalpoland.com\/fi\/tuotteet\/elintarviketeollisuuden-tuotteet\/raaka-aineet-tuotantoon\/sitruunahappo-onehydraatti\/#breadcrumb"},"inLanguage":"fi","potentialAction":[{"@type":"ReadAction","target":["https:\/\/naturalpoland.com\/fi\/tuotteet\/elintarviketeollisuuden-tuotteet\/raaka-aineet-tuotantoon\/sitruunahappo-onehydraatti\/"]}]},{"@type":"ImageObject","inLanguage":"fi","@id":"https:\/\/naturalpoland.com\/fi\/tuotteet\/elintarviketeollisuuden-tuotteet\/raaka-aineet-tuotantoon\/sitruunahappo-onehydraatti\/#primaryimage","url":"https:\/\/naturalpoland.com\/wp-content\/uploads\/kwas-cytrynowy.webp","contentUrl":"https:\/\/naturalpoland.com\/wp-content\/uploads\/kwas-cytrynowy.webp","width":615,"height":615,"caption":"kwas cytrynowy"},{"@type":"BreadcrumbList","@id":"https:\/\/naturalpoland.com\/fi\/tuotteet\/elintarviketeollisuuden-tuotteet\/raaka-aineet-tuotantoon\/sitruunahappo-onehydraatti\/#breadcrumb","itemListElement":[{"@type":"ListItem","position":1,"name":"Etusivu","item":"https:\/\/naturalpoland.com\/fi\/"},{"@type":"ListItem","position":2,"name":"Tuotteet","item":"https:\/\/naturalpoland.com\/fi\/tuotteet\/"},{"@type":"ListItem","position":3,"name":"Sitruunahappomonohydraatti"}]},{"@type":"WebSite","@id":"https:\/\/naturalpoland.com\/fi\/#website","url":"https:\/\/naturalpoland.com\/fi\/","name":"NATURAL POLAND - RAAKA-AINEIDEN TUKKUJAKELIJA","description":"Surowce dla przemys\u0142u spo\u017cywczego, kosmetycznego i farmaceutycznego","publisher":{"@id":"https:\/\/naturalpoland.com\/fi\/#organization"},"potentialAction":[{"@type":"SearchAction","target":{"@type":"EntryPoint","urlTemplate":"https:\/\/naturalpoland.com\/fi\/?s={search_term_string}"},"query-input":{"@type":"PropertyValueSpecification","valueRequired":true,"valueName":"search_term_string"}}],"inLanguage":"fi"},{"@type":"Organization","@id":"https:\/\/naturalpoland.com\/fi\/#organization","name":"Natural Poland","url":"https:\/\/naturalpoland.com\/fi\/","logo":{"@type":"ImageObject","inLanguage":"fi","@id":"https:\/\/naturalpoland.com\/fi\/#\/schema\/logo\/image\/","url":"https:\/\/naturalpoland.com\/wp-content\/uploads\/2021\/05\/natural-poland-icon.png","contentUrl":"https:\/\/naturalpoland.com\/wp-content\/uploads\/2021\/05\/natural-poland-icon.png","width":512,"height":512,"caption":"Natural Poland"},"image":{"@id":"https:\/\/naturalpoland.com\/fi\/#\/schema\/logo\/image\/"},"sameAs":["https:\/\/www.facebook.com\/naturalpoland.b2b","https:\/\/pl.linkedin.com\/company\/natural-poland","https:\/\/www.youtube.com\/channel\/UCgeGGkvOMahZo-xu_MSEWxg"]}]}},"_links":{"self":[{"href":"https:\/\/naturalpoland.com\/fi\/wp-json\/wp\/v2\/product\/34144","targetHints":{"allow":["GET"]}}],"collection":[{"href":"https:\/\/naturalpoland.com\/fi\/wp-json\/wp\/v2\/product"}],"about":[{"href":"https:\/\/naturalpoland.com\/fi\/wp-json\/wp\/v2\/types\/product"}],"wp:featuredmedia":[{"embeddable":true,"href":"https:\/\/naturalpoland.com\/fi\/wp-json\/wp\/v2\/media\/34036"}],"wp:attachment":[{"href":"https:\/\/naturalpoland.com\/fi\/wp-json\/wp\/v2\/media?parent=34144"}],"wp:term":[{"taxonomy":"product_brand","embeddable":true,"href":"https:\/\/naturalpoland.com\/fi\/wp-json\/wp\/v2\/product_brand?post=34144"},{"taxonomy":"product_cat","embeddable":true,"href":"https:\/\/naturalpoland.com\/fi\/wp-json\/wp\/v2\/product_cat?post=34144"},{"taxonomy":"product_tag","embeddable":true,"href":"https:\/\/naturalpoland.com\/fi\/wp-json\/wp\/v2\/product_tag?post=34144"}],"curies":[{"name":"wp","href":"https:\/\/api.w.org\/{rel}","templated":true}]}}