{"id":34979,"date":"2024-08-30T11:17:37","date_gmt":"2024-08-30T10:01:52","guid":{"rendered":"https:\/\/naturalpoland.com\/produkty\/Ei-luokiteltu\/ribosidi-nikotiiniamidi-hydrokloridi-nr\/"},"modified":"2024-08-30T12:01:52","modified_gmt":"2024-08-30T10:01:52","slug":"ribosidi-nikotiiniamidi-hydrokloridi-nr","status":"publish","type":"product","link":"https:\/\/naturalpoland.com\/fi\/tuotteet\/laaketeollisuuden-tuotteet\/ravintolisien-ainesosat\/ribosidi-nikotiiniamidi-hydrokloridi-nr\/","title":{"rendered":"Nikotiiniamidi-ribosidihydrokloridi (NR)"},"content":{"rendered":"<h2>NR:n ominaisuudet<\/h2>\n<p>  Nikotiiniamidi-ribosidihydrokloridi auttaa lis\u00e4\u00e4m\u00e4\u00e4n NAD+-tasoja soluissa.<br \/>\nNAD+ on keskeinen koentsyymi aineenvaihduntaprosesseissa, joka vastaa energiantuotannosta, DNA:n korjaamisesta, unen ja valveen syklin s\u00e4\u00e4telyst\u00e4 ja hermoston terveydest\u00e4.<br \/>\nT\u00e4m\u00e4n vuoksi NR:\u00e4\u00e4 arvostetaan erityisesti sen ik\u00e4\u00e4ntymist\u00e4 ehk\u00e4isevien ominaisuuksien vuoksi, sill\u00e4 se tukee solujen uudistumista ja parantaa mitokondrioiden toimintaa.<br \/>\nLis\u00e4ksi tutkimukset osoittavat, ett\u00e4 NR-lis\u00e4 voi tukea syd\u00e4men terveytt\u00e4, immuunij\u00e4rjestelm\u00e4\u00e4 ja parantaa elimist\u00f6n yleist\u00e4 elinvoimaisuutta.     <\/p>\n<h2>Hakemus NR<\/h2>\n<p>  Nikotiiniamidiribosidihydrokloridia k\u00e4ytet\u00e4\u00e4n ravintolisien ainesosana, erityisesti niiss\u00e4, jotka keskittyv\u00e4t solujen terveyden tukemiseen, energian parantamiseen sek\u00e4 syd\u00e4men ja aivojen terveyden tukemiseen.<br \/>\nJa torjumaan ik\u00e4\u00e4ntymisen vaikutuksia.<br \/>\nNR:\u00e4\u00e4 k\u00e4ytet\u00e4\u00e4n my\u00f6s anti-ageing-tuotteissa <span style=\"font-size: 14.4px;\">,<\/span> joiden tarkoituksena on <span style=\"font-size: 14.4px;\">hidastaa ik\u00e4\u00e4ntymisprosessia, parantaa ihon kimmoisuutta ja tukea solujen uudistumista.<\/span> NAD+:n esiasteena NR:\u00e4\u00e4 voidaan k\u00e4ytt\u00e4\u00e4 tuotteissa, joiden tarkoituksena on parantaa energiatasoa ja tukea fyysist\u00e4 ja henkist\u00e4 suorituskyky\u00e4.  <\/p>\n","protected":false},"excerpt":{"rendered":"<p><strong>Nikotiiniamidi-ribosidihydrokloridi (NR)<\/strong> on yksi B3-vitamiinin (niasiini) muoto.<br \/>\nSill\u00e4 on kyky lis\u00e4t\u00e4 NAD+:n (nikotiiniamidiadeniinidinukleotidin) m\u00e4\u00e4r\u00e4\u00e4 elimist\u00f6ss\u00e4, mik\u00e4 parantaa mitokondrioiden toimintaa ja lis\u00e4\u00e4 elinvoimaa. <\/p>\n","protected":false},"featured_media":34944,"template":"","meta":{"_acf_changed":false},"product_brand":[],"product_cat":[535,537],"product_tag":[],"class_list":{"0":"post-34979","1":"product","2":"type-product","3":"status-publish","4":"has-post-thumbnail","6":"product_cat-ravintolisien-ainesosat","7":"product_cat-vitamiinit","9":"first","10":"instock","11":"shipping-taxable","12":"product-type-simple"},"acf":[],"yoast_head":"<!-- This site is optimized with the Yoast SEO plugin v27.5 - https:\/\/yoast.com\/product\/yoast-seo-wordpress\/ -->\n<title>Nikotiiniamidi-ribosidihydrokloridi (NR) - NATURAL POLAND - RAAKA-AINEIDEN TUKKUJAKELIJA<\/title>\n<meta name=\"description\" content=\"Nikotiiniamidi-ribosidihydrokloridilla on kyky lis\u00e4t\u00e4 NAD+-tasoja. Se on ihanteellinen ainesosa ravintolisiss\u00e4 ja anti-aging-tuotteissa.\" \/>\n<meta name=\"robots\" content=\"index, follow, max-snippet:-1, max-image-preview:large, max-video-preview:-1\" \/>\n<link rel=\"canonical\" href=\"https:\/\/naturalpoland.com\/fi\/tuotteet\/laaketeollisuuden-tuotteet\/ravintolisien-ainesosat\/ribosidi-nikotiiniamidi-hydrokloridi-nr\/\" \/>\n<meta property=\"og:locale\" content=\"fi_FI\" \/>\n<meta property=\"og:type\" content=\"article\" \/>\n<meta property=\"og:title\" content=\"Nikotiiniamidi-ribosidihydrokloridi (NR) - NATURAL POLAND - RAAKA-AINEIDEN TUKKUJAKELIJA\" \/>\n<meta property=\"og:description\" content=\"Nikotiiniamidi-ribosidihydrokloridilla on kyky lis\u00e4t\u00e4 NAD+-tasoja. Se on ihanteellinen ainesosa ravintolisiss\u00e4 ja anti-aging-tuotteissa.\" \/>\n<meta property=\"og:url\" content=\"https:\/\/naturalpoland.com\/fi\/tuotteet\/laaketeollisuuden-tuotteet\/ravintolisien-ainesosat\/ribosidi-nikotiiniamidi-hydrokloridi-nr\/\" \/>\n<meta property=\"og:site_name\" content=\"NATURAL POLAND - RAAKA-AINEIDEN TUKKUJAKELIJA\" \/>\n<meta property=\"article:publisher\" content=\"https:\/\/www.facebook.com\/naturalpoland.b2b\" \/>\n<meta property=\"og:image\" content=\"https:\/\/naturalpoland.com\/wp-content\/uploads\/nr.webp\" \/>\n\t<meta property=\"og:image:width\" content=\"618\" \/>\n\t<meta property=\"og:image:height\" content=\"618\" \/>\n\t<meta property=\"og:image:type\" content=\"image\/webp\" \/>\n<script type=\"application\/ld+json\" class=\"yoast-schema-graph\">{\"@context\":\"https:\\\/\\\/schema.org\",\"@graph\":[{\"@type\":\"WebPage\",\"@id\":\"https:\\\/\\\/naturalpoland.com\\\/fi\\\/tuotteet\\\/laaketeollisuuden-tuotteet\\\/ravintolisien-ainesosat\\\/ribosidi-nikotiiniamidi-hydrokloridi-nr\\\/\",\"url\":\"https:\\\/\\\/naturalpoland.com\\\/fi\\\/tuotteet\\\/laaketeollisuuden-tuotteet\\\/ravintolisien-ainesosat\\\/ribosidi-nikotiiniamidi-hydrokloridi-nr\\\/\",\"name\":\"Nikotiiniamidi-ribosidihydrokloridi (NR) - NATURAL POLAND - RAAKA-AINEIDEN TUKKUJAKELIJA\",\"isPartOf\":{\"@id\":\"https:\\\/\\\/naturalpoland.com\\\/fi\\\/#website\"},\"primaryImageOfPage\":{\"@id\":\"https:\\\/\\\/naturalpoland.com\\\/fi\\\/tuotteet\\\/laaketeollisuuden-tuotteet\\\/ravintolisien-ainesosat\\\/ribosidi-nikotiiniamidi-hydrokloridi-nr\\\/#primaryimage\"},\"image\":{\"@id\":\"https:\\\/\\\/naturalpoland.com\\\/fi\\\/tuotteet\\\/laaketeollisuuden-tuotteet\\\/ravintolisien-ainesosat\\\/ribosidi-nikotiiniamidi-hydrokloridi-nr\\\/#primaryimage\"},\"thumbnailUrl\":\"https:\\\/\\\/naturalpoland.com\\\/wp-content\\\/uploads\\\/nr.webp\",\"datePublished\":\"2024-08-30T10:01:52+00:00\",\"description\":\"Nikotiiniamidi-ribosidihydrokloridilla on kyky lis\u00e4t\u00e4 NAD+-tasoja. Se on ihanteellinen ainesosa ravintolisiss\u00e4 ja anti-aging-tuotteissa.\",\"breadcrumb\":{\"@id\":\"https:\\\/\\\/naturalpoland.com\\\/fi\\\/tuotteet\\\/laaketeollisuuden-tuotteet\\\/ravintolisien-ainesosat\\\/ribosidi-nikotiiniamidi-hydrokloridi-nr\\\/#breadcrumb\"},\"inLanguage\":\"fi\",\"potentialAction\":[{\"@type\":\"ReadAction\",\"target\":[\"https:\\\/\\\/naturalpoland.com\\\/fi\\\/tuotteet\\\/laaketeollisuuden-tuotteet\\\/ravintolisien-ainesosat\\\/ribosidi-nikotiiniamidi-hydrokloridi-nr\\\/\"]}]},{\"@type\":\"ImageObject\",\"inLanguage\":\"fi\",\"@id\":\"https:\\\/\\\/naturalpoland.com\\\/fi\\\/tuotteet\\\/laaketeollisuuden-tuotteet\\\/ravintolisien-ainesosat\\\/ribosidi-nikotiiniamidi-hydrokloridi-nr\\\/#primaryimage\",\"url\":\"https:\\\/\\\/naturalpoland.com\\\/wp-content\\\/uploads\\\/nr.webp\",\"contentUrl\":\"https:\\\/\\\/naturalpoland.com\\\/wp-content\\\/uploads\\\/nr.webp\",\"width\":618,\"height\":618,\"caption\":\"chlorowodorek rybozydu nikotynamidu\"},{\"@type\":\"BreadcrumbList\",\"@id\":\"https:\\\/\\\/naturalpoland.com\\\/fi\\\/tuotteet\\\/laaketeollisuuden-tuotteet\\\/ravintolisien-ainesosat\\\/ribosidi-nikotiiniamidi-hydrokloridi-nr\\\/#breadcrumb\",\"itemListElement\":[{\"@type\":\"ListItem\",\"position\":1,\"name\":\"Etusivu\",\"item\":\"https:\\\/\\\/naturalpoland.com\\\/fi\\\/\"},{\"@type\":\"ListItem\",\"position\":2,\"name\":\"Tuotteet\",\"item\":\"https:\\\/\\\/naturalpoland.com\\\/fi\\\/tuotteet\\\/\"},{\"@type\":\"ListItem\",\"position\":3,\"name\":\"Nikotiiniamidi-ribosidihydrokloridi (NR)\"}]},{\"@type\":\"WebSite\",\"@id\":\"https:\\\/\\\/naturalpoland.com\\\/fi\\\/#website\",\"url\":\"https:\\\/\\\/naturalpoland.com\\\/fi\\\/\",\"name\":\"NATURAL POLAND - RAAKA-AINEIDEN TUKKUJAKELIJA\",\"description\":\"Surowce dla przemys\u0142u spo\u017cywczego, kosmetycznego i farmaceutycznego\",\"publisher\":{\"@id\":\"https:\\\/\\\/naturalpoland.com\\\/fi\\\/#organization\"},\"potentialAction\":[{\"@type\":\"SearchAction\",\"target\":{\"@type\":\"EntryPoint\",\"urlTemplate\":\"https:\\\/\\\/naturalpoland.com\\\/fi\\\/?s={search_term_string}\"},\"query-input\":{\"@type\":\"PropertyValueSpecification\",\"valueRequired\":true,\"valueName\":\"search_term_string\"}}],\"inLanguage\":\"fi\"},{\"@type\":\"Organization\",\"@id\":\"https:\\\/\\\/naturalpoland.com\\\/fi\\\/#organization\",\"name\":\"Natural Poland\",\"url\":\"https:\\\/\\\/naturalpoland.com\\\/fi\\\/\",\"logo\":{\"@type\":\"ImageObject\",\"inLanguage\":\"fi\",\"@id\":\"https:\\\/\\\/naturalpoland.com\\\/fi\\\/#\\\/schema\\\/logo\\\/image\\\/\",\"url\":\"https:\\\/\\\/naturalpoland.com\\\/wp-content\\\/uploads\\\/2021\\\/05\\\/natural-poland-icon.png\",\"contentUrl\":\"https:\\\/\\\/naturalpoland.com\\\/wp-content\\\/uploads\\\/2021\\\/05\\\/natural-poland-icon.png\",\"width\":512,\"height\":512,\"caption\":\"Natural Poland\"},\"image\":{\"@id\":\"https:\\\/\\\/naturalpoland.com\\\/fi\\\/#\\\/schema\\\/logo\\\/image\\\/\"},\"sameAs\":[\"https:\\\/\\\/www.facebook.com\\\/naturalpoland.b2b\",\"https:\\\/\\\/pl.linkedin.com\\\/company\\\/natural-poland\",\"https:\\\/\\\/www.youtube.com\\\/channel\\\/UCgeGGkvOMahZo-xu_MSEWxg\"]}]}<\/script>\n<!-- \/ Yoast SEO plugin. -->","yoast_head_json":{"title":"Nikotiiniamidi-ribosidihydrokloridi (NR) - NATURAL POLAND - RAAKA-AINEIDEN TUKKUJAKELIJA","description":"Nikotiiniamidi-ribosidihydrokloridilla on kyky lis\u00e4t\u00e4 NAD+-tasoja. Se on ihanteellinen ainesosa ravintolisiss\u00e4 ja anti-aging-tuotteissa.","robots":{"index":"index","follow":"follow","max-snippet":"max-snippet:-1","max-image-preview":"max-image-preview:large","max-video-preview":"max-video-preview:-1"},"canonical":"https:\/\/naturalpoland.com\/fi\/tuotteet\/laaketeollisuuden-tuotteet\/ravintolisien-ainesosat\/ribosidi-nikotiiniamidi-hydrokloridi-nr\/","og_locale":"fi_FI","og_type":"article","og_title":"Nikotiiniamidi-ribosidihydrokloridi (NR) - NATURAL POLAND - RAAKA-AINEIDEN TUKKUJAKELIJA","og_description":"Nikotiiniamidi-ribosidihydrokloridilla on kyky lis\u00e4t\u00e4 NAD+-tasoja. Se on ihanteellinen ainesosa ravintolisiss\u00e4 ja anti-aging-tuotteissa.","og_url":"https:\/\/naturalpoland.com\/fi\/tuotteet\/laaketeollisuuden-tuotteet\/ravintolisien-ainesosat\/ribosidi-nikotiiniamidi-hydrokloridi-nr\/","og_site_name":"NATURAL POLAND - RAAKA-AINEIDEN TUKKUJAKELIJA","article_publisher":"https:\/\/www.facebook.com\/naturalpoland.b2b","og_image":[{"width":618,"height":618,"url":"https:\/\/naturalpoland.com\/wp-content\/uploads\/nr.webp","type":"image\/webp"}],"schema":{"@context":"https:\/\/schema.org","@graph":[{"@type":"WebPage","@id":"https:\/\/naturalpoland.com\/fi\/tuotteet\/laaketeollisuuden-tuotteet\/ravintolisien-ainesosat\/ribosidi-nikotiiniamidi-hydrokloridi-nr\/","url":"https:\/\/naturalpoland.com\/fi\/tuotteet\/laaketeollisuuden-tuotteet\/ravintolisien-ainesosat\/ribosidi-nikotiiniamidi-hydrokloridi-nr\/","name":"Nikotiiniamidi-ribosidihydrokloridi (NR) - NATURAL POLAND - RAAKA-AINEIDEN TUKKUJAKELIJA","isPartOf":{"@id":"https:\/\/naturalpoland.com\/fi\/#website"},"primaryImageOfPage":{"@id":"https:\/\/naturalpoland.com\/fi\/tuotteet\/laaketeollisuuden-tuotteet\/ravintolisien-ainesosat\/ribosidi-nikotiiniamidi-hydrokloridi-nr\/#primaryimage"},"image":{"@id":"https:\/\/naturalpoland.com\/fi\/tuotteet\/laaketeollisuuden-tuotteet\/ravintolisien-ainesosat\/ribosidi-nikotiiniamidi-hydrokloridi-nr\/#primaryimage"},"thumbnailUrl":"https:\/\/naturalpoland.com\/wp-content\/uploads\/nr.webp","datePublished":"2024-08-30T10:01:52+00:00","description":"Nikotiiniamidi-ribosidihydrokloridilla on kyky lis\u00e4t\u00e4 NAD+-tasoja. Se on ihanteellinen ainesosa ravintolisiss\u00e4 ja anti-aging-tuotteissa.","breadcrumb":{"@id":"https:\/\/naturalpoland.com\/fi\/tuotteet\/laaketeollisuuden-tuotteet\/ravintolisien-ainesosat\/ribosidi-nikotiiniamidi-hydrokloridi-nr\/#breadcrumb"},"inLanguage":"fi","potentialAction":[{"@type":"ReadAction","target":["https:\/\/naturalpoland.com\/fi\/tuotteet\/laaketeollisuuden-tuotteet\/ravintolisien-ainesosat\/ribosidi-nikotiiniamidi-hydrokloridi-nr\/"]}]},{"@type":"ImageObject","inLanguage":"fi","@id":"https:\/\/naturalpoland.com\/fi\/tuotteet\/laaketeollisuuden-tuotteet\/ravintolisien-ainesosat\/ribosidi-nikotiiniamidi-hydrokloridi-nr\/#primaryimage","url":"https:\/\/naturalpoland.com\/wp-content\/uploads\/nr.webp","contentUrl":"https:\/\/naturalpoland.com\/wp-content\/uploads\/nr.webp","width":618,"height":618,"caption":"chlorowodorek rybozydu nikotynamidu"},{"@type":"BreadcrumbList","@id":"https:\/\/naturalpoland.com\/fi\/tuotteet\/laaketeollisuuden-tuotteet\/ravintolisien-ainesosat\/ribosidi-nikotiiniamidi-hydrokloridi-nr\/#breadcrumb","itemListElement":[{"@type":"ListItem","position":1,"name":"Etusivu","item":"https:\/\/naturalpoland.com\/fi\/"},{"@type":"ListItem","position":2,"name":"Tuotteet","item":"https:\/\/naturalpoland.com\/fi\/tuotteet\/"},{"@type":"ListItem","position":3,"name":"Nikotiiniamidi-ribosidihydrokloridi (NR)"}]},{"@type":"WebSite","@id":"https:\/\/naturalpoland.com\/fi\/#website","url":"https:\/\/naturalpoland.com\/fi\/","name":"NATURAL POLAND - RAAKA-AINEIDEN TUKKUJAKELIJA","description":"Surowce dla przemys\u0142u spo\u017cywczego, kosmetycznego i farmaceutycznego","publisher":{"@id":"https:\/\/naturalpoland.com\/fi\/#organization"},"potentialAction":[{"@type":"SearchAction","target":{"@type":"EntryPoint","urlTemplate":"https:\/\/naturalpoland.com\/fi\/?s={search_term_string}"},"query-input":{"@type":"PropertyValueSpecification","valueRequired":true,"valueName":"search_term_string"}}],"inLanguage":"fi"},{"@type":"Organization","@id":"https:\/\/naturalpoland.com\/fi\/#organization","name":"Natural Poland","url":"https:\/\/naturalpoland.com\/fi\/","logo":{"@type":"ImageObject","inLanguage":"fi","@id":"https:\/\/naturalpoland.com\/fi\/#\/schema\/logo\/image\/","url":"https:\/\/naturalpoland.com\/wp-content\/uploads\/2021\/05\/natural-poland-icon.png","contentUrl":"https:\/\/naturalpoland.com\/wp-content\/uploads\/2021\/05\/natural-poland-icon.png","width":512,"height":512,"caption":"Natural Poland"},"image":{"@id":"https:\/\/naturalpoland.com\/fi\/#\/schema\/logo\/image\/"},"sameAs":["https:\/\/www.facebook.com\/naturalpoland.b2b","https:\/\/pl.linkedin.com\/company\/natural-poland","https:\/\/www.youtube.com\/channel\/UCgeGGkvOMahZo-xu_MSEWxg"]}]}},"_links":{"self":[{"href":"https:\/\/naturalpoland.com\/fi\/wp-json\/wp\/v2\/product\/34979","targetHints":{"allow":["GET"]}}],"collection":[{"href":"https:\/\/naturalpoland.com\/fi\/wp-json\/wp\/v2\/product"}],"about":[{"href":"https:\/\/naturalpoland.com\/fi\/wp-json\/wp\/v2\/types\/product"}],"wp:featuredmedia":[{"embeddable":true,"href":"https:\/\/naturalpoland.com\/fi\/wp-json\/wp\/v2\/media\/34944"}],"wp:attachment":[{"href":"https:\/\/naturalpoland.com\/fi\/wp-json\/wp\/v2\/media?parent=34979"}],"wp:term":[{"taxonomy":"product_brand","embeddable":true,"href":"https:\/\/naturalpoland.com\/fi\/wp-json\/wp\/v2\/product_brand?post=34979"},{"taxonomy":"product_cat","embeddable":true,"href":"https:\/\/naturalpoland.com\/fi\/wp-json\/wp\/v2\/product_cat?post=34979"},{"taxonomy":"product_tag","embeddable":true,"href":"https:\/\/naturalpoland.com\/fi\/wp-json\/wp\/v2\/product_tag?post=34979"}],"curies":[{"name":"wp","href":"https:\/\/api.w.org\/{rel}","templated":true}]}}