{"id":34991,"date":"2024-08-30T11:45:49","date_gmt":"2024-08-30T10:02:13","guid":{"rendered":"https:\/\/naturalpoland.com\/produkty\/Ei-luokiteltu\/sol-dinatrium-kinonipyrrolokinoliini-pqq\/"},"modified":"2024-08-30T12:02:13","modified_gmt":"2024-08-30T10:02:13","slug":"sol-dinatrium-kinonipyrrolokinoliini-pqq","status":"publish","type":"product","link":"https:\/\/naturalpoland.com\/fi\/tuotteet\/laaketeollisuuden-tuotteet\/ravintolisien-ainesosat\/sol-dinatrium-kinonipyrrolokinoliini-pqq\/","title":{"rendered":"Pyrrolokinoliinin dinatriumsuola (PQQ)"},"content":{"rendered":"<p>PQQ:ta esiintyy luonnostaan monissa elintarvikkeissa, kuten fermentoiduissa tuotteissa, vihanneksissa ja hedelmiss\u00e4, mutta sen pitoisuus voi olla liian alhainen joissakin ruokavalioissa.  <\/p>\n<h2>PQQ-ominaisuudet:<\/h2>\n<p>  PQQ:lla on eritt\u00e4in voimakas <strong>antioksidanttinen aktiivisuus<\/strong>, joka katalysoi lukuisia redox-reaktioita ja neutraloi soluja vahingoittavia vapaita radikaaleja.<br \/>\nPQQ kykenee suorittamaan noin 20 000 katalyyttist\u00e4 reaktiota verrattuna vain nelj\u00e4\u00e4n reaktioon, jotka C-vitamiini suorittaa samoissa olosuhteissa.<br \/>\nTutkimukset ovat osoittaneet, ett\u00e4 PQQ <strong>edist\u00e4\u00e4 hermosolujen kasvua<\/strong>, mik\u00e4 voi olla hy\u00f6dyllist\u00e4 kognitiivisten h\u00e4iri\u00f6iden ja dementian hoidossa.<br \/>\nPQQ stimuloi hermosolujen kasvua ja lis\u00e4\u00e4 niiden synteesi\u00e4 jopa 40-kertaisesti.<br \/>\nPQQ toimii my\u00f6s kofaktorina <strong>mitokondrioiden uudistumisessa<\/strong> ik\u00e4\u00e4ntyviss\u00e4 soluissa, lis\u00e4\u00e4 mitokondrioihin liittyvien entsyymien aktiivisuutta ja stimuloi niiden kasvua.<br \/>\nTutkimukset osoittavat, ett\u00e4 PQQ-lis\u00e4ys voi lis\u00e4t\u00e4 mitokondrioiden m\u00e4\u00e4r\u00e4\u00e4 maksassa 20-30 prosenttia.       <\/p>\n<h2>PQQ-sovellus:<\/h2>\n<p>  Pyrrolokinoliinikvinonin dinatriumsuola on suosittu ravintolisien ainesosa, joka tukee syd\u00e4men terveytt\u00e4, kognitiivisia toimintoja, parantaa unen laatua ja v\u00e4hent\u00e4\u00e4 v\u00e4symyst\u00e4.<br \/>\nYhdysvalloissa sit\u00e4 k\u00e4ytet\u00e4\u00e4n energiajuomien, urheilujuomien, elektrolyyttijuomien ja pullotetun veden ainesosana.<br \/>\nEuroopan unionissa ja Kanadassa sit\u00e4 on saatavilla ravintolis\u00e4n\u00e4 tai luontaistuotteena.    &nbsp;<\/p>\n","protected":false},"excerpt":{"rendered":"<p><strong>Pyrrolokinoliinikvinonidinatriumsuola (PQQ) <\/strong>on kehittynyt kemiallinen yhdiste, jolla on voimakkaita antioksidanttisia ominaisuuksia.<br \/>\nSe on redox-kofaktori, joka tukee aineenvaihduntaprosesseja ja suojaa soluja hapettumisvaurioilta. <\/p>\n","protected":false},"featured_media":34957,"template":"","meta":{"_acf_changed":false},"product_brand":[],"product_cat":[535],"product_tag":[],"class_list":{"0":"post-34991","1":"product","2":"type-product","3":"status-publish","4":"has-post-thumbnail","6":"product_cat-ravintolisien-ainesosat","7":"pa_grupa-substancji-antioksidantit","9":"first","10":"instock","11":"shipping-taxable","12":"product-type-simple"},"acf":[],"yoast_head":"<!-- This site is optimized with the Yoast SEO plugin v27.4 - https:\/\/yoast.com\/product\/yoast-seo-wordpress\/ -->\n<title>Pyrrolokinoliinin dinatriumsuola (PQQ) - NATURAL POLAND - RAAKA-AINEIDEN TUKKUJAKELIJA<\/title>\n<meta name=\"description\" content=\"Pyrrolokinoliinin dinatriumsuola (PQQ) on voimakas antioksidantti, joka tukee solujen terveytt\u00e4, kognitiivisia toimintoja ja syd\u00e4men terveytt\u00e4.\" \/>\n<meta name=\"robots\" content=\"index, follow, max-snippet:-1, max-image-preview:large, max-video-preview:-1\" \/>\n<link rel=\"canonical\" href=\"https:\/\/naturalpoland.com\/fi\/tuotteet\/laaketeollisuuden-tuotteet\/ravintolisien-ainesosat\/sol-dinatrium-kinonipyrrolokinoliini-pqq\/\" \/>\n<meta property=\"og:locale\" content=\"fi_FI\" \/>\n<meta property=\"og:type\" content=\"article\" \/>\n<meta property=\"og:title\" content=\"Pyrrolokinoliinin dinatriumsuola (PQQ) - NATURAL POLAND - RAAKA-AINEIDEN TUKKUJAKELIJA\" \/>\n<meta property=\"og:description\" content=\"Pyrrolokinoliinin dinatriumsuola (PQQ) on voimakas antioksidantti, joka tukee solujen terveytt\u00e4, kognitiivisia toimintoja ja syd\u00e4men terveytt\u00e4.\" \/>\n<meta property=\"og:url\" content=\"https:\/\/naturalpoland.com\/fi\/tuotteet\/laaketeollisuuden-tuotteet\/ravintolisien-ainesosat\/sol-dinatrium-kinonipyrrolokinoliini-pqq\/\" \/>\n<meta property=\"og:site_name\" content=\"NATURAL POLAND - RAAKA-AINEIDEN TUKKUJAKELIJA\" \/>\n<meta property=\"article:publisher\" content=\"https:\/\/www.facebook.com\/naturalpoland.b2b\" \/>\n<meta property=\"og:image\" content=\"https:\/\/naturalpoland.com\/wp-content\/uploads\/pqq.webp\" \/>\n\t<meta property=\"og:image:width\" content=\"618\" \/>\n\t<meta property=\"og:image:height\" content=\"618\" \/>\n\t<meta property=\"og:image:type\" content=\"image\/webp\" \/>\n<script type=\"application\/ld+json\" class=\"yoast-schema-graph\">{\"@context\":\"https:\\\/\\\/schema.org\",\"@graph\":[{\"@type\":\"WebPage\",\"@id\":\"https:\\\/\\\/naturalpoland.com\\\/fi\\\/tuotteet\\\/laaketeollisuuden-tuotteet\\\/ravintolisien-ainesosat\\\/sol-dinatrium-kinonipyrrolokinoliini-pqq\\\/\",\"url\":\"https:\\\/\\\/naturalpoland.com\\\/fi\\\/tuotteet\\\/laaketeollisuuden-tuotteet\\\/ravintolisien-ainesosat\\\/sol-dinatrium-kinonipyrrolokinoliini-pqq\\\/\",\"name\":\"Pyrrolokinoliinin dinatriumsuola (PQQ) - NATURAL POLAND - RAAKA-AINEIDEN TUKKUJAKELIJA\",\"isPartOf\":{\"@id\":\"https:\\\/\\\/naturalpoland.com\\\/fi\\\/#website\"},\"primaryImageOfPage\":{\"@id\":\"https:\\\/\\\/naturalpoland.com\\\/fi\\\/tuotteet\\\/laaketeollisuuden-tuotteet\\\/ravintolisien-ainesosat\\\/sol-dinatrium-kinonipyrrolokinoliini-pqq\\\/#primaryimage\"},\"image\":{\"@id\":\"https:\\\/\\\/naturalpoland.com\\\/fi\\\/tuotteet\\\/laaketeollisuuden-tuotteet\\\/ravintolisien-ainesosat\\\/sol-dinatrium-kinonipyrrolokinoliini-pqq\\\/#primaryimage\"},\"thumbnailUrl\":\"https:\\\/\\\/naturalpoland.com\\\/wp-content\\\/uploads\\\/pqq.webp\",\"datePublished\":\"2024-08-30T10:02:13+00:00\",\"description\":\"Pyrrolokinoliinin dinatriumsuola (PQQ) on voimakas antioksidantti, joka tukee solujen terveytt\u00e4, kognitiivisia toimintoja ja syd\u00e4men terveytt\u00e4.\",\"breadcrumb\":{\"@id\":\"https:\\\/\\\/naturalpoland.com\\\/fi\\\/tuotteet\\\/laaketeollisuuden-tuotteet\\\/ravintolisien-ainesosat\\\/sol-dinatrium-kinonipyrrolokinoliini-pqq\\\/#breadcrumb\"},\"inLanguage\":\"fi\",\"potentialAction\":[{\"@type\":\"ReadAction\",\"target\":[\"https:\\\/\\\/naturalpoland.com\\\/fi\\\/tuotteet\\\/laaketeollisuuden-tuotteet\\\/ravintolisien-ainesosat\\\/sol-dinatrium-kinonipyrrolokinoliini-pqq\\\/\"]}]},{\"@type\":\"ImageObject\",\"inLanguage\":\"fi\",\"@id\":\"https:\\\/\\\/naturalpoland.com\\\/fi\\\/tuotteet\\\/laaketeollisuuden-tuotteet\\\/ravintolisien-ainesosat\\\/sol-dinatrium-kinonipyrrolokinoliini-pqq\\\/#primaryimage\",\"url\":\"https:\\\/\\\/naturalpoland.com\\\/wp-content\\\/uploads\\\/pqq.webp\",\"contentUrl\":\"https:\\\/\\\/naturalpoland.com\\\/wp-content\\\/uploads\\\/pqq.webp\",\"width\":618,\"height\":618,\"caption\":\"S\u00f3l disodowa chinonu pirolochinoliny\"},{\"@type\":\"BreadcrumbList\",\"@id\":\"https:\\\/\\\/naturalpoland.com\\\/fi\\\/tuotteet\\\/laaketeollisuuden-tuotteet\\\/ravintolisien-ainesosat\\\/sol-dinatrium-kinonipyrrolokinoliini-pqq\\\/#breadcrumb\",\"itemListElement\":[{\"@type\":\"ListItem\",\"position\":1,\"name\":\"Etusivu\",\"item\":\"https:\\\/\\\/naturalpoland.com\\\/fi\\\/\"},{\"@type\":\"ListItem\",\"position\":2,\"name\":\"Tuotteet\",\"item\":\"https:\\\/\\\/naturalpoland.com\\\/fi\\\/tuotteet\\\/\"},{\"@type\":\"ListItem\",\"position\":3,\"name\":\"Pyrrolokinoliinin dinatriumsuola (PQQ)\"}]},{\"@type\":\"WebSite\",\"@id\":\"https:\\\/\\\/naturalpoland.com\\\/fi\\\/#website\",\"url\":\"https:\\\/\\\/naturalpoland.com\\\/fi\\\/\",\"name\":\"NATURAL POLAND - RAAKA-AINEIDEN TUKKUJAKELIJA\",\"description\":\"Surowce dla przemys\u0142u spo\u017cywczego, kosmetycznego i farmaceutycznego\",\"publisher\":{\"@id\":\"https:\\\/\\\/naturalpoland.com\\\/fi\\\/#organization\"},\"potentialAction\":[{\"@type\":\"SearchAction\",\"target\":{\"@type\":\"EntryPoint\",\"urlTemplate\":\"https:\\\/\\\/naturalpoland.com\\\/fi\\\/?s={search_term_string}\"},\"query-input\":{\"@type\":\"PropertyValueSpecification\",\"valueRequired\":true,\"valueName\":\"search_term_string\"}}],\"inLanguage\":\"fi\"},{\"@type\":\"Organization\",\"@id\":\"https:\\\/\\\/naturalpoland.com\\\/fi\\\/#organization\",\"name\":\"Natural Poland\",\"url\":\"https:\\\/\\\/naturalpoland.com\\\/fi\\\/\",\"logo\":{\"@type\":\"ImageObject\",\"inLanguage\":\"fi\",\"@id\":\"https:\\\/\\\/naturalpoland.com\\\/fi\\\/#\\\/schema\\\/logo\\\/image\\\/\",\"url\":\"https:\\\/\\\/naturalpoland.com\\\/wp-content\\\/uploads\\\/2021\\\/05\\\/natural-poland-icon.png\",\"contentUrl\":\"https:\\\/\\\/naturalpoland.com\\\/wp-content\\\/uploads\\\/2021\\\/05\\\/natural-poland-icon.png\",\"width\":512,\"height\":512,\"caption\":\"Natural Poland\"},\"image\":{\"@id\":\"https:\\\/\\\/naturalpoland.com\\\/fi\\\/#\\\/schema\\\/logo\\\/image\\\/\"},\"sameAs\":[\"https:\\\/\\\/www.facebook.com\\\/naturalpoland.b2b\",\"https:\\\/\\\/pl.linkedin.com\\\/company\\\/natural-poland\",\"https:\\\/\\\/www.youtube.com\\\/channel\\\/UCgeGGkvOMahZo-xu_MSEWxg\"]}]}<\/script>\n<!-- \/ Yoast SEO plugin. -->","yoast_head_json":{"title":"Pyrrolokinoliinin dinatriumsuola (PQQ) - NATURAL POLAND - RAAKA-AINEIDEN TUKKUJAKELIJA","description":"Pyrrolokinoliinin dinatriumsuola (PQQ) on voimakas antioksidantti, joka tukee solujen terveytt\u00e4, kognitiivisia toimintoja ja syd\u00e4men terveytt\u00e4.","robots":{"index":"index","follow":"follow","max-snippet":"max-snippet:-1","max-image-preview":"max-image-preview:large","max-video-preview":"max-video-preview:-1"},"canonical":"https:\/\/naturalpoland.com\/fi\/tuotteet\/laaketeollisuuden-tuotteet\/ravintolisien-ainesosat\/sol-dinatrium-kinonipyrrolokinoliini-pqq\/","og_locale":"fi_FI","og_type":"article","og_title":"Pyrrolokinoliinin dinatriumsuola (PQQ) - NATURAL POLAND - RAAKA-AINEIDEN TUKKUJAKELIJA","og_description":"Pyrrolokinoliinin dinatriumsuola (PQQ) on voimakas antioksidantti, joka tukee solujen terveytt\u00e4, kognitiivisia toimintoja ja syd\u00e4men terveytt\u00e4.","og_url":"https:\/\/naturalpoland.com\/fi\/tuotteet\/laaketeollisuuden-tuotteet\/ravintolisien-ainesosat\/sol-dinatrium-kinonipyrrolokinoliini-pqq\/","og_site_name":"NATURAL POLAND - RAAKA-AINEIDEN TUKKUJAKELIJA","article_publisher":"https:\/\/www.facebook.com\/naturalpoland.b2b","og_image":[{"width":618,"height":618,"url":"https:\/\/naturalpoland.com\/wp-content\/uploads\/pqq.webp","type":"image\/webp"}],"schema":{"@context":"https:\/\/schema.org","@graph":[{"@type":"WebPage","@id":"https:\/\/naturalpoland.com\/fi\/tuotteet\/laaketeollisuuden-tuotteet\/ravintolisien-ainesosat\/sol-dinatrium-kinonipyrrolokinoliini-pqq\/","url":"https:\/\/naturalpoland.com\/fi\/tuotteet\/laaketeollisuuden-tuotteet\/ravintolisien-ainesosat\/sol-dinatrium-kinonipyrrolokinoliini-pqq\/","name":"Pyrrolokinoliinin dinatriumsuola (PQQ) - NATURAL POLAND - RAAKA-AINEIDEN TUKKUJAKELIJA","isPartOf":{"@id":"https:\/\/naturalpoland.com\/fi\/#website"},"primaryImageOfPage":{"@id":"https:\/\/naturalpoland.com\/fi\/tuotteet\/laaketeollisuuden-tuotteet\/ravintolisien-ainesosat\/sol-dinatrium-kinonipyrrolokinoliini-pqq\/#primaryimage"},"image":{"@id":"https:\/\/naturalpoland.com\/fi\/tuotteet\/laaketeollisuuden-tuotteet\/ravintolisien-ainesosat\/sol-dinatrium-kinonipyrrolokinoliini-pqq\/#primaryimage"},"thumbnailUrl":"https:\/\/naturalpoland.com\/wp-content\/uploads\/pqq.webp","datePublished":"2024-08-30T10:02:13+00:00","description":"Pyrrolokinoliinin dinatriumsuola (PQQ) on voimakas antioksidantti, joka tukee solujen terveytt\u00e4, kognitiivisia toimintoja ja syd\u00e4men terveytt\u00e4.","breadcrumb":{"@id":"https:\/\/naturalpoland.com\/fi\/tuotteet\/laaketeollisuuden-tuotteet\/ravintolisien-ainesosat\/sol-dinatrium-kinonipyrrolokinoliini-pqq\/#breadcrumb"},"inLanguage":"fi","potentialAction":[{"@type":"ReadAction","target":["https:\/\/naturalpoland.com\/fi\/tuotteet\/laaketeollisuuden-tuotteet\/ravintolisien-ainesosat\/sol-dinatrium-kinonipyrrolokinoliini-pqq\/"]}]},{"@type":"ImageObject","inLanguage":"fi","@id":"https:\/\/naturalpoland.com\/fi\/tuotteet\/laaketeollisuuden-tuotteet\/ravintolisien-ainesosat\/sol-dinatrium-kinonipyrrolokinoliini-pqq\/#primaryimage","url":"https:\/\/naturalpoland.com\/wp-content\/uploads\/pqq.webp","contentUrl":"https:\/\/naturalpoland.com\/wp-content\/uploads\/pqq.webp","width":618,"height":618,"caption":"S\u00f3l disodowa chinonu pirolochinoliny"},{"@type":"BreadcrumbList","@id":"https:\/\/naturalpoland.com\/fi\/tuotteet\/laaketeollisuuden-tuotteet\/ravintolisien-ainesosat\/sol-dinatrium-kinonipyrrolokinoliini-pqq\/#breadcrumb","itemListElement":[{"@type":"ListItem","position":1,"name":"Etusivu","item":"https:\/\/naturalpoland.com\/fi\/"},{"@type":"ListItem","position":2,"name":"Tuotteet","item":"https:\/\/naturalpoland.com\/fi\/tuotteet\/"},{"@type":"ListItem","position":3,"name":"Pyrrolokinoliinin dinatriumsuola (PQQ)"}]},{"@type":"WebSite","@id":"https:\/\/naturalpoland.com\/fi\/#website","url":"https:\/\/naturalpoland.com\/fi\/","name":"NATURAL POLAND - RAAKA-AINEIDEN TUKKUJAKELIJA","description":"Surowce dla przemys\u0142u spo\u017cywczego, kosmetycznego i farmaceutycznego","publisher":{"@id":"https:\/\/naturalpoland.com\/fi\/#organization"},"potentialAction":[{"@type":"SearchAction","target":{"@type":"EntryPoint","urlTemplate":"https:\/\/naturalpoland.com\/fi\/?s={search_term_string}"},"query-input":{"@type":"PropertyValueSpecification","valueRequired":true,"valueName":"search_term_string"}}],"inLanguage":"fi"},{"@type":"Organization","@id":"https:\/\/naturalpoland.com\/fi\/#organization","name":"Natural Poland","url":"https:\/\/naturalpoland.com\/fi\/","logo":{"@type":"ImageObject","inLanguage":"fi","@id":"https:\/\/naturalpoland.com\/fi\/#\/schema\/logo\/image\/","url":"https:\/\/naturalpoland.com\/wp-content\/uploads\/2021\/05\/natural-poland-icon.png","contentUrl":"https:\/\/naturalpoland.com\/wp-content\/uploads\/2021\/05\/natural-poland-icon.png","width":512,"height":512,"caption":"Natural Poland"},"image":{"@id":"https:\/\/naturalpoland.com\/fi\/#\/schema\/logo\/image\/"},"sameAs":["https:\/\/www.facebook.com\/naturalpoland.b2b","https:\/\/pl.linkedin.com\/company\/natural-poland","https:\/\/www.youtube.com\/channel\/UCgeGGkvOMahZo-xu_MSEWxg"]}]}},"_links":{"self":[{"href":"https:\/\/naturalpoland.com\/fi\/wp-json\/wp\/v2\/product\/34991","targetHints":{"allow":["GET"]}}],"collection":[{"href":"https:\/\/naturalpoland.com\/fi\/wp-json\/wp\/v2\/product"}],"about":[{"href":"https:\/\/naturalpoland.com\/fi\/wp-json\/wp\/v2\/types\/product"}],"wp:featuredmedia":[{"embeddable":true,"href":"https:\/\/naturalpoland.com\/fi\/wp-json\/wp\/v2\/media\/34957"}],"wp:attachment":[{"href":"https:\/\/naturalpoland.com\/fi\/wp-json\/wp\/v2\/media?parent=34991"}],"wp:term":[{"taxonomy":"product_brand","embeddable":true,"href":"https:\/\/naturalpoland.com\/fi\/wp-json\/wp\/v2\/product_brand?post=34991"},{"taxonomy":"product_cat","embeddable":true,"href":"https:\/\/naturalpoland.com\/fi\/wp-json\/wp\/v2\/product_cat?post=34991"},{"taxonomy":"product_tag","embeddable":true,"href":"https:\/\/naturalpoland.com\/fi\/wp-json\/wp\/v2\/product_tag?post=34991"}],"curies":[{"name":"wp","href":"https:\/\/api.w.org\/{rel}","templated":true}]}}