{"id":35344,"date":"2024-09-10T12:41:03","date_gmt":"2024-09-10T11:11:17","guid":{"rendered":"https:\/\/naturalpoland.com\/produkty\/Ei-luokiteltu\/happo-kahvi\/"},"modified":"2024-09-10T13:11:17","modified_gmt":"2024-09-10T11:11:17","slug":"happo-kahvi","status":"publish","type":"product","link":"https:\/\/naturalpoland.com\/fi\/tuotteet\/kosmetiikkateollisuuden-tuotteet\/hapet\/happo-kahvi\/","title":{"rendered":"Kahvihappo"},"content":{"rendered":"<h2>Kahvihapon ominaisuudet ja vaikutukset<\/h2>\n<p><strong>Antioksidanttinen vaikutus<\/strong> Kahvihappo neutraloi reaktiivisia happilajeja (ROS) ja ehk\u00e4isee solujen hapettumisvaurioita.<br \/>\nSe kykenee est\u00e4m\u00e4\u00e4n sy\u00f6p\u00e4\u00e4 aiheuttavia yhdisteit\u00e4, jotka muodostuvat tiettyjen sy\u00f6p\u00e4\u00e4 aiheuttavien aineiden, kuten nitrosamiinien ja 4-nitrokinoliini-1-oksidin, metabolisen muuntumisen aikana.<br \/>\nLis\u00e4ksi se suojaa LDL-kolesterolifraktiota hapettumiselta ja est\u00e4\u00e4 siten aterogeneesi\u00e4.<br \/>\nKahvihappo edist\u00e4\u00e4 my\u00f6s \u03b1-tokoferolin (E-vitamiini) kiertoa aktiiviseen muotoonsa ja sill\u00e4 on suurempi antiradikaalinen aktiivisuus kuin E-vitamiinilla. <strong><a href=\"https:\/\/naturalpoland.com\/produkty\/produkty-dla-przemyslu-farmaceutycznego-i-medycznego\/witaminy\/witamina-e\/\">E-vitamiini<\/a><\/strong>. <strong>Anti-inflammatorinen ja antimikrobinen aktiivisuus<\/strong> Kahvihappo tunnetaan sen anti-inflammatorisesta aktiivisuudesta, joka auttaa v\u00e4hent\u00e4m\u00e4\u00e4n tulehdusta erilaisissa ihosairauksissa.<br \/>\nLis\u00e4ksi sill\u00e4 on antimikrobisia ominaisuuksia, jotka suojaavat monilta mikrobiologisilta uhkilta.<br \/>\nN\u00e4iden ominaisuuksien ansiosta kahvihappo on tehokas ihotautien, kuten syyhyn, ja muiden ihosairauksien, joissa esiintyy tulehdusta, hoidossa.<br \/>\nSe suojaa ihoa UV-s\u00e4teilyn haitallisilta vaikutuksilta est\u00e4m\u00e4ll\u00e4 kollageeni- ja elastiinikuitujen hajoamista, jotka ovat avainasemassa ihon kimmoisuuden ja kiinteyden yll\u00e4pit\u00e4misess\u00e4. <strong>Anti-ageing-hy\u00f6dyt<\/strong> Yksi kahvihapon t\u00e4rkeimmist\u00e4 eduista on sen kyky ehk\u00e4ist\u00e4 ryppyj\u00e4.<br \/>\nTorjuessaan vapaita radikaaleja ja est\u00e4m\u00e4ll\u00e4 hapetusstressi\u00e4 se auttaa hidastamaan ihon ik\u00e4\u00e4ntymisprosessia.<br \/>\nKahvihapon suojaaviin vaikutuksiin kuuluu my\u00f6s kollageeni- ja elastiinikuitujen suojaaminen hajoamiselta, mik\u00e4 auttaa s\u00e4ilytt\u00e4m\u00e4\u00e4n ihon rakenteellisen eheyden ja kimmoisuuden. <strong>Depigmentaatiovaikutus<\/strong> Kahvihappo toimii est\u00e4m\u00e4ll\u00e4 melaniinin tuotannosta vastaavan tyrosinaasientsyymin toimintaa, mik\u00e4 auttaa est\u00e4m\u00e4\u00e4n uusien ik\u00e4- ja auringonpilkkujen muodostumista.<br \/>\nT\u00e4st\u00e4 syyst\u00e4 se on erinomainen ainesosa ihonhoitovalmisteissa iholle, jolla on hyperpigmentaatio-ongelmia, mukaan lukien auringon aiheuttamat vauriot tai ik\u00e4\u00e4ntyminen.           <\/p>\n<h2>Kahvihapon k\u00e4ytt\u00f6<\/h2>\n<p>  Kahvihappoa k\u00e4ytet\u00e4\u00e4n ihonhoitotuotteissa yleens\u00e4 enint\u00e4\u00e4n 2 prosentin pitoisuuksina.<br \/>\nSit\u00e4 suositellaan kyps\u00e4n ihon hoitoon, suojaamaan auringon aiheuttamilta vaurioilta ja ehk\u00e4isem\u00e4\u00e4n valon aiheuttamia ik\u00e4\u00e4ntymisen merkkej\u00e4.<br \/>\nKahvihappohoitojen j\u00e4lkeen ihosta tulee kirkkaampi, kosteutetumpi, hapekkaampi ja s\u00e4teilev\u00e4mpi, ja sen ryppyjen pinta on n\u00e4kyv\u00e4sti matalampi ja sen kimmoisuus paranee.    &nbsp;<\/p>\n","protected":false},"excerpt":{"rendered":"<p><strong>Kahvihappo<\/strong>, joka tunnetaan my\u00f6s nimell\u00e4 3,4-dihydroksikinaamihappo, on fenolihapoksi luokiteltu orgaaninen kemiallinen yhdiste.<br \/>\nSit\u00e4 saadaan luonnostaan eri kasveista, joissa se toimii sekundaarisena aineenvaihduntatuotteena.<br \/>\nSe on keskeinen fenolinen yhdiste, jota esiintyy hedelmiss\u00e4, vihanneksissa, viljoissa ja joissakin yrteiss\u00e4, ja sen t\u00e4rkein l\u00e4hde ihmisen ruokavaliossa on kahvi.    &nbsp;<\/p>\n","protected":false},"featured_media":35310,"template":"","meta":{"_acf_changed":false},"product_brand":[],"product_cat":[5450],"product_tag":[],"class_list":{"0":"post-35344","1":"product","2":"type-product","3":"status-publish","4":"has-post-thumbnail","6":"product_cat-hapet","8":"first","9":"instock","10":"shipping-taxable","11":"product-type-simple"},"acf":[],"yoast_head":"<!-- This site is optimized with the Yoast SEO plugin v27.4 - https:\/\/yoast.com\/product\/yoast-seo-wordpress\/ -->\n<title>Kahvihappo - NATURAL POLAND - RAAKA-AINEIDEN TUKKUJAKELIJA<\/title>\n<meta name=\"description\" content=\"Kahvihappo on ainesosa, jolla on monia etuja ihon terveydelle, erityisesti ik\u00e4\u00e4ntymisen ja hapettumisstressin vaikutusten ehk\u00e4isemisess\u00e4 ja kumoamisessa.\" \/>\n<meta name=\"robots\" content=\"index, follow, max-snippet:-1, max-image-preview:large, max-video-preview:-1\" \/>\n<link rel=\"canonical\" href=\"https:\/\/naturalpoland.com\/fi\/tuotteet\/kosmetiikkateollisuuden-tuotteet\/hapet\/happo-kahvi\/\" \/>\n<meta property=\"og:locale\" content=\"fi_FI\" \/>\n<meta property=\"og:type\" content=\"article\" \/>\n<meta property=\"og:title\" content=\"Kahvihappo - NATURAL POLAND - RAAKA-AINEIDEN TUKKUJAKELIJA\" \/>\n<meta property=\"og:description\" content=\"Kahvihappo on ainesosa, jolla on monia etuja ihon terveydelle, erityisesti ik\u00e4\u00e4ntymisen ja hapettumisstressin vaikutusten ehk\u00e4isemisess\u00e4 ja kumoamisessa.\" \/>\n<meta property=\"og:url\" content=\"https:\/\/naturalpoland.com\/fi\/tuotteet\/kosmetiikkateollisuuden-tuotteet\/hapet\/happo-kahvi\/\" \/>\n<meta property=\"og:site_name\" content=\"NATURAL POLAND - RAAKA-AINEIDEN TUKKUJAKELIJA\" \/>\n<meta property=\"article:publisher\" content=\"https:\/\/www.facebook.com\/naturalpoland.b2b\" \/>\n<meta property=\"og:image\" content=\"https:\/\/naturalpoland.com\/wp-content\/uploads\/kwas-kawowy.webp\" \/>\n\t<meta property=\"og:image:width\" content=\"615\" \/>\n\t<meta property=\"og:image:height\" content=\"615\" \/>\n\t<meta property=\"og:image:type\" content=\"image\/webp\" \/>\n<script type=\"application\/ld+json\" class=\"yoast-schema-graph\">{\"@context\":\"https:\\\/\\\/schema.org\",\"@graph\":[{\"@type\":\"WebPage\",\"@id\":\"https:\\\/\\\/naturalpoland.com\\\/fi\\\/tuotteet\\\/kosmetiikkateollisuuden-tuotteet\\\/hapet\\\/happo-kahvi\\\/\",\"url\":\"https:\\\/\\\/naturalpoland.com\\\/fi\\\/tuotteet\\\/kosmetiikkateollisuuden-tuotteet\\\/hapet\\\/happo-kahvi\\\/\",\"name\":\"Kahvihappo - NATURAL POLAND - RAAKA-AINEIDEN TUKKUJAKELIJA\",\"isPartOf\":{\"@id\":\"https:\\\/\\\/naturalpoland.com\\\/fi\\\/#website\"},\"primaryImageOfPage\":{\"@id\":\"https:\\\/\\\/naturalpoland.com\\\/fi\\\/tuotteet\\\/kosmetiikkateollisuuden-tuotteet\\\/hapet\\\/happo-kahvi\\\/#primaryimage\"},\"image\":{\"@id\":\"https:\\\/\\\/naturalpoland.com\\\/fi\\\/tuotteet\\\/kosmetiikkateollisuuden-tuotteet\\\/hapet\\\/happo-kahvi\\\/#primaryimage\"},\"thumbnailUrl\":\"https:\\\/\\\/naturalpoland.com\\\/wp-content\\\/uploads\\\/kwas-kawowy.webp\",\"datePublished\":\"2024-09-10T11:11:17+00:00\",\"description\":\"Kahvihappo on ainesosa, jolla on monia etuja ihon terveydelle, erityisesti ik\u00e4\u00e4ntymisen ja hapettumisstressin vaikutusten ehk\u00e4isemisess\u00e4 ja kumoamisessa.\",\"breadcrumb\":{\"@id\":\"https:\\\/\\\/naturalpoland.com\\\/fi\\\/tuotteet\\\/kosmetiikkateollisuuden-tuotteet\\\/hapet\\\/happo-kahvi\\\/#breadcrumb\"},\"inLanguage\":\"fi\",\"potentialAction\":[{\"@type\":\"ReadAction\",\"target\":[\"https:\\\/\\\/naturalpoland.com\\\/fi\\\/tuotteet\\\/kosmetiikkateollisuuden-tuotteet\\\/hapet\\\/happo-kahvi\\\/\"]}]},{\"@type\":\"ImageObject\",\"inLanguage\":\"fi\",\"@id\":\"https:\\\/\\\/naturalpoland.com\\\/fi\\\/tuotteet\\\/kosmetiikkateollisuuden-tuotteet\\\/hapet\\\/happo-kahvi\\\/#primaryimage\",\"url\":\"https:\\\/\\\/naturalpoland.com\\\/wp-content\\\/uploads\\\/kwas-kawowy.webp\",\"contentUrl\":\"https:\\\/\\\/naturalpoland.com\\\/wp-content\\\/uploads\\\/kwas-kawowy.webp\",\"width\":615,\"height\":615,\"caption\":\"kwas kawowy\"},{\"@type\":\"BreadcrumbList\",\"@id\":\"https:\\\/\\\/naturalpoland.com\\\/fi\\\/tuotteet\\\/kosmetiikkateollisuuden-tuotteet\\\/hapet\\\/happo-kahvi\\\/#breadcrumb\",\"itemListElement\":[{\"@type\":\"ListItem\",\"position\":1,\"name\":\"Etusivu\",\"item\":\"https:\\\/\\\/naturalpoland.com\\\/fi\\\/\"},{\"@type\":\"ListItem\",\"position\":2,\"name\":\"Tuotteet\",\"item\":\"https:\\\/\\\/naturalpoland.com\\\/fi\\\/tuotteet\\\/\"},{\"@type\":\"ListItem\",\"position\":3,\"name\":\"Kahvihappo\"}]},{\"@type\":\"WebSite\",\"@id\":\"https:\\\/\\\/naturalpoland.com\\\/fi\\\/#website\",\"url\":\"https:\\\/\\\/naturalpoland.com\\\/fi\\\/\",\"name\":\"NATURAL POLAND - RAAKA-AINEIDEN TUKKUJAKELIJA\",\"description\":\"Surowce dla przemys\u0142u spo\u017cywczego, kosmetycznego i farmaceutycznego\",\"publisher\":{\"@id\":\"https:\\\/\\\/naturalpoland.com\\\/fi\\\/#organization\"},\"potentialAction\":[{\"@type\":\"SearchAction\",\"target\":{\"@type\":\"EntryPoint\",\"urlTemplate\":\"https:\\\/\\\/naturalpoland.com\\\/fi\\\/?s={search_term_string}\"},\"query-input\":{\"@type\":\"PropertyValueSpecification\",\"valueRequired\":true,\"valueName\":\"search_term_string\"}}],\"inLanguage\":\"fi\"},{\"@type\":\"Organization\",\"@id\":\"https:\\\/\\\/naturalpoland.com\\\/fi\\\/#organization\",\"name\":\"Natural Poland\",\"url\":\"https:\\\/\\\/naturalpoland.com\\\/fi\\\/\",\"logo\":{\"@type\":\"ImageObject\",\"inLanguage\":\"fi\",\"@id\":\"https:\\\/\\\/naturalpoland.com\\\/fi\\\/#\\\/schema\\\/logo\\\/image\\\/\",\"url\":\"https:\\\/\\\/naturalpoland.com\\\/wp-content\\\/uploads\\\/2021\\\/05\\\/natural-poland-icon.png\",\"contentUrl\":\"https:\\\/\\\/naturalpoland.com\\\/wp-content\\\/uploads\\\/2021\\\/05\\\/natural-poland-icon.png\",\"width\":512,\"height\":512,\"caption\":\"Natural Poland\"},\"image\":{\"@id\":\"https:\\\/\\\/naturalpoland.com\\\/fi\\\/#\\\/schema\\\/logo\\\/image\\\/\"},\"sameAs\":[\"https:\\\/\\\/www.facebook.com\\\/naturalpoland.b2b\",\"https:\\\/\\\/pl.linkedin.com\\\/company\\\/natural-poland\",\"https:\\\/\\\/www.youtube.com\\\/channel\\\/UCgeGGkvOMahZo-xu_MSEWxg\"]}]}<\/script>\n<!-- \/ Yoast SEO plugin. -->","yoast_head_json":{"title":"Kahvihappo - NATURAL POLAND - RAAKA-AINEIDEN TUKKUJAKELIJA","description":"Kahvihappo on ainesosa, jolla on monia etuja ihon terveydelle, erityisesti ik\u00e4\u00e4ntymisen ja hapettumisstressin vaikutusten ehk\u00e4isemisess\u00e4 ja kumoamisessa.","robots":{"index":"index","follow":"follow","max-snippet":"max-snippet:-1","max-image-preview":"max-image-preview:large","max-video-preview":"max-video-preview:-1"},"canonical":"https:\/\/naturalpoland.com\/fi\/tuotteet\/kosmetiikkateollisuuden-tuotteet\/hapet\/happo-kahvi\/","og_locale":"fi_FI","og_type":"article","og_title":"Kahvihappo - NATURAL POLAND - RAAKA-AINEIDEN TUKKUJAKELIJA","og_description":"Kahvihappo on ainesosa, jolla on monia etuja ihon terveydelle, erityisesti ik\u00e4\u00e4ntymisen ja hapettumisstressin vaikutusten ehk\u00e4isemisess\u00e4 ja kumoamisessa.","og_url":"https:\/\/naturalpoland.com\/fi\/tuotteet\/kosmetiikkateollisuuden-tuotteet\/hapet\/happo-kahvi\/","og_site_name":"NATURAL POLAND - RAAKA-AINEIDEN TUKKUJAKELIJA","article_publisher":"https:\/\/www.facebook.com\/naturalpoland.b2b","og_image":[{"width":615,"height":615,"url":"https:\/\/naturalpoland.com\/wp-content\/uploads\/kwas-kawowy.webp","type":"image\/webp"}],"schema":{"@context":"https:\/\/schema.org","@graph":[{"@type":"WebPage","@id":"https:\/\/naturalpoland.com\/fi\/tuotteet\/kosmetiikkateollisuuden-tuotteet\/hapet\/happo-kahvi\/","url":"https:\/\/naturalpoland.com\/fi\/tuotteet\/kosmetiikkateollisuuden-tuotteet\/hapet\/happo-kahvi\/","name":"Kahvihappo - NATURAL POLAND - RAAKA-AINEIDEN TUKKUJAKELIJA","isPartOf":{"@id":"https:\/\/naturalpoland.com\/fi\/#website"},"primaryImageOfPage":{"@id":"https:\/\/naturalpoland.com\/fi\/tuotteet\/kosmetiikkateollisuuden-tuotteet\/hapet\/happo-kahvi\/#primaryimage"},"image":{"@id":"https:\/\/naturalpoland.com\/fi\/tuotteet\/kosmetiikkateollisuuden-tuotteet\/hapet\/happo-kahvi\/#primaryimage"},"thumbnailUrl":"https:\/\/naturalpoland.com\/wp-content\/uploads\/kwas-kawowy.webp","datePublished":"2024-09-10T11:11:17+00:00","description":"Kahvihappo on ainesosa, jolla on monia etuja ihon terveydelle, erityisesti ik\u00e4\u00e4ntymisen ja hapettumisstressin vaikutusten ehk\u00e4isemisess\u00e4 ja kumoamisessa.","breadcrumb":{"@id":"https:\/\/naturalpoland.com\/fi\/tuotteet\/kosmetiikkateollisuuden-tuotteet\/hapet\/happo-kahvi\/#breadcrumb"},"inLanguage":"fi","potentialAction":[{"@type":"ReadAction","target":["https:\/\/naturalpoland.com\/fi\/tuotteet\/kosmetiikkateollisuuden-tuotteet\/hapet\/happo-kahvi\/"]}]},{"@type":"ImageObject","inLanguage":"fi","@id":"https:\/\/naturalpoland.com\/fi\/tuotteet\/kosmetiikkateollisuuden-tuotteet\/hapet\/happo-kahvi\/#primaryimage","url":"https:\/\/naturalpoland.com\/wp-content\/uploads\/kwas-kawowy.webp","contentUrl":"https:\/\/naturalpoland.com\/wp-content\/uploads\/kwas-kawowy.webp","width":615,"height":615,"caption":"kwas kawowy"},{"@type":"BreadcrumbList","@id":"https:\/\/naturalpoland.com\/fi\/tuotteet\/kosmetiikkateollisuuden-tuotteet\/hapet\/happo-kahvi\/#breadcrumb","itemListElement":[{"@type":"ListItem","position":1,"name":"Etusivu","item":"https:\/\/naturalpoland.com\/fi\/"},{"@type":"ListItem","position":2,"name":"Tuotteet","item":"https:\/\/naturalpoland.com\/fi\/tuotteet\/"},{"@type":"ListItem","position":3,"name":"Kahvihappo"}]},{"@type":"WebSite","@id":"https:\/\/naturalpoland.com\/fi\/#website","url":"https:\/\/naturalpoland.com\/fi\/","name":"NATURAL POLAND - RAAKA-AINEIDEN TUKKUJAKELIJA","description":"Surowce dla przemys\u0142u spo\u017cywczego, kosmetycznego i farmaceutycznego","publisher":{"@id":"https:\/\/naturalpoland.com\/fi\/#organization"},"potentialAction":[{"@type":"SearchAction","target":{"@type":"EntryPoint","urlTemplate":"https:\/\/naturalpoland.com\/fi\/?s={search_term_string}"},"query-input":{"@type":"PropertyValueSpecification","valueRequired":true,"valueName":"search_term_string"}}],"inLanguage":"fi"},{"@type":"Organization","@id":"https:\/\/naturalpoland.com\/fi\/#organization","name":"Natural Poland","url":"https:\/\/naturalpoland.com\/fi\/","logo":{"@type":"ImageObject","inLanguage":"fi","@id":"https:\/\/naturalpoland.com\/fi\/#\/schema\/logo\/image\/","url":"https:\/\/naturalpoland.com\/wp-content\/uploads\/2021\/05\/natural-poland-icon.png","contentUrl":"https:\/\/naturalpoland.com\/wp-content\/uploads\/2021\/05\/natural-poland-icon.png","width":512,"height":512,"caption":"Natural Poland"},"image":{"@id":"https:\/\/naturalpoland.com\/fi\/#\/schema\/logo\/image\/"},"sameAs":["https:\/\/www.facebook.com\/naturalpoland.b2b","https:\/\/pl.linkedin.com\/company\/natural-poland","https:\/\/www.youtube.com\/channel\/UCgeGGkvOMahZo-xu_MSEWxg"]}]}},"_links":{"self":[{"href":"https:\/\/naturalpoland.com\/fi\/wp-json\/wp\/v2\/product\/35344","targetHints":{"allow":["GET"]}}],"collection":[{"href":"https:\/\/naturalpoland.com\/fi\/wp-json\/wp\/v2\/product"}],"about":[{"href":"https:\/\/naturalpoland.com\/fi\/wp-json\/wp\/v2\/types\/product"}],"wp:featuredmedia":[{"embeddable":true,"href":"https:\/\/naturalpoland.com\/fi\/wp-json\/wp\/v2\/media\/35310"}],"wp:attachment":[{"href":"https:\/\/naturalpoland.com\/fi\/wp-json\/wp\/v2\/media?parent=35344"}],"wp:term":[{"taxonomy":"product_brand","embeddable":true,"href":"https:\/\/naturalpoland.com\/fi\/wp-json\/wp\/v2\/product_brand?post=35344"},{"taxonomy":"product_cat","embeddable":true,"href":"https:\/\/naturalpoland.com\/fi\/wp-json\/wp\/v2\/product_cat?post=35344"},{"taxonomy":"product_tag","embeddable":true,"href":"https:\/\/naturalpoland.com\/fi\/wp-json\/wp\/v2\/product_tag?post=35344"}],"curies":[{"name":"wp","href":"https:\/\/api.w.org\/{rel}","templated":true}]}}