{"id":35377,"date":"2024-09-10T11:38:47","date_gmt":"2024-09-10T11:13:04","guid":{"rendered":"https:\/\/naturalpoland.com\/produkty\/Ei-luokiteltu\/mandelihappo\/"},"modified":"2024-09-10T13:13:04","modified_gmt":"2024-09-10T11:13:04","slug":"mandelihappo","status":"publish","type":"product","link":"https:\/\/naturalpoland.com\/fi\/tuotteet\/kosmetiikkateollisuuden-tuotteet\/hapet\/mandelihappo\/","title":{"rendered":"Mandelihappo"},"content":{"rendered":"<h2>Mandelihapon ominaisuudet ja vaikutukset:<\/h2>\n<p><strong>V\u00e4rimuutosten v\u00e4hent\u00e4minen<\/strong> &#8211; mandelihappo vaalentaa erilaisia v\u00e4rimuutoksia, jotka johtuvat esimerkiksi auringosta (auringonpilkut), hormonaalisista muutoksista, aknesta ja ik\u00e4\u00e4ntymisest\u00e4.<br \/>\nSen kirkastava vaikutus perustuu tyrosinaasin toiminnan est\u00e4miseen, joka on keskeinen entsyymi melaniinin tuotannossa (melanogeneesi). <strong>Silottava vaikutus<\/strong> &#8211; mandelihapolla on kyky stimuloida glykosaminoglykaanien (GAG) synteesi\u00e4 ja edist\u00e4\u00e4 kollageenin ja elastiinin tuotantoa.<br \/>\nT\u00e4m\u00e4 vaikuttaa tasoittavasti ihoon ja v\u00e4hent\u00e4\u00e4 ryppyjen ulkon\u00e4k\u00f6\u00e4. <strong>Ihon kuorinta<\/strong> &#8211; mandelihappo kuuluu AHA-ryhm\u00e4\u00e4n, joten sill\u00e4 on keratolyyttinen vaikutus &#8211; se kuorii kuolleita orvasoluja l\u00f6ys\u00e4\u00e4m\u00e4ll\u00e4 niiden ja solujen v\u00e4lisen sementin v\u00e4lisi\u00e4 sidoksia.<br \/>\nT\u00e4m\u00e4 prosessi edist\u00e4\u00e4 solujen uusiutumista, vapauttaa talirauhasten ulostuloja ja est\u00e4\u00e4 n\u00e4in mustap\u00e4iden muodostumista ja tulehduksia.<br \/>\nSuurten molekyyliens\u00e4 ansiosta se tunkeutuu ihoon v\u00e4hitellen ja vaikuttaa hell\u00e4varaisemmin kuin muut AHA-hapot, joten se sopii hyvin my\u00f6s herk\u00e4lle iholle. <strong>Ihon s\u00e4vyn<\/strong> tasoittaminen &#8211; epidermiksen hell\u00e4varainen kuorinta johtaa kuolleiden solujen poistamiseen, mik\u00e4 voi aiheuttaa ihon ep\u00e4tasaista s\u00e4vy\u00e4.<br \/>\nMandelihapon s\u00e4\u00e4nn\u00f6llinen k\u00e4ytt\u00f6 tasoittaa ihon s\u00e4vy\u00e4 tulehduksen j\u00e4lkeisen hyperpigmentaation, pisamien ja chloasman yhteydess\u00e4.       <\/p>\n<h2>Hakemus<\/h2>\n<p>  Mandelihappoa sis\u00e4lt\u00e4vi\u00e4 tuotteita suositellaan erityisesti ongelmaiholle, rasvaiselle, sekaiholle, akneen taipuvaiselle iholle sek\u00e4 kyps\u00e4lle, kuivalle ja v\u00e4syneelle iholle.<br \/>\nSe on mieto happo, jota voivat k\u00e4ytt\u00e4\u00e4 herkk\u00e4ihoiset ja verisuoniper\u00e4iset henkil\u00f6t sek\u00e4 raskauden aikana, kunhan happopitoisuus ei ylit\u00e4 10-15 %.<br \/>\nMandelihappoa suositellaan k\u00e4ytett\u00e4v\u00e4ksi iltaisin ihon perusteellisen puhdistuksen j\u00e4lkeen, koska se herkist\u00e4\u00e4 ihoa valolle.<br \/>\nOn t\u00e4rke\u00e4\u00e4 muistaa suojata iho UV-s\u00e4teilylt\u00e4 p\u00e4iv\u00e4ll\u00e4 k\u00e4ytt\u00e4m\u00e4ll\u00e4 runsaasti aurinkosuojakerrointa sis\u00e4lt\u00e4vi\u00e4 voiteita.<br \/>\nMandelihappo on yksi miedommista AHA-aineista, mutta sen k\u00e4ytt\u00f6 voi aiheuttaa \u00e4rsytyst\u00e4 herkk\u00e4ihoisille tai v\u00e4\u00e4rin k\u00e4ytettyn\u00e4.    <\/p>\n","protected":false},"excerpt":{"rendered":"<p><strong>Mandelihappo<\/strong> (CAS: 90-64-2), joka tunnetaan my\u00f6s nimell\u00e4 <em><strong>Mandelihappo<\/strong><\/em>on orgaaninen kemiallinen yhdiste, joka kuuluu alfahydroksihapporyhm\u00e4\u00e4n (AHA).<br \/>\nSille on ominaista C\u2088H\u2088O\u2083-rakenne, ja se esiintyy puhtaassa muodossaan valkoisina, kiteisin\u00e4 hiutaleina.<br \/>\nMandelihappoa uutetaan luonnollisesti karvasmanteleista.  <\/p>\n","protected":false},"featured_media":35271,"template":"","meta":{"_acf_changed":false},"product_brand":[],"product_cat":[5450],"product_tag":[],"class_list":{"0":"post-35377","1":"product","2":"type-product","3":"status-publish","4":"has-post-thumbnail","6":"product_cat-hapet","8":"first","9":"instock","10":"shipping-taxable","11":"product-type-simple"},"acf":[],"yoast_head":"<!-- This site is optimized with the Yoast SEO plugin v27.4 - https:\/\/yoast.com\/product\/yoast-seo-wordpress\/ -->\n<title>Mandelihappo - NATURAL POLAND - RAAKA-AINEIDEN TUKKUJAKELIJA<\/title>\n<meta name=\"description\" content=\"Mandelihappo on osoittautunut tehokkaaksi hyperpigmentaation v\u00e4hent\u00e4misess\u00e4, ihon tasoittamisessa, kuolleen ihon kuorimisessa ja ihon s\u00e4vyn tasoittamisessa.\" \/>\n<meta name=\"robots\" content=\"index, follow, max-snippet:-1, max-image-preview:large, max-video-preview:-1\" \/>\n<link rel=\"canonical\" href=\"https:\/\/naturalpoland.com\/fi\/tuotteet\/kosmetiikkateollisuuden-tuotteet\/hapet\/mandelihappo\/\" \/>\n<meta property=\"og:locale\" content=\"fi_FI\" \/>\n<meta property=\"og:type\" content=\"article\" \/>\n<meta property=\"og:title\" content=\"Mandelihappo - NATURAL POLAND - RAAKA-AINEIDEN TUKKUJAKELIJA\" \/>\n<meta property=\"og:description\" content=\"Mandelihappo on osoittautunut tehokkaaksi hyperpigmentaation v\u00e4hent\u00e4misess\u00e4, ihon tasoittamisessa, kuolleen ihon kuorimisessa ja ihon s\u00e4vyn tasoittamisessa.\" \/>\n<meta property=\"og:url\" content=\"https:\/\/naturalpoland.com\/fi\/tuotteet\/kosmetiikkateollisuuden-tuotteet\/hapet\/mandelihappo\/\" \/>\n<meta property=\"og:site_name\" content=\"NATURAL POLAND - RAAKA-AINEIDEN TUKKUJAKELIJA\" \/>\n<meta property=\"article:publisher\" content=\"https:\/\/www.facebook.com\/naturalpoland.b2b\" \/>\n<meta property=\"og:image\" content=\"https:\/\/naturalpoland.com\/wp-content\/uploads\/kwas-migdalowy.webp\" \/>\n\t<meta property=\"og:image:width\" content=\"615\" \/>\n\t<meta property=\"og:image:height\" content=\"615\" \/>\n\t<meta property=\"og:image:type\" content=\"image\/webp\" \/>\n<script type=\"application\/ld+json\" class=\"yoast-schema-graph\">{\"@context\":\"https:\\\/\\\/schema.org\",\"@graph\":[{\"@type\":\"WebPage\",\"@id\":\"https:\\\/\\\/naturalpoland.com\\\/fi\\\/tuotteet\\\/kosmetiikkateollisuuden-tuotteet\\\/hapet\\\/mandelihappo\\\/\",\"url\":\"https:\\\/\\\/naturalpoland.com\\\/fi\\\/tuotteet\\\/kosmetiikkateollisuuden-tuotteet\\\/hapet\\\/mandelihappo\\\/\",\"name\":\"Mandelihappo - NATURAL POLAND - RAAKA-AINEIDEN TUKKUJAKELIJA\",\"isPartOf\":{\"@id\":\"https:\\\/\\\/naturalpoland.com\\\/fi\\\/#website\"},\"primaryImageOfPage\":{\"@id\":\"https:\\\/\\\/naturalpoland.com\\\/fi\\\/tuotteet\\\/kosmetiikkateollisuuden-tuotteet\\\/hapet\\\/mandelihappo\\\/#primaryimage\"},\"image\":{\"@id\":\"https:\\\/\\\/naturalpoland.com\\\/fi\\\/tuotteet\\\/kosmetiikkateollisuuden-tuotteet\\\/hapet\\\/mandelihappo\\\/#primaryimage\"},\"thumbnailUrl\":\"https:\\\/\\\/naturalpoland.com\\\/wp-content\\\/uploads\\\/kwas-migdalowy.webp\",\"datePublished\":\"2024-09-10T11:13:04+00:00\",\"description\":\"Mandelihappo on osoittautunut tehokkaaksi hyperpigmentaation v\u00e4hent\u00e4misess\u00e4, ihon tasoittamisessa, kuolleen ihon kuorimisessa ja ihon s\u00e4vyn tasoittamisessa.\",\"breadcrumb\":{\"@id\":\"https:\\\/\\\/naturalpoland.com\\\/fi\\\/tuotteet\\\/kosmetiikkateollisuuden-tuotteet\\\/hapet\\\/mandelihappo\\\/#breadcrumb\"},\"inLanguage\":\"fi\",\"potentialAction\":[{\"@type\":\"ReadAction\",\"target\":[\"https:\\\/\\\/naturalpoland.com\\\/fi\\\/tuotteet\\\/kosmetiikkateollisuuden-tuotteet\\\/hapet\\\/mandelihappo\\\/\"]}]},{\"@type\":\"ImageObject\",\"inLanguage\":\"fi\",\"@id\":\"https:\\\/\\\/naturalpoland.com\\\/fi\\\/tuotteet\\\/kosmetiikkateollisuuden-tuotteet\\\/hapet\\\/mandelihappo\\\/#primaryimage\",\"url\":\"https:\\\/\\\/naturalpoland.com\\\/wp-content\\\/uploads\\\/kwas-migdalowy.webp\",\"contentUrl\":\"https:\\\/\\\/naturalpoland.com\\\/wp-content\\\/uploads\\\/kwas-migdalowy.webp\",\"width\":615,\"height\":615,\"caption\":\"kwas migda\u0142owy\"},{\"@type\":\"BreadcrumbList\",\"@id\":\"https:\\\/\\\/naturalpoland.com\\\/fi\\\/tuotteet\\\/kosmetiikkateollisuuden-tuotteet\\\/hapet\\\/mandelihappo\\\/#breadcrumb\",\"itemListElement\":[{\"@type\":\"ListItem\",\"position\":1,\"name\":\"Etusivu\",\"item\":\"https:\\\/\\\/naturalpoland.com\\\/fi\\\/\"},{\"@type\":\"ListItem\",\"position\":2,\"name\":\"Tuotteet\",\"item\":\"https:\\\/\\\/naturalpoland.com\\\/fi\\\/tuotteet\\\/\"},{\"@type\":\"ListItem\",\"position\":3,\"name\":\"Mandelihappo\"}]},{\"@type\":\"WebSite\",\"@id\":\"https:\\\/\\\/naturalpoland.com\\\/fi\\\/#website\",\"url\":\"https:\\\/\\\/naturalpoland.com\\\/fi\\\/\",\"name\":\"NATURAL POLAND - RAAKA-AINEIDEN TUKKUJAKELIJA\",\"description\":\"Surowce dla przemys\u0142u spo\u017cywczego, kosmetycznego i farmaceutycznego\",\"publisher\":{\"@id\":\"https:\\\/\\\/naturalpoland.com\\\/fi\\\/#organization\"},\"potentialAction\":[{\"@type\":\"SearchAction\",\"target\":{\"@type\":\"EntryPoint\",\"urlTemplate\":\"https:\\\/\\\/naturalpoland.com\\\/fi\\\/?s={search_term_string}\"},\"query-input\":{\"@type\":\"PropertyValueSpecification\",\"valueRequired\":true,\"valueName\":\"search_term_string\"}}],\"inLanguage\":\"fi\"},{\"@type\":\"Organization\",\"@id\":\"https:\\\/\\\/naturalpoland.com\\\/fi\\\/#organization\",\"name\":\"Natural Poland\",\"url\":\"https:\\\/\\\/naturalpoland.com\\\/fi\\\/\",\"logo\":{\"@type\":\"ImageObject\",\"inLanguage\":\"fi\",\"@id\":\"https:\\\/\\\/naturalpoland.com\\\/fi\\\/#\\\/schema\\\/logo\\\/image\\\/\",\"url\":\"https:\\\/\\\/naturalpoland.com\\\/wp-content\\\/uploads\\\/2021\\\/05\\\/natural-poland-icon.png\",\"contentUrl\":\"https:\\\/\\\/naturalpoland.com\\\/wp-content\\\/uploads\\\/2021\\\/05\\\/natural-poland-icon.png\",\"width\":512,\"height\":512,\"caption\":\"Natural Poland\"},\"image\":{\"@id\":\"https:\\\/\\\/naturalpoland.com\\\/fi\\\/#\\\/schema\\\/logo\\\/image\\\/\"},\"sameAs\":[\"https:\\\/\\\/www.facebook.com\\\/naturalpoland.b2b\",\"https:\\\/\\\/pl.linkedin.com\\\/company\\\/natural-poland\",\"https:\\\/\\\/www.youtube.com\\\/channel\\\/UCgeGGkvOMahZo-xu_MSEWxg\"]}]}<\/script>\n<!-- \/ Yoast SEO plugin. -->","yoast_head_json":{"title":"Mandelihappo - NATURAL POLAND - RAAKA-AINEIDEN TUKKUJAKELIJA","description":"Mandelihappo on osoittautunut tehokkaaksi hyperpigmentaation v\u00e4hent\u00e4misess\u00e4, ihon tasoittamisessa, kuolleen ihon kuorimisessa ja ihon s\u00e4vyn tasoittamisessa.","robots":{"index":"index","follow":"follow","max-snippet":"max-snippet:-1","max-image-preview":"max-image-preview:large","max-video-preview":"max-video-preview:-1"},"canonical":"https:\/\/naturalpoland.com\/fi\/tuotteet\/kosmetiikkateollisuuden-tuotteet\/hapet\/mandelihappo\/","og_locale":"fi_FI","og_type":"article","og_title":"Mandelihappo - NATURAL POLAND - RAAKA-AINEIDEN TUKKUJAKELIJA","og_description":"Mandelihappo on osoittautunut tehokkaaksi hyperpigmentaation v\u00e4hent\u00e4misess\u00e4, ihon tasoittamisessa, kuolleen ihon kuorimisessa ja ihon s\u00e4vyn tasoittamisessa.","og_url":"https:\/\/naturalpoland.com\/fi\/tuotteet\/kosmetiikkateollisuuden-tuotteet\/hapet\/mandelihappo\/","og_site_name":"NATURAL POLAND - RAAKA-AINEIDEN TUKKUJAKELIJA","article_publisher":"https:\/\/www.facebook.com\/naturalpoland.b2b","og_image":[{"width":615,"height":615,"url":"https:\/\/naturalpoland.com\/wp-content\/uploads\/kwas-migdalowy.webp","type":"image\/webp"}],"schema":{"@context":"https:\/\/schema.org","@graph":[{"@type":"WebPage","@id":"https:\/\/naturalpoland.com\/fi\/tuotteet\/kosmetiikkateollisuuden-tuotteet\/hapet\/mandelihappo\/","url":"https:\/\/naturalpoland.com\/fi\/tuotteet\/kosmetiikkateollisuuden-tuotteet\/hapet\/mandelihappo\/","name":"Mandelihappo - NATURAL POLAND - RAAKA-AINEIDEN TUKKUJAKELIJA","isPartOf":{"@id":"https:\/\/naturalpoland.com\/fi\/#website"},"primaryImageOfPage":{"@id":"https:\/\/naturalpoland.com\/fi\/tuotteet\/kosmetiikkateollisuuden-tuotteet\/hapet\/mandelihappo\/#primaryimage"},"image":{"@id":"https:\/\/naturalpoland.com\/fi\/tuotteet\/kosmetiikkateollisuuden-tuotteet\/hapet\/mandelihappo\/#primaryimage"},"thumbnailUrl":"https:\/\/naturalpoland.com\/wp-content\/uploads\/kwas-migdalowy.webp","datePublished":"2024-09-10T11:13:04+00:00","description":"Mandelihappo on osoittautunut tehokkaaksi hyperpigmentaation v\u00e4hent\u00e4misess\u00e4, ihon tasoittamisessa, kuolleen ihon kuorimisessa ja ihon s\u00e4vyn tasoittamisessa.","breadcrumb":{"@id":"https:\/\/naturalpoland.com\/fi\/tuotteet\/kosmetiikkateollisuuden-tuotteet\/hapet\/mandelihappo\/#breadcrumb"},"inLanguage":"fi","potentialAction":[{"@type":"ReadAction","target":["https:\/\/naturalpoland.com\/fi\/tuotteet\/kosmetiikkateollisuuden-tuotteet\/hapet\/mandelihappo\/"]}]},{"@type":"ImageObject","inLanguage":"fi","@id":"https:\/\/naturalpoland.com\/fi\/tuotteet\/kosmetiikkateollisuuden-tuotteet\/hapet\/mandelihappo\/#primaryimage","url":"https:\/\/naturalpoland.com\/wp-content\/uploads\/kwas-migdalowy.webp","contentUrl":"https:\/\/naturalpoland.com\/wp-content\/uploads\/kwas-migdalowy.webp","width":615,"height":615,"caption":"kwas migda\u0142owy"},{"@type":"BreadcrumbList","@id":"https:\/\/naturalpoland.com\/fi\/tuotteet\/kosmetiikkateollisuuden-tuotteet\/hapet\/mandelihappo\/#breadcrumb","itemListElement":[{"@type":"ListItem","position":1,"name":"Etusivu","item":"https:\/\/naturalpoland.com\/fi\/"},{"@type":"ListItem","position":2,"name":"Tuotteet","item":"https:\/\/naturalpoland.com\/fi\/tuotteet\/"},{"@type":"ListItem","position":3,"name":"Mandelihappo"}]},{"@type":"WebSite","@id":"https:\/\/naturalpoland.com\/fi\/#website","url":"https:\/\/naturalpoland.com\/fi\/","name":"NATURAL POLAND - RAAKA-AINEIDEN TUKKUJAKELIJA","description":"Surowce dla przemys\u0142u spo\u017cywczego, kosmetycznego i farmaceutycznego","publisher":{"@id":"https:\/\/naturalpoland.com\/fi\/#organization"},"potentialAction":[{"@type":"SearchAction","target":{"@type":"EntryPoint","urlTemplate":"https:\/\/naturalpoland.com\/fi\/?s={search_term_string}"},"query-input":{"@type":"PropertyValueSpecification","valueRequired":true,"valueName":"search_term_string"}}],"inLanguage":"fi"},{"@type":"Organization","@id":"https:\/\/naturalpoland.com\/fi\/#organization","name":"Natural Poland","url":"https:\/\/naturalpoland.com\/fi\/","logo":{"@type":"ImageObject","inLanguage":"fi","@id":"https:\/\/naturalpoland.com\/fi\/#\/schema\/logo\/image\/","url":"https:\/\/naturalpoland.com\/wp-content\/uploads\/2021\/05\/natural-poland-icon.png","contentUrl":"https:\/\/naturalpoland.com\/wp-content\/uploads\/2021\/05\/natural-poland-icon.png","width":512,"height":512,"caption":"Natural Poland"},"image":{"@id":"https:\/\/naturalpoland.com\/fi\/#\/schema\/logo\/image\/"},"sameAs":["https:\/\/www.facebook.com\/naturalpoland.b2b","https:\/\/pl.linkedin.com\/company\/natural-poland","https:\/\/www.youtube.com\/channel\/UCgeGGkvOMahZo-xu_MSEWxg"]}]}},"_links":{"self":[{"href":"https:\/\/naturalpoland.com\/fi\/wp-json\/wp\/v2\/product\/35377","targetHints":{"allow":["GET"]}}],"collection":[{"href":"https:\/\/naturalpoland.com\/fi\/wp-json\/wp\/v2\/product"}],"about":[{"href":"https:\/\/naturalpoland.com\/fi\/wp-json\/wp\/v2\/types\/product"}],"wp:featuredmedia":[{"embeddable":true,"href":"https:\/\/naturalpoland.com\/fi\/wp-json\/wp\/v2\/media\/35271"}],"wp:attachment":[{"href":"https:\/\/naturalpoland.com\/fi\/wp-json\/wp\/v2\/media?parent=35377"}],"wp:term":[{"taxonomy":"product_brand","embeddable":true,"href":"https:\/\/naturalpoland.com\/fi\/wp-json\/wp\/v2\/product_brand?post=35377"},{"taxonomy":"product_cat","embeddable":true,"href":"https:\/\/naturalpoland.com\/fi\/wp-json\/wp\/v2\/product_cat?post=35377"},{"taxonomy":"product_tag","embeddable":true,"href":"https:\/\/naturalpoland.com\/fi\/wp-json\/wp\/v2\/product_tag?post=35377"}],"curies":[{"name":"wp","href":"https:\/\/api.w.org\/{rel}","templated":true}]}}