{"id":35389,"date":"2024-09-10T12:10:10","date_gmt":"2024-09-10T11:13:22","guid":{"rendered":"https:\/\/naturalpoland.com\/produkty\/Ei-luokiteltu\/shikimiinihappo\/"},"modified":"2024-09-10T13:13:22","modified_gmt":"2024-09-10T11:13:22","slug":"shikimiinihappo","status":"publish","type":"product","link":"https:\/\/naturalpoland.com\/fi\/tuotteet\/kosmetiikkateollisuuden-tuotteet\/hapet\/shikimiinihappo\/","title":{"rendered":"Shikimiinihappo"},"content":{"rendered":"<h2>Shikimiinihapon ominaisuudet ja vaikutukset<\/h2>\n<p><strong>Silottavat ominaisuudet<\/strong> &#8211; shikimiinihappo kuorii hell\u00e4varaisesti kuolleita ihosoluja tehden ihosta sile\u00e4n, pehme\u00e4n ja valmiin vastaanottamaan muita aktiivisia ainesosia.<br \/>\n<strong>Parantaa ihon kimmoisuutta<\/strong> &#8211; tuote edist\u00e4\u00e4 kollageenin ja elastiinin synteesi\u00e4, mik\u00e4 parantaa ihon kimmoisuutta.<br \/>\nSen vahvistava vaikutus saa ihon n\u00e4ytt\u00e4m\u00e4\u00e4n nuoremmalta ja terveemm\u00e4lt\u00e4, ja kasvojen \u00e4\u00e4riviivat paranevat n\u00e4kyv\u00e4sti.<br \/>\n<strong>Aknea ehk\u00e4isev\u00e4 vaikutus<\/strong> &#8211; shikimiinihapolla on antibakteerinen vaikutus, joka est\u00e4\u00e4 ihotulehdusta aiheuttavien bakteerien kasvua, ja se s\u00e4\u00e4telee my\u00f6s talinerityst\u00e4, mik\u00e4 v\u00e4hent\u00e4\u00e4 huokosten tukkeutumisen riski\u00e4.<br \/>\n<strong>Kirkastava vaikutus<\/strong> &#8211; hapolla on kyky est\u00e4\u00e4 tyrosinaasin &#8211; melaniinin tuotannosta vastaavan entsyymin &#8211; toimintaa.      <\/p>\n<h2>Hakemus<\/h2>\n<p>  Shikimiinihappo sopii kaikille ihotyypeille, my\u00f6s herk\u00e4lle, rasvaiselle, sekaiholle ja akneen taipuvaiselle iholle.<br \/>\nSit\u00e4 voidaan k\u00e4ytt\u00e4\u00e4 sek\u00e4 p\u00e4ivitt\u00e4isess\u00e4 ihonhoidossa ett\u00e4 ammattik\u00e4ytt\u00f6\u00f6n tarkoitetuissa kosmeettisissa hoidoissa, jotka vaativat korkeampia happopitoisuuksia.<br \/>\nShikimiinihapon k\u00e4ytt\u00f6 riippuu kosmetiikan muodosta ja aineen pitoisuudesta.<br \/>\nTuotteet, joiden pitoisuudet ovat pienempi\u00e4 (enint\u00e4\u00e4n 2-5 %), on tarkoitettu p\u00e4ivitt\u00e4iseen k\u00e4ytt\u00f6\u00f6n, kun taas suurempia pitoisuuksia suositellaan ammattik\u00e4ytt\u00f6\u00f6n tarkoitettuihin kosmeettisiin hoitoihin.<br \/>\nShikimiinihappoa voidaan k\u00e4ytt\u00e4\u00e4 sek\u00e4 aamulla ett\u00e4 illalla sill\u00e4 edellytyksell\u00e4, ett\u00e4 suojakertoimella varustetut voiteet ovat tarpeen p\u00e4iv\u00e4ll\u00e4 ihon suojaamiseksi UV-s\u00e4teilylt\u00e4.<br \/>\nShikimiinihapon k\u00e4yt\u00f6n vasta-aiheita ovat mm. seuraavat.<br \/>\nraskaus, imetys, aktiiviset ihoinfektiot, auringonpolttama, antibioottihoito ja ihosairaudet, kuten psoriaasi tai ekseema.      <\/p>\n","protected":false},"excerpt":{"rendered":"<p><strong>Shikimihappo<\/strong> (CAS: 138-59-0) on luonnollinen kemiallinen yhdiste, joka kuuluu alfa-hydroksihappojen (AHA) ryhm\u00e4\u00e4n ja jota uutetaan t\u00e4htianiksesta (Shikimi).<\/p>\n","protected":false},"featured_media":35284,"template":"","meta":{"_acf_changed":false},"product_brand":[],"product_cat":[5450],"product_tag":[],"class_list":{"0":"post-35389","1":"product","2":"type-product","3":"status-publish","4":"has-post-thumbnail","6":"product_cat-hapet","8":"first","9":"instock","10":"shipping-taxable","11":"product-type-simple"},"acf":[],"yoast_head":"<!-- This site is optimized with the Yoast SEO plugin v27.6 - https:\/\/yoast.com\/product\/yoast-seo-wordpress\/ -->\n<title>Shikimiinihappo - NATURAL POLAND - RAAKA-AINEIDEN TUKKUJAKELIJA<\/title>\n<meta name=\"description\" content=\"Shikimiinihapolla on kyky tasoittaa, kiinteytt\u00e4\u00e4 ja kirkastaa ihoa, ja sill\u00e4 on aknea ehk\u00e4isev\u00e4 vaikutus.\" \/>\n<meta name=\"robots\" content=\"index, follow, max-snippet:-1, max-image-preview:large, max-video-preview:-1\" \/>\n<link rel=\"canonical\" href=\"https:\/\/naturalpoland.com\/fi\/tuotteet\/kosmetiikkateollisuuden-tuotteet\/hapet\/shikimiinihappo\/\" \/>\n<meta property=\"og:locale\" content=\"fi_FI\" \/>\n<meta property=\"og:type\" content=\"article\" \/>\n<meta property=\"og:title\" content=\"Shikimiinihappo - NATURAL POLAND - RAAKA-AINEIDEN TUKKUJAKELIJA\" \/>\n<meta property=\"og:description\" content=\"Shikimiinihapolla on kyky tasoittaa, kiinteytt\u00e4\u00e4 ja kirkastaa ihoa, ja sill\u00e4 on aknea ehk\u00e4isev\u00e4 vaikutus.\" \/>\n<meta property=\"og:url\" content=\"https:\/\/naturalpoland.com\/fi\/tuotteet\/kosmetiikkateollisuuden-tuotteet\/hapet\/shikimiinihappo\/\" \/>\n<meta property=\"og:site_name\" content=\"NATURAL POLAND - RAAKA-AINEIDEN TUKKUJAKELIJA\" \/>\n<meta property=\"article:publisher\" content=\"https:\/\/www.facebook.com\/naturalpoland.b2b\" \/>\n<meta property=\"og:image\" content=\"https:\/\/naturalpoland.com\/wp-content\/uploads\/kwas-szikimowy.webp\" \/>\n\t<meta property=\"og:image:width\" content=\"615\" \/>\n\t<meta property=\"og:image:height\" content=\"615\" \/>\n\t<meta property=\"og:image:type\" content=\"image\/webp\" \/>\n<script type=\"application\/ld+json\" class=\"yoast-schema-graph\">{\"@context\":\"https:\\\/\\\/schema.org\",\"@graph\":[{\"@type\":\"WebPage\",\"@id\":\"https:\\\/\\\/naturalpoland.com\\\/fi\\\/tuotteet\\\/kosmetiikkateollisuuden-tuotteet\\\/hapet\\\/shikimiinihappo\\\/\",\"url\":\"https:\\\/\\\/naturalpoland.com\\\/fi\\\/tuotteet\\\/kosmetiikkateollisuuden-tuotteet\\\/hapet\\\/shikimiinihappo\\\/\",\"name\":\"Shikimiinihappo - NATURAL POLAND - RAAKA-AINEIDEN TUKKUJAKELIJA\",\"isPartOf\":{\"@id\":\"https:\\\/\\\/naturalpoland.com\\\/fi\\\/#website\"},\"primaryImageOfPage\":{\"@id\":\"https:\\\/\\\/naturalpoland.com\\\/fi\\\/tuotteet\\\/kosmetiikkateollisuuden-tuotteet\\\/hapet\\\/shikimiinihappo\\\/#primaryimage\"},\"image\":{\"@id\":\"https:\\\/\\\/naturalpoland.com\\\/fi\\\/tuotteet\\\/kosmetiikkateollisuuden-tuotteet\\\/hapet\\\/shikimiinihappo\\\/#primaryimage\"},\"thumbnailUrl\":\"https:\\\/\\\/naturalpoland.com\\\/wp-content\\\/uploads\\\/kwas-szikimowy.webp\",\"datePublished\":\"2024-09-10T11:13:22+00:00\",\"description\":\"Shikimiinihapolla on kyky tasoittaa, kiinteytt\u00e4\u00e4 ja kirkastaa ihoa, ja sill\u00e4 on aknea ehk\u00e4isev\u00e4 vaikutus.\",\"breadcrumb\":{\"@id\":\"https:\\\/\\\/naturalpoland.com\\\/fi\\\/tuotteet\\\/kosmetiikkateollisuuden-tuotteet\\\/hapet\\\/shikimiinihappo\\\/#breadcrumb\"},\"inLanguage\":\"fi\",\"potentialAction\":[{\"@type\":\"ReadAction\",\"target\":[\"https:\\\/\\\/naturalpoland.com\\\/fi\\\/tuotteet\\\/kosmetiikkateollisuuden-tuotteet\\\/hapet\\\/shikimiinihappo\\\/\"]}]},{\"@type\":\"ImageObject\",\"inLanguage\":\"fi\",\"@id\":\"https:\\\/\\\/naturalpoland.com\\\/fi\\\/tuotteet\\\/kosmetiikkateollisuuden-tuotteet\\\/hapet\\\/shikimiinihappo\\\/#primaryimage\",\"url\":\"https:\\\/\\\/naturalpoland.com\\\/wp-content\\\/uploads\\\/kwas-szikimowy.webp\",\"contentUrl\":\"https:\\\/\\\/naturalpoland.com\\\/wp-content\\\/uploads\\\/kwas-szikimowy.webp\",\"width\":615,\"height\":615,\"caption\":\"kwas szikimowy\"},{\"@type\":\"BreadcrumbList\",\"@id\":\"https:\\\/\\\/naturalpoland.com\\\/fi\\\/tuotteet\\\/kosmetiikkateollisuuden-tuotteet\\\/hapet\\\/shikimiinihappo\\\/#breadcrumb\",\"itemListElement\":[{\"@type\":\"ListItem\",\"position\":1,\"name\":\"Etusivu\",\"item\":\"https:\\\/\\\/naturalpoland.com\\\/fi\\\/\"},{\"@type\":\"ListItem\",\"position\":2,\"name\":\"Tuotteet\",\"item\":\"https:\\\/\\\/naturalpoland.com\\\/fi\\\/tuotteet\\\/\"},{\"@type\":\"ListItem\",\"position\":3,\"name\":\"Shikimiinihappo\"}]},{\"@type\":\"WebSite\",\"@id\":\"https:\\\/\\\/naturalpoland.com\\\/fi\\\/#website\",\"url\":\"https:\\\/\\\/naturalpoland.com\\\/fi\\\/\",\"name\":\"NATURAL POLAND - RAAKA-AINEIDEN TUKKUJAKELIJA\",\"description\":\"Surowce dla przemys\u0142u spo\u017cywczego, kosmetycznego i farmaceutycznego\",\"publisher\":{\"@id\":\"https:\\\/\\\/naturalpoland.com\\\/fi\\\/#organization\"},\"potentialAction\":[{\"@type\":\"SearchAction\",\"target\":{\"@type\":\"EntryPoint\",\"urlTemplate\":\"https:\\\/\\\/naturalpoland.com\\\/fi\\\/?s={search_term_string}\"},\"query-input\":{\"@type\":\"PropertyValueSpecification\",\"valueRequired\":true,\"valueName\":\"search_term_string\"}}],\"inLanguage\":\"fi\"},{\"@type\":\"Organization\",\"@id\":\"https:\\\/\\\/naturalpoland.com\\\/fi\\\/#organization\",\"name\":\"Natural Poland\",\"url\":\"https:\\\/\\\/naturalpoland.com\\\/fi\\\/\",\"logo\":{\"@type\":\"ImageObject\",\"inLanguage\":\"fi\",\"@id\":\"https:\\\/\\\/naturalpoland.com\\\/fi\\\/#\\\/schema\\\/logo\\\/image\\\/\",\"url\":\"https:\\\/\\\/naturalpoland.com\\\/wp-content\\\/uploads\\\/2021\\\/05\\\/natural-poland-icon.png\",\"contentUrl\":\"https:\\\/\\\/naturalpoland.com\\\/wp-content\\\/uploads\\\/2021\\\/05\\\/natural-poland-icon.png\",\"width\":512,\"height\":512,\"caption\":\"Natural Poland\"},\"image\":{\"@id\":\"https:\\\/\\\/naturalpoland.com\\\/fi\\\/#\\\/schema\\\/logo\\\/image\\\/\"},\"sameAs\":[\"https:\\\/\\\/www.facebook.com\\\/naturalpoland.b2b\",\"https:\\\/\\\/pl.linkedin.com\\\/company\\\/natural-poland\",\"https:\\\/\\\/www.youtube.com\\\/channel\\\/UCgeGGkvOMahZo-xu_MSEWxg\"]}]}<\/script>\n<!-- \/ Yoast SEO plugin. -->","yoast_head_json":{"title":"Shikimiinihappo - NATURAL POLAND - RAAKA-AINEIDEN TUKKUJAKELIJA","description":"Shikimiinihapolla on kyky tasoittaa, kiinteytt\u00e4\u00e4 ja kirkastaa ihoa, ja sill\u00e4 on aknea ehk\u00e4isev\u00e4 vaikutus.","robots":{"index":"index","follow":"follow","max-snippet":"max-snippet:-1","max-image-preview":"max-image-preview:large","max-video-preview":"max-video-preview:-1"},"canonical":"https:\/\/naturalpoland.com\/fi\/tuotteet\/kosmetiikkateollisuuden-tuotteet\/hapet\/shikimiinihappo\/","og_locale":"fi_FI","og_type":"article","og_title":"Shikimiinihappo - NATURAL POLAND - RAAKA-AINEIDEN TUKKUJAKELIJA","og_description":"Shikimiinihapolla on kyky tasoittaa, kiinteytt\u00e4\u00e4 ja kirkastaa ihoa, ja sill\u00e4 on aknea ehk\u00e4isev\u00e4 vaikutus.","og_url":"https:\/\/naturalpoland.com\/fi\/tuotteet\/kosmetiikkateollisuuden-tuotteet\/hapet\/shikimiinihappo\/","og_site_name":"NATURAL POLAND - RAAKA-AINEIDEN TUKKUJAKELIJA","article_publisher":"https:\/\/www.facebook.com\/naturalpoland.b2b","og_image":[{"width":615,"height":615,"url":"https:\/\/naturalpoland.com\/wp-content\/uploads\/kwas-szikimowy.webp","type":"image\/webp"}],"schema":{"@context":"https:\/\/schema.org","@graph":[{"@type":"WebPage","@id":"https:\/\/naturalpoland.com\/fi\/tuotteet\/kosmetiikkateollisuuden-tuotteet\/hapet\/shikimiinihappo\/","url":"https:\/\/naturalpoland.com\/fi\/tuotteet\/kosmetiikkateollisuuden-tuotteet\/hapet\/shikimiinihappo\/","name":"Shikimiinihappo - NATURAL POLAND - RAAKA-AINEIDEN TUKKUJAKELIJA","isPartOf":{"@id":"https:\/\/naturalpoland.com\/fi\/#website"},"primaryImageOfPage":{"@id":"https:\/\/naturalpoland.com\/fi\/tuotteet\/kosmetiikkateollisuuden-tuotteet\/hapet\/shikimiinihappo\/#primaryimage"},"image":{"@id":"https:\/\/naturalpoland.com\/fi\/tuotteet\/kosmetiikkateollisuuden-tuotteet\/hapet\/shikimiinihappo\/#primaryimage"},"thumbnailUrl":"https:\/\/naturalpoland.com\/wp-content\/uploads\/kwas-szikimowy.webp","datePublished":"2024-09-10T11:13:22+00:00","description":"Shikimiinihapolla on kyky tasoittaa, kiinteytt\u00e4\u00e4 ja kirkastaa ihoa, ja sill\u00e4 on aknea ehk\u00e4isev\u00e4 vaikutus.","breadcrumb":{"@id":"https:\/\/naturalpoland.com\/fi\/tuotteet\/kosmetiikkateollisuuden-tuotteet\/hapet\/shikimiinihappo\/#breadcrumb"},"inLanguage":"fi","potentialAction":[{"@type":"ReadAction","target":["https:\/\/naturalpoland.com\/fi\/tuotteet\/kosmetiikkateollisuuden-tuotteet\/hapet\/shikimiinihappo\/"]}]},{"@type":"ImageObject","inLanguage":"fi","@id":"https:\/\/naturalpoland.com\/fi\/tuotteet\/kosmetiikkateollisuuden-tuotteet\/hapet\/shikimiinihappo\/#primaryimage","url":"https:\/\/naturalpoland.com\/wp-content\/uploads\/kwas-szikimowy.webp","contentUrl":"https:\/\/naturalpoland.com\/wp-content\/uploads\/kwas-szikimowy.webp","width":615,"height":615,"caption":"kwas szikimowy"},{"@type":"BreadcrumbList","@id":"https:\/\/naturalpoland.com\/fi\/tuotteet\/kosmetiikkateollisuuden-tuotteet\/hapet\/shikimiinihappo\/#breadcrumb","itemListElement":[{"@type":"ListItem","position":1,"name":"Etusivu","item":"https:\/\/naturalpoland.com\/fi\/"},{"@type":"ListItem","position":2,"name":"Tuotteet","item":"https:\/\/naturalpoland.com\/fi\/tuotteet\/"},{"@type":"ListItem","position":3,"name":"Shikimiinihappo"}]},{"@type":"WebSite","@id":"https:\/\/naturalpoland.com\/fi\/#website","url":"https:\/\/naturalpoland.com\/fi\/","name":"NATURAL POLAND - RAAKA-AINEIDEN TUKKUJAKELIJA","description":"Surowce dla przemys\u0142u spo\u017cywczego, kosmetycznego i farmaceutycznego","publisher":{"@id":"https:\/\/naturalpoland.com\/fi\/#organization"},"potentialAction":[{"@type":"SearchAction","target":{"@type":"EntryPoint","urlTemplate":"https:\/\/naturalpoland.com\/fi\/?s={search_term_string}"},"query-input":{"@type":"PropertyValueSpecification","valueRequired":true,"valueName":"search_term_string"}}],"inLanguage":"fi"},{"@type":"Organization","@id":"https:\/\/naturalpoland.com\/fi\/#organization","name":"Natural Poland","url":"https:\/\/naturalpoland.com\/fi\/","logo":{"@type":"ImageObject","inLanguage":"fi","@id":"https:\/\/naturalpoland.com\/fi\/#\/schema\/logo\/image\/","url":"https:\/\/naturalpoland.com\/wp-content\/uploads\/2021\/05\/natural-poland-icon.png","contentUrl":"https:\/\/naturalpoland.com\/wp-content\/uploads\/2021\/05\/natural-poland-icon.png","width":512,"height":512,"caption":"Natural Poland"},"image":{"@id":"https:\/\/naturalpoland.com\/fi\/#\/schema\/logo\/image\/"},"sameAs":["https:\/\/www.facebook.com\/naturalpoland.b2b","https:\/\/pl.linkedin.com\/company\/natural-poland","https:\/\/www.youtube.com\/channel\/UCgeGGkvOMahZo-xu_MSEWxg"]}]}},"_links":{"self":[{"href":"https:\/\/naturalpoland.com\/fi\/wp-json\/wp\/v2\/product\/35389","targetHints":{"allow":["GET"]}}],"collection":[{"href":"https:\/\/naturalpoland.com\/fi\/wp-json\/wp\/v2\/product"}],"about":[{"href":"https:\/\/naturalpoland.com\/fi\/wp-json\/wp\/v2\/types\/product"}],"wp:featuredmedia":[{"embeddable":true,"href":"https:\/\/naturalpoland.com\/fi\/wp-json\/wp\/v2\/media\/35284"}],"wp:attachment":[{"href":"https:\/\/naturalpoland.com\/fi\/wp-json\/wp\/v2\/media?parent=35389"}],"wp:term":[{"taxonomy":"product_brand","embeddable":true,"href":"https:\/\/naturalpoland.com\/fi\/wp-json\/wp\/v2\/product_brand?post=35389"},{"taxonomy":"product_cat","embeddable":true,"href":"https:\/\/naturalpoland.com\/fi\/wp-json\/wp\/v2\/product_cat?post=35389"},{"taxonomy":"product_tag","embeddable":true,"href":"https:\/\/naturalpoland.com\/fi\/wp-json\/wp\/v2\/product_tag?post=35389"}],"curies":[{"name":"wp","href":"https:\/\/api.w.org\/{rel}","templated":true}]}}