{"id":35409,"date":"2024-09-09T15:47:49","date_gmt":"2024-09-10T11:55:13","guid":{"rendered":"https:\/\/naturalpoland.com\/produkty\/Ei-luokiteltu\/rosmariinihappo\/"},"modified":"2024-09-10T13:55:13","modified_gmt":"2024-09-10T11:55:13","slug":"rosmariinihappo","status":"publish","type":"product","link":"https:\/\/naturalpoland.com\/fi\/tuotteet\/kosmetiikkateollisuuden-tuotteet\/hapet\/rosmariinihappo\/","title":{"rendered":"Rosmariinihappo"},"content":{"rendered":"<h2>Rosmariinihapon vaikutus<\/h2>\n<p>  Kliinisiss\u00e4 tutkimuksissa on osoitettu, ett\u00e4 ruusmariinihappo toimii luonnollisena tulehduksesta vastaavien entsyymien, kuten syklooksigenaasin (COX) ja lipoksigenaasin (LOX), est\u00e4j\u00e4n\u00e4.<br \/>\nSe v\u00e4hent\u00e4\u00e4 leukotrieenien ja prostaglandiinien tuotantoa, jotka ovat tulehduksen v\u00e4litt\u00e4ji\u00e4, ja on siksi tehokas tulehdusta ehk\u00e4isev\u00e4 aine.<br \/>\nLis\u00e4ksi sill\u00e4 on antiproliferatiivisia ja antiviraalisia vaikutuksia ja se est\u00e4\u00e4 grampositiivisten bakteerien, kuten <em>Staphylococcuksen<\/em> ja <em>Listerian<\/em>, kasvua.    <\/p>\n<h2>Kosmeettiset sovellukset<\/h2>\n<p>  Rosmariinihappoa k\u00e4ytet\u00e4\u00e4n kosmetiikassa tulehdusta ehk\u00e4isev\u00e4n\u00e4, antioksidanttina ja UV-suojaavana ainesosana.<br \/>\nSit\u00e4 l\u00f6ytyy aknealttiille ihoille tarkoitetuista ihonhoitotuotteista ja aurinkovoiteista.<br \/>\nLis\u00e4ksi sill\u00e4 on antiseptisi\u00e4 ja antibakteerisia vaikutuksia, jotka v\u00e4hent\u00e4v\u00e4t ihon tulehduksia.<br \/>\nOminaisuuksiensa ansiosta se stimuloi karvatupet ja parantaa niiden kuntoa.     <\/p>\n<h2>Sovellukset muilla aloilla<\/h2>\n<p>  Rosmariinihappoa k\u00e4ytet\u00e4\u00e4n my\u00f6s l\u00e4\u00e4ke- ja ravitsemusteollisuudessa, jossa sen antioksidanttisia, tulehdusta ja viruksia ehk\u00e4isevi\u00e4 vaikutuksia k\u00e4ytet\u00e4\u00e4n ravintolisiss\u00e4 ja elintarvikkeiden funktionaalisena ainesosana.<br \/>\nSit\u00e4 voidaan k\u00e4ytt\u00e4\u00e4 my\u00f6s herpes labialiksen ja muiden tulehduksellisten ihosairauksien hoitoon.<br \/>\nRaaka-ainetta pidet\u00e4\u00e4n lupaavana ainesosana tulehdukseen liittyvien sairauksien, kuten astman, ateroskleroosin, mahahaavan ja sepelvaltimotaudin ehk\u00e4isyss\u00e4 ja hoidossa.  <\/p>\n","protected":false},"excerpt":{"rendered":"<p>Rosmariinihappo on depsidien ryhm\u00e4\u00e4n kuuluva polyfenoli.<br \/>\nSit\u00e4 esiintyy rosmariinin lehdiss\u00e4 ja muissa <em>Lamiaceae-heimon<\/em> kasveissa, kuten sitruunamelissa, salviassa, timjamissa ja mintussa. <\/p>\n","protected":false},"featured_media":35245,"template":"","meta":{"_acf_changed":false},"product_brand":[],"product_cat":[5450],"product_tag":[],"class_list":{"0":"post-35409","1":"product","2":"type-product","3":"status-publish","4":"has-post-thumbnail","6":"product_cat-hapet","8":"first","9":"instock","10":"shipping-taxable","11":"product-type-simple"},"acf":[],"yoast_head":"<!-- This site is optimized with the Yoast SEO plugin v27.4 - https:\/\/yoast.com\/product\/yoast-seo-wordpress\/ -->\n<title>Rosmariinihappo - NATURAL POLAND - RAAKA-AINEIDEN TUKKUJAKELIJA<\/title>\n<meta name=\"description\" content=\"Korkean biologisen hy\u00f6tyosuutensa ja monipuolisten terapeuttisten ominaisuuksiensa vuoksi rosmariinihappo on eritt\u00e4in kiinnostava kosmetiikassa ja farmasiassa.\" \/>\n<meta name=\"robots\" content=\"index, follow, max-snippet:-1, max-image-preview:large, max-video-preview:-1\" \/>\n<link rel=\"canonical\" href=\"https:\/\/naturalpoland.com\/fi\/tuotteet\/kosmetiikkateollisuuden-tuotteet\/hapet\/rosmariinihappo\/\" \/>\n<meta property=\"og:locale\" content=\"fi_FI\" \/>\n<meta property=\"og:type\" content=\"article\" \/>\n<meta property=\"og:title\" content=\"Rosmariinihappo - NATURAL POLAND - RAAKA-AINEIDEN TUKKUJAKELIJA\" \/>\n<meta property=\"og:description\" content=\"Korkean biologisen hy\u00f6tyosuutensa ja monipuolisten terapeuttisten ominaisuuksiensa vuoksi rosmariinihappo on eritt\u00e4in kiinnostava kosmetiikassa ja farmasiassa.\" \/>\n<meta property=\"og:url\" content=\"https:\/\/naturalpoland.com\/fi\/tuotteet\/kosmetiikkateollisuuden-tuotteet\/hapet\/rosmariinihappo\/\" \/>\n<meta property=\"og:site_name\" content=\"NATURAL POLAND - RAAKA-AINEIDEN TUKKUJAKELIJA\" \/>\n<meta property=\"article:publisher\" content=\"https:\/\/www.facebook.com\/naturalpoland.b2b\" \/>\n<meta property=\"og:image\" content=\"https:\/\/naturalpoland.com\/wp-content\/uploads\/kwas-rozmarynowy.webp\" \/>\n\t<meta property=\"og:image:width\" content=\"615\" \/>\n\t<meta property=\"og:image:height\" content=\"615\" \/>\n\t<meta property=\"og:image:type\" content=\"image\/webp\" \/>\n<script type=\"application\/ld+json\" class=\"yoast-schema-graph\">{\"@context\":\"https:\\\/\\\/schema.org\",\"@graph\":[{\"@type\":\"WebPage\",\"@id\":\"https:\\\/\\\/naturalpoland.com\\\/fi\\\/tuotteet\\\/kosmetiikkateollisuuden-tuotteet\\\/hapet\\\/rosmariinihappo\\\/\",\"url\":\"https:\\\/\\\/naturalpoland.com\\\/fi\\\/tuotteet\\\/kosmetiikkateollisuuden-tuotteet\\\/hapet\\\/rosmariinihappo\\\/\",\"name\":\"Rosmariinihappo - NATURAL POLAND - RAAKA-AINEIDEN TUKKUJAKELIJA\",\"isPartOf\":{\"@id\":\"https:\\\/\\\/naturalpoland.com\\\/fi\\\/#website\"},\"primaryImageOfPage\":{\"@id\":\"https:\\\/\\\/naturalpoland.com\\\/fi\\\/tuotteet\\\/kosmetiikkateollisuuden-tuotteet\\\/hapet\\\/rosmariinihappo\\\/#primaryimage\"},\"image\":{\"@id\":\"https:\\\/\\\/naturalpoland.com\\\/fi\\\/tuotteet\\\/kosmetiikkateollisuuden-tuotteet\\\/hapet\\\/rosmariinihappo\\\/#primaryimage\"},\"thumbnailUrl\":\"https:\\\/\\\/naturalpoland.com\\\/wp-content\\\/uploads\\\/kwas-rozmarynowy.webp\",\"datePublished\":\"2024-09-10T11:55:13+00:00\",\"description\":\"Korkean biologisen hy\u00f6tyosuutensa ja monipuolisten terapeuttisten ominaisuuksiensa vuoksi rosmariinihappo on eritt\u00e4in kiinnostava kosmetiikassa ja farmasiassa.\",\"breadcrumb\":{\"@id\":\"https:\\\/\\\/naturalpoland.com\\\/fi\\\/tuotteet\\\/kosmetiikkateollisuuden-tuotteet\\\/hapet\\\/rosmariinihappo\\\/#breadcrumb\"},\"inLanguage\":\"fi\",\"potentialAction\":[{\"@type\":\"ReadAction\",\"target\":[\"https:\\\/\\\/naturalpoland.com\\\/fi\\\/tuotteet\\\/kosmetiikkateollisuuden-tuotteet\\\/hapet\\\/rosmariinihappo\\\/\"]}]},{\"@type\":\"ImageObject\",\"inLanguage\":\"fi\",\"@id\":\"https:\\\/\\\/naturalpoland.com\\\/fi\\\/tuotteet\\\/kosmetiikkateollisuuden-tuotteet\\\/hapet\\\/rosmariinihappo\\\/#primaryimage\",\"url\":\"https:\\\/\\\/naturalpoland.com\\\/wp-content\\\/uploads\\\/kwas-rozmarynowy.webp\",\"contentUrl\":\"https:\\\/\\\/naturalpoland.com\\\/wp-content\\\/uploads\\\/kwas-rozmarynowy.webp\",\"width\":615,\"height\":615,\"caption\":\"kwas rozmarynowy\"},{\"@type\":\"BreadcrumbList\",\"@id\":\"https:\\\/\\\/naturalpoland.com\\\/fi\\\/tuotteet\\\/kosmetiikkateollisuuden-tuotteet\\\/hapet\\\/rosmariinihappo\\\/#breadcrumb\",\"itemListElement\":[{\"@type\":\"ListItem\",\"position\":1,\"name\":\"Etusivu\",\"item\":\"https:\\\/\\\/naturalpoland.com\\\/fi\\\/\"},{\"@type\":\"ListItem\",\"position\":2,\"name\":\"Tuotteet\",\"item\":\"https:\\\/\\\/naturalpoland.com\\\/fi\\\/tuotteet\\\/\"},{\"@type\":\"ListItem\",\"position\":3,\"name\":\"Rosmariinihappo\"}]},{\"@type\":\"WebSite\",\"@id\":\"https:\\\/\\\/naturalpoland.com\\\/fi\\\/#website\",\"url\":\"https:\\\/\\\/naturalpoland.com\\\/fi\\\/\",\"name\":\"NATURAL POLAND - RAAKA-AINEIDEN TUKKUJAKELIJA\",\"description\":\"Surowce dla przemys\u0142u spo\u017cywczego, kosmetycznego i farmaceutycznego\",\"publisher\":{\"@id\":\"https:\\\/\\\/naturalpoland.com\\\/fi\\\/#organization\"},\"potentialAction\":[{\"@type\":\"SearchAction\",\"target\":{\"@type\":\"EntryPoint\",\"urlTemplate\":\"https:\\\/\\\/naturalpoland.com\\\/fi\\\/?s={search_term_string}\"},\"query-input\":{\"@type\":\"PropertyValueSpecification\",\"valueRequired\":true,\"valueName\":\"search_term_string\"}}],\"inLanguage\":\"fi\"},{\"@type\":\"Organization\",\"@id\":\"https:\\\/\\\/naturalpoland.com\\\/fi\\\/#organization\",\"name\":\"Natural Poland\",\"url\":\"https:\\\/\\\/naturalpoland.com\\\/fi\\\/\",\"logo\":{\"@type\":\"ImageObject\",\"inLanguage\":\"fi\",\"@id\":\"https:\\\/\\\/naturalpoland.com\\\/fi\\\/#\\\/schema\\\/logo\\\/image\\\/\",\"url\":\"https:\\\/\\\/naturalpoland.com\\\/wp-content\\\/uploads\\\/2021\\\/05\\\/natural-poland-icon.png\",\"contentUrl\":\"https:\\\/\\\/naturalpoland.com\\\/wp-content\\\/uploads\\\/2021\\\/05\\\/natural-poland-icon.png\",\"width\":512,\"height\":512,\"caption\":\"Natural Poland\"},\"image\":{\"@id\":\"https:\\\/\\\/naturalpoland.com\\\/fi\\\/#\\\/schema\\\/logo\\\/image\\\/\"},\"sameAs\":[\"https:\\\/\\\/www.facebook.com\\\/naturalpoland.b2b\",\"https:\\\/\\\/pl.linkedin.com\\\/company\\\/natural-poland\",\"https:\\\/\\\/www.youtube.com\\\/channel\\\/UCgeGGkvOMahZo-xu_MSEWxg\"]}]}<\/script>\n<!-- \/ Yoast SEO plugin. -->","yoast_head_json":{"title":"Rosmariinihappo - NATURAL POLAND - RAAKA-AINEIDEN TUKKUJAKELIJA","description":"Korkean biologisen hy\u00f6tyosuutensa ja monipuolisten terapeuttisten ominaisuuksiensa vuoksi rosmariinihappo on eritt\u00e4in kiinnostava kosmetiikassa ja farmasiassa.","robots":{"index":"index","follow":"follow","max-snippet":"max-snippet:-1","max-image-preview":"max-image-preview:large","max-video-preview":"max-video-preview:-1"},"canonical":"https:\/\/naturalpoland.com\/fi\/tuotteet\/kosmetiikkateollisuuden-tuotteet\/hapet\/rosmariinihappo\/","og_locale":"fi_FI","og_type":"article","og_title":"Rosmariinihappo - NATURAL POLAND - RAAKA-AINEIDEN TUKKUJAKELIJA","og_description":"Korkean biologisen hy\u00f6tyosuutensa ja monipuolisten terapeuttisten ominaisuuksiensa vuoksi rosmariinihappo on eritt\u00e4in kiinnostava kosmetiikassa ja farmasiassa.","og_url":"https:\/\/naturalpoland.com\/fi\/tuotteet\/kosmetiikkateollisuuden-tuotteet\/hapet\/rosmariinihappo\/","og_site_name":"NATURAL POLAND - RAAKA-AINEIDEN TUKKUJAKELIJA","article_publisher":"https:\/\/www.facebook.com\/naturalpoland.b2b","og_image":[{"width":615,"height":615,"url":"https:\/\/naturalpoland.com\/wp-content\/uploads\/kwas-rozmarynowy.webp","type":"image\/webp"}],"schema":{"@context":"https:\/\/schema.org","@graph":[{"@type":"WebPage","@id":"https:\/\/naturalpoland.com\/fi\/tuotteet\/kosmetiikkateollisuuden-tuotteet\/hapet\/rosmariinihappo\/","url":"https:\/\/naturalpoland.com\/fi\/tuotteet\/kosmetiikkateollisuuden-tuotteet\/hapet\/rosmariinihappo\/","name":"Rosmariinihappo - NATURAL POLAND - RAAKA-AINEIDEN TUKKUJAKELIJA","isPartOf":{"@id":"https:\/\/naturalpoland.com\/fi\/#website"},"primaryImageOfPage":{"@id":"https:\/\/naturalpoland.com\/fi\/tuotteet\/kosmetiikkateollisuuden-tuotteet\/hapet\/rosmariinihappo\/#primaryimage"},"image":{"@id":"https:\/\/naturalpoland.com\/fi\/tuotteet\/kosmetiikkateollisuuden-tuotteet\/hapet\/rosmariinihappo\/#primaryimage"},"thumbnailUrl":"https:\/\/naturalpoland.com\/wp-content\/uploads\/kwas-rozmarynowy.webp","datePublished":"2024-09-10T11:55:13+00:00","description":"Korkean biologisen hy\u00f6tyosuutensa ja monipuolisten terapeuttisten ominaisuuksiensa vuoksi rosmariinihappo on eritt\u00e4in kiinnostava kosmetiikassa ja farmasiassa.","breadcrumb":{"@id":"https:\/\/naturalpoland.com\/fi\/tuotteet\/kosmetiikkateollisuuden-tuotteet\/hapet\/rosmariinihappo\/#breadcrumb"},"inLanguage":"fi","potentialAction":[{"@type":"ReadAction","target":["https:\/\/naturalpoland.com\/fi\/tuotteet\/kosmetiikkateollisuuden-tuotteet\/hapet\/rosmariinihappo\/"]}]},{"@type":"ImageObject","inLanguage":"fi","@id":"https:\/\/naturalpoland.com\/fi\/tuotteet\/kosmetiikkateollisuuden-tuotteet\/hapet\/rosmariinihappo\/#primaryimage","url":"https:\/\/naturalpoland.com\/wp-content\/uploads\/kwas-rozmarynowy.webp","contentUrl":"https:\/\/naturalpoland.com\/wp-content\/uploads\/kwas-rozmarynowy.webp","width":615,"height":615,"caption":"kwas rozmarynowy"},{"@type":"BreadcrumbList","@id":"https:\/\/naturalpoland.com\/fi\/tuotteet\/kosmetiikkateollisuuden-tuotteet\/hapet\/rosmariinihappo\/#breadcrumb","itemListElement":[{"@type":"ListItem","position":1,"name":"Etusivu","item":"https:\/\/naturalpoland.com\/fi\/"},{"@type":"ListItem","position":2,"name":"Tuotteet","item":"https:\/\/naturalpoland.com\/fi\/tuotteet\/"},{"@type":"ListItem","position":3,"name":"Rosmariinihappo"}]},{"@type":"WebSite","@id":"https:\/\/naturalpoland.com\/fi\/#website","url":"https:\/\/naturalpoland.com\/fi\/","name":"NATURAL POLAND - RAAKA-AINEIDEN TUKKUJAKELIJA","description":"Surowce dla przemys\u0142u spo\u017cywczego, kosmetycznego i farmaceutycznego","publisher":{"@id":"https:\/\/naturalpoland.com\/fi\/#organization"},"potentialAction":[{"@type":"SearchAction","target":{"@type":"EntryPoint","urlTemplate":"https:\/\/naturalpoland.com\/fi\/?s={search_term_string}"},"query-input":{"@type":"PropertyValueSpecification","valueRequired":true,"valueName":"search_term_string"}}],"inLanguage":"fi"},{"@type":"Organization","@id":"https:\/\/naturalpoland.com\/fi\/#organization","name":"Natural Poland","url":"https:\/\/naturalpoland.com\/fi\/","logo":{"@type":"ImageObject","inLanguage":"fi","@id":"https:\/\/naturalpoland.com\/fi\/#\/schema\/logo\/image\/","url":"https:\/\/naturalpoland.com\/wp-content\/uploads\/2021\/05\/natural-poland-icon.png","contentUrl":"https:\/\/naturalpoland.com\/wp-content\/uploads\/2021\/05\/natural-poland-icon.png","width":512,"height":512,"caption":"Natural Poland"},"image":{"@id":"https:\/\/naturalpoland.com\/fi\/#\/schema\/logo\/image\/"},"sameAs":["https:\/\/www.facebook.com\/naturalpoland.b2b","https:\/\/pl.linkedin.com\/company\/natural-poland","https:\/\/www.youtube.com\/channel\/UCgeGGkvOMahZo-xu_MSEWxg"]}]}},"_links":{"self":[{"href":"https:\/\/naturalpoland.com\/fi\/wp-json\/wp\/v2\/product\/35409","targetHints":{"allow":["GET"]}}],"collection":[{"href":"https:\/\/naturalpoland.com\/fi\/wp-json\/wp\/v2\/product"}],"about":[{"href":"https:\/\/naturalpoland.com\/fi\/wp-json\/wp\/v2\/types\/product"}],"wp:featuredmedia":[{"embeddable":true,"href":"https:\/\/naturalpoland.com\/fi\/wp-json\/wp\/v2\/media\/35245"}],"wp:attachment":[{"href":"https:\/\/naturalpoland.com\/fi\/wp-json\/wp\/v2\/media?parent=35409"}],"wp:term":[{"taxonomy":"product_brand","embeddable":true,"href":"https:\/\/naturalpoland.com\/fi\/wp-json\/wp\/v2\/product_brand?post=35409"},{"taxonomy":"product_cat","embeddable":true,"href":"https:\/\/naturalpoland.com\/fi\/wp-json\/wp\/v2\/product_cat?post=35409"},{"taxonomy":"product_tag","embeddable":true,"href":"https:\/\/naturalpoland.com\/fi\/wp-json\/wp\/v2\/product_tag?post=35409"}],"curies":[{"name":"wp","href":"https:\/\/api.w.org\/{rel}","templated":true}]}}