{"id":36299,"date":"2024-10-08T15:03:54","date_gmt":"2024-10-09T11:13:15","guid":{"rendered":"https:\/\/naturalpoland.com\/produkty\/Ei-luokiteltu\/oil-blue-tansy\/"},"modified":"2024-10-09T13:13:15","modified_gmt":"2024-10-09T11:13:15","slug":"oil-blue-tansy","status":"publish","type":"product","link":"https:\/\/naturalpoland.com\/fi\/tuotteet\/kosmetiikkateollisuuden-tuotteet\/eteeriset-oljyt\/oil-blue-tansy\/","title":{"rendered":"Blue Tansy \u00f6ljy"},"content":{"rendered":"<h2>Blue Tansy -\u00f6ljyn ominaisuudet<\/h2>\n<p>Blue Tansy -\u00f6ljyll\u00e4 on kamatsuleenin ja muiden antihistamiiniyhdisteiden ansiosta anti-inflammatorisia ja antiallergisia vaikutuksia. Se auttaa rauhoittamaan punoitusta, ihottumaa ja sopii iholle, jolla on ekseema tai auringonpolttama. \u00d6ljyll\u00e4 on my\u00f6s aromaterapeuttisia ominaisuuksia. Siin\u00e4 on voimakas, yrttinen tuoksu, jossa on hentoja, makeita omenan vivahteita. Se auttaa lievitt\u00e4m\u00e4\u00e4n henkist\u00e4 j\u00e4nnityst\u00e4 ja edist\u00e4m\u00e4\u00e4n henkist\u00e4 tasapainoa; v\u00e4hent\u00e4\u00e4 stressi\u00e4, \u00e4rtyneisyytt\u00e4 ja parantaa keskittymiskyky\u00e4. Sen k\u00e4ytt\u00f6\u00e4 suositellaan rentoutumiseen ja emotionaaliseen tukeen tarkoitetuissa tuotteissa, kuten voiteissa, tuoksukynttil\u00f6iss\u00e4 ja diffuusorisekoituksissa. <\/p>\n<h2>Hakemus<\/h2>\n<p>Tuote on erinomainen lis\u00e4 voiteisiin, kasvoseerumeihin, naamioihin ja ihonpuhdistusaineisiin. Se toimii hyvin ongelmallisen ihon kosmetiikassa, mukaan lukien punoitusta ja \u00e4rsytyst\u00e4 hoitavat valmisteet. Sit\u00e4 voidaan k\u00e4ytt\u00e4\u00e4 my\u00f6s kosteuttavissa voiteissa, anti-ageing-tuotteissa ja auringonpolttamia rauhoittavassa after sun -kosmetiikassa. \u00d6ljyn voimakkuuden vuoksi sit\u00e4 suositellaan laimentamaan perus\u00f6ljyll\u00e4, kuten jojoba- tai manteli\u00f6ljyll\u00e4, ennen kuin sit\u00e4 k\u00e4ytet\u00e4\u00e4n iholla. Blue Tansy -\u00f6ljy\u00e4 voidaan k\u00e4ytt\u00e4\u00e4 p\u00e4ivitt\u00e4in pienin\u00e4 m\u00e4\u00e4rin\u00e4, mutta aina varoen &#8211; liika voi aiheuttaa \u00e4rsytyst\u00e4.  <\/p>\n<h3><\/h3>\n","protected":false},"excerpt":{"rendered":"<p><strong>Blue Tansy Essential Oil<\/strong> tunnetaan my\u00f6s nimell\u00e4 <strong>marokkolainen Vetiver-\u00f6ljy<\/strong>. Se on v\u00e4rilt\u00e4\u00e4n kirkas, tummansininen ja sis\u00e4lt\u00e4\u00e4 runsaasti <strong>kamazuleenia<\/strong>, jolla on tulehdusta ehk\u00e4isevi\u00e4 ja rauhoittavia vaikutuksia. Se on per\u00e4isin Marokossa kasvavan ja kamomillalle l\u00e4heist\u00e4 sukua olevan sinitervaksen kukista.  <\/p>\n","protected":false},"featured_media":36231,"template":"","meta":[],"product_brand":[],"product_cat":[6264],"product_tag":[],"class_list":{"0":"post-36299","1":"product","2":"type-product","3":"status-publish","4":"has-post-thumbnail","6":"product_cat-eteeriset-oljyt","8":"first","9":"instock","10":"shipping-taxable","11":"product-type-simple"},"yoast_head":"<!-- This site is optimized with the Yoast SEO plugin v27.4 - https:\/\/yoast.com\/product\/yoast-seo-wordpress\/ -->\n<title>Blue Tansy \u00f6ljy - NATURAL POLAND - RAAKA-AINEIDEN TUKKUJAKELIJA<\/title>\n<meta name=\"description\" content=\"Blue Tansy -\u00f6ljy on t\u00e4ydellinen valinta kauneuden ja hyvinvoinnin ammattilaisille, jotka etsiv\u00e4t ainutlaatuisia ainesosia, joiden teho on todistettu.\" \/>\n<meta name=\"robots\" content=\"index, follow, max-snippet:-1, max-image-preview:large, max-video-preview:-1\" \/>\n<link rel=\"canonical\" href=\"https:\/\/naturalpoland.com\/fi\/tuotteet\/kosmetiikkateollisuuden-tuotteet\/eteeriset-oljyt\/oil-blue-tansy\/\" \/>\n<meta property=\"og:locale\" content=\"fi_FI\" \/>\n<meta property=\"og:type\" content=\"article\" \/>\n<meta property=\"og:title\" content=\"Blue Tansy \u00f6ljy - NATURAL POLAND - RAAKA-AINEIDEN TUKKUJAKELIJA\" \/>\n<meta property=\"og:description\" content=\"Blue Tansy -\u00f6ljy on t\u00e4ydellinen valinta kauneuden ja hyvinvoinnin ammattilaisille, jotka etsiv\u00e4t ainutlaatuisia ainesosia, joiden teho on todistettu.\" \/>\n<meta property=\"og:url\" content=\"https:\/\/naturalpoland.com\/fi\/tuotteet\/kosmetiikkateollisuuden-tuotteet\/eteeriset-oljyt\/oil-blue-tansy\/\" \/>\n<meta property=\"og:site_name\" content=\"NATURAL POLAND - RAAKA-AINEIDEN TUKKUJAKELIJA\" \/>\n<meta property=\"article:publisher\" content=\"https:\/\/www.facebook.com\/naturalpoland.b2b\" \/>\n<meta property=\"og:image\" content=\"https:\/\/naturalpoland.com\/wp-content\/uploads\/olejek-blue-tansy.webp\" \/>\n\t<meta property=\"og:image:width\" content=\"1024\" \/>\n\t<meta property=\"og:image:height\" content=\"1024\" \/>\n\t<meta property=\"og:image:type\" content=\"image\/webp\" \/>\n<script type=\"application\/ld+json\" class=\"yoast-schema-graph\">{\"@context\":\"https:\\\/\\\/schema.org\",\"@graph\":[{\"@type\":\"WebPage\",\"@id\":\"https:\\\/\\\/naturalpoland.com\\\/fi\\\/tuotteet\\\/kosmetiikkateollisuuden-tuotteet\\\/eteeriset-oljyt\\\/oil-blue-tansy\\\/\",\"url\":\"https:\\\/\\\/naturalpoland.com\\\/fi\\\/tuotteet\\\/kosmetiikkateollisuuden-tuotteet\\\/eteeriset-oljyt\\\/oil-blue-tansy\\\/\",\"name\":\"Blue Tansy \u00f6ljy - NATURAL POLAND - RAAKA-AINEIDEN TUKKUJAKELIJA\",\"isPartOf\":{\"@id\":\"https:\\\/\\\/naturalpoland.com\\\/fi\\\/#website\"},\"primaryImageOfPage\":{\"@id\":\"https:\\\/\\\/naturalpoland.com\\\/fi\\\/tuotteet\\\/kosmetiikkateollisuuden-tuotteet\\\/eteeriset-oljyt\\\/oil-blue-tansy\\\/#primaryimage\"},\"image\":{\"@id\":\"https:\\\/\\\/naturalpoland.com\\\/fi\\\/tuotteet\\\/kosmetiikkateollisuuden-tuotteet\\\/eteeriset-oljyt\\\/oil-blue-tansy\\\/#primaryimage\"},\"thumbnailUrl\":\"https:\\\/\\\/naturalpoland.com\\\/wp-content\\\/uploads\\\/olejek-blue-tansy.webp\",\"datePublished\":\"2024-10-09T11:13:15+00:00\",\"description\":\"Blue Tansy -\u00f6ljy on t\u00e4ydellinen valinta kauneuden ja hyvinvoinnin ammattilaisille, jotka etsiv\u00e4t ainutlaatuisia ainesosia, joiden teho on todistettu.\",\"breadcrumb\":{\"@id\":\"https:\\\/\\\/naturalpoland.com\\\/fi\\\/tuotteet\\\/kosmetiikkateollisuuden-tuotteet\\\/eteeriset-oljyt\\\/oil-blue-tansy\\\/#breadcrumb\"},\"inLanguage\":\"fi\",\"potentialAction\":[{\"@type\":\"ReadAction\",\"target\":[\"https:\\\/\\\/naturalpoland.com\\\/fi\\\/tuotteet\\\/kosmetiikkateollisuuden-tuotteet\\\/eteeriset-oljyt\\\/oil-blue-tansy\\\/\"]}]},{\"@type\":\"ImageObject\",\"inLanguage\":\"fi\",\"@id\":\"https:\\\/\\\/naturalpoland.com\\\/fi\\\/tuotteet\\\/kosmetiikkateollisuuden-tuotteet\\\/eteeriset-oljyt\\\/oil-blue-tansy\\\/#primaryimage\",\"url\":\"https:\\\/\\\/naturalpoland.com\\\/wp-content\\\/uploads\\\/olejek-blue-tansy.webp\",\"contentUrl\":\"https:\\\/\\\/naturalpoland.com\\\/wp-content\\\/uploads\\\/olejek-blue-tansy.webp\",\"width\":1024,\"height\":1024,\"caption\":\"Olejek Blue Tansy\"},{\"@type\":\"BreadcrumbList\",\"@id\":\"https:\\\/\\\/naturalpoland.com\\\/fi\\\/tuotteet\\\/kosmetiikkateollisuuden-tuotteet\\\/eteeriset-oljyt\\\/oil-blue-tansy\\\/#breadcrumb\",\"itemListElement\":[{\"@type\":\"ListItem\",\"position\":1,\"name\":\"Etusivu\",\"item\":\"https:\\\/\\\/naturalpoland.com\\\/fi\\\/\"},{\"@type\":\"ListItem\",\"position\":2,\"name\":\"Tuotteet\",\"item\":\"https:\\\/\\\/naturalpoland.com\\\/fi\\\/tuotteet\\\/\"},{\"@type\":\"ListItem\",\"position\":3,\"name\":\"Blue Tansy \u00f6ljy\"}]},{\"@type\":\"WebSite\",\"@id\":\"https:\\\/\\\/naturalpoland.com\\\/fi\\\/#website\",\"url\":\"https:\\\/\\\/naturalpoland.com\\\/fi\\\/\",\"name\":\"NATURAL POLAND - RAAKA-AINEIDEN TUKKUJAKELIJA\",\"description\":\"Surowce dla przemys\u0142u spo\u017cywczego, kosmetycznego i farmaceutycznego\",\"publisher\":{\"@id\":\"https:\\\/\\\/naturalpoland.com\\\/fi\\\/#organization\"},\"potentialAction\":[{\"@type\":\"SearchAction\",\"target\":{\"@type\":\"EntryPoint\",\"urlTemplate\":\"https:\\\/\\\/naturalpoland.com\\\/fi\\\/?s={search_term_string}\"},\"query-input\":{\"@type\":\"PropertyValueSpecification\",\"valueRequired\":true,\"valueName\":\"search_term_string\"}}],\"inLanguage\":\"fi\"},{\"@type\":\"Organization\",\"@id\":\"https:\\\/\\\/naturalpoland.com\\\/fi\\\/#organization\",\"name\":\"Natural Poland\",\"url\":\"https:\\\/\\\/naturalpoland.com\\\/fi\\\/\",\"logo\":{\"@type\":\"ImageObject\",\"inLanguage\":\"fi\",\"@id\":\"https:\\\/\\\/naturalpoland.com\\\/fi\\\/#\\\/schema\\\/logo\\\/image\\\/\",\"url\":\"https:\\\/\\\/naturalpoland.com\\\/wp-content\\\/uploads\\\/2021\\\/05\\\/natural-poland-icon.png\",\"contentUrl\":\"https:\\\/\\\/naturalpoland.com\\\/wp-content\\\/uploads\\\/2021\\\/05\\\/natural-poland-icon.png\",\"width\":512,\"height\":512,\"caption\":\"Natural Poland\"},\"image\":{\"@id\":\"https:\\\/\\\/naturalpoland.com\\\/fi\\\/#\\\/schema\\\/logo\\\/image\\\/\"},\"sameAs\":[\"https:\\\/\\\/www.facebook.com\\\/naturalpoland.b2b\",\"https:\\\/\\\/pl.linkedin.com\\\/company\\\/natural-poland\",\"https:\\\/\\\/www.youtube.com\\\/channel\\\/UCgeGGkvOMahZo-xu_MSEWxg\"]}]}<\/script>\n<!-- \/ Yoast SEO plugin. -->","yoast_head_json":{"title":"Blue Tansy \u00f6ljy - NATURAL POLAND - RAAKA-AINEIDEN TUKKUJAKELIJA","description":"Blue Tansy -\u00f6ljy on t\u00e4ydellinen valinta kauneuden ja hyvinvoinnin ammattilaisille, jotka etsiv\u00e4t ainutlaatuisia ainesosia, joiden teho on todistettu.","robots":{"index":"index","follow":"follow","max-snippet":"max-snippet:-1","max-image-preview":"max-image-preview:large","max-video-preview":"max-video-preview:-1"},"canonical":"https:\/\/naturalpoland.com\/fi\/tuotteet\/kosmetiikkateollisuuden-tuotteet\/eteeriset-oljyt\/oil-blue-tansy\/","og_locale":"fi_FI","og_type":"article","og_title":"Blue Tansy \u00f6ljy - NATURAL POLAND - RAAKA-AINEIDEN TUKKUJAKELIJA","og_description":"Blue Tansy -\u00f6ljy on t\u00e4ydellinen valinta kauneuden ja hyvinvoinnin ammattilaisille, jotka etsiv\u00e4t ainutlaatuisia ainesosia, joiden teho on todistettu.","og_url":"https:\/\/naturalpoland.com\/fi\/tuotteet\/kosmetiikkateollisuuden-tuotteet\/eteeriset-oljyt\/oil-blue-tansy\/","og_site_name":"NATURAL POLAND - RAAKA-AINEIDEN TUKKUJAKELIJA","article_publisher":"https:\/\/www.facebook.com\/naturalpoland.b2b","og_image":[{"width":1024,"height":1024,"url":"https:\/\/naturalpoland.com\/wp-content\/uploads\/olejek-blue-tansy.webp","type":"image\/webp"}],"schema":{"@context":"https:\/\/schema.org","@graph":[{"@type":"WebPage","@id":"https:\/\/naturalpoland.com\/fi\/tuotteet\/kosmetiikkateollisuuden-tuotteet\/eteeriset-oljyt\/oil-blue-tansy\/","url":"https:\/\/naturalpoland.com\/fi\/tuotteet\/kosmetiikkateollisuuden-tuotteet\/eteeriset-oljyt\/oil-blue-tansy\/","name":"Blue Tansy \u00f6ljy - NATURAL POLAND - RAAKA-AINEIDEN TUKKUJAKELIJA","isPartOf":{"@id":"https:\/\/naturalpoland.com\/fi\/#website"},"primaryImageOfPage":{"@id":"https:\/\/naturalpoland.com\/fi\/tuotteet\/kosmetiikkateollisuuden-tuotteet\/eteeriset-oljyt\/oil-blue-tansy\/#primaryimage"},"image":{"@id":"https:\/\/naturalpoland.com\/fi\/tuotteet\/kosmetiikkateollisuuden-tuotteet\/eteeriset-oljyt\/oil-blue-tansy\/#primaryimage"},"thumbnailUrl":"https:\/\/naturalpoland.com\/wp-content\/uploads\/olejek-blue-tansy.webp","datePublished":"2024-10-09T11:13:15+00:00","description":"Blue Tansy -\u00f6ljy on t\u00e4ydellinen valinta kauneuden ja hyvinvoinnin ammattilaisille, jotka etsiv\u00e4t ainutlaatuisia ainesosia, joiden teho on todistettu.","breadcrumb":{"@id":"https:\/\/naturalpoland.com\/fi\/tuotteet\/kosmetiikkateollisuuden-tuotteet\/eteeriset-oljyt\/oil-blue-tansy\/#breadcrumb"},"inLanguage":"fi","potentialAction":[{"@type":"ReadAction","target":["https:\/\/naturalpoland.com\/fi\/tuotteet\/kosmetiikkateollisuuden-tuotteet\/eteeriset-oljyt\/oil-blue-tansy\/"]}]},{"@type":"ImageObject","inLanguage":"fi","@id":"https:\/\/naturalpoland.com\/fi\/tuotteet\/kosmetiikkateollisuuden-tuotteet\/eteeriset-oljyt\/oil-blue-tansy\/#primaryimage","url":"https:\/\/naturalpoland.com\/wp-content\/uploads\/olejek-blue-tansy.webp","contentUrl":"https:\/\/naturalpoland.com\/wp-content\/uploads\/olejek-blue-tansy.webp","width":1024,"height":1024,"caption":"Olejek Blue Tansy"},{"@type":"BreadcrumbList","@id":"https:\/\/naturalpoland.com\/fi\/tuotteet\/kosmetiikkateollisuuden-tuotteet\/eteeriset-oljyt\/oil-blue-tansy\/#breadcrumb","itemListElement":[{"@type":"ListItem","position":1,"name":"Etusivu","item":"https:\/\/naturalpoland.com\/fi\/"},{"@type":"ListItem","position":2,"name":"Tuotteet","item":"https:\/\/naturalpoland.com\/fi\/tuotteet\/"},{"@type":"ListItem","position":3,"name":"Blue Tansy \u00f6ljy"}]},{"@type":"WebSite","@id":"https:\/\/naturalpoland.com\/fi\/#website","url":"https:\/\/naturalpoland.com\/fi\/","name":"NATURAL POLAND - RAAKA-AINEIDEN TUKKUJAKELIJA","description":"Surowce dla przemys\u0142u spo\u017cywczego, kosmetycznego i farmaceutycznego","publisher":{"@id":"https:\/\/naturalpoland.com\/fi\/#organization"},"potentialAction":[{"@type":"SearchAction","target":{"@type":"EntryPoint","urlTemplate":"https:\/\/naturalpoland.com\/fi\/?s={search_term_string}"},"query-input":{"@type":"PropertyValueSpecification","valueRequired":true,"valueName":"search_term_string"}}],"inLanguage":"fi"},{"@type":"Organization","@id":"https:\/\/naturalpoland.com\/fi\/#organization","name":"Natural Poland","url":"https:\/\/naturalpoland.com\/fi\/","logo":{"@type":"ImageObject","inLanguage":"fi","@id":"https:\/\/naturalpoland.com\/fi\/#\/schema\/logo\/image\/","url":"https:\/\/naturalpoland.com\/wp-content\/uploads\/2021\/05\/natural-poland-icon.png","contentUrl":"https:\/\/naturalpoland.com\/wp-content\/uploads\/2021\/05\/natural-poland-icon.png","width":512,"height":512,"caption":"Natural Poland"},"image":{"@id":"https:\/\/naturalpoland.com\/fi\/#\/schema\/logo\/image\/"},"sameAs":["https:\/\/www.facebook.com\/naturalpoland.b2b","https:\/\/pl.linkedin.com\/company\/natural-poland","https:\/\/www.youtube.com\/channel\/UCgeGGkvOMahZo-xu_MSEWxg"]}]}},"_links":{"self":[{"href":"https:\/\/naturalpoland.com\/fi\/wp-json\/wp\/v2\/product\/36299","targetHints":{"allow":["GET"]}}],"collection":[{"href":"https:\/\/naturalpoland.com\/fi\/wp-json\/wp\/v2\/product"}],"about":[{"href":"https:\/\/naturalpoland.com\/fi\/wp-json\/wp\/v2\/types\/product"}],"wp:featuredmedia":[{"embeddable":true,"href":"https:\/\/naturalpoland.com\/fi\/wp-json\/wp\/v2\/media\/36231"}],"wp:attachment":[{"href":"https:\/\/naturalpoland.com\/fi\/wp-json\/wp\/v2\/media?parent=36299"}],"wp:term":[{"taxonomy":"product_brand","embeddable":true,"href":"https:\/\/naturalpoland.com\/fi\/wp-json\/wp\/v2\/product_brand?post=36299"},{"taxonomy":"product_cat","embeddable":true,"href":"https:\/\/naturalpoland.com\/fi\/wp-json\/wp\/v2\/product_cat?post=36299"},{"taxonomy":"product_tag","embeddable":true,"href":"https:\/\/naturalpoland.com\/fi\/wp-json\/wp\/v2\/product_tag?post=36299"}],"curies":[{"name":"wp","href":"https:\/\/api.w.org\/{rel}","templated":true}]}}