{"id":36614,"date":"2024-09-20T15:29:05","date_gmt":"2024-10-16T12:32:37","guid":{"rendered":"https:\/\/naturalpoland.com\/produkty\/Ei-luokiteltu\/trehaloosi\/"},"modified":"2024-10-16T14:32:37","modified_gmt":"2024-10-16T12:32:37","slug":"trehaloosi","status":"publish","type":"product","link":"https:\/\/naturalpoland.com\/fi\/tuotteet\/kosmetiikkateollisuuden-tuotteet\/kosmetiikan-raaka-aineet\/trehaloosi\/","title":{"rendered":"Trehaloosi"},"content":{"rendered":"<h2>Trehaloosin ominaisuudet<\/h2>\n<p>Trehaloosi koostuu kahdesta glukoosimolekyylist\u00e4, ja sit\u00e4 esiintyy luonnostaan monissa organismeissa, kuten kasveissa, sieniss\u00e4 ja hy\u00f6nteisiss\u00e4. Sen kyky sitoa vett\u00e4 mahdollistaa sen, ett\u00e4 aavikkokasvit voivat selviyty\u00e4 \u00e4\u00e4riolosuhteissa. Kosmetiikassa trehaloosi toimii <strong>humektanttina<\/strong> eli kosteuttajana, joka sitoo vett\u00e4 epidermiksess\u00e4 ja est\u00e4\u00e4 sit\u00e4 haihtumasta. Trehaloosilla on my\u00f6s <strong>suojaava teht\u00e4v\u00e4<\/strong>. Se suojaa ihosoluja hapettumisstressilt\u00e4 ja vapaiden radikaalien aiheuttamilta vaurioilta, mik\u00e4 hidastaa ik\u00e4\u00e4ntymisprosessia. Tuote on my\u00f6s tehokas <strong>antioksidantti<\/strong> ja edist\u00e4\u00e4 ihon hydrolipidibarrierin uusiutumista. Trehaloosi suojaa ihoa haitallisilta ulkoisilta tekij\u00f6ilt\u00e4, kuten UV-s\u00e4teilylt\u00e4, savusumulta ja muilta ymp\u00e4rist\u00f6n ep\u00e4puhtauksilta.  <\/p>\n<h2>K\u00e4ytt\u00f6 kosmetiikassa<\/h2>\n<p>Trehaloosia k\u00e4ytet\u00e4\u00e4n <strong>kasvojen, vartalon ja hiusten kosmetiikassa<\/strong>. Sit\u00e4 suositellaan erityisesti niille, joilla on kuiva, herkk\u00e4 ja kuivunut iho tai joilla on ik\u00e4\u00e4ntymisen merkkej\u00e4. Sit\u00e4 voidaan k\u00e4ytt\u00e4\u00e4 kosteusvoiteiden, seerumien, naamioiden ja voiteiden ainesosana, erityisesti anti-ageing-kosmetiikassa. Rasvaiselle ja akneen taipuvaiselle iholle trehaloosi on my\u00f6s hy\u00f6dyllinen, sill\u00e4 se kosteuttaa ihoa tukkimatta huokosia ja auttaa s\u00e4\u00e4telem\u00e4\u00e4n talinerityst\u00e4. Trehaloosilla on my\u00f6s rauhoittava vaikutus, joka auttaa iho-ongelmissa, kuten ekseemassa, psoriasiksessa ja atooppisessa ihottumassa (AD). Se auttaa v\u00e4hent\u00e4m\u00e4\u00e4n punoitusta, \u00e4rsytyst\u00e4 sek\u00e4 ihon kiristymisen ja kutinan tunnetta.  <\/p>\n<h3>Trehaloosin innovatiiviset k\u00e4ytt\u00f6tavat<\/h3>\n<p>Perinteisen kosmetiikkak\u00e4yt\u00f6n lis\u00e4ksi trehaloosia k\u00e4ytet\u00e4\u00e4n my\u00f6s kehittyneemmiss\u00e4 tuotteissa, kuten <strong>silm\u00e4tipoissa<\/strong>, joissa se auttaa uudistamaan kyynelkalvoa, ja <strong>hiusten kosteusvoiteissa<\/strong>, jotka suojaavat <strong>hiuksia<\/strong> liialliselta kuivumiselta ja mekaanisilta vaurioilta. Hiuskosmetiikassa trehaloosi auttaa kosteuttamaan hiuksia, antaa niille kiiltoa ja suojaa niit\u00e4 haitallisilta ulkoisilta vaikutuksilta, kuten kuumuudelta muotoilun aikana. Kosmetiikassa ja ihotautien hoidossa trehaloosia k\u00e4ytet\u00e4\u00e4n usein ainesosana tukemaan <strong>ihon uudistumista <a href=\"\/kategoria\/produkty-dla-przemyslu-kosmetycznego\/kwasy\/\">happo-<\/a> tai <a href=\"https:\/\/naturalpoland.com\/produkty\/produkty-dla-przemyslu-kosmetycznego\/surowce-kosmetyczne\/retinol\/\">retinolihoitojen<\/a> j\u00e4lkeen<\/strong>, jotka voivat aiheuttaa kuorintaa ja kuivumista. Trehaloosilla on t\u00e4ll\u00f6in kosteuttava, rauhoittava vaikutus ja se auttaa rakentamaan ihon suojakerroksen uudelleen. <\/p>\n","protected":false},"excerpt":{"rendered":"<p>Trehaloosi on luonnollinen disakkaridi, joka on saavuttanut suosiota kosmetiikkateollisuudessa. Sill\u00e4 on kosteuttavia, suojaavia ja uudistavia ominaisuuksia. <\/p>\n","protected":false},"featured_media":35789,"template":"","meta":{"_acf_changed":false},"product_brand":[],"product_cat":[544],"product_tag":[],"class_list":{"0":"post-36614","1":"product","2":"type-product","3":"status-publish","4":"has-post-thumbnail","6":"product_cat-kosmetiikan-raaka-aineet","8":"first","9":"instock","10":"shipping-taxable","11":"product-type-simple"},"acf":[],"yoast_head":"<!-- This site is optimized with the Yoast SEO plugin v27.4 - https:\/\/yoast.com\/product\/yoast-seo-wordpress\/ -->\n<title>Trehaloosi - NATURAL POLAND - RAAKA-AINEIDEN TUKKUJAKELIJA<\/title>\n<meta name=\"description\" content=\"Trehaloosia suositellaan erityisesti kuivalle, kuivuneelle ja herk\u00e4lle iholle sek\u00e4 iholle, jolla on ik\u00e4\u00e4ntymisen merkkej\u00e4. Sit\u00e4 k\u00e4ytet\u00e4\u00e4n my\u00f6s silm\u00e4tipoissa.\" \/>\n<meta name=\"robots\" content=\"index, follow, max-snippet:-1, max-image-preview:large, max-video-preview:-1\" \/>\n<link rel=\"canonical\" href=\"https:\/\/naturalpoland.com\/fi\/tuotteet\/kosmetiikkateollisuuden-tuotteet\/kosmetiikan-raaka-aineet\/trehaloosi\/\" \/>\n<meta property=\"og:locale\" content=\"fi_FI\" \/>\n<meta property=\"og:type\" content=\"article\" \/>\n<meta property=\"og:title\" content=\"Trehaloosi - NATURAL POLAND - RAAKA-AINEIDEN TUKKUJAKELIJA\" \/>\n<meta property=\"og:description\" content=\"Trehaloosia suositellaan erityisesti kuivalle, kuivuneelle ja herk\u00e4lle iholle sek\u00e4 iholle, jolla on ik\u00e4\u00e4ntymisen merkkej\u00e4. Sit\u00e4 k\u00e4ytet\u00e4\u00e4n my\u00f6s silm\u00e4tipoissa.\" \/>\n<meta property=\"og:url\" content=\"https:\/\/naturalpoland.com\/fi\/tuotteet\/kosmetiikkateollisuuden-tuotteet\/kosmetiikan-raaka-aineet\/trehaloosi\/\" \/>\n<meta property=\"og:site_name\" content=\"NATURAL POLAND - RAAKA-AINEIDEN TUKKUJAKELIJA\" \/>\n<meta property=\"article:publisher\" content=\"https:\/\/www.facebook.com\/naturalpoland.b2b\" \/>\n<meta property=\"og:image\" content=\"https:\/\/naturalpoland.com\/wp-content\/uploads\/trehaloza.webp\" \/>\n\t<meta property=\"og:image:width\" content=\"619\" \/>\n\t<meta property=\"og:image:height\" content=\"619\" \/>\n\t<meta property=\"og:image:type\" content=\"image\/webp\" \/>\n<script type=\"application\/ld+json\" class=\"yoast-schema-graph\">{\"@context\":\"https:\\\/\\\/schema.org\",\"@graph\":[{\"@type\":\"WebPage\",\"@id\":\"https:\\\/\\\/naturalpoland.com\\\/fi\\\/tuotteet\\\/kosmetiikkateollisuuden-tuotteet\\\/kosmetiikan-raaka-aineet\\\/trehaloosi\\\/\",\"url\":\"https:\\\/\\\/naturalpoland.com\\\/fi\\\/tuotteet\\\/kosmetiikkateollisuuden-tuotteet\\\/kosmetiikan-raaka-aineet\\\/trehaloosi\\\/\",\"name\":\"Trehaloosi - NATURAL POLAND - RAAKA-AINEIDEN TUKKUJAKELIJA\",\"isPartOf\":{\"@id\":\"https:\\\/\\\/naturalpoland.com\\\/fi\\\/#website\"},\"primaryImageOfPage\":{\"@id\":\"https:\\\/\\\/naturalpoland.com\\\/fi\\\/tuotteet\\\/kosmetiikkateollisuuden-tuotteet\\\/kosmetiikan-raaka-aineet\\\/trehaloosi\\\/#primaryimage\"},\"image\":{\"@id\":\"https:\\\/\\\/naturalpoland.com\\\/fi\\\/tuotteet\\\/kosmetiikkateollisuuden-tuotteet\\\/kosmetiikan-raaka-aineet\\\/trehaloosi\\\/#primaryimage\"},\"thumbnailUrl\":\"https:\\\/\\\/naturalpoland.com\\\/wp-content\\\/uploads\\\/trehaloza.webp\",\"datePublished\":\"2024-10-16T12:32:37+00:00\",\"description\":\"Trehaloosia suositellaan erityisesti kuivalle, kuivuneelle ja herk\u00e4lle iholle sek\u00e4 iholle, jolla on ik\u00e4\u00e4ntymisen merkkej\u00e4. Sit\u00e4 k\u00e4ytet\u00e4\u00e4n my\u00f6s silm\u00e4tipoissa.\",\"breadcrumb\":{\"@id\":\"https:\\\/\\\/naturalpoland.com\\\/fi\\\/tuotteet\\\/kosmetiikkateollisuuden-tuotteet\\\/kosmetiikan-raaka-aineet\\\/trehaloosi\\\/#breadcrumb\"},\"inLanguage\":\"fi\",\"potentialAction\":[{\"@type\":\"ReadAction\",\"target\":[\"https:\\\/\\\/naturalpoland.com\\\/fi\\\/tuotteet\\\/kosmetiikkateollisuuden-tuotteet\\\/kosmetiikan-raaka-aineet\\\/trehaloosi\\\/\"]}]},{\"@type\":\"ImageObject\",\"inLanguage\":\"fi\",\"@id\":\"https:\\\/\\\/naturalpoland.com\\\/fi\\\/tuotteet\\\/kosmetiikkateollisuuden-tuotteet\\\/kosmetiikan-raaka-aineet\\\/trehaloosi\\\/#primaryimage\",\"url\":\"https:\\\/\\\/naturalpoland.com\\\/wp-content\\\/uploads\\\/trehaloza.webp\",\"contentUrl\":\"https:\\\/\\\/naturalpoland.com\\\/wp-content\\\/uploads\\\/trehaloza.webp\",\"width\":619,\"height\":619,\"caption\":\"Trehaloza\"},{\"@type\":\"BreadcrumbList\",\"@id\":\"https:\\\/\\\/naturalpoland.com\\\/fi\\\/tuotteet\\\/kosmetiikkateollisuuden-tuotteet\\\/kosmetiikan-raaka-aineet\\\/trehaloosi\\\/#breadcrumb\",\"itemListElement\":[{\"@type\":\"ListItem\",\"position\":1,\"name\":\"Etusivu\",\"item\":\"https:\\\/\\\/naturalpoland.com\\\/fi\\\/\"},{\"@type\":\"ListItem\",\"position\":2,\"name\":\"Tuotteet\",\"item\":\"https:\\\/\\\/naturalpoland.com\\\/fi\\\/tuotteet\\\/\"},{\"@type\":\"ListItem\",\"position\":3,\"name\":\"Trehaloosi\"}]},{\"@type\":\"WebSite\",\"@id\":\"https:\\\/\\\/naturalpoland.com\\\/fi\\\/#website\",\"url\":\"https:\\\/\\\/naturalpoland.com\\\/fi\\\/\",\"name\":\"NATURAL POLAND - RAAKA-AINEIDEN TUKKUJAKELIJA\",\"description\":\"Surowce dla przemys\u0142u spo\u017cywczego, kosmetycznego i farmaceutycznego\",\"publisher\":{\"@id\":\"https:\\\/\\\/naturalpoland.com\\\/fi\\\/#organization\"},\"potentialAction\":[{\"@type\":\"SearchAction\",\"target\":{\"@type\":\"EntryPoint\",\"urlTemplate\":\"https:\\\/\\\/naturalpoland.com\\\/fi\\\/?s={search_term_string}\"},\"query-input\":{\"@type\":\"PropertyValueSpecification\",\"valueRequired\":true,\"valueName\":\"search_term_string\"}}],\"inLanguage\":\"fi\"},{\"@type\":\"Organization\",\"@id\":\"https:\\\/\\\/naturalpoland.com\\\/fi\\\/#organization\",\"name\":\"Natural Poland\",\"url\":\"https:\\\/\\\/naturalpoland.com\\\/fi\\\/\",\"logo\":{\"@type\":\"ImageObject\",\"inLanguage\":\"fi\",\"@id\":\"https:\\\/\\\/naturalpoland.com\\\/fi\\\/#\\\/schema\\\/logo\\\/image\\\/\",\"url\":\"https:\\\/\\\/naturalpoland.com\\\/wp-content\\\/uploads\\\/2021\\\/05\\\/natural-poland-icon.png\",\"contentUrl\":\"https:\\\/\\\/naturalpoland.com\\\/wp-content\\\/uploads\\\/2021\\\/05\\\/natural-poland-icon.png\",\"width\":512,\"height\":512,\"caption\":\"Natural Poland\"},\"image\":{\"@id\":\"https:\\\/\\\/naturalpoland.com\\\/fi\\\/#\\\/schema\\\/logo\\\/image\\\/\"},\"sameAs\":[\"https:\\\/\\\/www.facebook.com\\\/naturalpoland.b2b\",\"https:\\\/\\\/pl.linkedin.com\\\/company\\\/natural-poland\",\"https:\\\/\\\/www.youtube.com\\\/channel\\\/UCgeGGkvOMahZo-xu_MSEWxg\"]}]}<\/script>\n<!-- \/ Yoast SEO plugin. -->","yoast_head_json":{"title":"Trehaloosi - NATURAL POLAND - RAAKA-AINEIDEN TUKKUJAKELIJA","description":"Trehaloosia suositellaan erityisesti kuivalle, kuivuneelle ja herk\u00e4lle iholle sek\u00e4 iholle, jolla on ik\u00e4\u00e4ntymisen merkkej\u00e4. Sit\u00e4 k\u00e4ytet\u00e4\u00e4n my\u00f6s silm\u00e4tipoissa.","robots":{"index":"index","follow":"follow","max-snippet":"max-snippet:-1","max-image-preview":"max-image-preview:large","max-video-preview":"max-video-preview:-1"},"canonical":"https:\/\/naturalpoland.com\/fi\/tuotteet\/kosmetiikkateollisuuden-tuotteet\/kosmetiikan-raaka-aineet\/trehaloosi\/","og_locale":"fi_FI","og_type":"article","og_title":"Trehaloosi - NATURAL POLAND - RAAKA-AINEIDEN TUKKUJAKELIJA","og_description":"Trehaloosia suositellaan erityisesti kuivalle, kuivuneelle ja herk\u00e4lle iholle sek\u00e4 iholle, jolla on ik\u00e4\u00e4ntymisen merkkej\u00e4. Sit\u00e4 k\u00e4ytet\u00e4\u00e4n my\u00f6s silm\u00e4tipoissa.","og_url":"https:\/\/naturalpoland.com\/fi\/tuotteet\/kosmetiikkateollisuuden-tuotteet\/kosmetiikan-raaka-aineet\/trehaloosi\/","og_site_name":"NATURAL POLAND - RAAKA-AINEIDEN TUKKUJAKELIJA","article_publisher":"https:\/\/www.facebook.com\/naturalpoland.b2b","og_image":[{"width":619,"height":619,"url":"https:\/\/naturalpoland.com\/wp-content\/uploads\/trehaloza.webp","type":"image\/webp"}],"schema":{"@context":"https:\/\/schema.org","@graph":[{"@type":"WebPage","@id":"https:\/\/naturalpoland.com\/fi\/tuotteet\/kosmetiikkateollisuuden-tuotteet\/kosmetiikan-raaka-aineet\/trehaloosi\/","url":"https:\/\/naturalpoland.com\/fi\/tuotteet\/kosmetiikkateollisuuden-tuotteet\/kosmetiikan-raaka-aineet\/trehaloosi\/","name":"Trehaloosi - NATURAL POLAND - RAAKA-AINEIDEN TUKKUJAKELIJA","isPartOf":{"@id":"https:\/\/naturalpoland.com\/fi\/#website"},"primaryImageOfPage":{"@id":"https:\/\/naturalpoland.com\/fi\/tuotteet\/kosmetiikkateollisuuden-tuotteet\/kosmetiikan-raaka-aineet\/trehaloosi\/#primaryimage"},"image":{"@id":"https:\/\/naturalpoland.com\/fi\/tuotteet\/kosmetiikkateollisuuden-tuotteet\/kosmetiikan-raaka-aineet\/trehaloosi\/#primaryimage"},"thumbnailUrl":"https:\/\/naturalpoland.com\/wp-content\/uploads\/trehaloza.webp","datePublished":"2024-10-16T12:32:37+00:00","description":"Trehaloosia suositellaan erityisesti kuivalle, kuivuneelle ja herk\u00e4lle iholle sek\u00e4 iholle, jolla on ik\u00e4\u00e4ntymisen merkkej\u00e4. Sit\u00e4 k\u00e4ytet\u00e4\u00e4n my\u00f6s silm\u00e4tipoissa.","breadcrumb":{"@id":"https:\/\/naturalpoland.com\/fi\/tuotteet\/kosmetiikkateollisuuden-tuotteet\/kosmetiikan-raaka-aineet\/trehaloosi\/#breadcrumb"},"inLanguage":"fi","potentialAction":[{"@type":"ReadAction","target":["https:\/\/naturalpoland.com\/fi\/tuotteet\/kosmetiikkateollisuuden-tuotteet\/kosmetiikan-raaka-aineet\/trehaloosi\/"]}]},{"@type":"ImageObject","inLanguage":"fi","@id":"https:\/\/naturalpoland.com\/fi\/tuotteet\/kosmetiikkateollisuuden-tuotteet\/kosmetiikan-raaka-aineet\/trehaloosi\/#primaryimage","url":"https:\/\/naturalpoland.com\/wp-content\/uploads\/trehaloza.webp","contentUrl":"https:\/\/naturalpoland.com\/wp-content\/uploads\/trehaloza.webp","width":619,"height":619,"caption":"Trehaloza"},{"@type":"BreadcrumbList","@id":"https:\/\/naturalpoland.com\/fi\/tuotteet\/kosmetiikkateollisuuden-tuotteet\/kosmetiikan-raaka-aineet\/trehaloosi\/#breadcrumb","itemListElement":[{"@type":"ListItem","position":1,"name":"Etusivu","item":"https:\/\/naturalpoland.com\/fi\/"},{"@type":"ListItem","position":2,"name":"Tuotteet","item":"https:\/\/naturalpoland.com\/fi\/tuotteet\/"},{"@type":"ListItem","position":3,"name":"Trehaloosi"}]},{"@type":"WebSite","@id":"https:\/\/naturalpoland.com\/fi\/#website","url":"https:\/\/naturalpoland.com\/fi\/","name":"NATURAL POLAND - RAAKA-AINEIDEN TUKKUJAKELIJA","description":"Surowce dla przemys\u0142u spo\u017cywczego, kosmetycznego i farmaceutycznego","publisher":{"@id":"https:\/\/naturalpoland.com\/fi\/#organization"},"potentialAction":[{"@type":"SearchAction","target":{"@type":"EntryPoint","urlTemplate":"https:\/\/naturalpoland.com\/fi\/?s={search_term_string}"},"query-input":{"@type":"PropertyValueSpecification","valueRequired":true,"valueName":"search_term_string"}}],"inLanguage":"fi"},{"@type":"Organization","@id":"https:\/\/naturalpoland.com\/fi\/#organization","name":"Natural Poland","url":"https:\/\/naturalpoland.com\/fi\/","logo":{"@type":"ImageObject","inLanguage":"fi","@id":"https:\/\/naturalpoland.com\/fi\/#\/schema\/logo\/image\/","url":"https:\/\/naturalpoland.com\/wp-content\/uploads\/2021\/05\/natural-poland-icon.png","contentUrl":"https:\/\/naturalpoland.com\/wp-content\/uploads\/2021\/05\/natural-poland-icon.png","width":512,"height":512,"caption":"Natural Poland"},"image":{"@id":"https:\/\/naturalpoland.com\/fi\/#\/schema\/logo\/image\/"},"sameAs":["https:\/\/www.facebook.com\/naturalpoland.b2b","https:\/\/pl.linkedin.com\/company\/natural-poland","https:\/\/www.youtube.com\/channel\/UCgeGGkvOMahZo-xu_MSEWxg"]}]}},"_links":{"self":[{"href":"https:\/\/naturalpoland.com\/fi\/wp-json\/wp\/v2\/product\/36614","targetHints":{"allow":["GET"]}}],"collection":[{"href":"https:\/\/naturalpoland.com\/fi\/wp-json\/wp\/v2\/product"}],"about":[{"href":"https:\/\/naturalpoland.com\/fi\/wp-json\/wp\/v2\/types\/product"}],"wp:featuredmedia":[{"embeddable":true,"href":"https:\/\/naturalpoland.com\/fi\/wp-json\/wp\/v2\/media\/35789"}],"wp:attachment":[{"href":"https:\/\/naturalpoland.com\/fi\/wp-json\/wp\/v2\/media?parent=36614"}],"wp:term":[{"taxonomy":"product_brand","embeddable":true,"href":"https:\/\/naturalpoland.com\/fi\/wp-json\/wp\/v2\/product_brand?post=36614"},{"taxonomy":"product_cat","embeddable":true,"href":"https:\/\/naturalpoland.com\/fi\/wp-json\/wp\/v2\/product_cat?post=36614"},{"taxonomy":"product_tag","embeddable":true,"href":"https:\/\/naturalpoland.com\/fi\/wp-json\/wp\/v2\/product_tag?post=36614"}],"curies":[{"name":"wp","href":"https:\/\/api.w.org\/{rel}","templated":true}]}}