{"id":36702,"date":"2024-10-14T15:04:57","date_gmt":"2024-10-14T13:04:57","guid":{"rendered":"https:\/\/naturalpoland.com\/produkty\/Ei-luokiteltu\/oljy-eukalyptus\/"},"modified":"2024-10-16T14:47:21","modified_gmt":"2024-10-16T12:47:21","slug":"oljy-eukalyptus","status":"publish","type":"product","link":"https:\/\/naturalpoland.com\/fi\/tuotteet\/kosmetiikkateollisuuden-tuotteet\/eteeriset-oljyt\/oljy-eukalyptus\/","title":{"rendered":"Eukalyptus\u00f6ljy"},"content":{"rendered":"<h2>Ominaisuudet<\/h2>\n<p>Eukalyptus\u00f6ljy sis\u00e4lt\u00e4\u00e4 p\u00e4\u00e4asiassa 1,8-sykneolia (eukalyptolia), joka on vastuussa sen voimakkaista terveysvaikutuksista, kuten <strong>antiseptisist\u00e4<\/strong>, <strong>tulehdusta ehk\u00e4isevist\u00e4<\/strong>, <strong>antiviraalisista<\/strong> ja <strong>antibakteerisista<\/strong> ominaisuuksista. Sit\u00e4 k\u00e4ytet\u00e4\u00e4n usein hengitysteiden hoitoon. Sen s\u00e4\u00e4nn\u00f6llinen k\u00e4ytt\u00f6 voi auttaa lievitt\u00e4m\u00e4\u00e4n vilustumisen, flunssan, tukkoisten poskionteloiden ja ysk\u00e4n oireita. Sill\u00e4 on my\u00f6s <strong>kipua lievitt\u00e4v\u00e4<\/strong> ja <strong>l\u00e4mmitt\u00e4v\u00e4<\/strong> <strong>vaikutus<\/strong>, mink\u00e4 vuoksi sit\u00e4 k\u00e4ytet\u00e4\u00e4n lihas- ja reumakipuihin.    <\/p>\n<h2>Hakemus<\/h2>\n<p>Eukalyptuksen eteerinen \u00f6ljy toimii hyvin <strong>aromaterapiassa<\/strong>, kun sit\u00e4 k\u00e4ytet\u00e4\u00e4n diffuusoreissa ja inhalaattoreissa, joissa sen raikas tuoksu puhdistaa ilmaa ja edist\u00e4\u00e4 parempaa hengityst\u00e4. Sis\u00e4\u00e4nhengitettyn\u00e4 sill\u00e4 on ysk\u00e4nl\u00e4\u00e4kkeellinen vaikutus, joka helpottaa tukkeutuneita hengitysteit\u00e4. \u00d6ljy\u00e4 voidaan k\u00e4ytt\u00e4\u00e4 laimennettuna iholle <strong>voiteiden ja hieronta\u00f6ljyjen lis\u00e4aineena<\/strong>. Se auttaa lievitt\u00e4m\u00e4\u00e4n \u00e4rsytyst\u00e4, nopeuttaa pienten haavojen paranemista ja v\u00e4hent\u00e4\u00e4 kutinaa hy\u00f6nteisten puremien j\u00e4lkeen. Ulkoisesti k\u00e4ytettyn\u00e4 \u00f6ljy parantaa mikroverenkiertoa ja sill\u00e4 on ihoa puhdistava vaikutus. Laimennettuna kantaja\u00f6ljyyn eukalyptus\u00f6ljy sopii hyvin <strong>hierontaan<\/strong> lihas- ja nivelkipuihin. Sit\u00e4 voi my\u00f6s lis\u00e4t\u00e4 kylpyyn luomaan rentouttavan ilmapiirin, joka edist\u00e4\u00e4 palautumista pitk\u00e4n p\u00e4iv\u00e4n j\u00e4lkeen. Voimakkaiden desinfioivien ominaisuuksiensa ansiosta \u00f6ljy sopii erinomaisesti <strong>kotitalouspuhdistusaineisiin<\/strong> ja antibakteerisiin valmisteisiin, sill\u00e4 se tukee niiden puhdistusvaikutusta. Eukalyptus\u00f6ljy on eritt\u00e4in v\u00e4kev\u00e4 tuote, joten sit\u00e4 on k\u00e4ytett\u00e4v\u00e4 varoen. <\/p>\n","protected":false},"excerpt":{"rendered":"<p><em>Eukalyptuksen (Eucalyptus globulus<\/em>) eteerinen \u00f6ljy on aromaterapiassa ja terveydenhoidossa k\u00e4ytett\u00e4v\u00e4 tuote. Sille on ominaista voimakas, kamferin kaltainen tuoksu, jossa on selv\u00e4, raikas vivahde, joka tuo v\u00e4litt\u00f6m\u00e4sti virkist\u00e4v\u00e4n ja puhdistavan tunteen. Sit\u00e4 saadaan h\u00f6yrytislaamalla eukalyptuspuun lehdist\u00e4.  <\/p>\n","protected":false},"featured_media":36534,"template":"","meta":{"_acf_changed":false},"product_brand":[],"product_cat":[6264],"product_tag":[],"class_list":{"0":"post-36702","1":"product","2":"type-product","3":"status-publish","4":"has-post-thumbnail","6":"product_cat-eteeriset-oljyt","7":"pa_czesc-rosliny-haara","8":"pa_czesc-rosliny-lehdet","10":"first","11":"instock","12":"shipping-taxable","13":"product-type-simple"},"acf":[],"yoast_head":"<!-- This site is optimized with the Yoast SEO plugin v27.4 - https:\/\/yoast.com\/product\/yoast-seo-wordpress\/ -->\n<title>Eukalyptus\u00f6ljy - NATURAL POLAND - RAAKA-AINEIDEN TUKKUJAKELIJA<\/title>\n<meta name=\"description\" content=\"Eukalyptus\u00f6ljyll\u00e4 on terapeuttinen, antibakteerinen vaikutus ja raikas, puhdistava tuoksu. Se sis\u00e4lt\u00e4\u00e4 p\u00e4\u00e4asiassa 1,8-sykneolia (eukalyptolia).\" \/>\n<meta name=\"robots\" content=\"index, follow, max-snippet:-1, max-image-preview:large, max-video-preview:-1\" \/>\n<link rel=\"canonical\" href=\"https:\/\/naturalpoland.com\/fi\/tuotteet\/kosmetiikkateollisuuden-tuotteet\/eteeriset-oljyt\/oljy-eukalyptus\/\" \/>\n<meta property=\"og:locale\" content=\"fi_FI\" \/>\n<meta property=\"og:type\" content=\"article\" \/>\n<meta property=\"og:title\" content=\"Eukalyptus\u00f6ljy - NATURAL POLAND - RAAKA-AINEIDEN TUKKUJAKELIJA\" \/>\n<meta property=\"og:description\" content=\"Eukalyptus\u00f6ljyll\u00e4 on terapeuttinen, antibakteerinen vaikutus ja raikas, puhdistava tuoksu. Se sis\u00e4lt\u00e4\u00e4 p\u00e4\u00e4asiassa 1,8-sykneolia (eukalyptolia).\" \/>\n<meta property=\"og:url\" content=\"https:\/\/naturalpoland.com\/fi\/tuotteet\/kosmetiikkateollisuuden-tuotteet\/eteeriset-oljyt\/oljy-eukalyptus\/\" \/>\n<meta property=\"og:site_name\" content=\"NATURAL POLAND - RAAKA-AINEIDEN TUKKUJAKELIJA\" \/>\n<meta property=\"article:publisher\" content=\"https:\/\/www.facebook.com\/naturalpoland.b2b\" \/>\n<meta property=\"article:modified_time\" content=\"2024-10-16T12:47:21+00:00\" \/>\n<meta property=\"og:image\" content=\"https:\/\/naturalpoland.com\/wp-content\/uploads\/olejek-eukaliptusowy.webp\" \/>\n\t<meta property=\"og:image:width\" content=\"610\" \/>\n\t<meta property=\"og:image:height\" content=\"610\" \/>\n\t<meta property=\"og:image:type\" content=\"image\/webp\" \/>\n<script type=\"application\/ld+json\" class=\"yoast-schema-graph\">{\"@context\":\"https:\\\/\\\/schema.org\",\"@graph\":[{\"@type\":\"WebPage\",\"@id\":\"https:\\\/\\\/naturalpoland.com\\\/fi\\\/tuotteet\\\/kosmetiikkateollisuuden-tuotteet\\\/eteeriset-oljyt\\\/oljy-eukalyptus\\\/\",\"url\":\"https:\\\/\\\/naturalpoland.com\\\/fi\\\/tuotteet\\\/kosmetiikkateollisuuden-tuotteet\\\/eteeriset-oljyt\\\/oljy-eukalyptus\\\/\",\"name\":\"Eukalyptus\u00f6ljy - NATURAL POLAND - RAAKA-AINEIDEN TUKKUJAKELIJA\",\"isPartOf\":{\"@id\":\"https:\\\/\\\/naturalpoland.com\\\/fi\\\/#website\"},\"primaryImageOfPage\":{\"@id\":\"https:\\\/\\\/naturalpoland.com\\\/fi\\\/tuotteet\\\/kosmetiikkateollisuuden-tuotteet\\\/eteeriset-oljyt\\\/oljy-eukalyptus\\\/#primaryimage\"},\"image\":{\"@id\":\"https:\\\/\\\/naturalpoland.com\\\/fi\\\/tuotteet\\\/kosmetiikkateollisuuden-tuotteet\\\/eteeriset-oljyt\\\/oljy-eukalyptus\\\/#primaryimage\"},\"thumbnailUrl\":\"https:\\\/\\\/naturalpoland.com\\\/wp-content\\\/uploads\\\/olejek-eukaliptusowy.webp\",\"datePublished\":\"2024-10-14T13:04:57+00:00\",\"dateModified\":\"2024-10-16T12:47:21+00:00\",\"description\":\"Eukalyptus\u00f6ljyll\u00e4 on terapeuttinen, antibakteerinen vaikutus ja raikas, puhdistava tuoksu. Se sis\u00e4lt\u00e4\u00e4 p\u00e4\u00e4asiassa 1,8-sykneolia (eukalyptolia).\",\"breadcrumb\":{\"@id\":\"https:\\\/\\\/naturalpoland.com\\\/fi\\\/tuotteet\\\/kosmetiikkateollisuuden-tuotteet\\\/eteeriset-oljyt\\\/oljy-eukalyptus\\\/#breadcrumb\"},\"inLanguage\":\"fi\",\"potentialAction\":[{\"@type\":\"ReadAction\",\"target\":[\"https:\\\/\\\/naturalpoland.com\\\/fi\\\/tuotteet\\\/kosmetiikkateollisuuden-tuotteet\\\/eteeriset-oljyt\\\/oljy-eukalyptus\\\/\"]}]},{\"@type\":\"ImageObject\",\"inLanguage\":\"fi\",\"@id\":\"https:\\\/\\\/naturalpoland.com\\\/fi\\\/tuotteet\\\/kosmetiikkateollisuuden-tuotteet\\\/eteeriset-oljyt\\\/oljy-eukalyptus\\\/#primaryimage\",\"url\":\"https:\\\/\\\/naturalpoland.com\\\/wp-content\\\/uploads\\\/olejek-eukaliptusowy.webp\",\"contentUrl\":\"https:\\\/\\\/naturalpoland.com\\\/wp-content\\\/uploads\\\/olejek-eukaliptusowy.webp\",\"width\":610,\"height\":610,\"caption\":\"Olejek eteryczny z eukaliptusa (Eucalyptus globulus)\"},{\"@type\":\"BreadcrumbList\",\"@id\":\"https:\\\/\\\/naturalpoland.com\\\/fi\\\/tuotteet\\\/kosmetiikkateollisuuden-tuotteet\\\/eteeriset-oljyt\\\/oljy-eukalyptus\\\/#breadcrumb\",\"itemListElement\":[{\"@type\":\"ListItem\",\"position\":1,\"name\":\"Etusivu\",\"item\":\"https:\\\/\\\/naturalpoland.com\\\/fi\\\/\"},{\"@type\":\"ListItem\",\"position\":2,\"name\":\"Tuotteet\",\"item\":\"https:\\\/\\\/naturalpoland.com\\\/fi\\\/tuotteet\\\/\"},{\"@type\":\"ListItem\",\"position\":3,\"name\":\"Eukalyptus\u00f6ljy\"}]},{\"@type\":\"WebSite\",\"@id\":\"https:\\\/\\\/naturalpoland.com\\\/fi\\\/#website\",\"url\":\"https:\\\/\\\/naturalpoland.com\\\/fi\\\/\",\"name\":\"NATURAL POLAND - RAAKA-AINEIDEN TUKKUJAKELIJA\",\"description\":\"Surowce dla przemys\u0142u spo\u017cywczego, kosmetycznego i farmaceutycznego\",\"publisher\":{\"@id\":\"https:\\\/\\\/naturalpoland.com\\\/fi\\\/#organization\"},\"potentialAction\":[{\"@type\":\"SearchAction\",\"target\":{\"@type\":\"EntryPoint\",\"urlTemplate\":\"https:\\\/\\\/naturalpoland.com\\\/fi\\\/?s={search_term_string}\"},\"query-input\":{\"@type\":\"PropertyValueSpecification\",\"valueRequired\":true,\"valueName\":\"search_term_string\"}}],\"inLanguage\":\"fi\"},{\"@type\":\"Organization\",\"@id\":\"https:\\\/\\\/naturalpoland.com\\\/fi\\\/#organization\",\"name\":\"Natural Poland\",\"url\":\"https:\\\/\\\/naturalpoland.com\\\/fi\\\/\",\"logo\":{\"@type\":\"ImageObject\",\"inLanguage\":\"fi\",\"@id\":\"https:\\\/\\\/naturalpoland.com\\\/fi\\\/#\\\/schema\\\/logo\\\/image\\\/\",\"url\":\"https:\\\/\\\/naturalpoland.com\\\/wp-content\\\/uploads\\\/2021\\\/05\\\/natural-poland-icon.png\",\"contentUrl\":\"https:\\\/\\\/naturalpoland.com\\\/wp-content\\\/uploads\\\/2021\\\/05\\\/natural-poland-icon.png\",\"width\":512,\"height\":512,\"caption\":\"Natural Poland\"},\"image\":{\"@id\":\"https:\\\/\\\/naturalpoland.com\\\/fi\\\/#\\\/schema\\\/logo\\\/image\\\/\"},\"sameAs\":[\"https:\\\/\\\/www.facebook.com\\\/naturalpoland.b2b\",\"https:\\\/\\\/pl.linkedin.com\\\/company\\\/natural-poland\",\"https:\\\/\\\/www.youtube.com\\\/channel\\\/UCgeGGkvOMahZo-xu_MSEWxg\"]}]}<\/script>\n<!-- \/ Yoast SEO plugin. -->","yoast_head_json":{"title":"Eukalyptus\u00f6ljy - NATURAL POLAND - RAAKA-AINEIDEN TUKKUJAKELIJA","description":"Eukalyptus\u00f6ljyll\u00e4 on terapeuttinen, antibakteerinen vaikutus ja raikas, puhdistava tuoksu. Se sis\u00e4lt\u00e4\u00e4 p\u00e4\u00e4asiassa 1,8-sykneolia (eukalyptolia).","robots":{"index":"index","follow":"follow","max-snippet":"max-snippet:-1","max-image-preview":"max-image-preview:large","max-video-preview":"max-video-preview:-1"},"canonical":"https:\/\/naturalpoland.com\/fi\/tuotteet\/kosmetiikkateollisuuden-tuotteet\/eteeriset-oljyt\/oljy-eukalyptus\/","og_locale":"fi_FI","og_type":"article","og_title":"Eukalyptus\u00f6ljy - NATURAL POLAND - RAAKA-AINEIDEN TUKKUJAKELIJA","og_description":"Eukalyptus\u00f6ljyll\u00e4 on terapeuttinen, antibakteerinen vaikutus ja raikas, puhdistava tuoksu. Se sis\u00e4lt\u00e4\u00e4 p\u00e4\u00e4asiassa 1,8-sykneolia (eukalyptolia).","og_url":"https:\/\/naturalpoland.com\/fi\/tuotteet\/kosmetiikkateollisuuden-tuotteet\/eteeriset-oljyt\/oljy-eukalyptus\/","og_site_name":"NATURAL POLAND - RAAKA-AINEIDEN TUKKUJAKELIJA","article_publisher":"https:\/\/www.facebook.com\/naturalpoland.b2b","article_modified_time":"2024-10-16T12:47:21+00:00","og_image":[{"width":610,"height":610,"url":"https:\/\/naturalpoland.com\/wp-content\/uploads\/olejek-eukaliptusowy.webp","type":"image\/webp"}],"schema":{"@context":"https:\/\/schema.org","@graph":[{"@type":"WebPage","@id":"https:\/\/naturalpoland.com\/fi\/tuotteet\/kosmetiikkateollisuuden-tuotteet\/eteeriset-oljyt\/oljy-eukalyptus\/","url":"https:\/\/naturalpoland.com\/fi\/tuotteet\/kosmetiikkateollisuuden-tuotteet\/eteeriset-oljyt\/oljy-eukalyptus\/","name":"Eukalyptus\u00f6ljy - NATURAL POLAND - RAAKA-AINEIDEN TUKKUJAKELIJA","isPartOf":{"@id":"https:\/\/naturalpoland.com\/fi\/#website"},"primaryImageOfPage":{"@id":"https:\/\/naturalpoland.com\/fi\/tuotteet\/kosmetiikkateollisuuden-tuotteet\/eteeriset-oljyt\/oljy-eukalyptus\/#primaryimage"},"image":{"@id":"https:\/\/naturalpoland.com\/fi\/tuotteet\/kosmetiikkateollisuuden-tuotteet\/eteeriset-oljyt\/oljy-eukalyptus\/#primaryimage"},"thumbnailUrl":"https:\/\/naturalpoland.com\/wp-content\/uploads\/olejek-eukaliptusowy.webp","datePublished":"2024-10-14T13:04:57+00:00","dateModified":"2024-10-16T12:47:21+00:00","description":"Eukalyptus\u00f6ljyll\u00e4 on terapeuttinen, antibakteerinen vaikutus ja raikas, puhdistava tuoksu. Se sis\u00e4lt\u00e4\u00e4 p\u00e4\u00e4asiassa 1,8-sykneolia (eukalyptolia).","breadcrumb":{"@id":"https:\/\/naturalpoland.com\/fi\/tuotteet\/kosmetiikkateollisuuden-tuotteet\/eteeriset-oljyt\/oljy-eukalyptus\/#breadcrumb"},"inLanguage":"fi","potentialAction":[{"@type":"ReadAction","target":["https:\/\/naturalpoland.com\/fi\/tuotteet\/kosmetiikkateollisuuden-tuotteet\/eteeriset-oljyt\/oljy-eukalyptus\/"]}]},{"@type":"ImageObject","inLanguage":"fi","@id":"https:\/\/naturalpoland.com\/fi\/tuotteet\/kosmetiikkateollisuuden-tuotteet\/eteeriset-oljyt\/oljy-eukalyptus\/#primaryimage","url":"https:\/\/naturalpoland.com\/wp-content\/uploads\/olejek-eukaliptusowy.webp","contentUrl":"https:\/\/naturalpoland.com\/wp-content\/uploads\/olejek-eukaliptusowy.webp","width":610,"height":610,"caption":"Olejek eteryczny z eukaliptusa (Eucalyptus globulus)"},{"@type":"BreadcrumbList","@id":"https:\/\/naturalpoland.com\/fi\/tuotteet\/kosmetiikkateollisuuden-tuotteet\/eteeriset-oljyt\/oljy-eukalyptus\/#breadcrumb","itemListElement":[{"@type":"ListItem","position":1,"name":"Etusivu","item":"https:\/\/naturalpoland.com\/fi\/"},{"@type":"ListItem","position":2,"name":"Tuotteet","item":"https:\/\/naturalpoland.com\/fi\/tuotteet\/"},{"@type":"ListItem","position":3,"name":"Eukalyptus\u00f6ljy"}]},{"@type":"WebSite","@id":"https:\/\/naturalpoland.com\/fi\/#website","url":"https:\/\/naturalpoland.com\/fi\/","name":"NATURAL POLAND - RAAKA-AINEIDEN TUKKUJAKELIJA","description":"Surowce dla przemys\u0142u spo\u017cywczego, kosmetycznego i farmaceutycznego","publisher":{"@id":"https:\/\/naturalpoland.com\/fi\/#organization"},"potentialAction":[{"@type":"SearchAction","target":{"@type":"EntryPoint","urlTemplate":"https:\/\/naturalpoland.com\/fi\/?s={search_term_string}"},"query-input":{"@type":"PropertyValueSpecification","valueRequired":true,"valueName":"search_term_string"}}],"inLanguage":"fi"},{"@type":"Organization","@id":"https:\/\/naturalpoland.com\/fi\/#organization","name":"Natural Poland","url":"https:\/\/naturalpoland.com\/fi\/","logo":{"@type":"ImageObject","inLanguage":"fi","@id":"https:\/\/naturalpoland.com\/fi\/#\/schema\/logo\/image\/","url":"https:\/\/naturalpoland.com\/wp-content\/uploads\/2021\/05\/natural-poland-icon.png","contentUrl":"https:\/\/naturalpoland.com\/wp-content\/uploads\/2021\/05\/natural-poland-icon.png","width":512,"height":512,"caption":"Natural Poland"},"image":{"@id":"https:\/\/naturalpoland.com\/fi\/#\/schema\/logo\/image\/"},"sameAs":["https:\/\/www.facebook.com\/naturalpoland.b2b","https:\/\/pl.linkedin.com\/company\/natural-poland","https:\/\/www.youtube.com\/channel\/UCgeGGkvOMahZo-xu_MSEWxg"]}]}},"_links":{"self":[{"href":"https:\/\/naturalpoland.com\/fi\/wp-json\/wp\/v2\/product\/36702","targetHints":{"allow":["GET"]}}],"collection":[{"href":"https:\/\/naturalpoland.com\/fi\/wp-json\/wp\/v2\/product"}],"about":[{"href":"https:\/\/naturalpoland.com\/fi\/wp-json\/wp\/v2\/types\/product"}],"wp:featuredmedia":[{"embeddable":true,"href":"https:\/\/naturalpoland.com\/fi\/wp-json\/wp\/v2\/media\/36534"}],"wp:attachment":[{"href":"https:\/\/naturalpoland.com\/fi\/wp-json\/wp\/v2\/media?parent=36702"}],"wp:term":[{"taxonomy":"product_brand","embeddable":true,"href":"https:\/\/naturalpoland.com\/fi\/wp-json\/wp\/v2\/product_brand?post=36702"},{"taxonomy":"product_cat","embeddable":true,"href":"https:\/\/naturalpoland.com\/fi\/wp-json\/wp\/v2\/product_cat?post=36702"},{"taxonomy":"product_tag","embeddable":true,"href":"https:\/\/naturalpoland.com\/fi\/wp-json\/wp\/v2\/product_tag?post=36702"}],"curies":[{"name":"wp","href":"https:\/\/api.w.org\/{rel}","templated":true}]}}